{"id":369,"date":"2024-12-26T07:58:20","date_gmt":"2024-12-26T07:58:20","guid":{"rendered":"https:\/\/permessodiguida.com\/product\/soothing-sunscreen-gel\/"},"modified":"2025-03-19T21:01:03","modified_gmt":"2025-03-19T21:01:03","slug":"kop-riktigt-schweizer-korkort","status":"publish","type":"product","link":"https:\/\/permessodiguida.com\/sv\/produkt\/kop-riktigt-schweizer-korkort\/","title":{"rendered":"K\u00f6p riktigt Schweiz k\u00f6rkort"},"content":{"rendered":"<h2>Hur man k\u00f6per falskt schweiziskt k\u00f6rkort - registrerat schweiziskt k\u00f6rkort<\/h2>\n<p>Har du misslyckats med k\u00f6rkortstest i Schweiz vid flera tillf\u00e4llen p\u00e5 grund av stress, brist p\u00e5 koncentration eller helt enkelt f\u00f6r att systemet \u00e4r f\u00f6r kr\u00e4vande?<br \/>\nVi finns h\u00e4r till din tj\u00e4nst. Allt du beh\u00f6ver g\u00f6ra \u00e4r att kontakta oss via denna webbplats. Vi kan ge dig ett giltigt k\u00f6rkort kategori B eller n\u00e5gon annan kategori du beh\u00f6ver f\u00f6r ditt jobb. Testet av Schweiz k\u00f6rkortsteori b\u00f6r inte st\u00e5 mellan dig och ditt jobb eller dina dagliga transaktioner. Vi \u00e4r i f\u00f6rv\u00e4g anslutna med insiders i den schweiziska transportbyr\u00e5n. Du kan ocks\u00e5 kontakta oss s\u00e5 att vi kan ge dig guider om k\u00f6rregler i Schweiz. Om du ocks\u00e5 vill l\u00e4sa om f\u00f6rfaranden f\u00f6r att lagligt f\u00e5 k\u00f6rkort i Schweiz eller n\u00e5got annat land kan du klicka h\u00e4r.<\/p>\n<p>V\u00e5r byr\u00e5 \u00e4r ocks\u00e5 ansluten till m\u00e5nga k\u00f6rskolor i Schweiz vilket g\u00f6r k\u00f6rning i Schweiz mycket enkelt. Om du har tappat ditt k\u00f6rkort i Schweiz kommer det att vara bra att kontakta oss h\u00e4r f\u00f6r att f\u00e5 dig en ers\u00e4ttning inom 3 dagar. att k\u00f6ra utan licens i Schweiz kan leda till arrestering av polisen.\u00a0<a href=\"https:\/\/myglobaldocument.com\/product\/buy-drivers-license\/\">L\u00e4s mer p\u00e5 engelska<\/a><\/p>\n<p>&nbsp;<\/p>\n<h2>Ers\u00e4tt ett f\u00f6rlorat schweiziskt k\u00f6rkort<\/h2>\n<p>\u00c4r ditt schweiziska k\u00f6rkort tillf\u00e4lligt CEASED? Vid n\u00e5gon tidpunkt g\u00f6r du ett misstag och tappar ditt schweiziska k\u00f6rkort under en l\u00e5ng tid. Du f\u00f6rest\u00e4llde dig f\u00f6rmodligen Att du kan k\u00f6pa ett schweiziskt k\u00f6rkort online. Du hittade just en l\u00f6sning. H\u00e4r \u00e4r v\u00e5ra agenter tillg\u00e4ngliga f\u00f6r att hj\u00e4lpa dig n\u00e4r som helst p\u00e5 dygnet. Vi anv\u00e4nder v\u00e5ra resurser och regeringsf\u00f6rbindelser f\u00f6r att s\u00e4kerst\u00e4lla att v\u00e5ra kunder kan k\u00f6ra lagligt igen. Du kan k\u00f6pa ett nytt Schweiz-k\u00f6rkort utan stress att ta k\u00f6rskola i Schweiz. F\u00e5 k\u00f6rkort inom 3 dagar. Kontakta oss f\u00f6r mer information<\/p>\n<div class=\"elementor-element elementor-element-6b884c2 elementor-widget elementor-widget-heading\" data-id=\"6b884c2\" data-element_type=\"widget\" data-widget_type=\"heading.default\">\n<div class=\"elementor-widget-container\">\n<h2 class=\"elementor-heading-title elementor-size-large\">K\u00d6P SCHWEIZISKT K\u00d6RKORT ONLINE.<\/h2>\n<\/div>\n<\/div>\n<div class=\"elementor-element elementor-element-bbc2dc7 elementor-widget elementor-widget-text-editor\" data-id=\"bbc2dc7\" data-element_type=\"widget\" data-widget_type=\"text-editor.default\">\n<div class=\"elementor-widget-container\">\n<div><strong>Med bara ett klick p\u00e5 en knapp,<\/strong><b>\u00a0du kan k\u00f6pa Schweiz k\u00f6rkort.<\/b><\/div>\n<div><a class=\"ab-item\" style=\"font-size: 16px; background-color: #ffffff;\" role=\"menuitem\" href=\"https:\/\/permessodiguida.com\/sv\" aria-expanded=\"false\">tillst\u00e5nd f\u00f6r guidning <\/a><span style=\"font-size: 16px;\">Ett schweiziskt k\u00f6rkort kan vara sv\u00e5rt att f\u00e5. Innan du tar det teoretiska provet m\u00e5ste du genomf\u00f6ra tio timmars f\u00f6rsta hj\u00e4lpen-utbildning. Du m\u00e5ste slutf\u00f6ra 8 timmars trafikmedvetenhetstr\u00e4ning efter att ha f\u00e5tt ditt provisoriska k\u00f6rkort, och du m\u00e5ste ta n\u00e5gra fler efter att ha f\u00e5tt ditt schweiziska k\u00f6rkort.<\/span><\/div>\n<div>har du t\u00e4ckt.<\/div>\n<div>Under f\u00f6rfarandet finns det massor av pappersarbete, och nationella spr\u00e5k som italienska, tyska eller franska m\u00e5ste hanteras. Din ans\u00f6kan kommer att avsl\u00e5s om du misslyckas med n\u00e5gra tentor, vilket kan leda till att du v\u00e4ntar \u00e4nnu l\u00e4ngre p\u00e5 att f\u00e5 ditt \u00f6nskade dokument. Genom att v\u00e4lja ett falskt schweiziskt k\u00f6rkort kan du helt undvika s\u00e5dana problem. Vi ger dig ett stort urval av riktiga papper som ing\u00e5r i huvuddatabasen. Kolla nu in v\u00e5ra tj\u00e4nster och l\u00e5t oss veta vad du beh\u00f6ver!<\/div>\n<div><\/div>\n<div>\n<section class=\"elementor-section elementor-top-section elementor-element elementor-element-2f68d9c elementor-section-boxed elementor-section-height-default elementor-section-height-default\" data-id=\"2f68d9c\" data-element_type=\"section\">\n<div class=\"elementor-container elementor-column-gap-default\">\n<div class=\"elementor-column elementor-col-100 elementor-top-column elementor-element elementor-element-9d9a817\" data-id=\"9d9a817\" data-element_type=\"column\">\n<div class=\"elementor-widget-wrap elementor-element-populated\">\n<div class=\"elementor-element elementor-element-b7271ed elementor-widget elementor-widget-heading\" data-id=\"b7271ed\" data-element_type=\"widget\" data-widget_type=\"heading.default\">\n<div class=\"elementor-widget-container\">\n<h3 class=\"elementor-heading-title elementor-size-default\">VARF\u00d6R K\u00d6PA ETT SCHWEIZISKT K\u00d6RKORT FR\u00c5N OSS!<\/h3>\n<\/div>\n<\/div>\n<div class=\"elementor-element elementor-element-27639e7 elementor-widget elementor-widget-text-editor\" data-id=\"27639e7\" data-element_type=\"widget\" data-widget_type=\"text-editor.default\">\n<div class=\"elementor-widget-container\">\n<p>Oavsett var du befinner dig i v\u00e4rlden m\u00e5ste du ha ett giltigt k\u00f6rkort f\u00f6r att k\u00f6ra ett fordon. Tyv\u00e4rr \u00e4r ett av de st\u00f6rsta hindren du kommer att m\u00f6ta ans\u00f6kningsf\u00f6rfarandet. F\u00f6r dem som just har flyttat till Schweiz \u00e4r det betydligt v\u00e4rre. Tack och lov finns det p\u00e5litliga dokumentleverant\u00f6rer som kan hj\u00e4lpa dig att undvika den m\u00f6dosamma processen. H\u00e4r \u00e4r n\u00e5gra motiveringar f\u00f6r att v\u00e4lja det.<\/p>\n<p><b>Bekv\u00e4mlighet.<\/b>\u00a0Vad mer \u00e4r n\u00f6dv\u00e4ndigt n\u00e4r du kan ans\u00f6ka om k\u00f6rkort i Schweiz online medan du slappnar av hemma? F\u00f6r att ta ett teoretiskt eller praktiskt prov beh\u00f6ver vi inte din personliga n\u00e4rvaro. V\u00e4nligen inkludera bara ditt namn och all relevant information. F\u00f6r dig kommer v\u00e5r personal att pr\u00e4gla kortet!<\/p>\n<p><b>\u00c4kthet.<\/b>\u00a0Vi kommer inte att l\u00e5ta dig lida f\u00f6r att vara en f\u00f6rfalskare. Dokumentet du f\u00e5r fr\u00e5n oss \u00e4r lika \u00e4kta som originalet. Polismannen skulle aldrig misst\u00e4nka att du har en falsk licens.<\/p>\n<p><b>Prisv\u00e4rdhet.<\/b>\u00a0Om du l\u00e4gger till kostnaden f\u00f6r att f\u00e5 ett k\u00f6rkort med standardf\u00f6rfarandet, ser du hur billigt vi tar ut.<\/p>\n<p>T<b>imesaving.<\/b>\u00a0En centraliserad process kr\u00e4ver mycket tid och arbete, och det \u00e4r inte v\u00e4rt det. Med f\u00f6rs\u00e4kran om att vi kommer att erbjuda det finaste i r\u00e4tt tid, investera i oss och spara din v\u00e4rdefulla tid.<\/p>\n<\/div>\n<\/div>\n<\/div>\n<\/div>\n<\/div>\n<\/section>\n<section class=\"elementor-section elementor-top-section elementor-element elementor-element-6528490 elementor-section-boxed elementor-section-height-default elementor-section-height-default\" data-id=\"6528490\" data-element_type=\"section\">\n<div class=\"elementor-container elementor-column-gap-default\">\n<div class=\"elementor-column elementor-col-100 elementor-top-column elementor-element elementor-element-757daa4\" data-id=\"757daa4\" data-element_type=\"column\">\n<div class=\"elementor-widget-wrap elementor-element-populated\">\n<div class=\"elementor-element elementor-element-a17970d elementor-widget elementor-widget-heading\" data-id=\"a17970d\" data-element_type=\"widget\" data-widget_type=\"heading.default\">\n<div class=\"elementor-widget-container\">\n<h3 class=\"elementor-heading-title elementor-size-default\">HUR MAN F\u00c5R ETT SCHWEIZISKT K\u00d6RKORT UTAN EXAMEN<\/h3>\n<\/div>\n<\/div>\n<div class=\"elementor-element elementor-element-bb66fd8 elementor-widget elementor-widget-text-editor\" data-id=\"bb66fd8\" data-element_type=\"widget\" data-widget_type=\"text-editor.default\">\n<div class=\"elementor-widget-container\">\n<p>Tiden d\u00e5 det gick att komma undan med att k\u00f6ra utan k\u00f6rkort \u00e4r sedan l\u00e4nge f\u00f6rbi. Byr\u00e5n har f\u00f6rst\u00e4rkt reglerna ytterligare mot bakgrund av det \u00f6kade antalet trafikolyckor. Du har m\u00f6jlighet att f\u00e5 ett internationellt k\u00f6rkort i Schweiz med utan att beh\u00f6va g\u00e5 igenom n\u00e5gra kr\u00e5ngel. V\u00e5rt team best\u00e5r av personer med n\u00f6dv\u00e4ndiga f\u00e4rdigheter fr\u00e5n teknik-, design- och regeringsavdelningarna f\u00f6r att perfekt efterlikna ett originaldokument. Kontakta oss. Ber\u00e4tta vad du beh\u00f6ver genom att kontakta oss direkt! K\u00f6p andra\u00a0<a href=\"https:\/\/buyauthenticdocument.com\/buy-drivers-license\/\" target=\"_blank\" rel=\"noopener\">K\u00f6rkort f\u00f6r EU-land K\u00f6rkort<\/a><\/p>\n<\/div>\n<\/div>\n<\/div>\n<\/div>\n<\/div>\n<\/section>\n<\/div>\n<\/div>\n<\/div>","protected":false},"excerpt":{"rendered":"<p>Hur man k\u00f6per ett riktigt schweiziskt k\u00f6rkort - Registrerat schweiziskt k\u00f6rkort Har du misslyckats med k\u00f6rkortstestet i Schweiz vid flera tillf\u00e4llen p\u00e5 grund av stress, brist p\u00e5 koncentration eller helt enkelt f\u00f6r att systemet \u00e4r f\u00f6r kr\u00e4vande? Vi \u00e4r h\u00e4r f\u00f6r dig. Anv\u00e4nd bara det h\u00e4r formul\u00e4ret f\u00f6r att n\u00e5 oss.<\/p>","protected":false},"featured_media":1956,"comment_status":"open","ping_status":"closed","template":"","meta":{"site-sidebar-layout":"default","site-content-layout":"content-boxed-container","ast-site-content-layout":"normal-width-container","site-content-style":"boxed","site-sidebar-style":"unboxed","ast-global-header-display":"","ast-banner-title-visibility":"","ast-main-header-display":"","ast-hfb-above-header-display":"","ast-hfb-below-header-display":"","ast-hfb-mobile-header-display":"","site-post-title":"","ast-breadcrumbs-content":"","ast-featured-img":"","footer-sml-layout":"","ast-disable-related-posts":"","theme-transparent-header-meta":"default","adv-header-id-meta":"","stick-header-meta":"","header-above-stick-meta":"","header-main-stick-meta":"","header-below-stick-meta":"","astra-migrate-meta-layouts":"set","ast-page-background-enabled":"default","ast-page-background-meta":{"desktop":{"background-color":"var(--ast-global-color-4)","background-image":"","background-repeat":"repeat","background-position":"center center","background-size":"auto","background-attachment":"scroll","background-type":"","background-media":"","overlay-type":"","overlay-color":"","overlay-opacity":"","overlay-gradient":""},"tablet":{"background-color":"","background-image":"","background-repeat":"repeat","background-position":"center center","background-size":"auto","background-attachment":"scroll","background-type":"","background-media":"","overlay-type":"","overlay-color":"","overlay-opacity":"","overlay-gradient":""},"mobile":{"background-color":"","background-image":"","background-repeat":"repeat","background-position":"center center","background-size":"auto","background-attachment":"scroll","background-type":"","background-media":"","overlay-type":"","overlay-color":"","overlay-opacity":"","overlay-gradient":""}},"ast-content-background-meta":{"desktop":{"background-color":"var(--ast-global-color-5)","background-image":"","background-repeat":"repeat","background-position":"center center","background-size":"auto","background-attachment":"scroll","background-type":"","background-media":"","overlay-type":"","overlay-color":"","overlay-opacity":"","overlay-gradient":""},"tablet":{"background-color":"var(--ast-global-color-5)","background-image":"","background-repeat":"repeat","background-position":"center center","background-size":"auto","background-attachment":"scroll","background-type":"","background-media":"","overlay-type":"","overlay-color":"","overlay-opacity":"","overlay-gradient":""},"mobile":{"background-color":"var(--ast-global-color-5)","background-image":"","background-repeat":"repeat","background-position":"center center","background-size":"auto","background-attachment":"scroll","background-type":"","background-media":"","overlay-type":"","overlay-color":"","overlay-opacity":"","overlay-gradient":""}}},"product_brand":[],"product_cat":[32],"product_tag":[],"class_list":{"0":"post-369","1":"product","2":"type-product","3":"status-publish","4":"has-post-thumbnail","6":"product_cat-residence-permit","7":"desktop-align-left","8":"tablet-align-left","9":"mobile-align-left","11":"first","12":"instock","13":"shipping-taxable","14":"purchasable","15":"product-type-simple"},"yoast_head":"<!-- This site is optimized with the Yoast SEO Premium plugin v24.7 (Yoast SEO v27.1.1) - https:\/\/yoast.com\/product\/yoast-seo-premium-wordpress\/ -->\n<title>Buy Real Switzerland Drivers License<\/title>\n<meta name=\"description\" content=\"How to Buy a Real Swiss Driver&#039;s License - Registered Swiss Driver&#039;s License Have you failed the Drivers License Test in Switzerland on multiple occasions due to stress, lack of concentration, or simply because the system is too demanding? We are here for you. Simply use this form to reach us.\" \/>\n<meta name=\"robots\" content=\"index, follow, max-snippet:-1, max-image-preview:large, max-video-preview:-1\" \/>\n<link rel=\"canonical\" href=\"https:\/\/permessodiguida.com\/sv\/produkt\/kop-riktigt-schweizer-korkort\/\" \/>\n<meta property=\"og:locale\" content=\"sv_SE\" \/>\n<meta property=\"og:type\" content=\"article\" \/>\n<meta property=\"og:title\" content=\"Buy Real Switzerland Drivers License\" \/>\n<meta property=\"og:description\" content=\"How to Buy a Real Swiss Driver&#039;s License - Registered Swiss Driver&#039;s License Have you failed the Drivers License Test in Switzerland on multiple occasions due to stress, lack of concentration, or simply because the system is too demanding? We are here for you. Simply use this form to reach us.\" \/>\n<meta property=\"og:url\" content=\"https:\/\/permessodiguida.com\/sv\/produkt\/kop-riktigt-schweizer-korkort\/\" \/>\n<meta property=\"og:site_name\" content=\"Original Documents Provider\" \/>\n<meta property=\"article:modified_time\" content=\"2025-03-19T21:01:03+00:00\" \/>\n<meta property=\"og:image\" content=\"https:\/\/permessodiguida.com\/wp-content\/uploads\/2024\/12\/image_2024-12-26_094343574.png\" \/>\n\t<meta property=\"og:image:width\" content=\"1200\" \/>\n\t<meta property=\"og:image:height\" content=\"630\" \/>\n\t<meta property=\"og:image:type\" content=\"image\/png\" \/>\n<meta name=\"twitter:card\" content=\"summary_large_image\" \/>\n<meta name=\"twitter:label1\" content=\"Ber\u00e4knad l\u00e4stid\" \/>\n\t<meta name=\"twitter:data1\" content=\"4 minuter\" \/>\n<script type=\"application\/ld+json\" class=\"yoast-schema-graph\">{\"@context\":\"https:\/\/schema.org\",\"@graph\":[{\"@type\":\"WebPage\",\"@id\":\"https:\/\/permessodiguida.com\/product\/buy-real-switzerland-drivers-license\/\",\"url\":\"https:\/\/permessodiguida.com\/product\/buy-real-switzerland-drivers-license\/\",\"name\":\"Buy Real Switzerland Drivers License\",\"isPartOf\":{\"@id\":\"https:\/\/permessodiguida.com\/#website\"},\"primaryImageOfPage\":{\"@id\":\"https:\/\/permessodiguida.com\/product\/buy-real-switzerland-drivers-license\/#primaryimage\"},\"image\":{\"@id\":\"https:\/\/permessodiguida.com\/product\/buy-real-switzerland-drivers-license\/#primaryimage\"},\"thumbnailUrl\":\"https:\/\/permessodiguida.com\/wp-content\/uploads\/2024\/12\/image_2024-12-26_094343574.png\",\"datePublished\":\"2024-12-26T07:58:20+00:00\",\"dateModified\":\"2025-03-19T21:01:03+00:00\",\"description\":\"How to Buy a Real Swiss Driver's License - Registered Swiss Driver's License Have you failed the Drivers License Test in Switzerland on multiple occasions due to stress, lack of concentration, or simply because the system is too demanding? We are here for you. Simply use this form to reach us.\",\"breadcrumb\":{\"@id\":\"https:\/\/permessodiguida.com\/product\/buy-real-switzerland-drivers-license\/#breadcrumb\"},\"inLanguage\":\"sv-SE\",\"potentialAction\":[{\"@type\":\"ReadAction\",\"target\":[\"https:\/\/permessodiguida.com\/product\/buy-real-switzerland-drivers-license\/\"]}]},{\"@type\":\"ImageObject\",\"inLanguage\":\"sv-SE\",\"@id\":\"https:\/\/permessodiguida.com\/product\/buy-real-switzerland-drivers-license\/#primaryimage\",\"url\":\"https:\/\/permessodiguida.com\/wp-content\/uploads\/2024\/12\/image_2024-12-26_094343574.png\",\"contentUrl\":\"https:\/\/permessodiguida.com\/wp-content\/uploads\/2024\/12\/image_2024-12-26_094343574.png\",\"width\":1200,\"height\":630,\"caption\":\"Fake Driver License, driving license, Swiss drivers license, real drivers license, Switzerland Drivers License, Original Drivers permit,\"},{\"@type\":\"BreadcrumbList\",\"@id\":\"https:\/\/permessodiguida.com\/product\/buy-real-switzerland-drivers-license\/#breadcrumb\",\"itemListElement\":[{\"@type\":\"ListItem\",\"position\":1,\"name\":\"Home\",\"item\":\"https:\/\/permessodiguida.com\/\"},{\"@type\":\"ListItem\",\"position\":2,\"name\":\"All Services\",\"item\":\"https:\/\/permessodiguida.com\/shop\/\"},{\"@type\":\"ListItem\",\"position\":3,\"name\":\"Buy Real Switzerland Drivers License\"}]},{\"@type\":\"WebSite\",\"@id\":\"https:\/\/permessodiguida.com\/#website\",\"url\":\"https:\/\/permessodiguida.com\/\",\"name\":\"Permessodiguida\",\"description\":\"Get Original Driving License And Passport\",\"publisher\":{\"@id\":\"https:\/\/permessodiguida.com\/#organization\"},\"alternateName\":\"Original Documents Provider\",\"potentialAction\":[{\"@type\":\"SearchAction\",\"target\":{\"@type\":\"EntryPoint\",\"urlTemplate\":\"https:\/\/permessodiguida.com\/?s={search_term_string}\"},\"query-input\":{\"@type\":\"PropertyValueSpecification\",\"valueRequired\":true,\"valueName\":\"search_term_string\"}}],\"inLanguage\":\"sv-SE\"},{\"@type\":\"Organization\",\"@id\":\"https:\/\/permessodiguida.com\/#organization\",\"name\":\"Permesso Di Guida\",\"alternateName\":\"Original Driving License And Passport\",\"url\":\"https:\/\/permessodiguida.com\/\",\"logo\":{\"@type\":\"ImageObject\",\"inLanguage\":\"sv-SE\",\"@id\":\"https:\/\/permessodiguida.com\/#\/schema\/logo\/image\/\",\"url\":\"https:\/\/permessodiguida.com\/wp-content\/uploads\/2024\/08\/image_2024-08-09_144906822.png\",\"contentUrl\":\"https:\/\/permessodiguida.com\/wp-content\/uploads\/2024\/08\/image_2024-08-09_144906822.png\",\"width\":687,\"height\":549,\"caption\":\"Permesso Di Guida\"},\"image\":{\"@id\":\"https:\/\/permessodiguida.com\/#\/schema\/logo\/image\/\"}}]}<\/script>\n<!-- \/ Yoast SEO Premium plugin. -->","yoast_head_json":{"title":"K\u00f6p riktigt Schweiz k\u00f6rkort","description":"Hur man k\u00f6per ett riktigt schweiziskt k\u00f6rkort - Registrerat schweiziskt k\u00f6rkort Har du misslyckats med k\u00f6rkortstestet i Schweiz vid flera tillf\u00e4llen p\u00e5 grund av stress, brist p\u00e5 koncentration eller helt enkelt f\u00f6r att systemet \u00e4r f\u00f6r kr\u00e4vande? Vi \u00e4r h\u00e4r f\u00f6r dig. Anv\u00e4nd bara det h\u00e4r formul\u00e4ret f\u00f6r att n\u00e5 oss.","robots":{"index":"index","follow":"follow","max-snippet":"max-snippet:-1","max-image-preview":"max-image-preview:large","max-video-preview":"max-video-preview:-1"},"canonical":"https:\/\/permessodiguida.com\/sv\/produkt\/kop-riktigt-schweizer-korkort\/","og_locale":"sv_SE","og_type":"article","og_title":"Buy Real Switzerland Drivers License","og_description":"How to Buy a Real Swiss Driver's License - Registered Swiss Driver's License Have you failed the Drivers License Test in Switzerland on multiple occasions due to stress, lack of concentration, or simply because the system is too demanding? We are here for you. Simply use this form to reach us.","og_url":"https:\/\/permessodiguida.com\/sv\/produkt\/kop-riktigt-schweizer-korkort\/","og_site_name":"Original Documents Provider","article_modified_time":"2025-03-19T21:01:03+00:00","og_image":[{"width":1200,"height":630,"url":"https:\/\/permessodiguida.com\/wp-content\/uploads\/2024\/12\/image_2024-12-26_094343574.png","type":"image\/png"}],"twitter_card":"summary_large_image","twitter_misc":{"Ber\u00e4knad l\u00e4stid":"4 minuter"},"schema":{"@context":"https:\/\/schema.org","@graph":[{"@type":"WebPage","@id":"https:\/\/permessodiguida.com\/product\/buy-real-switzerland-drivers-license\/","url":"https:\/\/permessodiguida.com\/product\/buy-real-switzerland-drivers-license\/","name":"K\u00f6p riktigt Schweiz k\u00f6rkort","isPartOf":{"@id":"https:\/\/permessodiguida.com\/#website"},"primaryImageOfPage":{"@id":"https:\/\/permessodiguida.com\/product\/buy-real-switzerland-drivers-license\/#primaryimage"},"image":{"@id":"https:\/\/permessodiguida.com\/product\/buy-real-switzerland-drivers-license\/#primaryimage"},"thumbnailUrl":"https:\/\/permessodiguida.com\/wp-content\/uploads\/2024\/12\/image_2024-12-26_094343574.png","datePublished":"2024-12-26T07:58:20+00:00","dateModified":"2025-03-19T21:01:03+00:00","description":"Hur man k\u00f6per ett riktigt schweiziskt k\u00f6rkort - Registrerat schweiziskt k\u00f6rkort Har du misslyckats med k\u00f6rkortstestet i Schweiz vid flera tillf\u00e4llen p\u00e5 grund av stress, brist p\u00e5 koncentration eller helt enkelt f\u00f6r att systemet \u00e4r f\u00f6r kr\u00e4vande? Vi \u00e4r h\u00e4r f\u00f6r dig. Anv\u00e4nd bara det h\u00e4r formul\u00e4ret f\u00f6r att n\u00e5 oss.","breadcrumb":{"@id":"https:\/\/permessodiguida.com\/product\/buy-real-switzerland-drivers-license\/#breadcrumb"},"inLanguage":"sv-SE","potentialAction":[{"@type":"ReadAction","target":["https:\/\/permessodiguida.com\/product\/buy-real-switzerland-drivers-license\/"]}]},{"@type":"ImageObject","inLanguage":"sv-SE","@id":"https:\/\/permessodiguida.com\/product\/buy-real-switzerland-drivers-license\/#primaryimage","url":"https:\/\/permessodiguida.com\/wp-content\/uploads\/2024\/12\/image_2024-12-26_094343574.png","contentUrl":"https:\/\/permessodiguida.com\/wp-content\/uploads\/2024\/12\/image_2024-12-26_094343574.png","width":1200,"height":630,"caption":"Fake Driver License, driving license, Swiss drivers license, real drivers license, Switzerland Drivers License, Original Drivers permit,"},{"@type":"BreadcrumbList","@id":"https:\/\/permessodiguida.com\/product\/buy-real-switzerland-drivers-license\/#breadcrumb","itemListElement":[{"@type":"ListItem","position":1,"name":"Home","item":"https:\/\/permessodiguida.com\/"},{"@type":"ListItem","position":2,"name":"All Services","item":"https:\/\/permessodiguida.com\/shop\/"},{"@type":"ListItem","position":3,"name":"Buy Real Switzerland Drivers License"}]},{"@type":"WebSite","@id":"https:\/\/permessodiguida.com\/#website","url":"https:\/\/permessodiguida.com\/","name":"Permessodiguida","description":"Skaffa k\u00f6rkort och pass i original","publisher":{"@id":"https:\/\/permessodiguida.com\/#organization"},"alternateName":"Original Documents Provider","potentialAction":[{"@type":"SearchAction","target":{"@type":"EntryPoint","urlTemplate":"https:\/\/permessodiguida.com\/?s={search_term_string}"},"query-input":{"@type":"PropertyValueSpecification","valueRequired":true,"valueName":"search_term_string"}}],"inLanguage":"sv-SE"},{"@type":"Organization","@id":"https:\/\/permessodiguida.com\/#organization","name":"Tillst\u00e5nd f\u00f6r guidning","alternateName":"Original Driving License And Passport","url":"https:\/\/permessodiguida.com\/","logo":{"@type":"ImageObject","inLanguage":"sv-SE","@id":"https:\/\/permessodiguida.com\/#\/schema\/logo\/image\/","url":"https:\/\/permessodiguida.com\/wp-content\/uploads\/2024\/08\/image_2024-08-09_144906822.png","contentUrl":"https:\/\/permessodiguida.com\/wp-content\/uploads\/2024\/08\/image_2024-08-09_144906822.png","width":687,"height":549,"caption":"Permesso Di Guida"},"image":{"@id":"https:\/\/permessodiguida.com\/#\/schema\/logo\/image\/"}}]}},"_links":{"self":[{"href":"https:\/\/permessodiguida.com\/sv\/wp-json\/wp\/v2\/product\/369","targetHints":{"allow":["GET"]}}],"collection":[{"href":"https:\/\/permessodiguida.com\/sv\/wp-json\/wp\/v2\/product"}],"about":[{"href":"https:\/\/permessodiguida.com\/sv\/wp-json\/wp\/v2\/types\/product"}],"replies":[{"embeddable":true,"href":"https:\/\/permessodiguida.com\/sv\/wp-json\/wp\/v2\/comments?post=369"}],"wp:featuredmedia":[{"embeddable":true,"href":"https:\/\/permessodiguida.com\/sv\/wp-json\/wp\/v2\/media\/1956"}],"wp:attachment":[{"href":"https:\/\/permessodiguida.com\/sv\/wp-json\/wp\/v2\/media?parent=369"}],"wp:term":[{"taxonomy":"product_brand","embeddable":true,"href":"https:\/\/permessodiguida.com\/sv\/wp-json\/wp\/v2\/product_brand?post=369"},{"taxonomy":"product_cat","embeddable":true,"href":"https:\/\/permessodiguida.com\/sv\/wp-json\/wp\/v2\/product_cat?post=369"},{"taxonomy":"product_tag","embeddable":true,"href":"https:\/\/permessodiguida.com\/sv\/wp-json\/wp\/v2\/product_tag?post=369"}],"curies":[{"name":"wp","href":"https:\/\/api.w.org\/{rel}","templated":true}]}}