{"id":365,"date":"2024-12-26T07:58:20","date_gmt":"2024-12-26T07:58:20","guid":{"rendered":"https:\/\/permessodiguida.com\/product\/balancing-daily-cleanser\/"},"modified":"2025-11-17T21:49:06","modified_gmt":"2025-11-17T21:49:06","slug":"kopa-registrerat-svenskt-korkort","status":"publish","type":"product","link":"https:\/\/permessodiguida.com\/sv\/produkt\/kopa-registrerat-svenskt-korkort\/","title":{"rendered":"K\u00f6p registrerat svenskt k\u00f6rkort"},"content":{"rendered":"<h2>K\u00f6p riktigt svenskt k\u00f6rkort utan att ta ett k\u00f6rprov<\/h2>\n<p>K\u00f6p svenskt k\u00f6rkort, Vi tj\u00e4nar v\u00e5ra kunder med v\u00e4rdighet. P\u00e5 dessa webbplatser, b\u00e5de utl\u00e4nningar och medborgare f\u00f6r att k\u00f6pa en licens. Vi satte \u00f6ver 2400 hastighetskompatibelt f\u00f6rarkort och 3,000 andra typer av identitetshandlingar i omlopp under de senaste tv\u00e5 \u00e5ren.<\/p>\n<p>Du kontaktar oss f\u00f6r att f\u00e5 kvalitetsservice och f\u00e5 ditt svenska k\u00f6rkort inom 3 arbetsdagar. Vi erbjuder gratis och garanterad frakt.<\/p>\n<h2>K\u00f6p ett svenskt k\u00f6rkort utan de skriftliga proven<\/h2>\n<p>Have you failed Drivers License Test in Sweden on Several occasions due to stress, lack of concentration, or simply Because the system is too demanding to such a degree?<br \/>\nVi finns h\u00e4r till din tj\u00e4nst. Allt du beh\u00f6ver g\u00f6ra \u00e4r att kontakta oss via denna webbplats. Vi kan ge dig ett giltigt k\u00f6rkort kategori B eller n\u00e5gon annan kategori du beh\u00f6ver f\u00f6r ditt jobb. Testet av den nederl\u00e4ndska k\u00f6rkortsteorin b\u00f6r inte st\u00e5 mellan dig och ditt jobb eller dina dagliga transaktioner. Vi har i f\u00f6rv\u00e4g f\u00f6rbindelser med insiders i Nederl\u00e4ndernas transportbyr\u00e5. Du kan ocks\u00e5 kontakta oss s\u00e5 att vi kan ge dig guider om k\u00f6rregler i Nederl\u00e4nderna. Om du ocks\u00e5 vill l\u00e4sa om f\u00f6rfaranden f\u00f6r att lagligt f\u00e5 k\u00f6rkort i Nederl\u00e4nderna eller n\u00e5got annat land kan du klicka h\u00e4r. L\u00e4s mer om v\u00e5ra tj\u00e4nster<\/p>\n<p>V\u00e5r byr\u00e5 \u00e4r ocks\u00e5 ansluten till m\u00e5nga k\u00f6rskolor G\u00f6teborg, Stockholm och andra delar av Sverige vilket g\u00f6r k\u00f6rning i Sverige v\u00e4ldigt enkelt. Om du har tappat ditt k\u00f6rkort i Sverige kommer det att vara bra att\u00a0<a href=\"https:\/\/permessodiguida.com\/sv\/\">Kontakta oss<\/a>\u00a0h\u00e4r f\u00f6r att ge dig en ers\u00e4ttning inom 3 dagar. att k\u00f6ra utan k\u00f6rkort i Sverige kan leda till gripande av polisen<\/p>\n<p>&nbsp;<\/p>\n<h2>K\u00f6pa svenskt k\u00f6rkort utan praktiska prov<\/h2>\n<p>Kan du k\u00f6ra mycket bra p\u00e5 svenska v\u00e4gar, men inte g\u00f6ra bra ifr\u00e5n dig i det sv\u00e5ra k\u00f6rkortsprovet? Att ta k\u00f6rkortsprovet i n\u00e4rvaro av en \u00f6vervakare f\u00f6r k\u00f6rkortstest kan hindra dig fr\u00e5n att klara k\u00f6rkortets praktiska prov men hindrar dig inte fr\u00e5n att f\u00e5 ett k\u00f6rkort online.<br \/>\nDu beh\u00f6ver bara kontakta oss och ans\u00f6ka om ditt svenska k\u00f6rkort online s\u00e5 f\u00e5r vi dina uppgifter registrerade i k\u00f6rkortets transportkontor.<\/p>\n<h2>F\u00f6rnya ditt giltiga svenska k\u00f6rkort<\/h2>\n<p>M\u00e4nniskor som tycker att det \u00e4r sv\u00e5rt att f\u00f6rnya sitt svenska k\u00f6rkort kan ocks\u00e5 hitta hj\u00e4lp p\u00e5 den h\u00e4r webbplatsen d\u00e4r de kan k\u00f6pa ett falskt k\u00f6rkort och ett registrerat k\u00f6rkort online.<\/p>\n<p>F\u00f6rfarandena f\u00f6r att k\u00f6pa ett k\u00f6rkort online beh\u00f6ver inte f\u00f6raren ta ett k\u00f6rkortstest och beh\u00f6ver inte ta ett praktiskt k\u00f6rprov. Du har inte k\u00f6rkort. Allt du beh\u00f6ver g\u00f6ra \u00e4r att f\u00f6lja en enkel procedur s\u00e5 guidar vi dig igenom.\u00a0<a href=\"https:\/\/permessodiguida.com\/sv\/\">contact us here<\/a><\/p>\n<h2>Ers\u00e4tt ett f\u00f6rlorat svenskt k\u00f6rkort<\/h2>\n<p>\u00c4r ditt svenska k\u00f6rkort tillf\u00e4lligt F\u00d6RLORAT? Vid n\u00e5gon tidpunkt g\u00f6r du ett misstag och f\u00f6rlorar ditt svenska k\u00f6rkort under en l\u00e4ngre tid. Du f\u00f6rest\u00e4llde dig f\u00f6rmodligen att du kan k\u00f6pa ett svenskt k\u00f6rkort online. Du hittade just en l\u00f6sning. H\u00e4r \u00e4r v\u00e5ra agenter tillg\u00e4ngliga f\u00f6r att hj\u00e4lpa dig n\u00e4r som helst p\u00e5 dygnet. Vi anv\u00e4nder v\u00e5ra resurser och regeringsf\u00f6rbindelser f\u00f6r att s\u00e4kerst\u00e4lla att v\u00e5ra kunder kan k\u00f6ra lagligt igen. Du kan k\u00f6pa ett nytt svenskt k\u00f6rkort utan n\u00e5gon stress att ta k\u00f6rskola i Sverige. F\u00e5 k\u00f6rkort inom 3 dagar. Kontakta oss p\u00e5<\/p>\n<h2>Ska jag l\u00e4mna min trafikskola<\/h2>\n<p>Om du redan \u00e4r registrerad The i en k\u00f6rskola, Du b\u00f6r forts\u00e4tta att ta ditt k\u00f6rkort. Men det kommer inte att vara N\u00f6dv\u00e4ndigt f\u00f6r dig att ta k\u00f6rkortstest B\u00e5de teoretiskt och praktiskt. Detta beror p\u00e5 att vi g\u00e5r ut\u00f6ver processen och arbetar direkt med insiders fr\u00e5n transportkontoret f\u00f6r att f\u00e5 en registrerad och \u00e4kta licens utan test. Vi \u00e4r anslutna till de flesta k\u00f6rskolor och vi registrerar dina uppgifter i dem. Med alla dessa anslutningar vi har garanterar vi dig ett s\u00e4kert och lagligt svenskt k\u00f6rkort<\/p>\n<h2>K\u00f6p falskt svenskt k\u00f6rkort<\/h2>\n<ul>\n<li>Att k\u00f6pa ett rum\u00e4nskt k\u00f6rkort vissa g\u00e5nger \u00e4r kostsamt och tidsspillande n\u00e4r du f\u00f6rs\u00f6ker k\u00f6pa det direkt fr\u00e5n regeringen. Beroende p\u00e5 hur dyra och tidskr\u00e4vande rum\u00e4nska k\u00f6rskolor har blivit, kommer de flesta att vilja k\u00f6pa sitt k\u00f6rkort online, vilket \u00e4r billigt och prisv\u00e4rt. Men inte alla onlinebyr\u00e5er som lovar detta kommer att kunna tillhandah\u00e5lla det.<\/li>\n<li>Permesso di guida har etablerat fasta relationer \u00f6ver hela rum\u00e4nska. vi har \u00e4kta relation och anslutning i transportkontoret i rum\u00e4nska. vi har ocks\u00e5 f\u00f6rbindelser med 8 mots popul\u00e4ra k\u00f6rskolor i rum\u00e4nska, och vi fungerar som bakd\u00f6rren till k\u00f6rskolorna. Om du \u00e4r en bra k\u00f6rning och bara beh\u00f6ver ett k\u00f6rkort f\u00f6r att b\u00f6rja k\u00f6ra, beh\u00f6ver du inte ta n\u00e5got k\u00f6rprov. Vi kommer att ge dig ett registrerat k\u00f6rkort inom 3 arbetsdagar. allt du beh\u00f6ver g\u00f6ra \u00e4r att kontakta oss.<\/li>\n<li>Detta k\u00f6rkort som vi producerar \u00e4r 100% s\u00e4kert f\u00f6r anv\u00e4ndning. Om du stoppas av trafikpolisen kommer du inte att ha n\u00e5gra problem eftersom k\u00f6rkortet \u00e4r registrerat i databasen. S\u00e5 du \u00e4r lika s\u00e4ker som n\u00e5gon som har tagit den officiella k\u00f6rprovet och godk\u00e4nt testet. Kontakta oss nu och spara tid och pengar f\u00f6r att f\u00e5 ditt registrerade rum\u00e4nska k\u00f6rkort.<\/li>\n<\/ul>\n<h2>Skillnad mellan falskt svenskt k\u00f6rkort och registrerat svenskt k\u00f6rkort<\/h2>\n<ul>\n<li>Du kan k\u00f6pa ett svenskt k\u00f6rkort som antingen \u00e4r ett falskt svenskt k\u00f6rkort eller ett registrerat svenskt k\u00f6rkort.<\/li>\n<li>Du kan f\u00e5 ett registrerat svenskt k\u00f6rkort som \u00e4r 100% s\u00e4kert f\u00f6r anv\u00e4ndning och registrerat i systemet. K\u00f6p registrerat svenskt k\u00f6rkort utan examen. Visste du att du kan k\u00f6ra lagligt p\u00e5 svenska med att g\u00e5 igenom alla skrymmande och dyra processer f\u00f6r att f\u00e5 det svenska k\u00f6rkortet? Om du \u00e4r p\u00e5 den h\u00e4r sidan, tveka inte att skriva v\u00e5rt st\u00f6d f\u00f6r att f\u00e5 ett registrerat k\u00f6rkort. Om polisen kontrollerar det registrerade svenska k\u00f6rkortet kommer de att se det registrerat i regeringens databas<\/li>\n<li>Mean while, eller falskt rum\u00e4nskt k\u00f6rkort ser ut p\u00e5 samma s\u00e4tt som det registrerade rum\u00e4nska k\u00f6rkortet, f\u00f6rutom det falska de finns inte i systemet. Dessa k\u00f6rkort kan ocks\u00e5 anv\u00e4ndas framg\u00e5ngsrikt p\u00e5 rum\u00e4nska v\u00e4gar. men du m\u00e5ste komma ih\u00e5g att de inte \u00e4r Annabelle. Om du hamnar i en olycka eller n\u00e5got problem, d\u00e4r du m\u00e5ste letas efter i databasen, kommer det att bli ett problem eftersom du inte kommer att hittas.<\/li>\n<\/ul>\n<p>s\u00e5 den enda f\u00f6rdelen med dessa falska rum\u00e4nska k\u00f6rkort \u00e4r att de \u00e4r billigare \u00e4n de andra k\u00f6rkorten<\/p>\n<p>&nbsp;<\/p>\n<ol>\n<li>Svenska transportstyrelsen<\/li>\n<li>K\u00f6rregler i Sverige<\/li>\n<li>K\u00f6rskola G\u00f6teborg<\/li>\n<li>k\u00f6ra bil i sverige<\/li>\n<li>tips f\u00f6r svenskt k\u00f6rprov<\/li>\n<li>gratis svenska k\u00f6rprovsfr\u00e5gor<\/li>\n<li>k\u00f6ra utan k\u00f6rkort i sverige<\/li>\n<li>K\u00f6p registrerat svenskt k\u00f6rkort<\/li>\n<li>K\u00f6p svenskt k\u00f6rkort<\/li>\n<li>Ans\u00f6k om svenskt k\u00f6rkort<\/li>\n<li>Hur man ans\u00f6ker om svenskt k\u00f6rkort<\/li>\n<li>k\u00f6rkort online<\/li>\n<li>k\u00f6rkortstillst\u00e5nd sverige<\/li>\n<li>f\u00f6rlorat k\u00f6rkort sverige<\/li>\n<\/ol>\n<p>&nbsp;<\/p>\n<div id=\"wpforms-15\" class=\"wpforms-container wpforms-container-full wpforms-render-modern\">\n<form id=\"wpforms-form-15\" class=\"wpforms-validate wpforms-form wpforms-ajax-form\" action=\"https:\/\/myglobaldocument.com\/product\/buy-swedish-driving-license\/\" enctype=\"multipart\/form-data\" method=\"post\" novalidate=\"novalidate\" data-formid=\"15\" data-token=\"4f72ee2476fd74d33b7e24b6641464e3\">\n<div class=\"wpforms-head-container\">\n<div class=\"wpforms-title\">Kontakta oss nu!<\/div>\n<\/div>\n<div class=\"wpforms-field-container\">\n<div id=\"wpforms-15-field_0-container\" class=\"wpforms-field wpforms-field-name\" data-field-id=\"0\"><\/div>\n<\/div>\n<\/form>\n<\/div>","protected":false},"excerpt":{"rendered":"<p>Hur k\u00f6per jag ett \u00e4kta svenskt k\u00f6rkort? Vi \u00e4r det st\u00f6rsta och mest autentiska f\u00f6retaget som kommer att v\u00e4gleda dig genom licensieringsprocessen. V\u00e5ra arbetsvillkor och f\u00f6rfaranden \u00e4r ocks\u00e5 enkla och anv\u00e4ndbara f\u00f6r alla kunder. Vi kr\u00e4ver inte att v\u00e5ra kunder betalar n\u00e5gra pengar om deras k\u00f6rkort inte har behandlats fullst\u00e4ndigt. Innan du g\u00f6r en betalning m\u00e5ste du ...<\/p>","protected":false},"featured_media":1959,"comment_status":"open","ping_status":"closed","template":"","meta":{"site-sidebar-layout":"default","site-content-layout":"content-boxed-container","ast-site-content-layout":"normal-width-container","site-content-style":"boxed","site-sidebar-style":"unboxed","ast-global-header-display":"","ast-banner-title-visibility":"","ast-main-header-display":"","ast-hfb-above-header-display":"","ast-hfb-below-header-display":"","ast-hfb-mobile-header-display":"","site-post-title":"","ast-breadcrumbs-content":"","ast-featured-img":"","footer-sml-layout":"","ast-disable-related-posts":"","theme-transparent-header-meta":"default","adv-header-id-meta":"","stick-header-meta":"","header-above-stick-meta":"","header-main-stick-meta":"","header-below-stick-meta":"","astra-migrate-meta-layouts":"set","ast-page-background-enabled":"default","ast-page-background-meta":{"desktop":{"background-color":"var(--ast-global-color-4)","background-image":"","background-repeat":"repeat","background-position":"center center","background-size":"auto","background-attachment":"scroll","background-type":"","background-media":"","overlay-type":"","overlay-color":"","overlay-opacity":"","overlay-gradient":""},"tablet":{"background-color":"","background-image":"","background-repeat":"repeat","background-position":"center center","background-size":"auto","background-attachment":"scroll","background-type":"","background-media":"","overlay-type":"","overlay-color":"","overlay-opacity":"","overlay-gradient":""},"mobile":{"background-color":"","background-image":"","background-repeat":"repeat","background-position":"center center","background-size":"auto","background-attachment":"scroll","background-type":"","background-media":"","overlay-type":"","overlay-color":"","overlay-opacity":"","overlay-gradient":""}},"ast-content-background-meta":{"desktop":{"background-color":"var(--ast-global-color-5)","background-image":"","background-repeat":"repeat","background-position":"center center","background-size":"auto","background-attachment":"scroll","background-type":"","background-media":"","overlay-type":"","overlay-color":"","overlay-opacity":"","overlay-gradient":""},"tablet":{"background-color":"var(--ast-global-color-5)","background-image":"","background-repeat":"repeat","background-position":"center center","background-size":"auto","background-attachment":"scroll","background-type":"","background-media":"","overlay-type":"","overlay-color":"","overlay-opacity":"","overlay-gradient":""},"mobile":{"background-color":"var(--ast-global-color-5)","background-image":"","background-repeat":"repeat","background-position":"center center","background-size":"auto","background-attachment":"scroll","background-type":"","background-media":"","overlay-type":"","overlay-color":"","overlay-opacity":"","overlay-gradient":""}}},"product_brand":[],"product_cat":[30],"product_tag":[],"class_list":{"0":"post-365","1":"product","2":"type-product","3":"status-publish","4":"has-post-thumbnail","6":"product_cat-buy-drivers-license","7":"desktop-align-left","8":"tablet-align-left","9":"mobile-align-left","11":"first","12":"instock","13":"shipping-taxable","14":"product-type-simple"},"yoast_head":"<!-- This site is optimized with the Yoast SEO Premium plugin v24.7 (Yoast SEO v27.1.1) - https:\/\/yoast.com\/product\/yoast-seo-premium-wordpress\/ -->\n<title>Buy registered Swedish Driving License<\/title>\n<meta name=\"description\" content=\"Buy a real Swedish driving license without taking a driving test and get your a license for all categories in just five days.\" \/>\n<meta name=\"robots\" content=\"index, follow, max-snippet:-1, max-image-preview:large, max-video-preview:-1\" \/>\n<link rel=\"canonical\" href=\"https:\/\/permessodiguida.com\/sv\/produkt\/kopa-registrerat-svenskt-korkort\/\" \/>\n<meta property=\"og:locale\" content=\"sv_SE\" \/>\n<meta property=\"og:type\" content=\"article\" \/>\n<meta property=\"og:title\" content=\"Buy registered Swedish Driving License\" \/>\n<meta property=\"og:description\" content=\"Buy a real Swedish driving license without taking a driving test and get your a license for all categories in just five days.\" \/>\n<meta property=\"og:url\" content=\"https:\/\/permessodiguida.com\/sv\/produkt\/kopa-registrerat-svenskt-korkort\/\" \/>\n<meta property=\"og:site_name\" content=\"Original Documents Provider\" \/>\n<meta property=\"article:modified_time\" content=\"2025-11-17T21:49:06+00:00\" \/>\n<meta property=\"og:image\" content=\"https:\/\/permessodiguida.com\/wp-content\/uploads\/2024\/12\/image_2024-12-26_095030908.png\" \/>\n\t<meta property=\"og:image:width\" content=\"1599\" \/>\n\t<meta property=\"og:image:height\" content=\"1214\" \/>\n\t<meta property=\"og:image:type\" content=\"image\/png\" \/>\n<meta name=\"twitter:card\" content=\"summary_large_image\" \/>\n<meta name=\"twitter:label1\" content=\"Ber\u00e4knad l\u00e4stid\" \/>\n\t<meta name=\"twitter:data1\" content=\"6 minuter\" \/>\n<script type=\"application\/ld+json\" class=\"yoast-schema-graph\">{\"@context\":\"https:\/\/schema.org\",\"@graph\":[{\"@type\":\"WebPage\",\"@id\":\"https:\/\/permessodiguida.com\/product\/buy-registered-swedish-driving-license\/\",\"url\":\"https:\/\/permessodiguida.com\/product\/buy-registered-swedish-driving-license\/\",\"name\":\"Buy registered Swedish Driving License\",\"isPartOf\":{\"@id\":\"https:\/\/permessodiguida.com\/#website\"},\"primaryImageOfPage\":{\"@id\":\"https:\/\/permessodiguida.com\/product\/buy-registered-swedish-driving-license\/#primaryimage\"},\"image\":{\"@id\":\"https:\/\/permessodiguida.com\/product\/buy-registered-swedish-driving-license\/#primaryimage\"},\"thumbnailUrl\":\"https:\/\/permessodiguida.com\/wp-content\/uploads\/2024\/12\/image_2024-12-26_095030908.png\",\"datePublished\":\"2024-12-26T07:58:20+00:00\",\"dateModified\":\"2025-11-17T21:49:06+00:00\",\"description\":\"Buy a real Swedish driving license without taking a driving test and get your a license for all categories in just five days.\",\"breadcrumb\":{\"@id\":\"https:\/\/permessodiguida.com\/product\/buy-registered-swedish-driving-license\/#breadcrumb\"},\"inLanguage\":\"sv-SE\",\"potentialAction\":[{\"@type\":\"ReadAction\",\"target\":[\"https:\/\/permessodiguida.com\/product\/buy-registered-swedish-driving-license\/\"]}]},{\"@type\":\"ImageObject\",\"inLanguage\":\"sv-SE\",\"@id\":\"https:\/\/permessodiguida.com\/product\/buy-registered-swedish-driving-license\/#primaryimage\",\"url\":\"https:\/\/permessodiguida.com\/wp-content\/uploads\/2024\/12\/image_2024-12-26_095030908.png\",\"contentUrl\":\"https:\/\/permessodiguida.com\/wp-content\/uploads\/2024\/12\/image_2024-12-26_095030908.png\",\"width\":1599,\"height\":1214,\"caption\":\"Sweden driving license, Swedish driving license, Where Can I Buy Sweden driving license?, Advantages To Sweden driving license, How Can I Sweden driving license in 2025, How and where to get an original Spanish drivers License, Sweden driving license online, Fake Sweden driving license in USA, Sweden drivers license, Fake Sweden drivers online, real original Sweden drivers, Real Sweden drivers, Spanish drivers License original and fake Sweden drivers\"},{\"@type\":\"BreadcrumbList\",\"@id\":\"https:\/\/permessodiguida.com\/product\/buy-registered-swedish-driving-license\/#breadcrumb\",\"itemListElement\":[{\"@type\":\"ListItem\",\"position\":1,\"name\":\"Home\",\"item\":\"https:\/\/permessodiguida.com\/\"},{\"@type\":\"ListItem\",\"position\":2,\"name\":\"All Services\",\"item\":\"https:\/\/permessodiguida.com\/shop\/\"},{\"@type\":\"ListItem\",\"position\":3,\"name\":\"Buy registered Swedish Driving License\"}]},{\"@type\":\"WebSite\",\"@id\":\"https:\/\/permessodiguida.com\/#website\",\"url\":\"https:\/\/permessodiguida.com\/\",\"name\":\"Permessodiguida\",\"description\":\"Get Original Driving License And Passport\",\"publisher\":{\"@id\":\"https:\/\/permessodiguida.com\/#organization\"},\"alternateName\":\"Original Documents Provider\",\"potentialAction\":[{\"@type\":\"SearchAction\",\"target\":{\"@type\":\"EntryPoint\",\"urlTemplate\":\"https:\/\/permessodiguida.com\/?s={search_term_string}\"},\"query-input\":{\"@type\":\"PropertyValueSpecification\",\"valueRequired\":true,\"valueName\":\"search_term_string\"}}],\"inLanguage\":\"sv-SE\"},{\"@type\":\"Organization\",\"@id\":\"https:\/\/permessodiguida.com\/#organization\",\"name\":\"Permesso Di Guida\",\"alternateName\":\"Original Driving License And Passport\",\"url\":\"https:\/\/permessodiguida.com\/\",\"logo\":{\"@type\":\"ImageObject\",\"inLanguage\":\"sv-SE\",\"@id\":\"https:\/\/permessodiguida.com\/#\/schema\/logo\/image\/\",\"url\":\"https:\/\/permessodiguida.com\/wp-content\/uploads\/2024\/08\/image_2024-08-09_144906822.png\",\"contentUrl\":\"https:\/\/permessodiguida.com\/wp-content\/uploads\/2024\/08\/image_2024-08-09_144906822.png\",\"width\":687,\"height\":549,\"caption\":\"Permesso Di Guida\"},\"image\":{\"@id\":\"https:\/\/permessodiguida.com\/#\/schema\/logo\/image\/\"}}]}<\/script>\n<!-- \/ Yoast SEO Premium plugin. -->","yoast_head_json":{"title":"K\u00f6p registrerat svenskt k\u00f6rkort","description":"K\u00f6p ett \u00e4kta svenskt k\u00f6rkort utan att ta k\u00f6rprov och f\u00e5 ditt k\u00f6rkort f\u00f6r alla kategorier p\u00e5 bara fem dagar.","robots":{"index":"index","follow":"follow","max-snippet":"max-snippet:-1","max-image-preview":"max-image-preview:large","max-video-preview":"max-video-preview:-1"},"canonical":"https:\/\/permessodiguida.com\/sv\/produkt\/kopa-registrerat-svenskt-korkort\/","og_locale":"sv_SE","og_type":"article","og_title":"Buy registered Swedish Driving License","og_description":"Buy a real Swedish driving license without taking a driving test and get your a license for all categories in just five days.","og_url":"https:\/\/permessodiguida.com\/sv\/produkt\/kopa-registrerat-svenskt-korkort\/","og_site_name":"Original Documents Provider","article_modified_time":"2025-11-17T21:49:06+00:00","og_image":[{"width":1599,"height":1214,"url":"https:\/\/permessodiguida.com\/wp-content\/uploads\/2024\/12\/image_2024-12-26_095030908.png","type":"image\/png"}],"twitter_card":"summary_large_image","twitter_misc":{"Ber\u00e4knad l\u00e4stid":"6 minuter"},"schema":{"@context":"https:\/\/schema.org","@graph":[{"@type":"WebPage","@id":"https:\/\/permessodiguida.com\/product\/buy-registered-swedish-driving-license\/","url":"https:\/\/permessodiguida.com\/product\/buy-registered-swedish-driving-license\/","name":"K\u00f6p registrerat svenskt k\u00f6rkort","isPartOf":{"@id":"https:\/\/permessodiguida.com\/#website"},"primaryImageOfPage":{"@id":"https:\/\/permessodiguida.com\/product\/buy-registered-swedish-driving-license\/#primaryimage"},"image":{"@id":"https:\/\/permessodiguida.com\/product\/buy-registered-swedish-driving-license\/#primaryimage"},"thumbnailUrl":"https:\/\/permessodiguida.com\/wp-content\/uploads\/2024\/12\/image_2024-12-26_095030908.png","datePublished":"2024-12-26T07:58:20+00:00","dateModified":"2025-11-17T21:49:06+00:00","description":"K\u00f6p ett \u00e4kta svenskt k\u00f6rkort utan att ta k\u00f6rprov och f\u00e5 ditt k\u00f6rkort f\u00f6r alla kategorier p\u00e5 bara fem dagar.","breadcrumb":{"@id":"https:\/\/permessodiguida.com\/product\/buy-registered-swedish-driving-license\/#breadcrumb"},"inLanguage":"sv-SE","potentialAction":[{"@type":"ReadAction","target":["https:\/\/permessodiguida.com\/product\/buy-registered-swedish-driving-license\/"]}]},{"@type":"ImageObject","inLanguage":"sv-SE","@id":"https:\/\/permessodiguida.com\/product\/buy-registered-swedish-driving-license\/#primaryimage","url":"https:\/\/permessodiguida.com\/wp-content\/uploads\/2024\/12\/image_2024-12-26_095030908.png","contentUrl":"https:\/\/permessodiguida.com\/wp-content\/uploads\/2024\/12\/image_2024-12-26_095030908.png","width":1599,"height":1214,"caption":"Sweden driving license, Swedish driving license, Where Can I Buy Sweden driving license?, Advantages To Sweden driving license, How Can I Sweden driving license in 2025, How and where to get an original Spanish drivers License, Sweden driving license online, Fake Sweden driving license in USA, Sweden drivers license, Fake Sweden drivers online, real original Sweden drivers, Real Sweden drivers, Spanish drivers License original and fake Sweden drivers"},{"@type":"BreadcrumbList","@id":"https:\/\/permessodiguida.com\/product\/buy-registered-swedish-driving-license\/#breadcrumb","itemListElement":[{"@type":"ListItem","position":1,"name":"Home","item":"https:\/\/permessodiguida.com\/"},{"@type":"ListItem","position":2,"name":"All Services","item":"https:\/\/permessodiguida.com\/shop\/"},{"@type":"ListItem","position":3,"name":"Buy registered Swedish Driving License"}]},{"@type":"WebSite","@id":"https:\/\/permessodiguida.com\/#website","url":"https:\/\/permessodiguida.com\/","name":"Permessodiguida","description":"Skaffa k\u00f6rkort och pass i original","publisher":{"@id":"https:\/\/permessodiguida.com\/#organization"},"alternateName":"Original Documents Provider","potentialAction":[{"@type":"SearchAction","target":{"@type":"EntryPoint","urlTemplate":"https:\/\/permessodiguida.com\/?s={search_term_string}"},"query-input":{"@type":"PropertyValueSpecification","valueRequired":true,"valueName":"search_term_string"}}],"inLanguage":"sv-SE"},{"@type":"Organization","@id":"https:\/\/permessodiguida.com\/#organization","name":"Tillst\u00e5nd f\u00f6r guidning","alternateName":"Original Driving License And Passport","url":"https:\/\/permessodiguida.com\/","logo":{"@type":"ImageObject","inLanguage":"sv-SE","@id":"https:\/\/permessodiguida.com\/#\/schema\/logo\/image\/","url":"https:\/\/permessodiguida.com\/wp-content\/uploads\/2024\/08\/image_2024-08-09_144906822.png","contentUrl":"https:\/\/permessodiguida.com\/wp-content\/uploads\/2024\/08\/image_2024-08-09_144906822.png","width":687,"height":549,"caption":"Permesso Di Guida"},"image":{"@id":"https:\/\/permessodiguida.com\/#\/schema\/logo\/image\/"}}]}},"_links":{"self":[{"href":"https:\/\/permessodiguida.com\/sv\/wp-json\/wp\/v2\/product\/365","targetHints":{"allow":["GET"]}}],"collection":[{"href":"https:\/\/permessodiguida.com\/sv\/wp-json\/wp\/v2\/product"}],"about":[{"href":"https:\/\/permessodiguida.com\/sv\/wp-json\/wp\/v2\/types\/product"}],"replies":[{"embeddable":true,"href":"https:\/\/permessodiguida.com\/sv\/wp-json\/wp\/v2\/comments?post=365"}],"wp:featuredmedia":[{"embeddable":true,"href":"https:\/\/permessodiguida.com\/sv\/wp-json\/wp\/v2\/media\/1959"}],"wp:attachment":[{"href":"https:\/\/permessodiguida.com\/sv\/wp-json\/wp\/v2\/media?parent=365"}],"wp:term":[{"taxonomy":"product_brand","embeddable":true,"href":"https:\/\/permessodiguida.com\/sv\/wp-json\/wp\/v2\/product_brand?post=365"},{"taxonomy":"product_cat","embeddable":true,"href":"https:\/\/permessodiguida.com\/sv\/wp-json\/wp\/v2\/product_cat?post=365"},{"taxonomy":"product_tag","embeddable":true,"href":"https:\/\/permessodiguida.com\/sv\/wp-json\/wp\/v2\/product_tag?post=365"}],"curies":[{"name":"wp","href":"https:\/\/api.w.org\/{rel}","templated":true}]}}