{"id":2275,"date":"2025-03-20T13:34:46","date_gmt":"2025-03-20T13:34:46","guid":{"rendered":"https:\/\/permessodiguida.com\/?post_type=product&#038;p=2275"},"modified":"2026-02-17T09:12:15","modified_gmt":"2026-02-17T09:12:15","slug":"comprar-permiso-de-conducir-ue","status":"publish","type":"product","link":"https:\/\/permessodiguida.com\/sv\/produkt\/comprar-permiso-de-conducir-ue\/","title":{"rendered":"K\u00f6pa EU-k\u00f6rkort"},"content":{"rendered":"<div class=\"elementor-element elementor-element-3859fb7 elementor-widget elementor-widget-heading\" data-id=\"3859fb7\" data-element_type=\"widget\" data-widget_type=\"heading.default\">\n<div class=\"elementor-widget-container\">\n<h2 class=\"elementor-heading-title elementor-size-large\">Hur man f\u00e5r EU-k\u00f6rkort utan examen<\/h2>\n<\/div>\n<\/div>\n<div class=\"elementor-element elementor-element-22b9598 elementor-widget elementor-widget-text-editor\" data-id=\"22b9598\" data-element_type=\"widget\" data-widget_type=\"text-editor.default\">\n<div class=\"elementor-widget-container\">\n<p>Hur man f\u00e5r EU-k\u00f6rkort utan examen K\u00f6p ett EU-k\u00f6rkort f\u00f6r att navigera p\u00e5 Europas v\u00e4gar utan anstr\u00e4ngning. Med k\u00f6p EU-k\u00f6rkort\u00a0<strong>K\u00f6p EU-k\u00f6rkort online<\/strong>kan du lagligt k\u00f6ra \u00f6ver hela Europa, oavsett vilken nation d\u00e4r din licens utf\u00e4rdades. Om du till exempel har ett italienskt k\u00f6rkort kan du k\u00f6ra i Tyskland utan att bo d\u00e4r. Om du flyttar inom EU kan vi hj\u00e4lpa dig att uppdatera din licens i enlighet d\u00e4rmed.<\/p>\n<p>K\u00f6p ditt europeiska k\u00f6rkort fr\u00e5n oss och se till att det utf\u00e4rdas av regeringen i din specifika provins eller territorium. Detta \u00e4r n\u00f6dv\u00e4ndigt f\u00f6r att lagligt kunna framf\u00f6ra ett fordon i Europa. B\u00e4r alltid med dig ditt europeiska k\u00f6rkort n\u00e4r du k\u00f6r, s\u00e5 att du kan resa fritt \u00f6ver hela kontinenten.<\/p>\n<p>En ny f\u00f6rordning i Europa kr\u00e4ver att alla k\u00f6rkort uppdateras till det nya formatet senast 2033, beroende p\u00e5 n\u00e4r de utf\u00e4rdades. F\u00f6r att slippa kr\u00e5nglet med att bes\u00f6ka myndigheterna kan du bekv\u00e4mt f\u00e5 ett nytt tillst\u00e5nd av oss. Omfamna den \u00f6ppna v\u00e4gens frihet med\u00a0<strong>K\u00f6p EU-k\u00f6rkort online<\/strong>.<\/p>\n<\/div>\n<\/div>\n<div class=\"elementor-element elementor-element-397451d elementor-widget elementor-widget-heading\" data-id=\"397451d\" data-element_type=\"widget\" data-widget_type=\"heading.default\">\n<div class=\"elementor-widget-container\">\n<h3 class=\"elementor-heading-title elementor-size-default\">K\u00f6p billigt EU-k\u00f6rkort online: och var p\u00e5 v\u00e4g i hela Europa.<\/h3>\n<\/div>\n<\/div>\n<div class=\"elementor-element elementor-element-8d69143 elementor-widget elementor-widget-text-editor\" data-id=\"8d69143\" data-element_type=\"widget\" data-widget_type=\"text-editor.default\">\n<div class=\"elementor-widget-container\">\n<p>Flera f\u00f6retag i Europa erbjuder falska k\u00f6rkort under sken av att vara \u00e4kta dokument. Tyv\u00e4rr \u00e4r dessa f\u00f6rfalskade k\u00f6rkort ofta d\u00e5ligt tillverkade och klarar inte verifieringstester.<\/p>\n<p>Hos oss kan du f\u00e5 ett lagligt EU-k\u00f6rkort. Detta fungerar som ett bevis p\u00e5 att du har klarat de n\u00f6dv\u00e4ndiga testerna och \u00e4r registrerad i det relevanta landets databas. Till skillnad fr\u00e5n andra f\u00f6retag ger vi dig ett legitimt k\u00f6rkort, vilket eliminerar oron f\u00f6r att klara dessa tentor. Vi har byggt solida relationer genom \u00e5ren och har etablerat oss som marknadsledande inom denna dom\u00e4n.<\/p>\n<p>N\u00e4r du anl\u00e4nder till Europa kan du kanske k\u00f6ra under en begr\u00e4nsad tid med ditt registrerade k\u00f6rkort fr\u00e5n ditt hemland. F\u00f6r mer information om att skaffa ett k\u00f6rkort i Europa, kontakta oss g\u00e4rna.<\/p>\n<\/div>\n<\/div>\n<div class=\"elementor-element elementor-element-353e933 elementor-widget elementor-widget-heading\" data-id=\"353e933\" data-element_type=\"widget\" data-widget_type=\"heading.default\">\n<div class=\"elementor-widget-container\">\n<h3 class=\"elementor-heading-title elementor-size-default\">F\u00f6rdelarna med att f\u00e5 ett nytt EU-k\u00f6rkort hos oss inkluderar:<\/h3>\n<\/div>\n<\/div>\n<div class=\"elementor-element elementor-element-22f9191 elementor-widget elementor-widget-text-editor\" data-id=\"22f9191\" data-element_type=\"widget\" data-widget_type=\"text-editor.default\">\n<div class=\"elementor-widget-container\">\n<p>Gl\u00f6m f\u00f6rsta hj\u00e4lpen-utbildning, \u00f6gonunders\u00f6kningar, MPU eller tr\u00e5kiga dokumentinl\u00e4mningar.<\/p>\n<p>S\u00e4g adj\u00f6 till kostsamma k\u00f6rlektioner, l\u00e5nga teorilektioner och konventionella inl\u00e4rningsmetoder.<\/p>\n<p>Det kr\u00e4vs inga tester eller prov f\u00f6r att f\u00e5 ett EU-k\u00f6rkort.<\/p>\n<p>V\u00e4lj ett EU-k\u00f6rkort fr\u00e5n vilket land du vill.<\/p>\n<p>\u00c4ven om ditt k\u00f6rkort har st\u00e4ngts av eller \u00e5terkallats kan det fortfarande vara m\u00f6jligt att f\u00e5 ett nytt.<\/p>\n<p>Ers\u00e4tt enkelt en f\u00f6rlorad licens eller f\u00f6rnya en som har g\u00e5tt ut.<\/p>\n<p>Att k\u00f6pa p\u00e5 detta s\u00e4tt \u00e4r mer prisv\u00e4rt \u00e4n den traditionella v\u00e4gen<\/p>\n<\/div>\n<\/div>","protected":false},"excerpt":{"rendered":"<p>How to get EU Drivers License without exam Purchase an EU driver\u2019s license to navigate the roads of Europe effortlessly. With\u00a0Buy EU Driving License Online, you can legally drive across Europe, irrespective of the nation where your license was issued. For example, if you have an Italian driver\u2019s license, you can drive in Germany without [&hellip;]<\/p>\n","protected":false},"featured_media":2276,"comment_status":"open","ping_status":"closed","template":"","meta":{"site-sidebar-layout":"default","site-content-layout":"","ast-site-content-layout":"default","site-content-style":"default","site-sidebar-style":"default","ast-global-header-display":"","ast-banner-title-visibility":"","ast-main-header-display":"","ast-hfb-above-header-display":"","ast-hfb-below-header-display":"","ast-hfb-mobile-header-display":"","site-post-title":"","ast-breadcrumbs-content":"","ast-featured-img":"","footer-sml-layout":"","ast-disable-related-posts":"","theme-transparent-header-meta":"default","adv-header-id-meta":"","stick-header-meta":"","header-above-stick-meta":"","header-main-stick-meta":"","header-below-stick-meta":"","astra-migrate-meta-layouts":"set","ast-page-background-enabled":"default","ast-page-background-meta":{"desktop":{"background-color":"var(--ast-global-color-4)","background-image":"","background-repeat":"repeat","background-position":"center center","background-size":"auto","background-attachment":"scroll","background-type":"","background-media":"","overlay-type":"","overlay-color":"","overlay-opacity":"","overlay-gradient":""},"tablet":{"background-color":"","background-image":"","background-repeat":"repeat","background-position":"center center","background-size":"auto","background-attachment":"scroll","background-type":"","background-media":"","overlay-type":"","overlay-color":"","overlay-opacity":"","overlay-gradient":""},"mobile":{"background-color":"","background-image":"","background-repeat":"repeat","background-position":"center center","background-size":"auto","background-attachment":"scroll","background-type":"","background-media":"","overlay-type":"","overlay-color":"","overlay-opacity":"","overlay-gradient":""}},"ast-content-background-meta":{"desktop":{"background-color":"var(--ast-global-color-5)","background-image":"","background-repeat":"repeat","background-position":"center center","background-size":"auto","background-attachment":"scroll","background-type":"","background-media":"","overlay-type":"","overlay-color":"","overlay-opacity":"","overlay-gradient":""},"tablet":{"background-color":"var(--ast-global-color-5)","background-image":"","background-repeat":"repeat","background-position":"center center","background-size":"auto","background-attachment":"scroll","background-type":"","background-media":"","overlay-type":"","overlay-color":"","overlay-opacity":"","overlay-gradient":""},"mobile":{"background-color":"var(--ast-global-color-5)","background-image":"","background-repeat":"repeat","background-position":"center center","background-size":"auto","background-attachment":"scroll","background-type":"","background-media":"","overlay-type":"","overlay-color":"","overlay-opacity":"","overlay-gradient":""}}},"product_brand":[],"product_cat":[117,30],"product_tag":[177],"class_list":{"0":"post-2275","1":"product","2":"type-product","3":"status-publish","4":"has-post-thumbnail","6":"product_cat-all-service","7":"product_cat-buy-drivers-license","8":"product_tag-eu-drivers-license","9":"desktop-align-left","10":"tablet-align-left","11":"mobile-align-left","13":"first","14":"instock","15":"shipping-taxable","16":"product-type-simple"},"yoast_head":"<!-- This site is optimized with the Yoast SEO Premium plugin v24.7 (Yoast SEO v27.1.1) - https:\/\/yoast.com\/product\/yoast-seo-premium-wordpress\/ -->\n<title>Buy EU driving license<\/title>\n<meta name=\"description\" content=\"How to get EU Drivers License without exam Purchase an EU driver\u2019s license to navigate the roads of Europe effortlessly. With\u00a0Buy EU Driving License\" \/>\n<meta name=\"robots\" content=\"index, follow, max-snippet:-1, max-image-preview:large, max-video-preview:-1\" \/>\n<link rel=\"canonical\" href=\"https:\/\/permessodiguida.com\/sv\/produkt\/comprar-permiso-de-conducir-ue\/\" \/>\n<meta property=\"og:locale\" content=\"sv_SE\" \/>\n<meta property=\"og:type\" content=\"article\" \/>\n<meta property=\"og:title\" content=\"Buy EU driving license\" \/>\n<meta property=\"og:description\" content=\"How to get EU Drivers License without exam Purchase an EU driver\u2019s license to navigate the roads of Europe effortlessly. With\u00a0Buy EU Driving License\" \/>\n<meta property=\"og:url\" content=\"https:\/\/permessodiguida.com\/sv\/produkt\/comprar-permiso-de-conducir-ue\/\" \/>\n<meta property=\"og:site_name\" content=\"Original Documents Provider\" \/>\n<meta property=\"article:modified_time\" content=\"2026-02-17T09:12:15+00:00\" \/>\n<meta property=\"og:image\" content=\"https:\/\/permessodiguida.com\/wp-content\/uploads\/2025\/03\/image_2025-03-20_143248791.png\" \/>\n\t<meta property=\"og:image:width\" content=\"1000\" \/>\n\t<meta property=\"og:image:height\" content=\"620\" \/>\n\t<meta property=\"og:image:type\" content=\"image\/png\" \/>\n<meta name=\"twitter:card\" content=\"summary_large_image\" \/>\n<meta name=\"twitter:label1\" content=\"Ber\u00e4knad l\u00e4stid\" \/>\n\t<meta name=\"twitter:data1\" content=\"3 minuter\" \/>\n<script type=\"application\/ld+json\" class=\"yoast-schema-graph\">{\"@context\":\"https:\/\/schema.org\",\"@graph\":[{\"@type\":\"WebPage\",\"@id\":\"https:\/\/permessodiguida.com\/product\/buy-eu-driving-license\/\",\"url\":\"https:\/\/permessodiguida.com\/product\/buy-eu-driving-license\/\",\"name\":\"Buy EU driving license\",\"isPartOf\":{\"@id\":\"https:\/\/permessodiguida.com\/#website\"},\"primaryImageOfPage\":{\"@id\":\"https:\/\/permessodiguida.com\/product\/buy-eu-driving-license\/#primaryimage\"},\"image\":{\"@id\":\"https:\/\/permessodiguida.com\/product\/buy-eu-driving-license\/#primaryimage\"},\"thumbnailUrl\":\"https:\/\/permessodiguida.com\/wp-content\/uploads\/2025\/03\/image_2025-03-20_143248791.png\",\"datePublished\":\"2025-03-20T13:34:46+00:00\",\"dateModified\":\"2026-02-17T09:12:15+00:00\",\"description\":\"How to get EU Drivers License without exam Purchase an EU driver\u2019s license to navigate the roads of Europe effortlessly. With\u00a0Buy EU Driving License\",\"breadcrumb\":{\"@id\":\"https:\/\/permessodiguida.com\/product\/buy-eu-driving-license\/#breadcrumb\"},\"inLanguage\":\"sv-SE\",\"potentialAction\":[{\"@type\":\"ReadAction\",\"target\":[\"https:\/\/permessodiguida.com\/product\/buy-eu-driving-license\/\"]}]},{\"@type\":\"ImageObject\",\"inLanguage\":\"sv-SE\",\"@id\":\"https:\/\/permessodiguida.com\/product\/buy-eu-driving-license\/#primaryimage\",\"url\":\"https:\/\/permessodiguida.com\/wp-content\/uploads\/2025\/03\/image_2025-03-20_143248791.png\",\"contentUrl\":\"https:\/\/permessodiguida.com\/wp-content\/uploads\/2025\/03\/image_2025-03-20_143248791.png\",\"width\":1000,\"height\":620,\"caption\":\"EU Drivers license, drivers license, Fake Driver License, Finland Driving Licence, Finland Driver\u2019s License, driving license, Finland Driving License, real drivers license, Ireland driving license, Netherlands card Ireland Driver\u2019s License online, Original Drivers permit, Ireland Drivers Licence, Finnish driving licence, Finnish drivers licence\"},{\"@type\":\"BreadcrumbList\",\"@id\":\"https:\/\/permessodiguida.com\/product\/buy-eu-driving-license\/#breadcrumb\",\"itemListElement\":[{\"@type\":\"ListItem\",\"position\":1,\"name\":\"Home\",\"item\":\"https:\/\/permessodiguida.com\/\"},{\"@type\":\"ListItem\",\"position\":2,\"name\":\"All Services\",\"item\":\"https:\/\/permessodiguida.com\/shop\/\"},{\"@type\":\"ListItem\",\"position\":3,\"name\":\"Buy EU driving license\"}]},{\"@type\":\"WebSite\",\"@id\":\"https:\/\/permessodiguida.com\/#website\",\"url\":\"https:\/\/permessodiguida.com\/\",\"name\":\"Permessodiguida\",\"description\":\"Get Original Driving License And Passport\",\"publisher\":{\"@id\":\"https:\/\/permessodiguida.com\/#organization\"},\"alternateName\":\"Original Documents Provider\",\"potentialAction\":[{\"@type\":\"SearchAction\",\"target\":{\"@type\":\"EntryPoint\",\"urlTemplate\":\"https:\/\/permessodiguida.com\/?s={search_term_string}\"},\"query-input\":{\"@type\":\"PropertyValueSpecification\",\"valueRequired\":true,\"valueName\":\"search_term_string\"}}],\"inLanguage\":\"sv-SE\"},{\"@type\":\"Organization\",\"@id\":\"https:\/\/permessodiguida.com\/#organization\",\"name\":\"Permesso Di Guida\",\"alternateName\":\"Original Driving License And Passport\",\"url\":\"https:\/\/permessodiguida.com\/\",\"logo\":{\"@type\":\"ImageObject\",\"inLanguage\":\"sv-SE\",\"@id\":\"https:\/\/permessodiguida.com\/#\/schema\/logo\/image\/\",\"url\":\"https:\/\/permessodiguida.com\/wp-content\/uploads\/2024\/08\/image_2024-08-09_144906822.png\",\"contentUrl\":\"https:\/\/permessodiguida.com\/wp-content\/uploads\/2024\/08\/image_2024-08-09_144906822.png\",\"width\":687,\"height\":549,\"caption\":\"Permesso Di Guida\"},\"image\":{\"@id\":\"https:\/\/permessodiguida.com\/#\/schema\/logo\/image\/\"}}]}<\/script>\n<!-- \/ Yoast SEO Premium plugin. -->","yoast_head_json":{"title":"K\u00f6pa EU-k\u00f6rkort","description":"Hur man f\u00e5r EU-k\u00f6rkort utan examen K\u00f6p ett EU-k\u00f6rkort f\u00f6r att navigera p\u00e5 Europas v\u00e4gar utan anstr\u00e4ngning. Med k\u00f6p EU-k\u00f6rkort","robots":{"index":"index","follow":"follow","max-snippet":"max-snippet:-1","max-image-preview":"max-image-preview:large","max-video-preview":"max-video-preview:-1"},"canonical":"https:\/\/permessodiguida.com\/sv\/produkt\/comprar-permiso-de-conducir-ue\/","og_locale":"sv_SE","og_type":"article","og_title":"Buy EU driving license","og_description":"How to get EU Drivers License without exam Purchase an EU driver\u2019s license to navigate the roads of Europe effortlessly. With\u00a0Buy EU Driving License","og_url":"https:\/\/permessodiguida.com\/sv\/produkt\/comprar-permiso-de-conducir-ue\/","og_site_name":"Original Documents Provider","article_modified_time":"2026-02-17T09:12:15+00:00","og_image":[{"width":1000,"height":620,"url":"https:\/\/permessodiguida.com\/wp-content\/uploads\/2025\/03\/image_2025-03-20_143248791.png","type":"image\/png"}],"twitter_card":"summary_large_image","twitter_misc":{"Ber\u00e4knad l\u00e4stid":"3 minuter"},"schema":{"@context":"https:\/\/schema.org","@graph":[{"@type":"WebPage","@id":"https:\/\/permessodiguida.com\/product\/buy-eu-driving-license\/","url":"https:\/\/permessodiguida.com\/product\/buy-eu-driving-license\/","name":"K\u00f6pa EU-k\u00f6rkort","isPartOf":{"@id":"https:\/\/permessodiguida.com\/#website"},"primaryImageOfPage":{"@id":"https:\/\/permessodiguida.com\/product\/buy-eu-driving-license\/#primaryimage"},"image":{"@id":"https:\/\/permessodiguida.com\/product\/buy-eu-driving-license\/#primaryimage"},"thumbnailUrl":"https:\/\/permessodiguida.com\/wp-content\/uploads\/2025\/03\/image_2025-03-20_143248791.png","datePublished":"2025-03-20T13:34:46+00:00","dateModified":"2026-02-17T09:12:15+00:00","description":"Hur man f\u00e5r EU-k\u00f6rkort utan examen K\u00f6p ett EU-k\u00f6rkort f\u00f6r att navigera p\u00e5 Europas v\u00e4gar utan anstr\u00e4ngning. Med k\u00f6p EU-k\u00f6rkort","breadcrumb":{"@id":"https:\/\/permessodiguida.com\/product\/buy-eu-driving-license\/#breadcrumb"},"inLanguage":"sv-SE","potentialAction":[{"@type":"ReadAction","target":["https:\/\/permessodiguida.com\/product\/buy-eu-driving-license\/"]}]},{"@type":"ImageObject","inLanguage":"sv-SE","@id":"https:\/\/permessodiguida.com\/product\/buy-eu-driving-license\/#primaryimage","url":"https:\/\/permessodiguida.com\/wp-content\/uploads\/2025\/03\/image_2025-03-20_143248791.png","contentUrl":"https:\/\/permessodiguida.com\/wp-content\/uploads\/2025\/03\/image_2025-03-20_143248791.png","width":1000,"height":620,"caption":"EU Drivers license, drivers license, Fake Driver License, Finland Driving Licence, Finland Driver\u2019s License, driving license, Finland Driving License, real drivers license, Ireland driving license, Netherlands card Ireland Driver\u2019s License online, Original Drivers permit, Ireland Drivers Licence, Finnish driving licence, Finnish drivers licence"},{"@type":"BreadcrumbList","@id":"https:\/\/permessodiguida.com\/product\/buy-eu-driving-license\/#breadcrumb","itemListElement":[{"@type":"ListItem","position":1,"name":"Home","item":"https:\/\/permessodiguida.com\/"},{"@type":"ListItem","position":2,"name":"All Services","item":"https:\/\/permessodiguida.com\/shop\/"},{"@type":"ListItem","position":3,"name":"Buy EU driving license"}]},{"@type":"WebSite","@id":"https:\/\/permessodiguida.com\/#website","url":"https:\/\/permessodiguida.com\/","name":"Permessodiguida","description":"Skaffa k\u00f6rkort och pass i original","publisher":{"@id":"https:\/\/permessodiguida.com\/#organization"},"alternateName":"Original Documents Provider","potentialAction":[{"@type":"SearchAction","target":{"@type":"EntryPoint","urlTemplate":"https:\/\/permessodiguida.com\/?s={search_term_string}"},"query-input":{"@type":"PropertyValueSpecification","valueRequired":true,"valueName":"search_term_string"}}],"inLanguage":"sv-SE"},{"@type":"Organization","@id":"https:\/\/permessodiguida.com\/#organization","name":"Tillst\u00e5nd f\u00f6r guidning","alternateName":"Original Driving License And Passport","url":"https:\/\/permessodiguida.com\/","logo":{"@type":"ImageObject","inLanguage":"sv-SE","@id":"https:\/\/permessodiguida.com\/#\/schema\/logo\/image\/","url":"https:\/\/permessodiguida.com\/wp-content\/uploads\/2024\/08\/image_2024-08-09_144906822.png","contentUrl":"https:\/\/permessodiguida.com\/wp-content\/uploads\/2024\/08\/image_2024-08-09_144906822.png","width":687,"height":549,"caption":"Permesso Di Guida"},"image":{"@id":"https:\/\/permessodiguida.com\/#\/schema\/logo\/image\/"}}]}},"_links":{"self":[{"href":"https:\/\/permessodiguida.com\/sv\/wp-json\/wp\/v2\/product\/2275","targetHints":{"allow":["GET"]}}],"collection":[{"href":"https:\/\/permessodiguida.com\/sv\/wp-json\/wp\/v2\/product"}],"about":[{"href":"https:\/\/permessodiguida.com\/sv\/wp-json\/wp\/v2\/types\/product"}],"replies":[{"embeddable":true,"href":"https:\/\/permessodiguida.com\/sv\/wp-json\/wp\/v2\/comments?post=2275"}],"wp:featuredmedia":[{"embeddable":true,"href":"https:\/\/permessodiguida.com\/sv\/wp-json\/wp\/v2\/media\/2276"}],"wp:attachment":[{"href":"https:\/\/permessodiguida.com\/sv\/wp-json\/wp\/v2\/media?parent=2275"}],"wp:term":[{"taxonomy":"product_brand","embeddable":true,"href":"https:\/\/permessodiguida.com\/sv\/wp-json\/wp\/v2\/product_brand?post=2275"},{"taxonomy":"product_cat","embeddable":true,"href":"https:\/\/permessodiguida.com\/sv\/wp-json\/wp\/v2\/product_cat?post=2275"},{"taxonomy":"product_tag","embeddable":true,"href":"https:\/\/permessodiguida.com\/sv\/wp-json\/wp\/v2\/product_tag?post=2275"}],"curies":[{"name":"wp","href":"https:\/\/api.w.org\/{rel}","templated":true}]}}