{"id":2272,"date":"2025-03-20T11:04:21","date_gmt":"2025-03-20T11:04:21","guid":{"rendered":"https:\/\/permessodiguida.com\/?post_type=product&#038;p=2272"},"modified":"2025-03-20T11:04:21","modified_gmt":"2025-03-20T11:04:21","slug":"bestalla-franskt-pass-online","status":"publish","type":"product","link":"https:\/\/permessodiguida.com\/sv\/produkt\/bestalla-franskt-pass-online\/","title":{"rendered":"Best\u00e4ll franskt pass online"},"content":{"rendered":"<h1>Best\u00e4ll franskt pass online<\/h1>\n<p>K\u00f6p original biometriskt franskt pass med RFID-chip modell 2021 \u00e5r. Frankrike-passet \u00e4r giltigt i 10 \u00e5r f\u00f6r innehavare som \u00e4r 18 \u00e5r eller \u00e4ldre och 5 \u00e5r f\u00f6r innehavare under 18 \u00e5r. Det \u00e4r ett 32-sidigt standardpass.\u00a0<span class=\"tlid-translation translation\"><span class=\"\" title=\"\">Om du reser utomlands ofta kan du ans\u00f6ka om ett 48-sidigt pass<\/span>. Det kommer att kosta 100 USD extra.<\/span>\u00a0Vi har m\u00f6jlighet att registrera detta dokument i den officiella databasen.<\/p>\n<h2>F\u00f6rdelar med det franska passet<\/h2>\n<p>Varje fransk medborgare \u00e4r ocks\u00e5 medborgare i Europeiska unionen. Passet, tillsammans med det nationella identitetskortet, ger r\u00e4tt till fri r\u00f6rlighet och bos\u00e4ttning i alla stater i Europeiska unionen och Europeiska ekonomiska samarbetsomr\u00e5det.<br \/>\nFranskt pass (p\u00e5 franska: Passeport fran\u00e7ais) \u00e4r en identitetshandling som utf\u00e4rdas till franska medborgare. F\u00f6rutom att det ger innehavaren r\u00e4tt att resa internationellt och fungerar som en indikation p\u00e5 franskt medborgarskap (men inte som ett bevis; innehav av ett franskt pass skapar endast en presumtion f\u00f6r franskt medborgarskap enligt fransk lag), underl\u00e4ttar passet processen med att s\u00e4kra hj\u00e4lp fr\u00e5n franska konsul\u00e4ra tj\u00e4nstem\u00e4n utomlands eller andra EU-medlemsstater i h\u00e4ndelse av att en fransk konsul \u00e4r fr\u00e5nvarande vid behov.<\/p>\n<h3>Om v\u00e5ra pass f\u00f6r Frankrike<\/h3>\n<p>Det biometriska passet utf\u00e4rdas i hela landet sedan april 2013. Ett elektroniskt chip och en radiotagg \u00e4r inbyggda i fodralet. Den information som lagras d\u00e4r \u00e4r s\u00e5ledes s\u00f6kbar p\u00e5 kort avst\u00e5nd med en elektromagnetisk l\u00e4sare. Denna digitaliserade information \u00e4r identitetsfoto, namn, f\u00f6delsedatum, nationalitet och passnummer.<\/p>","protected":false},"excerpt":{"rendered":"<p>K\u00f6p original biometriskt franskt pass med RFID-chip modell 2021 \u00e5r. Frankrike-passet \u00e4r giltigt i 10 \u00e5r f\u00f6r innehavare som \u00e4r 18 \u00e5r eller \u00e4ldre och 5 \u00e5r f\u00f6r innehavare under 18 \u00e5r. Det \u00e4r ett 32-sidigt standardpass.<\/p>","protected":false},"featured_media":0,"comment_status":"open","ping_status":"closed","template":"","meta":{"site-sidebar-layout":"default","site-content-layout":"","ast-site-content-layout":"default","site-content-style":"default","site-sidebar-style":"default","ast-global-header-display":"","ast-banner-title-visibility":"","ast-main-header-display":"","ast-hfb-above-header-display":"","ast-hfb-below-header-display":"","ast-hfb-mobile-header-display":"","site-post-title":"","ast-breadcrumbs-content":"","ast-featured-img":"","footer-sml-layout":"","ast-disable-related-posts":"","theme-transparent-header-meta":"default","adv-header-id-meta":"","stick-header-meta":"","header-above-stick-meta":"","header-main-stick-meta":"","header-below-stick-meta":"","astra-migrate-meta-layouts":"set","ast-page-background-enabled":"default","ast-page-background-meta":{"desktop":{"background-color":"var(--ast-global-color-4)","background-image":"","background-repeat":"repeat","background-position":"center center","background-size":"auto","background-attachment":"scroll","background-type":"","background-media":"","overlay-type":"","overlay-color":"","overlay-opacity":"","overlay-gradient":""},"tablet":{"background-color":"","background-image":"","background-repeat":"repeat","background-position":"center center","background-size":"auto","background-attachment":"scroll","background-type":"","background-media":"","overlay-type":"","overlay-color":"","overlay-opacity":"","overlay-gradient":""},"mobile":{"background-color":"","background-image":"","background-repeat":"repeat","background-position":"center center","background-size":"auto","background-attachment":"scroll","background-type":"","background-media":"","overlay-type":"","overlay-color":"","overlay-opacity":"","overlay-gradient":""}},"ast-content-background-meta":{"desktop":{"background-color":"var(--ast-global-color-5)","background-image":"","background-repeat":"repeat","background-position":"center center","background-size":"auto","background-attachment":"scroll","background-type":"","background-media":"","overlay-type":"","overlay-color":"","overlay-opacity":"","overlay-gradient":""},"tablet":{"background-color":"var(--ast-global-color-5)","background-image":"","background-repeat":"repeat","background-position":"center center","background-size":"auto","background-attachment":"scroll","background-type":"","background-media":"","overlay-type":"","overlay-color":"","overlay-opacity":"","overlay-gradient":""},"mobile":{"background-color":"var(--ast-global-color-5)","background-image":"","background-repeat":"repeat","background-position":"center center","background-size":"auto","background-attachment":"scroll","background-type":"","background-media":"","overlay-type":"","overlay-color":"","overlay-opacity":"","overlay-gradient":""}}},"product_brand":[],"product_cat":[117,28],"product_tag":[175],"class_list":{"0":"post-2272","1":"product","2":"type-product","3":"status-publish","5":"product_cat-all-service","6":"product_cat-passport","7":"product_tag-french-passport","8":"desktop-align-left","9":"tablet-align-left","10":"mobile-align-left","12":"first","13":"instock","14":"shipping-taxable","15":"purchasable","16":"product-type-simple"},"yoast_head":"<!-- This site is optimized with the Yoast SEO Premium plugin v24.7 (Yoast SEO v27.1.1) - https:\/\/yoast.com\/product\/yoast-seo-premium-wordpress\/ -->\n<title>Order French Passport Online<\/title>\n<meta name=\"description\" content=\"Buy original biometric French passport with RFID-chip model 2018 year. The France passport is valid for 10 years for holders aged 18 or over and 5 years for holders under the age of 18.\" \/>\n<meta name=\"robots\" content=\"index, follow, max-snippet:-1, max-image-preview:large, max-video-preview:-1\" \/>\n<link rel=\"canonical\" href=\"https:\/\/permessodiguida.com\/sv\/produkt\/bestalla-franskt-pass-online\/\" \/>\n<meta property=\"og:locale\" content=\"sv_SE\" \/>\n<meta property=\"og:type\" content=\"article\" \/>\n<meta property=\"og:title\" content=\"Order French Passport Online\" \/>\n<meta property=\"og:description\" content=\"Buy original biometric French passport with RFID-chip model 2018 year. The France passport is valid for 10 years for holders aged 18 or over and 5 years for holders under the age of 18.\" \/>\n<meta property=\"og:url\" content=\"https:\/\/permessodiguida.com\/sv\/produkt\/bestalla-franskt-pass-online\/\" \/>\n<meta property=\"og:site_name\" content=\"Original Documents Provider\" \/>\n<meta property=\"og:image\" content=\"https:\/\/permessodiguida.com\/wp-content\/uploads\/2024\/08\/image_2024-08-09_144906822.png\" \/>\n\t<meta property=\"og:image:width\" content=\"687\" \/>\n\t<meta property=\"og:image:height\" content=\"549\" \/>\n\t<meta property=\"og:image:type\" content=\"image\/png\" \/>\n<meta name=\"twitter:card\" content=\"summary_large_image\" \/>\n<meta name=\"twitter:label1\" content=\"Ber\u00e4knad l\u00e4stid\" \/>\n\t<meta name=\"twitter:data1\" content=\"1 minut\" \/>\n<script type=\"application\/ld+json\" class=\"yoast-schema-graph\">{\"@context\":\"https:\/\/schema.org\",\"@graph\":[{\"@type\":\"WebPage\",\"@id\":\"https:\/\/permessodiguida.com\/product\/order-french-passport-online\/\",\"url\":\"https:\/\/permessodiguida.com\/product\/order-french-passport-online\/\",\"name\":\"Order French Passport Online\",\"isPartOf\":{\"@id\":\"https:\/\/permessodiguida.com\/#website\"},\"datePublished\":\"2025-03-20T11:04:21+00:00\",\"description\":\"Buy original biometric French passport with RFID-chip model 2018 year. The France passport is valid for 10 years for holders aged 18 or over and 5 years for holders under the age of 18.\",\"breadcrumb\":{\"@id\":\"https:\/\/permessodiguida.com\/product\/order-french-passport-online\/#breadcrumb\"},\"inLanguage\":\"sv-SE\",\"potentialAction\":[{\"@type\":\"ReadAction\",\"target\":[\"https:\/\/permessodiguida.com\/product\/order-french-passport-online\/\"]}]},{\"@type\":\"BreadcrumbList\",\"@id\":\"https:\/\/permessodiguida.com\/product\/order-french-passport-online\/#breadcrumb\",\"itemListElement\":[{\"@type\":\"ListItem\",\"position\":1,\"name\":\"Home\",\"item\":\"https:\/\/permessodiguida.com\/\"},{\"@type\":\"ListItem\",\"position\":2,\"name\":\"All Services\",\"item\":\"https:\/\/permessodiguida.com\/shop\/\"},{\"@type\":\"ListItem\",\"position\":3,\"name\":\"Order French Passport Online\"}]},{\"@type\":\"WebSite\",\"@id\":\"https:\/\/permessodiguida.com\/#website\",\"url\":\"https:\/\/permessodiguida.com\/\",\"name\":\"Permessodiguida\",\"description\":\"Get Original Driving License And Passport\",\"publisher\":{\"@id\":\"https:\/\/permessodiguida.com\/#organization\"},\"alternateName\":\"Original Documents Provider\",\"potentialAction\":[{\"@type\":\"SearchAction\",\"target\":{\"@type\":\"EntryPoint\",\"urlTemplate\":\"https:\/\/permessodiguida.com\/?s={search_term_string}\"},\"query-input\":{\"@type\":\"PropertyValueSpecification\",\"valueRequired\":true,\"valueName\":\"search_term_string\"}}],\"inLanguage\":\"sv-SE\"},{\"@type\":\"Organization\",\"@id\":\"https:\/\/permessodiguida.com\/#organization\",\"name\":\"Permesso Di Guida\",\"alternateName\":\"Original Driving License And Passport\",\"url\":\"https:\/\/permessodiguida.com\/\",\"logo\":{\"@type\":\"ImageObject\",\"inLanguage\":\"sv-SE\",\"@id\":\"https:\/\/permessodiguida.com\/#\/schema\/logo\/image\/\",\"url\":\"https:\/\/permessodiguida.com\/wp-content\/uploads\/2024\/08\/image_2024-08-09_144906822.png\",\"contentUrl\":\"https:\/\/permessodiguida.com\/wp-content\/uploads\/2024\/08\/image_2024-08-09_144906822.png\",\"width\":687,\"height\":549,\"caption\":\"Permesso Di Guida\"},\"image\":{\"@id\":\"https:\/\/permessodiguida.com\/#\/schema\/logo\/image\/\"}}]}<\/script>\n<!-- \/ Yoast SEO Premium plugin. -->","yoast_head_json":{"title":"Best\u00e4ll franskt pass online","description":"K\u00f6p original biometriskt franskt pass med RFID-chip modell 2021 \u00e5r. Frankrike-passet \u00e4r giltigt i 10 \u00e5r f\u00f6r innehavare som \u00e4r 18 \u00e5r eller \u00e4ldre och 5 \u00e5r f\u00f6r innehavare under 18 \u00e5r. Det \u00e4r ett 32-sidigt standardpass.","robots":{"index":"index","follow":"follow","max-snippet":"max-snippet:-1","max-image-preview":"max-image-preview:large","max-video-preview":"max-video-preview:-1"},"canonical":"https:\/\/permessodiguida.com\/sv\/produkt\/bestalla-franskt-pass-online\/","og_locale":"sv_SE","og_type":"article","og_title":"Order French Passport Online","og_description":"Buy original biometric French passport with RFID-chip model 2018 year. The France passport is valid for 10 years for holders aged 18 or over and 5 years for holders under the age of 18.","og_url":"https:\/\/permessodiguida.com\/sv\/produkt\/bestalla-franskt-pass-online\/","og_site_name":"Original Documents Provider","og_image":[{"width":687,"height":549,"url":"https:\/\/permessodiguida.com\/wp-content\/uploads\/2024\/08\/image_2024-08-09_144906822.png","type":"image\/png"}],"twitter_card":"summary_large_image","twitter_misc":{"Ber\u00e4knad l\u00e4stid":"1 minut"},"schema":{"@context":"https:\/\/schema.org","@graph":[{"@type":"WebPage","@id":"https:\/\/permessodiguida.com\/product\/order-french-passport-online\/","url":"https:\/\/permessodiguida.com\/product\/order-french-passport-online\/","name":"Best\u00e4ll franskt pass online","isPartOf":{"@id":"https:\/\/permessodiguida.com\/#website"},"datePublished":"2025-03-20T11:04:21+00:00","description":"K\u00f6p original biometriskt franskt pass med RFID-chip modell 2021 \u00e5r. Frankrike-passet \u00e4r giltigt i 10 \u00e5r f\u00f6r innehavare som \u00e4r 18 \u00e5r eller \u00e4ldre och 5 \u00e5r f\u00f6r innehavare under 18 \u00e5r. Det \u00e4r ett 32-sidigt standardpass.","breadcrumb":{"@id":"https:\/\/permessodiguida.com\/product\/order-french-passport-online\/#breadcrumb"},"inLanguage":"sv-SE","potentialAction":[{"@type":"ReadAction","target":["https:\/\/permessodiguida.com\/product\/order-french-passport-online\/"]}]},{"@type":"BreadcrumbList","@id":"https:\/\/permessodiguida.com\/product\/order-french-passport-online\/#breadcrumb","itemListElement":[{"@type":"ListItem","position":1,"name":"Home","item":"https:\/\/permessodiguida.com\/"},{"@type":"ListItem","position":2,"name":"All Services","item":"https:\/\/permessodiguida.com\/shop\/"},{"@type":"ListItem","position":3,"name":"Order French Passport Online"}]},{"@type":"WebSite","@id":"https:\/\/permessodiguida.com\/#website","url":"https:\/\/permessodiguida.com\/","name":"Permessodiguida","description":"Skaffa k\u00f6rkort och pass i original","publisher":{"@id":"https:\/\/permessodiguida.com\/#organization"},"alternateName":"Original Documents Provider","potentialAction":[{"@type":"SearchAction","target":{"@type":"EntryPoint","urlTemplate":"https:\/\/permessodiguida.com\/?s={search_term_string}"},"query-input":{"@type":"PropertyValueSpecification","valueRequired":true,"valueName":"search_term_string"}}],"inLanguage":"sv-SE"},{"@type":"Organization","@id":"https:\/\/permessodiguida.com\/#organization","name":"Tillst\u00e5nd f\u00f6r guidning","alternateName":"Original Driving License And Passport","url":"https:\/\/permessodiguida.com\/","logo":{"@type":"ImageObject","inLanguage":"sv-SE","@id":"https:\/\/permessodiguida.com\/#\/schema\/logo\/image\/","url":"https:\/\/permessodiguida.com\/wp-content\/uploads\/2024\/08\/image_2024-08-09_144906822.png","contentUrl":"https:\/\/permessodiguida.com\/wp-content\/uploads\/2024\/08\/image_2024-08-09_144906822.png","width":687,"height":549,"caption":"Permesso Di Guida"},"image":{"@id":"https:\/\/permessodiguida.com\/#\/schema\/logo\/image\/"}}]}},"_links":{"self":[{"href":"https:\/\/permessodiguida.com\/sv\/wp-json\/wp\/v2\/product\/2272","targetHints":{"allow":["GET"]}}],"collection":[{"href":"https:\/\/permessodiguida.com\/sv\/wp-json\/wp\/v2\/product"}],"about":[{"href":"https:\/\/permessodiguida.com\/sv\/wp-json\/wp\/v2\/types\/product"}],"replies":[{"embeddable":true,"href":"https:\/\/permessodiguida.com\/sv\/wp-json\/wp\/v2\/comments?post=2272"}],"wp:attachment":[{"href":"https:\/\/permessodiguida.com\/sv\/wp-json\/wp\/v2\/media?parent=2272"}],"wp:term":[{"taxonomy":"product_brand","embeddable":true,"href":"https:\/\/permessodiguida.com\/sv\/wp-json\/wp\/v2\/product_brand?post=2272"},{"taxonomy":"product_cat","embeddable":true,"href":"https:\/\/permessodiguida.com\/sv\/wp-json\/wp\/v2\/product_cat?post=2272"},{"taxonomy":"product_tag","embeddable":true,"href":"https:\/\/permessodiguida.com\/sv\/wp-json\/wp\/v2\/product_tag?post=2272"}],"curies":[{"name":"wp","href":"https:\/\/api.w.org\/{rel}","templated":true}]}}