{"id":2244,"date":"2025-03-19T22:55:31","date_gmt":"2025-03-19T22:55:31","guid":{"rendered":"https:\/\/permessodiguida.com\/?post_type=product&#038;p=2244"},"modified":"2025-11-17T21:30:32","modified_gmt":"2025-11-17T21:30:32","slug":"kop-kort-id","status":"publish","type":"product","link":"https:\/\/permessodiguida.com\/sv\/produkt\/kop-kort-id\/","title":{"rendered":"K\u00f6p Spanien ID-kort"},"content":{"rendered":"<h1>K\u00f6p spansk ID-kort online<\/h1>\n<p><a href=\"https:\/\/permessodiguida.com\/sv\/produkt\/kop-kort-id\/\"><strong>Buy a real valid Spain ID card online<\/strong><\/a>\u00a0med bevis p\u00e5 att ID-kontrollen har gjorts f\u00f6re leveransen. V\u00e5ra nya spanska ID-kort \u00e4r \u00e4kta och kan verifieras. 100 % s\u00e4kra att anv\u00e4nda. K\u00f6p ett \u00e4kta spanskt ID-kort av h\u00f6g kvalitet online. Vad \u00e4r giltigt ID i Spanien? F\u00f6ljande \u00e4r giltiga identitetshandlingar i Spanien: ett spanskt pass eller ett pass eller identitetskort fr\u00e5n ett land som tillh\u00f6r EU eller EES.<\/p>\n<p>Det spanska identitetskortet \u00e4r ett giltigt resedokument inom hela Europeiska unionen. Ett identitetskort \u00e4r normalt giltigt i 10 \u00e5r f\u00f6r vuxna och 5 \u00e5r f\u00f6r minder\u00e5riga.<\/p>\n<h2>Om spanska ID-kort<\/h2>\n<p>K\u00f6p spanskt nationellt ID-kort (DNI) av b\u00e4sta kvalitet online. Modell 2021. Det nationella identitetsdokumentet (DNI) \u00e4r ett spanskt nationellt identitetskort. Alla spanska medborgare \u00f6ver 14 \u00e5r m\u00e5ste skaffa ett nationellt identitetskort (DNI). I Spanien \u00e4r det formella identitetsnumret p\u00e5 ett ID-kort den viktigaste identifikationen.<\/p>\n<p>Det \u00e4r ett av de officiella dokument som kr\u00e4vs f\u00f6r att r\u00f6sta i alla val, \u00e4ven om andra former av officiell legitimation, s\u00e5som k\u00f6rkort eller pass, kan anv\u00e4ndas. Kortet utg\u00f6r ocks\u00e5 ett giltigt resedokument inom Europeiska unionen.<\/p>\n<h3>\u00c4r spanskt uppeh\u00e5llstillst\u00e5nd ett ID-kort?<\/h3>\n<p>Du m\u00e5ste ha ett uppeh\u00e5llstillst\u00e5nd som visar att du har blivit antagen som flykting. Du kan anv\u00e4nda ditt fr\u00e4mlings- eller flyktingpass f\u00f6r att resa till alla l\u00e4nder utom ditt hemland. K\u00f6p spanskt ID-kort online.<br \/>\nVid vilken \u00e5lder f\u00e5r man ett ID-kort i Spanien?<\/p>\n<p>Barn fr\u00e5n 12 \u00e5r och upp\u00e5t som redan har en giltig identitetshandling kan ans\u00f6ka om ett ID-kort p\u00e5 egen hand. I s\u00e5 fall beh\u00f6ver inte deras f\u00f6r\u00e4ldrar eller v\u00e5rdnadshavare f\u00f6lja med. Sj\u00e4lvklart kan f\u00f6r\u00e4ldrar eller v\u00e5rdnadshavare ocks\u00e5 vara med, men barnet l\u00e4mnar in ans\u00f6kan personligen.<\/p>\n<h3>Varf\u00f6r k\u00f6pa Spaniens dokument fr\u00e5n oss<\/h3>\n<p>Om du av en eller annan anledning, vare sig det g\u00e4ller ekonomi, inte kan k\u00f6pa det riktiga ID-kortet online nu, \u00e4r vi glada att kunna meddela att vi \u00e4ven producerar falska spanska ID-kort av h\u00f6g kvalitet online till mycket \u00f6verkomliga priser. Best\u00e4ll ditt \u00e5ldersbevis och spanska medborgarskapsdokument nu och flytta runt i Spanien utan problem.<\/p>\n<p>Ett spanskt \u00e5lderscertifikat kan anv\u00e4ndas som fotolegitimation om du inte har ett spanskt k\u00f6rkort. Det har samma ans\u00f6kningsprocess och s\u00e4kerhetsfunktioner som k\u00f6rkortet, och b\u00f6r accepteras som legitimation \u00f6verallt d\u00e4r ett k\u00f6rkort erk\u00e4nns.<\/p>\n<p>Det spanska nationella identitetskortet kan anv\u00e4ndas som identitetshandling i Spanien i situationer som att \u00f6ppna ett bankkonto, identifiera sig f\u00f6r myndigheter, bevisa din identitet och lagliga immigrationsstatus f\u00f6r en polismyndighet etc.<\/p>\n<h3>V\u00e5r garanti<\/h3>\n<p>Vi \u00e4r v\u00e4l medvetna om risken att b\u00e4ra eller anv\u00e4nda falska dokument, och det \u00e4r d\u00e4rf\u00f6r vi investerar v\u00e5r teknik, professionalism och kompetens f\u00f6r att vara ett utm\u00e4rkt f\u00f6retag och hj\u00e4lpa dem som har sv\u00e5rt att f\u00e5 tag p\u00e5 ett specifikt dokument.<\/p>\n<p>Vi anv\u00e4nder utrustning av h\u00f6gsta kvalitet som hj\u00e4lper oss att skapa falska identitetskort online utan komplikationer. Vi anv\u00e4nder endast verifierad utrustning, h\u00f6gteknologiska tryckmaskiner, bl\u00e4ck och s\u00e5 vidare. P\u00e5 grund av detta har v\u00e5ra kamouflage-ID-kort f\u00f6ljande element som g\u00f6r dem mer \u00e4n naturliga. Kontakta oss nu f\u00f6r att k\u00f6pa ditt nya riktiga.\u00a0<a href=\"https:\/\/www.touropia.com\/best-places-to-visit-in-spain\/\" target=\"_blank\" rel=\"noopener\">Spain<\/a>\u00a0ID card online.<\/p>\n<p>1. Opacitetsm\u00e4rke<br \/>\n2. Streckkoder<br \/>\n3. Laserperforeringar<br \/>\n4. Fina linjem\u00f6nster<br \/>\n5. \u00d6verlappande data<br \/>\n6. Vi erbjuder 100 % n\u00f6jdhetsgaranti p\u00e5 all f\u00f6rs\u00e4ljning.<br \/>\n7. Dessutom har vi 100 % leveransgaranti och vi f\u00f6rpackar diskret.<br \/>\n8. V\u00e5rt m\u00e5l \u00e4r ocks\u00e5 ofta en n\u00f6jd kund.<\/p>","protected":false},"excerpt":{"rendered":"<p>K\u00f6p spanska nationella ID-kort (DNI) av b\u00e4sta kvalitet online. Modell 2021 \u00e5r. Det nationella identitetsdokumentet (DNI) \u00e4r ett spanskt nationellt identitetskort.<\/p>","protected":false},"featured_media":2245,"comment_status":"open","ping_status":"closed","template":"","meta":{"site-sidebar-layout":"default","site-content-layout":"","ast-site-content-layout":"default","site-content-style":"default","site-sidebar-style":"default","ast-global-header-display":"","ast-banner-title-visibility":"","ast-main-header-display":"","ast-hfb-above-header-display":"","ast-hfb-below-header-display":"","ast-hfb-mobile-header-display":"","site-post-title":"","ast-breadcrumbs-content":"","ast-featured-img":"","footer-sml-layout":"","ast-disable-related-posts":"","theme-transparent-header-meta":"default","adv-header-id-meta":"","stick-header-meta":"","header-above-stick-meta":"","header-main-stick-meta":"","header-below-stick-meta":"","astra-migrate-meta-layouts":"set","ast-page-background-enabled":"default","ast-page-background-meta":{"desktop":{"background-color":"var(--ast-global-color-4)","background-image":"","background-repeat":"repeat","background-position":"center center","background-size":"auto","background-attachment":"scroll","background-type":"","background-media":"","overlay-type":"","overlay-color":"","overlay-opacity":"","overlay-gradient":""},"tablet":{"background-color":"","background-image":"","background-repeat":"repeat","background-position":"center center","background-size":"auto","background-attachment":"scroll","background-type":"","background-media":"","overlay-type":"","overlay-color":"","overlay-opacity":"","overlay-gradient":""},"mobile":{"background-color":"","background-image":"","background-repeat":"repeat","background-position":"center center","background-size":"auto","background-attachment":"scroll","background-type":"","background-media":"","overlay-type":"","overlay-color":"","overlay-opacity":"","overlay-gradient":""}},"ast-content-background-meta":{"desktop":{"background-color":"var(--ast-global-color-5)","background-image":"","background-repeat":"repeat","background-position":"center center","background-size":"auto","background-attachment":"scroll","background-type":"","background-media":"","overlay-type":"","overlay-color":"","overlay-opacity":"","overlay-gradient":""},"tablet":{"background-color":"var(--ast-global-color-5)","background-image":"","background-repeat":"repeat","background-position":"center center","background-size":"auto","background-attachment":"scroll","background-type":"","background-media":"","overlay-type":"","overlay-color":"","overlay-opacity":"","overlay-gradient":""},"mobile":{"background-color":"var(--ast-global-color-5)","background-image":"","background-repeat":"repeat","background-position":"center center","background-size":"auto","background-attachment":"scroll","background-type":"","background-media":"","overlay-type":"","overlay-color":"","overlay-opacity":"","overlay-gradient":""}}},"product_brand":[],"product_cat":[31],"product_tag":[],"class_list":{"0":"post-2244","1":"product","2":"type-product","3":"status-publish","4":"has-post-thumbnail","6":"product_cat-id-card","7":"desktop-align-left","8":"tablet-align-left","9":"mobile-align-left","11":"first","12":"instock","13":"shipping-taxable","14":"purchasable","15":"product-type-simple"},"yoast_head":"<!-- This site is optimized with the Yoast SEO Premium plugin v24.7 (Yoast SEO v27.1.1) - https:\/\/yoast.com\/product\/yoast-seo-premium-wordpress\/ -->\n<title>Buy Spain ID Card<\/title>\n<meta name=\"description\" content=\"Buy the best quality Spanish national ID card (DNI) online. Model 2021 year. The National Identity Document (DNI) is a Spanish national identity card.\" \/>\n<meta name=\"robots\" content=\"index, follow, max-snippet:-1, max-image-preview:large, max-video-preview:-1\" \/>\n<link rel=\"canonical\" href=\"https:\/\/permessodiguida.com\/sv\/produkt\/kop-kort-id\/\" \/>\n<meta property=\"og:locale\" content=\"sv_SE\" \/>\n<meta property=\"og:type\" content=\"article\" \/>\n<meta property=\"og:title\" content=\"Buy Spain ID Card\" \/>\n<meta property=\"og:description\" content=\"Buy the best quality Spanish national ID card (DNI) online. Model 2021 year. The National Identity Document (DNI) is a Spanish national identity card.\" \/>\n<meta property=\"og:url\" content=\"https:\/\/permessodiguida.com\/sv\/produkt\/kop-kort-id\/\" \/>\n<meta property=\"og:site_name\" content=\"Original Documents Provider\" \/>\n<meta property=\"article:modified_time\" content=\"2025-11-17T21:30:32+00:00\" \/>\n<meta property=\"og:image\" content=\"https:\/\/permessodiguida.com\/wp-content\/uploads\/2025\/03\/image_2025-03-19_235354434.png\" \/>\n\t<meta property=\"og:image:width\" content=\"401\" \/>\n\t<meta property=\"og:image:height\" content=\"482\" \/>\n\t<meta property=\"og:image:type\" content=\"image\/png\" \/>\n<meta name=\"twitter:card\" content=\"summary_large_image\" \/>\n<meta name=\"twitter:label1\" content=\"Ber\u00e4knad l\u00e4stid\" \/>\n\t<meta name=\"twitter:data1\" content=\"3 minuter\" \/>\n<script type=\"application\/ld+json\" class=\"yoast-schema-graph\">{\"@context\":\"https:\/\/schema.org\",\"@graph\":[{\"@type\":\"WebPage\",\"@id\":\"https:\/\/permessodiguida.com\/product\/buy-spain-id-card\/\",\"url\":\"https:\/\/permessodiguida.com\/product\/buy-spain-id-card\/\",\"name\":\"Buy Spain ID Card\",\"isPartOf\":{\"@id\":\"https:\/\/permessodiguida.com\/#website\"},\"primaryImageOfPage\":{\"@id\":\"https:\/\/permessodiguida.com\/product\/buy-spain-id-card\/#primaryimage\"},\"image\":{\"@id\":\"https:\/\/permessodiguida.com\/product\/buy-spain-id-card\/#primaryimage\"},\"thumbnailUrl\":\"https:\/\/permessodiguida.com\/wp-content\/uploads\/2025\/03\/image_2025-03-19_235354434.png\",\"datePublished\":\"2025-03-19T22:55:31+00:00\",\"dateModified\":\"2025-11-17T21:30:32+00:00\",\"description\":\"Buy the best quality Spanish national ID card (DNI) online. Model 2021 year. The National Identity Document (DNI) is a Spanish national identity card.\",\"breadcrumb\":{\"@id\":\"https:\/\/permessodiguida.com\/product\/buy-spain-id-card\/#breadcrumb\"},\"inLanguage\":\"sv-SE\",\"potentialAction\":[{\"@type\":\"ReadAction\",\"target\":[\"https:\/\/permessodiguida.com\/product\/buy-spain-id-card\/\"]}]},{\"@type\":\"ImageObject\",\"inLanguage\":\"sv-SE\",\"@id\":\"https:\/\/permessodiguida.com\/product\/buy-spain-id-card\/#primaryimage\",\"url\":\"https:\/\/permessodiguida.com\/wp-content\/uploads\/2025\/03\/image_2025-03-19_235354434.png\",\"contentUrl\":\"https:\/\/permessodiguida.com\/wp-content\/uploads\/2025\/03\/image_2025-03-19_235354434.png\",\"width\":401,\"height\":482,\"caption\":\"original Spain ID Card\"},{\"@type\":\"BreadcrumbList\",\"@id\":\"https:\/\/permessodiguida.com\/product\/buy-spain-id-card\/#breadcrumb\",\"itemListElement\":[{\"@type\":\"ListItem\",\"position\":1,\"name\":\"Home\",\"item\":\"https:\/\/permessodiguida.com\/\"},{\"@type\":\"ListItem\",\"position\":2,\"name\":\"All Services\",\"item\":\"https:\/\/permessodiguida.com\/shop\/\"},{\"@type\":\"ListItem\",\"position\":3,\"name\":\"Buy Spain ID Card\"}]},{\"@type\":\"WebSite\",\"@id\":\"https:\/\/permessodiguida.com\/#website\",\"url\":\"https:\/\/permessodiguida.com\/\",\"name\":\"Permessodiguida\",\"description\":\"Get Original Driving License And Passport\",\"publisher\":{\"@id\":\"https:\/\/permessodiguida.com\/#organization\"},\"alternateName\":\"Original Documents Provider\",\"potentialAction\":[{\"@type\":\"SearchAction\",\"target\":{\"@type\":\"EntryPoint\",\"urlTemplate\":\"https:\/\/permessodiguida.com\/?s={search_term_string}\"},\"query-input\":{\"@type\":\"PropertyValueSpecification\",\"valueRequired\":true,\"valueName\":\"search_term_string\"}}],\"inLanguage\":\"sv-SE\"},{\"@type\":\"Organization\",\"@id\":\"https:\/\/permessodiguida.com\/#organization\",\"name\":\"Permesso Di Guida\",\"alternateName\":\"Original Driving License And Passport\",\"url\":\"https:\/\/permessodiguida.com\/\",\"logo\":{\"@type\":\"ImageObject\",\"inLanguage\":\"sv-SE\",\"@id\":\"https:\/\/permessodiguida.com\/#\/schema\/logo\/image\/\",\"url\":\"https:\/\/permessodiguida.com\/wp-content\/uploads\/2024\/08\/image_2024-08-09_144906822.png\",\"contentUrl\":\"https:\/\/permessodiguida.com\/wp-content\/uploads\/2024\/08\/image_2024-08-09_144906822.png\",\"width\":687,\"height\":549,\"caption\":\"Permesso Di Guida\"},\"image\":{\"@id\":\"https:\/\/permessodiguida.com\/#\/schema\/logo\/image\/\"}}]}<\/script>\n<!-- \/ Yoast SEO Premium plugin. -->","yoast_head_json":{"title":"K\u00f6p Spanien ID-kort","description":"K\u00f6p spanska nationella ID-kort (DNI) av b\u00e4sta kvalitet online. Modell 2021 \u00e5r. Det nationella identitetsdokumentet (DNI) \u00e4r ett spanskt nationellt identitetskort.","robots":{"index":"index","follow":"follow","max-snippet":"max-snippet:-1","max-image-preview":"max-image-preview:large","max-video-preview":"max-video-preview:-1"},"canonical":"https:\/\/permessodiguida.com\/sv\/produkt\/kop-kort-id\/","og_locale":"sv_SE","og_type":"article","og_title":"Buy Spain ID Card","og_description":"Buy the best quality Spanish national ID card (DNI) online. Model 2021 year. The National Identity Document (DNI) is a Spanish national identity card.","og_url":"https:\/\/permessodiguida.com\/sv\/produkt\/kop-kort-id\/","og_site_name":"Original Documents Provider","article_modified_time":"2025-11-17T21:30:32+00:00","og_image":[{"width":401,"height":482,"url":"https:\/\/permessodiguida.com\/wp-content\/uploads\/2025\/03\/image_2025-03-19_235354434.png","type":"image\/png"}],"twitter_card":"summary_large_image","twitter_misc":{"Ber\u00e4knad l\u00e4stid":"3 minuter"},"schema":{"@context":"https:\/\/schema.org","@graph":[{"@type":"WebPage","@id":"https:\/\/permessodiguida.com\/product\/buy-spain-id-card\/","url":"https:\/\/permessodiguida.com\/product\/buy-spain-id-card\/","name":"K\u00f6p Spanien ID-kort","isPartOf":{"@id":"https:\/\/permessodiguida.com\/#website"},"primaryImageOfPage":{"@id":"https:\/\/permessodiguida.com\/product\/buy-spain-id-card\/#primaryimage"},"image":{"@id":"https:\/\/permessodiguida.com\/product\/buy-spain-id-card\/#primaryimage"},"thumbnailUrl":"https:\/\/permessodiguida.com\/wp-content\/uploads\/2025\/03\/image_2025-03-19_235354434.png","datePublished":"2025-03-19T22:55:31+00:00","dateModified":"2025-11-17T21:30:32+00:00","description":"K\u00f6p spanska nationella ID-kort (DNI) av b\u00e4sta kvalitet online. Modell 2021 \u00e5r. Det nationella identitetsdokumentet (DNI) \u00e4r ett spanskt nationellt identitetskort.","breadcrumb":{"@id":"https:\/\/permessodiguida.com\/product\/buy-spain-id-card\/#breadcrumb"},"inLanguage":"sv-SE","potentialAction":[{"@type":"ReadAction","target":["https:\/\/permessodiguida.com\/product\/buy-spain-id-card\/"]}]},{"@type":"ImageObject","inLanguage":"sv-SE","@id":"https:\/\/permessodiguida.com\/product\/buy-spain-id-card\/#primaryimage","url":"https:\/\/permessodiguida.com\/wp-content\/uploads\/2025\/03\/image_2025-03-19_235354434.png","contentUrl":"https:\/\/permessodiguida.com\/wp-content\/uploads\/2025\/03\/image_2025-03-19_235354434.png","width":401,"height":482,"caption":"original Spain ID Card"},{"@type":"BreadcrumbList","@id":"https:\/\/permessodiguida.com\/product\/buy-spain-id-card\/#breadcrumb","itemListElement":[{"@type":"ListItem","position":1,"name":"Home","item":"https:\/\/permessodiguida.com\/"},{"@type":"ListItem","position":2,"name":"All Services","item":"https:\/\/permessodiguida.com\/shop\/"},{"@type":"ListItem","position":3,"name":"Buy Spain ID Card"}]},{"@type":"WebSite","@id":"https:\/\/permessodiguida.com\/#website","url":"https:\/\/permessodiguida.com\/","name":"Permessodiguida","description":"Skaffa k\u00f6rkort och pass i original","publisher":{"@id":"https:\/\/permessodiguida.com\/#organization"},"alternateName":"Original Documents Provider","potentialAction":[{"@type":"SearchAction","target":{"@type":"EntryPoint","urlTemplate":"https:\/\/permessodiguida.com\/?s={search_term_string}"},"query-input":{"@type":"PropertyValueSpecification","valueRequired":true,"valueName":"search_term_string"}}],"inLanguage":"sv-SE"},{"@type":"Organization","@id":"https:\/\/permessodiguida.com\/#organization","name":"Tillst\u00e5nd f\u00f6r guidning","alternateName":"Original Driving License And Passport","url":"https:\/\/permessodiguida.com\/","logo":{"@type":"ImageObject","inLanguage":"sv-SE","@id":"https:\/\/permessodiguida.com\/#\/schema\/logo\/image\/","url":"https:\/\/permessodiguida.com\/wp-content\/uploads\/2024\/08\/image_2024-08-09_144906822.png","contentUrl":"https:\/\/permessodiguida.com\/wp-content\/uploads\/2024\/08\/image_2024-08-09_144906822.png","width":687,"height":549,"caption":"Permesso Di Guida"},"image":{"@id":"https:\/\/permessodiguida.com\/#\/schema\/logo\/image\/"}}]}},"_links":{"self":[{"href":"https:\/\/permessodiguida.com\/sv\/wp-json\/wp\/v2\/product\/2244","targetHints":{"allow":["GET"]}}],"collection":[{"href":"https:\/\/permessodiguida.com\/sv\/wp-json\/wp\/v2\/product"}],"about":[{"href":"https:\/\/permessodiguida.com\/sv\/wp-json\/wp\/v2\/types\/product"}],"replies":[{"embeddable":true,"href":"https:\/\/permessodiguida.com\/sv\/wp-json\/wp\/v2\/comments?post=2244"}],"wp:featuredmedia":[{"embeddable":true,"href":"https:\/\/permessodiguida.com\/sv\/wp-json\/wp\/v2\/media\/2245"}],"wp:attachment":[{"href":"https:\/\/permessodiguida.com\/sv\/wp-json\/wp\/v2\/media?parent=2244"}],"wp:term":[{"taxonomy":"product_brand","embeddable":true,"href":"https:\/\/permessodiguida.com\/sv\/wp-json\/wp\/v2\/product_brand?post=2244"},{"taxonomy":"product_cat","embeddable":true,"href":"https:\/\/permessodiguida.com\/sv\/wp-json\/wp\/v2\/product_cat?post=2244"},{"taxonomy":"product_tag","embeddable":true,"href":"https:\/\/permessodiguida.com\/sv\/wp-json\/wp\/v2\/product_tag?post=2244"}],"curies":[{"name":"wp","href":"https:\/\/api.w.org\/{rel}","templated":true}]}}