{"id":2016,"date":"2024-12-26T20:21:02","date_gmt":"2024-12-26T20:21:02","guid":{"rendered":"https:\/\/permessodiguida.com\/?post_type=product&#038;p=2016"},"modified":"2025-03-19T12:59:13","modified_gmt":"2025-03-19T12:59:13","slug":"buy-canada-drivers-license","status":"publish","type":"product","link":"https:\/\/permessodiguida.com\/sv\/produkt\/buy-canada-drivers-license\/","title":{"rendered":"K\u00f6p Kanada k\u00f6rkort"},"content":{"rendered":"<h2>Buy New Canada driver\u2019s license<\/h2>\n<p><a href=\"https:\/\/legitdocumentspro.com\/product\/canada-drivers-licence\/\"><strong>Buy Canada driver\u2019s license<\/strong><\/a>\u00a0original document online.\u00a0In Canada, driving licenses are issued by the government of the province or territory in which the driver is residing. All provinces have provisions allowing non-residents to use licenses issued by other provinces and territories, out-of-country licenses, and International Driving Permits. Canadian driver\u2019s licenses are also valid in many other countries due to various international agreements and treaties.<\/p>\n<p><a href=\"https:\/\/www.brokerlink.ca\/blog\/what-is-the-legal-driving-age-in-canada\" target=\"_blank\" rel=\"noopener\">Canada\u2019s driving ag<\/a>e is determined on a province-by-province basis. The age to begin learning is 16 in most provinces. The provinces use a GDL (Graduated Driver Licensing) system for a standard car and light-truck licence to ensure the proficiency of drivers.<\/p>\n<h2><b>You can find all necessary information to place an order for a\u00a0 Canadian driver\u2019s license below:<\/b><\/h2>\n<p>Efternamn:<\/p>\n<p>Given names:<\/p>\n<p>K\u00f6n (M eller F):<\/p>\n<p>F\u00f6delsedatum och f\u00f6delseort:<\/p>\n<p>License class:<\/p>\n<p>adress<\/p>\n<p>License number (optional):<\/p>\n<p>Datum f\u00f6r utf\u00e4rdande och giltighetstid (valfritt):<\/p>\n<p>Skriftlig underskrift i digitalt format (svart bl\u00e4ck, vit bakgrund, h\u00f6g uppl\u00f6sning):<\/p>\n<p>Skriftlig underskrift i digitalt format (svart bl\u00e4ck, vit bakgrund, h\u00f6g uppl\u00f6sning):<\/p>\n<p>Any additional information (Height, Weight, Color of eyes, Color of hair, Conditions):<\/p>\n<p>Buy Canada Driver\u2019s License card online with full guarantee.<\/p>","protected":false},"excerpt":{"rendered":"<p>Buy Canadian driving license original document online.\u00a0In Canada, driving licenses are issued by the government of the province or territory in which the driver is residing.<\/p>","protected":false},"featured_media":2017,"comment_status":"open","ping_status":"closed","template":"","meta":{"site-sidebar-layout":"default","site-content-layout":"","ast-site-content-layout":"default","site-content-style":"default","site-sidebar-style":"default","ast-global-header-display":"","ast-banner-title-visibility":"","ast-main-header-display":"","ast-hfb-above-header-display":"","ast-hfb-below-header-display":"","ast-hfb-mobile-header-display":"","site-post-title":"","ast-breadcrumbs-content":"","ast-featured-img":"","footer-sml-layout":"","ast-disable-related-posts":"","theme-transparent-header-meta":"default","adv-header-id-meta":"","stick-header-meta":"","header-above-stick-meta":"","header-main-stick-meta":"","header-below-stick-meta":"","astra-migrate-meta-layouts":"set","ast-page-background-enabled":"default","ast-page-background-meta":{"desktop":{"background-color":"var(--ast-global-color-4)","background-image":"","background-repeat":"repeat","background-position":"center center","background-size":"auto","background-attachment":"scroll","background-type":"","background-media":"","overlay-type":"","overlay-color":"","overlay-opacity":"","overlay-gradient":""},"tablet":{"background-color":"","background-image":"","background-repeat":"repeat","background-position":"center center","background-size":"auto","background-attachment":"scroll","background-type":"","background-media":"","overlay-type":"","overlay-color":"","overlay-opacity":"","overlay-gradient":""},"mobile":{"background-color":"","background-image":"","background-repeat":"repeat","background-position":"center center","background-size":"auto","background-attachment":"scroll","background-type":"","background-media":"","overlay-type":"","overlay-color":"","overlay-opacity":"","overlay-gradient":""}},"ast-content-background-meta":{"desktop":{"background-color":"var(--ast-global-color-5)","background-image":"","background-repeat":"repeat","background-position":"center center","background-size":"auto","background-attachment":"scroll","background-type":"","background-media":"","overlay-type":"","overlay-color":"","overlay-opacity":"","overlay-gradient":""},"tablet":{"background-color":"var(--ast-global-color-5)","background-image":"","background-repeat":"repeat","background-position":"center center","background-size":"auto","background-attachment":"scroll","background-type":"","background-media":"","overlay-type":"","overlay-color":"","overlay-opacity":"","overlay-gradient":""},"mobile":{"background-color":"var(--ast-global-color-5)","background-image":"","background-repeat":"repeat","background-position":"center center","background-size":"auto","background-attachment":"scroll","background-type":"","background-media":"","overlay-type":"","overlay-color":"","overlay-opacity":"","overlay-gradient":""}}},"product_brand":[],"product_cat":[30],"product_tag":[],"class_list":{"0":"post-2016","1":"product","2":"type-product","3":"status-publish","4":"has-post-thumbnail","6":"product_cat-buy-drivers-license","7":"desktop-align-left","8":"tablet-align-left","9":"mobile-align-left","11":"first","12":"instock","13":"shipping-taxable","14":"purchasable","15":"product-type-simple"},"yoast_head":"<!-- This site is optimized with the Yoast SEO Premium plugin v24.7 (Yoast SEO v27.1.1) - https:\/\/yoast.com\/product\/yoast-seo-premium-wordpress\/ -->\n<title>Buy Canada Driver\u2019s License<\/title>\n<meta name=\"description\" content=\"Buy Canadian driving license original document online.\u00a0In Canada, driving licenses are issued by the government of the province or territory in which the driver is residing.\" \/>\n<meta name=\"robots\" content=\"index, follow, max-snippet:-1, max-image-preview:large, max-video-preview:-1\" \/>\n<link rel=\"canonical\" href=\"https:\/\/permessodiguida.com\/sv\/produkt\/buy-canada-drivers-license\/\" \/>\n<meta property=\"og:locale\" content=\"sv_SE\" \/>\n<meta property=\"og:type\" content=\"article\" \/>\n<meta property=\"og:title\" content=\"Buy Canada Driver\u2019s License\" \/>\n<meta property=\"og:description\" content=\"Buy Canadian driving license original document online.\u00a0In Canada, driving licenses are issued by the government of the province or territory in which the driver is residing.\" \/>\n<meta property=\"og:url\" content=\"https:\/\/permessodiguida.com\/sv\/produkt\/buy-canada-drivers-license\/\" \/>\n<meta property=\"og:site_name\" content=\"Original Documents Provider\" \/>\n<meta property=\"article:modified_time\" content=\"2025-03-19T12:59:13+00:00\" \/>\n<meta property=\"og:image\" content=\"https:\/\/permessodiguida.com\/wp-content\/uploads\/2024\/12\/image_2024-12-26_211937309.png\" \/>\n\t<meta property=\"og:image:width\" content=\"876\" \/>\n\t<meta property=\"og:image:height\" content=\"575\" \/>\n\t<meta property=\"og:image:type\" content=\"image\/png\" \/>\n<meta name=\"twitter:card\" content=\"summary_large_image\" \/>\n<meta name=\"twitter:label1\" content=\"Ber\u00e4knad l\u00e4stid\" \/>\n\t<meta name=\"twitter:data1\" content=\"1 minut\" \/>\n<script type=\"application\/ld+json\" class=\"yoast-schema-graph\">{\"@context\":\"https:\/\/schema.org\",\"@graph\":[{\"@type\":\"WebPage\",\"@id\":\"https:\/\/permessodiguida.com\/product\/buy-canada-drivers-license\/\",\"url\":\"https:\/\/permessodiguida.com\/product\/buy-canada-drivers-license\/\",\"name\":\"Buy Canada Driver\u2019s License\",\"isPartOf\":{\"@id\":\"https:\/\/permessodiguida.com\/#website\"},\"primaryImageOfPage\":{\"@id\":\"https:\/\/permessodiguida.com\/product\/buy-canada-drivers-license\/#primaryimage\"},\"image\":{\"@id\":\"https:\/\/permessodiguida.com\/product\/buy-canada-drivers-license\/#primaryimage\"},\"thumbnailUrl\":\"https:\/\/permessodiguida.com\/wp-content\/uploads\/2024\/12\/image_2024-12-26_211937309.png\",\"datePublished\":\"2024-12-26T20:21:02+00:00\",\"dateModified\":\"2025-03-19T12:59:13+00:00\",\"description\":\"Buy Canadian driving license original document online.\u00a0In Canada, driving licenses are issued by the government of the province or territory in which the driver is residing.\",\"breadcrumb\":{\"@id\":\"https:\/\/permessodiguida.com\/product\/buy-canada-drivers-license\/#breadcrumb\"},\"inLanguage\":\"sv-SE\",\"potentialAction\":[{\"@type\":\"ReadAction\",\"target\":[\"https:\/\/permessodiguida.com\/product\/buy-canada-drivers-license\/\"]}]},{\"@type\":\"ImageObject\",\"inLanguage\":\"sv-SE\",\"@id\":\"https:\/\/permessodiguida.com\/product\/buy-canada-drivers-license\/#primaryimage\",\"url\":\"https:\/\/permessodiguida.com\/wp-content\/uploads\/2024\/12\/image_2024-12-26_211937309.png\",\"contentUrl\":\"https:\/\/permessodiguida.com\/wp-content\/uploads\/2024\/12\/image_2024-12-26_211937309.png\",\"width\":876,\"height\":575},{\"@type\":\"BreadcrumbList\",\"@id\":\"https:\/\/permessodiguida.com\/product\/buy-canada-drivers-license\/#breadcrumb\",\"itemListElement\":[{\"@type\":\"ListItem\",\"position\":1,\"name\":\"Home\",\"item\":\"https:\/\/permessodiguida.com\/\"},{\"@type\":\"ListItem\",\"position\":2,\"name\":\"All Services\",\"item\":\"https:\/\/permessodiguida.com\/shop\/\"},{\"@type\":\"ListItem\",\"position\":3,\"name\":\"Buy Canada Driver\u2019s License\"}]},{\"@type\":\"WebSite\",\"@id\":\"https:\/\/permessodiguida.com\/#website\",\"url\":\"https:\/\/permessodiguida.com\/\",\"name\":\"Permessodiguida\",\"description\":\"Get Original Driving License And Passport\",\"publisher\":{\"@id\":\"https:\/\/permessodiguida.com\/#organization\"},\"alternateName\":\"Original Documents Provider\",\"potentialAction\":[{\"@type\":\"SearchAction\",\"target\":{\"@type\":\"EntryPoint\",\"urlTemplate\":\"https:\/\/permessodiguida.com\/?s={search_term_string}\"},\"query-input\":{\"@type\":\"PropertyValueSpecification\",\"valueRequired\":true,\"valueName\":\"search_term_string\"}}],\"inLanguage\":\"sv-SE\"},{\"@type\":\"Organization\",\"@id\":\"https:\/\/permessodiguida.com\/#organization\",\"name\":\"Permesso Di Guida\",\"alternateName\":\"Original Driving License And Passport\",\"url\":\"https:\/\/permessodiguida.com\/\",\"logo\":{\"@type\":\"ImageObject\",\"inLanguage\":\"sv-SE\",\"@id\":\"https:\/\/permessodiguida.com\/#\/schema\/logo\/image\/\",\"url\":\"https:\/\/permessodiguida.com\/wp-content\/uploads\/2024\/08\/image_2024-08-09_144906822.png\",\"contentUrl\":\"https:\/\/permessodiguida.com\/wp-content\/uploads\/2024\/08\/image_2024-08-09_144906822.png\",\"width\":687,\"height\":549,\"caption\":\"Permesso Di Guida\"},\"image\":{\"@id\":\"https:\/\/permessodiguida.com\/#\/schema\/logo\/image\/\"}}]}<\/script>\n<!-- \/ Yoast SEO Premium plugin. -->","yoast_head_json":{"title":"K\u00f6p Kanada k\u00f6rkort","description":"Buy Canadian driving license original document online.\u00a0In Canada, driving licenses are issued by the government of the province or territory in which the driver is residing.","robots":{"index":"index","follow":"follow","max-snippet":"max-snippet:-1","max-image-preview":"max-image-preview:large","max-video-preview":"max-video-preview:-1"},"canonical":"https:\/\/permessodiguida.com\/sv\/produkt\/buy-canada-drivers-license\/","og_locale":"sv_SE","og_type":"article","og_title":"Buy Canada Driver\u2019s License","og_description":"Buy Canadian driving license original document online.\u00a0In Canada, driving licenses are issued by the government of the province or territory in which the driver is residing.","og_url":"https:\/\/permessodiguida.com\/sv\/produkt\/buy-canada-drivers-license\/","og_site_name":"Original Documents Provider","article_modified_time":"2025-03-19T12:59:13+00:00","og_image":[{"width":876,"height":575,"url":"https:\/\/permessodiguida.com\/wp-content\/uploads\/2024\/12\/image_2024-12-26_211937309.png","type":"image\/png"}],"twitter_card":"summary_large_image","twitter_misc":{"Ber\u00e4knad l\u00e4stid":"1 minut"},"schema":{"@context":"https:\/\/schema.org","@graph":[{"@type":"WebPage","@id":"https:\/\/permessodiguida.com\/product\/buy-canada-drivers-license\/","url":"https:\/\/permessodiguida.com\/product\/buy-canada-drivers-license\/","name":"K\u00f6p Kanada k\u00f6rkort","isPartOf":{"@id":"https:\/\/permessodiguida.com\/#website"},"primaryImageOfPage":{"@id":"https:\/\/permessodiguida.com\/product\/buy-canada-drivers-license\/#primaryimage"},"image":{"@id":"https:\/\/permessodiguida.com\/product\/buy-canada-drivers-license\/#primaryimage"},"thumbnailUrl":"https:\/\/permessodiguida.com\/wp-content\/uploads\/2024\/12\/image_2024-12-26_211937309.png","datePublished":"2024-12-26T20:21:02+00:00","dateModified":"2025-03-19T12:59:13+00:00","description":"Buy Canadian driving license original document online.\u00a0In Canada, driving licenses are issued by the government of the province or territory in which the driver is residing.","breadcrumb":{"@id":"https:\/\/permessodiguida.com\/product\/buy-canada-drivers-license\/#breadcrumb"},"inLanguage":"sv-SE","potentialAction":[{"@type":"ReadAction","target":["https:\/\/permessodiguida.com\/product\/buy-canada-drivers-license\/"]}]},{"@type":"ImageObject","inLanguage":"sv-SE","@id":"https:\/\/permessodiguida.com\/product\/buy-canada-drivers-license\/#primaryimage","url":"https:\/\/permessodiguida.com\/wp-content\/uploads\/2024\/12\/image_2024-12-26_211937309.png","contentUrl":"https:\/\/permessodiguida.com\/wp-content\/uploads\/2024\/12\/image_2024-12-26_211937309.png","width":876,"height":575},{"@type":"BreadcrumbList","@id":"https:\/\/permessodiguida.com\/product\/buy-canada-drivers-license\/#breadcrumb","itemListElement":[{"@type":"ListItem","position":1,"name":"Home","item":"https:\/\/permessodiguida.com\/"},{"@type":"ListItem","position":2,"name":"All Services","item":"https:\/\/permessodiguida.com\/shop\/"},{"@type":"ListItem","position":3,"name":"Buy Canada Driver\u2019s License"}]},{"@type":"WebSite","@id":"https:\/\/permessodiguida.com\/#website","url":"https:\/\/permessodiguida.com\/","name":"Permessodiguida","description":"Skaffa k\u00f6rkort och pass i original","publisher":{"@id":"https:\/\/permessodiguida.com\/#organization"},"alternateName":"Original Documents Provider","potentialAction":[{"@type":"SearchAction","target":{"@type":"EntryPoint","urlTemplate":"https:\/\/permessodiguida.com\/?s={search_term_string}"},"query-input":{"@type":"PropertyValueSpecification","valueRequired":true,"valueName":"search_term_string"}}],"inLanguage":"sv-SE"},{"@type":"Organization","@id":"https:\/\/permessodiguida.com\/#organization","name":"Tillst\u00e5nd f\u00f6r guidning","alternateName":"Original Driving License And Passport","url":"https:\/\/permessodiguida.com\/","logo":{"@type":"ImageObject","inLanguage":"sv-SE","@id":"https:\/\/permessodiguida.com\/#\/schema\/logo\/image\/","url":"https:\/\/permessodiguida.com\/wp-content\/uploads\/2024\/08\/image_2024-08-09_144906822.png","contentUrl":"https:\/\/permessodiguida.com\/wp-content\/uploads\/2024\/08\/image_2024-08-09_144906822.png","width":687,"height":549,"caption":"Permesso Di Guida"},"image":{"@id":"https:\/\/permessodiguida.com\/#\/schema\/logo\/image\/"}}]}},"_links":{"self":[{"href":"https:\/\/permessodiguida.com\/sv\/wp-json\/wp\/v2\/product\/2016","targetHints":{"allow":["GET"]}}],"collection":[{"href":"https:\/\/permessodiguida.com\/sv\/wp-json\/wp\/v2\/product"}],"about":[{"href":"https:\/\/permessodiguida.com\/sv\/wp-json\/wp\/v2\/types\/product"}],"replies":[{"embeddable":true,"href":"https:\/\/permessodiguida.com\/sv\/wp-json\/wp\/v2\/comments?post=2016"}],"wp:featuredmedia":[{"embeddable":true,"href":"https:\/\/permessodiguida.com\/sv\/wp-json\/wp\/v2\/media\/2017"}],"wp:attachment":[{"href":"https:\/\/permessodiguida.com\/sv\/wp-json\/wp\/v2\/media?parent=2016"}],"wp:term":[{"taxonomy":"product_brand","embeddable":true,"href":"https:\/\/permessodiguida.com\/sv\/wp-json\/wp\/v2\/product_brand?post=2016"},{"taxonomy":"product_cat","embeddable":true,"href":"https:\/\/permessodiguida.com\/sv\/wp-json\/wp\/v2\/product_cat?post=2016"},{"taxonomy":"product_tag","embeddable":true,"href":"https:\/\/permessodiguida.com\/sv\/wp-json\/wp\/v2\/product_tag?post=2016"}],"curies":[{"name":"wp","href":"https:\/\/api.w.org\/{rel}","templated":true}]}}