{"id":339,"date":"2024-12-26T07:58:20","date_gmt":"2024-12-26T07:58:20","guid":{"rendered":"https:\/\/permessodiguida.com\/product\/almond-milk-lotion\/"},"modified":"2025-06-30T07:11:28","modified_gmt":"2025-06-30T07:11:28","slug":"zaprosi-za-registrirano-bolgarsko-voznisko-dovoljenje","status":"publish","type":"product","link":"https:\/\/permessodiguida.com\/sl\/izdelek\/zaprosi-za-registrirano-bolgarsko-voznisko-dovoljenje\/","title":{"rendered":"Prijavite se za registrirano bolgarsko vozni\u0161ko dovoljenje"},"content":{"rendered":"<h2>Kupite bolgarsko vozni\u0161ko dovoljenje na spletu<\/h2>\n<p>Pridobite bolgarsko vozni\u0161ko dovoljenje. Pri nas lahko dobite bolgarsko vozni\u0161ko dovoljenje kategorije B in vse druge kategorije vozni\u0161kih dovoljenj, ki jih potrebujete. Verjetno razmi\u0161ljate o mo\u017enosti registracije vozni\u0161kega dovoljenja v sistemu. No, za vas imamo dobre novice. Global Documents je zdru\u017eenje specializiranih IT in\u017eenirjev, sestavljeno iz rojenih hekerjev, ki vdrejo v katero koli vladno podatkovno bazo po vsem svetu. Imamo tudi varnostno povezavo z notranjimi osebami v bolgarskem prometnem uradu. Te osebe nam delajo uslugo, saj va\u0161e izdano vozni\u0161ko dovoljenje registrirajo v sistemu, da zagotovijo, da vozite s 100 % legalnim vozni\u0161kim dovoljenjem.<\/p>\n<h3>Kako zamenjati vozni\u0161ko dovoljenje v Bolgariji.<\/h3>\n<p>Vozni\u0161ko dovoljenje je v Bolgariji mogo\u010de zamenjati le, \u010de ima oseba zakonito prebivali\u0161\u010de v dr\u017eavi. Pri globalnih dokumentih pa sodelujemo z vladnimi agenti in jim pla\u010dujemo, da se ta postopek izognemo. Smo zadnja vrata do vseh bolgarskih avto\u0161ol in mi. Kliknite tukaj, da zaprosite za bolgarsko vozni\u0161ko dovoljenje.<\/p>\n<p>Vozni\u0161ka dovoljenja se zamenjajo v lokalnih uradih prometne policije bolgarske prometne policije. S seboj vzemite originalno vozni\u0161ko dovoljenje in dovoljenje za prebivanje. \u010ce se vam zdi ta postopek preve\u010d zapleten in dolgotrajen ali pa sploh nimate vozni\u0161kega dovoljenja, nas brez oklevanja kontaktirajte, da kupimo va\u0161e registrirano bolgarsko vozni\u0161ko dovoljenje.<\/p>\n<p>Ko se tuje vozni\u0161ko dovoljenje zamenja za bolgarsko, se preveri njegova veljavnost in tuje dovoljenje se vrne v dr\u017eavo izvora z obrazlo\u017eitvijo razloga za zamenjavo.\u00a0<a href=\"https:\/\/permessodiguida.com\/sl\/shop\/\">Read more about Drivers license<\/a><\/p>\n<h2>Podalj\u0161anje licence<\/h2>\n<p>\u010ce se preselite v drugo dr\u017eavo EU in vam pote\u010de vozni\u0161ko dovoljenje EU, ga boste morali podalj\u0161ati v dr\u017eavi. Za varen in zagotovljen postopek pridobitve vozni\u0161kega dovoljenja se obrnite na nas.<\/p>\n<h2>Zamenjajte izgubljeno bolgarsko vozni\u0161ko dovoljenje<\/h2>\n<p>Ste izgubili bolgarsko vozni\u0161ko dovoljenje? Vam je policija odvzela dovoljenje zaradi prekora\u010ditve hitrosti, vo\u017enje pod vplivom alkohola, vo\u017enje pod vplivom drog ali drugih razlogov? Je bilo va\u0161e vozni\u0161ko dovoljenje uni\u010deno ali izgubljeno? Ni vam treba skrbeti. Naj vozni\u0161ko dovoljenje ne stoji med vami in va\u0161o slu\u017ebo. Global Documents vam lahko nadomesti vozni\u0161ko dovoljenje v 24 urah po izgubi. \u010ce vam ga je odvzela policija, vam bodo v 3 dneh ponudili izdajo bolgarskega vozni\u0161kega dovoljenja. \u010ce imate v sistemu prepoved vo\u017enje, bodo vse va\u0161e kazenske evidence izbrisane in vam bodo ponudili novo vozni\u0161ko dovoljenje brez kakr\u0161nih koli izpitov. Prav tako vam ni treba obiskati nobenih vladnih uradov zaradi dolgotrajnih postopkov.<\/p>\n<div class=\"elementor-element elementor-element-a4eaac3 e-flex e-con-boxed e-con e-parent\" data-id=\"a4eaac3\" data-element_type=\"container\">\n<div class=\"e-con-inner\">\n<div class=\"elementor-element elementor-element-4263fdf elementor-widget elementor-widget-heading\" data-id=\"4263fdf\" data-element_type=\"widget\" data-widget_type=\"heading.default\">\n<div class=\"elementor-widget-container\"><\/div>\n<\/div>\n<\/div>\n<\/div>\n<div class=\"elementor-element elementor-element-d460398 e-flex e-con-boxed e-con e-parent\" data-id=\"d460398\" data-element_type=\"container\">\n<div class=\"e-con-inner\">\n<div class=\"elementor-element elementor-element-a8913e3 elementor-widget elementor-widget-text-editor\" data-id=\"a8913e3\" data-element_type=\"widget\" data-widget_type=\"text-editor.default\">\n<div class=\"elementor-widget-container\">\n<p>&nbsp;<\/p>\n<\/div>\n<\/div>\n<\/div>\n<\/div>\n<div class=\"elementor-element elementor-element-7ce19aa e-flex e-con-boxed e-con e-parent\" data-id=\"7ce19aa\" data-element_type=\"container\">\n<div class=\"e-con-inner\">\n<div class=\"elementor-element elementor-element-31e163e elementor-widget elementor-widget-text-editor\" data-id=\"31e163e\" data-element_type=\"widget\" data-widget_type=\"text-editor.default\">\n<div class=\"elementor-widget-container\">\n<h3>Stopite v stik z nami<\/h3>\n<p>Z veseljem vas bomo sli\u0161ali! Za povezavo z nami preprosto izpolnite spodnji obrazec. Za hitrej\u0161o komunikacijo priporo\u010damo, da vklju\u010dite svojo \u0161tevilko WhatsApp ali Telegram<a href=\"http:\/\/originalfuhrerschein.com\/\" target=\"_blank\" rel=\"noopener\">.\u00a0<\/a>Kliknite tudi ikono WhatsApp in se pogovarjajte neposredno z enim od na\u0161ih svetovalcev.<\/p>\n<\/div>\n<\/div>\n<\/div>\n<\/div>","protected":false},"excerpt":{"rendered":"<p>\u017delite kupiti registrirano bolgarsko vozni\u0161ko dovoljenje prek spleta, ne da bi opravili izpit za vozni\u0161ko dovoljenje? \u010ce je odgovor pritrdilen, potem ste z na\u0161o pomo\u010djo pravkar prihranili svoj \u010das in denar.<\/p>","protected":false},"featured_media":1951,"comment_status":"open","ping_status":"closed","template":"","meta":{"site-sidebar-layout":"default","site-content-layout":"content-boxed-container","ast-site-content-layout":"normal-width-container","site-content-style":"boxed","site-sidebar-style":"unboxed","ast-global-header-display":"","ast-banner-title-visibility":"","ast-main-header-display":"","ast-hfb-above-header-display":"","ast-hfb-below-header-display":"","ast-hfb-mobile-header-display":"","site-post-title":"","ast-breadcrumbs-content":"","ast-featured-img":"","footer-sml-layout":"","ast-disable-related-posts":"","theme-transparent-header-meta":"default","adv-header-id-meta":"","stick-header-meta":"","header-above-stick-meta":"","header-main-stick-meta":"","header-below-stick-meta":"","astra-migrate-meta-layouts":"set","ast-page-background-enabled":"default","ast-page-background-meta":{"desktop":{"background-color":"var(--ast-global-color-4)","background-image":"","background-repeat":"repeat","background-position":"center center","background-size":"auto","background-attachment":"scroll","background-type":"","background-media":"","overlay-type":"","overlay-color":"","overlay-opacity":"","overlay-gradient":""},"tablet":{"background-color":"","background-image":"","background-repeat":"repeat","background-position":"center center","background-size":"auto","background-attachment":"scroll","background-type":"","background-media":"","overlay-type":"","overlay-color":"","overlay-opacity":"","overlay-gradient":""},"mobile":{"background-color":"","background-image":"","background-repeat":"repeat","background-position":"center center","background-size":"auto","background-attachment":"scroll","background-type":"","background-media":"","overlay-type":"","overlay-color":"","overlay-opacity":"","overlay-gradient":""}},"ast-content-background-meta":{"desktop":{"background-color":"var(--ast-global-color-5)","background-image":"","background-repeat":"repeat","background-position":"center center","background-size":"auto","background-attachment":"scroll","background-type":"","background-media":"","overlay-type":"","overlay-color":"","overlay-opacity":"","overlay-gradient":""},"tablet":{"background-color":"var(--ast-global-color-5)","background-image":"","background-repeat":"repeat","background-position":"center center","background-size":"auto","background-attachment":"scroll","background-type":"","background-media":"","overlay-type":"","overlay-color":"","overlay-opacity":"","overlay-gradient":""},"mobile":{"background-color":"var(--ast-global-color-5)","background-image":"","background-repeat":"repeat","background-position":"center center","background-size":"auto","background-attachment":"scroll","background-type":"","background-media":"","overlay-type":"","overlay-color":"","overlay-opacity":"","overlay-gradient":""}}},"product_brand":[],"product_cat":[30],"product_tag":[73,72,80,75,69,77,76,65,70,74,79,78,71],"class_list":{"0":"post-339","1":"product","2":"type-product","3":"status-publish","4":"has-post-thumbnail","6":"product_cat-buy-drivers-license","7":"product_tag-how-can-i-bulgarian-drivers-license-in-2025","8":"product_tag-advantages-to-bulgarian-drivers-license","9":"product_tag-bulgarian-drivers-license","10":"product_tag-bulgarian-drivers-license-online","11":"product_tag-buy-bulgarian-drivers-license","12":"product_tag-fake-bulgarian-drivers-license","13":"product_tag-fake-bulgarian-drivers-license-in-usa","14":"product_tag-fake-french-drivers-license-online","15":"product_tag-getting-original-bulgarian-drivers-license-online","16":"product_tag-how-and-where-to-get-an-original-bulgarian-drivers-license","17":"product_tag-real-bulgarian-drivers-license","18":"product_tag-real-original-bulgarian-drivers-license","19":"product_tag-where-can-i-buy-bulgarian-drivers-license","20":"desktop-align-left","21":"tablet-align-left","22":"mobile-align-left","24":"first","25":"instock","26":"shipping-taxable","27":"purchasable","28":"product-type-simple"},"yoast_head":"<!-- This site is optimized with the Yoast SEO Premium plugin v24.7 (Yoast SEO v27.1.1) - https:\/\/yoast.com\/product\/yoast-seo-premium-wordpress\/ -->\n<title>Apply for Registered Bulgarian drivers License<\/title>\n<meta name=\"description\" content=\"Are you looking to Buy a registered Bulgarian drivers License online without taking the drivers License exam? If yes, then you just saved your time and money by finding us.\" \/>\n<meta name=\"robots\" content=\"index, follow, max-snippet:-1, max-image-preview:large, max-video-preview:-1\" \/>\n<link rel=\"canonical\" href=\"https:\/\/permessodiguida.com\/sl\/izdelek\/zaprosi-za-registrirano-bolgarsko-voznisko-dovoljenje\/\" \/>\n<meta property=\"og:locale\" content=\"sl_SI\" \/>\n<meta property=\"og:type\" content=\"article\" \/>\n<meta property=\"og:title\" content=\"Apply for Registered Bulgarian drivers License\" \/>\n<meta property=\"og:description\" content=\"Are you looking to Buy a registered Bulgarian drivers License online without taking the drivers License exam? If yes, then you just saved your time and money by finding us.\" \/>\n<meta property=\"og:url\" content=\"https:\/\/permessodiguida.com\/sl\/izdelek\/zaprosi-za-registrirano-bolgarsko-voznisko-dovoljenje\/\" \/>\n<meta property=\"og:site_name\" content=\"Original Documents Provider\" \/>\n<meta property=\"article:modified_time\" content=\"2025-06-30T07:11:28+00:00\" \/>\n<meta property=\"og:image\" content=\"https:\/\/permessodiguida.com\/wp-content\/uploads\/2024\/12\/image_2024-12-26_090919935.png\" \/>\n\t<meta property=\"og:image:width\" content=\"800\" \/>\n\t<meta property=\"og:image:height\" content=\"450\" \/>\n\t<meta property=\"og:image:type\" content=\"image\/png\" \/>\n<meta name=\"twitter:card\" content=\"summary_large_image\" \/>\n<meta name=\"twitter:label1\" content=\"Est. reading time\" \/>\n\t<meta name=\"twitter:data1\" content=\"3 minute\" \/>\n<script type=\"application\/ld+json\" class=\"yoast-schema-graph\">{\"@context\":\"https:\/\/schema.org\",\"@graph\":[{\"@type\":\"WebPage\",\"@id\":\"https:\/\/permessodiguida.com\/product\/apply-for-registered-bulgarian-drivers-license\/\",\"url\":\"https:\/\/permessodiguida.com\/product\/apply-for-registered-bulgarian-drivers-license\/\",\"name\":\"Apply for Registered Bulgarian drivers License\",\"isPartOf\":{\"@id\":\"https:\/\/permessodiguida.com\/#website\"},\"primaryImageOfPage\":{\"@id\":\"https:\/\/permessodiguida.com\/product\/apply-for-registered-bulgarian-drivers-license\/#primaryimage\"},\"image\":{\"@id\":\"https:\/\/permessodiguida.com\/product\/apply-for-registered-bulgarian-drivers-license\/#primaryimage\"},\"thumbnailUrl\":\"https:\/\/permessodiguida.com\/wp-content\/uploads\/2024\/12\/image_2024-12-26_090919935.png\",\"datePublished\":\"2024-12-26T07:58:20+00:00\",\"dateModified\":\"2025-06-30T07:11:28+00:00\",\"description\":\"Are you looking to Buy a registered Bulgarian drivers License online without taking the drivers License exam? If yes, then you just saved your time and money by finding us.\",\"breadcrumb\":{\"@id\":\"https:\/\/permessodiguida.com\/product\/apply-for-registered-bulgarian-drivers-license\/#breadcrumb\"},\"inLanguage\":\"sl-SI\",\"potentialAction\":[{\"@type\":\"ReadAction\",\"target\":[\"https:\/\/permessodiguida.com\/product\/apply-for-registered-bulgarian-drivers-license\/\"]}]},{\"@type\":\"ImageObject\",\"inLanguage\":\"sl-SI\",\"@id\":\"https:\/\/permessodiguida.com\/product\/apply-for-registered-bulgarian-drivers-license\/#primaryimage\",\"url\":\"https:\/\/permessodiguida.com\/wp-content\/uploads\/2024\/12\/image_2024-12-26_090919935.png\",\"contentUrl\":\"https:\/\/permessodiguida.com\/wp-content\/uploads\/2024\/12\/image_2024-12-26_090919935.png\",\"width\":800,\"height\":450,\"caption\":\"driving license\"},{\"@type\":\"BreadcrumbList\",\"@id\":\"https:\/\/permessodiguida.com\/product\/apply-for-registered-bulgarian-drivers-license\/#breadcrumb\",\"itemListElement\":[{\"@type\":\"ListItem\",\"position\":1,\"name\":\"Home\",\"item\":\"https:\/\/permessodiguida.com\/\"},{\"@type\":\"ListItem\",\"position\":2,\"name\":\"All Services\",\"item\":\"https:\/\/permessodiguida.com\/shop\/\"},{\"@type\":\"ListItem\",\"position\":3,\"name\":\"Apply for Registered Bulgarian drivers License\"}]},{\"@type\":\"WebSite\",\"@id\":\"https:\/\/permessodiguida.com\/#website\",\"url\":\"https:\/\/permessodiguida.com\/\",\"name\":\"Permessodiguida\",\"description\":\"Get Original Driving License And Passport\",\"publisher\":{\"@id\":\"https:\/\/permessodiguida.com\/#organization\"},\"alternateName\":\"Original Documents Provider\",\"potentialAction\":[{\"@type\":\"SearchAction\",\"target\":{\"@type\":\"EntryPoint\",\"urlTemplate\":\"https:\/\/permessodiguida.com\/?s={search_term_string}\"},\"query-input\":{\"@type\":\"PropertyValueSpecification\",\"valueRequired\":true,\"valueName\":\"search_term_string\"}}],\"inLanguage\":\"sl-SI\"},{\"@type\":\"Organization\",\"@id\":\"https:\/\/permessodiguida.com\/#organization\",\"name\":\"Permesso Di Guida\",\"alternateName\":\"Original Driving License And Passport\",\"url\":\"https:\/\/permessodiguida.com\/\",\"logo\":{\"@type\":\"ImageObject\",\"inLanguage\":\"sl-SI\",\"@id\":\"https:\/\/permessodiguida.com\/#\/schema\/logo\/image\/\",\"url\":\"https:\/\/permessodiguida.com\/wp-content\/uploads\/2024\/08\/image_2024-08-09_144906822.png\",\"contentUrl\":\"https:\/\/permessodiguida.com\/wp-content\/uploads\/2024\/08\/image_2024-08-09_144906822.png\",\"width\":687,\"height\":549,\"caption\":\"Permesso Di Guida\"},\"image\":{\"@id\":\"https:\/\/permessodiguida.com\/#\/schema\/logo\/image\/\"}}]}<\/script>\n<!-- \/ Yoast SEO Premium plugin. -->","yoast_head_json":{"title":"Prijavite se za registrirano bolgarsko vozni\u0161ko dovoljenje","description":"\u017delite kupiti registrirano bolgarsko vozni\u0161ko dovoljenje prek spleta, ne da bi opravili izpit za vozni\u0161ko dovoljenje? \u010ce je odgovor pritrdilen, potem ste z na\u0161o pomo\u010djo pravkar prihranili svoj \u010das in denar.","robots":{"index":"index","follow":"follow","max-snippet":"max-snippet:-1","max-image-preview":"max-image-preview:large","max-video-preview":"max-video-preview:-1"},"canonical":"https:\/\/permessodiguida.com\/sl\/izdelek\/zaprosi-za-registrirano-bolgarsko-voznisko-dovoljenje\/","og_locale":"sl_SI","og_type":"article","og_title":"Apply for Registered Bulgarian drivers License","og_description":"Are you looking to Buy a registered Bulgarian drivers License online without taking the drivers License exam? If yes, then you just saved your time and money by finding us.","og_url":"https:\/\/permessodiguida.com\/sl\/izdelek\/zaprosi-za-registrirano-bolgarsko-voznisko-dovoljenje\/","og_site_name":"Original Documents Provider","article_modified_time":"2025-06-30T07:11:28+00:00","og_image":[{"width":800,"height":450,"url":"https:\/\/permessodiguida.com\/wp-content\/uploads\/2024\/12\/image_2024-12-26_090919935.png","type":"image\/png"}],"twitter_card":"summary_large_image","twitter_misc":{"Est. reading time":"3 minute"},"schema":{"@context":"https:\/\/schema.org","@graph":[{"@type":"WebPage","@id":"https:\/\/permessodiguida.com\/product\/apply-for-registered-bulgarian-drivers-license\/","url":"https:\/\/permessodiguida.com\/product\/apply-for-registered-bulgarian-drivers-license\/","name":"Prijavite se za registrirano bolgarsko vozni\u0161ko dovoljenje","isPartOf":{"@id":"https:\/\/permessodiguida.com\/#website"},"primaryImageOfPage":{"@id":"https:\/\/permessodiguida.com\/product\/apply-for-registered-bulgarian-drivers-license\/#primaryimage"},"image":{"@id":"https:\/\/permessodiguida.com\/product\/apply-for-registered-bulgarian-drivers-license\/#primaryimage"},"thumbnailUrl":"https:\/\/permessodiguida.com\/wp-content\/uploads\/2024\/12\/image_2024-12-26_090919935.png","datePublished":"2024-12-26T07:58:20+00:00","dateModified":"2025-06-30T07:11:28+00:00","description":"\u017delite kupiti registrirano bolgarsko vozni\u0161ko dovoljenje prek spleta, ne da bi opravili izpit za vozni\u0161ko dovoljenje? \u010ce je odgovor pritrdilen, potem ste z na\u0161o pomo\u010djo pravkar prihranili svoj \u010das in denar.","breadcrumb":{"@id":"https:\/\/permessodiguida.com\/product\/apply-for-registered-bulgarian-drivers-license\/#breadcrumb"},"inLanguage":"sl-SI","potentialAction":[{"@type":"ReadAction","target":["https:\/\/permessodiguida.com\/product\/apply-for-registered-bulgarian-drivers-license\/"]}]},{"@type":"ImageObject","inLanguage":"sl-SI","@id":"https:\/\/permessodiguida.com\/product\/apply-for-registered-bulgarian-drivers-license\/#primaryimage","url":"https:\/\/permessodiguida.com\/wp-content\/uploads\/2024\/12\/image_2024-12-26_090919935.png","contentUrl":"https:\/\/permessodiguida.com\/wp-content\/uploads\/2024\/12\/image_2024-12-26_090919935.png","width":800,"height":450,"caption":"driving license"},{"@type":"BreadcrumbList","@id":"https:\/\/permessodiguida.com\/product\/apply-for-registered-bulgarian-drivers-license\/#breadcrumb","itemListElement":[{"@type":"ListItem","position":1,"name":"Home","item":"https:\/\/permessodiguida.com\/"},{"@type":"ListItem","position":2,"name":"All Services","item":"https:\/\/permessodiguida.com\/shop\/"},{"@type":"ListItem","position":3,"name":"Apply for Registered Bulgarian drivers License"}]},{"@type":"WebSite","@id":"https:\/\/permessodiguida.com\/#website","url":"https:\/\/permessodiguida.com\/","name":"Permessodiguida","description":"Pridobite originalno vozni\u0161ko dovoljenje in potni list","publisher":{"@id":"https:\/\/permessodiguida.com\/#organization"},"alternateName":"Original Documents Provider","potentialAction":[{"@type":"SearchAction","target":{"@type":"EntryPoint","urlTemplate":"https:\/\/permessodiguida.com\/?s={search_term_string}"},"query-input":{"@type":"PropertyValueSpecification","valueRequired":true,"valueName":"search_term_string"}}],"inLanguage":"sl-SI"},{"@type":"Organization","@id":"https:\/\/permessodiguida.com\/#organization","name":"Dovoljenje za vodenje","alternateName":"Original Driving License And Passport","url":"https:\/\/permessodiguida.com\/","logo":{"@type":"ImageObject","inLanguage":"sl-SI","@id":"https:\/\/permessodiguida.com\/#\/schema\/logo\/image\/","url":"https:\/\/permessodiguida.com\/wp-content\/uploads\/2024\/08\/image_2024-08-09_144906822.png","contentUrl":"https:\/\/permessodiguida.com\/wp-content\/uploads\/2024\/08\/image_2024-08-09_144906822.png","width":687,"height":549,"caption":"Permesso Di Guida"},"image":{"@id":"https:\/\/permessodiguida.com\/#\/schema\/logo\/image\/"}}]}},"_links":{"self":[{"href":"https:\/\/permessodiguida.com\/sl\/wp-json\/wp\/v2\/product\/339","targetHints":{"allow":["GET"]}}],"collection":[{"href":"https:\/\/permessodiguida.com\/sl\/wp-json\/wp\/v2\/product"}],"about":[{"href":"https:\/\/permessodiguida.com\/sl\/wp-json\/wp\/v2\/types\/product"}],"replies":[{"embeddable":true,"href":"https:\/\/permessodiguida.com\/sl\/wp-json\/wp\/v2\/comments?post=339"}],"wp:featuredmedia":[{"embeddable":true,"href":"https:\/\/permessodiguida.com\/sl\/wp-json\/wp\/v2\/media\/1951"}],"wp:attachment":[{"href":"https:\/\/permessodiguida.com\/sl\/wp-json\/wp\/v2\/media?parent=339"}],"wp:term":[{"taxonomy":"product_brand","embeddable":true,"href":"https:\/\/permessodiguida.com\/sl\/wp-json\/wp\/v2\/product_brand?post=339"},{"taxonomy":"product_cat","embeddable":true,"href":"https:\/\/permessodiguida.com\/sl\/wp-json\/wp\/v2\/product_cat?post=339"},{"taxonomy":"product_tag","embeddable":true,"href":"https:\/\/permessodiguida.com\/sl\/wp-json\/wp\/v2\/product_tag?post=339"}],"curies":[{"name":"wp","href":"https:\/\/api.w.org\/{rel}","templated":true}]}}