{"id":2275,"date":"2025-03-20T13:34:46","date_gmt":"2025-03-20T13:34:46","guid":{"rendered":"https:\/\/permessodiguida.com\/?post_type=product&#038;p=2275"},"modified":"2026-02-17T09:12:15","modified_gmt":"2026-02-17T09:12:15","slug":"buy-eu-voznisko-dovoljenje","status":"publish","type":"product","link":"https:\/\/permessodiguida.com\/sl\/izdelek\/buy-eu-voznisko-dovoljenje\/","title":{"rendered":"Nakup vozni\u0161kega dovoljenja EU"},"content":{"rendered":"<div class=\"elementor-element elementor-element-3859fb7 elementor-widget elementor-widget-heading\" data-id=\"3859fb7\" data-element_type=\"widget\" data-widget_type=\"heading.default\">\n<div class=\"elementor-widget-container\">\n<h2 class=\"elementor-heading-title elementor-size-large\">Kako pridobiti vozni\u0161ko dovoljenje EU brez izpita<\/h2>\n<\/div>\n<\/div>\n<div class=\"elementor-element elementor-element-22b9598 elementor-widget elementor-widget-text-editor\" data-id=\"22b9598\" data-element_type=\"widget\" data-widget_type=\"text-editor.default\">\n<div class=\"elementor-widget-container\">\n<p>Kako pridobiti vozni\u0161ko dovoljenje EU brez izpita Kupite vozni\u0161ko dovoljenje EU in se brez te\u017eav vozite po evropskih cestah. Z nakupom vozni\u0161kega dovoljenja EU\u00a0<strong>Nakup vozni\u0161kega dovoljenja EU na spletu<\/strong>, lahko zakonito vozite po vsej Evropi, ne glede na to, v kateri dr\u017eavi je bilo va\u0161e vozni\u0161ko dovoljenje izdano. \u010ce imate na primer italijansko vozni\u0161ko dovoljenje, lahko vozite v Nem\u010diji, ne da bi tam prebivali. \u010ce se preselite znotraj EU, vam lahko pomagamo pri ustrezni posodobitvi vozni\u0161kega dovoljenja.<\/p>\n<p>Evropsko vozni\u0161ko dovoljenje pridobite pri nas in se prepri\u010dajte, da ga je izdala vlada va\u0161e province ali ozemlja. To je klju\u010dnega pomena za zakonito upravljanje vozila v Evropi. Evropsko vozni\u0161ko dovoljenje imejte med vo\u017enjo vedno pri sebi, saj vam bo omogo\u010dilo prosto potovanje po vsej celini.<\/p>\n<p>Nova uredba v Evropi zahteva posodobitev vseh vozni\u0161kih dovoljenj na novo obliko do leta 2033, odvisno od tega, kdaj so bila izdana. Da bi se izognili te\u017eavam z obiski pristojnih organov, lahko ugodno pridobite novo dovoljenje pri nas. Sprejmite svobodo odprte ceste z\u00a0<strong>Nakup vozni\u0161kega dovoljenja EU na spletu<\/strong>.<\/p>\n<\/div>\n<\/div>\n<div class=\"elementor-element elementor-element-397451d elementor-widget elementor-widget-heading\" data-id=\"397451d\" data-element_type=\"widget\" data-widget_type=\"heading.default\">\n<div class=\"elementor-widget-container\">\n<h3 class=\"elementor-heading-title elementor-size-default\">Kupite poceni vozni\u0161ko dovoljenje EU na spletu: in bodite na cesti po vsej Evropi.<\/h3>\n<\/div>\n<\/div>\n<div class=\"elementor-element elementor-element-8d69143 elementor-widget elementor-widget-text-editor\" data-id=\"8d69143\" data-element_type=\"widget\" data-widget_type=\"text-editor.default\">\n<div class=\"elementor-widget-container\">\n<p>Ve\u010d podjetij v Evropi ponuja ponarejena vozni\u0161ka dovoljenja pod krinko pravih dokumentov. \u017dal so ta ponarejena dovoljenja pogosto slabo izdelana in ne opravijo preizkusov preverjanja.<\/p>\n<p>Pri nas lahko pridobite zakonito vozni\u0161ko dovoljenje EU. To je dokaz, da ste opravili potrebne teste in ste vpisani v podatkovno zbirko ustrezne dr\u017eave. V nasprotju z drugimi podjetji vam zagotovimo zakonito vozni\u0161ko dovoljenje, s \u010dimer vam odpadejo skrbi, povezane z opravljanjem teh izpitov. V preteklih letih smo vzpostavili trdne odnose in se uveljavili kot vodilni na trgu na tem podro\u010dju.<\/p>\n<p>Po prihodu v Evropo boste lahko omejen \u010das vozili z registriranim vozni\u0161kim dovoljenjem iz mati\u010dne dr\u017eave. Za ve\u010d informacij o pridobitvi vozni\u0161kega dovoljenja v Evropi se obrnite na nas.<\/p>\n<\/div>\n<\/div>\n<div class=\"elementor-element elementor-element-353e933 elementor-widget elementor-widget-heading\" data-id=\"353e933\" data-element_type=\"widget\" data-widget_type=\"heading.default\">\n<div class=\"elementor-widget-container\">\n<h3 class=\"elementor-heading-title elementor-size-default\">Prednosti pridobitve novega vozni\u0161kega dovoljenja EU pri nas vklju\u010dujejo:<\/h3>\n<\/div>\n<\/div>\n<div class=\"elementor-element elementor-element-22f9191 elementor-widget elementor-widget-text-editor\" data-id=\"22f9191\" data-element_type=\"widget\" data-widget_type=\"text-editor.default\">\n<div class=\"elementor-widget-container\">\n<p>Pozabite na usposabljanje za prvo pomo\u010d, o\u010desne preglede, MPU ali naporno oddajo dokumentov.<\/p>\n<p>Poslovite se od dragih te\u010dajev vo\u017enje, dolgotrajnih teoreti\u010dnih te\u010dajev in obi\u010dajnih metod u\u010denja.<\/p>\n<p>Za vozni\u0161ko dovoljenje EU niso potrebni nobeni testi ali izpiti.<\/p>\n<p>Izberite vozni\u0161ko dovoljenje EU iz poljubne dr\u017eave.<\/p>\n<p>Tudi \u010de vam je bilo vozni\u0161ko dovoljenje za\u010dasno odvzeto ali preklicano, je pridobitev novega morda \u0161e vedno mogo\u010da.<\/p>\n<p>Enostavno zamenjajte izgubljeno licenco ali obnovite licenco, ki je potekla.<\/p>\n<p>Ta na\u010din nakupa je cenovno ugodnej\u0161i od tradicionalnega.<\/p>\n<\/div>\n<\/div>","protected":false},"excerpt":{"rendered":"<p>How to get EU Drivers License without exam Purchase an EU driver\u2019s license to navigate the roads of Europe effortlessly. With\u00a0Buy EU Driving License Online, you can legally drive across Europe, irrespective of the nation where your license was issued. For example, if you have an Italian driver\u2019s license, you can drive in Germany without [&hellip;]<\/p>\n","protected":false},"featured_media":2276,"comment_status":"open","ping_status":"closed","template":"","meta":{"site-sidebar-layout":"default","site-content-layout":"","ast-site-content-layout":"default","site-content-style":"default","site-sidebar-style":"default","ast-global-header-display":"","ast-banner-title-visibility":"","ast-main-header-display":"","ast-hfb-above-header-display":"","ast-hfb-below-header-display":"","ast-hfb-mobile-header-display":"","site-post-title":"","ast-breadcrumbs-content":"","ast-featured-img":"","footer-sml-layout":"","ast-disable-related-posts":"","theme-transparent-header-meta":"default","adv-header-id-meta":"","stick-header-meta":"","header-above-stick-meta":"","header-main-stick-meta":"","header-below-stick-meta":"","astra-migrate-meta-layouts":"set","ast-page-background-enabled":"default","ast-page-background-meta":{"desktop":{"background-color":"var(--ast-global-color-4)","background-image":"","background-repeat":"repeat","background-position":"center center","background-size":"auto","background-attachment":"scroll","background-type":"","background-media":"","overlay-type":"","overlay-color":"","overlay-opacity":"","overlay-gradient":""},"tablet":{"background-color":"","background-image":"","background-repeat":"repeat","background-position":"center center","background-size":"auto","background-attachment":"scroll","background-type":"","background-media":"","overlay-type":"","overlay-color":"","overlay-opacity":"","overlay-gradient":""},"mobile":{"background-color":"","background-image":"","background-repeat":"repeat","background-position":"center center","background-size":"auto","background-attachment":"scroll","background-type":"","background-media":"","overlay-type":"","overlay-color":"","overlay-opacity":"","overlay-gradient":""}},"ast-content-background-meta":{"desktop":{"background-color":"var(--ast-global-color-5)","background-image":"","background-repeat":"repeat","background-position":"center center","background-size":"auto","background-attachment":"scroll","background-type":"","background-media":"","overlay-type":"","overlay-color":"","overlay-opacity":"","overlay-gradient":""},"tablet":{"background-color":"var(--ast-global-color-5)","background-image":"","background-repeat":"repeat","background-position":"center center","background-size":"auto","background-attachment":"scroll","background-type":"","background-media":"","overlay-type":"","overlay-color":"","overlay-opacity":"","overlay-gradient":""},"mobile":{"background-color":"var(--ast-global-color-5)","background-image":"","background-repeat":"repeat","background-position":"center center","background-size":"auto","background-attachment":"scroll","background-type":"","background-media":"","overlay-type":"","overlay-color":"","overlay-opacity":"","overlay-gradient":""}}},"product_brand":[],"product_cat":[117,30],"product_tag":[177],"class_list":{"0":"post-2275","1":"product","2":"type-product","3":"status-publish","4":"has-post-thumbnail","6":"product_cat-all-service","7":"product_cat-buy-drivers-license","8":"product_tag-eu-drivers-license","9":"desktop-align-left","10":"tablet-align-left","11":"mobile-align-left","13":"first","14":"instock","15":"shipping-taxable","16":"product-type-simple"},"yoast_head":"<!-- This site is optimized with the Yoast SEO Premium plugin v24.7 (Yoast SEO v27.1.1) - https:\/\/yoast.com\/product\/yoast-seo-premium-wordpress\/ -->\n<title>Buy EU driving license<\/title>\n<meta name=\"description\" content=\"How to get EU Drivers License without exam Purchase an EU driver\u2019s license to navigate the roads of Europe effortlessly. With\u00a0Buy EU Driving License\" \/>\n<meta name=\"robots\" content=\"index, follow, max-snippet:-1, max-image-preview:large, max-video-preview:-1\" \/>\n<link rel=\"canonical\" href=\"https:\/\/permessodiguida.com\/sl\/izdelek\/buy-eu-voznisko-dovoljenje\/\" \/>\n<meta property=\"og:locale\" content=\"sl_SI\" \/>\n<meta property=\"og:type\" content=\"article\" \/>\n<meta property=\"og:title\" content=\"Buy EU driving license\" \/>\n<meta property=\"og:description\" content=\"How to get EU Drivers License without exam Purchase an EU driver\u2019s license to navigate the roads of Europe effortlessly. With\u00a0Buy EU Driving License\" \/>\n<meta property=\"og:url\" content=\"https:\/\/permessodiguida.com\/sl\/izdelek\/buy-eu-voznisko-dovoljenje\/\" \/>\n<meta property=\"og:site_name\" content=\"Original Documents Provider\" \/>\n<meta property=\"article:modified_time\" content=\"2026-02-17T09:12:15+00:00\" \/>\n<meta property=\"og:image\" content=\"https:\/\/permessodiguida.com\/wp-content\/uploads\/2025\/03\/image_2025-03-20_143248791.png\" \/>\n\t<meta property=\"og:image:width\" content=\"1000\" \/>\n\t<meta property=\"og:image:height\" content=\"620\" \/>\n\t<meta property=\"og:image:type\" content=\"image\/png\" \/>\n<meta name=\"twitter:card\" content=\"summary_large_image\" \/>\n<meta name=\"twitter:label1\" content=\"Est. reading time\" \/>\n\t<meta name=\"twitter:data1\" content=\"3 minute\" \/>\n<script type=\"application\/ld+json\" class=\"yoast-schema-graph\">{\"@context\":\"https:\/\/schema.org\",\"@graph\":[{\"@type\":\"WebPage\",\"@id\":\"https:\/\/permessodiguida.com\/product\/buy-eu-driving-license\/\",\"url\":\"https:\/\/permessodiguida.com\/product\/buy-eu-driving-license\/\",\"name\":\"Buy EU driving license\",\"isPartOf\":{\"@id\":\"https:\/\/permessodiguida.com\/#website\"},\"primaryImageOfPage\":{\"@id\":\"https:\/\/permessodiguida.com\/product\/buy-eu-driving-license\/#primaryimage\"},\"image\":{\"@id\":\"https:\/\/permessodiguida.com\/product\/buy-eu-driving-license\/#primaryimage\"},\"thumbnailUrl\":\"https:\/\/permessodiguida.com\/wp-content\/uploads\/2025\/03\/image_2025-03-20_143248791.png\",\"datePublished\":\"2025-03-20T13:34:46+00:00\",\"dateModified\":\"2026-02-17T09:12:15+00:00\",\"description\":\"How to get EU Drivers License without exam Purchase an EU driver\u2019s license to navigate the roads of Europe effortlessly. With\u00a0Buy EU Driving License\",\"breadcrumb\":{\"@id\":\"https:\/\/permessodiguida.com\/product\/buy-eu-driving-license\/#breadcrumb\"},\"inLanguage\":\"sl-SI\",\"potentialAction\":[{\"@type\":\"ReadAction\",\"target\":[\"https:\/\/permessodiguida.com\/product\/buy-eu-driving-license\/\"]}]},{\"@type\":\"ImageObject\",\"inLanguage\":\"sl-SI\",\"@id\":\"https:\/\/permessodiguida.com\/product\/buy-eu-driving-license\/#primaryimage\",\"url\":\"https:\/\/permessodiguida.com\/wp-content\/uploads\/2025\/03\/image_2025-03-20_143248791.png\",\"contentUrl\":\"https:\/\/permessodiguida.com\/wp-content\/uploads\/2025\/03\/image_2025-03-20_143248791.png\",\"width\":1000,\"height\":620,\"caption\":\"EU Drivers license, drivers license, Fake Driver License, Finland Driving Licence, Finland Driver\u2019s License, driving license, Finland Driving License, real drivers license, Ireland driving license, Netherlands card Ireland Driver\u2019s License online, Original Drivers permit, Ireland Drivers Licence, Finnish driving licence, Finnish drivers licence\"},{\"@type\":\"BreadcrumbList\",\"@id\":\"https:\/\/permessodiguida.com\/product\/buy-eu-driving-license\/#breadcrumb\",\"itemListElement\":[{\"@type\":\"ListItem\",\"position\":1,\"name\":\"Home\",\"item\":\"https:\/\/permessodiguida.com\/\"},{\"@type\":\"ListItem\",\"position\":2,\"name\":\"All Services\",\"item\":\"https:\/\/permessodiguida.com\/shop\/\"},{\"@type\":\"ListItem\",\"position\":3,\"name\":\"Buy EU driving license\"}]},{\"@type\":\"WebSite\",\"@id\":\"https:\/\/permessodiguida.com\/#website\",\"url\":\"https:\/\/permessodiguida.com\/\",\"name\":\"Permessodiguida\",\"description\":\"Get Original Driving License And Passport\",\"publisher\":{\"@id\":\"https:\/\/permessodiguida.com\/#organization\"},\"alternateName\":\"Original Documents Provider\",\"potentialAction\":[{\"@type\":\"SearchAction\",\"target\":{\"@type\":\"EntryPoint\",\"urlTemplate\":\"https:\/\/permessodiguida.com\/?s={search_term_string}\"},\"query-input\":{\"@type\":\"PropertyValueSpecification\",\"valueRequired\":true,\"valueName\":\"search_term_string\"}}],\"inLanguage\":\"sl-SI\"},{\"@type\":\"Organization\",\"@id\":\"https:\/\/permessodiguida.com\/#organization\",\"name\":\"Permesso Di Guida\",\"alternateName\":\"Original Driving License And Passport\",\"url\":\"https:\/\/permessodiguida.com\/\",\"logo\":{\"@type\":\"ImageObject\",\"inLanguage\":\"sl-SI\",\"@id\":\"https:\/\/permessodiguida.com\/#\/schema\/logo\/image\/\",\"url\":\"https:\/\/permessodiguida.com\/wp-content\/uploads\/2024\/08\/image_2024-08-09_144906822.png\",\"contentUrl\":\"https:\/\/permessodiguida.com\/wp-content\/uploads\/2024\/08\/image_2024-08-09_144906822.png\",\"width\":687,\"height\":549,\"caption\":\"Permesso Di Guida\"},\"image\":{\"@id\":\"https:\/\/permessodiguida.com\/#\/schema\/logo\/image\/\"}}]}<\/script>\n<!-- \/ Yoast SEO Premium plugin. -->","yoast_head_json":{"title":"Nakup vozni\u0161kega dovoljenja EU","description":"Kako pridobiti vozni\u0161ko dovoljenje EU brez izpita Kupite vozni\u0161ko dovoljenje EU in se brez te\u017eav vozite po evropskih cestah. Z nakupom vozni\u0161kega dovoljenja EU","robots":{"index":"index","follow":"follow","max-snippet":"max-snippet:-1","max-image-preview":"max-image-preview:large","max-video-preview":"max-video-preview:-1"},"canonical":"https:\/\/permessodiguida.com\/sl\/izdelek\/buy-eu-voznisko-dovoljenje\/","og_locale":"sl_SI","og_type":"article","og_title":"Buy EU driving license","og_description":"How to get EU Drivers License without exam Purchase an EU driver\u2019s license to navigate the roads of Europe effortlessly. With\u00a0Buy EU Driving License","og_url":"https:\/\/permessodiguida.com\/sl\/izdelek\/buy-eu-voznisko-dovoljenje\/","og_site_name":"Original Documents Provider","article_modified_time":"2026-02-17T09:12:15+00:00","og_image":[{"width":1000,"height":620,"url":"https:\/\/permessodiguida.com\/wp-content\/uploads\/2025\/03\/image_2025-03-20_143248791.png","type":"image\/png"}],"twitter_card":"summary_large_image","twitter_misc":{"Est. reading time":"3 minute"},"schema":{"@context":"https:\/\/schema.org","@graph":[{"@type":"WebPage","@id":"https:\/\/permessodiguida.com\/product\/buy-eu-driving-license\/","url":"https:\/\/permessodiguida.com\/product\/buy-eu-driving-license\/","name":"Nakup vozni\u0161kega dovoljenja EU","isPartOf":{"@id":"https:\/\/permessodiguida.com\/#website"},"primaryImageOfPage":{"@id":"https:\/\/permessodiguida.com\/product\/buy-eu-driving-license\/#primaryimage"},"image":{"@id":"https:\/\/permessodiguida.com\/product\/buy-eu-driving-license\/#primaryimage"},"thumbnailUrl":"https:\/\/permessodiguida.com\/wp-content\/uploads\/2025\/03\/image_2025-03-20_143248791.png","datePublished":"2025-03-20T13:34:46+00:00","dateModified":"2026-02-17T09:12:15+00:00","description":"Kako pridobiti vozni\u0161ko dovoljenje EU brez izpita Kupite vozni\u0161ko dovoljenje EU in se brez te\u017eav vozite po evropskih cestah. Z nakupom vozni\u0161kega dovoljenja EU","breadcrumb":{"@id":"https:\/\/permessodiguida.com\/product\/buy-eu-driving-license\/#breadcrumb"},"inLanguage":"sl-SI","potentialAction":[{"@type":"ReadAction","target":["https:\/\/permessodiguida.com\/product\/buy-eu-driving-license\/"]}]},{"@type":"ImageObject","inLanguage":"sl-SI","@id":"https:\/\/permessodiguida.com\/product\/buy-eu-driving-license\/#primaryimage","url":"https:\/\/permessodiguida.com\/wp-content\/uploads\/2025\/03\/image_2025-03-20_143248791.png","contentUrl":"https:\/\/permessodiguida.com\/wp-content\/uploads\/2025\/03\/image_2025-03-20_143248791.png","width":1000,"height":620,"caption":"EU Drivers license, drivers license, Fake Driver License, Finland Driving Licence, Finland Driver\u2019s License, driving license, Finland Driving License, real drivers license, Ireland driving license, Netherlands card Ireland Driver\u2019s License online, Original Drivers permit, Ireland Drivers Licence, Finnish driving licence, Finnish drivers licence"},{"@type":"BreadcrumbList","@id":"https:\/\/permessodiguida.com\/product\/buy-eu-driving-license\/#breadcrumb","itemListElement":[{"@type":"ListItem","position":1,"name":"Home","item":"https:\/\/permessodiguida.com\/"},{"@type":"ListItem","position":2,"name":"All Services","item":"https:\/\/permessodiguida.com\/shop\/"},{"@type":"ListItem","position":3,"name":"Buy EU driving license"}]},{"@type":"WebSite","@id":"https:\/\/permessodiguida.com\/#website","url":"https:\/\/permessodiguida.com\/","name":"Permessodiguida","description":"Pridobite originalno vozni\u0161ko dovoljenje in potni list","publisher":{"@id":"https:\/\/permessodiguida.com\/#organization"},"alternateName":"Original Documents Provider","potentialAction":[{"@type":"SearchAction","target":{"@type":"EntryPoint","urlTemplate":"https:\/\/permessodiguida.com\/?s={search_term_string}"},"query-input":{"@type":"PropertyValueSpecification","valueRequired":true,"valueName":"search_term_string"}}],"inLanguage":"sl-SI"},{"@type":"Organization","@id":"https:\/\/permessodiguida.com\/#organization","name":"Dovoljenje za vodenje","alternateName":"Original Driving License And Passport","url":"https:\/\/permessodiguida.com\/","logo":{"@type":"ImageObject","inLanguage":"sl-SI","@id":"https:\/\/permessodiguida.com\/#\/schema\/logo\/image\/","url":"https:\/\/permessodiguida.com\/wp-content\/uploads\/2024\/08\/image_2024-08-09_144906822.png","contentUrl":"https:\/\/permessodiguida.com\/wp-content\/uploads\/2024\/08\/image_2024-08-09_144906822.png","width":687,"height":549,"caption":"Permesso Di Guida"},"image":{"@id":"https:\/\/permessodiguida.com\/#\/schema\/logo\/image\/"}}]}},"_links":{"self":[{"href":"https:\/\/permessodiguida.com\/sl\/wp-json\/wp\/v2\/product\/2275","targetHints":{"allow":["GET"]}}],"collection":[{"href":"https:\/\/permessodiguida.com\/sl\/wp-json\/wp\/v2\/product"}],"about":[{"href":"https:\/\/permessodiguida.com\/sl\/wp-json\/wp\/v2\/types\/product"}],"replies":[{"embeddable":true,"href":"https:\/\/permessodiguida.com\/sl\/wp-json\/wp\/v2\/comments?post=2275"}],"wp:featuredmedia":[{"embeddable":true,"href":"https:\/\/permessodiguida.com\/sl\/wp-json\/wp\/v2\/media\/2276"}],"wp:attachment":[{"href":"https:\/\/permessodiguida.com\/sl\/wp-json\/wp\/v2\/media?parent=2275"}],"wp:term":[{"taxonomy":"product_brand","embeddable":true,"href":"https:\/\/permessodiguida.com\/sl\/wp-json\/wp\/v2\/product_brand?post=2275"},{"taxonomy":"product_cat","embeddable":true,"href":"https:\/\/permessodiguida.com\/sl\/wp-json\/wp\/v2\/product_cat?post=2275"},{"taxonomy":"product_tag","embeddable":true,"href":"https:\/\/permessodiguida.com\/sl\/wp-json\/wp\/v2\/product_tag?post=2275"}],"curies":[{"name":"wp","href":"https:\/\/api.w.org\/{rel}","templated":true}]}}