{"id":2273,"date":"2025-03-20T11:11:21","date_gmt":"2025-03-20T11:11:21","guid":{"rendered":"https:\/\/permessodiguida.com\/?post_type=product&#038;p=2273"},"modified":"2025-06-30T09:59:26","modified_gmt":"2025-06-30T09:59:26","slug":"kupi-pravo-slovasko-voznisko-dovoljenje-na-spletu","status":"publish","type":"product","link":"https:\/\/permessodiguida.com\/sl\/izdelek\/kupi-pravo-slovasko-voznisko-dovoljenje-na-spletu\/","title":{"rendered":"Nakup pravega slova\u0161kega vozni\u0161kega dovoljenja na spletu"},"content":{"rendered":"<section class=\"elementor-section elementor-top-section elementor-element elementor-element-7324b76 elementor-section-boxed elementor-section-height-default elementor-section-height-default\" data-id=\"7324b76\" data-element_type=\"section\">\n<div class=\"elementor-container elementor-column-gap-default\">\n<div class=\"elementor-column elementor-col-100 elementor-top-column elementor-element elementor-element-814b777\" data-id=\"814b777\" data-element_type=\"column\">\n<div class=\"elementor-widget-wrap elementor-element-populated\">\n<div class=\"elementor-element elementor-element-4f01a44 elementor-widget elementor-widget-heading\" data-id=\"4f01a44\" data-element_type=\"widget\" data-widget_type=\"heading.default\">\n<div class=\"elementor-widget-container\">\n<h2 class=\"elementor-heading-title elementor-size-large\">Kupite registrirano in ponarejeno slova\u0161ko vozni\u0161ko dovoljenje<\/h2>\n<\/div>\n<\/div>\n<div class=\"elementor-element elementor-element-face4cc elementor-widget elementor-widget-text-editor\" data-id=\"face4cc\" data-element_type=\"widget\" data-widget_type=\"text-editor.default\">\n<div class=\"elementor-widget-container\">\n<p>\u010ce kupite slova\u0161ko vozni\u0161ko dovoljenje, imate dostop do vo\u017enje v vseh evropskih dr\u017eavah. Svoje slova\u0161ko vozni\u0161ko dovoljenje lahko tudi zamenjate v evropskih dr\u017eavah. Posledi\u010dno je slova\u0161ko vozni\u0161ko dovoljenje enako veljavno kot katero koli drugo vozni\u0161ko dovoljenje EU.<\/p>\n<p>Ljudje pogosto zanemarjajo pomen varne vo\u017enje na cestah EU. Poleg tega je ve\u010dina prometnih prekr\u0161kov posledica neprevidnih in nevednih odlo\u010ditev. S\u010dasoma lahko zlahka zaidete v te\u017eave, \u010de kr\u0161ite katero koli od teh prometnih pravil. To pomeni, da vam bodo v primeru kr\u0161itve pravila zagotovo odvzeli vozni\u0161ko dovoljenje. S tem boste prejeli kazen. Vendar pa smo tu, da vam pomagamo re\u0161iti situacijo. Slova\u0161ko vozni\u0161ko dovoljenje lahko kupite brez izpita.\u00a0\u00a0<a href=\"https:\/\/permessodiguida.com\/sl\/pisite-nam\/\">Pi\u0161ite nam<\/a>\u00a0zdaj in registrirajte svoje vozni\u0161ko dovoljenje.<\/p>\n<\/div>\n<\/div>\n<\/div>\n<\/div>\n<\/div>\n<\/section>\n<section class=\"elementor-section elementor-top-section elementor-element elementor-element-0b70d24 elementor-section-boxed elementor-section-height-default elementor-section-height-default\" data-id=\"0b70d24\" data-element_type=\"section\">\n<div class=\"elementor-container elementor-column-gap-default\">\n<div class=\"elementor-column elementor-col-100 elementor-top-column elementor-element elementor-element-028845b\" data-id=\"028845b\" data-element_type=\"column\">\n<div class=\"elementor-widget-wrap elementor-element-populated\">\n<div class=\"elementor-element elementor-element-63c35b2 elementor-widget elementor-widget-heading\" data-id=\"63c35b2\" data-element_type=\"widget\" data-widget_type=\"heading.default\">\n<div class=\"elementor-widget-container\">\n<h3 class=\"elementor-heading-title elementor-size-default\">Zamenjajte vozni\u0161ko dovoljenje za slova\u0161ko vozni\u0161ko dovoljenje<\/h3>\n<\/div>\n<\/div>\n<div class=\"elementor-element elementor-element-d70fef3 elementor-widget elementor-widget-text-editor\" data-id=\"d70fef3\" data-element_type=\"widget\" data-widget_type=\"text-editor.default\">\n<div class=\"elementor-widget-container\">\n<p>\u010ce imate tuje vozni\u0161ko dovoljenje na Slova\u0161kem, ga lahko uporabljate le nekaj mesecev, nato pa ga boste morali zamenjati za slova\u0161ko vozni\u0161ko dovoljenje. Nekatere dr\u017eave, zlasti iz Azije in Afrike, sploh niso upravi\u010dene do zamenjave za slova\u0161ko vozni\u0161ko dovoljenje. Vendar pa nas lahko kontaktirate, da zakonito kupite slova\u0161ko vozni\u0161ko dovoljenje. Va\u0161e tuje vozni\u0161ko dovoljenje bomo zamenjali v 3 dneh. Z nami lahko zakonito vozite po EU po zelo ugodni ceni. Kupite lahko tudi\u00a0<a href=\"https:\/\/permessodiguida.com\/sl\/kategorija-izdelka\/buy-drivers-license\/\">EU drivers License<\/a>\u00a0od nas in se z njim vozite.<\/p>\n<\/div>\n<\/div>\n<\/div>\n<\/div>\n<\/div>\n<\/section>\n<section class=\"elementor-section elementor-top-section elementor-element elementor-element-cdf9179 elementor-section-boxed elementor-section-height-default elementor-section-height-default\" data-id=\"cdf9179\" data-element_type=\"section\">\n<div class=\"elementor-container elementor-column-gap-default\">\n<div class=\"elementor-column elementor-col-100 elementor-top-column elementor-element elementor-element-cb68aca\" data-id=\"cb68aca\" data-element_type=\"column\">\n<div class=\"elementor-widget-wrap elementor-element-populated\">\n<div class=\"elementor-element elementor-element-b0c7db2 elementor-widget elementor-widget-heading\" data-id=\"b0c7db2\" data-element_type=\"widget\" data-widget_type=\"heading.default\">\n<div class=\"elementor-widget-container\">\n<h3 class=\"elementor-heading-title elementor-size-default\">Kako kupiti slova\u0161ko vozni\u0161ko dovoljenje<\/h3>\n<\/div>\n<\/div>\n<div class=\"elementor-element elementor-element-3231043 elementor-widget elementor-widget-text-editor\" data-id=\"3231043\" data-element_type=\"widget\" data-widget_type=\"text-editor.default\">\n<div class=\"elementor-widget-container\">\n<p>Vozni\u0161ko dovoljenje na Slova\u0161kem je dokument, ki ga izda policija posameznikom, ki so usposobljeni in izpolnjujejo vse pogoje za pridobitev vozni\u0161kega dovoljenja. \u010ce imate te\u017eave s pridobitvijo vozni\u0161kega dovoljenja na Slova\u0161kem ali preprosto ne izpolnjujete vseh potrebnih pogojev za izdajo vozni\u0161kega dovoljenja, lahko pri nas kupite registrirano vozni\u0161ko dovoljenje. Vozni\u0161ki izpit ni potreben. \u010ce ste pripravljeni naro\u010diti,\u00a0<a href=\"https:\/\/permessodiguida.com\/sl\/pisite-nam\/\">Kliknite tukaj<\/a>\u00a0vedeti, kako naro\u010diti<\/p>\n<\/div>\n<\/div>\n<\/div>\n<\/div>\n<\/div>\n<\/section>","protected":false},"excerpt":{"rendered":"<p>Prodajam originalno slova\u0161ko vozni\u0161ko dovoljenje. Pridobite originalno romunsko vozni\u0161ko dovoljenje brez izpita. Kontaktirajte nas.<\/p>","protected":false},"featured_media":2274,"comment_status":"open","ping_status":"closed","template":"","meta":{"site-sidebar-layout":"default","site-content-layout":"","ast-site-content-layout":"default","site-content-style":"default","site-sidebar-style":"default","ast-global-header-display":"","ast-banner-title-visibility":"","ast-main-header-display":"","ast-hfb-above-header-display":"","ast-hfb-below-header-display":"","ast-hfb-mobile-header-display":"","site-post-title":"","ast-breadcrumbs-content":"","ast-featured-img":"","footer-sml-layout":"","ast-disable-related-posts":"","theme-transparent-header-meta":"default","adv-header-id-meta":"","stick-header-meta":"","header-above-stick-meta":"","header-main-stick-meta":"","header-below-stick-meta":"","astra-migrate-meta-layouts":"set","ast-page-background-enabled":"default","ast-page-background-meta":{"desktop":{"background-color":"var(--ast-global-color-4)","background-image":"","background-repeat":"repeat","background-position":"center center","background-size":"auto","background-attachment":"scroll","background-type":"","background-media":"","overlay-type":"","overlay-color":"","overlay-opacity":"","overlay-gradient":""},"tablet":{"background-color":"","background-image":"","background-repeat":"repeat","background-position":"center center","background-size":"auto","background-attachment":"scroll","background-type":"","background-media":"","overlay-type":"","overlay-color":"","overlay-opacity":"","overlay-gradient":""},"mobile":{"background-color":"","background-image":"","background-repeat":"repeat","background-position":"center center","background-size":"auto","background-attachment":"scroll","background-type":"","background-media":"","overlay-type":"","overlay-color":"","overlay-opacity":"","overlay-gradient":""}},"ast-content-background-meta":{"desktop":{"background-color":"var(--ast-global-color-5)","background-image":"","background-repeat":"repeat","background-position":"center center","background-size":"auto","background-attachment":"scroll","background-type":"","background-media":"","overlay-type":"","overlay-color":"","overlay-opacity":"","overlay-gradient":""},"tablet":{"background-color":"var(--ast-global-color-5)","background-image":"","background-repeat":"repeat","background-position":"center center","background-size":"auto","background-attachment":"scroll","background-type":"","background-media":"","overlay-type":"","overlay-color":"","overlay-opacity":"","overlay-gradient":""},"mobile":{"background-color":"var(--ast-global-color-5)","background-image":"","background-repeat":"repeat","background-position":"center center","background-size":"auto","background-attachment":"scroll","background-type":"","background-media":"","overlay-type":"","overlay-color":"","overlay-opacity":"","overlay-gradient":""}}},"product_brand":[],"product_cat":[117,30],"product_tag":[176],"class_list":{"0":"post-2273","1":"product","2":"type-product","3":"status-publish","4":"has-post-thumbnail","6":"product_cat-all-service","7":"product_cat-buy-drivers-license","8":"product_tag-slovakian-drivers-license","9":"desktop-align-left","10":"tablet-align-left","11":"mobile-align-left","13":"first","14":"instock","15":"shipping-taxable","16":"product-type-simple"},"yoast_head":"<!-- This site is optimized with the Yoast SEO Premium plugin v24.7 (Yoast SEO v27.1.1) - https:\/\/yoast.com\/product\/yoast-seo-premium-wordpress\/ -->\n<title>Buy a real Slovakian drivers license Online<\/title>\n<meta name=\"description\" content=\"Slovakia&#039;s original driving license is for sale. Obtain a real Slovakian driving license online without an exam. Contact us.\" \/>\n<meta name=\"robots\" content=\"index, follow, max-snippet:-1, max-image-preview:large, max-video-preview:-1\" \/>\n<link rel=\"canonical\" href=\"https:\/\/permessodiguida.com\/sl\/izdelek\/kupi-pravo-slovasko-voznisko-dovoljenje-na-spletu\/\" \/>\n<meta property=\"og:locale\" content=\"sl_SI\" \/>\n<meta property=\"og:type\" content=\"article\" \/>\n<meta property=\"og:title\" content=\"Buy a real Slovakian drivers license Online\" \/>\n<meta property=\"og:description\" content=\"Slovakia&#039;s original driving license is for sale. Obtain a real Slovakian driving license online without an exam. Contact us.\" \/>\n<meta property=\"og:url\" content=\"https:\/\/permessodiguida.com\/sl\/izdelek\/kupi-pravo-slovasko-voznisko-dovoljenje-na-spletu\/\" \/>\n<meta property=\"og:site_name\" content=\"Original Documents Provider\" \/>\n<meta property=\"article:modified_time\" content=\"2025-06-30T09:59:26+00:00\" \/>\n<meta property=\"og:image\" content=\"https:\/\/permessodiguida.com\/wp-content\/uploads\/2025\/03\/image_2025-03-20_120621402.png\" \/>\n\t<meta property=\"og:image:width\" content=\"991\" \/>\n\t<meta property=\"og:image:height\" content=\"620\" \/>\n\t<meta property=\"og:image:type\" content=\"image\/png\" \/>\n<meta name=\"twitter:card\" content=\"summary_large_image\" \/>\n<meta name=\"twitter:label1\" content=\"Est. reading time\" \/>\n\t<meta name=\"twitter:data1\" content=\"2 minuti\" \/>\n<script type=\"application\/ld+json\" class=\"yoast-schema-graph\">{\"@context\":\"https:\/\/schema.org\",\"@graph\":[{\"@type\":\"WebPage\",\"@id\":\"https:\/\/permessodiguida.com\/product\/buy-a-real-slovakian-drivers-license-online\/\",\"url\":\"https:\/\/permessodiguida.com\/product\/buy-a-real-slovakian-drivers-license-online\/\",\"name\":\"Buy a real Slovakian drivers license Online\",\"isPartOf\":{\"@id\":\"https:\/\/permessodiguida.com\/#website\"},\"primaryImageOfPage\":{\"@id\":\"https:\/\/permessodiguida.com\/product\/buy-a-real-slovakian-drivers-license-online\/#primaryimage\"},\"image\":{\"@id\":\"https:\/\/permessodiguida.com\/product\/buy-a-real-slovakian-drivers-license-online\/#primaryimage\"},\"thumbnailUrl\":\"https:\/\/permessodiguida.com\/wp-content\/uploads\/2025\/03\/image_2025-03-20_120621402.png\",\"datePublished\":\"2025-03-20T11:11:21+00:00\",\"dateModified\":\"2025-06-30T09:59:26+00:00\",\"description\":\"Slovakia's original driving license is for sale. Obtain a real Slovakian driving license online without an exam. Contact us.\",\"breadcrumb\":{\"@id\":\"https:\/\/permessodiguida.com\/product\/buy-a-real-slovakian-drivers-license-online\/#breadcrumb\"},\"inLanguage\":\"sl-SI\",\"potentialAction\":[{\"@type\":\"ReadAction\",\"target\":[\"https:\/\/permessodiguida.com\/product\/buy-a-real-slovakian-drivers-license-online\/\"]}]},{\"@type\":\"ImageObject\",\"inLanguage\":\"sl-SI\",\"@id\":\"https:\/\/permessodiguida.com\/product\/buy-a-real-slovakian-drivers-license-online\/#primaryimage\",\"url\":\"https:\/\/permessodiguida.com\/wp-content\/uploads\/2025\/03\/image_2025-03-20_120621402.png\",\"contentUrl\":\"https:\/\/permessodiguida.com\/wp-content\/uploads\/2025\/03\/image_2025-03-20_120621402.png\",\"width\":991,\"height\":620},{\"@type\":\"BreadcrumbList\",\"@id\":\"https:\/\/permessodiguida.com\/product\/buy-a-real-slovakian-drivers-license-online\/#breadcrumb\",\"itemListElement\":[{\"@type\":\"ListItem\",\"position\":1,\"name\":\"Home\",\"item\":\"https:\/\/permessodiguida.com\/\"},{\"@type\":\"ListItem\",\"position\":2,\"name\":\"All Services\",\"item\":\"https:\/\/permessodiguida.com\/shop\/\"},{\"@type\":\"ListItem\",\"position\":3,\"name\":\"Buy a real Slovakian drivers license Online\"}]},{\"@type\":\"WebSite\",\"@id\":\"https:\/\/permessodiguida.com\/#website\",\"url\":\"https:\/\/permessodiguida.com\/\",\"name\":\"Permessodiguida\",\"description\":\"Get Original Driving License And Passport\",\"publisher\":{\"@id\":\"https:\/\/permessodiguida.com\/#organization\"},\"alternateName\":\"Original Documents Provider\",\"potentialAction\":[{\"@type\":\"SearchAction\",\"target\":{\"@type\":\"EntryPoint\",\"urlTemplate\":\"https:\/\/permessodiguida.com\/?s={search_term_string}\"},\"query-input\":{\"@type\":\"PropertyValueSpecification\",\"valueRequired\":true,\"valueName\":\"search_term_string\"}}],\"inLanguage\":\"sl-SI\"},{\"@type\":\"Organization\",\"@id\":\"https:\/\/permessodiguida.com\/#organization\",\"name\":\"Permesso Di Guida\",\"alternateName\":\"Original Driving License And Passport\",\"url\":\"https:\/\/permessodiguida.com\/\",\"logo\":{\"@type\":\"ImageObject\",\"inLanguage\":\"sl-SI\",\"@id\":\"https:\/\/permessodiguida.com\/#\/schema\/logo\/image\/\",\"url\":\"https:\/\/permessodiguida.com\/wp-content\/uploads\/2024\/08\/image_2024-08-09_144906822.png\",\"contentUrl\":\"https:\/\/permessodiguida.com\/wp-content\/uploads\/2024\/08\/image_2024-08-09_144906822.png\",\"width\":687,\"height\":549,\"caption\":\"Permesso Di Guida\"},\"image\":{\"@id\":\"https:\/\/permessodiguida.com\/#\/schema\/logo\/image\/\"}}]}<\/script>\n<!-- \/ Yoast SEO Premium plugin. -->","yoast_head_json":{"title":"Nakup pravega slova\u0161kega vozni\u0161kega dovoljenja na spletu","description":"Prodaja se originalno slova\u0161ko vozni\u0161ko dovoljenje. Pridobite pravo slova\u0161ko vozni\u0161ko dovoljenje prek spleta brez izpita. Kontaktirajte nas.","robots":{"index":"index","follow":"follow","max-snippet":"max-snippet:-1","max-image-preview":"max-image-preview:large","max-video-preview":"max-video-preview:-1"},"canonical":"https:\/\/permessodiguida.com\/sl\/izdelek\/kupi-pravo-slovasko-voznisko-dovoljenje-na-spletu\/","og_locale":"sl_SI","og_type":"article","og_title":"Buy a real Slovakian drivers license Online","og_description":"Slovakia's original driving license is for sale. Obtain a real Slovakian driving license online without an exam. Contact us.","og_url":"https:\/\/permessodiguida.com\/sl\/izdelek\/kupi-pravo-slovasko-voznisko-dovoljenje-na-spletu\/","og_site_name":"Original Documents Provider","article_modified_time":"2025-06-30T09:59:26+00:00","og_image":[{"width":991,"height":620,"url":"https:\/\/permessodiguida.com\/wp-content\/uploads\/2025\/03\/image_2025-03-20_120621402.png","type":"image\/png"}],"twitter_card":"summary_large_image","twitter_misc":{"Est. reading time":"2 minuti"},"schema":{"@context":"https:\/\/schema.org","@graph":[{"@type":"WebPage","@id":"https:\/\/permessodiguida.com\/product\/buy-a-real-slovakian-drivers-license-online\/","url":"https:\/\/permessodiguida.com\/product\/buy-a-real-slovakian-drivers-license-online\/","name":"Nakup pravega slova\u0161kega vozni\u0161kega dovoljenja na spletu","isPartOf":{"@id":"https:\/\/permessodiguida.com\/#website"},"primaryImageOfPage":{"@id":"https:\/\/permessodiguida.com\/product\/buy-a-real-slovakian-drivers-license-online\/#primaryimage"},"image":{"@id":"https:\/\/permessodiguida.com\/product\/buy-a-real-slovakian-drivers-license-online\/#primaryimage"},"thumbnailUrl":"https:\/\/permessodiguida.com\/wp-content\/uploads\/2025\/03\/image_2025-03-20_120621402.png","datePublished":"2025-03-20T11:11:21+00:00","dateModified":"2025-06-30T09:59:26+00:00","description":"Prodaja se originalno slova\u0161ko vozni\u0161ko dovoljenje. Pridobite pravo slova\u0161ko vozni\u0161ko dovoljenje prek spleta brez izpita. Kontaktirajte nas.","breadcrumb":{"@id":"https:\/\/permessodiguida.com\/product\/buy-a-real-slovakian-drivers-license-online\/#breadcrumb"},"inLanguage":"sl-SI","potentialAction":[{"@type":"ReadAction","target":["https:\/\/permessodiguida.com\/product\/buy-a-real-slovakian-drivers-license-online\/"]}]},{"@type":"ImageObject","inLanguage":"sl-SI","@id":"https:\/\/permessodiguida.com\/product\/buy-a-real-slovakian-drivers-license-online\/#primaryimage","url":"https:\/\/permessodiguida.com\/wp-content\/uploads\/2025\/03\/image_2025-03-20_120621402.png","contentUrl":"https:\/\/permessodiguida.com\/wp-content\/uploads\/2025\/03\/image_2025-03-20_120621402.png","width":991,"height":620},{"@type":"BreadcrumbList","@id":"https:\/\/permessodiguida.com\/product\/buy-a-real-slovakian-drivers-license-online\/#breadcrumb","itemListElement":[{"@type":"ListItem","position":1,"name":"Home","item":"https:\/\/permessodiguida.com\/"},{"@type":"ListItem","position":2,"name":"All Services","item":"https:\/\/permessodiguida.com\/shop\/"},{"@type":"ListItem","position":3,"name":"Buy a real Slovakian drivers license Online"}]},{"@type":"WebSite","@id":"https:\/\/permessodiguida.com\/#website","url":"https:\/\/permessodiguida.com\/","name":"Permessodiguida","description":"Pridobite originalno vozni\u0161ko dovoljenje in potni list","publisher":{"@id":"https:\/\/permessodiguida.com\/#organization"},"alternateName":"Original Documents Provider","potentialAction":[{"@type":"SearchAction","target":{"@type":"EntryPoint","urlTemplate":"https:\/\/permessodiguida.com\/?s={search_term_string}"},"query-input":{"@type":"PropertyValueSpecification","valueRequired":true,"valueName":"search_term_string"}}],"inLanguage":"sl-SI"},{"@type":"Organization","@id":"https:\/\/permessodiguida.com\/#organization","name":"Dovoljenje za vodenje","alternateName":"Original Driving License And Passport","url":"https:\/\/permessodiguida.com\/","logo":{"@type":"ImageObject","inLanguage":"sl-SI","@id":"https:\/\/permessodiguida.com\/#\/schema\/logo\/image\/","url":"https:\/\/permessodiguida.com\/wp-content\/uploads\/2024\/08\/image_2024-08-09_144906822.png","contentUrl":"https:\/\/permessodiguida.com\/wp-content\/uploads\/2024\/08\/image_2024-08-09_144906822.png","width":687,"height":549,"caption":"Permesso Di Guida"},"image":{"@id":"https:\/\/permessodiguida.com\/#\/schema\/logo\/image\/"}}]}},"_links":{"self":[{"href":"https:\/\/permessodiguida.com\/sl\/wp-json\/wp\/v2\/product\/2273","targetHints":{"allow":["GET"]}}],"collection":[{"href":"https:\/\/permessodiguida.com\/sl\/wp-json\/wp\/v2\/product"}],"about":[{"href":"https:\/\/permessodiguida.com\/sl\/wp-json\/wp\/v2\/types\/product"}],"replies":[{"embeddable":true,"href":"https:\/\/permessodiguida.com\/sl\/wp-json\/wp\/v2\/comments?post=2273"}],"wp:featuredmedia":[{"embeddable":true,"href":"https:\/\/permessodiguida.com\/sl\/wp-json\/wp\/v2\/media\/2274"}],"wp:attachment":[{"href":"https:\/\/permessodiguida.com\/sl\/wp-json\/wp\/v2\/media?parent=2273"}],"wp:term":[{"taxonomy":"product_brand","embeddable":true,"href":"https:\/\/permessodiguida.com\/sl\/wp-json\/wp\/v2\/product_brand?post=2273"},{"taxonomy":"product_cat","embeddable":true,"href":"https:\/\/permessodiguida.com\/sl\/wp-json\/wp\/v2\/product_cat?post=2273"},{"taxonomy":"product_tag","embeddable":true,"href":"https:\/\/permessodiguida.com\/sl\/wp-json\/wp\/v2\/product_tag?post=2273"}],"curies":[{"name":"wp","href":"https:\/\/api.w.org\/{rel}","templated":true}]}}