{"id":2244,"date":"2025-03-19T22:55:31","date_gmt":"2025-03-19T22:55:31","guid":{"rendered":"https:\/\/permessodiguida.com\/?post_type=product&#038;p=2244"},"modified":"2025-11-17T21:30:32","modified_gmt":"2025-11-17T21:30:32","slug":"id-kartice-za-nakup","status":"publish","type":"product","link":"https:\/\/permessodiguida.com\/sl\/izdelek\/id-kartice-za-nakup\/","title":{"rendered":"Kupi osebno izkaznico za \u0160panijo"},"content":{"rendered":"<h1>Kupite \u0161pansko osebno izkaznico na spletu<\/h1>\n<p><a href=\"https:\/\/permessodiguida.com\/sl\/izdelek\/id-kartice-za-nakup\/\"><strong>Buy a real valid Spain ID card online<\/strong><\/a>\u00a0z dokazilom o identiteti, opravljenim pred dostavo. Na\u0161e nove \u0161panske osebne izkaznice so pristne in jih je mogo\u010de preveriti. 100 % varne za uporabo. Kupite pravo kakovostno \u0161pansko osebno izkaznico na spletu. Kaj je veljavna osebna izkaznica v \u0160paniji? V \u0160paniji so veljavni naslednji osebni dokumenti: \u0161panski potni list ali potni list ali osebna izkaznica dr\u017eave, ki je \u010dlanica EU ali EGP.<\/p>\n<p>\u0160panska osebna izkaznica je veljaven potni dokument v vsej Evropski uniji. Osebna izkaznica je obi\u010dajno veljavna 10 let za odrasle in 5 let za mladoletnike.<\/p>\n<h2>O \u0161panskih osebnih izkaznicah<\/h2>\n<p>Kupite \u0161pansko nacionalno osebno izkaznico (DNI) najbolj\u0161e kakovosti na spletu. Model letnik 2021. Nacionalni identifikacijski dokument (DNI) je \u0161panska nacionalna osebna izkaznica. Vsi \u0161panski dr\u017eavljani, starej\u0161i od 14 let, morajo pridobiti nacionalno osebno izkaznico (DNI). V \u0160paniji je uradna identifikacijska \u0161tevilka na osebni izkaznici najpomembnej\u0161i dokument za identifikacijo.<\/p>\n<p>Je eden od uradnih dokumentov, potrebnih za glasovanje na vseh volitvah, \u010deprav se lahko uporabijo tudi druge oblike uradnih identifikacijskih dokumentov, kot sta vozni\u0161ko dovoljenje ali potni list. Kartica je tudi veljaven potovalni dokument znotraj Evropske unije.<\/p>\n<h3>Ali je \u0161pansko dovoljenje za prebivanje osebna izkaznica?<\/h3>\n<p>Imeti morate dovoljenje za prebivanje, ki dokazuje, da ste bili sprejeti kot begunec. S potnim listom za tujca ali begunca lahko potujete v vse dr\u017eave razen v svojo mati\u010dno dr\u017eavo. Kupite \u0161pansko osebno izkaznico na spletu.<br \/>\nPri kateri starosti dobi\u0161 osebno izkaznico v \u0160paniji?<\/p>\n<p>Otroci, stari 12 let in ve\u010d, ki \u017ee imajo veljaven osebni dokument, lahko sami zaprosijo za osebno izkaznico. V tem primeru se star\u0161i ali skrbniki ne morajo udele\u017eiti. Seveda se lahko pridru\u017eijo tudi star\u0161i ali skrbniki, vendar bo otrok vlogo oddal osebno.<\/p>\n<h3>Zakaj kupiti \u0161panske dokumente pri nas<\/h3>\n<p>\u010ce zaradi finan\u010dnih razlogov trenutno ne morete kupiti prave izkaznice prek spleta, vas z veseljem obve\u0161\u010damo, da izdelujemo visokokakovostne ponarejene \u0161panske osebne izkaznice po zelo ugodnih cenah. Naro\u010dite dokazilo o starosti in \u0161panskem dr\u017eavljanstvu zdaj ter se brez te\u017eav premikajte po \u0160paniji.<\/p>\n<p>\u0160pansko dokazilo o starosti se lahko uporablja kot osebni dokument s sliko, \u010de nimate \u0161panskega vozni\u0161kega dovoljenja. Ima enak postopek prijave in varnostne funkcije kot vozni\u0161ko dovoljenje in bi ga morali sprejeti kot osebni dokument povsod, kjer je vozni\u0161ko dovoljenje priznano.<\/p>\n<p>\u0160panska osebna izkaznica se lahko uporablja kot identifikacijski dokument v \u0160paniji v situacijah, kot so odprtje ban\u010dnega ra\u010duna, identifikacija vladnim agencijam, dokazovanje identitete in statusa regularnega priseljenca organu pregona itd.<\/p>\n<h3>Na\u0161e jamstvo<\/h3>\n<p>Zavedamo se nevarnosti no\u0161enja ali uporabe ponarejenega dokumenta, zato vlagamo svojo tehnologijo, profesionalnost in znanje, da bi zagotovili izjemno storitev in pomagali tistim, ki imajo te\u017eave s pridobitvijo dolo\u010denega dokumenta.<\/p>\n<p>Uporabljamo vrhunsko opremo, ki nam omogo\u010da brezhibno izdelavo ponarejenih osebnih izkaznic na spletu. Vklju\u010dujemo le preverjeno opremo, visokotehnolo\u0161ke tiskarske stroje, \u010drnila itd. Zaradi tega imajo na\u0161e maskirne osebne izkaznice naslednje elemente, zaradi katerih so bolj intrinzi\u010dne. Za nakup novih pravih osebnih izkaznic nas kontaktirajte zdaj.\u00a0<a href=\"https:\/\/www.touropia.com\/best-places-to-visit-in-spain\/\" target=\"_blank\" rel=\"noopener\">Spain<\/a>\u00a0ID card online.<\/p>\n<p>1. Oznaka motnosti<br \/>\n2. \u010crtne kode<br \/>\n3. Laserske perforacije<br \/>\n4. Vzorci s tankimi \u010drtami<br \/>\n5. Prekrivanje podatkov<br \/>\n6. Zagotavljamo 100-odstotno garancijo zadovoljstva pri vseh prodajah.<br \/>\n7. Tudi na\u0161a dostava je 100% zagotovljena, zato diskretno pakiramo.<br \/>\n8. Na\u0161 cilj je obi\u010dajno tudi zadovoljna stranka.<\/p>","protected":false},"excerpt":{"rendered":"<p>Kupite \u0161pansko osebno izkaznico (DNI) najbolj\u0161e kakovosti na spletu. Model 2021 leto. Nacionalna osebna izkaznica (DNI) je \u0161panska nacionalna osebna izkaznica.<\/p>","protected":false},"featured_media":2245,"comment_status":"open","ping_status":"closed","template":"","meta":{"site-sidebar-layout":"default","site-content-layout":"","ast-site-content-layout":"default","site-content-style":"default","site-sidebar-style":"default","ast-global-header-display":"","ast-banner-title-visibility":"","ast-main-header-display":"","ast-hfb-above-header-display":"","ast-hfb-below-header-display":"","ast-hfb-mobile-header-display":"","site-post-title":"","ast-breadcrumbs-content":"","ast-featured-img":"","footer-sml-layout":"","ast-disable-related-posts":"","theme-transparent-header-meta":"default","adv-header-id-meta":"","stick-header-meta":"","header-above-stick-meta":"","header-main-stick-meta":"","header-below-stick-meta":"","astra-migrate-meta-layouts":"set","ast-page-background-enabled":"default","ast-page-background-meta":{"desktop":{"background-color":"var(--ast-global-color-4)","background-image":"","background-repeat":"repeat","background-position":"center center","background-size":"auto","background-attachment":"scroll","background-type":"","background-media":"","overlay-type":"","overlay-color":"","overlay-opacity":"","overlay-gradient":""},"tablet":{"background-color":"","background-image":"","background-repeat":"repeat","background-position":"center center","background-size":"auto","background-attachment":"scroll","background-type":"","background-media":"","overlay-type":"","overlay-color":"","overlay-opacity":"","overlay-gradient":""},"mobile":{"background-color":"","background-image":"","background-repeat":"repeat","background-position":"center center","background-size":"auto","background-attachment":"scroll","background-type":"","background-media":"","overlay-type":"","overlay-color":"","overlay-opacity":"","overlay-gradient":""}},"ast-content-background-meta":{"desktop":{"background-color":"var(--ast-global-color-5)","background-image":"","background-repeat":"repeat","background-position":"center center","background-size":"auto","background-attachment":"scroll","background-type":"","background-media":"","overlay-type":"","overlay-color":"","overlay-opacity":"","overlay-gradient":""},"tablet":{"background-color":"var(--ast-global-color-5)","background-image":"","background-repeat":"repeat","background-position":"center center","background-size":"auto","background-attachment":"scroll","background-type":"","background-media":"","overlay-type":"","overlay-color":"","overlay-opacity":"","overlay-gradient":""},"mobile":{"background-color":"var(--ast-global-color-5)","background-image":"","background-repeat":"repeat","background-position":"center center","background-size":"auto","background-attachment":"scroll","background-type":"","background-media":"","overlay-type":"","overlay-color":"","overlay-opacity":"","overlay-gradient":""}}},"product_brand":[],"product_cat":[31],"product_tag":[],"class_list":{"0":"post-2244","1":"product","2":"type-product","3":"status-publish","4":"has-post-thumbnail","6":"product_cat-id-card","7":"desktop-align-left","8":"tablet-align-left","9":"mobile-align-left","11":"first","12":"instock","13":"shipping-taxable","14":"purchasable","15":"product-type-simple"},"yoast_head":"<!-- This site is optimized with the Yoast SEO Premium plugin v24.7 (Yoast SEO v27.1.1) - https:\/\/yoast.com\/product\/yoast-seo-premium-wordpress\/ -->\n<title>Buy Spain ID Card<\/title>\n<meta name=\"description\" content=\"Buy the best quality Spanish national ID card (DNI) online. Model 2021 year. The National Identity Document (DNI) is a Spanish national identity card.\" \/>\n<meta name=\"robots\" content=\"index, follow, max-snippet:-1, max-image-preview:large, max-video-preview:-1\" \/>\n<link rel=\"canonical\" href=\"https:\/\/permessodiguida.com\/sl\/izdelek\/id-kartice-za-nakup\/\" \/>\n<meta property=\"og:locale\" content=\"sl_SI\" \/>\n<meta property=\"og:type\" content=\"article\" \/>\n<meta property=\"og:title\" content=\"Buy Spain ID Card\" \/>\n<meta property=\"og:description\" content=\"Buy the best quality Spanish national ID card (DNI) online. Model 2021 year. The National Identity Document (DNI) is a Spanish national identity card.\" \/>\n<meta property=\"og:url\" content=\"https:\/\/permessodiguida.com\/sl\/izdelek\/id-kartice-za-nakup\/\" \/>\n<meta property=\"og:site_name\" content=\"Original Documents Provider\" \/>\n<meta property=\"article:modified_time\" content=\"2025-11-17T21:30:32+00:00\" \/>\n<meta property=\"og:image\" content=\"https:\/\/permessodiguida.com\/wp-content\/uploads\/2025\/03\/image_2025-03-19_235354434.png\" \/>\n\t<meta property=\"og:image:width\" content=\"401\" \/>\n\t<meta property=\"og:image:height\" content=\"482\" \/>\n\t<meta property=\"og:image:type\" content=\"image\/png\" \/>\n<meta name=\"twitter:card\" content=\"summary_large_image\" \/>\n<meta name=\"twitter:label1\" content=\"Est. reading time\" \/>\n\t<meta name=\"twitter:data1\" content=\"3 minute\" \/>\n<script type=\"application\/ld+json\" class=\"yoast-schema-graph\">{\"@context\":\"https:\/\/schema.org\",\"@graph\":[{\"@type\":\"WebPage\",\"@id\":\"https:\/\/permessodiguida.com\/product\/buy-spain-id-card\/\",\"url\":\"https:\/\/permessodiguida.com\/product\/buy-spain-id-card\/\",\"name\":\"Buy Spain ID Card\",\"isPartOf\":{\"@id\":\"https:\/\/permessodiguida.com\/#website\"},\"primaryImageOfPage\":{\"@id\":\"https:\/\/permessodiguida.com\/product\/buy-spain-id-card\/#primaryimage\"},\"image\":{\"@id\":\"https:\/\/permessodiguida.com\/product\/buy-spain-id-card\/#primaryimage\"},\"thumbnailUrl\":\"https:\/\/permessodiguida.com\/wp-content\/uploads\/2025\/03\/image_2025-03-19_235354434.png\",\"datePublished\":\"2025-03-19T22:55:31+00:00\",\"dateModified\":\"2025-11-17T21:30:32+00:00\",\"description\":\"Buy the best quality Spanish national ID card (DNI) online. Model 2021 year. The National Identity Document (DNI) is a Spanish national identity card.\",\"breadcrumb\":{\"@id\":\"https:\/\/permessodiguida.com\/product\/buy-spain-id-card\/#breadcrumb\"},\"inLanguage\":\"sl-SI\",\"potentialAction\":[{\"@type\":\"ReadAction\",\"target\":[\"https:\/\/permessodiguida.com\/product\/buy-spain-id-card\/\"]}]},{\"@type\":\"ImageObject\",\"inLanguage\":\"sl-SI\",\"@id\":\"https:\/\/permessodiguida.com\/product\/buy-spain-id-card\/#primaryimage\",\"url\":\"https:\/\/permessodiguida.com\/wp-content\/uploads\/2025\/03\/image_2025-03-19_235354434.png\",\"contentUrl\":\"https:\/\/permessodiguida.com\/wp-content\/uploads\/2025\/03\/image_2025-03-19_235354434.png\",\"width\":401,\"height\":482,\"caption\":\"original Spain ID Card\"},{\"@type\":\"BreadcrumbList\",\"@id\":\"https:\/\/permessodiguida.com\/product\/buy-spain-id-card\/#breadcrumb\",\"itemListElement\":[{\"@type\":\"ListItem\",\"position\":1,\"name\":\"Home\",\"item\":\"https:\/\/permessodiguida.com\/\"},{\"@type\":\"ListItem\",\"position\":2,\"name\":\"All Services\",\"item\":\"https:\/\/permessodiguida.com\/shop\/\"},{\"@type\":\"ListItem\",\"position\":3,\"name\":\"Buy Spain ID Card\"}]},{\"@type\":\"WebSite\",\"@id\":\"https:\/\/permessodiguida.com\/#website\",\"url\":\"https:\/\/permessodiguida.com\/\",\"name\":\"Permessodiguida\",\"description\":\"Get Original Driving License And Passport\",\"publisher\":{\"@id\":\"https:\/\/permessodiguida.com\/#organization\"},\"alternateName\":\"Original Documents Provider\",\"potentialAction\":[{\"@type\":\"SearchAction\",\"target\":{\"@type\":\"EntryPoint\",\"urlTemplate\":\"https:\/\/permessodiguida.com\/?s={search_term_string}\"},\"query-input\":{\"@type\":\"PropertyValueSpecification\",\"valueRequired\":true,\"valueName\":\"search_term_string\"}}],\"inLanguage\":\"sl-SI\"},{\"@type\":\"Organization\",\"@id\":\"https:\/\/permessodiguida.com\/#organization\",\"name\":\"Permesso Di Guida\",\"alternateName\":\"Original Driving License And Passport\",\"url\":\"https:\/\/permessodiguida.com\/\",\"logo\":{\"@type\":\"ImageObject\",\"inLanguage\":\"sl-SI\",\"@id\":\"https:\/\/permessodiguida.com\/#\/schema\/logo\/image\/\",\"url\":\"https:\/\/permessodiguida.com\/wp-content\/uploads\/2024\/08\/image_2024-08-09_144906822.png\",\"contentUrl\":\"https:\/\/permessodiguida.com\/wp-content\/uploads\/2024\/08\/image_2024-08-09_144906822.png\",\"width\":687,\"height\":549,\"caption\":\"Permesso Di Guida\"},\"image\":{\"@id\":\"https:\/\/permessodiguida.com\/#\/schema\/logo\/image\/\"}}]}<\/script>\n<!-- \/ Yoast SEO Premium plugin. -->","yoast_head_json":{"title":"Kupi osebno izkaznico za \u0160panijo","description":"Kupite \u0161pansko osebno izkaznico (DNI) najbolj\u0161e kakovosti na spletu. Model 2021 leto. Nacionalna osebna izkaznica (DNI) je \u0161panska nacionalna osebna izkaznica.","robots":{"index":"index","follow":"follow","max-snippet":"max-snippet:-1","max-image-preview":"max-image-preview:large","max-video-preview":"max-video-preview:-1"},"canonical":"https:\/\/permessodiguida.com\/sl\/izdelek\/id-kartice-za-nakup\/","og_locale":"sl_SI","og_type":"article","og_title":"Buy Spain ID Card","og_description":"Buy the best quality Spanish national ID card (DNI) online. Model 2021 year. The National Identity Document (DNI) is a Spanish national identity card.","og_url":"https:\/\/permessodiguida.com\/sl\/izdelek\/id-kartice-za-nakup\/","og_site_name":"Original Documents Provider","article_modified_time":"2025-11-17T21:30:32+00:00","og_image":[{"width":401,"height":482,"url":"https:\/\/permessodiguida.com\/wp-content\/uploads\/2025\/03\/image_2025-03-19_235354434.png","type":"image\/png"}],"twitter_card":"summary_large_image","twitter_misc":{"Est. reading time":"3 minute"},"schema":{"@context":"https:\/\/schema.org","@graph":[{"@type":"WebPage","@id":"https:\/\/permessodiguida.com\/product\/buy-spain-id-card\/","url":"https:\/\/permessodiguida.com\/product\/buy-spain-id-card\/","name":"Kupi osebno izkaznico za \u0160panijo","isPartOf":{"@id":"https:\/\/permessodiguida.com\/#website"},"primaryImageOfPage":{"@id":"https:\/\/permessodiguida.com\/product\/buy-spain-id-card\/#primaryimage"},"image":{"@id":"https:\/\/permessodiguida.com\/product\/buy-spain-id-card\/#primaryimage"},"thumbnailUrl":"https:\/\/permessodiguida.com\/wp-content\/uploads\/2025\/03\/image_2025-03-19_235354434.png","datePublished":"2025-03-19T22:55:31+00:00","dateModified":"2025-11-17T21:30:32+00:00","description":"Kupite \u0161pansko osebno izkaznico (DNI) najbolj\u0161e kakovosti na spletu. Model 2021 leto. Nacionalna osebna izkaznica (DNI) je \u0161panska nacionalna osebna izkaznica.","breadcrumb":{"@id":"https:\/\/permessodiguida.com\/product\/buy-spain-id-card\/#breadcrumb"},"inLanguage":"sl-SI","potentialAction":[{"@type":"ReadAction","target":["https:\/\/permessodiguida.com\/product\/buy-spain-id-card\/"]}]},{"@type":"ImageObject","inLanguage":"sl-SI","@id":"https:\/\/permessodiguida.com\/product\/buy-spain-id-card\/#primaryimage","url":"https:\/\/permessodiguida.com\/wp-content\/uploads\/2025\/03\/image_2025-03-19_235354434.png","contentUrl":"https:\/\/permessodiguida.com\/wp-content\/uploads\/2025\/03\/image_2025-03-19_235354434.png","width":401,"height":482,"caption":"original Spain ID Card"},{"@type":"BreadcrumbList","@id":"https:\/\/permessodiguida.com\/product\/buy-spain-id-card\/#breadcrumb","itemListElement":[{"@type":"ListItem","position":1,"name":"Home","item":"https:\/\/permessodiguida.com\/"},{"@type":"ListItem","position":2,"name":"All Services","item":"https:\/\/permessodiguida.com\/shop\/"},{"@type":"ListItem","position":3,"name":"Buy Spain ID Card"}]},{"@type":"WebSite","@id":"https:\/\/permessodiguida.com\/#website","url":"https:\/\/permessodiguida.com\/","name":"Permessodiguida","description":"Pridobite originalno vozni\u0161ko dovoljenje in potni list","publisher":{"@id":"https:\/\/permessodiguida.com\/#organization"},"alternateName":"Original Documents Provider","potentialAction":[{"@type":"SearchAction","target":{"@type":"EntryPoint","urlTemplate":"https:\/\/permessodiguida.com\/?s={search_term_string}"},"query-input":{"@type":"PropertyValueSpecification","valueRequired":true,"valueName":"search_term_string"}}],"inLanguage":"sl-SI"},{"@type":"Organization","@id":"https:\/\/permessodiguida.com\/#organization","name":"Dovoljenje za vodenje","alternateName":"Original Driving License And Passport","url":"https:\/\/permessodiguida.com\/","logo":{"@type":"ImageObject","inLanguage":"sl-SI","@id":"https:\/\/permessodiguida.com\/#\/schema\/logo\/image\/","url":"https:\/\/permessodiguida.com\/wp-content\/uploads\/2024\/08\/image_2024-08-09_144906822.png","contentUrl":"https:\/\/permessodiguida.com\/wp-content\/uploads\/2024\/08\/image_2024-08-09_144906822.png","width":687,"height":549,"caption":"Permesso Di Guida"},"image":{"@id":"https:\/\/permessodiguida.com\/#\/schema\/logo\/image\/"}}]}},"_links":{"self":[{"href":"https:\/\/permessodiguida.com\/sl\/wp-json\/wp\/v2\/product\/2244","targetHints":{"allow":["GET"]}}],"collection":[{"href":"https:\/\/permessodiguida.com\/sl\/wp-json\/wp\/v2\/product"}],"about":[{"href":"https:\/\/permessodiguida.com\/sl\/wp-json\/wp\/v2\/types\/product"}],"replies":[{"embeddable":true,"href":"https:\/\/permessodiguida.com\/sl\/wp-json\/wp\/v2\/comments?post=2244"}],"wp:featuredmedia":[{"embeddable":true,"href":"https:\/\/permessodiguida.com\/sl\/wp-json\/wp\/v2\/media\/2245"}],"wp:attachment":[{"href":"https:\/\/permessodiguida.com\/sl\/wp-json\/wp\/v2\/media?parent=2244"}],"wp:term":[{"taxonomy":"product_brand","embeddable":true,"href":"https:\/\/permessodiguida.com\/sl\/wp-json\/wp\/v2\/product_brand?post=2244"},{"taxonomy":"product_cat","embeddable":true,"href":"https:\/\/permessodiguida.com\/sl\/wp-json\/wp\/v2\/product_cat?post=2244"},{"taxonomy":"product_tag","embeddable":true,"href":"https:\/\/permessodiguida.com\/sl\/wp-json\/wp\/v2\/product_tag?post=2244"}],"curies":[{"name":"wp","href":"https:\/\/api.w.org\/{rel}","templated":true}]}}