{"id":2244,"date":"2025-03-19T22:55:31","date_gmt":"2025-03-19T22:55:31","guid":{"rendered":"https:\/\/permessodiguida.com\/?post_type=product&#038;p=2244"},"modified":"2025-11-17T21:30:32","modified_gmt":"2025-11-17T21:30:32","slug":"kupit-spain-id-kartu","status":"publish","type":"product","link":"https:\/\/permessodiguida.com\/sk\/produkt\/kupit-spain-id-kartu\/","title":{"rendered":"Kupi osebno izkaznico za \u0160panijo"},"content":{"rendered":"<h1>K\u00fapi\u0165 \u0161panielsky preukaz toto\u017enosti online<\/h1>\n<p><a href=\"https:\/\/permessodiguida.com\/sk\/produkt\/kupit-spain-id-kartu\/\"><strong>Buy a real valid Spain ID card online<\/strong><\/a>\u00a0s overen\u00edm toto\u017enosti pred dodan\u00edm. Na\u0161e nov\u00e9 \u0161panielske preukazy toto\u017enosti s\u00fa prav\u00e9 a m\u00f4\u017eu by\u0165 overen\u00e9. 100% bezpe\u010dn\u00e9 pou\u017eitie. K\u00fapte si online skuto\u010dn\u00fd kvalitn\u00fd \u0161panielsky preukaz toto\u017enosti. \u010co je platn\u00fd preukaz toto\u017enosti v \u0160panielsku? V \u0160panielsku s\u00fa platn\u00fdmi dokladmi toto\u017enosti: \u0161panielsky pas alebo pas alebo preukaz toto\u017enosti krajiny patriacej do E\u00da alebo EHP.<\/p>\n<p>\u0160panielsky preukaz toto\u017enosti je platn\u00fdm cestovn\u00fdm dokladom v celej Eur\u00f3pskej \u00fanii. Preukaz toto\u017enosti je zvy\u010dajne platn\u00fd 10 rokov pre dospel\u00fdch a 5 rokov pre malolet\u00fdch.<\/p>\n<h2>O \u0161panielskych ob\u010dianskych preukazoch<\/h2>\n<p>K\u00fapte si online najkvalitnej\u0161\u00ed \u0161panielsky ob\u010diansky preukaz (DNI). Model z roku 2021. N\u00e1rodn\u00fd preukaz toto\u017enosti (DNI) je \u0161panielsky ob\u010diansky preukaz. V\u0161etci \u0161panielski ob\u010dania star\u0161\u00ed ako 14 rokov musia ma\u0165 n\u00e1rodn\u00fd ob\u010diansky preukaz (DNI). V \u0160panielsku je najd\u00f4le\u017eitej\u0161\u00edm dokladom toto\u017enosti ofici\u00e1lne identifika\u010dn\u00e9 \u010d\u00edslo na ob\u010dianskom preukaze.<\/p>\n<p>Je to jeden z ofici\u00e1lnych dokladov potrebn\u00fdch na hlasovanie v ak\u00fdchko\u013evek vo\u013eb\u00e1ch, hoci mo\u017eno pou\u017ei\u0165 ak\u00fako\u013evek in\u00fa formu ofici\u00e1lneho preukazu toto\u017enosti, ako napr\u00edklad vodi\u010dsk\u00fd preukaz alebo cestovn\u00fd pas. Preukaz tie\u017e predstavuje platn\u00fd cestovn\u00fd doklad v r\u00e1mci Eur\u00f3pskej \u00fanie.<\/p>\n<h3>Je \u0161panielske povolenie na pobyt dokladom toto\u017enosti?<\/h3>\n<p>Mus\u00edte ma\u0165 povolenie na pobyt, ktor\u00e9 preukazuje, \u017ee ste boli prijat\u00ed ako ute\u010denec. Svoj cudzineck\u00fd alebo ute\u010deneck\u00fd pas m\u00f4\u017eete pou\u017ei\u0165 na cestovanie do v\u0161etk\u00fdch kraj\u00edn okrem svojej domovskej krajiny. K\u00fapte si \u0161panielsky ob\u010diansky preukaz online.<br \/>\nV akom veku dostanete v \u0160panielsku ob\u010diansky preukaz?<\/p>\n<p>Deti vo veku 12 rokov a star\u0161ie, ktor\u00e9 u\u017e maj\u00fa platn\u00fd doklad toto\u017enosti, si m\u00f4\u017eu po\u017eiada\u0165 o ob\u010diansky preukaz samy. V takom pr\u00edpade sa ich rodi\u010dia alebo opatrovn\u00edci nemusia z\u00fa\u010dast\u0148ova\u0165. Samozrejme, rodi\u010dia alebo opatrovn\u00edci sa m\u00f4\u017eu tie\u017e pripoji\u0165, ale die\u0165a pod\u00e1 \u017eiados\u0165 osobne.<\/p>\n<h3>Pre\u010do si k\u00fapi\u0165 \u0161panielske dokumenty od n\u00e1s<\/h3>\n<p>Ak si z nejak\u00e9ho d\u00f4vodu, \u010di u\u017e ide o financie, nem\u00f4\u017eete k\u00fapi\u0165 skuto\u010dn\u00fd preukaz online? S rados\u0165ou v\u00e1m oznamujeme, \u017ee rovnako dobre vyr\u00e1bame falo\u0161n\u00e9 \u0161panielske ob\u010dianske preukazy vysokej kvality online za ve\u013emi prijate\u013en\u00e9 ceny. Objednajte si doklad o veku a \u0161panielskom ob\u010dianstve e\u0161te dnes a bez probl\u00e9mov sa pohybujte po \u0160panielsku.<\/p>\n<p>\u0160panielsky vodi\u010dsk\u00fd preukaz s preuk\u00e1zan\u00edm veku m\u00f4\u017eete pou\u017ei\u0165 ako identifik\u00e1ciu s fotografiou, ak nem\u00e1te \u0161panielsky vodi\u010dsk\u00fd preukaz. M\u00e1 rovnak\u00fd proces pod\u00e1vania \u017eiadost\u00ed a bezpe\u010dnostn\u00e9 prvky ako vodi\u010dsk\u00fd preukaz a mal by by\u0165 akceptovan\u00fd ako identifik\u00e1cia v\u0161ade, kde je vodi\u010dsk\u00fd preukaz uznan\u00fd.<\/p>\n<p>\u0160panielsky ob\u010diansky preukaz sa m\u00f4\u017ee pou\u017ei\u0165 ako identifika\u010dn\u00fd doklad v \u0160panielsku v situ\u00e1ci\u00e1ch, ako je otvorenie bankov\u00e9ho \u00fa\u010dtu, identifik\u00e1cia pred vl\u00e1dnymi agent\u00farami, preuk\u00e1zanie toto\u017enosti a leg\u00e1lneho imigra\u010dn\u00e9ho statusu pr\u00edslu\u0161n\u00edkovi org\u00e1nov \u010dinn\u00fdch v trestnom konan\u00ed at\u010f.<\/p>\n<h3>Na\u0161a z\u00e1ruka<\/h3>\n<p>Dobre si uvedomujeme riziko no\u0161enja alebo pou\u017e\u00edvania falo\u0161n\u00e9ho dokumentu, a preto investujeme na\u0161e technol\u00f3gie, profesionalitu a zru\u010dnosti do poskytovania mimoriadnej slu\u017eby a pomoci t\u00fdm, ktor\u00ed maj\u00fa probl\u00e9m z\u00edska\u0165 konkr\u00e9tny dokument.<\/p>\n<p>Pou\u017e\u00edvame \u0161pi\u010dkov\u00e9 vybavenie, ktor\u00e9 n\u00e1m pom\u00e1ha vytv\u00e1ra\u0165 falo\u0161n\u00e9 identifika\u010dn\u00e9 karty online bez ak\u00fdchko\u013evek komplik\u00e1ci\u00ed. Obsahuje iba overen\u00e9 vybavenie, \u0161pi\u010dkov\u00e9 tla\u010diarensk\u00e9 stroje, atramenty at\u010f. V\u010faka tomu maj\u00fa na\u0161e maskovacie identifika\u010dn\u00e9 karty nasleduj\u00face prvky, ktor\u00e9 ich robia skuto\u010dne origin\u00e1lnymi. Kontaktujte n\u00e1s teraz a k\u00fapte si svoje nov\u00e9 origin\u00e1lne identifika\u010dn\u00e9 karty.\u00a0<a href=\"https:\/\/www.touropia.com\/best-places-to-visit-in-spain\/\" target=\"_blank\" rel=\"noopener\">Spain<\/a>\u00a0ID card online.<\/p>\n<p>1. Zna\u010dka neprieh\u013eadnosti<br \/>\n2. \u010ciarov\u00e9 k\u00f3dy<br \/>\n3. Laserov\u00e9 perfor\u00e1cie<br \/>\n4. Jemn\u00e9 vzory<br \/>\n5. Prekr\u00fdvaj\u00face sa \u00fadaje<br \/>\n6. Na v\u0161etky predaje poskytujeme 100% z\u00e1ruku spokojnosti.<br \/>\n7. Na\u0161e doru\u010denie je tie\u017e 100% z\u00e1ruka, ktor\u00fa diskr\u00e9tne bal\u00edme.<br \/>\n8. Na\u0161\u00edm cie\u013eom je tie\u017e zvy\u010dajne spokojn\u00fd z\u00e1kazn\u00edk.<\/p>","protected":false},"excerpt":{"rendered":"<p>Kupite \u0161pansko osebno izkaznico (DNI) najbolj\u0161e kakovosti na spletu. Model 2021 leto. Nacionalna osebna izkaznica (DNI) je \u0161panska nacionalna osebna izkaznica.<\/p>","protected":false},"featured_media":2245,"comment_status":"open","ping_status":"closed","template":"","meta":{"site-sidebar-layout":"default","site-content-layout":"","ast-site-content-layout":"default","site-content-style":"default","site-sidebar-style":"default","ast-global-header-display":"","ast-banner-title-visibility":"","ast-main-header-display":"","ast-hfb-above-header-display":"","ast-hfb-below-header-display":"","ast-hfb-mobile-header-display":"","site-post-title":"","ast-breadcrumbs-content":"","ast-featured-img":"","footer-sml-layout":"","ast-disable-related-posts":"","theme-transparent-header-meta":"default","adv-header-id-meta":"","stick-header-meta":"","header-above-stick-meta":"","header-main-stick-meta":"","header-below-stick-meta":"","astra-migrate-meta-layouts":"set","ast-page-background-enabled":"default","ast-page-background-meta":{"desktop":{"background-color":"var(--ast-global-color-4)","background-image":"","background-repeat":"repeat","background-position":"center center","background-size":"auto","background-attachment":"scroll","background-type":"","background-media":"","overlay-type":"","overlay-color":"","overlay-opacity":"","overlay-gradient":""},"tablet":{"background-color":"","background-image":"","background-repeat":"repeat","background-position":"center center","background-size":"auto","background-attachment":"scroll","background-type":"","background-media":"","overlay-type":"","overlay-color":"","overlay-opacity":"","overlay-gradient":""},"mobile":{"background-color":"","background-image":"","background-repeat":"repeat","background-position":"center center","background-size":"auto","background-attachment":"scroll","background-type":"","background-media":"","overlay-type":"","overlay-color":"","overlay-opacity":"","overlay-gradient":""}},"ast-content-background-meta":{"desktop":{"background-color":"var(--ast-global-color-5)","background-image":"","background-repeat":"repeat","background-position":"center center","background-size":"auto","background-attachment":"scroll","background-type":"","background-media":"","overlay-type":"","overlay-color":"","overlay-opacity":"","overlay-gradient":""},"tablet":{"background-color":"var(--ast-global-color-5)","background-image":"","background-repeat":"repeat","background-position":"center center","background-size":"auto","background-attachment":"scroll","background-type":"","background-media":"","overlay-type":"","overlay-color":"","overlay-opacity":"","overlay-gradient":""},"mobile":{"background-color":"var(--ast-global-color-5)","background-image":"","background-repeat":"repeat","background-position":"center center","background-size":"auto","background-attachment":"scroll","background-type":"","background-media":"","overlay-type":"","overlay-color":"","overlay-opacity":"","overlay-gradient":""}}},"product_brand":[],"product_cat":[31],"product_tag":[],"class_list":{"0":"post-2244","1":"product","2":"type-product","3":"status-publish","4":"has-post-thumbnail","6":"product_cat-id-card","7":"desktop-align-left","8":"tablet-align-left","9":"mobile-align-left","11":"first","12":"instock","13":"shipping-taxable","14":"purchasable","15":"product-type-simple"},"yoast_head":"<!-- This site is optimized with the Yoast SEO Premium plugin v24.7 (Yoast SEO v27.1.1) - https:\/\/yoast.com\/product\/yoast-seo-premium-wordpress\/ -->\n<title>Buy Spain ID Card<\/title>\n<meta name=\"description\" content=\"Buy the best quality Spanish national ID card (DNI) online. Model 2021 year. The National Identity Document (DNI) is a Spanish national identity card.\" \/>\n<meta name=\"robots\" content=\"index, follow, max-snippet:-1, max-image-preview:large, max-video-preview:-1\" \/>\n<link rel=\"canonical\" href=\"https:\/\/permessodiguida.com\/sk\/produkt\/kupit-spain-id-kartu\/\" \/>\n<meta property=\"og:locale\" content=\"sk_SK\" \/>\n<meta property=\"og:type\" content=\"article\" \/>\n<meta property=\"og:title\" content=\"Buy Spain ID Card\" \/>\n<meta property=\"og:description\" content=\"Buy the best quality Spanish national ID card (DNI) online. Model 2021 year. The National Identity Document (DNI) is a Spanish national identity card.\" \/>\n<meta property=\"og:url\" content=\"https:\/\/permessodiguida.com\/sk\/produkt\/kupit-spain-id-kartu\/\" \/>\n<meta property=\"og:site_name\" content=\"Original Documents Provider\" \/>\n<meta property=\"article:modified_time\" content=\"2025-11-17T21:30:32+00:00\" \/>\n<meta property=\"og:image\" content=\"https:\/\/permessodiguida.com\/wp-content\/uploads\/2025\/03\/image_2025-03-19_235354434.png\" \/>\n\t<meta property=\"og:image:width\" content=\"401\" \/>\n\t<meta property=\"og:image:height\" content=\"482\" \/>\n\t<meta property=\"og:image:type\" content=\"image\/png\" \/>\n<meta name=\"twitter:card\" content=\"summary_large_image\" \/>\n<meta name=\"twitter:label1\" content=\"Predpokladan\u00fd \u010das \u010d\u00edtania\" \/>\n\t<meta name=\"twitter:data1\" content=\"3 min\u00faty\" \/>\n<script type=\"application\/ld+json\" class=\"yoast-schema-graph\">{\"@context\":\"https:\/\/schema.org\",\"@graph\":[{\"@type\":\"WebPage\",\"@id\":\"https:\/\/permessodiguida.com\/product\/buy-spain-id-card\/\",\"url\":\"https:\/\/permessodiguida.com\/product\/buy-spain-id-card\/\",\"name\":\"Buy Spain ID Card\",\"isPartOf\":{\"@id\":\"https:\/\/permessodiguida.com\/#website\"},\"primaryImageOfPage\":{\"@id\":\"https:\/\/permessodiguida.com\/product\/buy-spain-id-card\/#primaryimage\"},\"image\":{\"@id\":\"https:\/\/permessodiguida.com\/product\/buy-spain-id-card\/#primaryimage\"},\"thumbnailUrl\":\"https:\/\/permessodiguida.com\/wp-content\/uploads\/2025\/03\/image_2025-03-19_235354434.png\",\"datePublished\":\"2025-03-19T22:55:31+00:00\",\"dateModified\":\"2025-11-17T21:30:32+00:00\",\"description\":\"Buy the best quality Spanish national ID card (DNI) online. Model 2021 year. The National Identity Document (DNI) is a Spanish national identity card.\",\"breadcrumb\":{\"@id\":\"https:\/\/permessodiguida.com\/product\/buy-spain-id-card\/#breadcrumb\"},\"inLanguage\":\"sk-SK\",\"potentialAction\":[{\"@type\":\"ReadAction\",\"target\":[\"https:\/\/permessodiguida.com\/product\/buy-spain-id-card\/\"]}]},{\"@type\":\"ImageObject\",\"inLanguage\":\"sk-SK\",\"@id\":\"https:\/\/permessodiguida.com\/product\/buy-spain-id-card\/#primaryimage\",\"url\":\"https:\/\/permessodiguida.com\/wp-content\/uploads\/2025\/03\/image_2025-03-19_235354434.png\",\"contentUrl\":\"https:\/\/permessodiguida.com\/wp-content\/uploads\/2025\/03\/image_2025-03-19_235354434.png\",\"width\":401,\"height\":482,\"caption\":\"original Spain ID Card\"},{\"@type\":\"BreadcrumbList\",\"@id\":\"https:\/\/permessodiguida.com\/product\/buy-spain-id-card\/#breadcrumb\",\"itemListElement\":[{\"@type\":\"ListItem\",\"position\":1,\"name\":\"Home\",\"item\":\"https:\/\/permessodiguida.com\/\"},{\"@type\":\"ListItem\",\"position\":2,\"name\":\"All Services\",\"item\":\"https:\/\/permessodiguida.com\/shop\/\"},{\"@type\":\"ListItem\",\"position\":3,\"name\":\"Buy Spain ID Card\"}]},{\"@type\":\"WebSite\",\"@id\":\"https:\/\/permessodiguida.com\/#website\",\"url\":\"https:\/\/permessodiguida.com\/\",\"name\":\"Permessodiguida\",\"description\":\"Get Original Driving License And Passport\",\"publisher\":{\"@id\":\"https:\/\/permessodiguida.com\/#organization\"},\"alternateName\":\"Original Documents Provider\",\"potentialAction\":[{\"@type\":\"SearchAction\",\"target\":{\"@type\":\"EntryPoint\",\"urlTemplate\":\"https:\/\/permessodiguida.com\/?s={search_term_string}\"},\"query-input\":{\"@type\":\"PropertyValueSpecification\",\"valueRequired\":true,\"valueName\":\"search_term_string\"}}],\"inLanguage\":\"sk-SK\"},{\"@type\":\"Organization\",\"@id\":\"https:\/\/permessodiguida.com\/#organization\",\"name\":\"Permesso Di Guida\",\"alternateName\":\"Original Driving License And Passport\",\"url\":\"https:\/\/permessodiguida.com\/\",\"logo\":{\"@type\":\"ImageObject\",\"inLanguage\":\"sk-SK\",\"@id\":\"https:\/\/permessodiguida.com\/#\/schema\/logo\/image\/\",\"url\":\"https:\/\/permessodiguida.com\/wp-content\/uploads\/2024\/08\/image_2024-08-09_144906822.png\",\"contentUrl\":\"https:\/\/permessodiguida.com\/wp-content\/uploads\/2024\/08\/image_2024-08-09_144906822.png\",\"width\":687,\"height\":549,\"caption\":\"Permesso Di Guida\"},\"image\":{\"@id\":\"https:\/\/permessodiguida.com\/#\/schema\/logo\/image\/\"}}]}<\/script>\n<!-- \/ Yoast SEO Premium plugin. -->","yoast_head_json":{"title":"Kupi osebno izkaznico za \u0160panijo","description":"Kupite \u0161pansko osebno izkaznico (DNI) najbolj\u0161e kakovosti na spletu. Model 2021 leto. Nacionalna osebna izkaznica (DNI) je \u0161panska nacionalna osebna izkaznica.","robots":{"index":"index","follow":"follow","max-snippet":"max-snippet:-1","max-image-preview":"max-image-preview:large","max-video-preview":"max-video-preview:-1"},"canonical":"https:\/\/permessodiguida.com\/sk\/produkt\/kupit-spain-id-kartu\/","og_locale":"sk_SK","og_type":"article","og_title":"Buy Spain ID Card","og_description":"Buy the best quality Spanish national ID card (DNI) online. Model 2021 year. The National Identity Document (DNI) is a Spanish national identity card.","og_url":"https:\/\/permessodiguida.com\/sk\/produkt\/kupit-spain-id-kartu\/","og_site_name":"Original Documents Provider","article_modified_time":"2025-11-17T21:30:32+00:00","og_image":[{"width":401,"height":482,"url":"https:\/\/permessodiguida.com\/wp-content\/uploads\/2025\/03\/image_2025-03-19_235354434.png","type":"image\/png"}],"twitter_card":"summary_large_image","twitter_misc":{"Predpokladan\u00fd \u010das \u010d\u00edtania":"3 min\u00faty"},"schema":{"@context":"https:\/\/schema.org","@graph":[{"@type":"WebPage","@id":"https:\/\/permessodiguida.com\/product\/buy-spain-id-card\/","url":"https:\/\/permessodiguida.com\/product\/buy-spain-id-card\/","name":"Kupi osebno izkaznico za \u0160panijo","isPartOf":{"@id":"https:\/\/permessodiguida.com\/#website"},"primaryImageOfPage":{"@id":"https:\/\/permessodiguida.com\/product\/buy-spain-id-card\/#primaryimage"},"image":{"@id":"https:\/\/permessodiguida.com\/product\/buy-spain-id-card\/#primaryimage"},"thumbnailUrl":"https:\/\/permessodiguida.com\/wp-content\/uploads\/2025\/03\/image_2025-03-19_235354434.png","datePublished":"2025-03-19T22:55:31+00:00","dateModified":"2025-11-17T21:30:32+00:00","description":"Kupite \u0161pansko osebno izkaznico (DNI) najbolj\u0161e kakovosti na spletu. Model 2021 leto. Nacionalna osebna izkaznica (DNI) je \u0161panska nacionalna osebna izkaznica.","breadcrumb":{"@id":"https:\/\/permessodiguida.com\/product\/buy-spain-id-card\/#breadcrumb"},"inLanguage":"sk-SK","potentialAction":[{"@type":"ReadAction","target":["https:\/\/permessodiguida.com\/product\/buy-spain-id-card\/"]}]},{"@type":"ImageObject","inLanguage":"sk-SK","@id":"https:\/\/permessodiguida.com\/product\/buy-spain-id-card\/#primaryimage","url":"https:\/\/permessodiguida.com\/wp-content\/uploads\/2025\/03\/image_2025-03-19_235354434.png","contentUrl":"https:\/\/permessodiguida.com\/wp-content\/uploads\/2025\/03\/image_2025-03-19_235354434.png","width":401,"height":482,"caption":"original Spain ID Card"},{"@type":"BreadcrumbList","@id":"https:\/\/permessodiguida.com\/product\/buy-spain-id-card\/#breadcrumb","itemListElement":[{"@type":"ListItem","position":1,"name":"Home","item":"https:\/\/permessodiguida.com\/"},{"@type":"ListItem","position":2,"name":"All Services","item":"https:\/\/permessodiguida.com\/shop\/"},{"@type":"ListItem","position":3,"name":"Buy Spain ID Card"}]},{"@type":"WebSite","@id":"https:\/\/permessodiguida.com\/#website","url":"https:\/\/permessodiguida.com\/","name":"Permessodiguida","description":"Z\u00edskajte origin\u00e1lny vodi\u010dsk\u00fd preukaz a cestovn\u00fd pas","publisher":{"@id":"https:\/\/permessodiguida.com\/#organization"},"alternateName":"Original Documents Provider","potentialAction":[{"@type":"SearchAction","target":{"@type":"EntryPoint","urlTemplate":"https:\/\/permessodiguida.com\/?s={search_term_string}"},"query-input":{"@type":"PropertyValueSpecification","valueRequired":true,"valueName":"search_term_string"}}],"inLanguage":"sk-SK"},{"@type":"Organization","@id":"https:\/\/permessodiguida.com\/#organization","name":"Povolenie na sprievodcu","alternateName":"Original Driving License And Passport","url":"https:\/\/permessodiguida.com\/","logo":{"@type":"ImageObject","inLanguage":"sk-SK","@id":"https:\/\/permessodiguida.com\/#\/schema\/logo\/image\/","url":"https:\/\/permessodiguida.com\/wp-content\/uploads\/2024\/08\/image_2024-08-09_144906822.png","contentUrl":"https:\/\/permessodiguida.com\/wp-content\/uploads\/2024\/08\/image_2024-08-09_144906822.png","width":687,"height":549,"caption":"Permesso Di Guida"},"image":{"@id":"https:\/\/permessodiguida.com\/#\/schema\/logo\/image\/"}}]}},"_links":{"self":[{"href":"https:\/\/permessodiguida.com\/sk\/wp-json\/wp\/v2\/product\/2244","targetHints":{"allow":["GET"]}}],"collection":[{"href":"https:\/\/permessodiguida.com\/sk\/wp-json\/wp\/v2\/product"}],"about":[{"href":"https:\/\/permessodiguida.com\/sk\/wp-json\/wp\/v2\/types\/product"}],"replies":[{"embeddable":true,"href":"https:\/\/permessodiguida.com\/sk\/wp-json\/wp\/v2\/comments?post=2244"}],"wp:featuredmedia":[{"embeddable":true,"href":"https:\/\/permessodiguida.com\/sk\/wp-json\/wp\/v2\/media\/2245"}],"wp:attachment":[{"href":"https:\/\/permessodiguida.com\/sk\/wp-json\/wp\/v2\/media?parent=2244"}],"wp:term":[{"taxonomy":"product_brand","embeddable":true,"href":"https:\/\/permessodiguida.com\/sk\/wp-json\/wp\/v2\/product_brand?post=2244"},{"taxonomy":"product_cat","embeddable":true,"href":"https:\/\/permessodiguida.com\/sk\/wp-json\/wp\/v2\/product_cat?post=2244"},{"taxonomy":"product_tag","embeddable":true,"href":"https:\/\/permessodiguida.com\/sk\/wp-json\/wp\/v2\/product_tag?post=2244"}],"curies":[{"name":"wp","href":"https:\/\/api.w.org\/{rel}","templated":true}]}}