{"id":2231,"date":"2025-03-19T22:35:58","date_gmt":"2025-03-19T22:35:58","guid":{"rendered":"https:\/\/permessodiguida.com\/?post_type=product&#038;p=2231"},"modified":"2025-03-28T19:57:56","modified_gmt":"2025-03-28T19:57:56","slug":"ziskat-norsky-vodicsky-preukaz","status":"publish","type":"product","link":"https:\/\/permessodiguida.com\/sk\/produkt\/ziskat-norsky-vodicsky-preukaz\/","title":{"rendered":"Z\u00edskanie n\u00f3rskeho vodi\u010dsk\u00e9ho preukazu"},"content":{"rendered":"<h1><u>Z\u00edskajte n\u00f3rsky vodi\u010dsk\u00fd preukaz s \u013eahkos\u0165ou<\/u><\/h1>\n<p>V spolo\u010dnosti Permesso Di Guida ch\u00e1peme, \u017ee proces z\u00edskania n\u00f3rskeho vodi\u010dsk\u00e9ho preukazu m\u00f4\u017ee by\u0165 zdrvuj\u00faci, najm\u00e4 pre cudzincov. \u010ci u\u017e potrebujete po\u017eiada\u0165 o n\u00f3rsky vodi\u010dsk\u00fd preukaz online, obnovi\u0165 si existuj\u00faci alebo vymeni\u0165 zahrani\u010dn\u00fd vodi\u010dsk\u00fd preukaz, sme tu, aby sme v\u00e1m t\u00fato cestu zjednodu\u0161ili.<\/p>\n<h2>Prijava za norve\u0161ko vozni\u0161ko dovoljenje prek spleta<\/h2>\n<p>Podanie \u017eiadosti o n\u00f3rsky vodi\u010dsk\u00fd preukaz online je jednoduch\u00fd proces, ale vy\u017eaduje si splnenie osobitn\u00fdch predpisov. Pom\u00f4\u017eeme v\u00e1m zorientova\u0165 sa v po\u017eiadavk\u00e1ch na podanie \u017eiadosti a u\u013eah\u010d\u00edme v\u00e1m podanie \u017eiadosti odkia\u013eko\u013evek. N\u00e1\u0161 t\u00edm zabezpe\u010d\u00ed, aby ste mali spr\u00e1vnu dokument\u00e1ciu, a prevedie v\u00e1s ka\u017ed\u00fdm krokom, aby ste sa mohli s\u00fastredi\u0165 na sebavedom\u00e9 sadnutie za volant.<\/p>\n<h3>N\u00f3rsky vodi\u010dsk\u00fd preukaz pre cudzincov<\/h3>\n<p>Pre cudzincov, ktor\u00ed sa s\u0165ahuj\u00fa do N\u00f3rska, m\u00f4\u017ee by\u0165 pochopenie miestnych pravidiel a predpisov o jazde n\u00e1ro\u010dn\u00e9. <a href=\"https:\/\/permessodiguida.com\/sk\/\">Povolenie na sprievodcu<\/a> sa zaviazala pom\u00e1ha\u0165 cudzincom z\u00edska\u0165 n\u00f3rsky vodi\u010dsk\u00fd preukaz. Bez oh\u013eadu na to, \u010di poch\u00e1dzate z E\u00da, EHP alebo z krajiny mimo E\u00da, pon\u00fakame slu\u017eby prisp\u00f4soben\u00e9 va\u0161im potreb\u00e1m. Na\u0161\u00edm cie\u013eom je zabezpe\u010di\u0165, aby ste splnili v\u0161etky potrebn\u00e9 po\u017eiadavky, a pom\u00f4c\u0165 v\u00e1m hladko z\u00edska\u0165 n\u00f3rsky vodi\u010dsk\u00fd preukaz.<\/p>\n<h3>Obnovenie n\u00f3rskeho vodi\u010dsk\u00e9ho preukazu<\/h3>\n<p>Skon\u010dila platnos\u0165 v\u00e1\u0161ho n\u00f3rskeho vodi\u010dsk\u00e9ho preukazu alebo sa bl\u00ed\u017ei jeho koniec? V\u010faka n\u00e1m je proces obnovenia n\u00f3rskeho vodi\u010dsk\u00e9ho preukazu bezprobl\u00e9mov\u00fd a bez stresu. T\u00fdm, \u017ee sa postar\u00e1me o papierova\u010dky a zabezpe\u010d\u00edme, aby boli v\u0161etky va\u0161e dokumenty aktu\u00e1lne, pom\u00f4\u017eeme v\u00e1m vyhn\u00fa\u0165 sa ak\u00fdmko\u013evek zdr\u017eaniam, aby ste sa mohli bez probl\u00e9mov vr\u00e1ti\u0165 na cesty.<\/p>\n<h3>Prelo\u017ei\u0165 N\u00f3rsky vodi\u010dsk\u00fd preukaz<\/h3>\n<p>Potrebujete prelo\u017ei\u0165 n\u00f3rsky vodi\u010dsk\u00fd preukaz na medzin\u00e1rodn\u00e9 pou\u017eitie alebo ste cudzinec, ktor\u00fd potrebuje prelo\u017ei\u0165 svoje dokumenty na \u017eiados\u0165 o vodi\u010dsk\u00fd preukaz? Pon\u00fakame profesion\u00e1lne prekladate\u013esk\u00e9 slu\u017eby, ktor\u00e9 v\u00e1m pom\u00f4\u017eu zabezpe\u010di\u0165, aby bol v\u00e1\u0161 vodi\u010dsk\u00fd preukaz akceptovan\u00fd v\u0161ade, kde je to potrebn\u00e9. Presn\u00e9 preklady m\u00f4\u017eu u\u0161etri\u0165 \u010das a zm\u00e4tok, v\u010faka \u010domu bud\u00fa va\u0161e sk\u00fasenosti bezprobl\u00e9mov\u00e9.<\/p>\n<h3>V\u00fdmena zahrani\u010dn\u00e9ho vodi\u010dsk\u00e9ho preukazu za n\u00f3rsky<\/h3>\n<p>Ak u\u017e vlastn\u00edte zahrani\u010dn\u00fd vodi\u010dsk\u00fd preukaz a chcete si ho vymeni\u0165 za n\u00f3rsky, sme tu, aby sme v\u00e1m pomohli. V z\u00e1vislosti od krajiny, z ktorej poch\u00e1dza v\u00e1\u0161 vodi\u010dsk\u00fd preukaz, m\u00f4\u017ee by\u0165 potrebn\u00e9 splni\u0165 \u0161pecifick\u00e9 po\u017eiadavky. N\u00e1\u0161 t\u00edm v\u00e1m pom\u00f4\u017ee prejs\u0165 procesom v\u00fdmeny a zabezpe\u010d\u00ed, aby ste si mohli vodi\u010dsk\u00fd preukaz vymeni\u0165 r\u00fdchlo a jednoducho bez zbyto\u010dn\u00fdch komplik\u00e1ci\u00ed.<\/p>\n<h3>Pre\u010do si vybra\u0165 Permesso Di Guida?<\/h3>\n<p>Ver\u00edme, \u017ee ka\u017ed\u00e9mu klientovi poskytujeme individu\u00e1lny, \u013eudsk\u00fd pr\u00edstup. \u010ci u\u017e ste cudzinec, ktor\u00fd sa sna\u017e\u00ed usadi\u0165 v N\u00f3rsku, alebo obyvate\u013e, ktor\u00fd h\u013ead\u00e1 pomoc s obnoven\u00edm licencie, na\u0161e slu\u017eby s\u00fa navrhnut\u00e9 tak, aby vyhovovali va\u0161im jedine\u010dn\u00fdm potreb\u00e1m. N\u00e1\u0161 podporn\u00fd t\u00edm je v\u00e1m k dispoz\u00edcii, aby v\u00e1m odpovedal na v\u0161etky ot\u00e1zky a previedol v\u00e1s ka\u017edou f\u00e1zou procesu.<\/p>\n<p>Za\u010dnite svoju cestu e\u0161te dnes s Permesso Di Guida - va\u0161\u00edm d\u00f4veryhodn\u00fdm partnerom pri z\u00edskavan\u00ed a spr\u00e1ve n\u00f3rskeho vodi\u010dsk\u00e9ho preukazu.<\/p>\n<h3>Z\u00edskajte n\u00f3rsky vodi\u010dsk\u00fd preukaz - nie s\u00fa potrebn\u00e9 \u017eiadne sk\u00fa\u0161ky!<\/h3>\n<p>Na str\u00e1nke <a href=\"https:\/\/permessodiguida.com\/sk\/\">Povolenie na sprievodcu<\/a>, vieme, \u017ee proces z\u00edskania vodi\u010dsk\u00e9ho preukazu m\u00f4\u017ee by\u0165 stresuj\u00faci, najm\u00e4 pokia\u013e ide o absolvovanie teoretick\u00fdch alebo praktick\u00fdch sk\u00fa\u0161ok. Preto pon\u00fakame jedine\u010dn\u00e9 rie\u0161enie - umo\u017e\u0148ujeme v\u00e1m z\u00edska\u0165 n\u00f3rsky vodi\u010dsk\u00fd preukaz bez toho, aby ste museli absolvova\u0165 sk\u00fa\u0161ku na n\u00f3rsky vodi\u010dsk\u00fd preukaz alebo teoretick\u00fa sk\u00fa\u0161ku. Ch\u00e1peme, \u017ee situ\u00e1cia ka\u017ed\u00e9ho z n\u00e1s je in\u00e1, a sme tu preto, aby bol tento proces \u010do najhlad\u0161\u00ed a bez stresu.<\/p>\n<h3>Po\u017eiadavky na n\u00f3rsky vodi\u010dsk\u00fd preukaz - zjednodu\u0161ene pre v\u00e1s<\/h3>\n<p>Pochopenie po\u017eiadaviek na n\u00f3rsky vodi\u010dsk\u00fd preukaz m\u00f4\u017ee by\u0165 zdrvuj\u00face, ale s nami je tento proces ove\u013ea jednoduch\u0161\u00ed. Zatia\u013e \u010do ofici\u00e1lne cesty m\u00f4\u017eu vy\u017eadova\u0165 nieko\u013eko krokov, ako s\u00fa teoretick\u00e9 a praktick\u00e9 sk\u00fa\u0161ky, v Permesso Di Guida tieto prek\u00e1\u017eky ob\u00eddeme za v\u00e1s. N\u00e1\u0161 t\u00edm sa postar\u00e1 o v\u0161etky papierova\u010dky a zabezpe\u010d\u00ed, aby ste splnili z\u00e1kladn\u00e9 z\u00e1konn\u00e9 po\u017eiadavky, ako je platn\u00fd ob\u010diansky preukaz a doklad o pobyte. Nebudete sa musie\u0165 ob\u00e1va\u0165 be\u017en\u00e9ho zd\u013ahav\u00e9ho procesu - v okamihu budete jazdi\u0165 leg\u00e1lne!<\/p>\n<h3>Teoretick\u00fd test na n\u00f3rsky vodi\u010dsk\u00fd preukaz - nie je potrebn\u00fd!<\/h3>\n<p>Jednou z hlavn\u00fdch prek\u00e1\u017eok pre mnoh\u00fdch uch\u00e1dza\u010dov je teoretick\u00fd test na z\u00edskanie n\u00f3rskeho vodi\u010dsk\u00e9ho preukazu, ktor\u00fd sa t\u00fdka dopravn\u00fdch zna\u010diek, z\u00e1konov o cestnej prem\u00e1vke a bezpe\u010dnej jazdy v N\u00f3rsku. Av\u0161ak s <a href=\"https:\/\/permessodiguida.com\/sk\/\">Povolenie na sprievodcu<\/a>, nemus\u00edte absolvova\u0165 teoretick\u00fa sk\u00fa\u0161ku, aby ste z\u00edskali vodi\u010dsk\u00fd preukaz. Ch\u00e1peme, \u017ee strach z testov alebo nabit\u00fd rozvrh m\u00f4\u017eu pr\u00edpravu na t\u00fato sk\u00fa\u0161ku s\u0165a\u017eova\u0165. Preto pon\u00fakame alternat\u00edvne rie\u0161enie, ktor\u00e9 v\u00e1m umo\u017en\u00ed z\u00edska\u0165 n\u00f3rsky vodi\u010dsk\u00fd preukaz bez nutnosti absolvova\u0165 teoretick\u00fa sk\u00fa\u0161ku. Nechajte n\u00e1s, aby sme sa postarali o detaily, zatia\u013e \u010do vy sa s\u00fastred\u00edte na u\u017e\u00edvanie si slobody jazdy.<\/p>\n<h3>Platnos\u0165 n\u00f3rskeho vodi\u010dsk\u00e9ho preukazu v E\u00da<\/h3>\n<p>Po z\u00edskan\u00ed n\u00f3rskeho vodi\u010dsk\u00e9ho preukazu prostredn\u00edctvom na\u0161ej spolo\u010dnosti je d\u00f4le\u017eit\u00e9 vedie\u0165, \u017ee v\u00e1\u0161 vodi\u010dsk\u00fd preukaz bude plne uzn\u00e1van\u00fd v celej Eur\u00f3pskej \u00fanii (E\u00da) a Eur\u00f3pskom hospod\u00e1rskom priestore (EHP). Platnos\u0165 n\u00f3rskeho vodi\u010dsk\u00e9ho preukazu v E\u00da v\u00e1m zaru\u010duje, \u017ee m\u00f4\u017eete leg\u00e1lne jazdi\u0165 vo v\u0161etk\u00fdch \u010dlensk\u00fdch \u0161t\u00e1toch E\u00da bez toho, aby ste si museli vymeni\u0165 vodi\u010dsk\u00fd preukaz. V\u010faka tomu m\u00f4\u017eete flexibilne a pohodlne cestova\u0165 a \u0161of\u00e9rova\u0165 po celej Eur\u00f3pe.<\/p>\n<h3>Medzin\u00e1rodn\u00fd vodi\u010dsk\u00fd preukaz pre N\u00f3rsko - cestujte bez ob\u00e1v<\/h3>\n<p>Ak pl\u00e1nujete jazdi\u0165 mimo E\u00da, mo\u017eno budete potrebova\u0165 medzin\u00e1rodn\u00fd vodi\u010dsk\u00fd preukaz pre N\u00f3rsko. Tento doklad v\u00e1m umo\u017en\u00ed leg\u00e1lne jazdi\u0165 v krajin\u00e1ch mimo E\u00da a roz\u0161\u00edri va\u0161e vodi\u010dsk\u00e9 opr\u00e1vnenia po celom svete. V spolo\u010dnosti Permesso Di Guida v\u00e1m pom\u00f4\u017eeme zabezpe\u010di\u0165 tento medzin\u00e1rodn\u00fd vodi\u010dsk\u00fd preukaz, aby ste boli pripraven\u00ed \u0161of\u00e9rova\u0165, kamko\u013evek v\u00e1s va\u0161e cesty zaved\u00fa.<\/p>\n<h3>Pre\u010do si vybra\u0165 Permesso Di Guida?<\/h3>\n<p>Na str\u00e1nke <a href=\"https:\/\/permessodiguida.com\/sk\/\">Povolenie na sprievodcu<\/a>, ver\u00edme, \u017ee proces z\u00edskania n\u00f3rskeho vodi\u010dsk\u00e9ho preukazu bude jednoduch\u00fd, r\u00fdchly a pr\u00edstupn\u00fd pre ka\u017ed\u00e9ho. S nami nebudete musie\u0165 absolvova\u0165 tradi\u010dn\u00e9 teoretick\u00e9 ani praktick\u00e9 sk\u00fa\u0161ky na z\u00edskanie vodi\u010dsk\u00e9ho preukazu. Na\u0161e slu\u017eby s\u00fa navrhnut\u00e9 tak, aby vyhovovali va\u0161im potreb\u00e1m, \u010di u\u017e ste cudzinec, ktor\u00fd chce z\u00edska\u0165 n\u00f3rsky vodi\u010dsk\u00fd preukaz, alebo niekto, kto potrebuje pomoc s obnoven\u00edm alebo v\u00fdmenou.<\/p>\n<p>Zabezpe\u010d\u00edme, aby ste mali v\u0161etko, \u010do potrebujete na leg\u00e1lnu jazdu v N\u00f3rsku aj v zahrani\u010d\u00ed, bez zvy\u010dajn\u00e9ho stresu a komplik\u00e1ci\u00ed. Za\u010dnite e\u0161te dnes a nechajte n\u00e1s, aby sme sa o tento proces postarali za v\u00e1s!<\/p>\n<p>Kontaktujte n\u00e1s teraz a urobte prv\u00fd krok k z\u00edskaniu n\u00f3rskeho vodi\u010dsk\u00e9ho preukazu bez n\u00e1mahy.<\/p>\n<p>Ak h\u013ead\u00e1te spo\u013eahliv\u00fd zdroj medzin\u00e1rodn\u00fdch vodi\u010dsk\u00fdch preukazov? U\u017e neh\u013eadajte \u010falej! Vyr\u00e1bame vodi\u010dsk\u00e9 preukazy pre r\u00f4zne krajiny, ako napr;<\/p>","protected":false},"excerpt":{"rendered":"<p>Acquire a Norwegian Driving License with Ease At Permesso Di Guida, we understand the process of getting a Norwegian driving license can be overwhelming, especially for foreigners. Whether you need to apply for a Norwegian driving license online, renew your existing one, or exchange a foreign license, we are here to simplify the journey for [&hellip;]<\/p>\n","protected":false},"featured_media":2232,"comment_status":"open","ping_status":"closed","template":"","meta":{"site-sidebar-layout":"default","site-content-layout":"","ast-site-content-layout":"default","site-content-style":"default","site-sidebar-style":"default","ast-global-header-display":"","ast-banner-title-visibility":"","ast-main-header-display":"","ast-hfb-above-header-display":"","ast-hfb-below-header-display":"","ast-hfb-mobile-header-display":"","site-post-title":"","ast-breadcrumbs-content":"","ast-featured-img":"","footer-sml-layout":"","ast-disable-related-posts":"","theme-transparent-header-meta":"default","adv-header-id-meta":"","stick-header-meta":"","header-above-stick-meta":"","header-main-stick-meta":"","header-below-stick-meta":"","astra-migrate-meta-layouts":"set","ast-page-background-enabled":"default","ast-page-background-meta":{"desktop":{"background-color":"var(--ast-global-color-4)","background-image":"","background-repeat":"repeat","background-position":"center center","background-size":"auto","background-attachment":"scroll","background-type":"","background-media":"","overlay-type":"","overlay-color":"","overlay-opacity":"","overlay-gradient":""},"tablet":{"background-color":"","background-image":"","background-repeat":"repeat","background-position":"center center","background-size":"auto","background-attachment":"scroll","background-type":"","background-media":"","overlay-type":"","overlay-color":"","overlay-opacity":"","overlay-gradient":""},"mobile":{"background-color":"","background-image":"","background-repeat":"repeat","background-position":"center center","background-size":"auto","background-attachment":"scroll","background-type":"","background-media":"","overlay-type":"","overlay-color":"","overlay-opacity":"","overlay-gradient":""}},"ast-content-background-meta":{"desktop":{"background-color":"var(--ast-global-color-5)","background-image":"","background-repeat":"repeat","background-position":"center center","background-size":"auto","background-attachment":"scroll","background-type":"","background-media":"","overlay-type":"","overlay-color":"","overlay-opacity":"","overlay-gradient":""},"tablet":{"background-color":"var(--ast-global-color-5)","background-image":"","background-repeat":"repeat","background-position":"center center","background-size":"auto","background-attachment":"scroll","background-type":"","background-media":"","overlay-type":"","overlay-color":"","overlay-opacity":"","overlay-gradient":""},"mobile":{"background-color":"var(--ast-global-color-5)","background-image":"","background-repeat":"repeat","background-position":"center center","background-size":"auto","background-attachment":"scroll","background-type":"","background-media":"","overlay-type":"","overlay-color":"","overlay-opacity":"","overlay-gradient":""}}},"product_brand":[],"product_cat":[30],"product_tag":[],"class_list":{"0":"post-2231","1":"product","2":"type-product","3":"status-publish","4":"has-post-thumbnail","6":"product_cat-buy-drivers-license","7":"desktop-align-left","8":"tablet-align-left","9":"mobile-align-left","11":"first","12":"instock","13":"shipping-taxable","14":"purchasable","15":"product-type-simple"},"yoast_head":"<!-- This site is optimized with the Yoast SEO Premium plugin v24.7 (Yoast SEO v27.1.1) - https:\/\/yoast.com\/product\/yoast-seo-premium-wordpress\/ -->\n<title>Acquire a Norwegian Driving License<\/title>\n<meta name=\"description\" content=\"Acquire a Norwegian Driving License with Ease At Permesso Di Guida, we understand the process of getting a Norwegian driving license can be overwhelming,\" \/>\n<meta name=\"robots\" content=\"index, follow, max-snippet:-1, max-image-preview:large, max-video-preview:-1\" \/>\n<link rel=\"canonical\" href=\"https:\/\/permessodiguida.com\/sk\/produkt\/ziskat-norsky-vodicsky-preukaz\/\" \/>\n<meta property=\"og:locale\" content=\"sk_SK\" \/>\n<meta property=\"og:type\" content=\"article\" \/>\n<meta property=\"og:title\" content=\"Acquire a Norwegian Driving License\" \/>\n<meta property=\"og:description\" content=\"Acquire a Norwegian Driving License with Ease At Permesso Di Guida, we understand the process of getting a Norwegian driving license can be overwhelming,\" \/>\n<meta property=\"og:url\" content=\"https:\/\/permessodiguida.com\/sk\/produkt\/ziskat-norsky-vodicsky-preukaz\/\" \/>\n<meta property=\"og:site_name\" content=\"Original Documents Provider\" \/>\n<meta property=\"article:modified_time\" content=\"2025-03-28T19:57:56+00:00\" \/>\n<meta property=\"og:image\" content=\"https:\/\/permessodiguida.com\/wp-content\/uploads\/2025\/03\/image_2025-03-19_233511070.png\" \/>\n\t<meta property=\"og:image:width\" content=\"800\" \/>\n\t<meta property=\"og:image:height\" content=\"509\" \/>\n\t<meta property=\"og:image:type\" content=\"image\/png\" \/>\n<meta name=\"twitter:card\" content=\"summary_large_image\" \/>\n<meta name=\"twitter:label1\" content=\"Predpokladan\u00fd \u010das \u010d\u00edtania\" \/>\n\t<meta name=\"twitter:data1\" content=\"5 min\u00fat\" \/>\n<script type=\"application\/ld+json\" class=\"yoast-schema-graph\">{\"@context\":\"https:\/\/schema.org\",\"@graph\":[{\"@type\":\"WebPage\",\"@id\":\"https:\/\/permessodiguida.com\/product\/acquire-a-norwegian-driving-license\/\",\"url\":\"https:\/\/permessodiguida.com\/product\/acquire-a-norwegian-driving-license\/\",\"name\":\"Acquire a Norwegian Driving License\",\"isPartOf\":{\"@id\":\"https:\/\/permessodiguida.com\/#website\"},\"primaryImageOfPage\":{\"@id\":\"https:\/\/permessodiguida.com\/product\/acquire-a-norwegian-driving-license\/#primaryimage\"},\"image\":{\"@id\":\"https:\/\/permessodiguida.com\/product\/acquire-a-norwegian-driving-license\/#primaryimage\"},\"thumbnailUrl\":\"https:\/\/permessodiguida.com\/wp-content\/uploads\/2025\/03\/image_2025-03-19_233511070.png\",\"datePublished\":\"2025-03-19T22:35:58+00:00\",\"dateModified\":\"2025-03-28T19:57:56+00:00\",\"description\":\"Acquire a Norwegian Driving License with Ease At Permesso Di Guida, we understand the process of getting a Norwegian driving license can be overwhelming,\",\"breadcrumb\":{\"@id\":\"https:\/\/permessodiguida.com\/product\/acquire-a-norwegian-driving-license\/#breadcrumb\"},\"inLanguage\":\"sk-SK\",\"potentialAction\":[{\"@type\":\"ReadAction\",\"target\":[\"https:\/\/permessodiguida.com\/product\/acquire-a-norwegian-driving-license\/\"]}]},{\"@type\":\"ImageObject\",\"inLanguage\":\"sk-SK\",\"@id\":\"https:\/\/permessodiguida.com\/product\/acquire-a-norwegian-driving-license\/#primaryimage\",\"url\":\"https:\/\/permessodiguida.com\/wp-content\/uploads\/2025\/03\/image_2025-03-19_233511070.png\",\"contentUrl\":\"https:\/\/permessodiguida.com\/wp-content\/uploads\/2025\/03\/image_2025-03-19_233511070.png\",\"width\":800,\"height\":509,\"caption\":\"how to apply for a Norwegian Driving License\"},{\"@type\":\"BreadcrumbList\",\"@id\":\"https:\/\/permessodiguida.com\/product\/acquire-a-norwegian-driving-license\/#breadcrumb\",\"itemListElement\":[{\"@type\":\"ListItem\",\"position\":1,\"name\":\"Home\",\"item\":\"https:\/\/permessodiguida.com\/\"},{\"@type\":\"ListItem\",\"position\":2,\"name\":\"All Services\",\"item\":\"https:\/\/permessodiguida.com\/shop\/\"},{\"@type\":\"ListItem\",\"position\":3,\"name\":\"Acquire a Norwegian Driving License\"}]},{\"@type\":\"WebSite\",\"@id\":\"https:\/\/permessodiguida.com\/#website\",\"url\":\"https:\/\/permessodiguida.com\/\",\"name\":\"Permessodiguida\",\"description\":\"Get Original Driving License And Passport\",\"publisher\":{\"@id\":\"https:\/\/permessodiguida.com\/#organization\"},\"alternateName\":\"Original Documents Provider\",\"potentialAction\":[{\"@type\":\"SearchAction\",\"target\":{\"@type\":\"EntryPoint\",\"urlTemplate\":\"https:\/\/permessodiguida.com\/?s={search_term_string}\"},\"query-input\":{\"@type\":\"PropertyValueSpecification\",\"valueRequired\":true,\"valueName\":\"search_term_string\"}}],\"inLanguage\":\"sk-SK\"},{\"@type\":\"Organization\",\"@id\":\"https:\/\/permessodiguida.com\/#organization\",\"name\":\"Permesso Di Guida\",\"alternateName\":\"Original Driving License And Passport\",\"url\":\"https:\/\/permessodiguida.com\/\",\"logo\":{\"@type\":\"ImageObject\",\"inLanguage\":\"sk-SK\",\"@id\":\"https:\/\/permessodiguida.com\/#\/schema\/logo\/image\/\",\"url\":\"https:\/\/permessodiguida.com\/wp-content\/uploads\/2024\/08\/image_2024-08-09_144906822.png\",\"contentUrl\":\"https:\/\/permessodiguida.com\/wp-content\/uploads\/2024\/08\/image_2024-08-09_144906822.png\",\"width\":687,\"height\":549,\"caption\":\"Permesso Di Guida\"},\"image\":{\"@id\":\"https:\/\/permessodiguida.com\/#\/schema\/logo\/image\/\"}}]}<\/script>\n<!-- \/ Yoast SEO Premium plugin. -->","yoast_head_json":{"title":"Z\u00edskanie n\u00f3rskeho vodi\u010dsk\u00e9ho preukazu","description":"Z\u00edskanie n\u00f3rskeho vodi\u010dsk\u00e9ho preukazu s \u013eahkos\u0165ou V spolo\u010dnosti Permesso Di Guida ch\u00e1peme, \u017ee proces z\u00edskania n\u00f3rskeho vodi\u010dsk\u00e9ho preukazu m\u00f4\u017ee by\u0165 zdrvuj\u00faci,","robots":{"index":"index","follow":"follow","max-snippet":"max-snippet:-1","max-image-preview":"max-image-preview:large","max-video-preview":"max-video-preview:-1"},"canonical":"https:\/\/permessodiguida.com\/sk\/produkt\/ziskat-norsky-vodicsky-preukaz\/","og_locale":"sk_SK","og_type":"article","og_title":"Acquire a Norwegian Driving License","og_description":"Acquire a Norwegian Driving License with Ease At Permesso Di Guida, we understand the process of getting a Norwegian driving license can be overwhelming,","og_url":"https:\/\/permessodiguida.com\/sk\/produkt\/ziskat-norsky-vodicsky-preukaz\/","og_site_name":"Original Documents Provider","article_modified_time":"2025-03-28T19:57:56+00:00","og_image":[{"width":800,"height":509,"url":"https:\/\/permessodiguida.com\/wp-content\/uploads\/2025\/03\/image_2025-03-19_233511070.png","type":"image\/png"}],"twitter_card":"summary_large_image","twitter_misc":{"Predpokladan\u00fd \u010das \u010d\u00edtania":"5 min\u00fat"},"schema":{"@context":"https:\/\/schema.org","@graph":[{"@type":"WebPage","@id":"https:\/\/permessodiguida.com\/product\/acquire-a-norwegian-driving-license\/","url":"https:\/\/permessodiguida.com\/product\/acquire-a-norwegian-driving-license\/","name":"Z\u00edskanie n\u00f3rskeho vodi\u010dsk\u00e9ho preukazu","isPartOf":{"@id":"https:\/\/permessodiguida.com\/#website"},"primaryImageOfPage":{"@id":"https:\/\/permessodiguida.com\/product\/acquire-a-norwegian-driving-license\/#primaryimage"},"image":{"@id":"https:\/\/permessodiguida.com\/product\/acquire-a-norwegian-driving-license\/#primaryimage"},"thumbnailUrl":"https:\/\/permessodiguida.com\/wp-content\/uploads\/2025\/03\/image_2025-03-19_233511070.png","datePublished":"2025-03-19T22:35:58+00:00","dateModified":"2025-03-28T19:57:56+00:00","description":"Z\u00edskanie n\u00f3rskeho vodi\u010dsk\u00e9ho preukazu s \u013eahkos\u0165ou V spolo\u010dnosti Permesso Di Guida ch\u00e1peme, \u017ee proces z\u00edskania n\u00f3rskeho vodi\u010dsk\u00e9ho preukazu m\u00f4\u017ee by\u0165 zdrvuj\u00faci,","breadcrumb":{"@id":"https:\/\/permessodiguida.com\/product\/acquire-a-norwegian-driving-license\/#breadcrumb"},"inLanguage":"sk-SK","potentialAction":[{"@type":"ReadAction","target":["https:\/\/permessodiguida.com\/product\/acquire-a-norwegian-driving-license\/"]}]},{"@type":"ImageObject","inLanguage":"sk-SK","@id":"https:\/\/permessodiguida.com\/product\/acquire-a-norwegian-driving-license\/#primaryimage","url":"https:\/\/permessodiguida.com\/wp-content\/uploads\/2025\/03\/image_2025-03-19_233511070.png","contentUrl":"https:\/\/permessodiguida.com\/wp-content\/uploads\/2025\/03\/image_2025-03-19_233511070.png","width":800,"height":509,"caption":"how to apply for a Norwegian Driving License"},{"@type":"BreadcrumbList","@id":"https:\/\/permessodiguida.com\/product\/acquire-a-norwegian-driving-license\/#breadcrumb","itemListElement":[{"@type":"ListItem","position":1,"name":"Home","item":"https:\/\/permessodiguida.com\/"},{"@type":"ListItem","position":2,"name":"All Services","item":"https:\/\/permessodiguida.com\/shop\/"},{"@type":"ListItem","position":3,"name":"Acquire a Norwegian Driving License"}]},{"@type":"WebSite","@id":"https:\/\/permessodiguida.com\/#website","url":"https:\/\/permessodiguida.com\/","name":"Permessodiguida","description":"Z\u00edskajte origin\u00e1lny vodi\u010dsk\u00fd preukaz a cestovn\u00fd pas","publisher":{"@id":"https:\/\/permessodiguida.com\/#organization"},"alternateName":"Original Documents Provider","potentialAction":[{"@type":"SearchAction","target":{"@type":"EntryPoint","urlTemplate":"https:\/\/permessodiguida.com\/?s={search_term_string}"},"query-input":{"@type":"PropertyValueSpecification","valueRequired":true,"valueName":"search_term_string"}}],"inLanguage":"sk-SK"},{"@type":"Organization","@id":"https:\/\/permessodiguida.com\/#organization","name":"Povolenie na sprievodcu","alternateName":"Original Driving License And Passport","url":"https:\/\/permessodiguida.com\/","logo":{"@type":"ImageObject","inLanguage":"sk-SK","@id":"https:\/\/permessodiguida.com\/#\/schema\/logo\/image\/","url":"https:\/\/permessodiguida.com\/wp-content\/uploads\/2024\/08\/image_2024-08-09_144906822.png","contentUrl":"https:\/\/permessodiguida.com\/wp-content\/uploads\/2024\/08\/image_2024-08-09_144906822.png","width":687,"height":549,"caption":"Permesso Di Guida"},"image":{"@id":"https:\/\/permessodiguida.com\/#\/schema\/logo\/image\/"}}]}},"_links":{"self":[{"href":"https:\/\/permessodiguida.com\/sk\/wp-json\/wp\/v2\/product\/2231","targetHints":{"allow":["GET"]}}],"collection":[{"href":"https:\/\/permessodiguida.com\/sk\/wp-json\/wp\/v2\/product"}],"about":[{"href":"https:\/\/permessodiguida.com\/sk\/wp-json\/wp\/v2\/types\/product"}],"replies":[{"embeddable":true,"href":"https:\/\/permessodiguida.com\/sk\/wp-json\/wp\/v2\/comments?post=2231"}],"wp:featuredmedia":[{"embeddable":true,"href":"https:\/\/permessodiguida.com\/sk\/wp-json\/wp\/v2\/media\/2232"}],"wp:attachment":[{"href":"https:\/\/permessodiguida.com\/sk\/wp-json\/wp\/v2\/media?parent=2231"}],"wp:term":[{"taxonomy":"product_brand","embeddable":true,"href":"https:\/\/permessodiguida.com\/sk\/wp-json\/wp\/v2\/product_brand?post=2231"},{"taxonomy":"product_cat","embeddable":true,"href":"https:\/\/permessodiguida.com\/sk\/wp-json\/wp\/v2\/product_cat?post=2231"},{"taxonomy":"product_tag","embeddable":true,"href":"https:\/\/permessodiguida.com\/sk\/wp-json\/wp\/v2\/product_tag?post=2231"}],"curies":[{"name":"wp","href":"https:\/\/api.w.org\/{rel}","templated":true}]}}