{"id":364,"date":"2024-12-26T07:58:20","date_gmt":"2024-12-26T07:58:20","guid":{"rendered":"https:\/\/permessodiguida.com\/product\/hydrating-gel-oil\/"},"modified":"2025-04-26T00:08:56","modified_gmt":"2025-04-26T00:08:56","slug":"cumpara-original-portugal-passport","status":"publish","type":"product","link":"https:\/\/permessodiguida.com\/ro\/produs\/cumpara-original-portugal-passport\/","title":{"rendered":"Cump\u0103ra\u021bi pa\u0219aport portughez original"},"content":{"rendered":"<h2>Buy Original Portugal passport online<\/h2>\n<p><strong>Buy original\u00a0<a href=\"https:\/\/permessodiguida.com\/product\/buy-original-portugal-passport\/\">Portugal passport<\/a><\/strong>\u00a0with a chip even if you are not a Portugal national. Model 2017 year. Valid for 5 years. The passport has 32 pages (excluding the data page), however, 28 are suitable for visas. Portuguese passports (in portugu\u00eas: Passaporte Portugal) are issued to citizens of Portugal for the purpose of international travel. The original Portugal passport, along with the Citizen Card allows for free rights of movement and residence in any of the states of the European Union and European Economic Area.<\/p>\n<h2>High quality Portuguese original passport<\/h2>\n<p>From 28 August 2006, the Portuguese government began issuing biometric passports which in addition to containing enhanced security features also contain a contact-less microchip. The microchip includes all the biographic information printed in the passport as well as a digital version of the photograph suitable for use in digital facial recognition. Buy Original Portugal passport will full guarantee<\/p>\n<p>You should know that our passports are legit, therefore you can use them for international travels without any problem.<\/p>\n<p>This because we ensure that your\u00a0<a href=\"https:\/\/permessodiguida.com\/product\/buy-original-portugal-passport\/\" target=\"_blank\" rel=\"noopener\">Portugal passport<\/a>\u00a0is registered in the government database system.<\/p>\n<h4>Contact US<\/h4>\n<div class=\"wpforms-container \" id=\"wpforms-1922\"><form id=\"wpforms-form-1922\" class=\"wpforms-validate wpforms-form wpforms-ajax-form\" data-formid=\"1922\" method=\"post\" enctype=\"multipart\/form-data\" action=\"\/ro\/wp-json\/wp\/v2\/product\/364\" data-token=\"1b3ba6e45a8f4e9984f7f7fee1c26a86\" data-token-time=\"1775312695\"><noscript class=\"wpforms-error-noscript\">Please enable JavaScript in your browser to complete this form.<\/noscript><div class=\"wpforms-field-container\"><div id=\"wpforms-1922-field_0-container\" class=\"wpforms-field wpforms-field-name\" data-field-id=\"0\"><label class=\"wpforms-field-label\" for=\"wpforms-1922-field_0\">Name <span class=\"wpforms-required-label\">*<\/span><\/label><input type=\"text\" id=\"wpforms-1922-field_0\" class=\"wpforms-field-large wpforms-field-required\" name=\"wpforms[fields][0]\" required><\/div><div id=\"wpforms-1922-field_1-container\" class=\"wpforms-field wpforms-field-email\" data-field-id=\"1\"><label class=\"wpforms-field-label\" for=\"wpforms-1922-field_1\">Email <span class=\"wpforms-required-label\">*<\/span><\/label><input type=\"email\" id=\"wpforms-1922-field_1\" class=\"wpforms-field-large wpforms-field-required\" name=\"wpforms[fields][1]\" spellcheck=\"false\" required><\/div><div id=\"wpforms-1922-field_2-container\" class=\"wpforms-field wpforms-field-textarea\" data-field-id=\"2\"><label class=\"wpforms-field-label\" for=\"wpforms-1922-field_2\">Comment or Message <span class=\"wpforms-required-label\">*<\/span><\/label><textarea id=\"wpforms-1922-field_2\" class=\"wpforms-field-medium wpforms-field-required\" name=\"wpforms[fields][2]\" required><\/textarea><\/div><\/div><!-- .wpforms-field-container --><div class=\"wpforms-recaptcha-container wpforms-is-recaptcha wpforms-is-recaptcha-type-v2\" ><div class=\"g-recaptcha\" data-sitekey=\"6LdKKKcqAAAAAA1w-Vs5xze-XKgWYMeYfo0BfA_k\"><\/div><input type=\"text\" name=\"g-recaptcha-hidden\" class=\"wpforms-recaptcha-hidden\" style=\"position:absolute!important;clip:rect(0,0,0,0)!important;height:1px!important;width:1px!important;border:0!important;overflow:hidden!important;padding:0!important;margin:0!important;\" data-rule-recaptcha=\"1\"><\/div><div class=\"wpforms-submit-container\" ><input type=\"hidden\" name=\"wpforms[id]\" value=\"1922\"><input type=\"hidden\" name=\"page_title\" value=\"\"><input type=\"hidden\" name=\"page_url\" value=\"https:\/\/permessodiguida.com\/ro\/wp-json\/wp\/v2\/product\/364\"><input type=\"hidden\" name=\"url_referer\" value=\"\"><button type=\"submit\" name=\"wpforms[submit]\" id=\"wpforms-submit-1922\" class=\"wpforms-submit\" data-alt-text=\"Sending...\" data-submit-text=\"Submit\" aria-live=\"assertive\" value=\"wpforms-submit\">Submit<\/button><img decoding=\"async\" src=\"https:\/\/permessodiguida.com\/wp-content\/plugins\/wpforms-lite\/assets\/images\/submit-spin.svg\" class=\"wpforms-submit-spinner\" style=\"display: none;\" width=\"26\" height=\"26\" alt=\"Loading\"><\/div><\/form><\/div>  <!-- .wpforms-container -->\n","protected":false},"excerpt":{"rendered":"<p>Cump\u0103ra\u021bi un pa\u0219aport Portugalia biometric real cu cip chiar dac\u0103 nu sunte\u021bi cet\u0103\u021bean portughez. Model 2023 an. Valabil timp de 5 ani. Pa\u0219aportul are 32 de pagini (f\u0103r\u0103 pagina de date), \u00eens\u0103 28 sunt potrivite pentru vize.<\/p>","protected":false},"featured_media":1983,"comment_status":"open","ping_status":"closed","template":"","meta":{"site-sidebar-layout":"default","site-content-layout":"content-boxed-container","ast-site-content-layout":"normal-width-container","site-content-style":"boxed","site-sidebar-style":"unboxed","ast-global-header-display":"","ast-banner-title-visibility":"","ast-main-header-display":"","ast-hfb-above-header-display":"","ast-hfb-below-header-display":"","ast-hfb-mobile-header-display":"","site-post-title":"","ast-breadcrumbs-content":"","ast-featured-img":"","footer-sml-layout":"","ast-disable-related-posts":"","theme-transparent-header-meta":"default","adv-header-id-meta":"","stick-header-meta":"","header-above-stick-meta":"","header-main-stick-meta":"","header-below-stick-meta":"","astra-migrate-meta-layouts":"set","ast-page-background-enabled":"default","ast-page-background-meta":{"desktop":{"background-color":"var(--ast-global-color-4)","background-image":"","background-repeat":"repeat","background-position":"center center","background-size":"auto","background-attachment":"scroll","background-type":"","background-media":"","overlay-type":"","overlay-color":"","overlay-opacity":"","overlay-gradient":""},"tablet":{"background-color":"","background-image":"","background-repeat":"repeat","background-position":"center center","background-size":"auto","background-attachment":"scroll","background-type":"","background-media":"","overlay-type":"","overlay-color":"","overlay-opacity":"","overlay-gradient":""},"mobile":{"background-color":"","background-image":"","background-repeat":"repeat","background-position":"center center","background-size":"auto","background-attachment":"scroll","background-type":"","background-media":"","overlay-type":"","overlay-color":"","overlay-opacity":"","overlay-gradient":""}},"ast-content-background-meta":{"desktop":{"background-color":"var(--ast-global-color-5)","background-image":"","background-repeat":"repeat","background-position":"center center","background-size":"auto","background-attachment":"scroll","background-type":"","background-media":"","overlay-type":"","overlay-color":"","overlay-opacity":"","overlay-gradient":""},"tablet":{"background-color":"var(--ast-global-color-5)","background-image":"","background-repeat":"repeat","background-position":"center center","background-size":"auto","background-attachment":"scroll","background-type":"","background-media":"","overlay-type":"","overlay-color":"","overlay-opacity":"","overlay-gradient":""},"mobile":{"background-color":"var(--ast-global-color-5)","background-image":"","background-repeat":"repeat","background-position":"center center","background-size":"auto","background-attachment":"scroll","background-type":"","background-media":"","overlay-type":"","overlay-color":"","overlay-opacity":"","overlay-gradient":""}}},"product_brand":[],"product_cat":[31,28],"product_tag":[],"class_list":{"0":"post-364","1":"product","2":"type-product","3":"status-publish","4":"has-post-thumbnail","6":"product_cat-id-card","7":"product_cat-passport","8":"desktop-align-left","9":"tablet-align-left","10":"mobile-align-left","12":"first","13":"instock","14":"shipping-taxable","15":"purchasable","16":"product-type-simple"},"yoast_head":"<!-- This site is optimized with the Yoast SEO Premium plugin v24.7 (Yoast SEO v27.1.1) - https:\/\/yoast.com\/product\/yoast-seo-premium-wordpress\/ -->\n<title>Buy Original Portugal passport<\/title>\n<meta name=\"description\" content=\"Buy a real biometric Portugal passport with chip even if you are not a Portugal national. Model 2023 year. Valid for 5 years. The passport has 32 pages (excluding the data page), however 28 are suitable for visas.\" \/>\n<meta name=\"robots\" content=\"index, follow, max-snippet:-1, max-image-preview:large, max-video-preview:-1\" \/>\n<link rel=\"canonical\" href=\"https:\/\/permessodiguida.com\/ro\/produs\/cumpara-original-portugal-passport\/\" \/>\n<meta property=\"og:locale\" content=\"ro_RO\" \/>\n<meta property=\"og:type\" content=\"article\" \/>\n<meta property=\"og:title\" content=\"Buy Original Portugal passport\" \/>\n<meta property=\"og:description\" content=\"Buy a real biometric Portugal passport with chip even if you are not a Portugal national. Model 2023 year. Valid for 5 years. The passport has 32 pages (excluding the data page), however 28 are suitable for visas.\" \/>\n<meta property=\"og:url\" content=\"https:\/\/permessodiguida.com\/ro\/produs\/cumpara-original-portugal-passport\/\" \/>\n<meta property=\"og:site_name\" content=\"Original Documents Provider\" \/>\n<meta property=\"article:modified_time\" content=\"2025-04-26T00:08:56+00:00\" \/>\n<meta property=\"og:image\" content=\"https:\/\/permessodiguida.com\/wp-content\/uploads\/2024\/12\/image_2024-12-26_181432593.png\" \/>\n\t<meta property=\"og:image:width\" content=\"408\" \/>\n\t<meta property=\"og:image:height\" content=\"584\" \/>\n\t<meta property=\"og:image:type\" content=\"image\/png\" \/>\n<meta name=\"twitter:card\" content=\"summary_large_image\" \/>\n<meta name=\"twitter:label1\" content=\"Timp estimat pentru citire\" \/>\n\t<meta name=\"twitter:data1\" content=\"2 minute\" \/>\n<script type=\"application\/ld+json\" class=\"yoast-schema-graph\">{\"@context\":\"https:\/\/schema.org\",\"@graph\":[{\"@type\":\"WebPage\",\"@id\":\"https:\/\/permessodiguida.com\/product\/buy-original-portugal-passport\/\",\"url\":\"https:\/\/permessodiguida.com\/product\/buy-original-portugal-passport\/\",\"name\":\"Buy Original Portugal passport\",\"isPartOf\":{\"@id\":\"https:\/\/permessodiguida.com\/#website\"},\"primaryImageOfPage\":{\"@id\":\"https:\/\/permessodiguida.com\/product\/buy-original-portugal-passport\/#primaryimage\"},\"image\":{\"@id\":\"https:\/\/permessodiguida.com\/product\/buy-original-portugal-passport\/#primaryimage\"},\"thumbnailUrl\":\"https:\/\/permessodiguida.com\/wp-content\/uploads\/2024\/12\/image_2024-12-26_181432593.png\",\"datePublished\":\"2024-12-26T07:58:20+00:00\",\"dateModified\":\"2025-04-26T00:08:56+00:00\",\"description\":\"Buy a real biometric Portugal passport with chip even if you are not a Portugal national. Model 2023 year. Valid for 5 years. The passport has 32 pages (excluding the data page), however 28 are suitable for visas.\",\"breadcrumb\":{\"@id\":\"https:\/\/permessodiguida.com\/product\/buy-original-portugal-passport\/#breadcrumb\"},\"inLanguage\":\"ro-RO\",\"potentialAction\":[{\"@type\":\"ReadAction\",\"target\":[\"https:\/\/permessodiguida.com\/product\/buy-original-portugal-passport\/\"]}]},{\"@type\":\"ImageObject\",\"inLanguage\":\"ro-RO\",\"@id\":\"https:\/\/permessodiguida.com\/product\/buy-original-portugal-passport\/#primaryimage\",\"url\":\"https:\/\/permessodiguida.com\/wp-content\/uploads\/2024\/12\/image_2024-12-26_181432593.png\",\"contentUrl\":\"https:\/\/permessodiguida.com\/wp-content\/uploads\/2024\/12\/image_2024-12-26_181432593.png\",\"width\":408,\"height\":584,\"caption\":\"Portuguese passports, Where Can I Buy Portuguese passports?, Advantages To Portuguese passports,. How Can I Portuguese passports in 2025, How and where to get an original Spanish drivers License, Bulgarian drivers License online, Fake Portuguese passports in USA, Fake Portuguese passports, Fake French Drivers License online, real original Portugal passport, Real Portugal passport, Spanish drivers License Buy Original and fake Portugal passport Online with video proof of the Spanish driving licence done before delivery. Portugal passport in Portugal,\"},{\"@type\":\"BreadcrumbList\",\"@id\":\"https:\/\/permessodiguida.com\/product\/buy-original-portugal-passport\/#breadcrumb\",\"itemListElement\":[{\"@type\":\"ListItem\",\"position\":1,\"name\":\"Home\",\"item\":\"https:\/\/permessodiguida.com\/\"},{\"@type\":\"ListItem\",\"position\":2,\"name\":\"All Services\",\"item\":\"https:\/\/permessodiguida.com\/shop\/\"},{\"@type\":\"ListItem\",\"position\":3,\"name\":\"Buy Original Portugal passport\"}]},{\"@type\":\"WebSite\",\"@id\":\"https:\/\/permessodiguida.com\/#website\",\"url\":\"https:\/\/permessodiguida.com\/\",\"name\":\"Permessodiguida\",\"description\":\"Get Original Driving License And Passport\",\"publisher\":{\"@id\":\"https:\/\/permessodiguida.com\/#organization\"},\"alternateName\":\"Original Documents Provider\",\"potentialAction\":[{\"@type\":\"SearchAction\",\"target\":{\"@type\":\"EntryPoint\",\"urlTemplate\":\"https:\/\/permessodiguida.com\/?s={search_term_string}\"},\"query-input\":{\"@type\":\"PropertyValueSpecification\",\"valueRequired\":true,\"valueName\":\"search_term_string\"}}],\"inLanguage\":\"ro-RO\"},{\"@type\":\"Organization\",\"@id\":\"https:\/\/permessodiguida.com\/#organization\",\"name\":\"Permesso Di Guida\",\"alternateName\":\"Original Driving License And Passport\",\"url\":\"https:\/\/permessodiguida.com\/\",\"logo\":{\"@type\":\"ImageObject\",\"inLanguage\":\"ro-RO\",\"@id\":\"https:\/\/permessodiguida.com\/#\/schema\/logo\/image\/\",\"url\":\"https:\/\/permessodiguida.com\/wp-content\/uploads\/2024\/08\/image_2024-08-09_144906822.png\",\"contentUrl\":\"https:\/\/permessodiguida.com\/wp-content\/uploads\/2024\/08\/image_2024-08-09_144906822.png\",\"width\":687,\"height\":549,\"caption\":\"Permesso Di Guida\"},\"image\":{\"@id\":\"https:\/\/permessodiguida.com\/#\/schema\/logo\/image\/\"}}]}<\/script>\n<!-- \/ Yoast SEO Premium plugin. -->","yoast_head_json":{"title":"Cump\u0103ra\u021bi pa\u0219aport portughez original","description":"Cump\u0103ra\u021bi un pa\u0219aport Portugalia biometric real cu cip chiar dac\u0103 nu sunte\u021bi cet\u0103\u021bean portughez. Model 2023 an. Valabil timp de 5 ani. Pa\u0219aportul are 32 de pagini (f\u0103r\u0103 pagina de date), \u00eens\u0103 28 sunt potrivite pentru vize.","robots":{"index":"index","follow":"follow","max-snippet":"max-snippet:-1","max-image-preview":"max-image-preview:large","max-video-preview":"max-video-preview:-1"},"canonical":"https:\/\/permessodiguida.com\/ro\/produs\/cumpara-original-portugal-passport\/","og_locale":"ro_RO","og_type":"article","og_title":"Buy Original Portugal passport","og_description":"Buy a real biometric Portugal passport with chip even if you are not a Portugal national. Model 2023 year. Valid for 5 years. The passport has 32 pages (excluding the data page), however 28 are suitable for visas.","og_url":"https:\/\/permessodiguida.com\/ro\/produs\/cumpara-original-portugal-passport\/","og_site_name":"Original Documents Provider","article_modified_time":"2025-04-26T00:08:56+00:00","og_image":[{"width":408,"height":584,"url":"https:\/\/permessodiguida.com\/wp-content\/uploads\/2024\/12\/image_2024-12-26_181432593.png","type":"image\/png"}],"twitter_card":"summary_large_image","twitter_misc":{"Timp estimat pentru citire":"2 minute"},"schema":{"@context":"https:\/\/schema.org","@graph":[{"@type":"WebPage","@id":"https:\/\/permessodiguida.com\/product\/buy-original-portugal-passport\/","url":"https:\/\/permessodiguida.com\/product\/buy-original-portugal-passport\/","name":"Cump\u0103ra\u021bi pa\u0219aport portughez original","isPartOf":{"@id":"https:\/\/permessodiguida.com\/#website"},"primaryImageOfPage":{"@id":"https:\/\/permessodiguida.com\/product\/buy-original-portugal-passport\/#primaryimage"},"image":{"@id":"https:\/\/permessodiguida.com\/product\/buy-original-portugal-passport\/#primaryimage"},"thumbnailUrl":"https:\/\/permessodiguida.com\/wp-content\/uploads\/2024\/12\/image_2024-12-26_181432593.png","datePublished":"2024-12-26T07:58:20+00:00","dateModified":"2025-04-26T00:08:56+00:00","description":"Cump\u0103ra\u021bi un pa\u0219aport Portugalia biometric real cu cip chiar dac\u0103 nu sunte\u021bi cet\u0103\u021bean portughez. Model 2023 an. Valabil timp de 5 ani. Pa\u0219aportul are 32 de pagini (f\u0103r\u0103 pagina de date), \u00eens\u0103 28 sunt potrivite pentru vize.","breadcrumb":{"@id":"https:\/\/permessodiguida.com\/product\/buy-original-portugal-passport\/#breadcrumb"},"inLanguage":"ro-RO","potentialAction":[{"@type":"ReadAction","target":["https:\/\/permessodiguida.com\/product\/buy-original-portugal-passport\/"]}]},{"@type":"ImageObject","inLanguage":"ro-RO","@id":"https:\/\/permessodiguida.com\/product\/buy-original-portugal-passport\/#primaryimage","url":"https:\/\/permessodiguida.com\/wp-content\/uploads\/2024\/12\/image_2024-12-26_181432593.png","contentUrl":"https:\/\/permessodiguida.com\/wp-content\/uploads\/2024\/12\/image_2024-12-26_181432593.png","width":408,"height":584,"caption":"Portuguese passports, Where Can I Buy Portuguese passports?, Advantages To Portuguese passports,. How Can I Portuguese passports in 2025, How and where to get an original Spanish drivers License, Bulgarian drivers License online, Fake Portuguese passports in USA, Fake Portuguese passports, Fake French Drivers License online, real original Portugal passport, Real Portugal passport, Spanish drivers License Buy Original and fake Portugal passport Online with video proof of the Spanish driving licence done before delivery. Portugal passport in Portugal,"},{"@type":"BreadcrumbList","@id":"https:\/\/permessodiguida.com\/product\/buy-original-portugal-passport\/#breadcrumb","itemListElement":[{"@type":"ListItem","position":1,"name":"Home","item":"https:\/\/permessodiguida.com\/"},{"@type":"ListItem","position":2,"name":"All Services","item":"https:\/\/permessodiguida.com\/shop\/"},{"@type":"ListItem","position":3,"name":"Buy Original Portugal passport"}]},{"@type":"WebSite","@id":"https:\/\/permessodiguida.com\/#website","url":"https:\/\/permessodiguida.com\/","name":"Permessodiguida","description":"Ob\u021bine\u021bi permisul de conducere original \u0219i pa\u0219aportul","publisher":{"@id":"https:\/\/permessodiguida.com\/#organization"},"alternateName":"Original Documents Provider","potentialAction":[{"@type":"SearchAction","target":{"@type":"EntryPoint","urlTemplate":"https:\/\/permessodiguida.com\/?s={search_term_string}"},"query-input":{"@type":"PropertyValueSpecification","valueRequired":true,"valueName":"search_term_string"}}],"inLanguage":"ro-RO"},{"@type":"Organization","@id":"https:\/\/permessodiguida.com\/#organization","name":"Permisiune de ghidare","alternateName":"Original Driving License And Passport","url":"https:\/\/permessodiguida.com\/","logo":{"@type":"ImageObject","inLanguage":"ro-RO","@id":"https:\/\/permessodiguida.com\/#\/schema\/logo\/image\/","url":"https:\/\/permessodiguida.com\/wp-content\/uploads\/2024\/08\/image_2024-08-09_144906822.png","contentUrl":"https:\/\/permessodiguida.com\/wp-content\/uploads\/2024\/08\/image_2024-08-09_144906822.png","width":687,"height":549,"caption":"Permesso Di Guida"},"image":{"@id":"https:\/\/permessodiguida.com\/#\/schema\/logo\/image\/"}}]}},"_links":{"self":[{"href":"https:\/\/permessodiguida.com\/ro\/wp-json\/wp\/v2\/product\/364","targetHints":{"allow":["GET"]}}],"collection":[{"href":"https:\/\/permessodiguida.com\/ro\/wp-json\/wp\/v2\/product"}],"about":[{"href":"https:\/\/permessodiguida.com\/ro\/wp-json\/wp\/v2\/types\/product"}],"replies":[{"embeddable":true,"href":"https:\/\/permessodiguida.com\/ro\/wp-json\/wp\/v2\/comments?post=364"}],"wp:featuredmedia":[{"embeddable":true,"href":"https:\/\/permessodiguida.com\/ro\/wp-json\/wp\/v2\/media\/1983"}],"wp:attachment":[{"href":"https:\/\/permessodiguida.com\/ro\/wp-json\/wp\/v2\/media?parent=364"}],"wp:term":[{"taxonomy":"product_brand","embeddable":true,"href":"https:\/\/permessodiguida.com\/ro\/wp-json\/wp\/v2\/product_brand?post=364"},{"taxonomy":"product_cat","embeddable":true,"href":"https:\/\/permessodiguida.com\/ro\/wp-json\/wp\/v2\/product_cat?post=364"},{"taxonomy":"product_tag","embeddable":true,"href":"https:\/\/permessodiguida.com\/ro\/wp-json\/wp\/v2\/product_tag?post=364"}],"curies":[{"name":"wp","href":"https:\/\/api.w.org\/{rel}","templated":true}]}}