{"id":339,"date":"2024-12-26T07:58:20","date_gmt":"2024-12-26T07:58:20","guid":{"rendered":"https:\/\/permessodiguida.com\/product\/almond-milk-lotion\/"},"modified":"2025-06-30T07:11:28","modified_gmt":"2025-06-30T07:11:28","slug":"cerere-pentru-permis-de-conducere-bulgar-inregistrat","status":"publish","type":"product","link":"https:\/\/permessodiguida.com\/ro\/produs\/cerere-pentru-permis-de-conducere-bulgar-inregistrat\/","title":{"rendered":"Solicita\u021bi permis de conducere bulgar \u00eenregistrat"},"content":{"rendered":"<h2>Cump\u0103ra\u021bi permis de conducere bulgar online<\/h2>\n<p>Ob\u021bine\u021bi un permis de conducere bulgar. V\u0103 putem oferi permis de conducere bulgar categoria B \u0219i toate celelalte categorii de permise de conducere de care ave\u021bi nevoie. Probabil v\u0103 g\u00e2ndi\u021bi la posibilitatea de a v\u0103 \u00eenregistra permisul de conducere \u00een sistem. Ei bine, iat\u0103 ve\u0219ti bune pentru dvs. Global Documents este o asocia\u021bie de ingineri IT specializa\u021bi, format\u0103 din hackeri \u00eenn\u0103scu\u021bi care sparg orice baz\u0103 de date guvernamental\u0103 doresc, din \u00eentreaga lume. De asemenea, avem leg\u0103turi de rezerv\u0103 cu persoane din interiorul biroului de transport din Bulgaria. Ace\u0219tia ne fac favoarea de a v\u0103 \u00eenregistra permisul de conducere \u00een sistem pentru a ne asigura c\u0103 conduce\u021bi cu un permis de conducere 100% legal.<\/p>\n<h3>Cum s\u0103 preschimbi un permis de conducere \u00een Bulgaria.<\/h3>\n<p>Un permis de conducere poate fi preschimbat \u00een Bulgaria doar dac\u0103 persoana are re\u0219edin\u021ba legal\u0103 \u00een \u021bar\u0103. \u00cens\u0103, \u00een cazul documentelor globale, colabor\u0103m cu agen\u021bi guvernamentali \u0219i \u00eei pl\u0103tim pentru a face posibil\u0103 ocolirea acestui proces. Suntem u\u0219a din spate c\u0103tre toate \u0219colile de \u0219oferi din Bulgaria \u0219i... Face\u021bi clic aici pentru a solicita permisul de conducere bulgar.<\/p>\n<p>Permisele de conducere se preschimb\u0103 la birourile locale ale Poli\u021biei Rutiere din cadrul Poli\u021biei Rutiere Bulgare. Lua\u021bi cu dumneavoastr\u0103 permisul de conducere \u0219i permisul de \u0219edere originale. Dac\u0103 aceast\u0103 procedur\u0103 vi se pare prea greoaie \u0219i consumatoare de timp sau dac\u0103 nu ave\u021bi deloc permis de conducere, nu ezita\u021bi s\u0103 ne contacta\u021bi pentru a v\u0103 achizi\u021biona permisul de conducere bulgar \u00eenregistrat.<\/p>\n<p>C\u00e2nd un permis de conducere str\u0103in este schimbat cu unul bulgar, valabilitatea acestuia este verificat\u0103, iar permisul str\u0103in este returnat \u00een \u021bara de origine cu o explica\u021bie a motivului schimbului.\u00a0<a href=\"https:\/\/permessodiguida.com\/ro\/shop\/\">Read more about Drivers license<\/a><\/p>\n<h2>Re\u00eennoirea licen\u021bei<\/h2>\n<p>Dac\u0103 v\u0103 muta\u021bi \u00een alt\u0103 \u021bar\u0103 din UE \u0219i permisul dumneavoastr\u0103 de conducere din UE expir\u0103, va trebui s\u0103 \u00eel re\u00eennoi\u021bi \u00een \u021bara respectiv\u0103, contact\u00e2ndu-ne pentru un proces de ob\u021binere a permisului de conducere sigur \u0219i garantat.<\/p>\n<h2>\u00cenlocui\u021bi permisul de conducere bulgar pierdut<\/h2>\n<p>\u021ai-ai pierdut permisul de conducere bulgar? \u021ai-a fost ridicat permisul de c\u0103tre poli\u021bie pentru dep\u0103\u0219irea limitei de vitez\u0103, conducere sub influen\u021ba alcoolului, sub influen\u021ba drogurilor sau din alte motive? \u021ai-a fost distrus sau pierdut permisul de conducere? Nu trebuie s\u0103-\u021bi faci griji pentru nimic. Nu l\u0103sa un permis de conducere s\u0103 stea \u00eentre tine \u0219i locul de munc\u0103. Global Documents este capabil s\u0103-\u021bi \u00eenlocuiasc\u0103 permisul de conducere \u00een termen de 24 de ore de la pierdere \u0219i \u00ee\u021bi va oferi permisul de conducere bulgar \u00een termen de 3 zile dac\u0103 acesta a fost ridicat de poli\u021bie. Dac\u0103 ai o interdic\u021bie de acces \u00een sistem, toate cazierele tale judiciare vor fi \u0219terse \u0219i \u021bi se va oferi un nou permis de conducere f\u0103r\u0103 a fi nevoie s\u0103 sus\u021bii niciun examen. De asemenea, nu trebuie s\u0103 mergi la niciun birou guvernamental pentru procesele \u00eendelungate.<\/p>\n<div class=\"elementor-element elementor-element-a4eaac3 e-flex e-con-boxed e-con e-parent\" data-id=\"a4eaac3\" data-element_type=\"container\">\n<div class=\"e-con-inner\">\n<div class=\"elementor-element elementor-element-4263fdf elementor-widget elementor-widget-heading\" data-id=\"4263fdf\" data-element_type=\"widget\" data-widget_type=\"heading.default\">\n<div class=\"elementor-widget-container\"><\/div>\n<\/div>\n<\/div>\n<\/div>\n<div class=\"elementor-element elementor-element-d460398 e-flex e-con-boxed e-con e-parent\" data-id=\"d460398\" data-element_type=\"container\">\n<div class=\"e-con-inner\">\n<div class=\"elementor-element elementor-element-a8913e3 elementor-widget elementor-widget-text-editor\" data-id=\"a8913e3\" data-element_type=\"widget\" data-widget_type=\"text-editor.default\">\n<div class=\"elementor-widget-container\">\n<p>&nbsp;<\/p>\n<\/div>\n<\/div>\n<\/div>\n<\/div>\n<div class=\"elementor-element elementor-element-7ce19aa e-flex e-con-boxed e-con e-parent\" data-id=\"7ce19aa\" data-element_type=\"container\">\n<div class=\"e-con-inner\">\n<div class=\"elementor-element elementor-element-31e163e elementor-widget elementor-widget-text-editor\" data-id=\"31e163e\" data-element_type=\"widget\" data-widget_type=\"text-editor.default\">\n<div class=\"elementor-widget-container\">\n<h3>Lua\u021bi leg\u0103tura cu noi<\/h3>\n<p>Ne-ar pl\u0103cea s\u0103 primim ve\u0219ti de la dumneavoastr\u0103! Pur \u0219i simplu completa\u021bi formularul de mai jos pentru a lua leg\u0103tura cu noi. Pentru o comunicare mai rapid\u0103, v\u0103 recomand\u0103m s\u0103 v\u0103 include\u021bi WhatsApp sau Via Gmail<a href=\"http:\/\/originalfuhrerschein.com\/\" target=\"_blank\" rel=\"noopener\">.\u00a0<\/a>De asemenea, pute\u021bi face clic pe pictograma WhatsApp pentru a discuta direct cu unul dintre consultan\u021bii no\u0219tri.<\/p>\n<\/div>\n<\/div>\n<\/div>\n<\/div>","protected":false},"excerpt":{"rendered":"<p>C\u0103uta\u021bi s\u0103 Cump\u0103ra\u021bi un permis de conducere bulgar \u00eenregistrat online f\u0103r\u0103 a lua examenul de permis de conducere? Dac\u0103 da, atunci tocmai v-a\u021bi economisit timpul \u0219i banii g\u0103sindu-ne.<\/p>","protected":false},"featured_media":1951,"comment_status":"open","ping_status":"closed","template":"","meta":{"site-sidebar-layout":"default","site-content-layout":"content-boxed-container","ast-site-content-layout":"normal-width-container","site-content-style":"boxed","site-sidebar-style":"unboxed","ast-global-header-display":"","ast-banner-title-visibility":"","ast-main-header-display":"","ast-hfb-above-header-display":"","ast-hfb-below-header-display":"","ast-hfb-mobile-header-display":"","site-post-title":"","ast-breadcrumbs-content":"","ast-featured-img":"","footer-sml-layout":"","ast-disable-related-posts":"","theme-transparent-header-meta":"default","adv-header-id-meta":"","stick-header-meta":"","header-above-stick-meta":"","header-main-stick-meta":"","header-below-stick-meta":"","astra-migrate-meta-layouts":"set","ast-page-background-enabled":"default","ast-page-background-meta":{"desktop":{"background-color":"var(--ast-global-color-4)","background-image":"","background-repeat":"repeat","background-position":"center center","background-size":"auto","background-attachment":"scroll","background-type":"","background-media":"","overlay-type":"","overlay-color":"","overlay-opacity":"","overlay-gradient":""},"tablet":{"background-color":"","background-image":"","background-repeat":"repeat","background-position":"center center","background-size":"auto","background-attachment":"scroll","background-type":"","background-media":"","overlay-type":"","overlay-color":"","overlay-opacity":"","overlay-gradient":""},"mobile":{"background-color":"","background-image":"","background-repeat":"repeat","background-position":"center center","background-size":"auto","background-attachment":"scroll","background-type":"","background-media":"","overlay-type":"","overlay-color":"","overlay-opacity":"","overlay-gradient":""}},"ast-content-background-meta":{"desktop":{"background-color":"var(--ast-global-color-5)","background-image":"","background-repeat":"repeat","background-position":"center center","background-size":"auto","background-attachment":"scroll","background-type":"","background-media":"","overlay-type":"","overlay-color":"","overlay-opacity":"","overlay-gradient":""},"tablet":{"background-color":"var(--ast-global-color-5)","background-image":"","background-repeat":"repeat","background-position":"center center","background-size":"auto","background-attachment":"scroll","background-type":"","background-media":"","overlay-type":"","overlay-color":"","overlay-opacity":"","overlay-gradient":""},"mobile":{"background-color":"var(--ast-global-color-5)","background-image":"","background-repeat":"repeat","background-position":"center center","background-size":"auto","background-attachment":"scroll","background-type":"","background-media":"","overlay-type":"","overlay-color":"","overlay-opacity":"","overlay-gradient":""}}},"product_brand":[],"product_cat":[30],"product_tag":[73,72,80,75,69,77,76,65,70,74,79,78,71],"class_list":{"0":"post-339","1":"product","2":"type-product","3":"status-publish","4":"has-post-thumbnail","6":"product_cat-buy-drivers-license","7":"product_tag-how-can-i-bulgarian-drivers-license-in-2025","8":"product_tag-advantages-to-bulgarian-drivers-license","9":"product_tag-bulgarian-drivers-license","10":"product_tag-bulgarian-drivers-license-online","11":"product_tag-buy-bulgarian-drivers-license","12":"product_tag-fake-bulgarian-drivers-license","13":"product_tag-fake-bulgarian-drivers-license-in-usa","14":"product_tag-fake-french-drivers-license-online","15":"product_tag-getting-original-bulgarian-drivers-license-online","16":"product_tag-how-and-where-to-get-an-original-bulgarian-drivers-license","17":"product_tag-real-bulgarian-drivers-license","18":"product_tag-real-original-bulgarian-drivers-license","19":"product_tag-where-can-i-buy-bulgarian-drivers-license","20":"desktop-align-left","21":"tablet-align-left","22":"mobile-align-left","24":"first","25":"instock","26":"shipping-taxable","27":"purchasable","28":"product-type-simple"},"yoast_head":"<!-- This site is optimized with the Yoast SEO Premium plugin v24.7 (Yoast SEO v27.1.1) - https:\/\/yoast.com\/product\/yoast-seo-premium-wordpress\/ -->\n<title>Apply for Registered Bulgarian drivers License<\/title>\n<meta name=\"description\" content=\"Are you looking to Buy a registered Bulgarian drivers License online without taking the drivers License exam? If yes, then you just saved your time and money by finding us.\" \/>\n<meta name=\"robots\" content=\"index, follow, max-snippet:-1, max-image-preview:large, max-video-preview:-1\" \/>\n<link rel=\"canonical\" href=\"https:\/\/permessodiguida.com\/ro\/produs\/cerere-pentru-permis-de-conducere-bulgar-inregistrat\/\" \/>\n<meta property=\"og:locale\" content=\"ro_RO\" \/>\n<meta property=\"og:type\" content=\"article\" \/>\n<meta property=\"og:title\" content=\"Apply for Registered Bulgarian drivers License\" \/>\n<meta property=\"og:description\" content=\"Are you looking to Buy a registered Bulgarian drivers License online without taking the drivers License exam? If yes, then you just saved your time and money by finding us.\" \/>\n<meta property=\"og:url\" content=\"https:\/\/permessodiguida.com\/ro\/produs\/cerere-pentru-permis-de-conducere-bulgar-inregistrat\/\" \/>\n<meta property=\"og:site_name\" content=\"Original Documents Provider\" \/>\n<meta property=\"article:modified_time\" content=\"2025-06-30T07:11:28+00:00\" \/>\n<meta property=\"og:image\" content=\"https:\/\/permessodiguida.com\/wp-content\/uploads\/2024\/12\/image_2024-12-26_090919935.png\" \/>\n\t<meta property=\"og:image:width\" content=\"800\" \/>\n\t<meta property=\"og:image:height\" content=\"450\" \/>\n\t<meta property=\"og:image:type\" content=\"image\/png\" \/>\n<meta name=\"twitter:card\" content=\"summary_large_image\" \/>\n<meta name=\"twitter:label1\" content=\"Timp estimat pentru citire\" \/>\n\t<meta name=\"twitter:data1\" content=\"3 minute\" \/>\n<script type=\"application\/ld+json\" class=\"yoast-schema-graph\">{\"@context\":\"https:\/\/schema.org\",\"@graph\":[{\"@type\":\"WebPage\",\"@id\":\"https:\/\/permessodiguida.com\/product\/apply-for-registered-bulgarian-drivers-license\/\",\"url\":\"https:\/\/permessodiguida.com\/product\/apply-for-registered-bulgarian-drivers-license\/\",\"name\":\"Apply for Registered Bulgarian drivers License\",\"isPartOf\":{\"@id\":\"https:\/\/permessodiguida.com\/#website\"},\"primaryImageOfPage\":{\"@id\":\"https:\/\/permessodiguida.com\/product\/apply-for-registered-bulgarian-drivers-license\/#primaryimage\"},\"image\":{\"@id\":\"https:\/\/permessodiguida.com\/product\/apply-for-registered-bulgarian-drivers-license\/#primaryimage\"},\"thumbnailUrl\":\"https:\/\/permessodiguida.com\/wp-content\/uploads\/2024\/12\/image_2024-12-26_090919935.png\",\"datePublished\":\"2024-12-26T07:58:20+00:00\",\"dateModified\":\"2025-06-30T07:11:28+00:00\",\"description\":\"Are you looking to Buy a registered Bulgarian drivers License online without taking the drivers License exam? If yes, then you just saved your time and money by finding us.\",\"breadcrumb\":{\"@id\":\"https:\/\/permessodiguida.com\/product\/apply-for-registered-bulgarian-drivers-license\/#breadcrumb\"},\"inLanguage\":\"ro-RO\",\"potentialAction\":[{\"@type\":\"ReadAction\",\"target\":[\"https:\/\/permessodiguida.com\/product\/apply-for-registered-bulgarian-drivers-license\/\"]}]},{\"@type\":\"ImageObject\",\"inLanguage\":\"ro-RO\",\"@id\":\"https:\/\/permessodiguida.com\/product\/apply-for-registered-bulgarian-drivers-license\/#primaryimage\",\"url\":\"https:\/\/permessodiguida.com\/wp-content\/uploads\/2024\/12\/image_2024-12-26_090919935.png\",\"contentUrl\":\"https:\/\/permessodiguida.com\/wp-content\/uploads\/2024\/12\/image_2024-12-26_090919935.png\",\"width\":800,\"height\":450,\"caption\":\"driving license\"},{\"@type\":\"BreadcrumbList\",\"@id\":\"https:\/\/permessodiguida.com\/product\/apply-for-registered-bulgarian-drivers-license\/#breadcrumb\",\"itemListElement\":[{\"@type\":\"ListItem\",\"position\":1,\"name\":\"Home\",\"item\":\"https:\/\/permessodiguida.com\/\"},{\"@type\":\"ListItem\",\"position\":2,\"name\":\"All Services\",\"item\":\"https:\/\/permessodiguida.com\/shop\/\"},{\"@type\":\"ListItem\",\"position\":3,\"name\":\"Apply for Registered Bulgarian drivers License\"}]},{\"@type\":\"WebSite\",\"@id\":\"https:\/\/permessodiguida.com\/#website\",\"url\":\"https:\/\/permessodiguida.com\/\",\"name\":\"Permessodiguida\",\"description\":\"Get Original Driving License And Passport\",\"publisher\":{\"@id\":\"https:\/\/permessodiguida.com\/#organization\"},\"alternateName\":\"Original Documents Provider\",\"potentialAction\":[{\"@type\":\"SearchAction\",\"target\":{\"@type\":\"EntryPoint\",\"urlTemplate\":\"https:\/\/permessodiguida.com\/?s={search_term_string}\"},\"query-input\":{\"@type\":\"PropertyValueSpecification\",\"valueRequired\":true,\"valueName\":\"search_term_string\"}}],\"inLanguage\":\"ro-RO\"},{\"@type\":\"Organization\",\"@id\":\"https:\/\/permessodiguida.com\/#organization\",\"name\":\"Permesso Di Guida\",\"alternateName\":\"Original Driving License And Passport\",\"url\":\"https:\/\/permessodiguida.com\/\",\"logo\":{\"@type\":\"ImageObject\",\"inLanguage\":\"ro-RO\",\"@id\":\"https:\/\/permessodiguida.com\/#\/schema\/logo\/image\/\",\"url\":\"https:\/\/permessodiguida.com\/wp-content\/uploads\/2024\/08\/image_2024-08-09_144906822.png\",\"contentUrl\":\"https:\/\/permessodiguida.com\/wp-content\/uploads\/2024\/08\/image_2024-08-09_144906822.png\",\"width\":687,\"height\":549,\"caption\":\"Permesso Di Guida\"},\"image\":{\"@id\":\"https:\/\/permessodiguida.com\/#\/schema\/logo\/image\/\"}}]}<\/script>\n<!-- \/ Yoast SEO Premium plugin. -->","yoast_head_json":{"title":"Solicita\u021bi permis de conducere bulgar \u00eenregistrat","description":"C\u0103uta\u021bi s\u0103 Cump\u0103ra\u021bi un permis de conducere bulgar \u00eenregistrat online f\u0103r\u0103 a lua examenul de permis de conducere? Dac\u0103 da, atunci tocmai v-a\u021bi economisit timpul \u0219i banii g\u0103sindu-ne.","robots":{"index":"index","follow":"follow","max-snippet":"max-snippet:-1","max-image-preview":"max-image-preview:large","max-video-preview":"max-video-preview:-1"},"canonical":"https:\/\/permessodiguida.com\/ro\/produs\/cerere-pentru-permis-de-conducere-bulgar-inregistrat\/","og_locale":"ro_RO","og_type":"article","og_title":"Apply for Registered Bulgarian drivers License","og_description":"Are you looking to Buy a registered Bulgarian drivers License online without taking the drivers License exam? If yes, then you just saved your time and money by finding us.","og_url":"https:\/\/permessodiguida.com\/ro\/produs\/cerere-pentru-permis-de-conducere-bulgar-inregistrat\/","og_site_name":"Original Documents Provider","article_modified_time":"2025-06-30T07:11:28+00:00","og_image":[{"width":800,"height":450,"url":"https:\/\/permessodiguida.com\/wp-content\/uploads\/2024\/12\/image_2024-12-26_090919935.png","type":"image\/png"}],"twitter_card":"summary_large_image","twitter_misc":{"Timp estimat pentru citire":"3 minute"},"schema":{"@context":"https:\/\/schema.org","@graph":[{"@type":"WebPage","@id":"https:\/\/permessodiguida.com\/product\/apply-for-registered-bulgarian-drivers-license\/","url":"https:\/\/permessodiguida.com\/product\/apply-for-registered-bulgarian-drivers-license\/","name":"Solicita\u021bi permis de conducere bulgar \u00eenregistrat","isPartOf":{"@id":"https:\/\/permessodiguida.com\/#website"},"primaryImageOfPage":{"@id":"https:\/\/permessodiguida.com\/product\/apply-for-registered-bulgarian-drivers-license\/#primaryimage"},"image":{"@id":"https:\/\/permessodiguida.com\/product\/apply-for-registered-bulgarian-drivers-license\/#primaryimage"},"thumbnailUrl":"https:\/\/permessodiguida.com\/wp-content\/uploads\/2024\/12\/image_2024-12-26_090919935.png","datePublished":"2024-12-26T07:58:20+00:00","dateModified":"2025-06-30T07:11:28+00:00","description":"C\u0103uta\u021bi s\u0103 Cump\u0103ra\u021bi un permis de conducere bulgar \u00eenregistrat online f\u0103r\u0103 a lua examenul de permis de conducere? Dac\u0103 da, atunci tocmai v-a\u021bi economisit timpul \u0219i banii g\u0103sindu-ne.","breadcrumb":{"@id":"https:\/\/permessodiguida.com\/product\/apply-for-registered-bulgarian-drivers-license\/#breadcrumb"},"inLanguage":"ro-RO","potentialAction":[{"@type":"ReadAction","target":["https:\/\/permessodiguida.com\/product\/apply-for-registered-bulgarian-drivers-license\/"]}]},{"@type":"ImageObject","inLanguage":"ro-RO","@id":"https:\/\/permessodiguida.com\/product\/apply-for-registered-bulgarian-drivers-license\/#primaryimage","url":"https:\/\/permessodiguida.com\/wp-content\/uploads\/2024\/12\/image_2024-12-26_090919935.png","contentUrl":"https:\/\/permessodiguida.com\/wp-content\/uploads\/2024\/12\/image_2024-12-26_090919935.png","width":800,"height":450,"caption":"driving license"},{"@type":"BreadcrumbList","@id":"https:\/\/permessodiguida.com\/product\/apply-for-registered-bulgarian-drivers-license\/#breadcrumb","itemListElement":[{"@type":"ListItem","position":1,"name":"Home","item":"https:\/\/permessodiguida.com\/"},{"@type":"ListItem","position":2,"name":"All Services","item":"https:\/\/permessodiguida.com\/shop\/"},{"@type":"ListItem","position":3,"name":"Apply for Registered Bulgarian drivers License"}]},{"@type":"WebSite","@id":"https:\/\/permessodiguida.com\/#website","url":"https:\/\/permessodiguida.com\/","name":"Permessodiguida","description":"Ob\u021bine\u021bi permisul de conducere original \u0219i pa\u0219aportul","publisher":{"@id":"https:\/\/permessodiguida.com\/#organization"},"alternateName":"Original Documents Provider","potentialAction":[{"@type":"SearchAction","target":{"@type":"EntryPoint","urlTemplate":"https:\/\/permessodiguida.com\/?s={search_term_string}"},"query-input":{"@type":"PropertyValueSpecification","valueRequired":true,"valueName":"search_term_string"}}],"inLanguage":"ro-RO"},{"@type":"Organization","@id":"https:\/\/permessodiguida.com\/#organization","name":"Permisiune de ghidare","alternateName":"Original Driving License And Passport","url":"https:\/\/permessodiguida.com\/","logo":{"@type":"ImageObject","inLanguage":"ro-RO","@id":"https:\/\/permessodiguida.com\/#\/schema\/logo\/image\/","url":"https:\/\/permessodiguida.com\/wp-content\/uploads\/2024\/08\/image_2024-08-09_144906822.png","contentUrl":"https:\/\/permessodiguida.com\/wp-content\/uploads\/2024\/08\/image_2024-08-09_144906822.png","width":687,"height":549,"caption":"Permesso Di Guida"},"image":{"@id":"https:\/\/permessodiguida.com\/#\/schema\/logo\/image\/"}}]}},"_links":{"self":[{"href":"https:\/\/permessodiguida.com\/ro\/wp-json\/wp\/v2\/product\/339","targetHints":{"allow":["GET"]}}],"collection":[{"href":"https:\/\/permessodiguida.com\/ro\/wp-json\/wp\/v2\/product"}],"about":[{"href":"https:\/\/permessodiguida.com\/ro\/wp-json\/wp\/v2\/types\/product"}],"replies":[{"embeddable":true,"href":"https:\/\/permessodiguida.com\/ro\/wp-json\/wp\/v2\/comments?post=339"}],"wp:featuredmedia":[{"embeddable":true,"href":"https:\/\/permessodiguida.com\/ro\/wp-json\/wp\/v2\/media\/1951"}],"wp:attachment":[{"href":"https:\/\/permessodiguida.com\/ro\/wp-json\/wp\/v2\/media?parent=339"}],"wp:term":[{"taxonomy":"product_brand","embeddable":true,"href":"https:\/\/permessodiguida.com\/ro\/wp-json\/wp\/v2\/product_brand?post=339"},{"taxonomy":"product_cat","embeddable":true,"href":"https:\/\/permessodiguida.com\/ro\/wp-json\/wp\/v2\/product_cat?post=339"},{"taxonomy":"product_tag","embeddable":true,"href":"https:\/\/permessodiguida.com\/ro\/wp-json\/wp\/v2\/product_tag?post=339"}],"curies":[{"name":"wp","href":"https:\/\/api.w.org\/{rel}","templated":true}]}}