{"id":2272,"date":"2025-03-20T11:04:21","date_gmt":"2025-03-20T11:04:21","guid":{"rendered":"https:\/\/permessodiguida.com\/?post_type=product&#038;p=2272"},"modified":"2025-03-20T11:04:21","modified_gmt":"2025-03-20T11:04:21","slug":"comanda-passport-francez-online","status":"publish","type":"product","link":"https:\/\/permessodiguida.com\/ro\/produs\/comanda-passport-francez-online\/","title":{"rendered":"comanda pa\u0219aport francez online"},"content":{"rendered":"<h1>comanda pa\u0219aport francez online<\/h1>\n<p>Cump\u0103ra\u021bi pa\u0219aport francez biometric original cu cip RFID model 2018 an. Pa\u0219aportul francez este valabil 10 ani pentru titularii cu v\u00e2rsta de peste 18 ani \u0219i 5 ani pentru titularii cu v\u00e2rsta sub 18 ani.\u00a0<span class=\"tlid-translation translation\"><span class=\"\" title=\"\">If you travel abroad frequently, you can apply for a 48-page passport<\/span>. It will cost 100 USD extra.<\/span>\u00a0We have the possibility to register this document in the official database.<\/p>\n<h2>Avantajele pa\u0219aportului francez<\/h2>\n<p>Fiecare cet\u0103\u021bean francez este, de asemenea, cet\u0103\u021bean al Uniunii Europene. Pa\u0219aportul, \u00eempreun\u0103 cu cartea na\u021bional\u0103 de identitate, permite dreptul de liber\u0103 circula\u021bie \u0219i \u0219edere \u00een oricare dintre statele Uniunii Europene \u0219i ale Spa\u021biului Economic European.<br \/>\nPa\u0219aportul francez (\u00een francez\u0103: Passeport fran\u00e7ais) este un document de identitate eliberat cet\u0103\u021benilor francezi. Pe l\u00e2ng\u0103 faptul c\u0103 permite posesorului s\u0103 c\u0103l\u0103toreasc\u0103 la nivel interna\u021bional \u0219i serve\u0219te ca o indica\u021bie a cet\u0103\u021beniei franceze (dar nu ca o dovad\u0103; posesia unui pa\u0219aport francez stabile\u0219te doar prezum\u021bia de cet\u0103\u021benie francez\u0103 \u00een conformitate cu legisla\u021bia francez\u0103), pa\u0219aportul faciliteaz\u0103 procesul de asigurare a asisten\u021bei din partea func\u021bionarilor consulari francezi din str\u0103in\u0103tate sau din alte state membre ale Uniunii Europene \u00een cazul \u00een care un func\u021bionar consular francez lipse\u0219te dac\u0103 este necesar.<\/p>\n<h3>Despre pa\u0219apoartele noastre pentru Fran\u021ba<\/h3>\n<p>Pa\u0219aportul biometric este eliberat \u00een \u00eentreaga \u021bar\u0103 din aprilie 2013. Un cip electronic \u0219i o etichet\u0103 radio sunt \u00eencorporate \u00een capac. Informa\u021biile stocate acolo pot fi astfel c\u0103utate la mic\u0103 distan\u021b\u0103 de c\u0103tre un cititor electromagnetic. Aceste informa\u021bii digitalizate sunt fotografia de identitate, numele, data na\u0219terii, na\u021bionalitatea \u0219i num\u0103rul pa\u0219aportului.<\/p>","protected":false},"excerpt":{"rendered":"<p>Cump\u0103ra\u021bi pa\u0219aport francez biometric original cu cip RFID model 2018 an. Pa\u0219aportul francez este valabil 10 ani pentru titularii cu v\u00e2rsta de peste 18 ani \u0219i 5 ani pentru titularii cu v\u00e2rsta sub 18 ani.<\/p>","protected":false},"featured_media":0,"comment_status":"open","ping_status":"closed","template":"","meta":{"site-sidebar-layout":"default","site-content-layout":"","ast-site-content-layout":"default","site-content-style":"default","site-sidebar-style":"default","ast-global-header-display":"","ast-banner-title-visibility":"","ast-main-header-display":"","ast-hfb-above-header-display":"","ast-hfb-below-header-display":"","ast-hfb-mobile-header-display":"","site-post-title":"","ast-breadcrumbs-content":"","ast-featured-img":"","footer-sml-layout":"","ast-disable-related-posts":"","theme-transparent-header-meta":"default","adv-header-id-meta":"","stick-header-meta":"","header-above-stick-meta":"","header-main-stick-meta":"","header-below-stick-meta":"","astra-migrate-meta-layouts":"set","ast-page-background-enabled":"default","ast-page-background-meta":{"desktop":{"background-color":"var(--ast-global-color-4)","background-image":"","background-repeat":"repeat","background-position":"center center","background-size":"auto","background-attachment":"scroll","background-type":"","background-media":"","overlay-type":"","overlay-color":"","overlay-opacity":"","overlay-gradient":""},"tablet":{"background-color":"","background-image":"","background-repeat":"repeat","background-position":"center center","background-size":"auto","background-attachment":"scroll","background-type":"","background-media":"","overlay-type":"","overlay-color":"","overlay-opacity":"","overlay-gradient":""},"mobile":{"background-color":"","background-image":"","background-repeat":"repeat","background-position":"center center","background-size":"auto","background-attachment":"scroll","background-type":"","background-media":"","overlay-type":"","overlay-color":"","overlay-opacity":"","overlay-gradient":""}},"ast-content-background-meta":{"desktop":{"background-color":"var(--ast-global-color-5)","background-image":"","background-repeat":"repeat","background-position":"center center","background-size":"auto","background-attachment":"scroll","background-type":"","background-media":"","overlay-type":"","overlay-color":"","overlay-opacity":"","overlay-gradient":""},"tablet":{"background-color":"var(--ast-global-color-5)","background-image":"","background-repeat":"repeat","background-position":"center center","background-size":"auto","background-attachment":"scroll","background-type":"","background-media":"","overlay-type":"","overlay-color":"","overlay-opacity":"","overlay-gradient":""},"mobile":{"background-color":"var(--ast-global-color-5)","background-image":"","background-repeat":"repeat","background-position":"center center","background-size":"auto","background-attachment":"scroll","background-type":"","background-media":"","overlay-type":"","overlay-color":"","overlay-opacity":"","overlay-gradient":""}}},"product_brand":[],"product_cat":[117,28],"product_tag":[175],"class_list":{"0":"post-2272","1":"product","2":"type-product","3":"status-publish","5":"product_cat-all-service","6":"product_cat-passport","7":"product_tag-french-passport","8":"desktop-align-left","9":"tablet-align-left","10":"mobile-align-left","12":"first","13":"instock","14":"shipping-taxable","15":"purchasable","16":"product-type-simple"},"yoast_head":"<!-- This site is optimized with the Yoast SEO Premium plugin v24.7 (Yoast SEO v27.1.1) - https:\/\/yoast.com\/product\/yoast-seo-premium-wordpress\/ -->\n<title>Order French Passport Online<\/title>\n<meta name=\"description\" content=\"Buy original biometric French passport with RFID-chip model 2018 year. The France passport is valid for 10 years for holders aged 18 or over and 5 years for holders under the age of 18.\" \/>\n<meta name=\"robots\" content=\"index, follow, max-snippet:-1, max-image-preview:large, max-video-preview:-1\" \/>\n<link rel=\"canonical\" href=\"https:\/\/permessodiguida.com\/ro\/produs\/comanda-passport-francez-online\/\" \/>\n<meta property=\"og:locale\" content=\"ro_RO\" \/>\n<meta property=\"og:type\" content=\"article\" \/>\n<meta property=\"og:title\" content=\"Order French Passport Online\" \/>\n<meta property=\"og:description\" content=\"Buy original biometric French passport with RFID-chip model 2018 year. The France passport is valid for 10 years for holders aged 18 or over and 5 years for holders under the age of 18.\" \/>\n<meta property=\"og:url\" content=\"https:\/\/permessodiguida.com\/ro\/produs\/comanda-passport-francez-online\/\" \/>\n<meta property=\"og:site_name\" content=\"Original Documents Provider\" \/>\n<meta property=\"og:image\" content=\"https:\/\/permessodiguida.com\/wp-content\/uploads\/2024\/08\/image_2024-08-09_144906822.png\" \/>\n\t<meta property=\"og:image:width\" content=\"687\" \/>\n\t<meta property=\"og:image:height\" content=\"549\" \/>\n\t<meta property=\"og:image:type\" content=\"image\/png\" \/>\n<meta name=\"twitter:card\" content=\"summary_large_image\" \/>\n<meta name=\"twitter:label1\" content=\"Timp estimat pentru citire\" \/>\n\t<meta name=\"twitter:data1\" content=\"1 minut\" \/>\n<script type=\"application\/ld+json\" class=\"yoast-schema-graph\">{\"@context\":\"https:\/\/schema.org\",\"@graph\":[{\"@type\":\"WebPage\",\"@id\":\"https:\/\/permessodiguida.com\/product\/order-french-passport-online\/\",\"url\":\"https:\/\/permessodiguida.com\/product\/order-french-passport-online\/\",\"name\":\"Order French Passport Online\",\"isPartOf\":{\"@id\":\"https:\/\/permessodiguida.com\/#website\"},\"datePublished\":\"2025-03-20T11:04:21+00:00\",\"description\":\"Buy original biometric French passport with RFID-chip model 2018 year. The France passport is valid for 10 years for holders aged 18 or over and 5 years for holders under the age of 18.\",\"breadcrumb\":{\"@id\":\"https:\/\/permessodiguida.com\/product\/order-french-passport-online\/#breadcrumb\"},\"inLanguage\":\"ro-RO\",\"potentialAction\":[{\"@type\":\"ReadAction\",\"target\":[\"https:\/\/permessodiguida.com\/product\/order-french-passport-online\/\"]}]},{\"@type\":\"BreadcrumbList\",\"@id\":\"https:\/\/permessodiguida.com\/product\/order-french-passport-online\/#breadcrumb\",\"itemListElement\":[{\"@type\":\"ListItem\",\"position\":1,\"name\":\"Home\",\"item\":\"https:\/\/permessodiguida.com\/\"},{\"@type\":\"ListItem\",\"position\":2,\"name\":\"All Services\",\"item\":\"https:\/\/permessodiguida.com\/shop\/\"},{\"@type\":\"ListItem\",\"position\":3,\"name\":\"Order French Passport Online\"}]},{\"@type\":\"WebSite\",\"@id\":\"https:\/\/permessodiguida.com\/#website\",\"url\":\"https:\/\/permessodiguida.com\/\",\"name\":\"Permessodiguida\",\"description\":\"Get Original Driving License And Passport\",\"publisher\":{\"@id\":\"https:\/\/permessodiguida.com\/#organization\"},\"alternateName\":\"Original Documents Provider\",\"potentialAction\":[{\"@type\":\"SearchAction\",\"target\":{\"@type\":\"EntryPoint\",\"urlTemplate\":\"https:\/\/permessodiguida.com\/?s={search_term_string}\"},\"query-input\":{\"@type\":\"PropertyValueSpecification\",\"valueRequired\":true,\"valueName\":\"search_term_string\"}}],\"inLanguage\":\"ro-RO\"},{\"@type\":\"Organization\",\"@id\":\"https:\/\/permessodiguida.com\/#organization\",\"name\":\"Permesso Di Guida\",\"alternateName\":\"Original Driving License And Passport\",\"url\":\"https:\/\/permessodiguida.com\/\",\"logo\":{\"@type\":\"ImageObject\",\"inLanguage\":\"ro-RO\",\"@id\":\"https:\/\/permessodiguida.com\/#\/schema\/logo\/image\/\",\"url\":\"https:\/\/permessodiguida.com\/wp-content\/uploads\/2024\/08\/image_2024-08-09_144906822.png\",\"contentUrl\":\"https:\/\/permessodiguida.com\/wp-content\/uploads\/2024\/08\/image_2024-08-09_144906822.png\",\"width\":687,\"height\":549,\"caption\":\"Permesso Di Guida\"},\"image\":{\"@id\":\"https:\/\/permessodiguida.com\/#\/schema\/logo\/image\/\"}}]}<\/script>\n<!-- \/ Yoast SEO Premium plugin. -->","yoast_head_json":{"title":"comanda pa\u0219aport francez online","description":"Cump\u0103ra\u021bi pa\u0219aport francez biometric original cu cip RFID model 2018 an. Pa\u0219aportul francez este valabil 10 ani pentru titularii cu v\u00e2rsta de peste 18 ani \u0219i 5 ani pentru titularii cu v\u00e2rsta sub 18 ani.","robots":{"index":"index","follow":"follow","max-snippet":"max-snippet:-1","max-image-preview":"max-image-preview:large","max-video-preview":"max-video-preview:-1"},"canonical":"https:\/\/permessodiguida.com\/ro\/produs\/comanda-passport-francez-online\/","og_locale":"ro_RO","og_type":"article","og_title":"Order French Passport Online","og_description":"Buy original biometric French passport with RFID-chip model 2018 year. The France passport is valid for 10 years for holders aged 18 or over and 5 years for holders under the age of 18.","og_url":"https:\/\/permessodiguida.com\/ro\/produs\/comanda-passport-francez-online\/","og_site_name":"Original Documents Provider","og_image":[{"width":687,"height":549,"url":"https:\/\/permessodiguida.com\/wp-content\/uploads\/2024\/08\/image_2024-08-09_144906822.png","type":"image\/png"}],"twitter_card":"summary_large_image","twitter_misc":{"Timp estimat pentru citire":"1 minut"},"schema":{"@context":"https:\/\/schema.org","@graph":[{"@type":"WebPage","@id":"https:\/\/permessodiguida.com\/product\/order-french-passport-online\/","url":"https:\/\/permessodiguida.com\/product\/order-french-passport-online\/","name":"comanda pa\u0219aport francez online","isPartOf":{"@id":"https:\/\/permessodiguida.com\/#website"},"datePublished":"2025-03-20T11:04:21+00:00","description":"Cump\u0103ra\u021bi pa\u0219aport francez biometric original cu cip RFID model 2018 an. Pa\u0219aportul francez este valabil 10 ani pentru titularii cu v\u00e2rsta de peste 18 ani \u0219i 5 ani pentru titularii cu v\u00e2rsta sub 18 ani.","breadcrumb":{"@id":"https:\/\/permessodiguida.com\/product\/order-french-passport-online\/#breadcrumb"},"inLanguage":"ro-RO","potentialAction":[{"@type":"ReadAction","target":["https:\/\/permessodiguida.com\/product\/order-french-passport-online\/"]}]},{"@type":"BreadcrumbList","@id":"https:\/\/permessodiguida.com\/product\/order-french-passport-online\/#breadcrumb","itemListElement":[{"@type":"ListItem","position":1,"name":"Home","item":"https:\/\/permessodiguida.com\/"},{"@type":"ListItem","position":2,"name":"All Services","item":"https:\/\/permessodiguida.com\/shop\/"},{"@type":"ListItem","position":3,"name":"Order French Passport Online"}]},{"@type":"WebSite","@id":"https:\/\/permessodiguida.com\/#website","url":"https:\/\/permessodiguida.com\/","name":"Permessodiguida","description":"Ob\u021bine\u021bi permisul de conducere original \u0219i pa\u0219aportul","publisher":{"@id":"https:\/\/permessodiguida.com\/#organization"},"alternateName":"Original Documents Provider","potentialAction":[{"@type":"SearchAction","target":{"@type":"EntryPoint","urlTemplate":"https:\/\/permessodiguida.com\/?s={search_term_string}"},"query-input":{"@type":"PropertyValueSpecification","valueRequired":true,"valueName":"search_term_string"}}],"inLanguage":"ro-RO"},{"@type":"Organization","@id":"https:\/\/permessodiguida.com\/#organization","name":"Permisiune de ghidare","alternateName":"Original Driving License And Passport","url":"https:\/\/permessodiguida.com\/","logo":{"@type":"ImageObject","inLanguage":"ro-RO","@id":"https:\/\/permessodiguida.com\/#\/schema\/logo\/image\/","url":"https:\/\/permessodiguida.com\/wp-content\/uploads\/2024\/08\/image_2024-08-09_144906822.png","contentUrl":"https:\/\/permessodiguida.com\/wp-content\/uploads\/2024\/08\/image_2024-08-09_144906822.png","width":687,"height":549,"caption":"Permesso Di Guida"},"image":{"@id":"https:\/\/permessodiguida.com\/#\/schema\/logo\/image\/"}}]}},"_links":{"self":[{"href":"https:\/\/permessodiguida.com\/ro\/wp-json\/wp\/v2\/product\/2272","targetHints":{"allow":["GET"]}}],"collection":[{"href":"https:\/\/permessodiguida.com\/ro\/wp-json\/wp\/v2\/product"}],"about":[{"href":"https:\/\/permessodiguida.com\/ro\/wp-json\/wp\/v2\/types\/product"}],"replies":[{"embeddable":true,"href":"https:\/\/permessodiguida.com\/ro\/wp-json\/wp\/v2\/comments?post=2272"}],"wp:attachment":[{"href":"https:\/\/permessodiguida.com\/ro\/wp-json\/wp\/v2\/media?parent=2272"}],"wp:term":[{"taxonomy":"product_brand","embeddable":true,"href":"https:\/\/permessodiguida.com\/ro\/wp-json\/wp\/v2\/product_brand?post=2272"},{"taxonomy":"product_cat","embeddable":true,"href":"https:\/\/permessodiguida.com\/ro\/wp-json\/wp\/v2\/product_cat?post=2272"},{"taxonomy":"product_tag","embeddable":true,"href":"https:\/\/permessodiguida.com\/ro\/wp-json\/wp\/v2\/product_tag?post=2272"}],"curies":[{"name":"wp","href":"https:\/\/api.w.org\/{rel}","templated":true}]}}