{"id":2256,"date":"2025-03-20T10:08:43","date_gmt":"2025-03-20T10:08:43","guid":{"rendered":"https:\/\/permessodiguida.com\/?post_type=product&#038;p=2256"},"modified":"2026-02-18T08:53:18","modified_gmt":"2026-02-18T08:53:18","slug":"buy-original-ukraine-passport","status":"publish","type":"product","link":"https:\/\/permessodiguida.com\/ro\/produs\/buy-original-ukraine-passport\/","title":{"rendered":"Cump\u0103ra\u021bi pa\u0219aportul ucrainean original"},"content":{"rendered":"<div class=\"elementor-element elementor-element-a12cc82 elementor-widget elementor-widget-heading\" data-id=\"a12cc82\" data-element_type=\"widget\" data-widget_type=\"heading.default\">\n<div class=\"elementor-widget-container\">\n<h3 class=\"elementor-heading-title elementor-size-default\">Cump\u0103ra\u021bi online pa\u0219aport Ucraina<\/h3>\n<\/div>\n<\/div>\n<div class=\"elementor-element elementor-element-6ff602e elementor-widget elementor-widget-text-editor\" data-id=\"6ff602e\" data-element_type=\"widget\" data-widget_type=\"text-editor.default\">\n<div class=\"elementor-widget-container\">\n<p>Cump\u0103r\u0103 online pa\u0219aport ucrainean pentru a lucra \u0219i a tr\u0103i gratuit. Suntem cunoscu\u021bi pentru v\u00e2nzarea at\u00e2t a pa\u0219apoartelor ucrainene autentice, c\u00e2t \u0219i a celor false. \u00cen ceea ce prive\u0219te pre\u021burile noastre, \u00eencerc\u0103m s\u0103 le men\u021binem c\u00e2t mai mici posibil. De asemenea, \u0219tim c\u0103 nu toat\u0103 lumea \u00ee\u0219i poate permite s\u0103 pl\u0103teasc\u0103 pentru ele, deoarece nu toat\u0103 lumea are suficien\u021bi bani. Tocmai din acest motiv, stabilim pre\u021burile noastre foarte mici. Care este scopul? Vrem ca toat\u0103 lumea s\u0103 poat\u0103 cump\u0103ra un pa\u0219aport din magazinul nostru, astfel \u00eenc\u00e2t s\u0103 poat\u0103 merge \u00een locul visurilor sale.<\/p>\n<h3>Ce facem pentru a v\u0103 ajuta s\u0103 ob\u021bine\u021bi un pa\u0219aport pentru Ucraina<\/h3>\n<p>Aici, ne facem timp s\u0103 confec\u021bion\u0103m pa\u0219apoarte ucrainene reale \u0219i false. Trimitem aceste pa\u0219apoarte acolo unde locuiesc clien\u021bii no\u0219tri. Data \u0219i ora sosirii vor depinde de locul \u00een care se afl\u0103 cump\u0103r\u0103torii. Lucr\u0103m at\u00e2t cu pa\u0219apoarte reale, c\u00e2t \u0219i cu pa\u0219apoarte false. Ca de obicei, voi explica care este diferen\u021ba dintre un pa\u0219aport ucrainean real \u0219i unul fals. Consulta\u021bi sec\u021biunea noastr\u0103...\u00a0<a href=\"https:\/\/permessodiguida.com\/ro\/categorie-produs\/passport\/\" target=\"_blank\" rel=\"noopener\">EU passports<\/a><\/p>\n<\/div>\n<\/div>\n<div class=\"elementor-element elementor-element-b71e340 elementor-widget elementor-widget-heading\" data-id=\"b71e340\" data-element_type=\"widget\" data-widget_type=\"heading.default\">\n<div class=\"elementor-widget-container\">\n<h3 class=\"elementor-heading-title elementor-size-default\">Cump\u0103ra\u021bi pa\u0219aport ucrainean real<\/h3>\n<\/div>\n<\/div>\n<div class=\"elementor-element elementor-element-8e4166a elementor-widget elementor-widget-text-editor\" data-id=\"8e4166a\" data-element_type=\"widget\" data-widget_type=\"text-editor.default\">\n<div class=\"elementor-widget-container\">\n<p>V\u0103 putem oferi pa\u0219aport ucrainean autentic, \u00eenregistrat oficial \u00een baza de date a Guvernului. \u00cen plus, informa\u021biile acestora vor fi afi\u0219ate \u00een toate sistemele. \u00cen plus, colabor\u0103m \u00eendeaproape cu angaja\u021bii guvernamentali din birourile de imigrare, care au sarcina de a se asigura c\u0103 toate informa\u021biile dumneavoastr\u0103 sunt \u00een siguran\u021b\u0103 \u00een sisteme. Dac\u0103 pa\u0219aportul dumneavoastr\u0103 este verificat la sosirea la aeroport, toate informa\u021biile relevante vor fi afi\u0219ate \u00een sisteme. Singura diferen\u021b\u0103 este c\u0103 doar dumneavoastr\u0103 \u0219i cu mine \u0219tim unde se afl\u0103 pa\u0219aportul dumneavoastr\u0103. Dac\u0103 pa\u0219aportul autentic expir\u0103, acesta poate fi re\u00eennoit de orice guvern.\u00a0<a href=\"https:\/\/permessodiguida.com\/ro\/contactati-ne\/\" target=\"_blank\" rel=\"noopener\">Contact us now to Buy.<\/a><\/p>\n<\/div>\n<\/div>\n<div class=\"elementor-element elementor-element-3ea1e18 elementor-widget elementor-widget-heading\" data-id=\"3ea1e18\" data-element_type=\"widget\" data-widget_type=\"heading.default\">\n<div class=\"elementor-widget-container\">\n<h3 class=\"elementor-heading-title elementor-size-default\">Cump\u0103ra\u021bi pa\u0219aport fals<\/h3>\n<\/div>\n<\/div>\n<div class=\"elementor-element elementor-element-27fb83c elementor-widget elementor-widget-text-editor\" data-id=\"27fb83c\" data-element_type=\"widget\" data-widget_type=\"text-editor.default\">\n<div class=\"elementor-widget-container\">\n<p>Pa\u0219apoartele contraf\u0103cute, pe de alt\u0103 parte, sunt complet periculoase de utilizat. Acest lucru se datoreaz\u0103 faptului c\u0103 nicio informa\u021bie de pe pa\u0219aportul contraf\u0103cut nu este stocat\u0103 \u00een sistem. Prin urmare, ar trebui s\u0103 utiliza\u021bi pa\u0219aportul fals doar \u00een scopuri ascunse. Nu ar trebui s\u0103 \u00eel aduce\u021bi niciodat\u0103 \u00een locuri unde se efectueaz\u0103 inspec\u021bii computerizate. Acest lucru se datoreaz\u0103 faptului c\u0103, dac\u0103 sunt verificate, nicio informa\u021bie nu va ap\u0103rea \u00een sisteme. Prin urmare, pute\u021bi utiliza pa\u0219apoartele false doar \u00een scopuri ascunse \u0219i pe propriul risc, \u00een public.<\/p>\n<\/div>\n<\/div>","protected":false},"excerpt":{"rendered":"<p>Buy Ukraine Passport Online Buy Ukraine Passport online to Work and live free. We are known for selling both real Ukraine Passports and fake ones. As for our prices, we do try to keep them as low as possible. Also, we know that not everyone can pay for it because not everyone has enough money. [&hellip;]<\/p>\n","protected":false},"featured_media":2257,"comment_status":"open","ping_status":"closed","template":"","meta":{"site-sidebar-layout":"default","site-content-layout":"","ast-site-content-layout":"default","site-content-style":"default","site-sidebar-style":"default","ast-global-header-display":"","ast-banner-title-visibility":"","ast-main-header-display":"","ast-hfb-above-header-display":"","ast-hfb-below-header-display":"","ast-hfb-mobile-header-display":"","site-post-title":"","ast-breadcrumbs-content":"","ast-featured-img":"","footer-sml-layout":"","ast-disable-related-posts":"","theme-transparent-header-meta":"default","adv-header-id-meta":"","stick-header-meta":"","header-above-stick-meta":"","header-main-stick-meta":"","header-below-stick-meta":"","astra-migrate-meta-layouts":"set","ast-page-background-enabled":"default","ast-page-background-meta":{"desktop":{"background-color":"var(--ast-global-color-4)","background-image":"","background-repeat":"repeat","background-position":"center center","background-size":"auto","background-attachment":"scroll","background-type":"","background-media":"","overlay-type":"","overlay-color":"","overlay-opacity":"","overlay-gradient":""},"tablet":{"background-color":"","background-image":"","background-repeat":"repeat","background-position":"center center","background-size":"auto","background-attachment":"scroll","background-type":"","background-media":"","overlay-type":"","overlay-color":"","overlay-opacity":"","overlay-gradient":""},"mobile":{"background-color":"","background-image":"","background-repeat":"repeat","background-position":"center center","background-size":"auto","background-attachment":"scroll","background-type":"","background-media":"","overlay-type":"","overlay-color":"","overlay-opacity":"","overlay-gradient":""}},"ast-content-background-meta":{"desktop":{"background-color":"var(--ast-global-color-5)","background-image":"","background-repeat":"repeat","background-position":"center center","background-size":"auto","background-attachment":"scroll","background-type":"","background-media":"","overlay-type":"","overlay-color":"","overlay-opacity":"","overlay-gradient":""},"tablet":{"background-color":"var(--ast-global-color-5)","background-image":"","background-repeat":"repeat","background-position":"center center","background-size":"auto","background-attachment":"scroll","background-type":"","background-media":"","overlay-type":"","overlay-color":"","overlay-opacity":"","overlay-gradient":""},"mobile":{"background-color":"var(--ast-global-color-5)","background-image":"","background-repeat":"repeat","background-position":"center center","background-size":"auto","background-attachment":"scroll","background-type":"","background-media":"","overlay-type":"","overlay-color":"","overlay-opacity":"","overlay-gradient":""}}},"product_brand":[],"product_cat":[117,28],"product_tag":[137,140,136,139,138],"class_list":{"0":"post-2256","1":"product","2":"type-product","3":"status-publish","4":"has-post-thumbnail","6":"product_cat-all-service","7":"product_cat-passport","8":"product_tag-fake-ukraine-passport","9":"product_tag-ukraine-legal-passport","10":"product_tag-ukraine-passport","11":"product_tag-ukraine-passport-card","12":"product_tag-ukraine-passport-online","13":"desktop-align-left","14":"tablet-align-left","15":"mobile-align-left","17":"first","18":"instock","19":"shipping-taxable","20":"product-type-simple"},"yoast_head":"<!-- This site is optimized with the Yoast SEO Premium plugin v24.7 (Yoast SEO v27.1.1) - https:\/\/yoast.com\/product\/yoast-seo-premium-wordpress\/ -->\n<title>Buy Original Ukraine passport<\/title>\n<meta name=\"description\" content=\"Buy Ukraine Passport Online Buy Ukraine Passport online to Work and live free. We are known for selling both real Ukraine Passports and fake ones. As for\" \/>\n<meta name=\"robots\" content=\"index, follow, max-snippet:-1, max-image-preview:large, max-video-preview:-1\" \/>\n<link rel=\"canonical\" href=\"https:\/\/permessodiguida.com\/ro\/produs\/buy-original-ukraine-passport\/\" \/>\n<meta property=\"og:locale\" content=\"ro_RO\" \/>\n<meta property=\"og:type\" content=\"article\" \/>\n<meta property=\"og:title\" content=\"Buy Original Ukraine passport\" \/>\n<meta property=\"og:description\" content=\"Buy Ukraine Passport Online Buy Ukraine Passport online to Work and live free. We are known for selling both real Ukraine Passports and fake ones. As for\" \/>\n<meta property=\"og:url\" content=\"https:\/\/permessodiguida.com\/ro\/produs\/buy-original-ukraine-passport\/\" \/>\n<meta property=\"og:site_name\" content=\"Original Documents Provider\" \/>\n<meta property=\"article:modified_time\" content=\"2026-02-18T08:53:18+00:00\" \/>\n<meta property=\"og:image\" content=\"https:\/\/permessodiguida.com\/wp-content\/uploads\/2025\/03\/image_2025-03-20_110011101.png\" \/>\n\t<meta property=\"og:image:width\" content=\"1000\" \/>\n\t<meta property=\"og:image:height\" content=\"620\" \/>\n\t<meta property=\"og:image:type\" content=\"image\/png\" \/>\n<meta name=\"twitter:card\" content=\"summary_large_image\" \/>\n<meta name=\"twitter:label1\" content=\"Timp estimat pentru citire\" \/>\n\t<meta name=\"twitter:data1\" content=\"2 minute\" \/>\n<script type=\"application\/ld+json\" class=\"yoast-schema-graph\">{\"@context\":\"https:\/\/schema.org\",\"@graph\":[{\"@type\":\"WebPage\",\"@id\":\"https:\/\/permessodiguida.com\/product\/buy-original-ukraine-passport\/\",\"url\":\"https:\/\/permessodiguida.com\/product\/buy-original-ukraine-passport\/\",\"name\":\"Buy Original Ukraine passport\",\"isPartOf\":{\"@id\":\"https:\/\/permessodiguida.com\/#website\"},\"primaryImageOfPage\":{\"@id\":\"https:\/\/permessodiguida.com\/product\/buy-original-ukraine-passport\/#primaryimage\"},\"image\":{\"@id\":\"https:\/\/permessodiguida.com\/product\/buy-original-ukraine-passport\/#primaryimage\"},\"thumbnailUrl\":\"https:\/\/permessodiguida.com\/wp-content\/uploads\/2025\/03\/image_2025-03-20_110011101.png\",\"datePublished\":\"2025-03-20T10:08:43+00:00\",\"dateModified\":\"2026-02-18T08:53:18+00:00\",\"description\":\"Buy Ukraine Passport Online Buy Ukraine Passport online to Work and live free. We are known for selling both real Ukraine Passports and fake ones. As for\",\"breadcrumb\":{\"@id\":\"https:\/\/permessodiguida.com\/product\/buy-original-ukraine-passport\/#breadcrumb\"},\"inLanguage\":\"ro-RO\",\"potentialAction\":[{\"@type\":\"ReadAction\",\"target\":[\"https:\/\/permessodiguida.com\/product\/buy-original-ukraine-passport\/\"]}]},{\"@type\":\"ImageObject\",\"inLanguage\":\"ro-RO\",\"@id\":\"https:\/\/permessodiguida.com\/product\/buy-original-ukraine-passport\/#primaryimage\",\"url\":\"https:\/\/permessodiguida.com\/wp-content\/uploads\/2025\/03\/image_2025-03-20_110011101.png\",\"contentUrl\":\"https:\/\/permessodiguida.com\/wp-content\/uploads\/2025\/03\/image_2025-03-20_110011101.png\",\"width\":1000,\"height\":620,\"caption\":\"passport\"},{\"@type\":\"BreadcrumbList\",\"@id\":\"https:\/\/permessodiguida.com\/product\/buy-original-ukraine-passport\/#breadcrumb\",\"itemListElement\":[{\"@type\":\"ListItem\",\"position\":1,\"name\":\"Home\",\"item\":\"https:\/\/permessodiguida.com\/\"},{\"@type\":\"ListItem\",\"position\":2,\"name\":\"All Services\",\"item\":\"https:\/\/permessodiguida.com\/shop\/\"},{\"@type\":\"ListItem\",\"position\":3,\"name\":\"Buy Original Ukraine passport\"}]},{\"@type\":\"WebSite\",\"@id\":\"https:\/\/permessodiguida.com\/#website\",\"url\":\"https:\/\/permessodiguida.com\/\",\"name\":\"Permessodiguida\",\"description\":\"Get Original Driving License And Passport\",\"publisher\":{\"@id\":\"https:\/\/permessodiguida.com\/#organization\"},\"alternateName\":\"Original Documents Provider\",\"potentialAction\":[{\"@type\":\"SearchAction\",\"target\":{\"@type\":\"EntryPoint\",\"urlTemplate\":\"https:\/\/permessodiguida.com\/?s={search_term_string}\"},\"query-input\":{\"@type\":\"PropertyValueSpecification\",\"valueRequired\":true,\"valueName\":\"search_term_string\"}}],\"inLanguage\":\"ro-RO\"},{\"@type\":\"Organization\",\"@id\":\"https:\/\/permessodiguida.com\/#organization\",\"name\":\"Permesso Di Guida\",\"alternateName\":\"Original Driving License And Passport\",\"url\":\"https:\/\/permessodiguida.com\/\",\"logo\":{\"@type\":\"ImageObject\",\"inLanguage\":\"ro-RO\",\"@id\":\"https:\/\/permessodiguida.com\/#\/schema\/logo\/image\/\",\"url\":\"https:\/\/permessodiguida.com\/wp-content\/uploads\/2024\/08\/image_2024-08-09_144906822.png\",\"contentUrl\":\"https:\/\/permessodiguida.com\/wp-content\/uploads\/2024\/08\/image_2024-08-09_144906822.png\",\"width\":687,\"height\":549,\"caption\":\"Permesso Di Guida\"},\"image\":{\"@id\":\"https:\/\/permessodiguida.com\/#\/schema\/logo\/image\/\"}}]}<\/script>\n<!-- \/ Yoast SEO Premium plugin. -->","yoast_head_json":{"title":"Cump\u0103ra\u021bi pa\u0219aportul ucrainean original","description":"Cump\u0103ra\u021bi pa\u0219aport ucrainean online Cump\u0103ra\u021bi pa\u0219aport ucrainean online pentru a lucra \u0219i a tr\u0103i gratuit. Suntem cunoscu\u021bi pentru v\u00e2nzarea at\u00e2t a pa\u0219apoartelor ucrainene reale, c\u00e2t \u0219i a celor false. C\u00e2t despre","robots":{"index":"index","follow":"follow","max-snippet":"max-snippet:-1","max-image-preview":"max-image-preview:large","max-video-preview":"max-video-preview:-1"},"canonical":"https:\/\/permessodiguida.com\/ro\/produs\/buy-original-ukraine-passport\/","og_locale":"ro_RO","og_type":"article","og_title":"Buy Original Ukraine passport","og_description":"Buy Ukraine Passport Online Buy Ukraine Passport online to Work and live free. We are known for selling both real Ukraine Passports and fake ones. As for","og_url":"https:\/\/permessodiguida.com\/ro\/produs\/buy-original-ukraine-passport\/","og_site_name":"Original Documents Provider","article_modified_time":"2026-02-18T08:53:18+00:00","og_image":[{"width":1000,"height":620,"url":"https:\/\/permessodiguida.com\/wp-content\/uploads\/2025\/03\/image_2025-03-20_110011101.png","type":"image\/png"}],"twitter_card":"summary_large_image","twitter_misc":{"Timp estimat pentru citire":"2 minute"},"schema":{"@context":"https:\/\/schema.org","@graph":[{"@type":"WebPage","@id":"https:\/\/permessodiguida.com\/product\/buy-original-ukraine-passport\/","url":"https:\/\/permessodiguida.com\/product\/buy-original-ukraine-passport\/","name":"Cump\u0103ra\u021bi pa\u0219aportul ucrainean original","isPartOf":{"@id":"https:\/\/permessodiguida.com\/#website"},"primaryImageOfPage":{"@id":"https:\/\/permessodiguida.com\/product\/buy-original-ukraine-passport\/#primaryimage"},"image":{"@id":"https:\/\/permessodiguida.com\/product\/buy-original-ukraine-passport\/#primaryimage"},"thumbnailUrl":"https:\/\/permessodiguida.com\/wp-content\/uploads\/2025\/03\/image_2025-03-20_110011101.png","datePublished":"2025-03-20T10:08:43+00:00","dateModified":"2026-02-18T08:53:18+00:00","description":"Cump\u0103ra\u021bi pa\u0219aport ucrainean online Cump\u0103ra\u021bi pa\u0219aport ucrainean online pentru a lucra \u0219i a tr\u0103i gratuit. Suntem cunoscu\u021bi pentru v\u00e2nzarea at\u00e2t a pa\u0219apoartelor ucrainene reale, c\u00e2t \u0219i a celor false. C\u00e2t despre","breadcrumb":{"@id":"https:\/\/permessodiguida.com\/product\/buy-original-ukraine-passport\/#breadcrumb"},"inLanguage":"ro-RO","potentialAction":[{"@type":"ReadAction","target":["https:\/\/permessodiguida.com\/product\/buy-original-ukraine-passport\/"]}]},{"@type":"ImageObject","inLanguage":"ro-RO","@id":"https:\/\/permessodiguida.com\/product\/buy-original-ukraine-passport\/#primaryimage","url":"https:\/\/permessodiguida.com\/wp-content\/uploads\/2025\/03\/image_2025-03-20_110011101.png","contentUrl":"https:\/\/permessodiguida.com\/wp-content\/uploads\/2025\/03\/image_2025-03-20_110011101.png","width":1000,"height":620,"caption":"passport"},{"@type":"BreadcrumbList","@id":"https:\/\/permessodiguida.com\/product\/buy-original-ukraine-passport\/#breadcrumb","itemListElement":[{"@type":"ListItem","position":1,"name":"Home","item":"https:\/\/permessodiguida.com\/"},{"@type":"ListItem","position":2,"name":"All Services","item":"https:\/\/permessodiguida.com\/shop\/"},{"@type":"ListItem","position":3,"name":"Buy Original Ukraine passport"}]},{"@type":"WebSite","@id":"https:\/\/permessodiguida.com\/#website","url":"https:\/\/permessodiguida.com\/","name":"Permessodiguida","description":"Ob\u021bine\u021bi permisul de conducere original \u0219i pa\u0219aportul","publisher":{"@id":"https:\/\/permessodiguida.com\/#organization"},"alternateName":"Original Documents Provider","potentialAction":[{"@type":"SearchAction","target":{"@type":"EntryPoint","urlTemplate":"https:\/\/permessodiguida.com\/?s={search_term_string}"},"query-input":{"@type":"PropertyValueSpecification","valueRequired":true,"valueName":"search_term_string"}}],"inLanguage":"ro-RO"},{"@type":"Organization","@id":"https:\/\/permessodiguida.com\/#organization","name":"Permisiune de ghidare","alternateName":"Original Driving License And Passport","url":"https:\/\/permessodiguida.com\/","logo":{"@type":"ImageObject","inLanguage":"ro-RO","@id":"https:\/\/permessodiguida.com\/#\/schema\/logo\/image\/","url":"https:\/\/permessodiguida.com\/wp-content\/uploads\/2024\/08\/image_2024-08-09_144906822.png","contentUrl":"https:\/\/permessodiguida.com\/wp-content\/uploads\/2024\/08\/image_2024-08-09_144906822.png","width":687,"height":549,"caption":"Permesso Di Guida"},"image":{"@id":"https:\/\/permessodiguida.com\/#\/schema\/logo\/image\/"}}]}},"_links":{"self":[{"href":"https:\/\/permessodiguida.com\/ro\/wp-json\/wp\/v2\/product\/2256","targetHints":{"allow":["GET"]}}],"collection":[{"href":"https:\/\/permessodiguida.com\/ro\/wp-json\/wp\/v2\/product"}],"about":[{"href":"https:\/\/permessodiguida.com\/ro\/wp-json\/wp\/v2\/types\/product"}],"replies":[{"embeddable":true,"href":"https:\/\/permessodiguida.com\/ro\/wp-json\/wp\/v2\/comments?post=2256"}],"wp:featuredmedia":[{"embeddable":true,"href":"https:\/\/permessodiguida.com\/ro\/wp-json\/wp\/v2\/media\/2257"}],"wp:attachment":[{"href":"https:\/\/permessodiguida.com\/ro\/wp-json\/wp\/v2\/media?parent=2256"}],"wp:term":[{"taxonomy":"product_brand","embeddable":true,"href":"https:\/\/permessodiguida.com\/ro\/wp-json\/wp\/v2\/product_brand?post=2256"},{"taxonomy":"product_cat","embeddable":true,"href":"https:\/\/permessodiguida.com\/ro\/wp-json\/wp\/v2\/product_cat?post=2256"},{"taxonomy":"product_tag","embeddable":true,"href":"https:\/\/permessodiguida.com\/ro\/wp-json\/wp\/v2\/product_tag?post=2256"}],"curies":[{"name":"wp","href":"https:\/\/api.w.org\/{rel}","templated":true}]}}