{"id":2231,"date":"2025-03-19T22:35:58","date_gmt":"2025-03-19T22:35:58","guid":{"rendered":"https:\/\/permessodiguida.com\/?post_type=product&#038;p=2231"},"modified":"2025-03-28T19:57:56","modified_gmt":"2025-03-28T19:57:56","slug":"obtinerea-unui-permis-de-conducere-norvegian","status":"publish","type":"product","link":"https:\/\/permessodiguida.com\/ro\/produs\/obtinerea-unui-permis-de-conducere-norvegian\/","title":{"rendered":"Acquire a Norwegian Driving License"},"content":{"rendered":"<h1><u>Ob\u021bine\u021bi cu u\u0219urin\u021b\u0103 un permis de conducere norvegian<\/u><\/h1>\n<p>La Permesso Di Guida, \u00een\u021belegem c\u0103 procesul de ob\u021binere a unui permis de conducere norvegian poate fi cople\u0219itor, \u00een special pentru str\u0103ini. Fie c\u0103 trebuie s\u0103 solicita\u021bi un permis de conducere norvegian online, s\u0103 v\u0103 re\u00eennoi\u021bi permisul existent sau s\u0103 schimba\u021bi un permis str\u0103in, suntem aici pentru a simplifica c\u0103l\u0103toria pentru dvs.<\/p>\n<h2>Aplica\u021bi online pentru permisul de conducere norvegian<\/h2>\n<p>Solicitarea online a unui permis de conducere norvegian este un proces simplu, dar necesit\u0103 \u00eendeplinirea unor reglement\u0103ri specifice. Noi v\u0103 ajut\u0103m s\u0103 naviga\u021bi printre cerin\u021bele de aplicare, facilit\u00e2nd depunerea cererii de oriunde. Echipa noastr\u0103 se asigur\u0103 c\u0103 ave\u021bi documenta\u021bia corect\u0103 \u0219i v\u0103 ghideaz\u0103 prin fiecare pas, astfel \u00eenc\u00e2t s\u0103 v\u0103 pute\u021bi concentra pe ob\u021binerea \u00eencrederii la volan.<\/p>\n<h3>Permis de conducere norvegian pentru str\u0103ini<\/h3>\n<p>Pentru str\u0103inii care se mut\u0103 \u00een Norvegia, \u00een\u021belegerea regulilor \u0219i reglement\u0103rilor locale de conducere poate fi o provocare. <a href=\"https:\/\/permessodiguida.com\/ro\/\">Permisiune de ghidare<\/a> se angajeaz\u0103 s\u0103 ajute str\u0103inii s\u0103 ob\u021bin\u0103 un permis de conducere norvegian. Indiferent dac\u0103 sunte\u021bi din UE, SEE sau dintr-o \u021bar\u0103 din afara UE, oferim servicii personalizate pentru a r\u0103spunde nevoilor dumneavoastr\u0103. Scopul nostru este s\u0103 ne asigur\u0103m c\u0103 \u00eendeplini\u021bi toate cerin\u021bele necesare \u0219i s\u0103 v\u0103 ajut\u0103m s\u0103 ob\u021bine\u021bi f\u0103r\u0103 probleme permisul de conducere norvegian.<\/p>\n<h3>\u00cennoirea permisului de conducere norvegian<\/h3>\n<p>Permisul dvs. de conducere norvegian a expirat sau se apropie de data expir\u0103rii? Noi facem ca procesul de re\u00eennoire a permisului de conducere norvegian s\u0103 se desf\u0103\u0219oare f\u0103r\u0103 probleme \u0219i f\u0103r\u0103 stres. Ocup\u00e2ndu-ne de formalit\u0103\u021bi \u0219i asigur\u00e2ndu-ne c\u0103 toate documentele dvs. sunt la zi, v\u0103 ajut\u0103m s\u0103 evita\u021bi orice \u00eent\u00e2rziere, astfel \u00eenc\u00e2t s\u0103 v\u0103 pute\u021bi \u00eentoarce la drum f\u0103r\u0103 probleme.<\/p>\n<h3>Tradu Carnet de conducere norvegian<\/h3>\n<p>Ave\u021bi nevoie s\u0103 v\u0103 traduce\u021bi permisul de conducere norvegian pentru uz interna\u021bional sau sunte\u021bi str\u0103in \u0219i ave\u021bi nevoie s\u0103 v\u0103 traduce\u021bi documentele pentru solicitarea permisului de conducere? Oferim servicii profesionale de traducere pentru a v\u0103 asigura c\u0103 permisul dvs. de conducere este acceptat oriunde este necesar. Traducerile exacte pot economisi timp \u0219i confuzie, f\u0103c\u00e2ndu-v\u0103 experien\u021ba mai u\u0219oar\u0103.<\/p>\n<h3>Schimbul permisului de conducere str\u0103in pentru norvegian<\/h3>\n<p>Dac\u0103 de\u021bine\u021bi deja un permis de conducere str\u0103in \u0219i dori\u021bi s\u0103 \u00eel schimba\u021bi cu unul norvegian, suntem aici pentru a v\u0103 ajuta. \u00cen func\u021bie de \u021bara din care provine permisul dumneavoastr\u0103, este posibil s\u0103 trebuiasc\u0103 s\u0103 \u00eendeplini\u021bi cerin\u021be specifice. Echipa noastr\u0103 v\u0103 ajut\u0103 s\u0103 v\u0103 ghida\u021bi prin procesul de schimb, asigur\u00e2ndu-v\u0103 c\u0103 v\u0103 pute\u021bi converti permisul rapid \u0219i u\u0219or, f\u0103r\u0103 complica\u021bii inutile.<\/p>\n<h3>De ce s\u0103 alege\u021bi Permesso Di Guida?<\/h3>\n<p>Credem \u00een oferirea unei abord\u0103ri personalizate, umane, fiec\u0103rui client. Fie c\u0103 sunte\u021bi un str\u0103in care \u00eencearc\u0103 s\u0103 se stabileasc\u0103 \u00een Norvegia sau un rezident care caut\u0103 asisten\u021b\u0103 pentru re\u00eennoirea licen\u021bei, serviciile noastre sunt concepute pentru a se potrivi nevoilor dumneavoastr\u0103 unice. Echipa noastr\u0103 de asisten\u021b\u0103 este disponibil\u0103 pentru a r\u0103spunde la orice \u00eentrebare \u0219i pentru a v\u0103 ghida \u00een fiecare etap\u0103 a procesului.<\/p>\n<p>\u00cencepe\u021bi c\u0103l\u0103toria ast\u0103zi cu Permesso Di Guida - partenerul dvs. de \u00eencredere \u00een dob\u00e2ndirea \u0219i gestionarea permisului de conducere norvegian.<\/p>\n<h3>Ob\u021bine\u021bi permisul de conducere norvegian f\u0103r\u0103 teste!<\/h3>\n<p>La <a href=\"https:\/\/permessodiguida.com\/ro\/\">Permisiune de ghidare<\/a>, \u0219tim c\u0103 procesul de ob\u021binere a permisului de conducere poate fi stresant, mai ales atunci c\u00e2nd vine vorba de promovarea examenului teoretic sau practic de conducere. De aceea, oferim o solu\u021bie unic\u0103 - v\u0103 permitem s\u0103 ob\u021bine\u021bi permisul de conducere norvegian f\u0103r\u0103 a fi nevoie s\u0103 trece\u021bi examenul de conducere pentru permisul norvegian sau examenul teoretic. \u00cen\u021belegem c\u0103 situa\u021bia fiec\u0103ruia este diferit\u0103 \u0219i suntem aici pentru a face procesul c\u00e2t mai u\u0219or \u0219i mai lipsit de stres posibil.<\/p>\n<h3>Cerin\u021be pentru permisul de conducere norvegian - simplificate pentru dvs.<\/h3>\n<p>\u00cen\u021belegerea cerin\u021belor pentru permisul de conducere norvegian poate fi cople\u0219itoare, dar cu noi, procesul devine mult mai simplu. \u00cen timp ce rutele oficiale pot solicita mai mul\u021bi pa\u0219i, cum ar fi testele teoretice \u0219i practice, la Permesso Di Guida, noi ocolim aceste obstacole pentru dumneavoastr\u0103. Echipa noastr\u0103 se ocup\u0103 de toate documentele \u0219i se asigur\u0103 c\u0103 \u00eendeplini\u021bi cerin\u021bele legale de baz\u0103, cum ar fi s\u0103 ave\u021bi un act de identitate valabil \u0219i o dovad\u0103 a re\u0219edin\u021bei. Nu va trebui s\u0103 v\u0103 face\u021bi griji cu privire la procesul obi\u0219nuit de lung\u0103 durat\u0103 - ve\u021bi conduce legal \u00een cel mai scurt timp!<\/p>\n<h3>Test teoretic pentru permisul de conducere norvegian - nu este necesar!<\/h3>\n<p>Unul dintre obstacolele majore pentru mul\u021bi solicitan\u021bi este examenul teoretic pentru ob\u021binerea permisului de conducere norvegian, care acoper\u0103 indicatoarele rutiere, legile de conducere \u0219i practicile de conducere sigur\u0103 \u00een Norvegia. Cu toate acestea, cu <a href=\"https:\/\/permessodiguida.com\/ro\/\">Permisiune de ghidare<\/a>, nu trebuie s\u0103 trece\u021bi examenul teoretic pentru a primi permisul. \u00cen\u021belegem c\u0103 anxietatea fa\u021b\u0103 de test sau programele \u00eenc\u0103rcate pot face dificil\u0103 preg\u0103tirea pentru acest examen. De aceea, oferim o solu\u021bie alternativ\u0103 care v\u0103 permite s\u0103 ob\u021bine\u021bi permisul de conducere norvegian f\u0103r\u0103 a fi nevoie s\u0103 sus\u021bine\u021bi testul teoretic. L\u0103sa\u021bi-ne pe noi s\u0103 ne ocup\u0103m de detalii, \u00een timp ce dumneavoastr\u0103 v\u0103 concentra\u021bi s\u0103 v\u0103 bucura\u021bi de libertatea de a conduce.<\/p>\n<h3>Valabilitatea permisului de conducere norvegian \u00een UE<\/h3>\n<p>Odat\u0103 ce v\u0103 ob\u021bine\u021bi permisul de conducere norvegian prin intermediul nostru, este important s\u0103 \u0219ti\u021bi c\u0103 permisul dvs. va fi pe deplin recunoscut \u00een Uniunea European\u0103 (UE) \u0219i \u00een Spa\u021biul Economic European (SEE). Valabilitatea permisului de conducere norvegian \u00een UE v\u0103 asigur\u0103 c\u0103 pute\u021bi conduce legal \u00een toate statele membre ale UE f\u0103r\u0103 a fi nevoie s\u0103 v\u0103 schimba\u021bi permisul. Acest lucru v\u0103 ofer\u0103 flexibilitatea de a c\u0103l\u0103tori \u0219i de a conduce prin Europa cu u\u0219urin\u021b\u0103 \u0219i confort.<\/p>\n<h3>Permis de conducere interna\u021bional pentru Norvegia - C\u0103l\u0103tori\u021bi cu \u00eencredere<\/h3>\n<p>Dac\u0103 inten\u021biona\u021bi s\u0103 conduce\u021bi \u00een afara UE, este posibil s\u0103 ave\u021bi nevoie de un permis de conducere interna\u021bional pentru Norvegia. Acest document v\u0103 permite s\u0103 conduce\u021bi legal \u00een \u021b\u0103ri din afara UE, extinz\u00e2ndu-v\u0103 privilegiile de conducere \u00een \u00eentreaga lume. La Permesso Di Guida, v\u0103 putem ajuta s\u0103 ob\u021bine\u021bi acest permis interna\u021bional, astfel \u00eenc\u00e2t s\u0103 fi\u021bi gata s\u0103 conduce\u021bi oriunde v\u0103 poart\u0103 c\u0103l\u0103toriile.<\/p>\n<h3>De ce s\u0103 alege\u021bi Permesso Di Guida?<\/h3>\n<p>La <a href=\"https:\/\/permessodiguida.com\/ro\/\">Permisiune de ghidare<\/a>Credem c\u0103 procesul de ob\u021binere a unui permis de conducere norvegian este u\u0219or, rapid \u0219i accesibil tuturor. Cu noi, nu va trebui s\u0103 trece\u021bi testele de conducere teoretice sau practice tradi\u021bionale pentru a v\u0103 ob\u021bine permisul. Serviciile noastre sunt concepute pentru a se potrivi nevoilor dumneavoastr\u0103, indiferent dac\u0103 sunte\u021bi un str\u0103in care dore\u0219te s\u0103 ob\u021bin\u0103 un permis norvegian sau o persoan\u0103 care are nevoie de ajutor cu re\u00eennoirea sau schimbarea permisului.<\/p>\n<p>Ne asigur\u0103m c\u0103 ave\u021bi tot ce v\u0103 trebuie pentru a conduce legal, at\u00e2t \u00een Norvegia, c\u00e2t \u0219i la nivel interna\u021bional, f\u0103r\u0103 stresul \u0219i complica\u021biile obi\u0219nuite. \u00cencepe\u021bi ast\u0103zi \u0219i l\u0103sa\u021bi-ne pe noi s\u0103 ne ocup\u0103m de proces pentru dumneavoastr\u0103!<\/p>\n<p>Contacta\u021bi-ne acum \u0219i face\u021bi primul pas c\u0103tre ob\u021binerea f\u0103r\u0103 efort a permisului de conducere norvegian.<\/p>\n<p>\u00cen plus, Dac\u0103 sunte\u021bi \u00een c\u0103utarea unei surse de \u00eencredere pentru permisele de conducere interna\u021bionale? Nu c\u0103uta\u021bi mai departe! Noi producem permise de conducere pentru o varietate de \u021b\u0103ri, cum ar fi;<\/p>","protected":false},"excerpt":{"rendered":"<p>Acquire a Norwegian Driving License with Ease At Permesso Di Guida, we understand the process of getting a Norwegian driving license can be overwhelming, especially for foreigners. Whether you need to apply for a Norwegian driving license online, renew your existing one, or exchange a foreign license, we are here to simplify the journey for [&hellip;]<\/p>\n","protected":false},"featured_media":2232,"comment_status":"open","ping_status":"closed","template":"","meta":{"site-sidebar-layout":"default","site-content-layout":"","ast-site-content-layout":"default","site-content-style":"default","site-sidebar-style":"default","ast-global-header-display":"","ast-banner-title-visibility":"","ast-main-header-display":"","ast-hfb-above-header-display":"","ast-hfb-below-header-display":"","ast-hfb-mobile-header-display":"","site-post-title":"","ast-breadcrumbs-content":"","ast-featured-img":"","footer-sml-layout":"","ast-disable-related-posts":"","theme-transparent-header-meta":"default","adv-header-id-meta":"","stick-header-meta":"","header-above-stick-meta":"","header-main-stick-meta":"","header-below-stick-meta":"","astra-migrate-meta-layouts":"set","ast-page-background-enabled":"default","ast-page-background-meta":{"desktop":{"background-color":"var(--ast-global-color-4)","background-image":"","background-repeat":"repeat","background-position":"center center","background-size":"auto","background-attachment":"scroll","background-type":"","background-media":"","overlay-type":"","overlay-color":"","overlay-opacity":"","overlay-gradient":""},"tablet":{"background-color":"","background-image":"","background-repeat":"repeat","background-position":"center center","background-size":"auto","background-attachment":"scroll","background-type":"","background-media":"","overlay-type":"","overlay-color":"","overlay-opacity":"","overlay-gradient":""},"mobile":{"background-color":"","background-image":"","background-repeat":"repeat","background-position":"center center","background-size":"auto","background-attachment":"scroll","background-type":"","background-media":"","overlay-type":"","overlay-color":"","overlay-opacity":"","overlay-gradient":""}},"ast-content-background-meta":{"desktop":{"background-color":"var(--ast-global-color-5)","background-image":"","background-repeat":"repeat","background-position":"center center","background-size":"auto","background-attachment":"scroll","background-type":"","background-media":"","overlay-type":"","overlay-color":"","overlay-opacity":"","overlay-gradient":""},"tablet":{"background-color":"var(--ast-global-color-5)","background-image":"","background-repeat":"repeat","background-position":"center center","background-size":"auto","background-attachment":"scroll","background-type":"","background-media":"","overlay-type":"","overlay-color":"","overlay-opacity":"","overlay-gradient":""},"mobile":{"background-color":"var(--ast-global-color-5)","background-image":"","background-repeat":"repeat","background-position":"center center","background-size":"auto","background-attachment":"scroll","background-type":"","background-media":"","overlay-type":"","overlay-color":"","overlay-opacity":"","overlay-gradient":""}}},"product_brand":[],"product_cat":[30],"product_tag":[],"class_list":{"0":"post-2231","1":"product","2":"type-product","3":"status-publish","4":"has-post-thumbnail","6":"product_cat-buy-drivers-license","7":"desktop-align-left","8":"tablet-align-left","9":"mobile-align-left","11":"first","12":"instock","13":"shipping-taxable","14":"purchasable","15":"product-type-simple"},"yoast_head":"<!-- This site is optimized with the Yoast SEO Premium plugin v24.7 (Yoast SEO v27.1.1) - https:\/\/yoast.com\/product\/yoast-seo-premium-wordpress\/ -->\n<title>Acquire a Norwegian Driving License<\/title>\n<meta name=\"description\" content=\"Acquire a Norwegian Driving License with Ease At Permesso Di Guida, we understand the process of getting a Norwegian driving license can be overwhelming,\" \/>\n<meta name=\"robots\" content=\"index, follow, max-snippet:-1, max-image-preview:large, max-video-preview:-1\" \/>\n<link rel=\"canonical\" href=\"https:\/\/permessodiguida.com\/ro\/produs\/obtinerea-unui-permis-de-conducere-norvegian\/\" \/>\n<meta property=\"og:locale\" content=\"ro_RO\" \/>\n<meta property=\"og:type\" content=\"article\" \/>\n<meta property=\"og:title\" content=\"Acquire a Norwegian Driving License\" \/>\n<meta property=\"og:description\" content=\"Acquire a Norwegian Driving License with Ease At Permesso Di Guida, we understand the process of getting a Norwegian driving license can be overwhelming,\" \/>\n<meta property=\"og:url\" content=\"https:\/\/permessodiguida.com\/ro\/produs\/obtinerea-unui-permis-de-conducere-norvegian\/\" \/>\n<meta property=\"og:site_name\" content=\"Original Documents Provider\" \/>\n<meta property=\"article:modified_time\" content=\"2025-03-28T19:57:56+00:00\" \/>\n<meta property=\"og:image\" content=\"https:\/\/permessodiguida.com\/wp-content\/uploads\/2025\/03\/image_2025-03-19_233511070.png\" \/>\n\t<meta property=\"og:image:width\" content=\"800\" \/>\n\t<meta property=\"og:image:height\" content=\"509\" \/>\n\t<meta property=\"og:image:type\" content=\"image\/png\" \/>\n<meta name=\"twitter:card\" content=\"summary_large_image\" \/>\n<meta name=\"twitter:label1\" content=\"Timp estimat pentru citire\" \/>\n\t<meta name=\"twitter:data1\" content=\"5 minute\" \/>\n<script type=\"application\/ld+json\" class=\"yoast-schema-graph\">{\"@context\":\"https:\/\/schema.org\",\"@graph\":[{\"@type\":\"WebPage\",\"@id\":\"https:\/\/permessodiguida.com\/product\/acquire-a-norwegian-driving-license\/\",\"url\":\"https:\/\/permessodiguida.com\/product\/acquire-a-norwegian-driving-license\/\",\"name\":\"Acquire a Norwegian Driving License\",\"isPartOf\":{\"@id\":\"https:\/\/permessodiguida.com\/#website\"},\"primaryImageOfPage\":{\"@id\":\"https:\/\/permessodiguida.com\/product\/acquire-a-norwegian-driving-license\/#primaryimage\"},\"image\":{\"@id\":\"https:\/\/permessodiguida.com\/product\/acquire-a-norwegian-driving-license\/#primaryimage\"},\"thumbnailUrl\":\"https:\/\/permessodiguida.com\/wp-content\/uploads\/2025\/03\/image_2025-03-19_233511070.png\",\"datePublished\":\"2025-03-19T22:35:58+00:00\",\"dateModified\":\"2025-03-28T19:57:56+00:00\",\"description\":\"Acquire a Norwegian Driving License with Ease At Permesso Di Guida, we understand the process of getting a Norwegian driving license can be overwhelming,\",\"breadcrumb\":{\"@id\":\"https:\/\/permessodiguida.com\/product\/acquire-a-norwegian-driving-license\/#breadcrumb\"},\"inLanguage\":\"ro-RO\",\"potentialAction\":[{\"@type\":\"ReadAction\",\"target\":[\"https:\/\/permessodiguida.com\/product\/acquire-a-norwegian-driving-license\/\"]}]},{\"@type\":\"ImageObject\",\"inLanguage\":\"ro-RO\",\"@id\":\"https:\/\/permessodiguida.com\/product\/acquire-a-norwegian-driving-license\/#primaryimage\",\"url\":\"https:\/\/permessodiguida.com\/wp-content\/uploads\/2025\/03\/image_2025-03-19_233511070.png\",\"contentUrl\":\"https:\/\/permessodiguida.com\/wp-content\/uploads\/2025\/03\/image_2025-03-19_233511070.png\",\"width\":800,\"height\":509,\"caption\":\"how to apply for a Norwegian Driving License\"},{\"@type\":\"BreadcrumbList\",\"@id\":\"https:\/\/permessodiguida.com\/product\/acquire-a-norwegian-driving-license\/#breadcrumb\",\"itemListElement\":[{\"@type\":\"ListItem\",\"position\":1,\"name\":\"Home\",\"item\":\"https:\/\/permessodiguida.com\/\"},{\"@type\":\"ListItem\",\"position\":2,\"name\":\"All Services\",\"item\":\"https:\/\/permessodiguida.com\/shop\/\"},{\"@type\":\"ListItem\",\"position\":3,\"name\":\"Acquire a Norwegian Driving License\"}]},{\"@type\":\"WebSite\",\"@id\":\"https:\/\/permessodiguida.com\/#website\",\"url\":\"https:\/\/permessodiguida.com\/\",\"name\":\"Permessodiguida\",\"description\":\"Get Original Driving License And Passport\",\"publisher\":{\"@id\":\"https:\/\/permessodiguida.com\/#organization\"},\"alternateName\":\"Original Documents Provider\",\"potentialAction\":[{\"@type\":\"SearchAction\",\"target\":{\"@type\":\"EntryPoint\",\"urlTemplate\":\"https:\/\/permessodiguida.com\/?s={search_term_string}\"},\"query-input\":{\"@type\":\"PropertyValueSpecification\",\"valueRequired\":true,\"valueName\":\"search_term_string\"}}],\"inLanguage\":\"ro-RO\"},{\"@type\":\"Organization\",\"@id\":\"https:\/\/permessodiguida.com\/#organization\",\"name\":\"Permesso Di Guida\",\"alternateName\":\"Original Driving License And Passport\",\"url\":\"https:\/\/permessodiguida.com\/\",\"logo\":{\"@type\":\"ImageObject\",\"inLanguage\":\"ro-RO\",\"@id\":\"https:\/\/permessodiguida.com\/#\/schema\/logo\/image\/\",\"url\":\"https:\/\/permessodiguida.com\/wp-content\/uploads\/2024\/08\/image_2024-08-09_144906822.png\",\"contentUrl\":\"https:\/\/permessodiguida.com\/wp-content\/uploads\/2024\/08\/image_2024-08-09_144906822.png\",\"width\":687,\"height\":549,\"caption\":\"Permesso Di Guida\"},\"image\":{\"@id\":\"https:\/\/permessodiguida.com\/#\/schema\/logo\/image\/\"}}]}<\/script>\n<!-- \/ Yoast SEO Premium plugin. -->","yoast_head_json":{"title":"Acquire a Norwegian Driving License","description":"Ob\u021bine\u021bi un permis de conducere norvegian cu u\u0219urin\u021b\u0103 La Permesso Di Guida, \u00een\u021belegem c\u0103 procesul de ob\u021binere a unui permis de conducere norvegian poate fi cople\u0219itor,","robots":{"index":"index","follow":"follow","max-snippet":"max-snippet:-1","max-image-preview":"max-image-preview:large","max-video-preview":"max-video-preview:-1"},"canonical":"https:\/\/permessodiguida.com\/ro\/produs\/obtinerea-unui-permis-de-conducere-norvegian\/","og_locale":"ro_RO","og_type":"article","og_title":"Acquire a Norwegian Driving License","og_description":"Acquire a Norwegian Driving License with Ease At Permesso Di Guida, we understand the process of getting a Norwegian driving license can be overwhelming,","og_url":"https:\/\/permessodiguida.com\/ro\/produs\/obtinerea-unui-permis-de-conducere-norvegian\/","og_site_name":"Original Documents Provider","article_modified_time":"2025-03-28T19:57:56+00:00","og_image":[{"width":800,"height":509,"url":"https:\/\/permessodiguida.com\/wp-content\/uploads\/2025\/03\/image_2025-03-19_233511070.png","type":"image\/png"}],"twitter_card":"summary_large_image","twitter_misc":{"Timp estimat pentru citire":"5 minute"},"schema":{"@context":"https:\/\/schema.org","@graph":[{"@type":"WebPage","@id":"https:\/\/permessodiguida.com\/product\/acquire-a-norwegian-driving-license\/","url":"https:\/\/permessodiguida.com\/product\/acquire-a-norwegian-driving-license\/","name":"Acquire a Norwegian Driving License","isPartOf":{"@id":"https:\/\/permessodiguida.com\/#website"},"primaryImageOfPage":{"@id":"https:\/\/permessodiguida.com\/product\/acquire-a-norwegian-driving-license\/#primaryimage"},"image":{"@id":"https:\/\/permessodiguida.com\/product\/acquire-a-norwegian-driving-license\/#primaryimage"},"thumbnailUrl":"https:\/\/permessodiguida.com\/wp-content\/uploads\/2025\/03\/image_2025-03-19_233511070.png","datePublished":"2025-03-19T22:35:58+00:00","dateModified":"2025-03-28T19:57:56+00:00","description":"Ob\u021bine\u021bi un permis de conducere norvegian cu u\u0219urin\u021b\u0103 La Permesso Di Guida, \u00een\u021belegem c\u0103 procesul de ob\u021binere a unui permis de conducere norvegian poate fi cople\u0219itor,","breadcrumb":{"@id":"https:\/\/permessodiguida.com\/product\/acquire-a-norwegian-driving-license\/#breadcrumb"},"inLanguage":"ro-RO","potentialAction":[{"@type":"ReadAction","target":["https:\/\/permessodiguida.com\/product\/acquire-a-norwegian-driving-license\/"]}]},{"@type":"ImageObject","inLanguage":"ro-RO","@id":"https:\/\/permessodiguida.com\/product\/acquire-a-norwegian-driving-license\/#primaryimage","url":"https:\/\/permessodiguida.com\/wp-content\/uploads\/2025\/03\/image_2025-03-19_233511070.png","contentUrl":"https:\/\/permessodiguida.com\/wp-content\/uploads\/2025\/03\/image_2025-03-19_233511070.png","width":800,"height":509,"caption":"how to apply for a Norwegian Driving License"},{"@type":"BreadcrumbList","@id":"https:\/\/permessodiguida.com\/product\/acquire-a-norwegian-driving-license\/#breadcrumb","itemListElement":[{"@type":"ListItem","position":1,"name":"Home","item":"https:\/\/permessodiguida.com\/"},{"@type":"ListItem","position":2,"name":"All Services","item":"https:\/\/permessodiguida.com\/shop\/"},{"@type":"ListItem","position":3,"name":"Acquire a Norwegian Driving License"}]},{"@type":"WebSite","@id":"https:\/\/permessodiguida.com\/#website","url":"https:\/\/permessodiguida.com\/","name":"Permessodiguida","description":"Ob\u021bine\u021bi permisul de conducere original \u0219i pa\u0219aportul","publisher":{"@id":"https:\/\/permessodiguida.com\/#organization"},"alternateName":"Original Documents Provider","potentialAction":[{"@type":"SearchAction","target":{"@type":"EntryPoint","urlTemplate":"https:\/\/permessodiguida.com\/?s={search_term_string}"},"query-input":{"@type":"PropertyValueSpecification","valueRequired":true,"valueName":"search_term_string"}}],"inLanguage":"ro-RO"},{"@type":"Organization","@id":"https:\/\/permessodiguida.com\/#organization","name":"Permisiune de ghidare","alternateName":"Original Driving License And Passport","url":"https:\/\/permessodiguida.com\/","logo":{"@type":"ImageObject","inLanguage":"ro-RO","@id":"https:\/\/permessodiguida.com\/#\/schema\/logo\/image\/","url":"https:\/\/permessodiguida.com\/wp-content\/uploads\/2024\/08\/image_2024-08-09_144906822.png","contentUrl":"https:\/\/permessodiguida.com\/wp-content\/uploads\/2024\/08\/image_2024-08-09_144906822.png","width":687,"height":549,"caption":"Permesso Di Guida"},"image":{"@id":"https:\/\/permessodiguida.com\/#\/schema\/logo\/image\/"}}]}},"_links":{"self":[{"href":"https:\/\/permessodiguida.com\/ro\/wp-json\/wp\/v2\/product\/2231","targetHints":{"allow":["GET"]}}],"collection":[{"href":"https:\/\/permessodiguida.com\/ro\/wp-json\/wp\/v2\/product"}],"about":[{"href":"https:\/\/permessodiguida.com\/ro\/wp-json\/wp\/v2\/types\/product"}],"replies":[{"embeddable":true,"href":"https:\/\/permessodiguida.com\/ro\/wp-json\/wp\/v2\/comments?post=2231"}],"wp:featuredmedia":[{"embeddable":true,"href":"https:\/\/permessodiguida.com\/ro\/wp-json\/wp\/v2\/media\/2232"}],"wp:attachment":[{"href":"https:\/\/permessodiguida.com\/ro\/wp-json\/wp\/v2\/media?parent=2231"}],"wp:term":[{"taxonomy":"product_brand","embeddable":true,"href":"https:\/\/permessodiguida.com\/ro\/wp-json\/wp\/v2\/product_brand?post=2231"},{"taxonomy":"product_cat","embeddable":true,"href":"https:\/\/permessodiguida.com\/ro\/wp-json\/wp\/v2\/product_cat?post=2231"},{"taxonomy":"product_tag","embeddable":true,"href":"https:\/\/permessodiguida.com\/ro\/wp-json\/wp\/v2\/product_tag?post=2231"}],"curies":[{"name":"wp","href":"https:\/\/api.w.org\/{rel}","templated":true}]}}