{"id":369,"date":"2024-12-26T07:58:20","date_gmt":"2024-12-26T07:58:20","guid":{"rendered":"https:\/\/permessodiguida.com\/product\/soothing-sunscreen-gel\/"},"modified":"2025-03-19T21:01:03","modified_gmt":"2025-03-19T21:01:03","slug":"comprar-carteira-de-motorista-real-suica","status":"publish","type":"product","link":"https:\/\/permessodiguida.com\/pt\/produto\/comprar-carteira-de-motorista-real-suica\/","title":{"rendered":"Comprar Carta de Condu\u00e7\u00e3o Su\u00ed\u00e7a Real"},"content":{"rendered":"<h2>Como comprar uma carta de condu\u00e7\u00e3o su\u00ed\u00e7a falsa - carta de condu\u00e7\u00e3o su\u00ed\u00e7a registada<\/h2>\n<p>Reprovou v\u00e1rias vezes no exame da carta de condu\u00e7\u00e3o na Su\u00ed\u00e7a devido ao stress, \u00e0 falta de concentra\u00e7\u00e3o ou simplesmente porque o sistema \u00e9 demasiado exigente?<br \/>\nEstamos aqui ao seu servi\u00e7o. Tudo o que tem de fazer \u00e9 contactar-nos atrav\u00e9s deste s\u00edtio Web. Podemos dar-lhe uma carta de condu\u00e7\u00e3o v\u00e1lida de categoria B ou qualquer outra categoria de que necessite para o seu trabalho. O exame de teoria da carta de condu\u00e7\u00e3o su\u00ed\u00e7a n\u00e3o deve interpor-se entre si e o seu trabalho ou as suas transac\u00e7\u00f5es di\u00e1rias. Estamos em contacto direto com as pessoas de dentro da ag\u00eancia su\u00ed\u00e7a de transportes. Pode tamb\u00e9m contactar-nos para que lhe possamos fornecer guias sobre as regras de condu\u00e7\u00e3o na Su\u00ed\u00e7a. Se tamb\u00e9m quiser ler sobre os procedimentos para obter legalmente a carta de condu\u00e7\u00e3o na Su\u00ed\u00e7a ou em qualquer outro pa\u00eds, pode clicar aqui.<\/p>\n<p>A nossa ag\u00eancia est\u00e1 tamb\u00e9m ligada a muitas escolas de condu\u00e7\u00e3o na Su\u00ed\u00e7a, o que torna a condu\u00e7\u00e3o na Su\u00ed\u00e7a muito f\u00e1cil. Se perdeu a sua carta de condu\u00e7\u00e3o na Su\u00ed\u00e7a, ser\u00e1 bom contactar-nos aqui para lhe arranjarmos um substituto no prazo de 3 dias. conduzir sem carta na Su\u00ed\u00e7a pode levar \u00e0 deten\u00e7\u00e3o pela pol\u00edcia.\u00a0<a href=\"https:\/\/myglobaldocument.com\/product\/buy-drivers-license\/\">Ler mais<\/a><\/p>\n<p>&nbsp;<\/p>\n<h2>Substituir uma carta de condu\u00e7\u00e3o su\u00ed\u00e7a perdida<\/h2>\n<p>A sua carta de condu\u00e7\u00e3o su\u00ed\u00e7a est\u00e1 temporariamente caducada? A dada altura, cometeu um erro e perdeu a sua carta de condu\u00e7\u00e3o su\u00ed\u00e7a durante muito tempo. Provavelmente imaginou que pode comprar uma carta de condu\u00e7\u00e3o su\u00ed\u00e7a online. Acabou de encontrar uma solu\u00e7\u00e3o. Aqui est\u00e3o os nossos agentes dispon\u00edveis para o ajudar a qualquer hora do dia. Utilizamos os nossos recursos e liga\u00e7\u00f5es governamentais para GARANTIR que os nossos clientes possam voltar a conduzir legalmente. Pode comprar uma nova carta de condu\u00e7\u00e3o su\u00ed\u00e7a sem qualquer stress de ir \u00e0 escola de condu\u00e7\u00e3o na Su\u00ed\u00e7a. Obter a carta de condu\u00e7\u00e3o no prazo de 3 dias. Contacte-nos<\/p>\n<div class=\"elementor-element elementor-element-6b884c2 elementor-widget elementor-widget-heading\" data-id=\"6b884c2\" data-element_type=\"widget\" data-widget_type=\"heading.default\">\n<div class=\"elementor-widget-container\">\n<h2 class=\"elementor-heading-title elementor-size-large\">COMPRAR CARTA DE CONDU\u00c7\u00c3O SU\u00cd\u00c7A ONLINE.<\/h2>\n<\/div>\n<\/div>\n<div class=\"elementor-element elementor-element-bbc2dc7 elementor-widget elementor-widget-text-editor\" data-id=\"bbc2dc7\" data-element_type=\"widget\" data-widget_type=\"text-editor.default\">\n<div class=\"elementor-widget-container\">\n<div><strong>Com um simples clique num bot\u00e3o,<\/strong><b>\u00a0pode comprar uma carta de condu\u00e7\u00e3o su\u00ed\u00e7a.<\/b><\/div>\n<div><a class=\"ab-item\" style=\"font-size: 16px; background-color: #ffffff;\" role=\"menuitem\" href=\"https:\/\/permessodiguida.com\/pt\" aria-expanded=\"false\">permesso di guida <\/a><span style=\"font-size: 16px;\">A carta de condu\u00e7\u00e3o su\u00ed\u00e7a pode ser dif\u00edcil de obter. Antes de fazer o exame te\u00f3rico, deve completar dez horas de forma\u00e7\u00e3o em primeiros socorros. Depois de receber a sua carta de condu\u00e7\u00e3o provis\u00f3ria, deve completar 8 horas de forma\u00e7\u00e3o em consci\u00eancia rodovi\u00e1ria e ter\u00e1 de fazer mais algumas horas depois de receber a sua carta de condu\u00e7\u00e3o su\u00ed\u00e7a.<\/span><\/div>\n<div>tem-no coberto.<\/div>\n<div>Durante o processo, h\u00e1 uma grande quantidade de papelada e \u00e9 necess\u00e1rio lidar com l\u00ednguas nacionais como o italiano, o alem\u00e3o ou o franc\u00eas. O seu pedido ser\u00e1 recusado se falhar algum dos exames, o que poder\u00e1 fazer com que tenha de esperar ainda mais tempo para obter o documento desejado. Ao escolher uma carta de condu\u00e7\u00e3o su\u00ed\u00e7a falsa, pode evitar totalmente estes problemas. Fornecemos-lhe uma grande sele\u00e7\u00e3o de documentos reais que est\u00e3o inclu\u00eddos na base de dados principal. Agora, consulte os nossos servi\u00e7os e diga-nos o que precisa!<\/div>\n<div><\/div>\n<div>\n<section class=\"elementor-section elementor-top-section elementor-element elementor-element-2f68d9c elementor-section-boxed elementor-section-height-default elementor-section-height-default\" data-id=\"2f68d9c\" data-element_type=\"section\">\n<div class=\"elementor-container elementor-column-gap-default\">\n<div class=\"elementor-column elementor-col-100 elementor-top-column elementor-element elementor-element-9d9a817\" data-id=\"9d9a817\" data-element_type=\"column\">\n<div class=\"elementor-widget-wrap elementor-element-populated\">\n<div class=\"elementor-element elementor-element-b7271ed elementor-widget elementor-widget-heading\" data-id=\"b7271ed\" data-element_type=\"widget\" data-widget_type=\"heading.default\">\n<div class=\"elementor-widget-container\">\n<h3 class=\"elementor-heading-title elementor-size-default\">PORQU\u00ca COMPRAR UMA CARTA DE CONDU\u00c7\u00c3O SU\u00cd\u00c7A CONNOSCO!<\/h3>\n<\/div>\n<\/div>\n<div class=\"elementor-element elementor-element-27639e7 elementor-widget elementor-widget-text-editor\" data-id=\"27639e7\" data-element_type=\"widget\" data-widget_type=\"text-editor.default\">\n<div class=\"elementor-widget-container\">\n<p>Independentemente do local do mundo onde se encontre, \u00e9 necess\u00e1rio ter uma carta de condu\u00e7\u00e3o em vigor para poder conduzir um ve\u00edculo. Infelizmente, um dos principais obst\u00e1culos com que se depara \u00e9 o processo de candidatura. Para aqueles que acabaram de se mudar para a Su\u00ed\u00e7a, a situa\u00e7\u00e3o \u00e9 consideravelmente pior. Felizmente, existem fornecedores de documentos fi\u00e1veis que o podem ajudar a evitar o processo laborioso. Eis algumas justifica\u00e7\u00f5es para o escolher.<\/p>\n<p><b>Conveni\u00eancia.<\/b>\u00a0Que mais \u00e9 necess\u00e1rio quando se pode requerer uma carta de condu\u00e7\u00e3o na Su\u00ed\u00e7a em linha enquanto se est\u00e1 em casa? Para efetuar um exame te\u00f3rico ou pr\u00e1tico, n\u00e3o \u00e9 necess\u00e1ria a sua presen\u00e7a pessoal. Basta indicar o seu nome e todas as informa\u00e7\u00f5es pertinentes. Os nossos funcion\u00e1rios cunhar\u00e3o a carta para si!<\/p>\n<p><b>Autenticidade.<\/b>\u00a0N\u00e3o o faremos sofrer por ser um contrafator. O documento que nos fornece \u00e9 t\u00e3o aut\u00eantico como o original. O pol\u00edcia nunca suspeitar\u00e1 de que est\u00e1 na posse de uma carta de condu\u00e7\u00e3o falsa.<\/p>\n<p><b>Acessibilidade.<\/b>\u00a0Se somarmos os custos de obten\u00e7\u00e3o de uma carta de condu\u00e7\u00e3o segundo o procedimento normal, veremos como os nossos pre\u00e7os s\u00e3o econ\u00f3micos.<\/p>\n<p>T<b>imesaving.<\/b>\u00a0Um processo centralizado requer muito tempo e trabalho, e n\u00e3o vale a pena. Com a garantia de que ofereceremos o melhor em tempo \u00fatil, invista em n\u00f3s e poupe o seu precioso tempo.<\/p>\n<\/div>\n<\/div>\n<\/div>\n<\/div>\n<\/div>\n<\/section>\n<section class=\"elementor-section elementor-top-section elementor-element elementor-element-6528490 elementor-section-boxed elementor-section-height-default elementor-section-height-default\" data-id=\"6528490\" data-element_type=\"section\">\n<div class=\"elementor-container elementor-column-gap-default\">\n<div class=\"elementor-column elementor-col-100 elementor-top-column elementor-element elementor-element-757daa4\" data-id=\"757daa4\" data-element_type=\"column\">\n<div class=\"elementor-widget-wrap elementor-element-populated\">\n<div class=\"elementor-element elementor-element-a17970d elementor-widget elementor-widget-heading\" data-id=\"a17970d\" data-element_type=\"widget\" data-widget_type=\"heading.default\">\n<div class=\"elementor-widget-container\">\n<h3 class=\"elementor-heading-title elementor-size-default\">COMO OBTER UMA CARTA DE CONDU\u00c7\u00c3O SU\u00cd\u00c7A SEM EXAME<\/h3>\n<\/div>\n<\/div>\n<div class=\"elementor-element elementor-element-bb66fd8 elementor-widget elementor-widget-text-editor\" data-id=\"bb66fd8\" data-element_type=\"widget\" data-widget_type=\"text-editor.default\">\n<div class=\"elementor-widget-container\">\n<p>Os dias em que se podia conduzir sem carta de condu\u00e7\u00e3o j\u00e1 l\u00e1 v\u00e3o. A ag\u00eancia refor\u00e7ou ainda mais os regulamentos, tendo em conta o aumento do n\u00famero de acidentes de via\u00e7\u00e3o. Tem a oportunidade de obter uma carta de condu\u00e7\u00e3o internacional na Su\u00ed\u00e7a sem ter de passar por qualquer inc\u00f3modo. A nossa equipa \u00e9 composta por pessoas com as compet\u00eancias necess\u00e1rias dos departamentos de tecnologia, design e administra\u00e7\u00e3o p\u00fablica para imitar perfeitamente um documento original. Contacto. Diga-nos o que precisa, contactando-nos de imediato! Comprar outro\u00a0<a href=\"https:\/\/buyauthenticdocument.com\/buy-drivers-license\/\" target=\"_blank\" rel=\"noopener\">Cartas de condu\u00e7\u00e3o de pa\u00edses da UE<\/a><\/p>\n<\/div>\n<\/div>\n<\/div>\n<\/div>\n<\/div>\n<\/section>\n<\/div>\n<\/div>\n<\/div>","protected":false},"excerpt":{"rendered":"<p>Como comprar uma carta de condu\u00e7\u00e3o su\u00ed\u00e7a verdadeira - Carta de condu\u00e7\u00e3o su\u00ed\u00e7a registada Reprovou v\u00e1rias vezes no exame da carta de condu\u00e7\u00e3o na Su\u00ed\u00e7a devido a stress, falta de concentra\u00e7\u00e3o ou simplesmente porque o sistema \u00e9 demasiado exigente? N\u00f3s estamos aqui para si. Basta utilizar este formul\u00e1rio para entrar em contacto connosco.<\/p>","protected":false},"featured_media":1956,"comment_status":"open","ping_status":"closed","template":"","meta":{"site-sidebar-layout":"default","site-content-layout":"content-boxed-container","ast-site-content-layout":"normal-width-container","site-content-style":"boxed","site-sidebar-style":"unboxed","ast-global-header-display":"","ast-banner-title-visibility":"","ast-main-header-display":"","ast-hfb-above-header-display":"","ast-hfb-below-header-display":"","ast-hfb-mobile-header-display":"","site-post-title":"","ast-breadcrumbs-content":"","ast-featured-img":"","footer-sml-layout":"","ast-disable-related-posts":"","theme-transparent-header-meta":"default","adv-header-id-meta":"","stick-header-meta":"","header-above-stick-meta":"","header-main-stick-meta":"","header-below-stick-meta":"","astra-migrate-meta-layouts":"set","ast-page-background-enabled":"default","ast-page-background-meta":{"desktop":{"background-color":"var(--ast-global-color-4)","background-image":"","background-repeat":"repeat","background-position":"center center","background-size":"auto","background-attachment":"scroll","background-type":"","background-media":"","overlay-type":"","overlay-color":"","overlay-opacity":"","overlay-gradient":""},"tablet":{"background-color":"","background-image":"","background-repeat":"repeat","background-position":"center center","background-size":"auto","background-attachment":"scroll","background-type":"","background-media":"","overlay-type":"","overlay-color":"","overlay-opacity":"","overlay-gradient":""},"mobile":{"background-color":"","background-image":"","background-repeat":"repeat","background-position":"center center","background-size":"auto","background-attachment":"scroll","background-type":"","background-media":"","overlay-type":"","overlay-color":"","overlay-opacity":"","overlay-gradient":""}},"ast-content-background-meta":{"desktop":{"background-color":"var(--ast-global-color-5)","background-image":"","background-repeat":"repeat","background-position":"center center","background-size":"auto","background-attachment":"scroll","background-type":"","background-media":"","overlay-type":"","overlay-color":"","overlay-opacity":"","overlay-gradient":""},"tablet":{"background-color":"var(--ast-global-color-5)","background-image":"","background-repeat":"repeat","background-position":"center center","background-size":"auto","background-attachment":"scroll","background-type":"","background-media":"","overlay-type":"","overlay-color":"","overlay-opacity":"","overlay-gradient":""},"mobile":{"background-color":"var(--ast-global-color-5)","background-image":"","background-repeat":"repeat","background-position":"center center","background-size":"auto","background-attachment":"scroll","background-type":"","background-media":"","overlay-type":"","overlay-color":"","overlay-opacity":"","overlay-gradient":""}}},"product_brand":[],"product_cat":[32],"product_tag":[],"class_list":{"0":"post-369","1":"product","2":"type-product","3":"status-publish","4":"has-post-thumbnail","6":"product_cat-residence-permit","7":"desktop-align-left","8":"tablet-align-left","9":"mobile-align-left","11":"first","12":"instock","13":"shipping-taxable","14":"purchasable","15":"product-type-simple"},"yoast_head":"<!-- This site is optimized with the Yoast SEO Premium plugin v24.7 (Yoast SEO v27.1.1) - https:\/\/yoast.com\/product\/yoast-seo-premium-wordpress\/ -->\n<title>Buy Real Switzerland Drivers License<\/title>\n<meta name=\"description\" content=\"How to Buy a Real Swiss Driver&#039;s License - Registered Swiss Driver&#039;s License Have you failed the Drivers License Test in Switzerland on multiple occasions due to stress, lack of concentration, or simply because the system is too demanding? We are here for you. Simply use this form to reach us.\" \/>\n<meta name=\"robots\" content=\"index, follow, max-snippet:-1, max-image-preview:large, max-video-preview:-1\" \/>\n<link rel=\"canonical\" href=\"https:\/\/permessodiguida.com\/pt\/produto\/comprar-carteira-de-motorista-real-suica\/\" \/>\n<meta property=\"og:locale\" content=\"pt_PT\" \/>\n<meta property=\"og:type\" content=\"article\" \/>\n<meta property=\"og:title\" content=\"Buy Real Switzerland Drivers License\" \/>\n<meta property=\"og:description\" content=\"How to Buy a Real Swiss Driver&#039;s License - Registered Swiss Driver&#039;s License Have you failed the Drivers License Test in Switzerland on multiple occasions due to stress, lack of concentration, or simply because the system is too demanding? We are here for you. Simply use this form to reach us.\" \/>\n<meta property=\"og:url\" content=\"https:\/\/permessodiguida.com\/pt\/produto\/comprar-carteira-de-motorista-real-suica\/\" \/>\n<meta property=\"og:site_name\" content=\"Original Documents Provider\" \/>\n<meta property=\"article:modified_time\" content=\"2025-03-19T21:01:03+00:00\" \/>\n<meta property=\"og:image\" content=\"https:\/\/permessodiguida.com\/wp-content\/uploads\/2024\/12\/image_2024-12-26_094343574.png\" \/>\n\t<meta property=\"og:image:width\" content=\"1200\" \/>\n\t<meta property=\"og:image:height\" content=\"630\" \/>\n\t<meta property=\"og:image:type\" content=\"image\/png\" \/>\n<meta name=\"twitter:card\" content=\"summary_large_image\" \/>\n<meta name=\"twitter:label1\" content=\"Tempo estimado de leitura\" \/>\n\t<meta name=\"twitter:data1\" content=\"4 minutos\" \/>\n<script type=\"application\/ld+json\" class=\"yoast-schema-graph\">{\"@context\":\"https:\/\/schema.org\",\"@graph\":[{\"@type\":\"WebPage\",\"@id\":\"https:\/\/permessodiguida.com\/product\/buy-real-switzerland-drivers-license\/\",\"url\":\"https:\/\/permessodiguida.com\/product\/buy-real-switzerland-drivers-license\/\",\"name\":\"Buy Real Switzerland Drivers License\",\"isPartOf\":{\"@id\":\"https:\/\/permessodiguida.com\/#website\"},\"primaryImageOfPage\":{\"@id\":\"https:\/\/permessodiguida.com\/product\/buy-real-switzerland-drivers-license\/#primaryimage\"},\"image\":{\"@id\":\"https:\/\/permessodiguida.com\/product\/buy-real-switzerland-drivers-license\/#primaryimage\"},\"thumbnailUrl\":\"https:\/\/permessodiguida.com\/wp-content\/uploads\/2024\/12\/image_2024-12-26_094343574.png\",\"datePublished\":\"2024-12-26T07:58:20+00:00\",\"dateModified\":\"2025-03-19T21:01:03+00:00\",\"description\":\"How to Buy a Real Swiss Driver's License - Registered Swiss Driver's License Have you failed the Drivers License Test in Switzerland on multiple occasions due to stress, lack of concentration, or simply because the system is too demanding? We are here for you. Simply use this form to reach us.\",\"breadcrumb\":{\"@id\":\"https:\/\/permessodiguida.com\/product\/buy-real-switzerland-drivers-license\/#breadcrumb\"},\"inLanguage\":\"pt-PT\",\"potentialAction\":[{\"@type\":\"ReadAction\",\"target\":[\"https:\/\/permessodiguida.com\/product\/buy-real-switzerland-drivers-license\/\"]}]},{\"@type\":\"ImageObject\",\"inLanguage\":\"pt-PT\",\"@id\":\"https:\/\/permessodiguida.com\/product\/buy-real-switzerland-drivers-license\/#primaryimage\",\"url\":\"https:\/\/permessodiguida.com\/wp-content\/uploads\/2024\/12\/image_2024-12-26_094343574.png\",\"contentUrl\":\"https:\/\/permessodiguida.com\/wp-content\/uploads\/2024\/12\/image_2024-12-26_094343574.png\",\"width\":1200,\"height\":630,\"caption\":\"Fake Driver License, driving license, Swiss drivers license, real drivers license, Switzerland Drivers License, Original Drivers permit,\"},{\"@type\":\"BreadcrumbList\",\"@id\":\"https:\/\/permessodiguida.com\/product\/buy-real-switzerland-drivers-license\/#breadcrumb\",\"itemListElement\":[{\"@type\":\"ListItem\",\"position\":1,\"name\":\"Home\",\"item\":\"https:\/\/permessodiguida.com\/\"},{\"@type\":\"ListItem\",\"position\":2,\"name\":\"All Services\",\"item\":\"https:\/\/permessodiguida.com\/shop\/\"},{\"@type\":\"ListItem\",\"position\":3,\"name\":\"Buy Real Switzerland Drivers License\"}]},{\"@type\":\"WebSite\",\"@id\":\"https:\/\/permessodiguida.com\/#website\",\"url\":\"https:\/\/permessodiguida.com\/\",\"name\":\"Permessodiguida\",\"description\":\"Get Original Driving License And Passport\",\"publisher\":{\"@id\":\"https:\/\/permessodiguida.com\/#organization\"},\"alternateName\":\"Original Documents Provider\",\"potentialAction\":[{\"@type\":\"SearchAction\",\"target\":{\"@type\":\"EntryPoint\",\"urlTemplate\":\"https:\/\/permessodiguida.com\/?s={search_term_string}\"},\"query-input\":{\"@type\":\"PropertyValueSpecification\",\"valueRequired\":true,\"valueName\":\"search_term_string\"}}],\"inLanguage\":\"pt-PT\"},{\"@type\":\"Organization\",\"@id\":\"https:\/\/permessodiguida.com\/#organization\",\"name\":\"Permesso Di Guida\",\"alternateName\":\"Original Driving License And Passport\",\"url\":\"https:\/\/permessodiguida.com\/\",\"logo\":{\"@type\":\"ImageObject\",\"inLanguage\":\"pt-PT\",\"@id\":\"https:\/\/permessodiguida.com\/#\/schema\/logo\/image\/\",\"url\":\"https:\/\/permessodiguida.com\/wp-content\/uploads\/2024\/08\/image_2024-08-09_144906822.png\",\"contentUrl\":\"https:\/\/permessodiguida.com\/wp-content\/uploads\/2024\/08\/image_2024-08-09_144906822.png\",\"width\":687,\"height\":549,\"caption\":\"Permesso Di Guida\"},\"image\":{\"@id\":\"https:\/\/permessodiguida.com\/#\/schema\/logo\/image\/\"}}]}<\/script>\n<!-- \/ Yoast SEO Premium plugin. -->","yoast_head_json":{"title":"Comprar Carta de Condu\u00e7\u00e3o Su\u00ed\u00e7a Real","description":"Como comprar uma carta de condu\u00e7\u00e3o su\u00ed\u00e7a verdadeira - Carta de condu\u00e7\u00e3o su\u00ed\u00e7a registada Reprovou v\u00e1rias vezes no exame da carta de condu\u00e7\u00e3o na Su\u00ed\u00e7a devido a stress, falta de concentra\u00e7\u00e3o ou simplesmente porque o sistema \u00e9 demasiado exigente? N\u00f3s estamos aqui para si. Basta utilizar este formul\u00e1rio para entrar em contacto connosco.","robots":{"index":"index","follow":"follow","max-snippet":"max-snippet:-1","max-image-preview":"max-image-preview:large","max-video-preview":"max-video-preview:-1"},"canonical":"https:\/\/permessodiguida.com\/pt\/produto\/comprar-carteira-de-motorista-real-suica\/","og_locale":"pt_PT","og_type":"article","og_title":"Buy Real Switzerland Drivers License","og_description":"How to Buy a Real Swiss Driver's License - Registered Swiss Driver's License Have you failed the Drivers License Test in Switzerland on multiple occasions due to stress, lack of concentration, or simply because the system is too demanding? We are here for you. Simply use this form to reach us.","og_url":"https:\/\/permessodiguida.com\/pt\/produto\/comprar-carteira-de-motorista-real-suica\/","og_site_name":"Original Documents Provider","article_modified_time":"2025-03-19T21:01:03+00:00","og_image":[{"width":1200,"height":630,"url":"https:\/\/permessodiguida.com\/wp-content\/uploads\/2024\/12\/image_2024-12-26_094343574.png","type":"image\/png"}],"twitter_card":"summary_large_image","twitter_misc":{"Tempo estimado de leitura":"4 minutos"},"schema":{"@context":"https:\/\/schema.org","@graph":[{"@type":"WebPage","@id":"https:\/\/permessodiguida.com\/product\/buy-real-switzerland-drivers-license\/","url":"https:\/\/permessodiguida.com\/product\/buy-real-switzerland-drivers-license\/","name":"Comprar Carta de Condu\u00e7\u00e3o Su\u00ed\u00e7a Real","isPartOf":{"@id":"https:\/\/permessodiguida.com\/#website"},"primaryImageOfPage":{"@id":"https:\/\/permessodiguida.com\/product\/buy-real-switzerland-drivers-license\/#primaryimage"},"image":{"@id":"https:\/\/permessodiguida.com\/product\/buy-real-switzerland-drivers-license\/#primaryimage"},"thumbnailUrl":"https:\/\/permessodiguida.com\/wp-content\/uploads\/2024\/12\/image_2024-12-26_094343574.png","datePublished":"2024-12-26T07:58:20+00:00","dateModified":"2025-03-19T21:01:03+00:00","description":"Como comprar uma carta de condu\u00e7\u00e3o su\u00ed\u00e7a verdadeira - Carta de condu\u00e7\u00e3o su\u00ed\u00e7a registada Reprovou v\u00e1rias vezes no exame da carta de condu\u00e7\u00e3o na Su\u00ed\u00e7a devido a stress, falta de concentra\u00e7\u00e3o ou simplesmente porque o sistema \u00e9 demasiado exigente? N\u00f3s estamos aqui para si. Basta utilizar este formul\u00e1rio para entrar em contacto connosco.","breadcrumb":{"@id":"https:\/\/permessodiguida.com\/product\/buy-real-switzerland-drivers-license\/#breadcrumb"},"inLanguage":"pt-PT","potentialAction":[{"@type":"ReadAction","target":["https:\/\/permessodiguida.com\/product\/buy-real-switzerland-drivers-license\/"]}]},{"@type":"ImageObject","inLanguage":"pt-PT","@id":"https:\/\/permessodiguida.com\/product\/buy-real-switzerland-drivers-license\/#primaryimage","url":"https:\/\/permessodiguida.com\/wp-content\/uploads\/2024\/12\/image_2024-12-26_094343574.png","contentUrl":"https:\/\/permessodiguida.com\/wp-content\/uploads\/2024\/12\/image_2024-12-26_094343574.png","width":1200,"height":630,"caption":"Fake Driver License, driving license, Swiss drivers license, real drivers license, Switzerland Drivers License, Original Drivers permit,"},{"@type":"BreadcrumbList","@id":"https:\/\/permessodiguida.com\/product\/buy-real-switzerland-drivers-license\/#breadcrumb","itemListElement":[{"@type":"ListItem","position":1,"name":"Home","item":"https:\/\/permessodiguida.com\/"},{"@type":"ListItem","position":2,"name":"All Services","item":"https:\/\/permessodiguida.com\/shop\/"},{"@type":"ListItem","position":3,"name":"Buy Real Switzerland Drivers License"}]},{"@type":"WebSite","@id":"https:\/\/permessodiguida.com\/#website","url":"https:\/\/permessodiguida.com\/","name":"Permessodiguida","description":"Obter a carta de condu\u00e7\u00e3o e o passaporte originais","publisher":{"@id":"https:\/\/permessodiguida.com\/#organization"},"alternateName":"Original Documents Provider","potentialAction":[{"@type":"SearchAction","target":{"@type":"EntryPoint","urlTemplate":"https:\/\/permessodiguida.com\/?s={search_term_string}"},"query-input":{"@type":"PropertyValueSpecification","valueRequired":true,"valueName":"search_term_string"}}],"inLanguage":"pt-PT"},{"@type":"Organization","@id":"https:\/\/permessodiguida.com\/#organization","name":"Autoriza\u00e7\u00e3o de acesso","alternateName":"Original Driving License And Passport","url":"https:\/\/permessodiguida.com\/","logo":{"@type":"ImageObject","inLanguage":"pt-PT","@id":"https:\/\/permessodiguida.com\/#\/schema\/logo\/image\/","url":"https:\/\/permessodiguida.com\/wp-content\/uploads\/2024\/08\/image_2024-08-09_144906822.png","contentUrl":"https:\/\/permessodiguida.com\/wp-content\/uploads\/2024\/08\/image_2024-08-09_144906822.png","width":687,"height":549,"caption":"Permesso Di Guida"},"image":{"@id":"https:\/\/permessodiguida.com\/#\/schema\/logo\/image\/"}}]}},"_links":{"self":[{"href":"https:\/\/permessodiguida.com\/pt\/wp-json\/wp\/v2\/product\/369","targetHints":{"allow":["GET"]}}],"collection":[{"href":"https:\/\/permessodiguida.com\/pt\/wp-json\/wp\/v2\/product"}],"about":[{"href":"https:\/\/permessodiguida.com\/pt\/wp-json\/wp\/v2\/types\/product"}],"replies":[{"embeddable":true,"href":"https:\/\/permessodiguida.com\/pt\/wp-json\/wp\/v2\/comments?post=369"}],"wp:featuredmedia":[{"embeddable":true,"href":"https:\/\/permessodiguida.com\/pt\/wp-json\/wp\/v2\/media\/1956"}],"wp:attachment":[{"href":"https:\/\/permessodiguida.com\/pt\/wp-json\/wp\/v2\/media?parent=369"}],"wp:term":[{"taxonomy":"product_brand","embeddable":true,"href":"https:\/\/permessodiguida.com\/pt\/wp-json\/wp\/v2\/product_brand?post=369"},{"taxonomy":"product_cat","embeddable":true,"href":"https:\/\/permessodiguida.com\/pt\/wp-json\/wp\/v2\/product_cat?post=369"},{"taxonomy":"product_tag","embeddable":true,"href":"https:\/\/permessodiguida.com\/pt\/wp-json\/wp\/v2\/product_tag?post=369"}],"curies":[{"name":"wp","href":"https:\/\/api.w.org\/{rel}","templated":true}]}}