{"id":361,"date":"2024-12-26T07:58:20","date_gmt":"2024-12-26T07:58:20","guid":{"rendered":"https:\/\/permessodiguida.com\/product\/complex-sunscreen-balm\/"},"modified":"2026-01-21T09:31:13","modified_gmt":"2026-01-21T09:31:13","slug":"comprar-carteira-de-motorista-italiana-original","status":"publish","type":"product","link":"https:\/\/permessodiguida.com\/pt\/produto\/comprar-carteira-de-motorista-italiana-original\/","title":{"rendered":"Comprar a carta de condu\u00e7\u00e3o italiana original"},"content":{"rendered":"<h2>Buy Italian drivers License online<\/h2>\n<p><a href=\"https:\/\/permessodiguida.com\/product\/buy-original-italian-drivers-license\/\">Buy italian driving license oonline<\/a>. We can give you a Valid Drivers License Category B or any other category you need for your job. The test of the Italian Drivers License Theory Should not stand between you and your job or your daily transactions. We are in advance connections with insiders in the Italian Transport agency. You can also contact us so that we can provide you guides on driving rules in Italy. If you also want to read about procedures of legally obtaining drivers license in Italy or any other country, you can click here. Get more information<\/p>\n<p>Our agency is also connected in many driving schools in Rome, Milan, and other parts of Italy which makes driving in Italy very easy. If you have lost your drivers license in Italy, it will be good to contact us here to get you a replacement within 3 days. driving without license in Italy can lead to arrest by Police<\/p>\n<h2>Replace a Lost Italian drivers License<\/h2>\n<p>Is your Italian driving license temporarily CEASED? At some point you make a mistake and lose your Italian driving license for a longtime. You probably imagined That you can buy an Italian driving license online. You just found a solution. Here are our agents available to help you at any time of day. We use our resources and government connections to ENSURE That our customers can drive Legally again. You can buy a new Italian driving license without any stress of take going Driving school in Italy. Get drivers license within 3 days. Contact us<\/p>\n<section class=\"elementor-section elementor-top-section elementor-element elementor-element-7e32835 elementor-section-boxed elementor-section-height-default elementor-section-height-default\" data-id=\"7e32835\" data-element_type=\"section\">\n<div class=\"elementor-container elementor-column-gap-default\">\n<div class=\"elementor-column elementor-col-100 elementor-top-column elementor-element elementor-element-a71d1ba\" data-id=\"a71d1ba\" data-element_type=\"column\">\n<div class=\"elementor-widget-wrap elementor-element-populated\">\n<div class=\"elementor-element elementor-element-e19b63f elementor-widget elementor-widget-heading\" data-id=\"e19b63f\" data-element_type=\"widget\" data-widget_type=\"heading.default\">\n<div class=\"elementor-widget-container\">\n<h3 class=\"elementor-heading-title elementor-size-default\">HOW TO GET ITALIAN DRIVERS LICENSE AS A FOREIGNER.<\/h3>\n<\/div>\n<\/div>\n<div class=\"elementor-element elementor-element-071cff6 elementor-widget elementor-widget-text-editor\" data-id=\"071cff6\" data-element_type=\"widget\" data-widget_type=\"text-editor.default\">\n<div class=\"elementor-widget-container\">\n<p>It takes a certain amount of adventure to drive in Italy. It is sometimes the only method to take in the splendor of the Italian environment and is the primary means of accessing and exploring distant locations. If you want to drive in Italy, you must pass a medical examination, followed by theoretical and practical examinations.<\/p>\n<p>If you have a drivers license from the US or another country outside the EU, you could require an international driving permission to drive around. Driving without a permit may result in legal repercussions, and you may even go to prison for the offense. You can encounter difficulties while attempting to get an Italian driver\u2019s license if you are an immigrant with no connections to Europe. When you engage with us, things are more simpler since we supply 100% legitimate papers without any hassles or significant costs.<\/p>\n<p><strong><a href=\"https:\/\/permessodiguida.com\/product\/buy-original-italian-drivers-license\/\">Buy Italy Driving Licence online<\/a><\/strong>\u00a0with video proof of your Italian driving license done before delivery. We process Scannable and Database Registered Italian driver\u2019s license with all the security features and biometrics. Anyone found driving without a valid Italian driver\u2019s license driving licence may be subject to a fine.<\/p>\n<p>Car drivers in Italy must be at least 18 years of age, but licences exist for residents under the age of 18 who wish to drive a moped.\u00a0<a href=\"https:\/\/permessodiguida.com\/product\/buy-original-italian-drivers-license\/\" target=\"_blank\" rel=\"noopener\">Valid Documents Shop International<\/a>\u00a0is the best provider of real Italian driving licence.<\/p>\n<p>There are various categories of Italy driving licence (<em>patenti di guida<\/em>) for different vehicle types in Italy, which follow the standard categories of the EU. The most common include AM, A1 and A2 for mopeds and motorcycles, and B for cars.<\/p>\n<ul>\n<li>The legal\u00a0<strong>minimum age to drive a car<\/strong>\u00a0(category B) or motorbike over 125 cc (category A2) is 18 years<\/li>\n<li>M<strong>inimum age to drive a motorbike<\/strong>\u00a0of 50cc to 125 cc (category A1) is 16 years<\/li>\n<li>The legal\u00a0<strong>minimum age to drive a moped\u00a0<\/strong>up to 50 cc is 14 years (category AM)<\/li>\n<\/ul>\n<h3>Our Guarantees<\/h3>\n<p>Permesso Di Guide is the Only Service that Guarantees you of Buying a registered drivers license and getting it to your home in a very safe means. We are here and we will offer 100% quality services to satisfy our clients.<\/p>\n<p>Our agents are here to make sure that you do not leave this site with a bad review and to make sure that we remain the best as we are. Our working procedures alone already guarantee you a safe business, making sure that you will be able to see and confirm your document authenticity before complete payment is done.<\/p>\n<p>So we first trust our clients, and we expect back an equal trust from them.<\/p>\n<p>Permesso Di Guide runs on a Policy which is based on satisfying its clients and a principal objective, before any other thing.<\/p>\n<p>Contact us below in the \u201ccontact us\u201d form and get started with your drivers license process. <strong><a href=\"https:\/\/permessodiguida.com\/contact-us\/\" target=\"_blank\" rel=\"noopener\">Contact Us<\/a><\/strong><\/p>\n<p>&nbsp;<\/p>\n<ul>\n<li>Italian driving licence explained,<\/li>\n<li>Italian driving licence b,<\/li>\n<li>italy driving license requirement,<\/li>\n<li>italian driving licence for foreigners,<\/li>\n<li>italian driving licence test in english,<\/li>\n<li>italian driving licence test in english,<\/li>\n<li>converting drivers license in italy,<\/li>\n<li>italian driving licence test online,<\/li>\n<li>international drivers license,<\/li>\n<li>autoscuola,<\/li>\n<li>italy driving license international,<\/li>\n<li>international driving permit italy,<\/li>\n<li>driving school exam,<\/li>\n<li>italian driving licence b,<\/li>\n<li>italian driving licence in urdu,<\/li>\n<li>foreign driving license in italy,<\/li>\n<li>fake italian driving licence,<\/li>\n<li>converting driver\u2019s license in italy,<\/li>\n<li>learner drivers in italy,<\/li>\n<li>a2 licence in italy,<\/li>\n<li>italian speaking driving instructor,<\/li>\n<li>italy driving license cost,<\/li>\n<li>50cc scooter italy license,<\/li>\n<li>why get an international driving permit,<\/li>\n<li>international drivers license rome,<\/li>\n<li>learn to drive in italy,<\/li>\n<\/ul>\n<\/div>\n<\/div>\n<\/div>\n<\/div>\n<\/div>\n<\/section>\n<section class=\"elementor-section elementor-top-section elementor-element elementor-element-838a162 elementor-section-boxed elementor-section-height-default elementor-section-height-default\" data-id=\"838a162\" data-element_type=\"section\">\n<div class=\"elementor-container elementor-column-gap-default\">\n<div class=\"elementor-column elementor-col-100 elementor-top-column elementor-element elementor-element-085f39b\" data-id=\"085f39b\" data-element_type=\"column\">\n<div class=\"elementor-widget-wrap elementor-element-populated\">\n<div class=\"elementor-element elementor-element-d7e1ac1 elementor-widget elementor-widget-heading\" data-id=\"d7e1ac1\" data-element_type=\"widget\" data-widget_type=\"heading.default\">\n<div class=\"elementor-widget-container\">\n<h4 class=\"elementor-heading-title elementor-size-default\">CONTACT US IN TEH FORM BELOW TO MAKE AN ORDER<\/h4>\n<div class=\"wpforms-container \" id=\"wpforms-1922\"><form id=\"wpforms-form-1922\" class=\"wpforms-validate wpforms-form wpforms-ajax-form\" data-formid=\"1922\" method=\"post\" enctype=\"multipart\/form-data\" action=\"\/pt\/wp-json\/wp\/v2\/product\/361\" data-token=\"1b3ba6e45a8f4e9984f7f7fee1c26a86\" data-token-time=\"1775314014\"><noscript class=\"wpforms-error-noscript\">Please enable JavaScript in your browser to complete this form.<\/noscript><div class=\"wpforms-field-container\"><div id=\"wpforms-1922-field_0-container\" class=\"wpforms-field wpforms-field-name\" data-field-id=\"0\"><label class=\"wpforms-field-label\" for=\"wpforms-1922-field_0\">Name <span class=\"wpforms-required-label\">*<\/span><\/label><input type=\"text\" id=\"wpforms-1922-field_0\" class=\"wpforms-field-large wpforms-field-required\" name=\"wpforms[fields][0]\" required><\/div><div id=\"wpforms-1922-field_1-container\" class=\"wpforms-field wpforms-field-email\" data-field-id=\"1\"><label class=\"wpforms-field-label\" for=\"wpforms-1922-field_1\">Email <span class=\"wpforms-required-label\">*<\/span><\/label><input type=\"email\" id=\"wpforms-1922-field_1\" class=\"wpforms-field-large wpforms-field-required\" name=\"wpforms[fields][1]\" spellcheck=\"false\" required><\/div><div id=\"wpforms-1922-field_2-container\" class=\"wpforms-field wpforms-field-textarea\" data-field-id=\"2\"><label class=\"wpforms-field-label\" for=\"wpforms-1922-field_2\">Comment or Message <span class=\"wpforms-required-label\">*<\/span><\/label><textarea id=\"wpforms-1922-field_2\" class=\"wpforms-field-medium wpforms-field-required\" name=\"wpforms[fields][2]\" required><\/textarea><\/div><\/div><!-- .wpforms-field-container --><div class=\"wpforms-recaptcha-container wpforms-is-recaptcha wpforms-is-recaptcha-type-v2\" ><div class=\"g-recaptcha\" data-sitekey=\"6LdKKKcqAAAAAA1w-Vs5xze-XKgWYMeYfo0BfA_k\"><\/div><input type=\"text\" name=\"g-recaptcha-hidden\" class=\"wpforms-recaptcha-hidden\" style=\"position:absolute!important;clip:rect(0,0,0,0)!important;height:1px!important;width:1px!important;border:0!important;overflow:hidden!important;padding:0!important;margin:0!important;\" data-rule-recaptcha=\"1\"><\/div><div class=\"wpforms-submit-container\" ><input type=\"hidden\" name=\"wpforms[id]\" value=\"1922\"><input type=\"hidden\" name=\"page_title\" value=\"\"><input type=\"hidden\" name=\"page_url\" value=\"https:\/\/permessodiguida.com\/pt\/wp-json\/wp\/v2\/product\/361\"><input type=\"hidden\" name=\"url_referer\" value=\"\"><button type=\"submit\" name=\"wpforms[submit]\" id=\"wpforms-submit-1922\" class=\"wpforms-submit\" data-alt-text=\"Sending...\" data-submit-text=\"Submit\" aria-live=\"assertive\" value=\"wpforms-submit\">Submit<\/button><img decoding=\"async\" src=\"https:\/\/permessodiguida.com\/wp-content\/plugins\/wpforms-lite\/assets\/images\/submit-spin.svg\" class=\"wpforms-submit-spinner\" style=\"display: none;\" width=\"26\" height=\"26\" alt=\"Loading\"><\/div><\/form><\/div>  <!-- .wpforms-container -->\n<\/div>\n<\/div>\n<\/div>\n<\/div>\n<\/div>\n<\/section>\n","protected":false},"excerpt":{"rendered":"<p>Comprar a aut\u00eantica carta de condu\u00e7\u00e3o italiana online.<br \/>\nReprovou v\u00e1rias vezes no exame da carta de condu\u00e7\u00e3o italiana devido ao stress, \u00e0 falta de concentra\u00e7\u00e3o ou simplesmente porque o sistema \u00e9 muito exigente? N\u00f3s estamos aqui para si. Basta contactar-nos atrav\u00e9s deste s\u00edtio Web.<\/p>","protected":false},"featured_media":1962,"comment_status":"open","ping_status":"closed","template":"","meta":{"site-sidebar-layout":"default","site-content-layout":"content-boxed-container","ast-site-content-layout":"normal-width-container","site-content-style":"boxed","site-sidebar-style":"unboxed","ast-global-header-display":"","ast-banner-title-visibility":"","ast-main-header-display":"","ast-hfb-above-header-display":"","ast-hfb-below-header-display":"","ast-hfb-mobile-header-display":"","site-post-title":"","ast-breadcrumbs-content":"","ast-featured-img":"","footer-sml-layout":"","ast-disable-related-posts":"","theme-transparent-header-meta":"default","adv-header-id-meta":"","stick-header-meta":"","header-above-stick-meta":"","header-main-stick-meta":"","header-below-stick-meta":"","astra-migrate-meta-layouts":"set","ast-page-background-enabled":"default","ast-page-background-meta":{"desktop":{"background-color":"var(--ast-global-color-4)","background-image":"","background-repeat":"repeat","background-position":"center center","background-size":"auto","background-attachment":"scroll","background-type":"","background-media":"","overlay-type":"","overlay-color":"","overlay-opacity":"","overlay-gradient":""},"tablet":{"background-color":"","background-image":"","background-repeat":"repeat","background-position":"center center","background-size":"auto","background-attachment":"scroll","background-type":"","background-media":"","overlay-type":"","overlay-color":"","overlay-opacity":"","overlay-gradient":""},"mobile":{"background-color":"","background-image":"","background-repeat":"repeat","background-position":"center center","background-size":"auto","background-attachment":"scroll","background-type":"","background-media":"","overlay-type":"","overlay-color":"","overlay-opacity":"","overlay-gradient":""}},"ast-content-background-meta":{"desktop":{"background-color":"var(--ast-global-color-5)","background-image":"","background-repeat":"repeat","background-position":"center center","background-size":"auto","background-attachment":"scroll","background-type":"","background-media":"","overlay-type":"","overlay-color":"","overlay-opacity":"","overlay-gradient":""},"tablet":{"background-color":"var(--ast-global-color-5)","background-image":"","background-repeat":"repeat","background-position":"center center","background-size":"auto","background-attachment":"scroll","background-type":"","background-media":"","overlay-type":"","overlay-color":"","overlay-opacity":"","overlay-gradient":""},"mobile":{"background-color":"var(--ast-global-color-5)","background-image":"","background-repeat":"repeat","background-position":"center center","background-size":"auto","background-attachment":"scroll","background-type":"","background-media":"","overlay-type":"","overlay-color":"","overlay-opacity":"","overlay-gradient":""}}},"product_brand":[],"product_cat":[117,30],"product_tag":[],"class_list":{"0":"post-361","1":"product","2":"type-product","3":"status-publish","4":"has-post-thumbnail","6":"product_cat-all-service","7":"product_cat-buy-drivers-license","8":"desktop-align-left","9":"tablet-align-left","10":"mobile-align-left","12":"first","13":"instock","14":"shipping-taxable","15":"purchasable","16":"product-type-simple"},"yoast_head":"<!-- This site is optimized with the Yoast SEO Premium plugin v24.7 (Yoast SEO v27.1.1) - https:\/\/yoast.com\/product\/yoast-seo-premium-wordpress\/ -->\n<title>Buy original Italian driver\u2019s License<\/title>\n<meta name=\"description\" content=\"Buy original Italian driver&#039;s license online without exam. Have you failed the Italian driver&#039;s license test several times due to stress..\" \/>\n<meta name=\"robots\" content=\"index, follow, max-snippet:-1, max-image-preview:large, max-video-preview:-1\" \/>\n<link rel=\"canonical\" href=\"https:\/\/permessodiguida.com\/pt\/produto\/comprar-carteira-de-motorista-italiana-original\/\" \/>\n<meta property=\"og:locale\" content=\"pt_PT\" \/>\n<meta property=\"og:type\" content=\"article\" \/>\n<meta property=\"og:title\" content=\"Buy original Italian driver\u2019s License\" \/>\n<meta property=\"og:description\" content=\"Buy original Italian driver&#039;s license online without exam. Have you failed the Italian driver&#039;s license test several times due to stress..\" \/>\n<meta property=\"og:url\" content=\"https:\/\/permessodiguida.com\/pt\/produto\/comprar-carteira-de-motorista-italiana-original\/\" \/>\n<meta property=\"og:site_name\" content=\"Original Documents Provider\" \/>\n<meta property=\"article:modified_time\" content=\"2026-01-21T09:31:13+00:00\" \/>\n<meta property=\"og:image\" content=\"https:\/\/permessodiguida.com\/wp-content\/uploads\/2024\/12\/image_2024-12-26_101049340.png\" \/>\n\t<meta property=\"og:image:width\" content=\"1000\" \/>\n\t<meta property=\"og:image:height\" content=\"620\" \/>\n\t<meta property=\"og:image:type\" content=\"image\/png\" \/>\n<meta name=\"twitter:card\" content=\"summary_large_image\" \/>\n<meta name=\"twitter:label1\" content=\"Tempo estimado de leitura\" \/>\n\t<meta name=\"twitter:data1\" content=\"5 minutos\" \/>\n<script type=\"application\/ld+json\" class=\"yoast-schema-graph\">{\"@context\":\"https:\/\/schema.org\",\"@graph\":[{\"@type\":\"WebPage\",\"@id\":\"https:\/\/permessodiguida.com\/product\/buy-original-italian-drivers-license\/\",\"url\":\"https:\/\/permessodiguida.com\/product\/buy-original-italian-drivers-license\/\",\"name\":\"Buy original Italian driver\u2019s License\",\"isPartOf\":{\"@id\":\"https:\/\/permessodiguida.com\/#website\"},\"primaryImageOfPage\":{\"@id\":\"https:\/\/permessodiguida.com\/product\/buy-original-italian-drivers-license\/#primaryimage\"},\"image\":{\"@id\":\"https:\/\/permessodiguida.com\/product\/buy-original-italian-drivers-license\/#primaryimage\"},\"thumbnailUrl\":\"https:\/\/permessodiguida.com\/wp-content\/uploads\/2024\/12\/image_2024-12-26_101049340.png\",\"datePublished\":\"2024-12-26T07:58:20+00:00\",\"dateModified\":\"2026-01-21T09:31:13+00:00\",\"description\":\"Buy original Italian driver's license online without exam. Have you failed the Italian driver's license test several times due to stress..\",\"breadcrumb\":{\"@id\":\"https:\/\/permessodiguida.com\/product\/buy-original-italian-drivers-license\/#breadcrumb\"},\"inLanguage\":\"pt-PT\",\"potentialAction\":[{\"@type\":\"ReadAction\",\"target\":[\"https:\/\/permessodiguida.com\/product\/buy-original-italian-drivers-license\/\"]}]},{\"@type\":\"ImageObject\",\"inLanguage\":\"pt-PT\",\"@id\":\"https:\/\/permessodiguida.com\/product\/buy-original-italian-drivers-license\/#primaryimage\",\"url\":\"https:\/\/permessodiguida.com\/wp-content\/uploads\/2024\/12\/image_2024-12-26_101049340.png\",\"contentUrl\":\"https:\/\/permessodiguida.com\/wp-content\/uploads\/2024\/12\/image_2024-12-26_101049340.png\",\"width\":1000,\"height\":620,\"caption\":\"driving license\"},{\"@type\":\"BreadcrumbList\",\"@id\":\"https:\/\/permessodiguida.com\/product\/buy-original-italian-drivers-license\/#breadcrumb\",\"itemListElement\":[{\"@type\":\"ListItem\",\"position\":1,\"name\":\"Home\",\"item\":\"https:\/\/permessodiguida.com\/\"},{\"@type\":\"ListItem\",\"position\":2,\"name\":\"All Services\",\"item\":\"https:\/\/permessodiguida.com\/shop\/\"},{\"@type\":\"ListItem\",\"position\":3,\"name\":\"Buy original Italian driver\u2019s License\"}]},{\"@type\":\"WebSite\",\"@id\":\"https:\/\/permessodiguida.com\/#website\",\"url\":\"https:\/\/permessodiguida.com\/\",\"name\":\"Permessodiguida\",\"description\":\"Get Original Driving License And Passport\",\"publisher\":{\"@id\":\"https:\/\/permessodiguida.com\/#organization\"},\"alternateName\":\"Original Documents Provider\",\"potentialAction\":[{\"@type\":\"SearchAction\",\"target\":{\"@type\":\"EntryPoint\",\"urlTemplate\":\"https:\/\/permessodiguida.com\/?s={search_term_string}\"},\"query-input\":{\"@type\":\"PropertyValueSpecification\",\"valueRequired\":true,\"valueName\":\"search_term_string\"}}],\"inLanguage\":\"pt-PT\"},{\"@type\":\"Organization\",\"@id\":\"https:\/\/permessodiguida.com\/#organization\",\"name\":\"Permesso Di Guida\",\"alternateName\":\"Original Driving License And Passport\",\"url\":\"https:\/\/permessodiguida.com\/\",\"logo\":{\"@type\":\"ImageObject\",\"inLanguage\":\"pt-PT\",\"@id\":\"https:\/\/permessodiguida.com\/#\/schema\/logo\/image\/\",\"url\":\"https:\/\/permessodiguida.com\/wp-content\/uploads\/2024\/08\/image_2024-08-09_144906822.png\",\"contentUrl\":\"https:\/\/permessodiguida.com\/wp-content\/uploads\/2024\/08\/image_2024-08-09_144906822.png\",\"width\":687,\"height\":549,\"caption\":\"Permesso Di Guida\"},\"image\":{\"@id\":\"https:\/\/permessodiguida.com\/#\/schema\/logo\/image\/\"}}]}<\/script>\n<!-- \/ Yoast SEO Premium plugin. -->","yoast_head_json":{"title":"Comprar a carta de condu\u00e7\u00e3o italiana original","description":"Compre online uma carta de condu\u00e7\u00e3o italiana original sem fazer o exame. J\u00e1 falhou v\u00e1rias vezes no exame para obter a carta de condu\u00e7\u00e3o italiana devido ao stress?","robots":{"index":"index","follow":"follow","max-snippet":"max-snippet:-1","max-image-preview":"max-image-preview:large","max-video-preview":"max-video-preview:-1"},"canonical":"https:\/\/permessodiguida.com\/pt\/produto\/comprar-carteira-de-motorista-italiana-original\/","og_locale":"pt_PT","og_type":"article","og_title":"Buy original Italian driver\u2019s License","og_description":"Buy original Italian driver's license online without exam. Have you failed the Italian driver's license test several times due to stress..","og_url":"https:\/\/permessodiguida.com\/pt\/produto\/comprar-carteira-de-motorista-italiana-original\/","og_site_name":"Original Documents Provider","article_modified_time":"2026-01-21T09:31:13+00:00","og_image":[{"width":1000,"height":620,"url":"https:\/\/permessodiguida.com\/wp-content\/uploads\/2024\/12\/image_2024-12-26_101049340.png","type":"image\/png"}],"twitter_card":"summary_large_image","twitter_misc":{"Tempo estimado de leitura":"5 minutos"},"schema":{"@context":"https:\/\/schema.org","@graph":[{"@type":"WebPage","@id":"https:\/\/permessodiguida.com\/product\/buy-original-italian-drivers-license\/","url":"https:\/\/permessodiguida.com\/product\/buy-original-italian-drivers-license\/","name":"Comprar a carta de condu\u00e7\u00e3o italiana original","isPartOf":{"@id":"https:\/\/permessodiguida.com\/#website"},"primaryImageOfPage":{"@id":"https:\/\/permessodiguida.com\/product\/buy-original-italian-drivers-license\/#primaryimage"},"image":{"@id":"https:\/\/permessodiguida.com\/product\/buy-original-italian-drivers-license\/#primaryimage"},"thumbnailUrl":"https:\/\/permessodiguida.com\/wp-content\/uploads\/2024\/12\/image_2024-12-26_101049340.png","datePublished":"2024-12-26T07:58:20+00:00","dateModified":"2026-01-21T09:31:13+00:00","description":"Compre online uma carta de condu\u00e7\u00e3o italiana original sem fazer o exame. J\u00e1 falhou v\u00e1rias vezes no exame para obter a carta de condu\u00e7\u00e3o italiana devido ao stress?","breadcrumb":{"@id":"https:\/\/permessodiguida.com\/product\/buy-original-italian-drivers-license\/#breadcrumb"},"inLanguage":"pt-PT","potentialAction":[{"@type":"ReadAction","target":["https:\/\/permessodiguida.com\/product\/buy-original-italian-drivers-license\/"]}]},{"@type":"ImageObject","inLanguage":"pt-PT","@id":"https:\/\/permessodiguida.com\/product\/buy-original-italian-drivers-license\/#primaryimage","url":"https:\/\/permessodiguida.com\/wp-content\/uploads\/2024\/12\/image_2024-12-26_101049340.png","contentUrl":"https:\/\/permessodiguida.com\/wp-content\/uploads\/2024\/12\/image_2024-12-26_101049340.png","width":1000,"height":620,"caption":"driving license"},{"@type":"BreadcrumbList","@id":"https:\/\/permessodiguida.com\/product\/buy-original-italian-drivers-license\/#breadcrumb","itemListElement":[{"@type":"ListItem","position":1,"name":"Home","item":"https:\/\/permessodiguida.com\/"},{"@type":"ListItem","position":2,"name":"All Services","item":"https:\/\/permessodiguida.com\/shop\/"},{"@type":"ListItem","position":3,"name":"Buy original Italian driver\u2019s License"}]},{"@type":"WebSite","@id":"https:\/\/permessodiguida.com\/#website","url":"https:\/\/permessodiguida.com\/","name":"Permessodiguida","description":"Obter a carta de condu\u00e7\u00e3o e o passaporte originais","publisher":{"@id":"https:\/\/permessodiguida.com\/#organization"},"alternateName":"Original Documents Provider","potentialAction":[{"@type":"SearchAction","target":{"@type":"EntryPoint","urlTemplate":"https:\/\/permessodiguida.com\/?s={search_term_string}"},"query-input":{"@type":"PropertyValueSpecification","valueRequired":true,"valueName":"search_term_string"}}],"inLanguage":"pt-PT"},{"@type":"Organization","@id":"https:\/\/permessodiguida.com\/#organization","name":"Autoriza\u00e7\u00e3o de acesso","alternateName":"Original Driving License And Passport","url":"https:\/\/permessodiguida.com\/","logo":{"@type":"ImageObject","inLanguage":"pt-PT","@id":"https:\/\/permessodiguida.com\/#\/schema\/logo\/image\/","url":"https:\/\/permessodiguida.com\/wp-content\/uploads\/2024\/08\/image_2024-08-09_144906822.png","contentUrl":"https:\/\/permessodiguida.com\/wp-content\/uploads\/2024\/08\/image_2024-08-09_144906822.png","width":687,"height":549,"caption":"Permesso Di Guida"},"image":{"@id":"https:\/\/permessodiguida.com\/#\/schema\/logo\/image\/"}}]}},"_links":{"self":[{"href":"https:\/\/permessodiguida.com\/pt\/wp-json\/wp\/v2\/product\/361","targetHints":{"allow":["GET"]}}],"collection":[{"href":"https:\/\/permessodiguida.com\/pt\/wp-json\/wp\/v2\/product"}],"about":[{"href":"https:\/\/permessodiguida.com\/pt\/wp-json\/wp\/v2\/types\/product"}],"replies":[{"embeddable":true,"href":"https:\/\/permessodiguida.com\/pt\/wp-json\/wp\/v2\/comments?post=361"}],"wp:featuredmedia":[{"embeddable":true,"href":"https:\/\/permessodiguida.com\/pt\/wp-json\/wp\/v2\/media\/1962"}],"wp:attachment":[{"href":"https:\/\/permessodiguida.com\/pt\/wp-json\/wp\/v2\/media?parent=361"}],"wp:term":[{"taxonomy":"product_brand","embeddable":true,"href":"https:\/\/permessodiguida.com\/pt\/wp-json\/wp\/v2\/product_brand?post=361"},{"taxonomy":"product_cat","embeddable":true,"href":"https:\/\/permessodiguida.com\/pt\/wp-json\/wp\/v2\/product_cat?post=361"},{"taxonomy":"product_tag","embeddable":true,"href":"https:\/\/permessodiguida.com\/pt\/wp-json\/wp\/v2\/product_tag?post=361"}],"curies":[{"name":"wp","href":"https:\/\/api.w.org\/{rel}","templated":true}]}}