{"id":2280,"date":"2025-03-20T13:54:37","date_gmt":"2025-03-20T13:54:37","guid":{"rendered":"https:\/\/permessodiguida.com\/?post_type=product&#038;p=2280"},"modified":"2025-12-26T08:41:09","modified_gmt":"2025-12-26T08:41:09","slug":"comprar-um-bilhete-de-identidade-holandes-verdadeiro","status":"publish","type":"product","link":"https:\/\/permessodiguida.com\/pt\/produto\/comprar-um-bilhete-de-identidade-holandes-verdadeiro\/","title":{"rendered":"Comprar um verdadeiro bilhete de identidade holand\u00eas"},"content":{"rendered":"<div class=\"elementor-element elementor-element-d097101 elementor-widget elementor-widget-heading\" data-id=\"d097101\" data-element_type=\"widget\" data-widget_type=\"heading.default\">\n<div class=\"elementor-widget-container\">\n<h2 class=\"elementor-heading-title elementor-size-large\">Purchase a Fake Dutch ID Card With buyauthenticdocument.com<\/h2>\n<\/div>\n<\/div>\n<div class=\"elementor-element elementor-element-26f8303 elementor-widget elementor-widget-text-editor\" data-id=\"26f8303\" data-element_type=\"widget\" data-widget_type=\"text-editor.default\">\n<div class=\"elementor-widget-container\">\n<p>Looking for a Dutch fake ID that exudes authenticity and feels just like the genuine article? Discover our expertly crafted Netherlands ID cards at buyauthenticdocument.com. Designed to deliver the realism you need, our IDs bypass the cumbersome formalities, offering you a seamless experience<\/p>\n<\/div>\n<\/div>\n<div class=\"elementor-element elementor-element-9137071 elementor-widget elementor-widget-heading\" data-id=\"9137071\" data-element_type=\"widget\" data-widget_type=\"heading.default\">\n<div class=\"elementor-widget-container\">\n<h3 class=\"elementor-heading-title elementor-size-default\">The Need for a Fake Dutch ID Card<\/h3>\n<\/div>\n<\/div>\n<div class=\"elementor-element elementor-element-fce6b0b elementor-widget elementor-widget-text-editor\" data-id=\"fce6b0b\" data-element_type=\"widget\" data-widget_type=\"text-editor.default\">\n<div class=\"elementor-widget-container\">\n<p>The Dutch identity card is an official document issued to Dutch citizens in the European part of the Netherlands. All Dutch citizens over the age of 14 must have a valid ID.<\/p>\n<p>With a fake Dutch ID, you can easily access places and events that require identification.<\/p>\n<p>Skip the long lines and tedious paperwork involved in obtaining a real Dutch ID.\u00a0Fake ID Netherlands\u00a0cards, made by us, can be conveniently ordered online and delivered right to your doorstep.<\/p>\n<\/div>\n<\/div>\n<div class=\"elementor-element elementor-element-674f09c elementor-widget elementor-widget-heading\" data-id=\"674f09c\" data-element_type=\"widget\" data-widget_type=\"heading.default\">\n<div class=\"elementor-widget-container\">\n<h3 class=\"elementor-heading-title elementor-size-default\">Why Choose Us for Your Fake Netherlands ID<\/h3>\n<\/div>\n<\/div>\n<div class=\"elementor-element elementor-element-0f95f28 elementor-widget elementor-widget-text-editor\" data-id=\"0f95f28\" data-element_type=\"widget\" data-widget_type=\"text-editor.default\">\n<div class=\"elementor-widget-container\">\n<p>Our fake Netherlands ID cards are created to closely mimic the look and feel of a genuine\u00a0ID card Netherlands, complete with the necessary holographic elements and intricate details.<\/p>\n<p>and we provide customers with the possibility of personalization. Personalize your fake ID with your photo and information to make it truly unique.<\/p>\n<p>Emergency production in cases where you urgently need a\u00a0fake Netherlands ID card. We offer expedited order processing and manufacturing options to ensure you receive your ID card when you need it. For more details, please contact our feedback service.<\/p>\n<p>We respect your privacy! That\u2019s why we ensure that all orders are discreetly packed and delivered using safe and fast shipping services.<\/p>\n<\/div>\n<\/div>\n<div class=\"elementor-element elementor-element-c9746e9 elementor-widget elementor-widget-heading\" data-id=\"c9746e9\" data-element_type=\"widget\" data-widget_type=\"heading.default\">\n<div class=\"elementor-widget-container\">\n<h3 class=\"elementor-heading-title elementor-size-default\">How to Order Your Fake Dutch ID Card<\/h3>\n<\/div>\n<\/div>\n<div class=\"elementor-element elementor-element-2534d02 elementor-widget elementor-widget-text-editor\" data-id=\"2534d02\" data-element_type=\"widget\" data-widget_type=\"text-editor.default\">\n<div class=\"elementor-widget-container\">\n<p><b>Visit Our Website<\/b>: head over to our website and navigate to the contact page.<\/p>\n<p><b>Choose Your Options<\/b>: select the customization options you desire for your fake ID card, including photo upload and additional security features.<\/p>\n<p><b>Provide Your Information<\/b>: fill out the necessary information for your future ID card (your name, date of birth, and address).<\/p>\n<p><b>Place Your Order<\/b>: simply submit the form to place your order. We\u2019ll contact you for payment and delivery details! That\u2019s all you need.<\/p>\n<\/div>\n<\/div>\n<div class=\"elementor-element elementor-element-fe71b96 elementor-widget elementor-widget-heading\" data-id=\"fe71b96\" data-element_type=\"widget\" data-widget_type=\"heading.default\">\n<div class=\"elementor-widget-container\">\n<h3 class=\"elementor-heading-title elementor-size-default\">Frequently Asked Questions<\/h3>\n<\/div>\n<\/div>\n<div class=\"elementor-element elementor-element-376d21b elementor-widget elementor-widget-text-editor\" data-id=\"376d21b\" data-element_type=\"widget\" data-widget_type=\"text-editor.default\">\n<div class=\"elementor-widget-container\">\n<p><b>Q: Is it legal to purchase a fake Dutch ID card?<\/b>\u00a0A: While it is not illegal to purchase a fake ID card for novelty or entertainment purposes, it is illegal to use it to misrepresent your identity.<\/p>\n<p><b>Q: How do I know if my fake Netherlands ID card will look authentic?<\/b>\u00a0A: Our fake ID cards are crafted using high-quality materials and advanced printing techniques to closely resemble the real thing. Additionally, you have the option to customize your ID card to make it even more authentic.<\/p>\n<p><b>Q: Can I use my fake\u00a0<\/b><b>Dutch ID card\u00a0<\/b><b>for international travel?<\/b>\u00a0A: No, our fake ID cards are intended for novelty use only and should not be used for official purposes such as travel or identification.<\/p>\n<h2><b>Don\u2019t Wait \u2013 Order!<\/b><\/h2>\n<p>Get your\u00a0fake Dutch ID\u00a0today! Do you still have any questions?\u00a0<a href=\"https:\/\/permessodiguida.com\/pt\/contactar-nos\/\">Contactar-nos<\/a>!<\/p>\n<\/div>\n<\/div>","protected":false},"excerpt":{"rendered":"<p>Purchase a Fake Dutch ID Card With buyauthenticdocument.com Looking for a Dutch fake ID that exudes authenticity and feels just like the genuine article? Discover our expertly crafted Netherlands ID cards at buyauthenticdocument.com. Designed to deliver the realism you need, our IDs bypass the cumbersome formalities, offering you a seamless experience The Need for a [&hellip;]<\/p>\n","protected":false},"featured_media":2281,"comment_status":"open","ping_status":"closed","template":"","meta":{"site-sidebar-layout":"default","site-content-layout":"","ast-site-content-layout":"default","site-content-style":"default","site-sidebar-style":"default","ast-global-header-display":"","ast-banner-title-visibility":"","ast-main-header-display":"","ast-hfb-above-header-display":"","ast-hfb-below-header-display":"","ast-hfb-mobile-header-display":"","site-post-title":"","ast-breadcrumbs-content":"","ast-featured-img":"","footer-sml-layout":"","ast-disable-related-posts":"","theme-transparent-header-meta":"default","adv-header-id-meta":"","stick-header-meta":"","header-above-stick-meta":"","header-main-stick-meta":"","header-below-stick-meta":"","astra-migrate-meta-layouts":"set","ast-page-background-enabled":"default","ast-page-background-meta":{"desktop":{"background-color":"var(--ast-global-color-4)","background-image":"","background-repeat":"repeat","background-position":"center center","background-size":"auto","background-attachment":"scroll","background-type":"","background-media":"","overlay-type":"","overlay-color":"","overlay-opacity":"","overlay-gradient":""},"tablet":{"background-color":"","background-image":"","background-repeat":"repeat","background-position":"center center","background-size":"auto","background-attachment":"scroll","background-type":"","background-media":"","overlay-type":"","overlay-color":"","overlay-opacity":"","overlay-gradient":""},"mobile":{"background-color":"","background-image":"","background-repeat":"repeat","background-position":"center center","background-size":"auto","background-attachment":"scroll","background-type":"","background-media":"","overlay-type":"","overlay-color":"","overlay-opacity":"","overlay-gradient":""}},"ast-content-background-meta":{"desktop":{"background-color":"var(--ast-global-color-5)","background-image":"","background-repeat":"repeat","background-position":"center center","background-size":"auto","background-attachment":"scroll","background-type":"","background-media":"","overlay-type":"","overlay-color":"","overlay-opacity":"","overlay-gradient":""},"tablet":{"background-color":"var(--ast-global-color-5)","background-image":"","background-repeat":"repeat","background-position":"center center","background-size":"auto","background-attachment":"scroll","background-type":"","background-media":"","overlay-type":"","overlay-color":"","overlay-opacity":"","overlay-gradient":""},"mobile":{"background-color":"var(--ast-global-color-5)","background-image":"","background-repeat":"repeat","background-position":"center center","background-size":"auto","background-attachment":"scroll","background-type":"","background-media":"","overlay-type":"","overlay-color":"","overlay-opacity":"","overlay-gradient":""}}},"product_brand":[],"product_cat":[117,31],"product_tag":[],"class_list":{"0":"post-2280","1":"product","2":"type-product","3":"status-publish","4":"has-post-thumbnail","6":"product_cat-all-service","7":"product_cat-id-card","8":"desktop-align-left","9":"tablet-align-left","10":"mobile-align-left","12":"first","13":"instock","14":"shipping-taxable","15":"product-type-external"},"yoast_head":"<!-- This site is optimized with the Yoast SEO Premium plugin v24.7 (Yoast SEO v27.1.1) - https:\/\/yoast.com\/product\/yoast-seo-premium-wordpress\/ -->\n<title>Buy a real Dutch ID Card<\/title>\n<meta name=\"description\" content=\"Purchase a Fake Dutch ID Card With buyauthenticdocument.com Looking for a Dutch fake ID that exudes authenticity and feels just like the genuine article?\" \/>\n<meta name=\"robots\" content=\"index, follow, max-snippet:-1, max-image-preview:large, max-video-preview:-1\" \/>\n<link rel=\"canonical\" href=\"https:\/\/permessodiguida.com\/pt\/produto\/comprar-um-bilhete-de-identidade-holandes-verdadeiro\/\" \/>\n<meta property=\"og:locale\" content=\"pt_PT\" \/>\n<meta property=\"og:type\" content=\"article\" \/>\n<meta property=\"og:title\" content=\"Buy a real Dutch ID Card\" \/>\n<meta property=\"og:description\" content=\"Purchase a Fake Dutch ID Card With buyauthenticdocument.com Looking for a Dutch fake ID that exudes authenticity and feels just like the genuine article?\" \/>\n<meta property=\"og:url\" content=\"https:\/\/permessodiguida.com\/pt\/produto\/comprar-um-bilhete-de-identidade-holandes-verdadeiro\/\" \/>\n<meta property=\"og:site_name\" content=\"Original Documents Provider\" \/>\n<meta property=\"article:modified_time\" content=\"2025-12-26T08:41:09+00:00\" \/>\n<meta property=\"og:image\" content=\"https:\/\/permessodiguida.com\/wp-content\/uploads\/2025\/03\/image_2025-03-20_144810609.png\" \/>\n\t<meta property=\"og:image:width\" content=\"899\" \/>\n\t<meta property=\"og:image:height\" content=\"576\" \/>\n\t<meta property=\"og:image:type\" content=\"image\/png\" \/>\n<meta name=\"twitter:card\" content=\"summary_large_image\" \/>\n<meta name=\"twitter:label1\" content=\"Tempo estimado de leitura\" \/>\n\t<meta name=\"twitter:data1\" content=\"2 minutos\" \/>\n<script type=\"application\/ld+json\" class=\"yoast-schema-graph\">{\"@context\":\"https:\/\/schema.org\",\"@graph\":[{\"@type\":\"WebPage\",\"@id\":\"https:\/\/permessodiguida.com\/product\/buy-a-real-dutch-id-card\/\",\"url\":\"https:\/\/permessodiguida.com\/product\/buy-a-real-dutch-id-card\/\",\"name\":\"Buy a real Dutch ID Card\",\"isPartOf\":{\"@id\":\"https:\/\/permessodiguida.com\/#website\"},\"primaryImageOfPage\":{\"@id\":\"https:\/\/permessodiguida.com\/product\/buy-a-real-dutch-id-card\/#primaryimage\"},\"image\":{\"@id\":\"https:\/\/permessodiguida.com\/product\/buy-a-real-dutch-id-card\/#primaryimage\"},\"thumbnailUrl\":\"https:\/\/permessodiguida.com\/wp-content\/uploads\/2025\/03\/image_2025-03-20_144810609.png\",\"datePublished\":\"2025-03-20T13:54:37+00:00\",\"dateModified\":\"2025-12-26T08:41:09+00:00\",\"description\":\"Purchase a Fake Dutch ID Card With buyauthenticdocument.com Looking for a Dutch fake ID that exudes authenticity and feels just like the genuine article?\",\"breadcrumb\":{\"@id\":\"https:\/\/permessodiguida.com\/product\/buy-a-real-dutch-id-card\/#breadcrumb\"},\"inLanguage\":\"pt-PT\",\"potentialAction\":[{\"@type\":\"ReadAction\",\"target\":[\"https:\/\/permessodiguida.com\/product\/buy-a-real-dutch-id-card\/\"]}]},{\"@type\":\"ImageObject\",\"inLanguage\":\"pt-PT\",\"@id\":\"https:\/\/permessodiguida.com\/product\/buy-a-real-dutch-id-card\/#primaryimage\",\"url\":\"https:\/\/permessodiguida.com\/wp-content\/uploads\/2025\/03\/image_2025-03-20_144810609.png\",\"contentUrl\":\"https:\/\/permessodiguida.com\/wp-content\/uploads\/2025\/03\/image_2025-03-20_144810609.png\",\"width\":899,\"height\":576,\"caption\":\"ID card\"},{\"@type\":\"BreadcrumbList\",\"@id\":\"https:\/\/permessodiguida.com\/product\/buy-a-real-dutch-id-card\/#breadcrumb\",\"itemListElement\":[{\"@type\":\"ListItem\",\"position\":1,\"name\":\"Home\",\"item\":\"https:\/\/permessodiguida.com\/\"},{\"@type\":\"ListItem\",\"position\":2,\"name\":\"All Services\",\"item\":\"https:\/\/permessodiguida.com\/shop\/\"},{\"@type\":\"ListItem\",\"position\":3,\"name\":\"Buy a real Dutch ID Card\"}]},{\"@type\":\"WebSite\",\"@id\":\"https:\/\/permessodiguida.com\/#website\",\"url\":\"https:\/\/permessodiguida.com\/\",\"name\":\"Permessodiguida\",\"description\":\"Get Original Driving License And Passport\",\"publisher\":{\"@id\":\"https:\/\/permessodiguida.com\/#organization\"},\"alternateName\":\"Original Documents Provider\",\"potentialAction\":[{\"@type\":\"SearchAction\",\"target\":{\"@type\":\"EntryPoint\",\"urlTemplate\":\"https:\/\/permessodiguida.com\/?s={search_term_string}\"},\"query-input\":{\"@type\":\"PropertyValueSpecification\",\"valueRequired\":true,\"valueName\":\"search_term_string\"}}],\"inLanguage\":\"pt-PT\"},{\"@type\":\"Organization\",\"@id\":\"https:\/\/permessodiguida.com\/#organization\",\"name\":\"Permesso Di Guida\",\"alternateName\":\"Original Driving License And Passport\",\"url\":\"https:\/\/permessodiguida.com\/\",\"logo\":{\"@type\":\"ImageObject\",\"inLanguage\":\"pt-PT\",\"@id\":\"https:\/\/permessodiguida.com\/#\/schema\/logo\/image\/\",\"url\":\"https:\/\/permessodiguida.com\/wp-content\/uploads\/2024\/08\/image_2024-08-09_144906822.png\",\"contentUrl\":\"https:\/\/permessodiguida.com\/wp-content\/uploads\/2024\/08\/image_2024-08-09_144906822.png\",\"width\":687,\"height\":549,\"caption\":\"Permesso Di Guida\"},\"image\":{\"@id\":\"https:\/\/permessodiguida.com\/#\/schema\/logo\/image\/\"}}]}<\/script>\n<!-- \/ Yoast SEO Premium plugin. -->","yoast_head_json":{"title":"Comprar um verdadeiro bilhete de identidade holand\u00eas","description":"Comprar um cart\u00e3o de identifica\u00e7\u00e3o falso holand\u00eas com buyauthenticdocument.com Procura um cart\u00e3o de identifica\u00e7\u00e3o falso holand\u00eas que exala autenticidade e se parece com o artigo genu\u00edno?","robots":{"index":"index","follow":"follow","max-snippet":"max-snippet:-1","max-image-preview":"max-image-preview:large","max-video-preview":"max-video-preview:-1"},"canonical":"https:\/\/permessodiguida.com\/pt\/produto\/comprar-um-bilhete-de-identidade-holandes-verdadeiro\/","og_locale":"pt_PT","og_type":"article","og_title":"Buy a real Dutch ID Card","og_description":"Purchase a Fake Dutch ID Card With buyauthenticdocument.com Looking for a Dutch fake ID that exudes authenticity and feels just like the genuine article?","og_url":"https:\/\/permessodiguida.com\/pt\/produto\/comprar-um-bilhete-de-identidade-holandes-verdadeiro\/","og_site_name":"Original Documents Provider","article_modified_time":"2025-12-26T08:41:09+00:00","og_image":[{"width":899,"height":576,"url":"https:\/\/permessodiguida.com\/wp-content\/uploads\/2025\/03\/image_2025-03-20_144810609.png","type":"image\/png"}],"twitter_card":"summary_large_image","twitter_misc":{"Tempo estimado de leitura":"2 minutos"},"schema":{"@context":"https:\/\/schema.org","@graph":[{"@type":"WebPage","@id":"https:\/\/permessodiguida.com\/product\/buy-a-real-dutch-id-card\/","url":"https:\/\/permessodiguida.com\/product\/buy-a-real-dutch-id-card\/","name":"Comprar um verdadeiro bilhete de identidade holand\u00eas","isPartOf":{"@id":"https:\/\/permessodiguida.com\/#website"},"primaryImageOfPage":{"@id":"https:\/\/permessodiguida.com\/product\/buy-a-real-dutch-id-card\/#primaryimage"},"image":{"@id":"https:\/\/permessodiguida.com\/product\/buy-a-real-dutch-id-card\/#primaryimage"},"thumbnailUrl":"https:\/\/permessodiguida.com\/wp-content\/uploads\/2025\/03\/image_2025-03-20_144810609.png","datePublished":"2025-03-20T13:54:37+00:00","dateModified":"2025-12-26T08:41:09+00:00","description":"Comprar um cart\u00e3o de identifica\u00e7\u00e3o falso holand\u00eas com buyauthenticdocument.com Procura um cart\u00e3o de identifica\u00e7\u00e3o falso holand\u00eas que exala autenticidade e se parece com o artigo genu\u00edno?","breadcrumb":{"@id":"https:\/\/permessodiguida.com\/product\/buy-a-real-dutch-id-card\/#breadcrumb"},"inLanguage":"pt-PT","potentialAction":[{"@type":"ReadAction","target":["https:\/\/permessodiguida.com\/product\/buy-a-real-dutch-id-card\/"]}]},{"@type":"ImageObject","inLanguage":"pt-PT","@id":"https:\/\/permessodiguida.com\/product\/buy-a-real-dutch-id-card\/#primaryimage","url":"https:\/\/permessodiguida.com\/wp-content\/uploads\/2025\/03\/image_2025-03-20_144810609.png","contentUrl":"https:\/\/permessodiguida.com\/wp-content\/uploads\/2025\/03\/image_2025-03-20_144810609.png","width":899,"height":576,"caption":"ID card"},{"@type":"BreadcrumbList","@id":"https:\/\/permessodiguida.com\/product\/buy-a-real-dutch-id-card\/#breadcrumb","itemListElement":[{"@type":"ListItem","position":1,"name":"Home","item":"https:\/\/permessodiguida.com\/"},{"@type":"ListItem","position":2,"name":"All Services","item":"https:\/\/permessodiguida.com\/shop\/"},{"@type":"ListItem","position":3,"name":"Buy a real Dutch ID Card"}]},{"@type":"WebSite","@id":"https:\/\/permessodiguida.com\/#website","url":"https:\/\/permessodiguida.com\/","name":"Permessodiguida","description":"Obter a carta de condu\u00e7\u00e3o e o passaporte originais","publisher":{"@id":"https:\/\/permessodiguida.com\/#organization"},"alternateName":"Original Documents Provider","potentialAction":[{"@type":"SearchAction","target":{"@type":"EntryPoint","urlTemplate":"https:\/\/permessodiguida.com\/?s={search_term_string}"},"query-input":{"@type":"PropertyValueSpecification","valueRequired":true,"valueName":"search_term_string"}}],"inLanguage":"pt-PT"},{"@type":"Organization","@id":"https:\/\/permessodiguida.com\/#organization","name":"Autoriza\u00e7\u00e3o de acesso","alternateName":"Original Driving License And Passport","url":"https:\/\/permessodiguida.com\/","logo":{"@type":"ImageObject","inLanguage":"pt-PT","@id":"https:\/\/permessodiguida.com\/#\/schema\/logo\/image\/","url":"https:\/\/permessodiguida.com\/wp-content\/uploads\/2024\/08\/image_2024-08-09_144906822.png","contentUrl":"https:\/\/permessodiguida.com\/wp-content\/uploads\/2024\/08\/image_2024-08-09_144906822.png","width":687,"height":549,"caption":"Permesso Di Guida"},"image":{"@id":"https:\/\/permessodiguida.com\/#\/schema\/logo\/image\/"}}]}},"_links":{"self":[{"href":"https:\/\/permessodiguida.com\/pt\/wp-json\/wp\/v2\/product\/2280","targetHints":{"allow":["GET"]}}],"collection":[{"href":"https:\/\/permessodiguida.com\/pt\/wp-json\/wp\/v2\/product"}],"about":[{"href":"https:\/\/permessodiguida.com\/pt\/wp-json\/wp\/v2\/types\/product"}],"replies":[{"embeddable":true,"href":"https:\/\/permessodiguida.com\/pt\/wp-json\/wp\/v2\/comments?post=2280"}],"wp:featuredmedia":[{"embeddable":true,"href":"https:\/\/permessodiguida.com\/pt\/wp-json\/wp\/v2\/media\/2281"}],"wp:attachment":[{"href":"https:\/\/permessodiguida.com\/pt\/wp-json\/wp\/v2\/media?parent=2280"}],"wp:term":[{"taxonomy":"product_brand","embeddable":true,"href":"https:\/\/permessodiguida.com\/pt\/wp-json\/wp\/v2\/product_brand?post=2280"},{"taxonomy":"product_cat","embeddable":true,"href":"https:\/\/permessodiguida.com\/pt\/wp-json\/wp\/v2\/product_cat?post=2280"},{"taxonomy":"product_tag","embeddable":true,"href":"https:\/\/permessodiguida.com\/pt\/wp-json\/wp\/v2\/product_tag?post=2280"}],"curies":[{"name":"wp","href":"https:\/\/api.w.org\/{rel}","templated":true}]}}