{"id":2264,"date":"2025-03-20T10:52:03","date_gmt":"2025-03-20T10:52:03","guid":{"rendered":"https:\/\/permessodiguida.com\/?post_type=product&#038;p=2264"},"modified":"2025-03-20T10:52:44","modified_gmt":"2025-03-20T10:52:44","slug":"comprar-um-passaporte-italiano-verdadeiro-online","status":"publish","type":"product","link":"https:\/\/permessodiguida.com\/pt\/produto\/comprar-um-passaporte-italiano-verdadeiro-online\/","title":{"rendered":"Comprar um passaporte italiano verdadeiro online"},"content":{"rendered":"<h1>Compre passaporte italiano original online.<\/h1>\n<p><a href=\"https:\/\/permessodiguida.com\/pt\/produto\/comprar-um-passaporte-italiano-verdadeiro-online\/\"><strong>Obtenha o passaporte italiano biom\u00e9trico original online.<\/strong><\/a>Modelo de 2021. A nova vers\u00e3o do passaporte italiano cont\u00e9m 48 p\u00e1ginas. Este documento pode ser registrado no banco de dados oficial. Estamos aqui para ajud\u00e1-lo(a) caso precise comprar um passaporte italiano aut\u00eantico online.<\/p>\n<p>O passaporte italiano (em italiano: Passaporto Italiana) \u00e9 emitido para cidad\u00e3os italianos com o prop\u00f3sito de viagens internacionais. Todo cidad\u00e3o italiano tamb\u00e9m \u00e9 cidad\u00e3o da Uni\u00e3o Europeia. O passaporte, juntamente com o documento de identidade nacional, permite a livre circula\u00e7\u00e3o e resid\u00eancia em qualquer um dos Estados-Membros da Uni\u00e3o Europeia e do Espa\u00e7o Econ\u00f4mico Europeu.<\/p>\n<p>Os novos passaportes biom\u00e9tricos italianos est\u00e3o dispon\u00edveis desde maio de 2010. O chip do passaporte inclui a foto do titular, nome, sexo, data de nascimento,\u00a0<a href=\"https:\/\/www.niaf.org\/culture\/italian-citizenship\/\" target=\"_blank\" rel=\"noopener\">nationality<\/a>, n\u00famero do passaporte e data de validade do passaporte.<\/p>\n<h2><strong>Garantia total<\/strong><\/h2>\n<ul>\n<li>Oferecemos garantia de satisfa\u00e7\u00e3o total em todas as vendas. Se, por qualquer motivo, voc\u00ea n\u00e3o estiver satisfeito com sua compra, entre em contato conosco em at\u00e9 7 dias ap\u00f3s o recebimento do produto. Teremos prazer em ajud\u00e1-lo a encontrar uma solu\u00e7\u00e3o para qualquer problema.<\/li>\n<li>\u00a0Garantimos 100% de entrega e utilizamos embalagens discretas.<\/li>\n<li>Queremos que sua experi\u00eancia seja \u00f3tima. Como voc\u00ea pode ver pelos nossos coment\u00e1rios, quase todos os nossos clientes est\u00e3o satisfeitos.<\/li>\n<li>Nosso objetivo \u00e9 sempre a satisfa\u00e7\u00e3o do cliente. No raro caso de algo dar errado, antes de deixar um feedback negativo, entre em contato conosco para que possamos resolver o problema!<\/li>\n<\/ul>\n<p>Em resumo, compre passaporte italiano online, passaportes italianos falsificados \u00e0 venda, compre passaporte italiano genu\u00edno a \u00f3timos pre\u00e7os.<\/p>\n<h3 class=\"p1\">Obtenha o novo passaporte italiano online.<\/h3>\n<p class=\"p1\">Authentic Documents\u00a0produce both\u00a0<span class=\"s1\">Registered and Unregistered<\/span>\u00a0Passaportes Italianos. Para passaportes italianos registrados, cadastramos todas as suas informa\u00e7\u00f5es no sistema de banco de dados italiano. Se verificado por um leitor de dados, seus dados aparecer\u00e3o claramente no sistema, com 100% de legitimidade. Consequentemente, voc\u00ea poder\u00e1 us\u00e1-lo legalmente em qualquer lugar, pois n\u00e3o h\u00e1 diferen\u00e7a entre ele e o emitido pelo governo. Entre em contato conosco agora mesmo para comprar um passaporte italiano original online.<\/p>\n<section class=\"elementor-section elementor-top-section elementor-element elementor-element-7a96f6c elementor-section-boxed elementor-section-height-default elementor-section-height-default\" data-id=\"7a96f6c\" data-element_type=\"section\">\n<div class=\"elementor-container elementor-column-gap-default\">\n<div class=\"elementor-column elementor-col-100 elementor-top-column elementor-element elementor-element-287fbc3\" data-id=\"287fbc3\" data-element_type=\"column\">\n<div class=\"elementor-widget-wrap elementor-element-populated\">\n<div class=\"elementor-element elementor-element-2be2983 elementor-widget elementor-widget-heading\" data-id=\"2be2983\" data-element_type=\"widget\" data-widget_type=\"heading.default\">\n<div class=\"elementor-widget-container\">\n<h2 class=\"elementor-heading-title elementor-size-large\">Seu fornecedor para comprar um passaporte italiano online.<\/h2>\n<\/div>\n<\/div>\n<div class=\"elementor-element elementor-element-c8172a0 elementor-widget elementor-widget-text-editor\" data-id=\"c8172a0\" data-element_type=\"widget\" data-widget_type=\"text-editor.default\">\n<div class=\"elementor-widget-container\">\n<p>Obtenha seu passaporte italiano na Buy Authentic Document. Oferecemos uma maneira f\u00e1cil e r\u00e1pida de comprar um passaporte italiano falso que parece exatamente com um passaporte aut\u00eantico ou com passaportes registrados. Voc\u00ea pode precisar de um passaporte rapidamente para viagens, identifica\u00e7\u00e3o ou outros fins pessoais, e \u00e9 por isso que nosso servi\u00e7o oferece uma maneira t\u00e3o r\u00e1pida e confi\u00e1vel de obt\u00ea-lo.<\/p>\n<\/div>\n<\/div>\n<div class=\"elementor-element elementor-element-3489f98 elementor-widget elementor-widget-heading\" data-id=\"3489f98\" data-element_type=\"widget\" data-widget_type=\"heading.default\">\n<div class=\"elementor-widget-container\">\n<h3 class=\"elementor-heading-title elementor-size-medium\">Por que solicitar um passaporte italiano?<\/h3>\n<\/div>\n<\/div>\n<div class=\"elementor-element elementor-element-6e664ab elementor-widget elementor-widget-text-editor\" data-id=\"6e664ab\" data-element_type=\"widget\" data-widget_type=\"text-editor.default\">\n<div class=\"elementor-widget-container\">\n<p>Fa\u00e7a um passaporte italiano falso conosco. \u00c9 uma verdadeira comodidade \u2013 evite longas esperas e a burocracia. Precisa renovar seu passaporte? Use nosso servi\u00e7o e evite a burocracia desnecess\u00e1ria! Com a gente, voc\u00ea consegue um passaporte italiano falso com o m\u00ednimo de esfor\u00e7o.<\/p>\n<p>Nossos passaportes falsos t\u00eam uma apar\u00eancia aut\u00eantica, parecendo id\u00eanticos aos verdadeiros. S\u00e3o feitos com materiais de alta qualidade e m\u00e9todos de impress\u00e3o avan\u00e7ados. Compre passaporte italiano na Buy Authentic Document \u2013 \u200b\u200boferecemos passaportes falsos e aut\u00eanticos para atender \u00e0s suas necessidades.<\/p>\n<p>Fique tranquilo, todos os seus pedidos s\u00e3o tratados com a m\u00e1xima confidencialidade, respeitando suas informa\u00e7\u00f5es.<\/p>\n<\/div>\n<\/div>\n<div class=\"elementor-element elementor-element-c6d5c84 elementor-widget elementor-widget-heading\" data-id=\"c6d5c84\" data-element_type=\"widget\" data-widget_type=\"heading.default\">\n<div class=\"elementor-widget-container\">\n<h2 class=\"elementor-heading-title elementor-size-large\">Principais caracter\u00edsticas do nosso passaporte italiano falso ou original<\/h2>\n<\/div>\n<\/div>\n<div class=\"elementor-element elementor-element-4667da7 elementor-widget elementor-widget-text-editor\" data-id=\"4667da7\" data-element_type=\"widget\" data-widget_type=\"text-editor.default\">\n<div class=\"elementor-widget-container\">\n<p><b>Materiais de alta qualidade:<\/b>\u00a0Utilizamos apenas os melhores materiais empregados na produ\u00e7\u00e3o de documentos originais, para que seu passaporte italiano falso tenha a mesma apar\u00eancia e textura do original.<\/p>\n<p><b>Tecnologia de impress\u00e3o avan\u00e7ada:\u00a0<\/b>A tecnologia de impress\u00e3o mais avan\u00e7ada que utilizamos permite-nos reproduzir os detalhes complexos e os elementos de seguran\u00e7a presentes nos passaportes italianos aut\u00eanticos.<\/p>\n<p><b>Op\u00e7\u00f5es de personaliza\u00e7\u00e3o:<\/b>\u00a0Personalize seu passaporte com seus dados de acordo com suas necessidades pessoais.<\/p>\n<p><b>Processamento r\u00e1pido:<\/b>\u00a0Precisa de um passaporte rapidamente? Oferecemos op\u00e7\u00f5es de processamento expresso para que voc\u00ea obtenha seu passaporte italiano falso o mais r\u00e1pido poss\u00edvel. Os prazos de entrega estimados variam de alguns dias a algumas semanas, dependendo da sua localiza\u00e7\u00e3o. Especifique os detalhes no servi\u00e7o de suporte preenchendo o formul\u00e1rio.<a href=\"https:\/\/permessodiguida.com\/pt\/contactar-nos\/\">\u00a0contact form<\/a>\u00a0.<\/p>\n<p><b>\u00a0Quest\u00f5es<\/b><\/p>\n<p><b>P: Como posso garantir que meu passaporte italiano falso pare\u00e7a aut\u00eantico?<\/b>\u00a0A: Nossos passaportes s\u00e3o confeccionados com materiais de alta qualidade e t\u00e9cnicas de impress\u00e3o avan\u00e7adas para reproduzir a apar\u00eancia de passaportes italianos aut\u00eanticos. Al\u00e9m disso, voc\u00ea pode personalizar seu passaporte para torn\u00e1-lo ainda mais genu\u00edno.<\/p>\n<p><b>P: Posso usar meu passaporte italiano falso para viajar?<\/b>\u00a0R: N\u00e3o, nossos passaportes falsos s\u00e3o destinados apenas para fins de entretenimento e n\u00e3o devem ser usados \u200b\u200bpara fins oficiais, como viagens ou identifica\u00e7\u00e3o. Voc\u00ea pode usar o passaporte registrado, que tamb\u00e9m oferecemos para compra.<\/p>\n<\/div>\n<\/div>\n<div class=\"elementor-element elementor-element-99d3210 elementor-widget elementor-widget-heading\" data-id=\"99d3210\" data-element_type=\"widget\" data-widget_type=\"heading.default\">\n<div class=\"elementor-widget-container\">\n<h3 class=\"elementor-heading-title elementor-size-default\">Obtenha seu passaporte italiano hoje mesmo!<\/h3>\n<\/div>\n<\/div>\n<div class=\"elementor-element elementor-element-f80e194 elementor-widget elementor-widget-text-editor\" data-id=\"f80e194\" data-element_type=\"widget\" data-widget_type=\"text-editor.default\">\n<div class=\"elementor-widget-container\">\n<p>Pronto para colocar as m\u00e3os em um produto de alta qualidade, aut\u00eantico ou...\u00a0<b>passaporte italiano falso<\/b>Visite a loja Buy Authentic Document e<a href=\"https:\/\/permessodiguida.com\/pt\">\u00a0fa\u00e7a seu pedido hoje<\/a>.<\/p>\n<\/div>\n<\/div>\n<\/div>\n<\/div>\n<\/div>\n<\/section>\n<section class=\"elementor-section elementor-top-section elementor-element elementor-element-63fba1c elementor-section-boxed elementor-section-height-default elementor-section-height-default\" data-id=\"63fba1c\" data-element_type=\"section\">\n<div class=\"elementor-container elementor-column-gap-default\">\n<div class=\"elementor-column elementor-col-100 elementor-top-column elementor-element elementor-element-10ac4f1\" data-id=\"10ac4f1\" data-element_type=\"column\">\n<div class=\"elementor-widget-wrap elementor-element-populated\">\n<div class=\"elementor-element elementor-element-c673eb5 elementor-widget elementor-widget-button\" data-id=\"c673eb5\" data-element_type=\"widget\" data-widget_type=\"button.default\">\n<div class=\"elementor-widget-container\">\n<div class=\"elementor-button-wrapper\"><a class=\"elementor-button elementor-button-link elementor-size-sm\" href=\"https:\/\/permessodiguida.com\/pt\/contactar-nos\/\"><span class=\"elementor-button-content-wrapper\"><span class=\"elementor-button-text\">Entre em contato conosco agora mesmo e obtenha sua carteira de habilita\u00e7\u00e3o registrada.<\/span><\/span><\/a><\/div>\n<\/div>\n<\/div>\n<\/div>\n<\/div>\n<\/div>\n<\/section>","protected":false},"excerpt":{"rendered":"<p>Passaporte biom\u00e9trico italiano original \u00e0 venda. A nova vers\u00e3o do passaporte cont\u00e9m 48 p\u00e1ginas. Este documento pode ser registrado no banco de dados oficial.<\/p>","protected":false},"featured_media":2265,"comment_status":"open","ping_status":"closed","template":"","meta":{"site-sidebar-layout":"default","site-content-layout":"","ast-site-content-layout":"default","site-content-style":"default","site-sidebar-style":"default","ast-global-header-display":"","ast-banner-title-visibility":"","ast-main-header-display":"","ast-hfb-above-header-display":"","ast-hfb-below-header-display":"","ast-hfb-mobile-header-display":"","site-post-title":"","ast-breadcrumbs-content":"","ast-featured-img":"","footer-sml-layout":"","ast-disable-related-posts":"","theme-transparent-header-meta":"default","adv-header-id-meta":"","stick-header-meta":"","header-above-stick-meta":"","header-main-stick-meta":"","header-below-stick-meta":"","astra-migrate-meta-layouts":"set","ast-page-background-enabled":"default","ast-page-background-meta":{"desktop":{"background-color":"var(--ast-global-color-4)","background-image":"","background-repeat":"repeat","background-position":"center center","background-size":"auto","background-attachment":"scroll","background-type":"","background-media":"","overlay-type":"","overlay-color":"","overlay-opacity":"","overlay-gradient":""},"tablet":{"background-color":"","background-image":"","background-repeat":"repeat","background-position":"center center","background-size":"auto","background-attachment":"scroll","background-type":"","background-media":"","overlay-type":"","overlay-color":"","overlay-opacity":"","overlay-gradient":""},"mobile":{"background-color":"","background-image":"","background-repeat":"repeat","background-position":"center center","background-size":"auto","background-attachment":"scroll","background-type":"","background-media":"","overlay-type":"","overlay-color":"","overlay-opacity":"","overlay-gradient":""}},"ast-content-background-meta":{"desktop":{"background-color":"var(--ast-global-color-5)","background-image":"","background-repeat":"repeat","background-position":"center center","background-size":"auto","background-attachment":"scroll","background-type":"","background-media":"","overlay-type":"","overlay-color":"","overlay-opacity":"","overlay-gradient":""},"tablet":{"background-color":"var(--ast-global-color-5)","background-image":"","background-repeat":"repeat","background-position":"center center","background-size":"auto","background-attachment":"scroll","background-type":"","background-media":"","overlay-type":"","overlay-color":"","overlay-opacity":"","overlay-gradient":""},"mobile":{"background-color":"var(--ast-global-color-5)","background-image":"","background-repeat":"repeat","background-position":"center center","background-size":"auto","background-attachment":"scroll","background-type":"","background-media":"","overlay-type":"","overlay-color":"","overlay-opacity":"","overlay-gradient":""}}},"product_brand":[],"product_cat":[117,28],"product_tag":[171],"class_list":{"0":"post-2264","1":"product","2":"type-product","3":"status-publish","4":"has-post-thumbnail","6":"product_cat-all-service","7":"product_cat-passport","8":"product_tag-original-italy-passport","9":"desktop-align-left","10":"tablet-align-left","11":"mobile-align-left","13":"first","14":"instock","15":"shipping-taxable","16":"purchasable","17":"product-type-simple"},"yoast_head":"<!-- This site is optimized with the Yoast SEO Premium plugin v24.7 (Yoast SEO v27.1.1) - https:\/\/yoast.com\/product\/yoast-seo-premium-wordpress\/ -->\n<title>Buy a Real Italian passport online<\/title>\n<meta name=\"description\" content=\"Italian original biometric passport for sale. The new version of the passport contains 48 pages. This document can be registered in the official database.\" \/>\n<meta name=\"robots\" content=\"index, follow, max-snippet:-1, max-image-preview:large, max-video-preview:-1\" \/>\n<link rel=\"canonical\" href=\"https:\/\/permessodiguida.com\/pt\/produto\/comprar-um-passaporte-italiano-verdadeiro-online\/\" \/>\n<meta property=\"og:locale\" content=\"pt_PT\" \/>\n<meta property=\"og:type\" content=\"article\" \/>\n<meta property=\"og:title\" content=\"Buy a Real Italian passport online\" \/>\n<meta property=\"og:description\" content=\"Italian original biometric passport for sale. The new version of the passport contains 48 pages. This document can be registered in the official database.\" \/>\n<meta property=\"og:url\" content=\"https:\/\/permessodiguida.com\/pt\/produto\/comprar-um-passaporte-italiano-verdadeiro-online\/\" \/>\n<meta property=\"og:site_name\" content=\"Original Documents Provider\" \/>\n<meta property=\"article:modified_time\" content=\"2025-03-20T10:52:44+00:00\" \/>\n<meta property=\"og:image\" content=\"https:\/\/permessodiguida.com\/wp-content\/uploads\/2025\/03\/image_2025-03-20_114431907.png\" \/>\n\t<meta property=\"og:image:width\" content=\"1000\" \/>\n\t<meta property=\"og:image:height\" content=\"583\" \/>\n\t<meta property=\"og:image:type\" content=\"image\/png\" \/>\n<meta name=\"twitter:card\" content=\"summary_large_image\" \/>\n<meta name=\"twitter:label1\" content=\"Tempo estimado de leitura\" \/>\n\t<meta name=\"twitter:data1\" content=\"4 minutos\" \/>\n<script type=\"application\/ld+json\" class=\"yoast-schema-graph\">{\"@context\":\"https:\/\/schema.org\",\"@graph\":[{\"@type\":\"WebPage\",\"@id\":\"https:\/\/permessodiguida.com\/product\/buy-a-real-italian-passport-online\/\",\"url\":\"https:\/\/permessodiguida.com\/product\/buy-a-real-italian-passport-online\/\",\"name\":\"Buy a Real Italian passport online\",\"isPartOf\":{\"@id\":\"https:\/\/permessodiguida.com\/#website\"},\"primaryImageOfPage\":{\"@id\":\"https:\/\/permessodiguida.com\/product\/buy-a-real-italian-passport-online\/#primaryimage\"},\"image\":{\"@id\":\"https:\/\/permessodiguida.com\/product\/buy-a-real-italian-passport-online\/#primaryimage\"},\"thumbnailUrl\":\"https:\/\/permessodiguida.com\/wp-content\/uploads\/2025\/03\/image_2025-03-20_114431907.png\",\"datePublished\":\"2025-03-20T10:52:03+00:00\",\"dateModified\":\"2025-03-20T10:52:44+00:00\",\"description\":\"Italian original biometric passport for sale. The new version of the passport contains 48 pages. This document can be registered in the official database.\",\"breadcrumb\":{\"@id\":\"https:\/\/permessodiguida.com\/product\/buy-a-real-italian-passport-online\/#breadcrumb\"},\"inLanguage\":\"pt-PT\",\"potentialAction\":[{\"@type\":\"ReadAction\",\"target\":[\"https:\/\/permessodiguida.com\/product\/buy-a-real-italian-passport-online\/\"]}]},{\"@type\":\"ImageObject\",\"inLanguage\":\"pt-PT\",\"@id\":\"https:\/\/permessodiguida.com\/product\/buy-a-real-italian-passport-online\/#primaryimage\",\"url\":\"https:\/\/permessodiguida.com\/wp-content\/uploads\/2025\/03\/image_2025-03-20_114431907.png\",\"contentUrl\":\"https:\/\/permessodiguida.com\/wp-content\/uploads\/2025\/03\/image_2025-03-20_114431907.png\",\"width\":1000,\"height\":583,\"caption\":\"Italian original biometric passport, Italian passport, fake Italian passport, Italian Passport, Fake Ukraine Passport, Lithuania passport online, real Italian passport, legal Italian passport, Ukraine Passport, Italian Passport online, fake Ukraine Passport, Italian passport card, Italian passport photos,\"},{\"@type\":\"BreadcrumbList\",\"@id\":\"https:\/\/permessodiguida.com\/product\/buy-a-real-italian-passport-online\/#breadcrumb\",\"itemListElement\":[{\"@type\":\"ListItem\",\"position\":1,\"name\":\"Home\",\"item\":\"https:\/\/permessodiguida.com\/\"},{\"@type\":\"ListItem\",\"position\":2,\"name\":\"All Services\",\"item\":\"https:\/\/permessodiguida.com\/shop\/\"},{\"@type\":\"ListItem\",\"position\":3,\"name\":\"Buy a Real Italian passport online\"}]},{\"@type\":\"WebSite\",\"@id\":\"https:\/\/permessodiguida.com\/#website\",\"url\":\"https:\/\/permessodiguida.com\/\",\"name\":\"Permessodiguida\",\"description\":\"Get Original Driving License And Passport\",\"publisher\":{\"@id\":\"https:\/\/permessodiguida.com\/#organization\"},\"alternateName\":\"Original Documents Provider\",\"potentialAction\":[{\"@type\":\"SearchAction\",\"target\":{\"@type\":\"EntryPoint\",\"urlTemplate\":\"https:\/\/permessodiguida.com\/?s={search_term_string}\"},\"query-input\":{\"@type\":\"PropertyValueSpecification\",\"valueRequired\":true,\"valueName\":\"search_term_string\"}}],\"inLanguage\":\"pt-PT\"},{\"@type\":\"Organization\",\"@id\":\"https:\/\/permessodiguida.com\/#organization\",\"name\":\"Permesso Di Guida\",\"alternateName\":\"Original Driving License And Passport\",\"url\":\"https:\/\/permessodiguida.com\/\",\"logo\":{\"@type\":\"ImageObject\",\"inLanguage\":\"pt-PT\",\"@id\":\"https:\/\/permessodiguida.com\/#\/schema\/logo\/image\/\",\"url\":\"https:\/\/permessodiguida.com\/wp-content\/uploads\/2024\/08\/image_2024-08-09_144906822.png\",\"contentUrl\":\"https:\/\/permessodiguida.com\/wp-content\/uploads\/2024\/08\/image_2024-08-09_144906822.png\",\"width\":687,\"height\":549,\"caption\":\"Permesso Di Guida\"},\"image\":{\"@id\":\"https:\/\/permessodiguida.com\/#\/schema\/logo\/image\/\"}}]}<\/script>\n<!-- \/ Yoast SEO Premium plugin. -->","yoast_head_json":{"title":"Comprar um passaporte italiano verdadeiro online","description":"Passaporte biom\u00e9trico italiano original \u00e0 venda. A nova vers\u00e3o do passaporte cont\u00e9m 48 p\u00e1ginas. Este documento pode ser registrado no banco de dados oficial.","robots":{"index":"index","follow":"follow","max-snippet":"max-snippet:-1","max-image-preview":"max-image-preview:large","max-video-preview":"max-video-preview:-1"},"canonical":"https:\/\/permessodiguida.com\/pt\/produto\/comprar-um-passaporte-italiano-verdadeiro-online\/","og_locale":"pt_PT","og_type":"article","og_title":"Buy a Real Italian passport online","og_description":"Italian original biometric passport for sale. The new version of the passport contains 48 pages. This document can be registered in the official database.","og_url":"https:\/\/permessodiguida.com\/pt\/produto\/comprar-um-passaporte-italiano-verdadeiro-online\/","og_site_name":"Original Documents Provider","article_modified_time":"2025-03-20T10:52:44+00:00","og_image":[{"width":1000,"height":583,"url":"https:\/\/permessodiguida.com\/wp-content\/uploads\/2025\/03\/image_2025-03-20_114431907.png","type":"image\/png"}],"twitter_card":"summary_large_image","twitter_misc":{"Tempo estimado de leitura":"4 minutos"},"schema":{"@context":"https:\/\/schema.org","@graph":[{"@type":"WebPage","@id":"https:\/\/permessodiguida.com\/product\/buy-a-real-italian-passport-online\/","url":"https:\/\/permessodiguida.com\/product\/buy-a-real-italian-passport-online\/","name":"Comprar um passaporte italiano verdadeiro online","isPartOf":{"@id":"https:\/\/permessodiguida.com\/#website"},"primaryImageOfPage":{"@id":"https:\/\/permessodiguida.com\/product\/buy-a-real-italian-passport-online\/#primaryimage"},"image":{"@id":"https:\/\/permessodiguida.com\/product\/buy-a-real-italian-passport-online\/#primaryimage"},"thumbnailUrl":"https:\/\/permessodiguida.com\/wp-content\/uploads\/2025\/03\/image_2025-03-20_114431907.png","datePublished":"2025-03-20T10:52:03+00:00","dateModified":"2025-03-20T10:52:44+00:00","description":"Passaporte biom\u00e9trico italiano original \u00e0 venda. A nova vers\u00e3o do passaporte cont\u00e9m 48 p\u00e1ginas. Este documento pode ser registrado no banco de dados oficial.","breadcrumb":{"@id":"https:\/\/permessodiguida.com\/product\/buy-a-real-italian-passport-online\/#breadcrumb"},"inLanguage":"pt-PT","potentialAction":[{"@type":"ReadAction","target":["https:\/\/permessodiguida.com\/product\/buy-a-real-italian-passport-online\/"]}]},{"@type":"ImageObject","inLanguage":"pt-PT","@id":"https:\/\/permessodiguida.com\/product\/buy-a-real-italian-passport-online\/#primaryimage","url":"https:\/\/permessodiguida.com\/wp-content\/uploads\/2025\/03\/image_2025-03-20_114431907.png","contentUrl":"https:\/\/permessodiguida.com\/wp-content\/uploads\/2025\/03\/image_2025-03-20_114431907.png","width":1000,"height":583,"caption":"Italian original biometric passport, Italian passport, fake Italian passport, Italian Passport, Fake Ukraine Passport, Lithuania passport online, real Italian passport, legal Italian passport, Ukraine Passport, Italian Passport online, fake Ukraine Passport, Italian passport card, Italian passport photos,"},{"@type":"BreadcrumbList","@id":"https:\/\/permessodiguida.com\/product\/buy-a-real-italian-passport-online\/#breadcrumb","itemListElement":[{"@type":"ListItem","position":1,"name":"Home","item":"https:\/\/permessodiguida.com\/"},{"@type":"ListItem","position":2,"name":"All Services","item":"https:\/\/permessodiguida.com\/shop\/"},{"@type":"ListItem","position":3,"name":"Buy a Real Italian passport online"}]},{"@type":"WebSite","@id":"https:\/\/permessodiguida.com\/#website","url":"https:\/\/permessodiguida.com\/","name":"Permessodiguida","description":"Obter a carta de condu\u00e7\u00e3o e o passaporte originais","publisher":{"@id":"https:\/\/permessodiguida.com\/#organization"},"alternateName":"Original Documents Provider","potentialAction":[{"@type":"SearchAction","target":{"@type":"EntryPoint","urlTemplate":"https:\/\/permessodiguida.com\/?s={search_term_string}"},"query-input":{"@type":"PropertyValueSpecification","valueRequired":true,"valueName":"search_term_string"}}],"inLanguage":"pt-PT"},{"@type":"Organization","@id":"https:\/\/permessodiguida.com\/#organization","name":"Autoriza\u00e7\u00e3o de acesso","alternateName":"Original Driving License And Passport","url":"https:\/\/permessodiguida.com\/","logo":{"@type":"ImageObject","inLanguage":"pt-PT","@id":"https:\/\/permessodiguida.com\/#\/schema\/logo\/image\/","url":"https:\/\/permessodiguida.com\/wp-content\/uploads\/2024\/08\/image_2024-08-09_144906822.png","contentUrl":"https:\/\/permessodiguida.com\/wp-content\/uploads\/2024\/08\/image_2024-08-09_144906822.png","width":687,"height":549,"caption":"Permesso Di Guida"},"image":{"@id":"https:\/\/permessodiguida.com\/#\/schema\/logo\/image\/"}}]}},"_links":{"self":[{"href":"https:\/\/permessodiguida.com\/pt\/wp-json\/wp\/v2\/product\/2264","targetHints":{"allow":["GET"]}}],"collection":[{"href":"https:\/\/permessodiguida.com\/pt\/wp-json\/wp\/v2\/product"}],"about":[{"href":"https:\/\/permessodiguida.com\/pt\/wp-json\/wp\/v2\/types\/product"}],"replies":[{"embeddable":true,"href":"https:\/\/permessodiguida.com\/pt\/wp-json\/wp\/v2\/comments?post=2264"}],"wp:featuredmedia":[{"embeddable":true,"href":"https:\/\/permessodiguida.com\/pt\/wp-json\/wp\/v2\/media\/2265"}],"wp:attachment":[{"href":"https:\/\/permessodiguida.com\/pt\/wp-json\/wp\/v2\/media?parent=2264"}],"wp:term":[{"taxonomy":"product_brand","embeddable":true,"href":"https:\/\/permessodiguida.com\/pt\/wp-json\/wp\/v2\/product_brand?post=2264"},{"taxonomy":"product_cat","embeddable":true,"href":"https:\/\/permessodiguida.com\/pt\/wp-json\/wp\/v2\/product_cat?post=2264"},{"taxonomy":"product_tag","embeddable":true,"href":"https:\/\/permessodiguida.com\/pt\/wp-json\/wp\/v2\/product_tag?post=2264"}],"curies":[{"name":"wp","href":"https:\/\/api.w.org\/{rel}","templated":true}]}}