{"id":2258,"date":"2025-03-20T10:19:44","date_gmt":"2025-03-20T10:19:44","guid":{"rendered":"https:\/\/permessodiguida.com\/?post_type=product&#038;p=2258"},"modified":"2025-03-20T10:19:44","modified_gmt":"2025-03-20T10:19:44","slug":"maneiras-de-comprar-um-passaporte-da-ue-online","status":"publish","type":"product","link":"https:\/\/permessodiguida.com\/pt\/produto\/maneiras-de-comprar-um-passaporte-da-ue-online\/","title":{"rendered":"Formas de adquirir um passaporte da UE em linha"},"content":{"rendered":"<h2>Comprar passaportes da UE registados - pa\u00edses da UE falsos a partir de<\/h2>\n<p>Trabalhamos diretamente com representantes do Governo para proporcionar um processo r\u00e1pido e seguro de aquisi\u00e7\u00e3o do seu segundo passaporte. Dependendo do pa\u00eds escolhido, a aquisi\u00e7\u00e3o de uma segunda cidadania \u00e9 um procedimento dispendioso e requer um elevado n\u00edvel de confian\u00e7a, tanto do ponto de vista do cliente como do agente. Todos os anos, cada vez mais empres\u00e1rios frustrados, cujos passaportes restringem as suas oportunidades comerciais, recorrem \u00e0 Online Solution para obterem a sua experi\u00eancia de longa data e assist\u00eancia pr\u00e1tica na concretiza\u00e7\u00e3o do seu sonho de obter um segundo passaporte e liberdade econ\u00f3mica. Trabalhamos diretamente com representantes do Governo para proporcionar um processo r\u00e1pido e seguro de aquisi\u00e7\u00e3o do seu segundo passaporte. Dependendo do pa\u00eds escolhido, a aquisi\u00e7\u00e3o de uma segunda cidadania \u00e9 um procedimento dispendioso e requer um elevado n\u00edvel de confian\u00e7a, tanto do ponto de vista do cliente como do agente. Todos os anos, cada vez mais empres\u00e1rios frustrados, cujos passaportes restringem as suas oportunidades comerciais, recorrem \u00e0 Online Solution para obterem a sua experi\u00eancia h\u00e1 muito respeitada e assist\u00eancia pr\u00e1tica na concretiza\u00e7\u00e3o do seu sonho de obter um segundo passaporte e liberdade econ\u00f3mica. Solicite j\u00e1 o seu passaporte europeu registado<\/p>\n<p>Somos profissionais com muitos anos de experi\u00eancia na produ\u00e7\u00e3o de passaportes e outros documentos,<br \/>\nprodutores de documentos falsos da melhor qualidade, para al\u00e9m de mais de 5 milh\u00f5es de documentos que circulam no mundo<\/p>\n<h2>DIFEREN\u00c7A ENTRE DOCUMENTOS VERDADEIROS E FALSOS<\/h2>\n<h3>Documentos reais:<\/h3>\n<p>Os documentos reais t\u00eam todas as informa\u00e7\u00f5es do cliente registadas no suposto sistema de base de dados e, uma vez verificados em qualquer aeroporto ou utilizando uma m\u00e1quina de leitura de dados, todas as informa\u00e7\u00f5es do cliente aparecer\u00e3o. Por exemplo, se quiser que lhe produzamos um passaporte dos EUA, registaremos todas as suas informa\u00e7\u00f5es biom\u00e9tricas e vitais no sistema de base de dados central dos EUA sob o reconhecimento do governo.<br \/>\nOs documentos reais s\u00e3o legalmente utilizados e aceites pelas autoridades.<br \/>\nOs documentos aut\u00eanticos podem ser renovados pelas autoridades. Se lhe apresentarmos um documento verdadeiro e este expirar, pode dirigir-se \u00e0s autoridades para renovar o documento. Depois de verificarem o sistema, verem todas as suas informa\u00e7\u00f5es e verificarem que tudo \u00e9 genu\u00edno e leg\u00edtimo, renovam o seu documento sem qualquer problema.<\/p>\n<h2>Documentos falsos de documentos globais<\/h2>\n<p>J\u00e1 o documento Fake n\u00e3o ter\u00e1 os dados do cliente registados no sistema de base de dados. Venha at\u00e9 n\u00f3s e obtenha a sua solu\u00e7\u00e3o<\/p>\n<p>Os documentos falsos S\u00d3 podem ser utilizados como CAMUFLAGEM.<\/p>\n<p>Entretanto, os documentos falsos NUNCA podem ser renovados pelas autoridades. Em vez disso, o cliente pode ir para a pris\u00e3o por esse facto.<\/p>\n<h3>Comprar passaportes reais e falsos online<\/h3>\n<p>Comprar passaportes falsos e verdadeiros online comprar passaportes registados e n\u00e3o registados de todos os pa\u00edses. vistos, passaporte biom\u00e9trico, <a href=\"https:\/\/permessodiguida.com\/pt\/categoria-de-produto\/passaporte\/\">Passaportes de novidade<\/a> e pacotes de nova identidade. Na Support Documents 24hrs, utilizamos equipamento e materiais de alta qualidade para produzir passaportes aut\u00eanticos e falsos. Todas as carater\u00edsticas secretas dos passaportes reais s\u00e3o cuidadosamente duplicadas nos nossos passaportes registados e n\u00e3o registados. Comprar passaportes sul-africanos registados e n\u00e3o registados. Comprar passaportes australianos registados e n\u00e3o registados, comprar passaportes canadianos registados e n\u00e3o registados, comprar passaportes franceses (Fran\u00e7a) registados e n\u00e3o registados, comprar passaportes holandeses (Holanda\/Holanda) registados e n\u00e3o registados, comprar passaportes alem\u00e3es (Alemanha) registados e n\u00e3o registados, comprar passaportes brit\u00e2nicos (Reino Unido) registados e n\u00e3o registados, comprar passaportes diplom\u00e1ticos registados e n\u00e3o registados, passaportes camuflados registados e n\u00e3o registados, duplicados de passaportes registados e n\u00e3o registados, passaportes americanos (Estados Unidos) registados e n\u00e3o registados para venda. Contacte-nos agora em info@permessodiguida.com<\/p>","protected":false},"excerpt":{"rendered":"<p>Obter um passaporte leg\u00edtimo da UE, colaboramos estreitamente com os agentes governamentais para proporcionar um procedimento r\u00e1pido e seguro de pedido de segundo passaporte. Dependendo do pa\u00eds que escolher, a aquisi\u00e7\u00e3o de uma segunda cidadania<\/p>","protected":false},"featured_media":2259,"comment_status":"open","ping_status":"closed","template":"","meta":{"site-sidebar-layout":"default","site-content-layout":"","ast-site-content-layout":"default","site-content-style":"default","site-sidebar-style":"default","ast-global-header-display":"","ast-banner-title-visibility":"","ast-main-header-display":"","ast-hfb-above-header-display":"","ast-hfb-below-header-display":"","ast-hfb-mobile-header-display":"","site-post-title":"","ast-breadcrumbs-content":"","ast-featured-img":"","footer-sml-layout":"","ast-disable-related-posts":"","theme-transparent-header-meta":"default","adv-header-id-meta":"","stick-header-meta":"","header-above-stick-meta":"","header-main-stick-meta":"","header-below-stick-meta":"","astra-migrate-meta-layouts":"set","ast-page-background-enabled":"default","ast-page-background-meta":{"desktop":{"background-color":"var(--ast-global-color-4)","background-image":"","background-repeat":"repeat","background-position":"center center","background-size":"auto","background-attachment":"scroll","background-type":"","background-media":"","overlay-type":"","overlay-color":"","overlay-opacity":"","overlay-gradient":""},"tablet":{"background-color":"","background-image":"","background-repeat":"repeat","background-position":"center center","background-size":"auto","background-attachment":"scroll","background-type":"","background-media":"","overlay-type":"","overlay-color":"","overlay-opacity":"","overlay-gradient":""},"mobile":{"background-color":"","background-image":"","background-repeat":"repeat","background-position":"center center","background-size":"auto","background-attachment":"scroll","background-type":"","background-media":"","overlay-type":"","overlay-color":"","overlay-opacity":"","overlay-gradient":""}},"ast-content-background-meta":{"desktop":{"background-color":"var(--ast-global-color-5)","background-image":"","background-repeat":"repeat","background-position":"center center","background-size":"auto","background-attachment":"scroll","background-type":"","background-media":"","overlay-type":"","overlay-color":"","overlay-opacity":"","overlay-gradient":""},"tablet":{"background-color":"var(--ast-global-color-5)","background-image":"","background-repeat":"repeat","background-position":"center center","background-size":"auto","background-attachment":"scroll","background-type":"","background-media":"","overlay-type":"","overlay-color":"","overlay-opacity":"","overlay-gradient":""},"mobile":{"background-color":"var(--ast-global-color-5)","background-image":"","background-repeat":"repeat","background-position":"center center","background-size":"auto","background-attachment":"scroll","background-type":"","background-media":"","overlay-type":"","overlay-color":"","overlay-opacity":"","overlay-gradient":""}}},"product_brand":[],"product_cat":[117,28],"product_tag":[145,118,142,152,146,147,143,141,150,151,144,148,149],"class_list":{"0":"post-2258","1":"product","2":"type-product","3":"status-publish","4":"has-post-thumbnail","6":"product_cat-all-service","7":"product_cat-passport","8":"product_tag-apply-for-ireland-passport","9":"product_tag-buy-ireland-passport","10":"product_tag-buy-real-and-fake-eu-passports-here","11":"product_tag-fake-eu-passports","12":"product_tag-german-eu-passports","13":"product_tag-germany-passports","14":"product_tag-how-and-where-to-get-an-original-eu-ukraine-passport-online","15":"product_tag-how-can-i-buy-a-real-eu-passports","16":"product_tag-italian-eu-passports","17":"product_tag-italian-passports","18":"product_tag-obtain-ireland-passport","19":"product_tag-ukrain-eu-passports","20":"product_tag-ukrain-passports","21":"desktop-align-left","22":"tablet-align-left","23":"mobile-align-left","25":"first","26":"instock","27":"shipping-taxable","28":"purchasable","29":"product-type-simple"},"yoast_head":"<!-- This site is optimized with the Yoast SEO Premium plugin v24.7 (Yoast SEO v27.1.1) - https:\/\/yoast.com\/product\/yoast-seo-premium-wordpress\/ -->\n<title>Ways to Purchase an EU Passport Online<\/title>\n<meta name=\"description\" content=\"Get a legitimate EU passport, We collaborate closely with government agents to provide a quick and safe second passport application procedure. Depending on the country you choose, acquiring second citizenship\" \/>\n<meta name=\"robots\" content=\"index, follow, max-snippet:-1, max-image-preview:large, max-video-preview:-1\" \/>\n<link rel=\"canonical\" href=\"https:\/\/permessodiguida.com\/pt\/produto\/maneiras-de-comprar-um-passaporte-da-ue-online\/\" \/>\n<meta property=\"og:locale\" content=\"pt_PT\" \/>\n<meta property=\"og:type\" content=\"article\" \/>\n<meta property=\"og:title\" content=\"Ways to Purchase an EU Passport Online\" \/>\n<meta property=\"og:description\" content=\"Get a legitimate EU passport, We collaborate closely with government agents to provide a quick and safe second passport application procedure. Depending on the country you choose, acquiring second citizenship\" \/>\n<meta property=\"og:url\" content=\"https:\/\/permessodiguida.com\/pt\/produto\/maneiras-de-comprar-um-passaporte-da-ue-online\/\" \/>\n<meta property=\"og:site_name\" content=\"Original Documents Provider\" \/>\n<meta property=\"og:image\" content=\"https:\/\/permessodiguida.com\/wp-content\/uploads\/2025\/03\/image_2025-03-20_111019551.png\" \/>\n\t<meta property=\"og:image:width\" content=\"750\" \/>\n\t<meta property=\"og:image:height\" content=\"500\" \/>\n\t<meta property=\"og:image:type\" content=\"image\/png\" \/>\n<meta name=\"twitter:card\" content=\"summary_large_image\" \/>\n<meta name=\"twitter:label1\" content=\"Tempo estimado de leitura\" \/>\n\t<meta name=\"twitter:data1\" content=\"3 minutos\" \/>\n<script type=\"application\/ld+json\" class=\"yoast-schema-graph\">{\"@context\":\"https:\/\/schema.org\",\"@graph\":[{\"@type\":\"WebPage\",\"@id\":\"https:\/\/permessodiguida.com\/product\/ways-to-purchase-an-eu-passport-online\/\",\"url\":\"https:\/\/permessodiguida.com\/product\/ways-to-purchase-an-eu-passport-online\/\",\"name\":\"Ways to Purchase an EU Passport Online\",\"isPartOf\":{\"@id\":\"https:\/\/permessodiguida.com\/#website\"},\"primaryImageOfPage\":{\"@id\":\"https:\/\/permessodiguida.com\/product\/ways-to-purchase-an-eu-passport-online\/#primaryimage\"},\"image\":{\"@id\":\"https:\/\/permessodiguida.com\/product\/ways-to-purchase-an-eu-passport-online\/#primaryimage\"},\"thumbnailUrl\":\"https:\/\/permessodiguida.com\/wp-content\/uploads\/2025\/03\/image_2025-03-20_111019551.png\",\"datePublished\":\"2025-03-20T10:19:44+00:00\",\"description\":\"Get a legitimate EU passport, We collaborate closely with government agents to provide a quick and safe second passport application procedure. Depending on the country you choose, acquiring second citizenship\",\"breadcrumb\":{\"@id\":\"https:\/\/permessodiguida.com\/product\/ways-to-purchase-an-eu-passport-online\/#breadcrumb\"},\"inLanguage\":\"pt-PT\",\"potentialAction\":[{\"@type\":\"ReadAction\",\"target\":[\"https:\/\/permessodiguida.com\/product\/ways-to-purchase-an-eu-passport-online\/\"]}]},{\"@type\":\"ImageObject\",\"inLanguage\":\"pt-PT\",\"@id\":\"https:\/\/permessodiguida.com\/product\/ways-to-purchase-an-eu-passport-online\/#primaryimage\",\"url\":\"https:\/\/permessodiguida.com\/wp-content\/uploads\/2025\/03\/image_2025-03-20_111019551.png\",\"contentUrl\":\"https:\/\/permessodiguida.com\/wp-content\/uploads\/2025\/03\/image_2025-03-20_111019551.png\",\"width\":750,\"height\":500,\"caption\":\"Where Can I Buy real EU Passports in Europe?, Advantages To Buy a genuine EU Passports online, Buy EU Passports with video proof, produced passport, EU Passports obtain How Can I buy a real EU Passports, Buy real and fake EU Passports here, How and where to get an original EU Ukraine Passport online, Buy Ireland passport, obtain Ireland passport, apply for Ireland passport, german EU Passports, germany Passports, ukrain EU Passports, ukrain Passports, italian EU Passports, italian Passports, fake EU Passports, Ukraine Passport, Fake Ukraine Passport, Ukraine Passport, Ukraine Passport online, fake Ukraine Passport, Ukraine Passport card, Ukraine legal passport, original Ukraine Passport, valid Ukraine Passport, registered Ukraine Passport\"},{\"@type\":\"BreadcrumbList\",\"@id\":\"https:\/\/permessodiguida.com\/product\/ways-to-purchase-an-eu-passport-online\/#breadcrumb\",\"itemListElement\":[{\"@type\":\"ListItem\",\"position\":1,\"name\":\"Home\",\"item\":\"https:\/\/permessodiguida.com\/\"},{\"@type\":\"ListItem\",\"position\":2,\"name\":\"All Services\",\"item\":\"https:\/\/permessodiguida.com\/shop\/\"},{\"@type\":\"ListItem\",\"position\":3,\"name\":\"Ways to Purchase an EU Passport Online\"}]},{\"@type\":\"WebSite\",\"@id\":\"https:\/\/permessodiguida.com\/#website\",\"url\":\"https:\/\/permessodiguida.com\/\",\"name\":\"Permessodiguida\",\"description\":\"Get Original Driving License And Passport\",\"publisher\":{\"@id\":\"https:\/\/permessodiguida.com\/#organization\"},\"alternateName\":\"Original Documents Provider\",\"potentialAction\":[{\"@type\":\"SearchAction\",\"target\":{\"@type\":\"EntryPoint\",\"urlTemplate\":\"https:\/\/permessodiguida.com\/?s={search_term_string}\"},\"query-input\":{\"@type\":\"PropertyValueSpecification\",\"valueRequired\":true,\"valueName\":\"search_term_string\"}}],\"inLanguage\":\"pt-PT\"},{\"@type\":\"Organization\",\"@id\":\"https:\/\/permessodiguida.com\/#organization\",\"name\":\"Permesso Di Guida\",\"alternateName\":\"Original Driving License And Passport\",\"url\":\"https:\/\/permessodiguida.com\/\",\"logo\":{\"@type\":\"ImageObject\",\"inLanguage\":\"pt-PT\",\"@id\":\"https:\/\/permessodiguida.com\/#\/schema\/logo\/image\/\",\"url\":\"https:\/\/permessodiguida.com\/wp-content\/uploads\/2024\/08\/image_2024-08-09_144906822.png\",\"contentUrl\":\"https:\/\/permessodiguida.com\/wp-content\/uploads\/2024\/08\/image_2024-08-09_144906822.png\",\"width\":687,\"height\":549,\"caption\":\"Permesso Di Guida\"},\"image\":{\"@id\":\"https:\/\/permessodiguida.com\/#\/schema\/logo\/image\/\"}}]}<\/script>\n<!-- \/ Yoast SEO Premium plugin. -->","yoast_head_json":{"title":"Formas de adquirir um passaporte da UE em linha","description":"Obter um passaporte leg\u00edtimo da UE, colaboramos estreitamente com os agentes governamentais para proporcionar um procedimento r\u00e1pido e seguro de pedido de segundo passaporte. Dependendo do pa\u00eds que escolher, a aquisi\u00e7\u00e3o de uma segunda cidadania","robots":{"index":"index","follow":"follow","max-snippet":"max-snippet:-1","max-image-preview":"max-image-preview:large","max-video-preview":"max-video-preview:-1"},"canonical":"https:\/\/permessodiguida.com\/pt\/produto\/maneiras-de-comprar-um-passaporte-da-ue-online\/","og_locale":"pt_PT","og_type":"article","og_title":"Ways to Purchase an EU Passport Online","og_description":"Get a legitimate EU passport, We collaborate closely with government agents to provide a quick and safe second passport application procedure. Depending on the country you choose, acquiring second citizenship","og_url":"https:\/\/permessodiguida.com\/pt\/produto\/maneiras-de-comprar-um-passaporte-da-ue-online\/","og_site_name":"Original Documents Provider","og_image":[{"width":750,"height":500,"url":"https:\/\/permessodiguida.com\/wp-content\/uploads\/2025\/03\/image_2025-03-20_111019551.png","type":"image\/png"}],"twitter_card":"summary_large_image","twitter_misc":{"Tempo estimado de leitura":"3 minutos"},"schema":{"@context":"https:\/\/schema.org","@graph":[{"@type":"WebPage","@id":"https:\/\/permessodiguida.com\/product\/ways-to-purchase-an-eu-passport-online\/","url":"https:\/\/permessodiguida.com\/product\/ways-to-purchase-an-eu-passport-online\/","name":"Formas de adquirir um passaporte da UE em linha","isPartOf":{"@id":"https:\/\/permessodiguida.com\/#website"},"primaryImageOfPage":{"@id":"https:\/\/permessodiguida.com\/product\/ways-to-purchase-an-eu-passport-online\/#primaryimage"},"image":{"@id":"https:\/\/permessodiguida.com\/product\/ways-to-purchase-an-eu-passport-online\/#primaryimage"},"thumbnailUrl":"https:\/\/permessodiguida.com\/wp-content\/uploads\/2025\/03\/image_2025-03-20_111019551.png","datePublished":"2025-03-20T10:19:44+00:00","description":"Obter um passaporte leg\u00edtimo da UE, colaboramos estreitamente com os agentes governamentais para proporcionar um procedimento r\u00e1pido e seguro de pedido de segundo passaporte. Dependendo do pa\u00eds que escolher, a aquisi\u00e7\u00e3o de uma segunda cidadania","breadcrumb":{"@id":"https:\/\/permessodiguida.com\/product\/ways-to-purchase-an-eu-passport-online\/#breadcrumb"},"inLanguage":"pt-PT","potentialAction":[{"@type":"ReadAction","target":["https:\/\/permessodiguida.com\/product\/ways-to-purchase-an-eu-passport-online\/"]}]},{"@type":"ImageObject","inLanguage":"pt-PT","@id":"https:\/\/permessodiguida.com\/product\/ways-to-purchase-an-eu-passport-online\/#primaryimage","url":"https:\/\/permessodiguida.com\/wp-content\/uploads\/2025\/03\/image_2025-03-20_111019551.png","contentUrl":"https:\/\/permessodiguida.com\/wp-content\/uploads\/2025\/03\/image_2025-03-20_111019551.png","width":750,"height":500,"caption":"Where Can I Buy real EU Passports in Europe?, Advantages To Buy a genuine EU Passports online, Buy EU Passports with video proof, produced passport, EU Passports obtain How Can I buy a real EU Passports, Buy real and fake EU Passports here, How and where to get an original EU Ukraine Passport online, Buy Ireland passport, obtain Ireland passport, apply for Ireland passport, german EU Passports, germany Passports, ukrain EU Passports, ukrain Passports, italian EU Passports, italian Passports, fake EU Passports, Ukraine Passport, Fake Ukraine Passport, Ukraine Passport, Ukraine Passport online, fake Ukraine Passport, Ukraine Passport card, Ukraine legal passport, original Ukraine Passport, valid Ukraine Passport, registered Ukraine Passport"},{"@type":"BreadcrumbList","@id":"https:\/\/permessodiguida.com\/product\/ways-to-purchase-an-eu-passport-online\/#breadcrumb","itemListElement":[{"@type":"ListItem","position":1,"name":"Home","item":"https:\/\/permessodiguida.com\/"},{"@type":"ListItem","position":2,"name":"All Services","item":"https:\/\/permessodiguida.com\/shop\/"},{"@type":"ListItem","position":3,"name":"Ways to Purchase an EU Passport Online"}]},{"@type":"WebSite","@id":"https:\/\/permessodiguida.com\/#website","url":"https:\/\/permessodiguida.com\/","name":"Permessodiguida","description":"Obter a carta de condu\u00e7\u00e3o e o passaporte originais","publisher":{"@id":"https:\/\/permessodiguida.com\/#organization"},"alternateName":"Original Documents Provider","potentialAction":[{"@type":"SearchAction","target":{"@type":"EntryPoint","urlTemplate":"https:\/\/permessodiguida.com\/?s={search_term_string}"},"query-input":{"@type":"PropertyValueSpecification","valueRequired":true,"valueName":"search_term_string"}}],"inLanguage":"pt-PT"},{"@type":"Organization","@id":"https:\/\/permessodiguida.com\/#organization","name":"Autoriza\u00e7\u00e3o de acesso","alternateName":"Original Driving License And Passport","url":"https:\/\/permessodiguida.com\/","logo":{"@type":"ImageObject","inLanguage":"pt-PT","@id":"https:\/\/permessodiguida.com\/#\/schema\/logo\/image\/","url":"https:\/\/permessodiguida.com\/wp-content\/uploads\/2024\/08\/image_2024-08-09_144906822.png","contentUrl":"https:\/\/permessodiguida.com\/wp-content\/uploads\/2024\/08\/image_2024-08-09_144906822.png","width":687,"height":549,"caption":"Permesso Di Guida"},"image":{"@id":"https:\/\/permessodiguida.com\/#\/schema\/logo\/image\/"}}]}},"_links":{"self":[{"href":"https:\/\/permessodiguida.com\/pt\/wp-json\/wp\/v2\/product\/2258","targetHints":{"allow":["GET"]}}],"collection":[{"href":"https:\/\/permessodiguida.com\/pt\/wp-json\/wp\/v2\/product"}],"about":[{"href":"https:\/\/permessodiguida.com\/pt\/wp-json\/wp\/v2\/types\/product"}],"replies":[{"embeddable":true,"href":"https:\/\/permessodiguida.com\/pt\/wp-json\/wp\/v2\/comments?post=2258"}],"wp:featuredmedia":[{"embeddable":true,"href":"https:\/\/permessodiguida.com\/pt\/wp-json\/wp\/v2\/media\/2259"}],"wp:attachment":[{"href":"https:\/\/permessodiguida.com\/pt\/wp-json\/wp\/v2\/media?parent=2258"}],"wp:term":[{"taxonomy":"product_brand","embeddable":true,"href":"https:\/\/permessodiguida.com\/pt\/wp-json\/wp\/v2\/product_brand?post=2258"},{"taxonomy":"product_cat","embeddable":true,"href":"https:\/\/permessodiguida.com\/pt\/wp-json\/wp\/v2\/product_cat?post=2258"},{"taxonomy":"product_tag","embeddable":true,"href":"https:\/\/permessodiguida.com\/pt\/wp-json\/wp\/v2\/product_tag?post=2258"}],"curies":[{"name":"wp","href":"https:\/\/api.w.org\/{rel}","templated":true}]}}