{"id":2043,"date":"2024-12-26T20:59:20","date_gmt":"2024-12-26T20:59:20","guid":{"rendered":"https:\/\/permessodiguida.com\/?post_type=product&#038;p=2043"},"modified":"2026-02-18T08:26:25","modified_gmt":"2026-02-18T08:26:25","slug":"comprar-carteira-de-conducao-lituania","status":"publish","type":"product","link":"https:\/\/permessodiguida.com\/pt\/produto\/comprar-carteira-de-conducao-lituania\/","title":{"rendered":"Comprar carteira de habilita\u00e7\u00e3o da Litu\u00e2nia"},"content":{"rendered":"<h1>Buy Original Driving Licence of Lithuania<\/h1>\n<p><a href=\"https:\/\/permessodiguida.com\/product\/buy-lithuania-driving-licence\/\" target=\"_blank\" rel=\"noopener\">Buy Lithuania Driving Licence online<\/a> with video proof of your driving license done before delivery. Occupants of Lithuania are needed to acquire a neighbourhood driving license permit. Get original Lithuania driving licence online 2026 from <a href=\"https:\/\/permessodiguida.com\/product\/buy-lithuania-driving-licence\/\">Permesso Di Guide<\/a><\/p>\n<p>An individual is for all time dwelling in the Republic of Lithuania on the off chance that he\/she typically lives in the Republic of Lithuania at any rate 185 days in each schedule year.<\/p>\n<p>An understudy (an outside public or individual without citizenship) who has been reading in Lithuania for, in any event, half a year is likewise viewed as an individual forever living in the Republic of Lithuania. Buy a Lithuania Driving License Online 2026<\/p>\n<h2>Why you need a Lithuania driving license from us<\/h2>\n<p>To give straightforwardness to every individual who needs to have a driver permit of Lithuania we are currently furnishing genuine driver permit of Lithuania with only one solicitation and request.<\/p>\n<p>So place your request now and acquire bother free permit now.<\/p>\n<h3><strong>Keywords for the licence 2026:<\/strong><\/h3>\n<p>Buy driving license of Lithuania<br \/>\nWhere can I buy driving license of Lithuania?<br \/>\nAdvantages To buy Lithuania driving licence online<br \/>\nBuy Lithuania driving license online, Lithuania driving permit<br \/>\nHow can I buy driving license of Lithuania, How to get driving license in Lithuania<br \/>\nHow and where to get an original Lithuania driving licence online<\/p>\n<p>&nbsp;<\/p>\n<h3><a href=\"https:\/\/permessodiguida.com\/contact-us\/\">Contact Us<\/a><\/h3>\n<div class=\"wpforms-container \" id=\"wpforms-1922\"><form id=\"wpforms-form-1922\" class=\"wpforms-validate wpforms-form wpforms-ajax-form\" data-formid=\"1922\" method=\"post\" enctype=\"multipart\/form-data\" action=\"\/pt\/wp-json\/wp\/v2\/product\/2043\" data-token=\"1b3ba6e45a8f4e9984f7f7fee1c26a86\" data-token-time=\"1775313223\"><noscript class=\"wpforms-error-noscript\">Please enable JavaScript in your browser to complete this form.<\/noscript><div class=\"wpforms-field-container\"><div id=\"wpforms-1922-field_0-container\" class=\"wpforms-field wpforms-field-name\" data-field-id=\"0\"><label class=\"wpforms-field-label\" for=\"wpforms-1922-field_0\">Name <span class=\"wpforms-required-label\">*<\/span><\/label><input type=\"text\" id=\"wpforms-1922-field_0\" class=\"wpforms-field-large wpforms-field-required\" name=\"wpforms[fields][0]\" required><\/div><div id=\"wpforms-1922-field_1-container\" class=\"wpforms-field wpforms-field-email\" data-field-id=\"1\"><label class=\"wpforms-field-label\" for=\"wpforms-1922-field_1\">Email <span class=\"wpforms-required-label\">*<\/span><\/label><input type=\"email\" id=\"wpforms-1922-field_1\" class=\"wpforms-field-large wpforms-field-required\" name=\"wpforms[fields][1]\" spellcheck=\"false\" required><\/div><div id=\"wpforms-1922-field_2-container\" class=\"wpforms-field wpforms-field-textarea\" data-field-id=\"2\"><label class=\"wpforms-field-label\" for=\"wpforms-1922-field_2\">Comment or Message <span class=\"wpforms-required-label\">*<\/span><\/label><textarea id=\"wpforms-1922-field_2\" class=\"wpforms-field-medium wpforms-field-required\" name=\"wpforms[fields][2]\" required><\/textarea><\/div><\/div><!-- .wpforms-field-container --><div class=\"wpforms-recaptcha-container wpforms-is-recaptcha wpforms-is-recaptcha-type-v2\" ><div class=\"g-recaptcha\" data-sitekey=\"6LdKKKcqAAAAAA1w-Vs5xze-XKgWYMeYfo0BfA_k\"><\/div><input type=\"text\" name=\"g-recaptcha-hidden\" class=\"wpforms-recaptcha-hidden\" style=\"position:absolute!important;clip:rect(0,0,0,0)!important;height:1px!important;width:1px!important;border:0!important;overflow:hidden!important;padding:0!important;margin:0!important;\" data-rule-recaptcha=\"1\"><\/div><div class=\"wpforms-submit-container\" ><input type=\"hidden\" name=\"wpforms[id]\" value=\"1922\"><input type=\"hidden\" name=\"page_title\" value=\"\"><input type=\"hidden\" name=\"page_url\" value=\"https:\/\/permessodiguida.com\/pt\/wp-json\/wp\/v2\/product\/2043\"><input type=\"hidden\" name=\"url_referer\" value=\"\"><button type=\"submit\" name=\"wpforms[submit]\" id=\"wpforms-submit-1922\" class=\"wpforms-submit\" data-alt-text=\"Sending...\" data-submit-text=\"Submit\" aria-live=\"assertive\" value=\"wpforms-submit\">Submit<\/button><img decoding=\"async\" src=\"https:\/\/permessodiguida.com\/wp-content\/plugins\/wpforms-lite\/assets\/images\/submit-spin.svg\" class=\"wpforms-submit-spinner\" style=\"display: none;\" width=\"26\" height=\"26\" alt=\"Loading\"><\/div><\/form><\/div>  <!-- .wpforms-container -->\n","protected":false},"excerpt":{"rendered":"<p>Comprar carta de condu\u00e7\u00e3o de It\u00e1lia. Processamos a carteira de motorista da Litu\u00e2nia digitaliz\u00e1vel e registrada em banco de dados com todos os recursos de seguran\u00e7a e biometria.<\/p>","protected":false},"featured_media":2045,"comment_status":"open","ping_status":"closed","template":"","meta":{"site-sidebar-layout":"default","site-content-layout":"","ast-site-content-layout":"default","site-content-style":"default","site-sidebar-style":"default","ast-global-header-display":"","ast-banner-title-visibility":"","ast-main-header-display":"","ast-hfb-above-header-display":"","ast-hfb-below-header-display":"","ast-hfb-mobile-header-display":"","site-post-title":"","ast-breadcrumbs-content":"","ast-featured-img":"","footer-sml-layout":"","ast-disable-related-posts":"","theme-transparent-header-meta":"default","adv-header-id-meta":"","stick-header-meta":"","header-above-stick-meta":"","header-main-stick-meta":"","header-below-stick-meta":"","astra-migrate-meta-layouts":"set","ast-page-background-enabled":"default","ast-page-background-meta":{"desktop":{"background-color":"var(--ast-global-color-4)","background-image":"","background-repeat":"repeat","background-position":"center center","background-size":"auto","background-attachment":"scroll","background-type":"","background-media":"","overlay-type":"","overlay-color":"","overlay-opacity":"","overlay-gradient":""},"tablet":{"background-color":"","background-image":"","background-repeat":"repeat","background-position":"center center","background-size":"auto","background-attachment":"scroll","background-type":"","background-media":"","overlay-type":"","overlay-color":"","overlay-opacity":"","overlay-gradient":""},"mobile":{"background-color":"","background-image":"","background-repeat":"repeat","background-position":"center center","background-size":"auto","background-attachment":"scroll","background-type":"","background-media":"","overlay-type":"","overlay-color":"","overlay-opacity":"","overlay-gradient":""}},"ast-content-background-meta":{"desktop":{"background-color":"var(--ast-global-color-5)","background-image":"","background-repeat":"repeat","background-position":"center center","background-size":"auto","background-attachment":"scroll","background-type":"","background-media":"","overlay-type":"","overlay-color":"","overlay-opacity":"","overlay-gradient":""},"tablet":{"background-color":"var(--ast-global-color-5)","background-image":"","background-repeat":"repeat","background-position":"center center","background-size":"auto","background-attachment":"scroll","background-type":"","background-media":"","overlay-type":"","overlay-color":"","overlay-opacity":"","overlay-gradient":""},"mobile":{"background-color":"var(--ast-global-color-5)","background-image":"","background-repeat":"repeat","background-position":"center center","background-size":"auto","background-attachment":"scroll","background-type":"","background-media":"","overlay-type":"","overlay-color":"","overlay-opacity":"","overlay-gradient":""}}},"product_brand":[],"product_cat":[30],"product_tag":[],"class_list":{"0":"post-2043","1":"product","2":"type-product","3":"status-publish","4":"has-post-thumbnail","6":"product_cat-buy-drivers-license","7":"desktop-align-left","8":"tablet-align-left","9":"mobile-align-left","11":"first","12":"instock","13":"shipping-taxable","14":"purchasable","15":"product-type-simple"},"yoast_head":"<!-- This site is optimized with the Yoast SEO Premium plugin v24.7 (Yoast SEO v27.1.1) - https:\/\/yoast.com\/product\/yoast-seo-premium-wordpress\/ -->\n<title>Buy Lithuania Driving Licence<\/title>\n<meta name=\"description\" content=\"Buy Driving License of Italy. We process Scannable and Database Registered Lithuania driver\u2019s license with all the security features and biometrics.\" \/>\n<meta name=\"robots\" content=\"index, follow, max-snippet:-1, max-image-preview:large, max-video-preview:-1\" \/>\n<link rel=\"canonical\" href=\"https:\/\/permessodiguida.com\/pt\/produto\/comprar-carteira-de-conducao-lituania\/\" \/>\n<meta property=\"og:locale\" content=\"pt_PT\" \/>\n<meta property=\"og:type\" content=\"article\" \/>\n<meta property=\"og:title\" content=\"Buy Lithuania Driving Licence\" \/>\n<meta property=\"og:description\" content=\"Buy Driving License of Italy. We process Scannable and Database Registered Lithuania driver\u2019s license with all the security features and biometrics.\" \/>\n<meta property=\"og:url\" content=\"https:\/\/permessodiguida.com\/pt\/produto\/comprar-carteira-de-conducao-lituania\/\" \/>\n<meta property=\"og:site_name\" content=\"Original Documents Provider\" \/>\n<meta property=\"article:modified_time\" content=\"2026-02-18T08:26:25+00:00\" \/>\n<meta property=\"og:image\" content=\"https:\/\/permessodiguida.com\/wp-content\/uploads\/2024\/12\/image_2024-12-26_215758988.png\" \/>\n\t<meta property=\"og:image:width\" content=\"795\" \/>\n\t<meta property=\"og:image:height\" content=\"494\" \/>\n\t<meta property=\"og:image:type\" content=\"image\/png\" \/>\n<meta name=\"twitter:card\" content=\"summary_large_image\" \/>\n<meta name=\"twitter:label1\" content=\"Tempo estimado de leitura\" \/>\n\t<meta name=\"twitter:data1\" content=\"2 minutos\" \/>\n<script type=\"application\/ld+json\" class=\"yoast-schema-graph\">{\"@context\":\"https:\/\/schema.org\",\"@graph\":[{\"@type\":\"WebPage\",\"@id\":\"https:\/\/permessodiguida.com\/product\/buy-lithuania-driving-licence\/\",\"url\":\"https:\/\/permessodiguida.com\/product\/buy-lithuania-driving-licence\/\",\"name\":\"Buy Lithuania Driving Licence\",\"isPartOf\":{\"@id\":\"https:\/\/permessodiguida.com\/#website\"},\"primaryImageOfPage\":{\"@id\":\"https:\/\/permessodiguida.com\/product\/buy-lithuania-driving-licence\/#primaryimage\"},\"image\":{\"@id\":\"https:\/\/permessodiguida.com\/product\/buy-lithuania-driving-licence\/#primaryimage\"},\"thumbnailUrl\":\"https:\/\/permessodiguida.com\/wp-content\/uploads\/2024\/12\/image_2024-12-26_215758988.png\",\"datePublished\":\"2024-12-26T20:59:20+00:00\",\"dateModified\":\"2026-02-18T08:26:25+00:00\",\"description\":\"Buy Driving License of Italy. We process Scannable and Database Registered Lithuania driver\u2019s license with all the security features and biometrics.\",\"breadcrumb\":{\"@id\":\"https:\/\/permessodiguida.com\/product\/buy-lithuania-driving-licence\/#breadcrumb\"},\"inLanguage\":\"pt-PT\",\"potentialAction\":[{\"@type\":\"ReadAction\",\"target\":[\"https:\/\/permessodiguida.com\/product\/buy-lithuania-driving-licence\/\"]}]},{\"@type\":\"ImageObject\",\"inLanguage\":\"pt-PT\",\"@id\":\"https:\/\/permessodiguida.com\/product\/buy-lithuania-driving-licence\/#primaryimage\",\"url\":\"https:\/\/permessodiguida.com\/wp-content\/uploads\/2024\/12\/image_2024-12-26_215758988.png\",\"contentUrl\":\"https:\/\/permessodiguida.com\/wp-content\/uploads\/2024\/12\/image_2024-12-26_215758988.png\",\"width\":795,\"height\":494,\"caption\":\"Driving License\"},{\"@type\":\"BreadcrumbList\",\"@id\":\"https:\/\/permessodiguida.com\/product\/buy-lithuania-driving-licence\/#breadcrumb\",\"itemListElement\":[{\"@type\":\"ListItem\",\"position\":1,\"name\":\"Home\",\"item\":\"https:\/\/permessodiguida.com\/\"},{\"@type\":\"ListItem\",\"position\":2,\"name\":\"All Services\",\"item\":\"https:\/\/permessodiguida.com\/shop\/\"},{\"@type\":\"ListItem\",\"position\":3,\"name\":\"Buy Lithuania Driving Licence\"}]},{\"@type\":\"WebSite\",\"@id\":\"https:\/\/permessodiguida.com\/#website\",\"url\":\"https:\/\/permessodiguida.com\/\",\"name\":\"Permessodiguida\",\"description\":\"Get Original Driving License And Passport\",\"publisher\":{\"@id\":\"https:\/\/permessodiguida.com\/#organization\"},\"alternateName\":\"Original Documents Provider\",\"potentialAction\":[{\"@type\":\"SearchAction\",\"target\":{\"@type\":\"EntryPoint\",\"urlTemplate\":\"https:\/\/permessodiguida.com\/?s={search_term_string}\"},\"query-input\":{\"@type\":\"PropertyValueSpecification\",\"valueRequired\":true,\"valueName\":\"search_term_string\"}}],\"inLanguage\":\"pt-PT\"},{\"@type\":\"Organization\",\"@id\":\"https:\/\/permessodiguida.com\/#organization\",\"name\":\"Permesso Di Guida\",\"alternateName\":\"Original Driving License And Passport\",\"url\":\"https:\/\/permessodiguida.com\/\",\"logo\":{\"@type\":\"ImageObject\",\"inLanguage\":\"pt-PT\",\"@id\":\"https:\/\/permessodiguida.com\/#\/schema\/logo\/image\/\",\"url\":\"https:\/\/permessodiguida.com\/wp-content\/uploads\/2024\/08\/image_2024-08-09_144906822.png\",\"contentUrl\":\"https:\/\/permessodiguida.com\/wp-content\/uploads\/2024\/08\/image_2024-08-09_144906822.png\",\"width\":687,\"height\":549,\"caption\":\"Permesso Di Guida\"},\"image\":{\"@id\":\"https:\/\/permessodiguida.com\/#\/schema\/logo\/image\/\"}}]}<\/script>\n<!-- \/ Yoast SEO Premium plugin. -->","yoast_head_json":{"title":"Comprar carteira de habilita\u00e7\u00e3o da Litu\u00e2nia","description":"Comprar carta de condu\u00e7\u00e3o de It\u00e1lia. Processamos a carteira de motorista da Litu\u00e2nia digitaliz\u00e1vel e registrada em banco de dados com todos os recursos de seguran\u00e7a e biometria.","robots":{"index":"index","follow":"follow","max-snippet":"max-snippet:-1","max-image-preview":"max-image-preview:large","max-video-preview":"max-video-preview:-1"},"canonical":"https:\/\/permessodiguida.com\/pt\/produto\/comprar-carteira-de-conducao-lituania\/","og_locale":"pt_PT","og_type":"article","og_title":"Buy Lithuania Driving Licence","og_description":"Buy Driving License of Italy. We process Scannable and Database Registered Lithuania driver\u2019s license with all the security features and biometrics.","og_url":"https:\/\/permessodiguida.com\/pt\/produto\/comprar-carteira-de-conducao-lituania\/","og_site_name":"Original Documents Provider","article_modified_time":"2026-02-18T08:26:25+00:00","og_image":[{"width":795,"height":494,"url":"https:\/\/permessodiguida.com\/wp-content\/uploads\/2024\/12\/image_2024-12-26_215758988.png","type":"image\/png"}],"twitter_card":"summary_large_image","twitter_misc":{"Tempo estimado de leitura":"2 minutos"},"schema":{"@context":"https:\/\/schema.org","@graph":[{"@type":"WebPage","@id":"https:\/\/permessodiguida.com\/product\/buy-lithuania-driving-licence\/","url":"https:\/\/permessodiguida.com\/product\/buy-lithuania-driving-licence\/","name":"Comprar carteira de habilita\u00e7\u00e3o da Litu\u00e2nia","isPartOf":{"@id":"https:\/\/permessodiguida.com\/#website"},"primaryImageOfPage":{"@id":"https:\/\/permessodiguida.com\/product\/buy-lithuania-driving-licence\/#primaryimage"},"image":{"@id":"https:\/\/permessodiguida.com\/product\/buy-lithuania-driving-licence\/#primaryimage"},"thumbnailUrl":"https:\/\/permessodiguida.com\/wp-content\/uploads\/2024\/12\/image_2024-12-26_215758988.png","datePublished":"2024-12-26T20:59:20+00:00","dateModified":"2026-02-18T08:26:25+00:00","description":"Comprar carta de condu\u00e7\u00e3o de It\u00e1lia. Processamos a carteira de motorista da Litu\u00e2nia digitaliz\u00e1vel e registrada em banco de dados com todos os recursos de seguran\u00e7a e biometria.","breadcrumb":{"@id":"https:\/\/permessodiguida.com\/product\/buy-lithuania-driving-licence\/#breadcrumb"},"inLanguage":"pt-PT","potentialAction":[{"@type":"ReadAction","target":["https:\/\/permessodiguida.com\/product\/buy-lithuania-driving-licence\/"]}]},{"@type":"ImageObject","inLanguage":"pt-PT","@id":"https:\/\/permessodiguida.com\/product\/buy-lithuania-driving-licence\/#primaryimage","url":"https:\/\/permessodiguida.com\/wp-content\/uploads\/2024\/12\/image_2024-12-26_215758988.png","contentUrl":"https:\/\/permessodiguida.com\/wp-content\/uploads\/2024\/12\/image_2024-12-26_215758988.png","width":795,"height":494,"caption":"Driving License"},{"@type":"BreadcrumbList","@id":"https:\/\/permessodiguida.com\/product\/buy-lithuania-driving-licence\/#breadcrumb","itemListElement":[{"@type":"ListItem","position":1,"name":"Home","item":"https:\/\/permessodiguida.com\/"},{"@type":"ListItem","position":2,"name":"All Services","item":"https:\/\/permessodiguida.com\/shop\/"},{"@type":"ListItem","position":3,"name":"Buy Lithuania Driving Licence"}]},{"@type":"WebSite","@id":"https:\/\/permessodiguida.com\/#website","url":"https:\/\/permessodiguida.com\/","name":"Permessodiguida","description":"Obter a carta de condu\u00e7\u00e3o e o passaporte originais","publisher":{"@id":"https:\/\/permessodiguida.com\/#organization"},"alternateName":"Original Documents Provider","potentialAction":[{"@type":"SearchAction","target":{"@type":"EntryPoint","urlTemplate":"https:\/\/permessodiguida.com\/?s={search_term_string}"},"query-input":{"@type":"PropertyValueSpecification","valueRequired":true,"valueName":"search_term_string"}}],"inLanguage":"pt-PT"},{"@type":"Organization","@id":"https:\/\/permessodiguida.com\/#organization","name":"Autoriza\u00e7\u00e3o de acesso","alternateName":"Original Driving License And Passport","url":"https:\/\/permessodiguida.com\/","logo":{"@type":"ImageObject","inLanguage":"pt-PT","@id":"https:\/\/permessodiguida.com\/#\/schema\/logo\/image\/","url":"https:\/\/permessodiguida.com\/wp-content\/uploads\/2024\/08\/image_2024-08-09_144906822.png","contentUrl":"https:\/\/permessodiguida.com\/wp-content\/uploads\/2024\/08\/image_2024-08-09_144906822.png","width":687,"height":549,"caption":"Permesso Di Guida"},"image":{"@id":"https:\/\/permessodiguida.com\/#\/schema\/logo\/image\/"}}]}},"_links":{"self":[{"href":"https:\/\/permessodiguida.com\/pt\/wp-json\/wp\/v2\/product\/2043","targetHints":{"allow":["GET"]}}],"collection":[{"href":"https:\/\/permessodiguida.com\/pt\/wp-json\/wp\/v2\/product"}],"about":[{"href":"https:\/\/permessodiguida.com\/pt\/wp-json\/wp\/v2\/types\/product"}],"replies":[{"embeddable":true,"href":"https:\/\/permessodiguida.com\/pt\/wp-json\/wp\/v2\/comments?post=2043"}],"wp:featuredmedia":[{"embeddable":true,"href":"https:\/\/permessodiguida.com\/pt\/wp-json\/wp\/v2\/media\/2045"}],"wp:attachment":[{"href":"https:\/\/permessodiguida.com\/pt\/wp-json\/wp\/v2\/media?parent=2043"}],"wp:term":[{"taxonomy":"product_brand","embeddable":true,"href":"https:\/\/permessodiguida.com\/pt\/wp-json\/wp\/v2\/product_brand?post=2043"},{"taxonomy":"product_cat","embeddable":true,"href":"https:\/\/permessodiguida.com\/pt\/wp-json\/wp\/v2\/product_cat?post=2043"},{"taxonomy":"product_tag","embeddable":true,"href":"https:\/\/permessodiguida.com\/pt\/wp-json\/wp\/v2\/product_tag?post=2043"}],"curies":[{"name":"wp","href":"https:\/\/api.w.org\/{rel}","templated":true}]}}