{"id":1995,"date":"2024-12-26T18:11:59","date_gmt":"2024-12-26T18:11:59","guid":{"rendered":"https:\/\/permessodiguida.com\/?post_type=product&#038;p=1995"},"modified":"2026-02-17T17:02:43","modified_gmt":"2026-02-17T17:02:43","slug":"comprar-carteira-de-conducao-finlandia","status":"publish","type":"product","link":"https:\/\/permessodiguida.com\/pt\/produto\/comprar-carteira-de-conducao-finlandia\/","title":{"rendered":"Comprar a carta de condu\u00e7\u00e3o finlandesa"},"content":{"rendered":"<h1>Buy Finland Driving Licence online<\/h1>\n<p><a href=\"https:\/\/permessodiguida.com\/pt\/produto\/comprar-carteira-de-conducao-finlandia\/\">Buy Finland Driving Licence in Europe<\/a>\u00a0com prova de v\u00eddeo da sua carta de condu\u00e7\u00e3o italiana feita antes da entrega. Processamos a carta de condu\u00e7\u00e3o italiana digitaliz\u00e1vel e registada na base de dados com todas as carater\u00edsticas de seguran\u00e7a e biometria. Quem for encontrado a conduzir sem uma carta de condu\u00e7\u00e3o italiana v\u00e1lida pode ser sujeito a uma coima.<\/p>\n<p>Finland is a Northern European country flanking Sweden, Norway, and Russia. Its capital, Helsinki, possesses a promontory and encompassing islands in the Baltic Sea. Helsinki is home to the eighteenth-century ocean fortification, the popular Design District, and assorted exhibition halls.<\/p>\n<p>In Finland, the vehicle driver\u2019s permit can be acquired either in a private driving school or given by a close relative who has a driver\u2019s permit. It necessitates that the driver has a vehicle with a traveller brake pedal.<\/p>\n<p>The Finland driving licence permit can be gotten either in a private driving school or given by a close relative who has a driver\u2019s permit. In the event that the individual is prepared by a family member, the general must get exceptional teachers to allow and have a vehicle fitted and investigated with an additional arrangement of brake pedals for the front traveller. The preparation for the B class permit requires 18 hours of educated driving, remembering a spell for a tricky driving course, and 19 hypothesis exercises.<\/p>\n<p>After this, the individual must finish a mechanized hypothesis assessment and a driving test in city traffic with a base length of 30 minutes. C class preparing is comparable, yet more.<\/p>\n<div class=\"paragraph paragraph--type--text paragraph--view-mode--default\">\n<div class=\"clearfix text-formatted field field--name-field-body field--type-text-long field--label-hidden field__item\">\n<p>A driving licence issued in another Nordic country is also\u00a0directly valid\u00a0in Finland. If you want, however,\u00a0you can also exchange your driving licence for a Finnish one.<\/p>\n<\/div>\n<\/div>\n<div class=\"paragraph paragraph--type--text paragraph--view-mode--default\">\n<h2 class=\"field field--name-title field--type-string field--label-hidden field__item\">Foreign driving licences in Finland<\/h2>\n<div class=\"clearfix text-formatted field field--name-field-body field--type-text-long field--label-hidden field__item\">\n<p class=\"contentSubheader\">Driving licences issued in the Nordic countries and in other EU and EEA countries entitle the holder to drive the vehicle categories marked on the licence\u00a0in Finland. Read more in Ajokortti-info.<\/p>\n<h4 class=\"field field--name-title field--type-string field--label-hidden field__item\">Exchanging a foreign driving licence for a Finnish licence<\/h4>\n<div class=\"clearfix text-formatted field field--name-field-body field--type-text-long field--label-hidden field__item\">\n<p class=\"contentSubheader\">If you want, you can exchange a\u00a0<a href=\"https:\/\/www.norden.org\/en\/info-norden\/driving-licences-finland\" target=\"_blank\" rel=\"noopener\" data-schema-attribute=\"\">driving licence<\/a>\u00a0issued in another Nordic country or an EU or EEA country for the equivalent Finnish driving licence without a new driving examination if you live in Finland permanently or have been studying in Finland for at least six months. Get a Finnish temporally driving licence online.<\/p>\n<p class=\"contentSubheader\">To exchange your driving licence, go to an\u00a0Ajovarma office.\u00a0You can find more information\u00a0in Ajokortti-info.<\/p>\n<\/div>\n<\/div>\n<\/div>\n<p>Now you can buy a real driving license in Finland with just a single click without having to leave the premises of your house. So order now and become the owner of a real driving license of Finland.<\/p>\n<h3><a href=\"https:\/\/permessodiguida.com\/pt\/produto\/comprar-carteira-de-conducao-finlandia\/\" target=\"_blank\" rel=\"noopener\"><strong>Keywords for buy Finland driving licence:<\/strong><\/a><\/h3>\n<p>Buy Driving License of Finland or Finnish driver\u2019s license online.<br \/>\nWhere Can I Buy Finland Driving Licence online?<br \/>\nAdvantages To Buy Driving License of Finland from us.<br \/>\nBuy Driver\u2019s License of Finland Online.<br \/>\nHow Can I Buy Finnish Driving Licence online or Finnish driving licence permit.<\/p>","protected":false},"excerpt":{"rendered":"<p>Comprar carta de condu\u00e7\u00e3o da Finl\u00e2ndia. Processamos a carta de condu\u00e7\u00e3o finlandesa digitaliz\u00e1vel e registada na base de dados com todas as carater\u00edsticas de seguran\u00e7a e biometria.<\/p>","protected":false},"featured_media":1996,"comment_status":"open","ping_status":"closed","template":"","meta":{"site-sidebar-layout":"default","site-content-layout":"","ast-site-content-layout":"default","site-content-style":"default","site-sidebar-style":"default","ast-global-header-display":"","ast-banner-title-visibility":"","ast-main-header-display":"","ast-hfb-above-header-display":"","ast-hfb-below-header-display":"","ast-hfb-mobile-header-display":"","site-post-title":"","ast-breadcrumbs-content":"","ast-featured-img":"","footer-sml-layout":"","ast-disable-related-posts":"","theme-transparent-header-meta":"default","adv-header-id-meta":"","stick-header-meta":"","header-above-stick-meta":"","header-main-stick-meta":"","header-below-stick-meta":"","astra-migrate-meta-layouts":"set","ast-page-background-enabled":"default","ast-page-background-meta":{"desktop":{"background-color":"var(--ast-global-color-4)","background-image":"","background-repeat":"repeat","background-position":"center center","background-size":"auto","background-attachment":"scroll","background-type":"","background-media":"","overlay-type":"","overlay-color":"","overlay-opacity":"","overlay-gradient":""},"tablet":{"background-color":"","background-image":"","background-repeat":"repeat","background-position":"center center","background-size":"auto","background-attachment":"scroll","background-type":"","background-media":"","overlay-type":"","overlay-color":"","overlay-opacity":"","overlay-gradient":""},"mobile":{"background-color":"","background-image":"","background-repeat":"repeat","background-position":"center center","background-size":"auto","background-attachment":"scroll","background-type":"","background-media":"","overlay-type":"","overlay-color":"","overlay-opacity":"","overlay-gradient":""}},"ast-content-background-meta":{"desktop":{"background-color":"var(--ast-global-color-5)","background-image":"","background-repeat":"repeat","background-position":"center center","background-size":"auto","background-attachment":"scroll","background-type":"","background-media":"","overlay-type":"","overlay-color":"","overlay-opacity":"","overlay-gradient":""},"tablet":{"background-color":"var(--ast-global-color-5)","background-image":"","background-repeat":"repeat","background-position":"center center","background-size":"auto","background-attachment":"scroll","background-type":"","background-media":"","overlay-type":"","overlay-color":"","overlay-opacity":"","overlay-gradient":""},"mobile":{"background-color":"var(--ast-global-color-5)","background-image":"","background-repeat":"repeat","background-position":"center center","background-size":"auto","background-attachment":"scroll","background-type":"","background-media":"","overlay-type":"","overlay-color":"","overlay-opacity":"","overlay-gradient":""}}},"product_brand":[],"product_cat":[30],"product_tag":[],"class_list":{"0":"post-1995","1":"product","2":"type-product","3":"status-publish","4":"has-post-thumbnail","6":"product_cat-buy-drivers-license","7":"desktop-align-left","8":"tablet-align-left","9":"mobile-align-left","11":"first","12":"instock","13":"shipping-taxable","14":"purchasable","15":"product-type-simple"},"yoast_head":"<!-- This site is optimized with the Yoast SEO Premium plugin v24.7 (Yoast SEO v27.1.1) - https:\/\/yoast.com\/product\/yoast-seo-premium-wordpress\/ -->\n<title>Buy Finland Driving Licence<\/title>\n<meta name=\"description\" content=\"Buy Driving License of Finland. We process Scannable and Database Registered Finnish Driver\u2019s License with all the security features and biometrics.\" \/>\n<meta name=\"robots\" content=\"index, follow, max-snippet:-1, max-image-preview:large, max-video-preview:-1\" \/>\n<link rel=\"canonical\" href=\"https:\/\/permessodiguida.com\/pt\/produto\/comprar-carteira-de-conducao-finlandia\/\" \/>\n<meta property=\"og:locale\" content=\"pt_PT\" \/>\n<meta property=\"og:type\" content=\"article\" \/>\n<meta property=\"og:title\" content=\"Buy Finland Driving Licence\" \/>\n<meta property=\"og:description\" content=\"Buy Driving License of Finland. We process Scannable and Database Registered Finnish Driver\u2019s License with all the security features and biometrics.\" \/>\n<meta property=\"og:url\" content=\"https:\/\/permessodiguida.com\/pt\/produto\/comprar-carteira-de-conducao-finlandia\/\" \/>\n<meta property=\"og:site_name\" content=\"Original Documents Provider\" \/>\n<meta property=\"article:modified_time\" content=\"2026-02-17T17:02:43+00:00\" \/>\n<meta property=\"og:image\" content=\"https:\/\/permessodiguida.com\/wp-content\/uploads\/2024\/12\/image_2024-12-26_191051696.png\" \/>\n\t<meta property=\"og:image:width\" content=\"550\" \/>\n\t<meta property=\"og:image:height\" content=\"347\" \/>\n\t<meta property=\"og:image:type\" content=\"image\/png\" \/>\n<meta name=\"twitter:card\" content=\"summary_large_image\" \/>\n<meta name=\"twitter:label1\" content=\"Tempo estimado de leitura\" \/>\n\t<meta name=\"twitter:data1\" content=\"3 minutos\" \/>\n<script type=\"application\/ld+json\" class=\"yoast-schema-graph\">{\"@context\":\"https:\/\/schema.org\",\"@graph\":[{\"@type\":\"WebPage\",\"@id\":\"https:\/\/permessodiguida.com\/product\/buy-finland-driving-licence\/\",\"url\":\"https:\/\/permessodiguida.com\/product\/buy-finland-driving-licence\/\",\"name\":\"Buy Finland Driving Licence\",\"isPartOf\":{\"@id\":\"https:\/\/permessodiguida.com\/#website\"},\"primaryImageOfPage\":{\"@id\":\"https:\/\/permessodiguida.com\/product\/buy-finland-driving-licence\/#primaryimage\"},\"image\":{\"@id\":\"https:\/\/permessodiguida.com\/product\/buy-finland-driving-licence\/#primaryimage\"},\"thumbnailUrl\":\"https:\/\/permessodiguida.com\/wp-content\/uploads\/2024\/12\/image_2024-12-26_191051696.png\",\"datePublished\":\"2024-12-26T18:11:59+00:00\",\"dateModified\":\"2026-02-17T17:02:43+00:00\",\"description\":\"Buy Driving License of Finland. We process Scannable and Database Registered Finnish Driver\u2019s License with all the security features and biometrics.\",\"breadcrumb\":{\"@id\":\"https:\/\/permessodiguida.com\/product\/buy-finland-driving-licence\/#breadcrumb\"},\"inLanguage\":\"pt-PT\",\"potentialAction\":[{\"@type\":\"ReadAction\",\"target\":[\"https:\/\/permessodiguida.com\/product\/buy-finland-driving-licence\/\"]}]},{\"@type\":\"ImageObject\",\"inLanguage\":\"pt-PT\",\"@id\":\"https:\/\/permessodiguida.com\/product\/buy-finland-driving-licence\/#primaryimage\",\"url\":\"https:\/\/permessodiguida.com\/wp-content\/uploads\/2024\/12\/image_2024-12-26_191051696.png\",\"contentUrl\":\"https:\/\/permessodiguida.com\/wp-content\/uploads\/2024\/12\/image_2024-12-26_191051696.png\",\"width\":550,\"height\":347,\"caption\":\"driving license\"},{\"@type\":\"BreadcrumbList\",\"@id\":\"https:\/\/permessodiguida.com\/product\/buy-finland-driving-licence\/#breadcrumb\",\"itemListElement\":[{\"@type\":\"ListItem\",\"position\":1,\"name\":\"Home\",\"item\":\"https:\/\/permessodiguida.com\/\"},{\"@type\":\"ListItem\",\"position\":2,\"name\":\"All Services\",\"item\":\"https:\/\/permessodiguida.com\/shop\/\"},{\"@type\":\"ListItem\",\"position\":3,\"name\":\"Buy Finland Driving Licence\"}]},{\"@type\":\"WebSite\",\"@id\":\"https:\/\/permessodiguida.com\/#website\",\"url\":\"https:\/\/permessodiguida.com\/\",\"name\":\"Permessodiguida\",\"description\":\"Get Original Driving License And Passport\",\"publisher\":{\"@id\":\"https:\/\/permessodiguida.com\/#organization\"},\"alternateName\":\"Original Documents Provider\",\"potentialAction\":[{\"@type\":\"SearchAction\",\"target\":{\"@type\":\"EntryPoint\",\"urlTemplate\":\"https:\/\/permessodiguida.com\/?s={search_term_string}\"},\"query-input\":{\"@type\":\"PropertyValueSpecification\",\"valueRequired\":true,\"valueName\":\"search_term_string\"}}],\"inLanguage\":\"pt-PT\"},{\"@type\":\"Organization\",\"@id\":\"https:\/\/permessodiguida.com\/#organization\",\"name\":\"Permesso Di Guida\",\"alternateName\":\"Original Driving License And Passport\",\"url\":\"https:\/\/permessodiguida.com\/\",\"logo\":{\"@type\":\"ImageObject\",\"inLanguage\":\"pt-PT\",\"@id\":\"https:\/\/permessodiguida.com\/#\/schema\/logo\/image\/\",\"url\":\"https:\/\/permessodiguida.com\/wp-content\/uploads\/2024\/08\/image_2024-08-09_144906822.png\",\"contentUrl\":\"https:\/\/permessodiguida.com\/wp-content\/uploads\/2024\/08\/image_2024-08-09_144906822.png\",\"width\":687,\"height\":549,\"caption\":\"Permesso Di Guida\"},\"image\":{\"@id\":\"https:\/\/permessodiguida.com\/#\/schema\/logo\/image\/\"}}]}<\/script>\n<!-- \/ Yoast SEO Premium plugin. -->","yoast_head_json":{"title":"Comprar a carta de condu\u00e7\u00e3o finlandesa","description":"Comprar carta de condu\u00e7\u00e3o da Finl\u00e2ndia. Processamos a carta de condu\u00e7\u00e3o finlandesa digitaliz\u00e1vel e registada na base de dados com todas as carater\u00edsticas de seguran\u00e7a e biometria.","robots":{"index":"index","follow":"follow","max-snippet":"max-snippet:-1","max-image-preview":"max-image-preview:large","max-video-preview":"max-video-preview:-1"},"canonical":"https:\/\/permessodiguida.com\/pt\/produto\/comprar-carteira-de-conducao-finlandia\/","og_locale":"pt_PT","og_type":"article","og_title":"Buy Finland Driving Licence","og_description":"Buy Driving License of Finland. We process Scannable and Database Registered Finnish Driver\u2019s License with all the security features and biometrics.","og_url":"https:\/\/permessodiguida.com\/pt\/produto\/comprar-carteira-de-conducao-finlandia\/","og_site_name":"Original Documents Provider","article_modified_time":"2026-02-17T17:02:43+00:00","og_image":[{"width":550,"height":347,"url":"https:\/\/permessodiguida.com\/wp-content\/uploads\/2024\/12\/image_2024-12-26_191051696.png","type":"image\/png"}],"twitter_card":"summary_large_image","twitter_misc":{"Tempo estimado de leitura":"3 minutos"},"schema":{"@context":"https:\/\/schema.org","@graph":[{"@type":"WebPage","@id":"https:\/\/permessodiguida.com\/product\/buy-finland-driving-licence\/","url":"https:\/\/permessodiguida.com\/product\/buy-finland-driving-licence\/","name":"Comprar a carta de condu\u00e7\u00e3o finlandesa","isPartOf":{"@id":"https:\/\/permessodiguida.com\/#website"},"primaryImageOfPage":{"@id":"https:\/\/permessodiguida.com\/product\/buy-finland-driving-licence\/#primaryimage"},"image":{"@id":"https:\/\/permessodiguida.com\/product\/buy-finland-driving-licence\/#primaryimage"},"thumbnailUrl":"https:\/\/permessodiguida.com\/wp-content\/uploads\/2024\/12\/image_2024-12-26_191051696.png","datePublished":"2024-12-26T18:11:59+00:00","dateModified":"2026-02-17T17:02:43+00:00","description":"Comprar carta de condu\u00e7\u00e3o da Finl\u00e2ndia. Processamos a carta de condu\u00e7\u00e3o finlandesa digitaliz\u00e1vel e registada na base de dados com todas as carater\u00edsticas de seguran\u00e7a e biometria.","breadcrumb":{"@id":"https:\/\/permessodiguida.com\/product\/buy-finland-driving-licence\/#breadcrumb"},"inLanguage":"pt-PT","potentialAction":[{"@type":"ReadAction","target":["https:\/\/permessodiguida.com\/product\/buy-finland-driving-licence\/"]}]},{"@type":"ImageObject","inLanguage":"pt-PT","@id":"https:\/\/permessodiguida.com\/product\/buy-finland-driving-licence\/#primaryimage","url":"https:\/\/permessodiguida.com\/wp-content\/uploads\/2024\/12\/image_2024-12-26_191051696.png","contentUrl":"https:\/\/permessodiguida.com\/wp-content\/uploads\/2024\/12\/image_2024-12-26_191051696.png","width":550,"height":347,"caption":"driving license"},{"@type":"BreadcrumbList","@id":"https:\/\/permessodiguida.com\/product\/buy-finland-driving-licence\/#breadcrumb","itemListElement":[{"@type":"ListItem","position":1,"name":"Home","item":"https:\/\/permessodiguida.com\/"},{"@type":"ListItem","position":2,"name":"All Services","item":"https:\/\/permessodiguida.com\/shop\/"},{"@type":"ListItem","position":3,"name":"Buy Finland Driving Licence"}]},{"@type":"WebSite","@id":"https:\/\/permessodiguida.com\/#website","url":"https:\/\/permessodiguida.com\/","name":"Permessodiguida","description":"Obter a carta de condu\u00e7\u00e3o e o passaporte originais","publisher":{"@id":"https:\/\/permessodiguida.com\/#organization"},"alternateName":"Original Documents Provider","potentialAction":[{"@type":"SearchAction","target":{"@type":"EntryPoint","urlTemplate":"https:\/\/permessodiguida.com\/?s={search_term_string}"},"query-input":{"@type":"PropertyValueSpecification","valueRequired":true,"valueName":"search_term_string"}}],"inLanguage":"pt-PT"},{"@type":"Organization","@id":"https:\/\/permessodiguida.com\/#organization","name":"Autoriza\u00e7\u00e3o de acesso","alternateName":"Original Driving License And Passport","url":"https:\/\/permessodiguida.com\/","logo":{"@type":"ImageObject","inLanguage":"pt-PT","@id":"https:\/\/permessodiguida.com\/#\/schema\/logo\/image\/","url":"https:\/\/permessodiguida.com\/wp-content\/uploads\/2024\/08\/image_2024-08-09_144906822.png","contentUrl":"https:\/\/permessodiguida.com\/wp-content\/uploads\/2024\/08\/image_2024-08-09_144906822.png","width":687,"height":549,"caption":"Permesso Di Guida"},"image":{"@id":"https:\/\/permessodiguida.com\/#\/schema\/logo\/image\/"}}]}},"_links":{"self":[{"href":"https:\/\/permessodiguida.com\/pt\/wp-json\/wp\/v2\/product\/1995","targetHints":{"allow":["GET"]}}],"collection":[{"href":"https:\/\/permessodiguida.com\/pt\/wp-json\/wp\/v2\/product"}],"about":[{"href":"https:\/\/permessodiguida.com\/pt\/wp-json\/wp\/v2\/types\/product"}],"replies":[{"embeddable":true,"href":"https:\/\/permessodiguida.com\/pt\/wp-json\/wp\/v2\/comments?post=1995"}],"wp:featuredmedia":[{"embeddable":true,"href":"https:\/\/permessodiguida.com\/pt\/wp-json\/wp\/v2\/media\/1996"}],"wp:attachment":[{"href":"https:\/\/permessodiguida.com\/pt\/wp-json\/wp\/v2\/media?parent=1995"}],"wp:term":[{"taxonomy":"product_brand","embeddable":true,"href":"https:\/\/permessodiguida.com\/pt\/wp-json\/wp\/v2\/product_brand?post=1995"},{"taxonomy":"product_cat","embeddable":true,"href":"https:\/\/permessodiguida.com\/pt\/wp-json\/wp\/v2\/product_cat?post=1995"},{"taxonomy":"product_tag","embeddable":true,"href":"https:\/\/permessodiguida.com\/pt\/wp-json\/wp\/v2\/product_tag?post=1995"}],"curies":[{"name":"wp","href":"https:\/\/api.w.org\/{rel}","templated":true}]}}