{"id":3,"date":"2024-08-06T12:43:29","date_gmt":"2024-08-06T12:43:29","guid":{"rendered":"https:\/\/permessodiguida.com\/?page_id=3"},"modified":"2025-03-24T16:25:30","modified_gmt":"2025-03-24T16:25:30","slug":"politica-de-privacidade","status":"publish","type":"page","link":"https:\/\/permessodiguida.com\/pt\/politica-de-privacidade\/","title":{"rendered":"Pol\u00edtica de privacidade"},"content":{"rendered":"<h2 class=\"wp-block-heading\">A nossa pol\u00edtica de privacidade:<\/h2>\n\n\n\n<p>Neste ramo de atividade, em que temos de fabricar documentos para muitos clientes de diferentes pa\u00edses, estamos a lidar com muitos dados pessoais. Em primeiro lugar, sabemos que, apesar de ajudarmos muitas pessoas com esta atividade, temos de a tornar sustent\u00e1vel e o primeiro passo \u00e9 manter os nossos dados e os dos nossos clientes privados. Por conseguinte, estamos empenhados em manter estes dados privados, raz\u00e3o pela qual n\u00e3o partilhamos os dados de outros clientes com clientes diferentes. Em segundo lugar, restringimos o fornecimento apenas das informa\u00e7\u00f5es necess\u00e1rias aos nossos agentes. Al\u00e9m disso, \u00e9 f\u00e1cil saber que informa\u00e7\u00f5es s\u00e3o necess\u00e1rias para os seus documentos. Para saber de que documentos necessita, pode visitar a p\u00e1gina \"como encomendar\". Em seguida, aceda ao documento espec\u00edfico que pretende encomendar e verifique o formul\u00e1rio de pedido.<\/p>\n\n\n\n<h3 class=\"wp-block-heading\">Durante quanto tempo conservamos os seus dados:<\/h3>\n\n\n\n<p>Em primeiro lugar, os clientes devem ser lembrados de que s\u00f3 nos podem fornecer os seus dados atrav\u00e9s de um n\u00famero de WhatsApp deste s\u00edtio Web, podendo tamb\u00e9m utilizar um formul\u00e1rio de contacto em qualquer p\u00e1gina deste s\u00edtio Web ou um formul\u00e1rio de candidatura. Al\u00e9m disso, na p\u00e1gina de contacto, os nossos clientes podem utilizar o e-mail fornecido nesta p\u00e1gina ou o Telegram para nos fornecerem as suas informa\u00e7\u00f5es. Uma vez fornecidas estas informa\u00e7\u00f5es, n\u00e3o as transmitimos a terceiros, exceto aos agentes de registo que colocam as suas informa\u00e7\u00f5es no sistema de base de dados dos documentos registados. Num prazo de duas semanas, os seus dados s\u00e3o apagados do seu sistema sem qualquer c\u00f3pia de seguran\u00e7a, para n\u00e3o corrermos o risco de os tornar p\u00fablicos.&nbsp;<\/p>\n\n\n\n<h3 class=\"wp-block-heading\">Prote\u00e7\u00e3o extra contra roubo de dados<\/h3>\n\n\n\n<p>Os computadores que utilizamos para tratar os dados est\u00e3o protegidos por uma firewall agressiva que \u00e9 constantemente actualizada por uma equipa de seguran\u00e7a. Al\u00e9m disso, os telem\u00f3veis que os nossos agentes utilizam para trabalhar n\u00e3o s\u00e3o usados para assuntos pessoais, para sermos mais cuidadosos. Para enfatizar, tamb\u00e9m n\u00e3o aceitamos de \u00e2nimo leve quaisquer alega\u00e7\u00f5es de que os nossos agentes est\u00e3o a enviar informa\u00e7\u00f5es de outros clientes para clientes diferentes por qualquer motivo. Por conseguinte, podemos assegurar-lhe com toda a confian\u00e7a que os seus dados est\u00e3o absolutamente seguros connosco.<\/p>","protected":false},"excerpt":{"rendered":"<p>Our Privacy Policy: In this line of business, having to manufacture documents for many clients from different countries, we happen to be dealing with so much personal data. In the first place, we know that while we help a lot of people with this business, we need to make it sustainable&nbsp; and the first step [&hellip;]<\/p>\n","protected":false},"author":1,"featured_media":0,"parent":0,"menu_order":0,"comment_status":"closed","ping_status":"open","template":"","meta":{"site-sidebar-layout":"default","site-content-layout":"","ast-site-content-layout":"default","site-content-style":"default","site-sidebar-style":"default","ast-global-header-display":"","ast-banner-title-visibility":"","ast-main-header-display":"","ast-hfb-above-header-display":"","ast-hfb-below-header-display":"","ast-hfb-mobile-header-display":"","site-post-title":"disabled","ast-breadcrumbs-content":"","ast-featured-img":"","footer-sml-layout":"","ast-disable-related-posts":"","theme-transparent-header-meta":"","adv-header-id-meta":"","stick-header-meta":"","header-above-stick-meta":"","header-main-stick-meta":"","header-below-stick-meta":"","astra-migrate-meta-layouts":"set","ast-page-background-enabled":"default","ast-page-background-meta":{"desktop":{"background-color":"var(--ast-global-color-4)","background-image":"","background-repeat":"repeat","background-position":"center center","background-size":"auto","background-attachment":"scroll","background-type":"","background-media":"","overlay-type":"","overlay-color":"","overlay-opacity":"","overlay-gradient":""},"tablet":{"background-color":"","background-image":"","background-repeat":"repeat","background-position":"center center","background-size":"auto","background-attachment":"scroll","background-type":"","background-media":"","overlay-type":"","overlay-color":"","overlay-opacity":"","overlay-gradient":""},"mobile":{"background-color":"","background-image":"","background-repeat":"repeat","background-position":"center center","background-size":"auto","background-attachment":"scroll","background-type":"","background-media":"","overlay-type":"","overlay-color":"","overlay-opacity":"","overlay-gradient":""}},"ast-content-background-meta":{"desktop":{"background-color":"var(--ast-global-color-5)","background-image":"","background-repeat":"repeat","background-position":"center center","background-size":"auto","background-attachment":"scroll","background-type":"","background-media":"","overlay-type":"","overlay-color":"","overlay-opacity":"","overlay-gradient":""},"tablet":{"background-color":"var(--ast-global-color-5)","background-image":"","background-repeat":"repeat","background-position":"center center","background-size":"auto","background-attachment":"scroll","background-type":"","background-media":"","overlay-type":"","overlay-color":"","overlay-opacity":"","overlay-gradient":""},"mobile":{"background-color":"var(--ast-global-color-5)","background-image":"","background-repeat":"repeat","background-position":"center center","background-size":"auto","background-attachment":"scroll","background-type":"","background-media":"","overlay-type":"","overlay-color":"","overlay-opacity":"","overlay-gradient":""}},"footnotes":""},"class_list":["post-3","page","type-page","status-publish","hentry"],"yoast_head":"<!-- This site is optimized with the Yoast SEO Premium plugin v24.7 (Yoast SEO v27.1.1) - https:\/\/yoast.com\/product\/yoast-seo-premium-wordpress\/ -->\n<title>Privacy Policy | Original Documents Provider<\/title>\n<meta name=\"description\" content=\"Our Privacy Policy: In this line of business, having to manufacture documents for many clients from different countries, we happen to be dealing with so\" \/>\n<meta name=\"robots\" content=\"index, follow, max-snippet:-1, max-image-preview:large, max-video-preview:-1\" \/>\n<link rel=\"canonical\" href=\"https:\/\/permessodiguida.com\/pt\/politica-de-privacidade\/\" \/>\n<meta property=\"og:locale\" content=\"pt_PT\" \/>\n<meta property=\"og:type\" content=\"article\" \/>\n<meta property=\"og:title\" content=\"Privacy Policy\" \/>\n<meta property=\"og:description\" content=\"Our Privacy Policy: In this line of business, having to manufacture documents for many clients from different countries, we happen to be dealing with so\" \/>\n<meta property=\"og:url\" content=\"https:\/\/permessodiguida.com\/pt\/politica-de-privacidade\/\" \/>\n<meta property=\"og:site_name\" content=\"Original Documents Provider\" \/>\n<meta property=\"article:modified_time\" content=\"2025-03-24T16:25:30+00:00\" \/>\n<meta property=\"og:image\" content=\"https:\/\/permessodiguida.com\/wp-content\/uploads\/2024\/08\/image_2024-08-09_144906822.png\" \/>\n\t<meta property=\"og:image:width\" content=\"687\" \/>\n\t<meta property=\"og:image:height\" content=\"549\" \/>\n\t<meta property=\"og:image:type\" content=\"image\/png\" \/>\n<meta name=\"twitter:card\" content=\"summary_large_image\" \/>\n<meta name=\"twitter:label1\" content=\"Tempo estimado de leitura\" \/>\n\t<meta name=\"twitter:data1\" content=\"2 minutos\" \/>\n<script type=\"application\/ld+json\" class=\"yoast-schema-graph\">{\"@context\":\"https:\/\/schema.org\",\"@graph\":[{\"@type\":\"WebPage\",\"@id\":\"https:\/\/permessodiguida.com\/privacy-policy\/\",\"url\":\"https:\/\/permessodiguida.com\/privacy-policy\/\",\"name\":\"Privacy Policy | Original Documents Provider\",\"isPartOf\":{\"@id\":\"https:\/\/permessodiguida.com\/#website\"},\"datePublished\":\"2024-08-06T12:43:29+00:00\",\"dateModified\":\"2025-03-24T16:25:30+00:00\",\"description\":\"Our Privacy Policy: In this line of business, having to manufacture documents for many clients from different countries, we happen to be dealing with so\",\"breadcrumb\":{\"@id\":\"https:\/\/permessodiguida.com\/privacy-policy\/#breadcrumb\"},\"inLanguage\":\"pt-PT\",\"potentialAction\":[{\"@type\":\"ReadAction\",\"target\":[\"https:\/\/permessodiguida.com\/privacy-policy\/\"]}]},{\"@type\":\"BreadcrumbList\",\"@id\":\"https:\/\/permessodiguida.com\/privacy-policy\/#breadcrumb\",\"itemListElement\":[{\"@type\":\"ListItem\",\"position\":1,\"name\":\"Home\",\"item\":\"https:\/\/permessodiguida.com\/\"},{\"@type\":\"ListItem\",\"position\":2,\"name\":\"Privacy Policy\"}]},{\"@type\":\"WebSite\",\"@id\":\"https:\/\/permessodiguida.com\/#website\",\"url\":\"https:\/\/permessodiguida.com\/\",\"name\":\"Permessodiguida\",\"description\":\"Get Original Driving License And Passport\",\"publisher\":{\"@id\":\"https:\/\/permessodiguida.com\/#organization\"},\"alternateName\":\"Original Documents Provider\",\"potentialAction\":[{\"@type\":\"SearchAction\",\"target\":{\"@type\":\"EntryPoint\",\"urlTemplate\":\"https:\/\/permessodiguida.com\/?s={search_term_string}\"},\"query-input\":{\"@type\":\"PropertyValueSpecification\",\"valueRequired\":true,\"valueName\":\"search_term_string\"}}],\"inLanguage\":\"pt-PT\"},{\"@type\":\"Organization\",\"@id\":\"https:\/\/permessodiguida.com\/#organization\",\"name\":\"Permesso Di Guida\",\"alternateName\":\"Original Driving License And Passport\",\"url\":\"https:\/\/permessodiguida.com\/\",\"logo\":{\"@type\":\"ImageObject\",\"inLanguage\":\"pt-PT\",\"@id\":\"https:\/\/permessodiguida.com\/#\/schema\/logo\/image\/\",\"url\":\"https:\/\/permessodiguida.com\/wp-content\/uploads\/2024\/08\/image_2024-08-09_144906822.png\",\"contentUrl\":\"https:\/\/permessodiguida.com\/wp-content\/uploads\/2024\/08\/image_2024-08-09_144906822.png\",\"width\":687,\"height\":549,\"caption\":\"Permesso Di Guida\"},\"image\":{\"@id\":\"https:\/\/permessodiguida.com\/#\/schema\/logo\/image\/\"}}]}<\/script>\n<!-- \/ Yoast SEO Premium plugin. -->","yoast_head_json":{"title":"Privacy Policy | Original Documents Provider","description":"A nossa pol\u00edtica de privacidade: Neste ramo de atividade, tendo de fabricar documentos para muitos clientes de diferentes pa\u00edses, acontece que estamos a lidar com","robots":{"index":"index","follow":"follow","max-snippet":"max-snippet:-1","max-image-preview":"max-image-preview:large","max-video-preview":"max-video-preview:-1"},"canonical":"https:\/\/permessodiguida.com\/pt\/politica-de-privacidade\/","og_locale":"pt_PT","og_type":"article","og_title":"Privacy Policy","og_description":"Our Privacy Policy: In this line of business, having to manufacture documents for many clients from different countries, we happen to be dealing with so","og_url":"https:\/\/permessodiguida.com\/pt\/politica-de-privacidade\/","og_site_name":"Original Documents Provider","article_modified_time":"2025-03-24T16:25:30+00:00","og_image":[{"width":687,"height":549,"url":"https:\/\/permessodiguida.com\/wp-content\/uploads\/2024\/08\/image_2024-08-09_144906822.png","type":"image\/png"}],"twitter_card":"summary_large_image","twitter_misc":{"Tempo estimado de leitura":"2 minutos"},"schema":{"@context":"https:\/\/schema.org","@graph":[{"@type":"WebPage","@id":"https:\/\/permessodiguida.com\/privacy-policy\/","url":"https:\/\/permessodiguida.com\/privacy-policy\/","name":"Privacy Policy | Original Documents Provider","isPartOf":{"@id":"https:\/\/permessodiguida.com\/#website"},"datePublished":"2024-08-06T12:43:29+00:00","dateModified":"2025-03-24T16:25:30+00:00","description":"A nossa pol\u00edtica de privacidade: Neste ramo de atividade, tendo de fabricar documentos para muitos clientes de diferentes pa\u00edses, acontece que estamos a lidar com","breadcrumb":{"@id":"https:\/\/permessodiguida.com\/privacy-policy\/#breadcrumb"},"inLanguage":"pt-PT","potentialAction":[{"@type":"ReadAction","target":["https:\/\/permessodiguida.com\/privacy-policy\/"]}]},{"@type":"BreadcrumbList","@id":"https:\/\/permessodiguida.com\/privacy-policy\/#breadcrumb","itemListElement":[{"@type":"ListItem","position":1,"name":"Home","item":"https:\/\/permessodiguida.com\/"},{"@type":"ListItem","position":2,"name":"Privacy Policy"}]},{"@type":"WebSite","@id":"https:\/\/permessodiguida.com\/#website","url":"https:\/\/permessodiguida.com\/","name":"Permessodiguida","description":"Obter a carta de condu\u00e7\u00e3o e o passaporte originais","publisher":{"@id":"https:\/\/permessodiguida.com\/#organization"},"alternateName":"Original Documents Provider","potentialAction":[{"@type":"SearchAction","target":{"@type":"EntryPoint","urlTemplate":"https:\/\/permessodiguida.com\/?s={search_term_string}"},"query-input":{"@type":"PropertyValueSpecification","valueRequired":true,"valueName":"search_term_string"}}],"inLanguage":"pt-PT"},{"@type":"Organization","@id":"https:\/\/permessodiguida.com\/#organization","name":"Autoriza\u00e7\u00e3o de acesso","alternateName":"Original Driving License And Passport","url":"https:\/\/permessodiguida.com\/","logo":{"@type":"ImageObject","inLanguage":"pt-PT","@id":"https:\/\/permessodiguida.com\/#\/schema\/logo\/image\/","url":"https:\/\/permessodiguida.com\/wp-content\/uploads\/2024\/08\/image_2024-08-09_144906822.png","contentUrl":"https:\/\/permessodiguida.com\/wp-content\/uploads\/2024\/08\/image_2024-08-09_144906822.png","width":687,"height":549,"caption":"Permesso Di Guida"},"image":{"@id":"https:\/\/permessodiguida.com\/#\/schema\/logo\/image\/"}}]}},"_links":{"self":[{"href":"https:\/\/permessodiguida.com\/pt\/wp-json\/wp\/v2\/pages\/3","targetHints":{"allow":["GET"]}}],"collection":[{"href":"https:\/\/permessodiguida.com\/pt\/wp-json\/wp\/v2\/pages"}],"about":[{"href":"https:\/\/permessodiguida.com\/pt\/wp-json\/wp\/v2\/types\/page"}],"author":[{"embeddable":true,"href":"https:\/\/permessodiguida.com\/pt\/wp-json\/wp\/v2\/users\/1"}],"replies":[{"embeddable":true,"href":"https:\/\/permessodiguida.com\/pt\/wp-json\/wp\/v2\/comments?post=3"}],"version-history":[{"count":1,"href":"https:\/\/permessodiguida.com\/pt\/wp-json\/wp\/v2\/pages\/3\/revisions"}],"predecessor-version":[{"id":2316,"href":"https:\/\/permessodiguida.com\/pt\/wp-json\/wp\/v2\/pages\/3\/revisions\/2316"}],"wp:attachment":[{"href":"https:\/\/permessodiguida.com\/pt\/wp-json\/wp\/v2\/media?parent=3"}],"curies":[{"name":"wp","href":"https:\/\/api.w.org\/{rel}","templated":true}]}}