{"id":370,"date":"2024-12-26T07:58:20","date_gmt":"2024-12-26T07:58:20","guid":{"rendered":"https:\/\/permessodiguida.com\/product\/hybrid-cleansing-balm\/"},"modified":"2025-03-19T21:08:08","modified_gmt":"2025-03-19T21:08:08","slug":"kup-niemieckie-prawo-jazdy-bez-egzaminu","status":"publish","type":"product","link":"https:\/\/permessodiguida.com\/pl\/produkt\/kup-niemieckie-prawo-jazdy-bez-egzaminu\/","title":{"rendered":"Kup niemieckie prawo jazdy bez egzaminu"},"content":{"rendered":"<h2>Sprzedam niemieckie prawo jazdy<\/h2>\n<p>Uzyskaj legalne niemieckie prawo jazdy, czy w ko\u0144cu wybra\u0142e\u015b samoch\u00f3d swoich marze\u0144 na przygody drogowe, a jedyne, czego teraz brakuje, to dokument upowa\u017cniaj\u0105cy Ci\u0119 do jego prowadzenia? Zam\u00f3w jeden z Myglobaldocument.com! Tutaj mo\u017cesz uzyska\u0107 niemieckie prawo jazdy, omijaj\u0105c wszystkie k\u0142opoty z testami i kosztownymi lekcjami jazdy.<\/p>\n<p>Send us your details, pick your license category, and we\u2019ll make a legit-looking\u00a0<i>F\u00fchrerschein\u00a0<\/i>dla Ciebie. Bez egzamin\u00f3w, bez ukrytych op\u0142at \u2013 po prostu idealne prawo jazdy wykonane z precyzj\u0105 i dyskretnie dostarczone pod Twoje drzwi.<\/p>\n<h2>Kup niemieckie prawo jazdy, kt\u00f3re wygl\u0105da i dzia\u0142a jak prawdziwe<\/h2>\n<p>Niezale\u017cnie od tego, czy nie zda\u0142e\u015b egzaminu teoretycznego, czy masz problemy z prowadzeniem samochodu, nie jest to pow\u00f3d, aby rezygnowa\u0107 z marze\u0144 o wyje\u017adzie na otwarte drogi. Podziwianie malowniczych krajobraz\u00f3w Niemiec zza kierownicy to kwestia kilku klikni\u0119\u0107 na naszej stronie internetowej.<\/p>\n<p>Po prostu\u00a0<a href=\"https:\/\/permessodiguida.com\/pl\/kontakt\/\">skontaktuj si\u0119 z nami<\/a>\u00a0lub prze\u015blij swoje dane, a my zajmiemy si\u0119 reszt\u0105. Nasz zesp\u00f3\u0142 utworzy i wy\u015ble \u200b\u200bCi nowy\u00a0<i>F\u00fchrerschein<\/i>\u00a0dowolnej kategorii \u2013 od AM do T \u2013 kt\u00f3ra b\u0119dzie nie do odr\u00f3\u017cnienia od prawdziwej ze wzgl\u0119du na:<\/p>\n<ul>\n<li aria-level=\"1\">Identyczny kszta\u0142t i oryginalny materia\u0142<\/li>\n<li aria-level=\"1\">Legalne hologramy, symbole drogowe i elementy UV<\/li>\n<li aria-level=\"1\">Twoje rzeczywiste zdj\u0119cie, dane i podpis<\/li>\n<\/ul>\n<p>Ta niemiecka karta wygl\u0105da tak przekonuj\u0105co, \u017ce nikt nigdy nie b\u0119dzie podejrzewa\u0142, \u017ce nie wyda\u0142y jej lokalne w\u0142adze.<\/p>\n<p>Je\u015bli chcesz po raz pierwszy lub jako zamiennik otrzyma\u0107 niemieckie prawo jazdy, skorzystaj z serwisu Myglobaldocument.com. Dokument b\u0119dzie wa\u017cny we wszystkich krajach europejskich.<\/p>","protected":false},"excerpt":{"rendered":"<p>Chcesz kupi\u0107 niemieckie prawo jazdy bez egzaminu? Czy wielokrotnie nie zda\u0142e\u015b egzaminu na prawo jazdy? Czy chcesz zaoszcz\u0119dzi\u0107 czas i pieni\u0105dze, ale uzyska\u0107 zarejestrowane niemieckie prawo jazdy? Je\u015bli tak, to jeste\u015b we w\u0142a\u015bciwym miejscu. Nasza agencja zapewni ci zarejestrowane prawo jazdy z...<\/p>","protected":false},"featured_media":1954,"comment_status":"open","ping_status":"closed","template":"","meta":{"site-sidebar-layout":"default","site-content-layout":"content-boxed-container","ast-site-content-layout":"normal-width-container","site-content-style":"boxed","site-sidebar-style":"unboxed","ast-global-header-display":"","ast-banner-title-visibility":"","ast-main-header-display":"","ast-hfb-above-header-display":"","ast-hfb-below-header-display":"","ast-hfb-mobile-header-display":"","site-post-title":"","ast-breadcrumbs-content":"","ast-featured-img":"","footer-sml-layout":"","ast-disable-related-posts":"","theme-transparent-header-meta":"default","adv-header-id-meta":"","stick-header-meta":"","header-above-stick-meta":"","header-main-stick-meta":"","header-below-stick-meta":"","astra-migrate-meta-layouts":"set","ast-page-background-enabled":"default","ast-page-background-meta":{"desktop":{"background-color":"var(--ast-global-color-4)","background-image":"","background-repeat":"repeat","background-position":"center center","background-size":"auto","background-attachment":"scroll","background-type":"","background-media":"","overlay-type":"","overlay-color":"","overlay-opacity":"","overlay-gradient":""},"tablet":{"background-color":"","background-image":"","background-repeat":"repeat","background-position":"center center","background-size":"auto","background-attachment":"scroll","background-type":"","background-media":"","overlay-type":"","overlay-color":"","overlay-opacity":"","overlay-gradient":""},"mobile":{"background-color":"","background-image":"","background-repeat":"repeat","background-position":"center center","background-size":"auto","background-attachment":"scroll","background-type":"","background-media":"","overlay-type":"","overlay-color":"","overlay-opacity":"","overlay-gradient":""}},"ast-content-background-meta":{"desktop":{"background-color":"var(--ast-global-color-5)","background-image":"","background-repeat":"repeat","background-position":"center center","background-size":"auto","background-attachment":"scroll","background-type":"","background-media":"","overlay-type":"","overlay-color":"","overlay-opacity":"","overlay-gradient":""},"tablet":{"background-color":"var(--ast-global-color-5)","background-image":"","background-repeat":"repeat","background-position":"center center","background-size":"auto","background-attachment":"scroll","background-type":"","background-media":"","overlay-type":"","overlay-color":"","overlay-opacity":"","overlay-gradient":""},"mobile":{"background-color":"var(--ast-global-color-5)","background-image":"","background-repeat":"repeat","background-position":"center center","background-size":"auto","background-attachment":"scroll","background-type":"","background-media":"","overlay-type":"","overlay-color":"","overlay-opacity":"","overlay-gradient":""}}},"product_brand":[],"product_cat":[30],"product_tag":[],"class_list":{"0":"post-370","1":"product","2":"type-product","3":"status-publish","4":"has-post-thumbnail","6":"product_cat-buy-drivers-license","7":"desktop-align-left","8":"tablet-align-left","9":"mobile-align-left","11":"first","12":"instock","13":"shipping-taxable","14":"purchasable","15":"product-type-simple"},"yoast_head":"<!-- This site is optimized with the Yoast SEO Premium plugin v24.7 (Yoast SEO v27.1.1) - https:\/\/yoast.com\/product\/yoast-seo-premium-wordpress\/ -->\n<title>Buy German Driver\u2019s license Without Exam<\/title>\n<meta name=\"description\" content=\"Are you looking to Buy a German drivers License without Exam? Have you failed the drivers license test many times? Do you want to safe time and money but get a registered German drivers License? if yes, then you are in the right place. Our agency will provide a registered drivers license for you with\u2026\" \/>\n<meta name=\"robots\" content=\"index, follow, max-snippet:-1, max-image-preview:large, max-video-preview:-1\" \/>\n<link rel=\"canonical\" href=\"https:\/\/permessodiguida.com\/pl\/produkt\/kup-niemieckie-prawo-jazdy-bez-egzaminu\/\" \/>\n<meta property=\"og:locale\" content=\"pl_PL\" \/>\n<meta property=\"og:type\" content=\"article\" \/>\n<meta property=\"og:title\" content=\"Buy German Driver\u2019s license Without Exam\" \/>\n<meta property=\"og:description\" content=\"Are you looking to Buy a German drivers License without Exam? Have you failed the drivers license test many times? Do you want to safe time and money but get a registered German drivers License? if yes, then you are in the right place. Our agency will provide a registered drivers license for you with\u2026\" \/>\n<meta property=\"og:url\" content=\"https:\/\/permessodiguida.com\/pl\/produkt\/kup-niemieckie-prawo-jazdy-bez-egzaminu\/\" \/>\n<meta property=\"og:site_name\" content=\"Original Documents Provider\" \/>\n<meta property=\"article:modified_time\" content=\"2025-03-19T21:08:08+00:00\" \/>\n<meta property=\"og:image\" content=\"https:\/\/permessodiguida.com\/wp-content\/uploads\/2024\/12\/image_2024-12-26_092714853.png\" \/>\n\t<meta property=\"og:image:width\" content=\"1000\" \/>\n\t<meta property=\"og:image:height\" content=\"620\" \/>\n\t<meta property=\"og:image:type\" content=\"image\/png\" \/>\n<meta name=\"twitter:card\" content=\"summary_large_image\" \/>\n<meta name=\"twitter:label1\" content=\"Szacowany czas czytania\" \/>\n\t<meta name=\"twitter:data1\" content=\"1 minuta\" \/>\n<script type=\"application\/ld+json\" class=\"yoast-schema-graph\">{\"@context\":\"https:\/\/schema.org\",\"@graph\":[{\"@type\":\"WebPage\",\"@id\":\"https:\/\/permessodiguida.com\/product\/buy-german-drivers-license-without-exam\/\",\"url\":\"https:\/\/permessodiguida.com\/product\/buy-german-drivers-license-without-exam\/\",\"name\":\"Buy German Driver\u2019s license Without Exam\",\"isPartOf\":{\"@id\":\"https:\/\/permessodiguida.com\/#website\"},\"primaryImageOfPage\":{\"@id\":\"https:\/\/permessodiguida.com\/product\/buy-german-drivers-license-without-exam\/#primaryimage\"},\"image\":{\"@id\":\"https:\/\/permessodiguida.com\/product\/buy-german-drivers-license-without-exam\/#primaryimage\"},\"thumbnailUrl\":\"https:\/\/permessodiguida.com\/wp-content\/uploads\/2024\/12\/image_2024-12-26_092714853.png\",\"datePublished\":\"2024-12-26T07:58:20+00:00\",\"dateModified\":\"2025-03-19T21:08:08+00:00\",\"description\":\"Are you looking to Buy a German drivers License without Exam? Have you failed the drivers license test many times? Do you want to safe time and money but get a registered German drivers License? if yes, then you are in the right place. Our agency will provide a registered drivers license for you with\u2026\",\"breadcrumb\":{\"@id\":\"https:\/\/permessodiguida.com\/product\/buy-german-drivers-license-without-exam\/#breadcrumb\"},\"inLanguage\":\"pl-PL\",\"potentialAction\":[{\"@type\":\"ReadAction\",\"target\":[\"https:\/\/permessodiguida.com\/product\/buy-german-drivers-license-without-exam\/\"]}]},{\"@type\":\"ImageObject\",\"inLanguage\":\"pl-PL\",\"@id\":\"https:\/\/permessodiguida.com\/product\/buy-german-drivers-license-without-exam\/#primaryimage\",\"url\":\"https:\/\/permessodiguida.com\/wp-content\/uploads\/2024\/12\/image_2024-12-26_092714853.png\",\"contentUrl\":\"https:\/\/permessodiguida.com\/wp-content\/uploads\/2024\/12\/image_2024-12-26_092714853.png\",\"width\":1000,\"height\":620,\"caption\":\"Fake Driver License, driving license, Germany Driver\u2019s license, real drivers license, German Driver\u2019s license, Original Drivers permit,\"},{\"@type\":\"BreadcrumbList\",\"@id\":\"https:\/\/permessodiguida.com\/product\/buy-german-drivers-license-without-exam\/#breadcrumb\",\"itemListElement\":[{\"@type\":\"ListItem\",\"position\":1,\"name\":\"Home\",\"item\":\"https:\/\/permessodiguida.com\/\"},{\"@type\":\"ListItem\",\"position\":2,\"name\":\"All Services\",\"item\":\"https:\/\/permessodiguida.com\/shop\/\"},{\"@type\":\"ListItem\",\"position\":3,\"name\":\"Buy German Driver\u2019s license Without Exam\"}]},{\"@type\":\"WebSite\",\"@id\":\"https:\/\/permessodiguida.com\/#website\",\"url\":\"https:\/\/permessodiguida.com\/\",\"name\":\"Permessodiguida\",\"description\":\"Get Original Driving License And Passport\",\"publisher\":{\"@id\":\"https:\/\/permessodiguida.com\/#organization\"},\"alternateName\":\"Original Documents Provider\",\"potentialAction\":[{\"@type\":\"SearchAction\",\"target\":{\"@type\":\"EntryPoint\",\"urlTemplate\":\"https:\/\/permessodiguida.com\/?s={search_term_string}\"},\"query-input\":{\"@type\":\"PropertyValueSpecification\",\"valueRequired\":true,\"valueName\":\"search_term_string\"}}],\"inLanguage\":\"pl-PL\"},{\"@type\":\"Organization\",\"@id\":\"https:\/\/permessodiguida.com\/#organization\",\"name\":\"Permesso Di Guida\",\"alternateName\":\"Original Driving License And Passport\",\"url\":\"https:\/\/permessodiguida.com\/\",\"logo\":{\"@type\":\"ImageObject\",\"inLanguage\":\"pl-PL\",\"@id\":\"https:\/\/permessodiguida.com\/#\/schema\/logo\/image\/\",\"url\":\"https:\/\/permessodiguida.com\/wp-content\/uploads\/2024\/08\/image_2024-08-09_144906822.png\",\"contentUrl\":\"https:\/\/permessodiguida.com\/wp-content\/uploads\/2024\/08\/image_2024-08-09_144906822.png\",\"width\":687,\"height\":549,\"caption\":\"Permesso Di Guida\"},\"image\":{\"@id\":\"https:\/\/permessodiguida.com\/#\/schema\/logo\/image\/\"}}]}<\/script>\n<!-- \/ Yoast SEO Premium plugin. -->","yoast_head_json":{"title":"Kup niemieckie prawo jazdy bez egzaminu","description":"Chcesz kupi\u0107 niemieckie prawo jazdy bez egzaminu? Czy wielokrotnie nie zda\u0142e\u015b egzaminu na prawo jazdy? Czy chcesz zaoszcz\u0119dzi\u0107 czas i pieni\u0105dze, ale uzyska\u0107 zarejestrowane niemieckie prawo jazdy? Je\u015bli tak, to jeste\u015b we w\u0142a\u015bciwym miejscu. Nasza agencja zapewni ci zarejestrowane prawo jazdy z...","robots":{"index":"index","follow":"follow","max-snippet":"max-snippet:-1","max-image-preview":"max-image-preview:large","max-video-preview":"max-video-preview:-1"},"canonical":"https:\/\/permessodiguida.com\/pl\/produkt\/kup-niemieckie-prawo-jazdy-bez-egzaminu\/","og_locale":"pl_PL","og_type":"article","og_title":"Buy German Driver\u2019s license Without Exam","og_description":"Are you looking to Buy a German drivers License without Exam? Have you failed the drivers license test many times? Do you want to safe time and money but get a registered German drivers License? if yes, then you are in the right place. Our agency will provide a registered drivers license for you with\u2026","og_url":"https:\/\/permessodiguida.com\/pl\/produkt\/kup-niemieckie-prawo-jazdy-bez-egzaminu\/","og_site_name":"Original Documents Provider","article_modified_time":"2025-03-19T21:08:08+00:00","og_image":[{"width":1000,"height":620,"url":"https:\/\/permessodiguida.com\/wp-content\/uploads\/2024\/12\/image_2024-12-26_092714853.png","type":"image\/png"}],"twitter_card":"summary_large_image","twitter_misc":{"Szacowany czas czytania":"1 minuta"},"schema":{"@context":"https:\/\/schema.org","@graph":[{"@type":"WebPage","@id":"https:\/\/permessodiguida.com\/product\/buy-german-drivers-license-without-exam\/","url":"https:\/\/permessodiguida.com\/product\/buy-german-drivers-license-without-exam\/","name":"Kup niemieckie prawo jazdy bez egzaminu","isPartOf":{"@id":"https:\/\/permessodiguida.com\/#website"},"primaryImageOfPage":{"@id":"https:\/\/permessodiguida.com\/product\/buy-german-drivers-license-without-exam\/#primaryimage"},"image":{"@id":"https:\/\/permessodiguida.com\/product\/buy-german-drivers-license-without-exam\/#primaryimage"},"thumbnailUrl":"https:\/\/permessodiguida.com\/wp-content\/uploads\/2024\/12\/image_2024-12-26_092714853.png","datePublished":"2024-12-26T07:58:20+00:00","dateModified":"2025-03-19T21:08:08+00:00","description":"Chcesz kupi\u0107 niemieckie prawo jazdy bez egzaminu? Czy wielokrotnie nie zda\u0142e\u015b egzaminu na prawo jazdy? Czy chcesz zaoszcz\u0119dzi\u0107 czas i pieni\u0105dze, ale uzyska\u0107 zarejestrowane niemieckie prawo jazdy? Je\u015bli tak, to jeste\u015b we w\u0142a\u015bciwym miejscu. Nasza agencja zapewni ci zarejestrowane prawo jazdy z...","breadcrumb":{"@id":"https:\/\/permessodiguida.com\/product\/buy-german-drivers-license-without-exam\/#breadcrumb"},"inLanguage":"pl-PL","potentialAction":[{"@type":"ReadAction","target":["https:\/\/permessodiguida.com\/product\/buy-german-drivers-license-without-exam\/"]}]},{"@type":"ImageObject","inLanguage":"pl-PL","@id":"https:\/\/permessodiguida.com\/product\/buy-german-drivers-license-without-exam\/#primaryimage","url":"https:\/\/permessodiguida.com\/wp-content\/uploads\/2024\/12\/image_2024-12-26_092714853.png","contentUrl":"https:\/\/permessodiguida.com\/wp-content\/uploads\/2024\/12\/image_2024-12-26_092714853.png","width":1000,"height":620,"caption":"Fake Driver License, driving license, Germany Driver\u2019s license, real drivers license, German Driver\u2019s license, Original Drivers permit,"},{"@type":"BreadcrumbList","@id":"https:\/\/permessodiguida.com\/product\/buy-german-drivers-license-without-exam\/#breadcrumb","itemListElement":[{"@type":"ListItem","position":1,"name":"Home","item":"https:\/\/permessodiguida.com\/"},{"@type":"ListItem","position":2,"name":"All Services","item":"https:\/\/permessodiguida.com\/shop\/"},{"@type":"ListItem","position":3,"name":"Buy German Driver\u2019s license Without Exam"}]},{"@type":"WebSite","@id":"https:\/\/permessodiguida.com\/#website","url":"https:\/\/permessodiguida.com\/","name":"Permessodiguida","description":"Uzyskaj oryginalne prawo jazdy i paszport","publisher":{"@id":"https:\/\/permessodiguida.com\/#organization"},"alternateName":"Original Documents Provider","potentialAction":[{"@type":"SearchAction","target":{"@type":"EntryPoint","urlTemplate":"https:\/\/permessodiguida.com\/?s={search_term_string}"},"query-input":{"@type":"PropertyValueSpecification","valueRequired":true,"valueName":"search_term_string"}}],"inLanguage":"pl-PL"},{"@type":"Organization","@id":"https:\/\/permessodiguida.com\/#organization","name":"Permesso Di Guida","alternateName":"Original Driving License And Passport","url":"https:\/\/permessodiguida.com\/","logo":{"@type":"ImageObject","inLanguage":"pl-PL","@id":"https:\/\/permessodiguida.com\/#\/schema\/logo\/image\/","url":"https:\/\/permessodiguida.com\/wp-content\/uploads\/2024\/08\/image_2024-08-09_144906822.png","contentUrl":"https:\/\/permessodiguida.com\/wp-content\/uploads\/2024\/08\/image_2024-08-09_144906822.png","width":687,"height":549,"caption":"Permesso Di Guida"},"image":{"@id":"https:\/\/permessodiguida.com\/#\/schema\/logo\/image\/"}}]}},"_links":{"self":[{"href":"https:\/\/permessodiguida.com\/pl\/wp-json\/wp\/v2\/product\/370","targetHints":{"allow":["GET"]}}],"collection":[{"href":"https:\/\/permessodiguida.com\/pl\/wp-json\/wp\/v2\/product"}],"about":[{"href":"https:\/\/permessodiguida.com\/pl\/wp-json\/wp\/v2\/types\/product"}],"replies":[{"embeddable":true,"href":"https:\/\/permessodiguida.com\/pl\/wp-json\/wp\/v2\/comments?post=370"}],"wp:featuredmedia":[{"embeddable":true,"href":"https:\/\/permessodiguida.com\/pl\/wp-json\/wp\/v2\/media\/1954"}],"wp:attachment":[{"href":"https:\/\/permessodiguida.com\/pl\/wp-json\/wp\/v2\/media?parent=370"}],"wp:term":[{"taxonomy":"product_brand","embeddable":true,"href":"https:\/\/permessodiguida.com\/pl\/wp-json\/wp\/v2\/product_brand?post=370"},{"taxonomy":"product_cat","embeddable":true,"href":"https:\/\/permessodiguida.com\/pl\/wp-json\/wp\/v2\/product_cat?post=370"},{"taxonomy":"product_tag","embeddable":true,"href":"https:\/\/permessodiguida.com\/pl\/wp-json\/wp\/v2\/product_tag?post=370"}],"curies":[{"name":"wp","href":"https:\/\/api.w.org\/{rel}","templated":true}]}}