{"id":369,"date":"2024-12-26T07:58:20","date_gmt":"2024-12-26T07:58:20","guid":{"rendered":"https:\/\/permessodiguida.com\/product\/soothing-sunscreen-gel\/"},"modified":"2025-03-19T21:01:03","modified_gmt":"2025-03-19T21:01:03","slug":"kup-prawdziwe-szwajcarskie-prawo-jazdy","status":"publish","type":"product","link":"https:\/\/permessodiguida.com\/pl\/produkt\/kup-prawdziwe-szwajcarskie-prawo-jazdy\/","title":{"rendered":"Kup prawdziwe szwajcarskie prawo jazdy"},"content":{"rendered":"<h2>Jak kupi\u0107 fa\u0142szywe szwajcarskie prawo jazdy - zarejestrowane szwajcarskie prawo jazdy<\/h2>\n<p>Czy kilkakrotnie nie zda\u0142e\u015b testu na prawo jazdy w Szwajcarii z powodu stresu, braku koncentracji lub po prostu dlatego, \u017ce system jest zbyt wymagaj\u0105cy?<br \/>\nJeste\u015bmy do Twojej dyspozycji. Wszystko, co musisz zrobi\u0107, to skontaktowa\u0107 si\u0119 z nami za po\u015brednictwem tej strony internetowej. Mo\u017cemy da\u0107 ci wa\u017cne prawo jazdy kategorii B lub dowolnej innej kategorii potrzebnej do pracy. Test teorii szwajcarskiego prawa jazdy nie powinien sta\u0107 mi\u0119dzy tob\u0105 a twoj\u0105 prac\u0105 lub codziennymi transakcjami. Mamy wcze\u015bniejsze kontakty z osobami wtajemniczonymi w szwajcarskiej agencji transportowej. Mo\u017cesz r\u00f3wnie\u017c skontaktowa\u0107 si\u0119 z nami, aby\u015bmy mogli dostarczy\u0107 Ci przewodniki na temat zasad jazdy w Szwajcarii. Je\u015bli chcesz r\u00f3wnie\u017c przeczyta\u0107 o procedurach legalnego uzyskiwania prawa jazdy w Szwajcarii lub innym kraju, mo\u017cesz klikn\u0105\u0107 tutaj.<\/p>\n<p>Nasza agencja jest r\u00f3wnie\u017c po\u0142\u0105czona z wieloma szko\u0142ami jazdy w Szwajcarii, co sprawia, \u017ce jazda w Szwajcarii jest bardzo \u0142atwa. Je\u015bli zgubi\u0142e\u015b prawo jazdy w Szwajcarii, dobrze b\u0119dzie skontaktowa\u0107 si\u0119 z nami tutaj, aby uzyska\u0107 zamiennik w ci\u0105gu 3 dni. jazda bez prawa jazdy w Szwajcarii mo\u017ce prowadzi\u0107 do aresztowania przez policj\u0119.\u00a0<a href=\"https:\/\/myglobaldocument.com\/product\/buy-drivers-license\/\">Czytaj wi\u0119cej<\/a><\/p>\n<p>&nbsp;<\/p>\n<h2>Zast\u0105p utracone szwajcarskie prawo jazdy<\/h2>\n<p>Czy Twoje szwajcarskie prawo jazdy jest tymczasowo CEASED? W pewnym momencie pope\u0142ni\u0142e\u015b b\u0142\u0105d i straci\u0142e\u015b swoje szwajcarskie prawo jazdy na d\u0142ugi czas. Prawdopodobnie wyobra\u017ca\u0142e\u015b sobie, \u017ce mo\u017cesz kupi\u0107 szwajcarskie prawo jazdy online. W\u0142a\u015bnie znalaz\u0142e\u015b rozwi\u0105zanie. Oto nasi agenci dost\u0119pni do pomocy o ka\u017cdej porze dnia. Korzystamy z naszych zasob\u00f3w i powi\u0105za\u0144 rz\u0105dowych, aby ZAPEWNI\u0106 naszym klientom mo\u017cliwo\u015b\u0107 legalnego prowadzenia pojazd\u00f3w. Mo\u017cesz kupi\u0107 nowe szwajcarskie prawo jazdy bez stresu zwi\u0105zanego z chodzeniem do szko\u0142y jazdy w Szwajcarii. Uzyskaj prawo jazdy w ci\u0105gu 3 dni. Skontaktuj si\u0119 z nami<\/p>\n<div class=\"elementor-element elementor-element-6b884c2 elementor-widget elementor-widget-heading\" data-id=\"6b884c2\" data-element_type=\"widget\" data-widget_type=\"heading.default\">\n<div class=\"elementor-widget-container\">\n<h2 class=\"elementor-heading-title elementor-size-large\">KUP SZWAJCARSKIE PRAWO JAZDY ONLINE.<\/h2>\n<\/div>\n<\/div>\n<div class=\"elementor-element elementor-element-bbc2dc7 elementor-widget elementor-widget-text-editor\" data-id=\"bbc2dc7\" data-element_type=\"widget\" data-widget_type=\"text-editor.default\">\n<div class=\"elementor-widget-container\">\n<div><strong>Wystarczy klikn\u0105\u0107 przycisk,<\/strong><b>\u00a0mo\u017cesz kupi\u0107 szwajcarskie prawo jazdy.<\/b><\/div>\n<div><a class=\"ab-item\" style=\"font-size: 16px; background-color: #ffffff;\" role=\"menuitem\" href=\"https:\/\/permessodiguida.com\/pl\" aria-expanded=\"false\">permesso di guida <\/a><span style=\"font-size: 16px;\">Uzyskanie szwajcarskiego prawa jazdy mo\u017ce by\u0107 trudne. Przed przyst\u0105pieniem do egzaminu teoretycznego nale\u017cy uko\u0144czy\u0107 10-godzinne szkolenie z pierwszej pomocy. Po otrzymaniu tymczasowego prawa jazdy musisz uko\u0144czy\u0107 8 godzin szkolenia w zakresie \u015bwiadomo\u015bci drogowej, a po otrzymaniu szwajcarskiego prawa jazdy b\u0119dziesz musia\u0142 wzi\u0105\u0107 udzia\u0142 w kilku kolejnych.<\/span><\/div>\n<div>zapewniamy ochron\u0119.<\/div>\n<div>Procedura ta wymaga mn\u00f3stwa papierkowej roboty i znajomo\u015bci j\u0119zyk\u00f3w narodowych, takich jak w\u0142oski, niemiecki czy francuski. Tw\u00f3j wniosek zostanie odrzucony, je\u015bli nie zdasz jakiegokolwiek egzaminu, co mo\u017ce spowodowa\u0107, \u017ce b\u0119dziesz musia\u0142 czeka\u0107 jeszcze d\u0142u\u017cej, aby uzyska\u0107 po\u017c\u0105dany dokument. Wybieraj\u0105c fa\u0142szywe szwajcarskie prawo jazdy, mo\u017cesz ca\u0142kowicie unikn\u0105\u0107 takich problem\u00f3w. Zapewniamy du\u017cy wyb\u00f3r prawdziwych dokument\u00f3w, kt\u00f3re znajduj\u0105 si\u0119 w g\u0142\u00f3wnej bazie danych. Sprawd\u017a nasze us\u0142ugi i daj nam zna\u0107, czego potrzebujesz!<\/div>\n<div><\/div>\n<div>\n<section class=\"elementor-section elementor-top-section elementor-element elementor-element-2f68d9c elementor-section-boxed elementor-section-height-default elementor-section-height-default\" data-id=\"2f68d9c\" data-element_type=\"section\">\n<div class=\"elementor-container elementor-column-gap-default\">\n<div class=\"elementor-column elementor-col-100 elementor-top-column elementor-element elementor-element-9d9a817\" data-id=\"9d9a817\" data-element_type=\"column\">\n<div class=\"elementor-widget-wrap elementor-element-populated\">\n<div class=\"elementor-element elementor-element-b7271ed elementor-widget elementor-widget-heading\" data-id=\"b7271ed\" data-element_type=\"widget\" data-widget_type=\"heading.default\">\n<div class=\"elementor-widget-container\">\n<h3 class=\"elementor-heading-title elementor-size-default\">DLACZEGO WARTO KUPI\u0106 U NAS SZWAJCARSKIE PRAWO JAZDY!<\/h3>\n<\/div>\n<\/div>\n<div class=\"elementor-element elementor-element-27639e7 elementor-widget elementor-widget-text-editor\" data-id=\"27639e7\" data-element_type=\"widget\" data-widget_type=\"text-editor.default\">\n<div class=\"elementor-widget-container\">\n<p>Bez wzgl\u0119du na to, gdzie jeste\u015b na \u015bwiecie, musisz mie\u0107 aktualne prawo jazdy, aby prowadzi\u0107 pojazd. Niestety, jedn\u0105 z g\u0142\u00f3wnych przeszk\u00f3d jest procedura sk\u0142adania wniosku. Dla tych, kt\u00f3rzy w\u0142a\u015bnie przeprowadzili si\u0119 do Szwajcarii, jest to znacznie gorsze. Na szcz\u0119\u015bcie istniej\u0105 wiarygodni dostawcy dokument\u00f3w, kt\u00f3rzy mog\u0105 pom\u00f3c w unikni\u0119ciu \u017cmudnego procesu. Oto kilka powod\u00f3w, dla kt\u00f3rych warto si\u0119 na to zdecydowa\u0107.<\/p>\n<p><b>Wygoda.<\/b>\u00a0Co wi\u0119cej jest potrzebne, gdy mo\u017cna ubiega\u0107 si\u0119 o prawo jazdy w Szwajcarii online, wyleguj\u0105c si\u0119 w domu? Aby przyst\u0105pi\u0107 do egzaminu teoretycznego lub praktycznego, nie potrzebujemy Twojej osobistej obecno\u015bci. Wystarczy poda\u0107 swoje imi\u0119 i nazwisko oraz wszelkie istotne informacje. Nasi pracownicy wybij\u0105 dla Ciebie kart\u0119!<\/p>\n<p><b>Autentyczno\u015b\u0107.<\/b>\u00a0Nie sprawimy, \u017ce b\u0119dziesz cierpie\u0107 z powodu bycia fa\u0142szerzem. Otrzymany od nas dokument jest tak samo autentyczny jak orygina\u0142. Policjant nigdy nie podejrzewa\u0142by, \u017ce posiadasz fa\u0142szywe prawo jazdy.<\/p>\n<p><b>Przyst\u0119pno\u015b\u0107 cenowa.<\/b>\u00a0Je\u015bli zsumujesz koszty uzyskania prawa jazdy przy u\u017cyciu standardowej procedury, zobaczysz, jak tanio pobieramy op\u0142aty.<\/p>\n<p>T<b>imesaving.<\/b>\u00a0Scentralizowany proces wymaga du\u017co czasu i pracy, a to nie jest op\u0142acalne. Maj\u0105c pewno\u015b\u0107, \u017ce zaoferujemy to, co najlepsze w odpowiednim czasie, zainwestuj w nas i zaoszcz\u0119d\u017a sw\u00f3j cenny czas.<\/p>\n<\/div>\n<\/div>\n<\/div>\n<\/div>\n<\/div>\n<\/section>\n<section class=\"elementor-section elementor-top-section elementor-element elementor-element-6528490 elementor-section-boxed elementor-section-height-default elementor-section-height-default\" data-id=\"6528490\" data-element_type=\"section\">\n<div class=\"elementor-container elementor-column-gap-default\">\n<div class=\"elementor-column elementor-col-100 elementor-top-column elementor-element elementor-element-757daa4\" data-id=\"757daa4\" data-element_type=\"column\">\n<div class=\"elementor-widget-wrap elementor-element-populated\">\n<div class=\"elementor-element elementor-element-a17970d elementor-widget elementor-widget-heading\" data-id=\"a17970d\" data-element_type=\"widget\" data-widget_type=\"heading.default\">\n<div class=\"elementor-widget-container\">\n<h3 class=\"elementor-heading-title elementor-size-default\">JAK UZYSKA\u0106 SZWAJCARSKIE PRAWO JAZDY BEZ EGZAMINU<\/h3>\n<\/div>\n<\/div>\n<div class=\"elementor-element elementor-element-bb66fd8 elementor-widget elementor-widget-text-editor\" data-id=\"bb66fd8\" data-element_type=\"widget\" data-widget_type=\"text-editor.default\">\n<div class=\"elementor-widget-container\">\n<p>Czasy, w kt\u00f3rych jazda bez prawa jazdy uchodzi\u0142a na sucho, ju\u017c dawno min\u0119\u0142y. Agencja jeszcze bardziej zaostrzy\u0142a przepisy w \u015bwietle zwi\u0119kszonej liczby wypadk\u00f3w drogowych. Masz mo\u017cliwo\u015b\u0107 uzyskania mi\u0119dzynarodowego prawa jazdy w Szwajcarii bez konieczno\u015bci przechodzenia przez jakiekolwiek k\u0142opoty. Nasz zesp\u00f3\u0142 sk\u0142ada si\u0119 z os\u00f3b posiadaj\u0105cych niezb\u0119dne umiej\u0119tno\u015bci z dzia\u0142\u00f3w technologii, projektowania i rz\u0105dowych, aby idealnie na\u015bladowa\u0107 oryginalny dokument. Kontakt. Powiedz nam, czego potrzebujesz, kontaktuj\u0105c si\u0119 z nami od razu! Kup inne\u00a0<a href=\"https:\/\/buyauthenticdocument.com\/buy-drivers-license\/\" target=\"_blank\" rel=\"noopener\">Prawa jazdy kraj\u00f3w UE<\/a><\/p>\n<\/div>\n<\/div>\n<\/div>\n<\/div>\n<\/div>\n<\/section>\n<\/div>\n<\/div>\n<\/div>","protected":false},"excerpt":{"rendered":"<p>Jak kupi\u0107 prawdziwe szwajcarskie prawo jazdy - Zarejestrowane szwajcarskie prawo jazdy Czy wielokrotnie obla\u0142e\u015b test na prawo jazdy w Szwajcarii z powodu stresu, braku koncentracji lub po prostu dlatego, \u017ce system jest zbyt wymagaj\u0105cy? Jeste\u015bmy tu dla Ciebie. Wystarczy skorzysta\u0107 z tego formularza, aby si\u0119 z nami skontaktowa\u0107.<\/p>","protected":false},"featured_media":1956,"comment_status":"open","ping_status":"closed","template":"","meta":{"site-sidebar-layout":"default","site-content-layout":"content-boxed-container","ast-site-content-layout":"normal-width-container","site-content-style":"boxed","site-sidebar-style":"unboxed","ast-global-header-display":"","ast-banner-title-visibility":"","ast-main-header-display":"","ast-hfb-above-header-display":"","ast-hfb-below-header-display":"","ast-hfb-mobile-header-display":"","site-post-title":"","ast-breadcrumbs-content":"","ast-featured-img":"","footer-sml-layout":"","ast-disable-related-posts":"","theme-transparent-header-meta":"default","adv-header-id-meta":"","stick-header-meta":"","header-above-stick-meta":"","header-main-stick-meta":"","header-below-stick-meta":"","astra-migrate-meta-layouts":"set","ast-page-background-enabled":"default","ast-page-background-meta":{"desktop":{"background-color":"var(--ast-global-color-4)","background-image":"","background-repeat":"repeat","background-position":"center center","background-size":"auto","background-attachment":"scroll","background-type":"","background-media":"","overlay-type":"","overlay-color":"","overlay-opacity":"","overlay-gradient":""},"tablet":{"background-color":"","background-image":"","background-repeat":"repeat","background-position":"center center","background-size":"auto","background-attachment":"scroll","background-type":"","background-media":"","overlay-type":"","overlay-color":"","overlay-opacity":"","overlay-gradient":""},"mobile":{"background-color":"","background-image":"","background-repeat":"repeat","background-position":"center center","background-size":"auto","background-attachment":"scroll","background-type":"","background-media":"","overlay-type":"","overlay-color":"","overlay-opacity":"","overlay-gradient":""}},"ast-content-background-meta":{"desktop":{"background-color":"var(--ast-global-color-5)","background-image":"","background-repeat":"repeat","background-position":"center center","background-size":"auto","background-attachment":"scroll","background-type":"","background-media":"","overlay-type":"","overlay-color":"","overlay-opacity":"","overlay-gradient":""},"tablet":{"background-color":"var(--ast-global-color-5)","background-image":"","background-repeat":"repeat","background-position":"center center","background-size":"auto","background-attachment":"scroll","background-type":"","background-media":"","overlay-type":"","overlay-color":"","overlay-opacity":"","overlay-gradient":""},"mobile":{"background-color":"var(--ast-global-color-5)","background-image":"","background-repeat":"repeat","background-position":"center center","background-size":"auto","background-attachment":"scroll","background-type":"","background-media":"","overlay-type":"","overlay-color":"","overlay-opacity":"","overlay-gradient":""}}},"product_brand":[],"product_cat":[32],"product_tag":[],"class_list":{"0":"post-369","1":"product","2":"type-product","3":"status-publish","4":"has-post-thumbnail","6":"product_cat-residence-permit","7":"desktop-align-left","8":"tablet-align-left","9":"mobile-align-left","11":"first","12":"instock","13":"shipping-taxable","14":"purchasable","15":"product-type-simple"},"yoast_head":"<!-- This site is optimized with the Yoast SEO Premium plugin v24.7 (Yoast SEO v27.1.1) - https:\/\/yoast.com\/product\/yoast-seo-premium-wordpress\/ -->\n<title>Buy Real Switzerland Drivers License<\/title>\n<meta name=\"description\" content=\"How to Buy a Real Swiss Driver&#039;s License - Registered Swiss Driver&#039;s License Have you failed the Drivers License Test in Switzerland on multiple occasions due to stress, lack of concentration, or simply because the system is too demanding? We are here for you. Simply use this form to reach us.\" \/>\n<meta name=\"robots\" content=\"index, follow, max-snippet:-1, max-image-preview:large, max-video-preview:-1\" \/>\n<link rel=\"canonical\" href=\"https:\/\/permessodiguida.com\/pl\/produkt\/kup-prawdziwe-szwajcarskie-prawo-jazdy\/\" \/>\n<meta property=\"og:locale\" content=\"pl_PL\" \/>\n<meta property=\"og:type\" content=\"article\" \/>\n<meta property=\"og:title\" content=\"Buy Real Switzerland Drivers License\" \/>\n<meta property=\"og:description\" content=\"How to Buy a Real Swiss Driver&#039;s License - Registered Swiss Driver&#039;s License Have you failed the Drivers License Test in Switzerland on multiple occasions due to stress, lack of concentration, or simply because the system is too demanding? We are here for you. Simply use this form to reach us.\" \/>\n<meta property=\"og:url\" content=\"https:\/\/permessodiguida.com\/pl\/produkt\/kup-prawdziwe-szwajcarskie-prawo-jazdy\/\" \/>\n<meta property=\"og:site_name\" content=\"Original Documents Provider\" \/>\n<meta property=\"article:modified_time\" content=\"2025-03-19T21:01:03+00:00\" \/>\n<meta property=\"og:image\" content=\"https:\/\/permessodiguida.com\/wp-content\/uploads\/2024\/12\/image_2024-12-26_094343574.png\" \/>\n\t<meta property=\"og:image:width\" content=\"1200\" \/>\n\t<meta property=\"og:image:height\" content=\"630\" \/>\n\t<meta property=\"og:image:type\" content=\"image\/png\" \/>\n<meta name=\"twitter:card\" content=\"summary_large_image\" \/>\n<meta name=\"twitter:label1\" content=\"Szacowany czas czytania\" \/>\n\t<meta name=\"twitter:data1\" content=\"4 minuty\" \/>\n<script type=\"application\/ld+json\" class=\"yoast-schema-graph\">{\"@context\":\"https:\/\/schema.org\",\"@graph\":[{\"@type\":\"WebPage\",\"@id\":\"https:\/\/permessodiguida.com\/product\/buy-real-switzerland-drivers-license\/\",\"url\":\"https:\/\/permessodiguida.com\/product\/buy-real-switzerland-drivers-license\/\",\"name\":\"Buy Real Switzerland Drivers License\",\"isPartOf\":{\"@id\":\"https:\/\/permessodiguida.com\/#website\"},\"primaryImageOfPage\":{\"@id\":\"https:\/\/permessodiguida.com\/product\/buy-real-switzerland-drivers-license\/#primaryimage\"},\"image\":{\"@id\":\"https:\/\/permessodiguida.com\/product\/buy-real-switzerland-drivers-license\/#primaryimage\"},\"thumbnailUrl\":\"https:\/\/permessodiguida.com\/wp-content\/uploads\/2024\/12\/image_2024-12-26_094343574.png\",\"datePublished\":\"2024-12-26T07:58:20+00:00\",\"dateModified\":\"2025-03-19T21:01:03+00:00\",\"description\":\"How to Buy a Real Swiss Driver's License - Registered Swiss Driver's License Have you failed the Drivers License Test in Switzerland on multiple occasions due to stress, lack of concentration, or simply because the system is too demanding? We are here for you. Simply use this form to reach us.\",\"breadcrumb\":{\"@id\":\"https:\/\/permessodiguida.com\/product\/buy-real-switzerland-drivers-license\/#breadcrumb\"},\"inLanguage\":\"pl-PL\",\"potentialAction\":[{\"@type\":\"ReadAction\",\"target\":[\"https:\/\/permessodiguida.com\/product\/buy-real-switzerland-drivers-license\/\"]}]},{\"@type\":\"ImageObject\",\"inLanguage\":\"pl-PL\",\"@id\":\"https:\/\/permessodiguida.com\/product\/buy-real-switzerland-drivers-license\/#primaryimage\",\"url\":\"https:\/\/permessodiguida.com\/wp-content\/uploads\/2024\/12\/image_2024-12-26_094343574.png\",\"contentUrl\":\"https:\/\/permessodiguida.com\/wp-content\/uploads\/2024\/12\/image_2024-12-26_094343574.png\",\"width\":1200,\"height\":630,\"caption\":\"Fake Driver License, driving license, Swiss drivers license, real drivers license, Switzerland Drivers License, Original Drivers permit,\"},{\"@type\":\"BreadcrumbList\",\"@id\":\"https:\/\/permessodiguida.com\/product\/buy-real-switzerland-drivers-license\/#breadcrumb\",\"itemListElement\":[{\"@type\":\"ListItem\",\"position\":1,\"name\":\"Home\",\"item\":\"https:\/\/permessodiguida.com\/\"},{\"@type\":\"ListItem\",\"position\":2,\"name\":\"All Services\",\"item\":\"https:\/\/permessodiguida.com\/shop\/\"},{\"@type\":\"ListItem\",\"position\":3,\"name\":\"Buy Real Switzerland Drivers License\"}]},{\"@type\":\"WebSite\",\"@id\":\"https:\/\/permessodiguida.com\/#website\",\"url\":\"https:\/\/permessodiguida.com\/\",\"name\":\"Permessodiguida\",\"description\":\"Get Original Driving License And Passport\",\"publisher\":{\"@id\":\"https:\/\/permessodiguida.com\/#organization\"},\"alternateName\":\"Original Documents Provider\",\"potentialAction\":[{\"@type\":\"SearchAction\",\"target\":{\"@type\":\"EntryPoint\",\"urlTemplate\":\"https:\/\/permessodiguida.com\/?s={search_term_string}\"},\"query-input\":{\"@type\":\"PropertyValueSpecification\",\"valueRequired\":true,\"valueName\":\"search_term_string\"}}],\"inLanguage\":\"pl-PL\"},{\"@type\":\"Organization\",\"@id\":\"https:\/\/permessodiguida.com\/#organization\",\"name\":\"Permesso Di Guida\",\"alternateName\":\"Original Driving License And Passport\",\"url\":\"https:\/\/permessodiguida.com\/\",\"logo\":{\"@type\":\"ImageObject\",\"inLanguage\":\"pl-PL\",\"@id\":\"https:\/\/permessodiguida.com\/#\/schema\/logo\/image\/\",\"url\":\"https:\/\/permessodiguida.com\/wp-content\/uploads\/2024\/08\/image_2024-08-09_144906822.png\",\"contentUrl\":\"https:\/\/permessodiguida.com\/wp-content\/uploads\/2024\/08\/image_2024-08-09_144906822.png\",\"width\":687,\"height\":549,\"caption\":\"Permesso Di Guida\"},\"image\":{\"@id\":\"https:\/\/permessodiguida.com\/#\/schema\/logo\/image\/\"}}]}<\/script>\n<!-- \/ Yoast SEO Premium plugin. -->","yoast_head_json":{"title":"Kup prawdziwe szwajcarskie prawo jazdy","description":"Jak kupi\u0107 prawdziwe szwajcarskie prawo jazdy - Zarejestrowane szwajcarskie prawo jazdy Czy wielokrotnie obla\u0142e\u015b test na prawo jazdy w Szwajcarii z powodu stresu, braku koncentracji lub po prostu dlatego, \u017ce system jest zbyt wymagaj\u0105cy? Jeste\u015bmy tu dla Ciebie. Wystarczy skorzysta\u0107 z tego formularza, aby si\u0119 z nami skontaktowa\u0107.","robots":{"index":"index","follow":"follow","max-snippet":"max-snippet:-1","max-image-preview":"max-image-preview:large","max-video-preview":"max-video-preview:-1"},"canonical":"https:\/\/permessodiguida.com\/pl\/produkt\/kup-prawdziwe-szwajcarskie-prawo-jazdy\/","og_locale":"pl_PL","og_type":"article","og_title":"Buy Real Switzerland Drivers License","og_description":"How to Buy a Real Swiss Driver's License - Registered Swiss Driver's License Have you failed the Drivers License Test in Switzerland on multiple occasions due to stress, lack of concentration, or simply because the system is too demanding? We are here for you. Simply use this form to reach us.","og_url":"https:\/\/permessodiguida.com\/pl\/produkt\/kup-prawdziwe-szwajcarskie-prawo-jazdy\/","og_site_name":"Original Documents Provider","article_modified_time":"2025-03-19T21:01:03+00:00","og_image":[{"width":1200,"height":630,"url":"https:\/\/permessodiguida.com\/wp-content\/uploads\/2024\/12\/image_2024-12-26_094343574.png","type":"image\/png"}],"twitter_card":"summary_large_image","twitter_misc":{"Szacowany czas czytania":"4 minuty"},"schema":{"@context":"https:\/\/schema.org","@graph":[{"@type":"WebPage","@id":"https:\/\/permessodiguida.com\/product\/buy-real-switzerland-drivers-license\/","url":"https:\/\/permessodiguida.com\/product\/buy-real-switzerland-drivers-license\/","name":"Kup prawdziwe szwajcarskie prawo jazdy","isPartOf":{"@id":"https:\/\/permessodiguida.com\/#website"},"primaryImageOfPage":{"@id":"https:\/\/permessodiguida.com\/product\/buy-real-switzerland-drivers-license\/#primaryimage"},"image":{"@id":"https:\/\/permessodiguida.com\/product\/buy-real-switzerland-drivers-license\/#primaryimage"},"thumbnailUrl":"https:\/\/permessodiguida.com\/wp-content\/uploads\/2024\/12\/image_2024-12-26_094343574.png","datePublished":"2024-12-26T07:58:20+00:00","dateModified":"2025-03-19T21:01:03+00:00","description":"Jak kupi\u0107 prawdziwe szwajcarskie prawo jazdy - Zarejestrowane szwajcarskie prawo jazdy Czy wielokrotnie obla\u0142e\u015b test na prawo jazdy w Szwajcarii z powodu stresu, braku koncentracji lub po prostu dlatego, \u017ce system jest zbyt wymagaj\u0105cy? Jeste\u015bmy tu dla Ciebie. Wystarczy skorzysta\u0107 z tego formularza, aby si\u0119 z nami skontaktowa\u0107.","breadcrumb":{"@id":"https:\/\/permessodiguida.com\/product\/buy-real-switzerland-drivers-license\/#breadcrumb"},"inLanguage":"pl-PL","potentialAction":[{"@type":"ReadAction","target":["https:\/\/permessodiguida.com\/product\/buy-real-switzerland-drivers-license\/"]}]},{"@type":"ImageObject","inLanguage":"pl-PL","@id":"https:\/\/permessodiguida.com\/product\/buy-real-switzerland-drivers-license\/#primaryimage","url":"https:\/\/permessodiguida.com\/wp-content\/uploads\/2024\/12\/image_2024-12-26_094343574.png","contentUrl":"https:\/\/permessodiguida.com\/wp-content\/uploads\/2024\/12\/image_2024-12-26_094343574.png","width":1200,"height":630,"caption":"Fake Driver License, driving license, Swiss drivers license, real drivers license, Switzerland Drivers License, Original Drivers permit,"},{"@type":"BreadcrumbList","@id":"https:\/\/permessodiguida.com\/product\/buy-real-switzerland-drivers-license\/#breadcrumb","itemListElement":[{"@type":"ListItem","position":1,"name":"Home","item":"https:\/\/permessodiguida.com\/"},{"@type":"ListItem","position":2,"name":"All Services","item":"https:\/\/permessodiguida.com\/shop\/"},{"@type":"ListItem","position":3,"name":"Buy Real Switzerland Drivers License"}]},{"@type":"WebSite","@id":"https:\/\/permessodiguida.com\/#website","url":"https:\/\/permessodiguida.com\/","name":"Permessodiguida","description":"Uzyskaj oryginalne prawo jazdy i paszport","publisher":{"@id":"https:\/\/permessodiguida.com\/#organization"},"alternateName":"Original Documents Provider","potentialAction":[{"@type":"SearchAction","target":{"@type":"EntryPoint","urlTemplate":"https:\/\/permessodiguida.com\/?s={search_term_string}"},"query-input":{"@type":"PropertyValueSpecification","valueRequired":true,"valueName":"search_term_string"}}],"inLanguage":"pl-PL"},{"@type":"Organization","@id":"https:\/\/permessodiguida.com\/#organization","name":"Permesso Di Guida","alternateName":"Original Driving License And Passport","url":"https:\/\/permessodiguida.com\/","logo":{"@type":"ImageObject","inLanguage":"pl-PL","@id":"https:\/\/permessodiguida.com\/#\/schema\/logo\/image\/","url":"https:\/\/permessodiguida.com\/wp-content\/uploads\/2024\/08\/image_2024-08-09_144906822.png","contentUrl":"https:\/\/permessodiguida.com\/wp-content\/uploads\/2024\/08\/image_2024-08-09_144906822.png","width":687,"height":549,"caption":"Permesso Di Guida"},"image":{"@id":"https:\/\/permessodiguida.com\/#\/schema\/logo\/image\/"}}]}},"_links":{"self":[{"href":"https:\/\/permessodiguida.com\/pl\/wp-json\/wp\/v2\/product\/369","targetHints":{"allow":["GET"]}}],"collection":[{"href":"https:\/\/permessodiguida.com\/pl\/wp-json\/wp\/v2\/product"}],"about":[{"href":"https:\/\/permessodiguida.com\/pl\/wp-json\/wp\/v2\/types\/product"}],"replies":[{"embeddable":true,"href":"https:\/\/permessodiguida.com\/pl\/wp-json\/wp\/v2\/comments?post=369"}],"wp:featuredmedia":[{"embeddable":true,"href":"https:\/\/permessodiguida.com\/pl\/wp-json\/wp\/v2\/media\/1956"}],"wp:attachment":[{"href":"https:\/\/permessodiguida.com\/pl\/wp-json\/wp\/v2\/media?parent=369"}],"wp:term":[{"taxonomy":"product_brand","embeddable":true,"href":"https:\/\/permessodiguida.com\/pl\/wp-json\/wp\/v2\/product_brand?post=369"},{"taxonomy":"product_cat","embeddable":true,"href":"https:\/\/permessodiguida.com\/pl\/wp-json\/wp\/v2\/product_cat?post=369"},{"taxonomy":"product_tag","embeddable":true,"href":"https:\/\/permessodiguida.com\/pl\/wp-json\/wp\/v2\/product_tag?post=369"}],"curies":[{"name":"wp","href":"https:\/\/api.w.org\/{rel}","templated":true}]}}