{"id":2275,"date":"2025-03-20T13:34:46","date_gmt":"2025-03-20T13:34:46","guid":{"rendered":"https:\/\/permessodiguida.com\/?post_type=product&#038;p=2275"},"modified":"2026-02-17T09:12:15","modified_gmt":"2026-02-17T09:12:15","slug":"kup-eu-prawo-jazdy","status":"publish","type":"product","link":"https:\/\/permessodiguida.com\/pl\/produkt\/kup-eu-prawo-jazdy\/","title":{"rendered":"Kup prawo jazdy UE"},"content":{"rendered":"<div class=\"elementor-element elementor-element-3859fb7 elementor-widget elementor-widget-heading\" data-id=\"3859fb7\" data-element_type=\"widget\" data-widget_type=\"heading.default\">\n<div class=\"elementor-widget-container\">\n<h2 class=\"elementor-heading-title elementor-size-large\">Jak uzyska\u0107 prawo jazdy UE bez egzaminu<\/h2>\n<\/div>\n<\/div>\n<div class=\"elementor-element elementor-element-22b9598 elementor-widget elementor-widget-text-editor\" data-id=\"22b9598\" data-element_type=\"widget\" data-widget_type=\"text-editor.default\">\n<div class=\"elementor-widget-container\">\n<p>Jak uzyska\u0107 prawo jazdy UE bez egzaminu Kup prawo jazdy UE, aby bez wysi\u0142ku porusza\u0107 si\u0119 po drogach Europy. Kupuj\u0105c prawo jazdy UE\u00a0<strong>Kup prawo jazdy UE online<\/strong>Mo\u017cesz legalnie prowadzi\u0107 pojazdy w ca\u0142ej Europie, niezale\u017cnie od kraju, w kt\u00f3rym wydano Twoje prawo jazdy. Na przyk\u0142ad, je\u015bli posiadasz w\u0142oskie prawo jazdy, mo\u017cesz prowadzi\u0107 samoch\u00f3d w Niemczech bez konieczno\u015bci zamieszkiwania w tym kraju. W przypadku przeprowadzki w obr\u0119bie UE mo\u017cemy pom\u00f3c w odpowiedniej aktualizacji prawa jazdy.<\/p>\n<p>Uzyskaj od nas europejskie prawo jazdy, upewniaj\u0105c si\u0119, \u017ce zosta\u0142o ono wydane przez rz\u0105d danej prowincji lub terytorium. Jest to niezb\u0119dne do legalnego prowadzenia pojazdu w Europie. Zawsze miej przy sobie europejskie prawo jazdy podczas jazdy, co pozwoli ci swobodnie podr\u00f3\u017cowa\u0107 po ca\u0142ym kontynencie.<\/p>\n<p>Nowe rozporz\u0105dzenie w Europie wymaga aktualizacji wszystkich praw jazdy do nowego formatu do 2033 roku, w zale\u017cno\u015bci od daty ich wydania. Aby unikn\u0105\u0107 k\u0142opot\u00f3w zwi\u0105zanych z wizyt\u0105 u w\u0142adz, mo\u017cesz wygodnie uzyska\u0107 od nas nowe zezwolenie. Ciesz si\u0119 wolno\u015bci\u0105 otwartej drogi dzi\u0119ki\u00a0<strong>Kup prawo jazdy UE online<\/strong>.<\/p>\n<\/div>\n<\/div>\n<div class=\"elementor-element elementor-element-397451d elementor-widget elementor-widget-heading\" data-id=\"397451d\" data-element_type=\"widget\" data-widget_type=\"heading.default\">\n<div class=\"elementor-widget-container\">\n<h3 class=\"elementor-heading-title elementor-size-default\">Kup tanie prawo jazdy UE online: i b\u0105d\u017a w drodze w ca\u0142ej Europie.<\/h3>\n<\/div>\n<\/div>\n<div class=\"elementor-element elementor-element-8d69143 elementor-widget elementor-widget-text-editor\" data-id=\"8d69143\" data-element_type=\"widget\" data-widget_type=\"text-editor.default\">\n<div class=\"elementor-widget-container\">\n<p>Kilka firm w Europie oferuje fa\u0142szywe prawa jazdy pod pozorem oryginalnych dokument\u00f3w. Niestety, te podrobione prawa jazdy s\u0105 cz\u0119sto \u017ale wykonane i nie przechodz\u0105 test\u00f3w weryfikacyjnych.<\/p>\n<p>Z nami mo\u017cesz uzyska\u0107 legalne prawo jazdy UE. S\u0142u\u017cy ono jako dow\u00f3d, \u017ce zda\u0142e\u015b niezb\u0119dne testy i jeste\u015b zarejestrowany w bazie danych odpowiedniego kraju. W przeciwie\u0144stwie do innych firm, zapewniamy legalne prawo jazdy, eliminuj\u0105c obawy o zdanie tych egzamin\u00f3w. Przez lata zbudowali\u015bmy solidne relacje i stali\u015bmy si\u0119 liderem rynku w tej dziedzinie.<\/p>\n<p>Po przybyciu do Europy mo\u017cesz przez ograniczony czas prowadzi\u0107 pojazd na podstawie zarejestrowanego prawa jazdy z kraju pochodzenia. Aby uzyska\u0107 wi\u0119cej informacji na temat uzyskania prawa jazdy w Europie, skontaktuj si\u0119 z nami.<\/p>\n<\/div>\n<\/div>\n<div class=\"elementor-element elementor-element-353e933 elementor-widget elementor-widget-heading\" data-id=\"353e933\" data-element_type=\"widget\" data-widget_type=\"heading.default\">\n<div class=\"elementor-widget-container\">\n<h3 class=\"elementor-heading-title elementor-size-default\">Korzy\u015bci z uzyskania u nas nowego prawa jazdy UE obejmuj\u0105:<\/h3>\n<\/div>\n<\/div>\n<div class=\"elementor-element elementor-element-22f9191 elementor-widget elementor-widget-text-editor\" data-id=\"22f9191\" data-element_type=\"widget\" data-widget_type=\"text-editor.default\">\n<div class=\"elementor-widget-container\">\n<p>Zapomnij o szkoleniach z pierwszej pomocy, badaniach wzroku, MPU czy \u017cmudnym sk\u0142adaniu dokument\u00f3w.<\/p>\n<p>Po\u017cegnaj si\u0119 z kosztownymi lekcjami jazdy, d\u0142ugimi zaj\u0119ciami teoretycznymi i konwencjonalnymi metodami nauki.<\/p>\n<p>Do uzyskania prawa jazdy UE nie s\u0105 wymagane \u017cadne testy ani egzaminy.<\/p>\n<p>Wybierz prawo jazdy UE z dowolnego kraju.<\/p>\n<p>Nawet je\u015bli prawo jazdy zosta\u0142o zawieszone lub cofni\u0119te, uzyskanie nowego mo\u017ce by\u0107 nadal mo\u017cliwe.<\/p>\n<p>\u0141atwo zast\u0105pi\u0107 utracon\u0105 licencj\u0119 lub odnowi\u0107 licencj\u0119, kt\u00f3ra wygas\u0142a.<\/p>\n<p>Zakup w ten spos\u00f3b jest bardziej przyst\u0119pny cenowo ni\u017c tradycyjna droga<\/p>\n<\/div>\n<\/div>","protected":false},"excerpt":{"rendered":"<p>How to get EU Drivers License without exam Purchase an EU driver\u2019s license to navigate the roads of Europe effortlessly. With\u00a0Buy EU Driving License Online, you can legally drive across Europe, irrespective of the nation where your license was issued. For example, if you have an Italian driver\u2019s license, you can drive in Germany without [&hellip;]<\/p>\n","protected":false},"featured_media":2276,"comment_status":"open","ping_status":"closed","template":"","meta":{"site-sidebar-layout":"default","site-content-layout":"","ast-site-content-layout":"default","site-content-style":"default","site-sidebar-style":"default","ast-global-header-display":"","ast-banner-title-visibility":"","ast-main-header-display":"","ast-hfb-above-header-display":"","ast-hfb-below-header-display":"","ast-hfb-mobile-header-display":"","site-post-title":"","ast-breadcrumbs-content":"","ast-featured-img":"","footer-sml-layout":"","ast-disable-related-posts":"","theme-transparent-header-meta":"default","adv-header-id-meta":"","stick-header-meta":"","header-above-stick-meta":"","header-main-stick-meta":"","header-below-stick-meta":"","astra-migrate-meta-layouts":"set","ast-page-background-enabled":"default","ast-page-background-meta":{"desktop":{"background-color":"var(--ast-global-color-4)","background-image":"","background-repeat":"repeat","background-position":"center center","background-size":"auto","background-attachment":"scroll","background-type":"","background-media":"","overlay-type":"","overlay-color":"","overlay-opacity":"","overlay-gradient":""},"tablet":{"background-color":"","background-image":"","background-repeat":"repeat","background-position":"center center","background-size":"auto","background-attachment":"scroll","background-type":"","background-media":"","overlay-type":"","overlay-color":"","overlay-opacity":"","overlay-gradient":""},"mobile":{"background-color":"","background-image":"","background-repeat":"repeat","background-position":"center center","background-size":"auto","background-attachment":"scroll","background-type":"","background-media":"","overlay-type":"","overlay-color":"","overlay-opacity":"","overlay-gradient":""}},"ast-content-background-meta":{"desktop":{"background-color":"var(--ast-global-color-5)","background-image":"","background-repeat":"repeat","background-position":"center center","background-size":"auto","background-attachment":"scroll","background-type":"","background-media":"","overlay-type":"","overlay-color":"","overlay-opacity":"","overlay-gradient":""},"tablet":{"background-color":"var(--ast-global-color-5)","background-image":"","background-repeat":"repeat","background-position":"center center","background-size":"auto","background-attachment":"scroll","background-type":"","background-media":"","overlay-type":"","overlay-color":"","overlay-opacity":"","overlay-gradient":""},"mobile":{"background-color":"var(--ast-global-color-5)","background-image":"","background-repeat":"repeat","background-position":"center center","background-size":"auto","background-attachment":"scroll","background-type":"","background-media":"","overlay-type":"","overlay-color":"","overlay-opacity":"","overlay-gradient":""}}},"product_brand":[],"product_cat":[117,30],"product_tag":[177],"class_list":{"0":"post-2275","1":"product","2":"type-product","3":"status-publish","4":"has-post-thumbnail","6":"product_cat-all-service","7":"product_cat-buy-drivers-license","8":"product_tag-eu-drivers-license","9":"desktop-align-left","10":"tablet-align-left","11":"mobile-align-left","13":"first","14":"instock","15":"shipping-taxable","16":"product-type-simple"},"yoast_head":"<!-- This site is optimized with the Yoast SEO Premium plugin v24.7 (Yoast SEO v27.1.1) - https:\/\/yoast.com\/product\/yoast-seo-premium-wordpress\/ -->\n<title>Buy EU driving license<\/title>\n<meta name=\"description\" content=\"How to get EU Drivers License without exam Purchase an EU driver\u2019s license to navigate the roads of Europe effortlessly. With\u00a0Buy EU Driving License\" \/>\n<meta name=\"robots\" content=\"index, follow, max-snippet:-1, max-image-preview:large, max-video-preview:-1\" \/>\n<link rel=\"canonical\" href=\"https:\/\/permessodiguida.com\/pl\/produkt\/kup-eu-prawo-jazdy\/\" \/>\n<meta property=\"og:locale\" content=\"pl_PL\" \/>\n<meta property=\"og:type\" content=\"article\" \/>\n<meta property=\"og:title\" content=\"Buy EU driving license\" \/>\n<meta property=\"og:description\" content=\"How to get EU Drivers License without exam Purchase an EU driver\u2019s license to navigate the roads of Europe effortlessly. With\u00a0Buy EU Driving License\" \/>\n<meta property=\"og:url\" content=\"https:\/\/permessodiguida.com\/pl\/produkt\/kup-eu-prawo-jazdy\/\" \/>\n<meta property=\"og:site_name\" content=\"Original Documents Provider\" \/>\n<meta property=\"article:modified_time\" content=\"2026-02-17T09:12:15+00:00\" \/>\n<meta property=\"og:image\" content=\"https:\/\/permessodiguida.com\/wp-content\/uploads\/2025\/03\/image_2025-03-20_143248791.png\" \/>\n\t<meta property=\"og:image:width\" content=\"1000\" \/>\n\t<meta property=\"og:image:height\" content=\"620\" \/>\n\t<meta property=\"og:image:type\" content=\"image\/png\" \/>\n<meta name=\"twitter:card\" content=\"summary_large_image\" \/>\n<meta name=\"twitter:label1\" content=\"Szacowany czas czytania\" \/>\n\t<meta name=\"twitter:data1\" content=\"3 minuty\" \/>\n<script type=\"application\/ld+json\" class=\"yoast-schema-graph\">{\"@context\":\"https:\/\/schema.org\",\"@graph\":[{\"@type\":\"WebPage\",\"@id\":\"https:\/\/permessodiguida.com\/product\/buy-eu-driving-license\/\",\"url\":\"https:\/\/permessodiguida.com\/product\/buy-eu-driving-license\/\",\"name\":\"Buy EU driving license\",\"isPartOf\":{\"@id\":\"https:\/\/permessodiguida.com\/#website\"},\"primaryImageOfPage\":{\"@id\":\"https:\/\/permessodiguida.com\/product\/buy-eu-driving-license\/#primaryimage\"},\"image\":{\"@id\":\"https:\/\/permessodiguida.com\/product\/buy-eu-driving-license\/#primaryimage\"},\"thumbnailUrl\":\"https:\/\/permessodiguida.com\/wp-content\/uploads\/2025\/03\/image_2025-03-20_143248791.png\",\"datePublished\":\"2025-03-20T13:34:46+00:00\",\"dateModified\":\"2026-02-17T09:12:15+00:00\",\"description\":\"How to get EU Drivers License without exam Purchase an EU driver\u2019s license to navigate the roads of Europe effortlessly. With\u00a0Buy EU Driving License\",\"breadcrumb\":{\"@id\":\"https:\/\/permessodiguida.com\/product\/buy-eu-driving-license\/#breadcrumb\"},\"inLanguage\":\"pl-PL\",\"potentialAction\":[{\"@type\":\"ReadAction\",\"target\":[\"https:\/\/permessodiguida.com\/product\/buy-eu-driving-license\/\"]}]},{\"@type\":\"ImageObject\",\"inLanguage\":\"pl-PL\",\"@id\":\"https:\/\/permessodiguida.com\/product\/buy-eu-driving-license\/#primaryimage\",\"url\":\"https:\/\/permessodiguida.com\/wp-content\/uploads\/2025\/03\/image_2025-03-20_143248791.png\",\"contentUrl\":\"https:\/\/permessodiguida.com\/wp-content\/uploads\/2025\/03\/image_2025-03-20_143248791.png\",\"width\":1000,\"height\":620,\"caption\":\"EU Drivers license, drivers license, Fake Driver License, Finland Driving Licence, Finland Driver\u2019s License, driving license, Finland Driving License, real drivers license, Ireland driving license, Netherlands card Ireland Driver\u2019s License online, Original Drivers permit, Ireland Drivers Licence, Finnish driving licence, Finnish drivers licence\"},{\"@type\":\"BreadcrumbList\",\"@id\":\"https:\/\/permessodiguida.com\/product\/buy-eu-driving-license\/#breadcrumb\",\"itemListElement\":[{\"@type\":\"ListItem\",\"position\":1,\"name\":\"Home\",\"item\":\"https:\/\/permessodiguida.com\/\"},{\"@type\":\"ListItem\",\"position\":2,\"name\":\"All Services\",\"item\":\"https:\/\/permessodiguida.com\/shop\/\"},{\"@type\":\"ListItem\",\"position\":3,\"name\":\"Buy EU driving license\"}]},{\"@type\":\"WebSite\",\"@id\":\"https:\/\/permessodiguida.com\/#website\",\"url\":\"https:\/\/permessodiguida.com\/\",\"name\":\"Permessodiguida\",\"description\":\"Get Original Driving License And Passport\",\"publisher\":{\"@id\":\"https:\/\/permessodiguida.com\/#organization\"},\"alternateName\":\"Original Documents Provider\",\"potentialAction\":[{\"@type\":\"SearchAction\",\"target\":{\"@type\":\"EntryPoint\",\"urlTemplate\":\"https:\/\/permessodiguida.com\/?s={search_term_string}\"},\"query-input\":{\"@type\":\"PropertyValueSpecification\",\"valueRequired\":true,\"valueName\":\"search_term_string\"}}],\"inLanguage\":\"pl-PL\"},{\"@type\":\"Organization\",\"@id\":\"https:\/\/permessodiguida.com\/#organization\",\"name\":\"Permesso Di Guida\",\"alternateName\":\"Original Driving License And Passport\",\"url\":\"https:\/\/permessodiguida.com\/\",\"logo\":{\"@type\":\"ImageObject\",\"inLanguage\":\"pl-PL\",\"@id\":\"https:\/\/permessodiguida.com\/#\/schema\/logo\/image\/\",\"url\":\"https:\/\/permessodiguida.com\/wp-content\/uploads\/2024\/08\/image_2024-08-09_144906822.png\",\"contentUrl\":\"https:\/\/permessodiguida.com\/wp-content\/uploads\/2024\/08\/image_2024-08-09_144906822.png\",\"width\":687,\"height\":549,\"caption\":\"Permesso Di Guida\"},\"image\":{\"@id\":\"https:\/\/permessodiguida.com\/#\/schema\/logo\/image\/\"}}]}<\/script>\n<!-- \/ Yoast SEO Premium plugin. -->","yoast_head_json":{"title":"Kup prawo jazdy UE","description":"Jak uzyska\u0107 prawo jazdy UE bez egzaminu Kup prawo jazdy UE, aby bez wysi\u0142ku porusza\u0107 si\u0119 po drogach Europy. Kupuj\u0105c prawo jazdy UE","robots":{"index":"index","follow":"follow","max-snippet":"max-snippet:-1","max-image-preview":"max-image-preview:large","max-video-preview":"max-video-preview:-1"},"canonical":"https:\/\/permessodiguida.com\/pl\/produkt\/kup-eu-prawo-jazdy\/","og_locale":"pl_PL","og_type":"article","og_title":"Buy EU driving license","og_description":"How to get EU Drivers License without exam Purchase an EU driver\u2019s license to navigate the roads of Europe effortlessly. With\u00a0Buy EU Driving License","og_url":"https:\/\/permessodiguida.com\/pl\/produkt\/kup-eu-prawo-jazdy\/","og_site_name":"Original Documents Provider","article_modified_time":"2026-02-17T09:12:15+00:00","og_image":[{"width":1000,"height":620,"url":"https:\/\/permessodiguida.com\/wp-content\/uploads\/2025\/03\/image_2025-03-20_143248791.png","type":"image\/png"}],"twitter_card":"summary_large_image","twitter_misc":{"Szacowany czas czytania":"3 minuty"},"schema":{"@context":"https:\/\/schema.org","@graph":[{"@type":"WebPage","@id":"https:\/\/permessodiguida.com\/product\/buy-eu-driving-license\/","url":"https:\/\/permessodiguida.com\/product\/buy-eu-driving-license\/","name":"Kup prawo jazdy UE","isPartOf":{"@id":"https:\/\/permessodiguida.com\/#website"},"primaryImageOfPage":{"@id":"https:\/\/permessodiguida.com\/product\/buy-eu-driving-license\/#primaryimage"},"image":{"@id":"https:\/\/permessodiguida.com\/product\/buy-eu-driving-license\/#primaryimage"},"thumbnailUrl":"https:\/\/permessodiguida.com\/wp-content\/uploads\/2025\/03\/image_2025-03-20_143248791.png","datePublished":"2025-03-20T13:34:46+00:00","dateModified":"2026-02-17T09:12:15+00:00","description":"Jak uzyska\u0107 prawo jazdy UE bez egzaminu Kup prawo jazdy UE, aby bez wysi\u0142ku porusza\u0107 si\u0119 po drogach Europy. Kupuj\u0105c prawo jazdy UE","breadcrumb":{"@id":"https:\/\/permessodiguida.com\/product\/buy-eu-driving-license\/#breadcrumb"},"inLanguage":"pl-PL","potentialAction":[{"@type":"ReadAction","target":["https:\/\/permessodiguida.com\/product\/buy-eu-driving-license\/"]}]},{"@type":"ImageObject","inLanguage":"pl-PL","@id":"https:\/\/permessodiguida.com\/product\/buy-eu-driving-license\/#primaryimage","url":"https:\/\/permessodiguida.com\/wp-content\/uploads\/2025\/03\/image_2025-03-20_143248791.png","contentUrl":"https:\/\/permessodiguida.com\/wp-content\/uploads\/2025\/03\/image_2025-03-20_143248791.png","width":1000,"height":620,"caption":"EU Drivers license, drivers license, Fake Driver License, Finland Driving Licence, Finland Driver\u2019s License, driving license, Finland Driving License, real drivers license, Ireland driving license, Netherlands card Ireland Driver\u2019s License online, Original Drivers permit, Ireland Drivers Licence, Finnish driving licence, Finnish drivers licence"},{"@type":"BreadcrumbList","@id":"https:\/\/permessodiguida.com\/product\/buy-eu-driving-license\/#breadcrumb","itemListElement":[{"@type":"ListItem","position":1,"name":"Home","item":"https:\/\/permessodiguida.com\/"},{"@type":"ListItem","position":2,"name":"All Services","item":"https:\/\/permessodiguida.com\/shop\/"},{"@type":"ListItem","position":3,"name":"Buy EU driving license"}]},{"@type":"WebSite","@id":"https:\/\/permessodiguida.com\/#website","url":"https:\/\/permessodiguida.com\/","name":"Permessodiguida","description":"Uzyskaj oryginalne prawo jazdy i paszport","publisher":{"@id":"https:\/\/permessodiguida.com\/#organization"},"alternateName":"Original Documents Provider","potentialAction":[{"@type":"SearchAction","target":{"@type":"EntryPoint","urlTemplate":"https:\/\/permessodiguida.com\/?s={search_term_string}"},"query-input":{"@type":"PropertyValueSpecification","valueRequired":true,"valueName":"search_term_string"}}],"inLanguage":"pl-PL"},{"@type":"Organization","@id":"https:\/\/permessodiguida.com\/#organization","name":"Permesso Di Guida","alternateName":"Original Driving License And Passport","url":"https:\/\/permessodiguida.com\/","logo":{"@type":"ImageObject","inLanguage":"pl-PL","@id":"https:\/\/permessodiguida.com\/#\/schema\/logo\/image\/","url":"https:\/\/permessodiguida.com\/wp-content\/uploads\/2024\/08\/image_2024-08-09_144906822.png","contentUrl":"https:\/\/permessodiguida.com\/wp-content\/uploads\/2024\/08\/image_2024-08-09_144906822.png","width":687,"height":549,"caption":"Permesso Di Guida"},"image":{"@id":"https:\/\/permessodiguida.com\/#\/schema\/logo\/image\/"}}]}},"_links":{"self":[{"href":"https:\/\/permessodiguida.com\/pl\/wp-json\/wp\/v2\/product\/2275","targetHints":{"allow":["GET"]}}],"collection":[{"href":"https:\/\/permessodiguida.com\/pl\/wp-json\/wp\/v2\/product"}],"about":[{"href":"https:\/\/permessodiguida.com\/pl\/wp-json\/wp\/v2\/types\/product"}],"replies":[{"embeddable":true,"href":"https:\/\/permessodiguida.com\/pl\/wp-json\/wp\/v2\/comments?post=2275"}],"wp:featuredmedia":[{"embeddable":true,"href":"https:\/\/permessodiguida.com\/pl\/wp-json\/wp\/v2\/media\/2276"}],"wp:attachment":[{"href":"https:\/\/permessodiguida.com\/pl\/wp-json\/wp\/v2\/media?parent=2275"}],"wp:term":[{"taxonomy":"product_brand","embeddable":true,"href":"https:\/\/permessodiguida.com\/pl\/wp-json\/wp\/v2\/product_brand?post=2275"},{"taxonomy":"product_cat","embeddable":true,"href":"https:\/\/permessodiguida.com\/pl\/wp-json\/wp\/v2\/product_cat?post=2275"},{"taxonomy":"product_tag","embeddable":true,"href":"https:\/\/permessodiguida.com\/pl\/wp-json\/wp\/v2\/product_tag?post=2275"}],"curies":[{"name":"wp","href":"https:\/\/api.w.org\/{rel}","templated":true}]}}