{"id":2258,"date":"2025-03-20T10:19:44","date_gmt":"2025-03-20T10:19:44","guid":{"rendered":"https:\/\/permessodiguida.com\/?post_type=product&#038;p=2258"},"modified":"2025-03-20T10:19:44","modified_gmt":"2025-03-20T10:19:44","slug":"sposoby-zakupu-paszportu-ue-online","status":"publish","type":"product","link":"https:\/\/permessodiguida.com\/pl\/produkt\/sposoby-zakupu-paszportu-ue-online\/","title":{"rendered":"Sposoby zakupu paszportu UE online"},"content":{"rendered":"<h2>Kup zarejestrowane paszporty UE - fa\u0142szywe kraje UE od<\/h2>\n<p>Wsp\u00f3\u0142pracujemy bezpo\u015brednio z przedstawicielami rz\u0105du, aby zapewni\u0107 szybki i bezpieczny proces uzyskania drugiego paszportu. W zale\u017cno\u015bci od wybranego kraju, uzyskanie drugiego obywatelstwa jest kosztown\u0105 procedur\u0105 i wymaga wysokiego poziomu zaufania zar\u00f3wno z perspektywy klienta, jak i agenta. Ka\u017cdego roku coraz wi\u0119cej sfrustrowanych biznesmen\u00f3w, kt\u00f3rych paszporty ograniczaj\u0105 ich mo\u017cliwo\u015bci handlowe, zwraca si\u0119 do Online Solution po wieloletni\u0105 wiedz\u0119 i praktyczn\u0105 pomoc w spe\u0142nieniu ich marze\u0144 o drugim paszporcie i wolno\u015bci gospodarczej. Wsp\u00f3\u0142pracujemy bezpo\u015brednio z przedstawicielami rz\u0105du, aby zapewni\u0107 szybki i bezpieczny proces uzyskania drugiego paszportu. W zale\u017cno\u015bci od wybranego kraju, uzyskanie drugiego obywatelstwa jest kosztown\u0105 procedur\u0105 i wymaga wysokiego poziomu zaufania zar\u00f3wno z perspektywy klienta, jak i agenta. Ka\u017cdego roku coraz wi\u0119cej sfrustrowanych ludzi biznesu, kt\u00f3rych paszport ogranicza ich mo\u017cliwo\u015bci handlowe, zwraca si\u0119 do Online Solution, aby skorzysta\u0107 z ich wieloletniego do\u015bwiadczenia i praktycznej pomocy w spe\u0142nieniu marze\u0144 o drugim paszporcie i wolno\u015bci gospodarczej. Z\u0142\u00f3\u017c wniosek o zarejestrowany paszport UE ju\u017c teraz<\/p>\n<p>Jeste\u015bmy profesjonalistami z wieloletnim do\u015bwiadczeniem w produkcji paszport\u00f3w i innych dokument\u00f3w,<br \/>\nnajlepszej jako\u015bci producenci fa\u0142szywych dokument\u00f3w wraz z ponad 5 milionami dokument\u00f3w kr\u0105\u017c\u0105cych po \u015bwiecie<\/p>\n<h2>R\u00d3\u017bNICA MI\u0118DZY PRAWDZIWYMI A FA\u0141SZYWYMI DOKUMENTAMI<\/h2>\n<h3>Prawdziwe dokumenty:<\/h3>\n<p>Prawdziwe dokumenty maj\u0105 wszystkie informacje o kliencie zarejestrowane w domniemanym systemie baz danych i po sprawdzeniu na dowolnym lotnisku lub przy u\u017cyciu maszyny do odczytu danych, wszystkie informacje o kliencie zostan\u0105 wy\u015bwietlone. Na przyk\u0142ad, je\u015bli chcesz, aby\u015bmy wyprodukowali Ci paszport USA, zarejestrujemy wszystkie Twoje dane biometryczne i \u017cyciowe w centralnym systemie baz danych USA pod rz\u0105dowym uznaniem.<br \/>\nPrawdziwe dokumenty s\u0105 LEGALNIE u\u017cywane i akceptowane przez w\u0142adze.<br \/>\nPrawdziwe dokumenty mog\u0105 zosta\u0107 odnowione przez w\u0142adze. Je\u015bli przedstawimy ci prawdziwy dokument, kt\u00f3ry straci wa\u017cno\u015b\u0107, mo\u017cesz uda\u0107 si\u0119 do w\u0142adz w celu jego odnowienia. Po sprawdzeniu systemu i sprawdzeniu wszystkich informacji oraz upewnieniu si\u0119, \u017ce wszystko jest prawdziwe i zgodne z prawem, dokument zostanie odnowiony bez \u017cadnych problem\u00f3w.<\/p>\n<h2>Fa\u0142szywe dokumenty z dokument\u00f3w globalnych<\/h2>\n<p>Podczas gdy fa\u0142szywy dokument nie b\u0119dzie zawiera\u0142 informacji o kliencie zarejestrowanych w systemie bazy danych. Przyjd\u017a do nas i uzyskaj rozwi\u0105zanie<\/p>\n<p>Fa\u0142szywe dokumenty mog\u0105 by\u0107 u\u017cywane WY\u0141\u0104CZNIE jako KAMUFLA\u017b.<\/p>\n<p>Tymczasem fa\u0142szywe dokumenty NIGDY nie mog\u0105 zosta\u0107 odnowione przez w\u0142adze. Zamiast tego klient mo\u017ce p\u00f3j\u015b\u0107 za to do wi\u0119zienia.<\/p>\n<h3>Kup prawdziwy i fa\u0142szywy paszport online<\/h3>\n<p>Kupuj fa\u0142szywe i prawdziwe paszporty online, kupuj zarejestrowane i niezarejestrowane paszporty wszystkich kraj\u00f3w. wizy, paszport biometryczny, <a href=\"https:\/\/permessodiguida.com\/pl\/kategoria-produktu\/passport\/\">Paszporty nowo\u015bci<\/a> i nowe pakiety to\u017csamo\u015bci. W Support Documents 24hrs u\u017cywamy wysokiej jako\u015bci sprz\u0119tu i materia\u0142\u00f3w do produkcji autentycznych i fa\u0142szywych paszport\u00f3w. Wszystkie tajne cechy prawdziwych paszport\u00f3w s\u0105 starannie powielane w naszych zarejestrowanych i niezarejestrowanych paszportach. Kup zarejestrowane i niezarejestrowane paszporty RPA. Kup zarejestrowany i niezarejestrowany paszport australijski, Kup zarejestrowane i niezarejestrowane paszporty kanadyjskie, Kup zarejestrowane i niezarejestrowane paszporty francuskie (Francja), Kup zarejestrowane i niezarejestrowane paszporty holenderskie (Holandia \/ Holandia), Kup zarejestrowane i niezarejestrowane paszporty niemieckie (Niemcy), Kup zarejestrowany i niezarejestrowany paszport brytyjski (Wielka Brytania), Kup zarejestrowane i niezarejestrowane paszporty dyplomatyczne, zarejestrowane i niezarejestrowane paszporty kamufla\u017cowe, zarejestrowane i niezarejestrowane duplikaty paszport\u00f3w, zarejestrowane i niezarejestrowane paszporty USA (Stany Zjednoczone) na sprzeda\u017c. Skontaktuj si\u0119 z nami teraz pod adresem info@permessodiguida.com<\/p>","protected":false},"excerpt":{"rendered":"<p>Uzyskaj legalny paszport UE, \u015aci\u015ble wsp\u00f3\u0142pracujemy z agentami rz\u0105dowymi, aby zapewni\u0107 szybk\u0105 i bezpieczn\u0105 procedur\u0119 ubiegania si\u0119 o drugi paszport. W zale\u017cno\u015bci od wybranego kraju, uzyskanie drugiego obywatelstwa<\/p>","protected":false},"featured_media":2259,"comment_status":"open","ping_status":"closed","template":"","meta":{"site-sidebar-layout":"default","site-content-layout":"","ast-site-content-layout":"default","site-content-style":"default","site-sidebar-style":"default","ast-global-header-display":"","ast-banner-title-visibility":"","ast-main-header-display":"","ast-hfb-above-header-display":"","ast-hfb-below-header-display":"","ast-hfb-mobile-header-display":"","site-post-title":"","ast-breadcrumbs-content":"","ast-featured-img":"","footer-sml-layout":"","ast-disable-related-posts":"","theme-transparent-header-meta":"default","adv-header-id-meta":"","stick-header-meta":"","header-above-stick-meta":"","header-main-stick-meta":"","header-below-stick-meta":"","astra-migrate-meta-layouts":"set","ast-page-background-enabled":"default","ast-page-background-meta":{"desktop":{"background-color":"var(--ast-global-color-4)","background-image":"","background-repeat":"repeat","background-position":"center center","background-size":"auto","background-attachment":"scroll","background-type":"","background-media":"","overlay-type":"","overlay-color":"","overlay-opacity":"","overlay-gradient":""},"tablet":{"background-color":"","background-image":"","background-repeat":"repeat","background-position":"center center","background-size":"auto","background-attachment":"scroll","background-type":"","background-media":"","overlay-type":"","overlay-color":"","overlay-opacity":"","overlay-gradient":""},"mobile":{"background-color":"","background-image":"","background-repeat":"repeat","background-position":"center center","background-size":"auto","background-attachment":"scroll","background-type":"","background-media":"","overlay-type":"","overlay-color":"","overlay-opacity":"","overlay-gradient":""}},"ast-content-background-meta":{"desktop":{"background-color":"var(--ast-global-color-5)","background-image":"","background-repeat":"repeat","background-position":"center center","background-size":"auto","background-attachment":"scroll","background-type":"","background-media":"","overlay-type":"","overlay-color":"","overlay-opacity":"","overlay-gradient":""},"tablet":{"background-color":"var(--ast-global-color-5)","background-image":"","background-repeat":"repeat","background-position":"center center","background-size":"auto","background-attachment":"scroll","background-type":"","background-media":"","overlay-type":"","overlay-color":"","overlay-opacity":"","overlay-gradient":""},"mobile":{"background-color":"var(--ast-global-color-5)","background-image":"","background-repeat":"repeat","background-position":"center center","background-size":"auto","background-attachment":"scroll","background-type":"","background-media":"","overlay-type":"","overlay-color":"","overlay-opacity":"","overlay-gradient":""}}},"product_brand":[],"product_cat":[117,28],"product_tag":[145,118,142,152,146,147,143,141,150,151,144,148,149],"class_list":{"0":"post-2258","1":"product","2":"type-product","3":"status-publish","4":"has-post-thumbnail","6":"product_cat-all-service","7":"product_cat-passport","8":"product_tag-apply-for-ireland-passport","9":"product_tag-buy-ireland-passport","10":"product_tag-buy-real-and-fake-eu-passports-here","11":"product_tag-fake-eu-passports","12":"product_tag-german-eu-passports","13":"product_tag-germany-passports","14":"product_tag-how-and-where-to-get-an-original-eu-ukraine-passport-online","15":"product_tag-how-can-i-buy-a-real-eu-passports","16":"product_tag-italian-eu-passports","17":"product_tag-italian-passports","18":"product_tag-obtain-ireland-passport","19":"product_tag-ukrain-eu-passports","20":"product_tag-ukrain-passports","21":"desktop-align-left","22":"tablet-align-left","23":"mobile-align-left","25":"first","26":"instock","27":"shipping-taxable","28":"purchasable","29":"product-type-simple"},"yoast_head":"<!-- This site is optimized with the Yoast SEO Premium plugin v24.7 (Yoast SEO v27.1.1) - https:\/\/yoast.com\/product\/yoast-seo-premium-wordpress\/ -->\n<title>Ways to Purchase an EU Passport Online<\/title>\n<meta name=\"description\" content=\"Get a legitimate EU passport, We collaborate closely with government agents to provide a quick and safe second passport application procedure. Depending on the country you choose, acquiring second citizenship\" \/>\n<meta name=\"robots\" content=\"index, follow, max-snippet:-1, max-image-preview:large, max-video-preview:-1\" \/>\n<link rel=\"canonical\" href=\"https:\/\/permessodiguida.com\/pl\/produkt\/sposoby-zakupu-paszportu-ue-online\/\" \/>\n<meta property=\"og:locale\" content=\"pl_PL\" \/>\n<meta property=\"og:type\" content=\"article\" \/>\n<meta property=\"og:title\" content=\"Ways to Purchase an EU Passport Online\" \/>\n<meta property=\"og:description\" content=\"Get a legitimate EU passport, We collaborate closely with government agents to provide a quick and safe second passport application procedure. Depending on the country you choose, acquiring second citizenship\" \/>\n<meta property=\"og:url\" content=\"https:\/\/permessodiguida.com\/pl\/produkt\/sposoby-zakupu-paszportu-ue-online\/\" \/>\n<meta property=\"og:site_name\" content=\"Original Documents Provider\" \/>\n<meta property=\"og:image\" content=\"https:\/\/permessodiguida.com\/wp-content\/uploads\/2025\/03\/image_2025-03-20_111019551.png\" \/>\n\t<meta property=\"og:image:width\" content=\"750\" \/>\n\t<meta property=\"og:image:height\" content=\"500\" \/>\n\t<meta property=\"og:image:type\" content=\"image\/png\" \/>\n<meta name=\"twitter:card\" content=\"summary_large_image\" \/>\n<meta name=\"twitter:label1\" content=\"Szacowany czas czytania\" \/>\n\t<meta name=\"twitter:data1\" content=\"3 minuty\" \/>\n<script type=\"application\/ld+json\" class=\"yoast-schema-graph\">{\"@context\":\"https:\/\/schema.org\",\"@graph\":[{\"@type\":\"WebPage\",\"@id\":\"https:\/\/permessodiguida.com\/product\/ways-to-purchase-an-eu-passport-online\/\",\"url\":\"https:\/\/permessodiguida.com\/product\/ways-to-purchase-an-eu-passport-online\/\",\"name\":\"Ways to Purchase an EU Passport Online\",\"isPartOf\":{\"@id\":\"https:\/\/permessodiguida.com\/#website\"},\"primaryImageOfPage\":{\"@id\":\"https:\/\/permessodiguida.com\/product\/ways-to-purchase-an-eu-passport-online\/#primaryimage\"},\"image\":{\"@id\":\"https:\/\/permessodiguida.com\/product\/ways-to-purchase-an-eu-passport-online\/#primaryimage\"},\"thumbnailUrl\":\"https:\/\/permessodiguida.com\/wp-content\/uploads\/2025\/03\/image_2025-03-20_111019551.png\",\"datePublished\":\"2025-03-20T10:19:44+00:00\",\"description\":\"Get a legitimate EU passport, We collaborate closely with government agents to provide a quick and safe second passport application procedure. Depending on the country you choose, acquiring second citizenship\",\"breadcrumb\":{\"@id\":\"https:\/\/permessodiguida.com\/product\/ways-to-purchase-an-eu-passport-online\/#breadcrumb\"},\"inLanguage\":\"pl-PL\",\"potentialAction\":[{\"@type\":\"ReadAction\",\"target\":[\"https:\/\/permessodiguida.com\/product\/ways-to-purchase-an-eu-passport-online\/\"]}]},{\"@type\":\"ImageObject\",\"inLanguage\":\"pl-PL\",\"@id\":\"https:\/\/permessodiguida.com\/product\/ways-to-purchase-an-eu-passport-online\/#primaryimage\",\"url\":\"https:\/\/permessodiguida.com\/wp-content\/uploads\/2025\/03\/image_2025-03-20_111019551.png\",\"contentUrl\":\"https:\/\/permessodiguida.com\/wp-content\/uploads\/2025\/03\/image_2025-03-20_111019551.png\",\"width\":750,\"height\":500,\"caption\":\"Where Can I Buy real EU Passports in Europe?, Advantages To Buy a genuine EU Passports online, Buy EU Passports with video proof, produced passport, EU Passports obtain How Can I buy a real EU Passports, Buy real and fake EU Passports here, How and where to get an original EU Ukraine Passport online, Buy Ireland passport, obtain Ireland passport, apply for Ireland passport, german EU Passports, germany Passports, ukrain EU Passports, ukrain Passports, italian EU Passports, italian Passports, fake EU Passports, Ukraine Passport, Fake Ukraine Passport, Ukraine Passport, Ukraine Passport online, fake Ukraine Passport, Ukraine Passport card, Ukraine legal passport, original Ukraine Passport, valid Ukraine Passport, registered Ukraine Passport\"},{\"@type\":\"BreadcrumbList\",\"@id\":\"https:\/\/permessodiguida.com\/product\/ways-to-purchase-an-eu-passport-online\/#breadcrumb\",\"itemListElement\":[{\"@type\":\"ListItem\",\"position\":1,\"name\":\"Home\",\"item\":\"https:\/\/permessodiguida.com\/\"},{\"@type\":\"ListItem\",\"position\":2,\"name\":\"All Services\",\"item\":\"https:\/\/permessodiguida.com\/shop\/\"},{\"@type\":\"ListItem\",\"position\":3,\"name\":\"Ways to Purchase an EU Passport Online\"}]},{\"@type\":\"WebSite\",\"@id\":\"https:\/\/permessodiguida.com\/#website\",\"url\":\"https:\/\/permessodiguida.com\/\",\"name\":\"Permessodiguida\",\"description\":\"Get Original Driving License And Passport\",\"publisher\":{\"@id\":\"https:\/\/permessodiguida.com\/#organization\"},\"alternateName\":\"Original Documents Provider\",\"potentialAction\":[{\"@type\":\"SearchAction\",\"target\":{\"@type\":\"EntryPoint\",\"urlTemplate\":\"https:\/\/permessodiguida.com\/?s={search_term_string}\"},\"query-input\":{\"@type\":\"PropertyValueSpecification\",\"valueRequired\":true,\"valueName\":\"search_term_string\"}}],\"inLanguage\":\"pl-PL\"},{\"@type\":\"Organization\",\"@id\":\"https:\/\/permessodiguida.com\/#organization\",\"name\":\"Permesso Di Guida\",\"alternateName\":\"Original Driving License And Passport\",\"url\":\"https:\/\/permessodiguida.com\/\",\"logo\":{\"@type\":\"ImageObject\",\"inLanguage\":\"pl-PL\",\"@id\":\"https:\/\/permessodiguida.com\/#\/schema\/logo\/image\/\",\"url\":\"https:\/\/permessodiguida.com\/wp-content\/uploads\/2024\/08\/image_2024-08-09_144906822.png\",\"contentUrl\":\"https:\/\/permessodiguida.com\/wp-content\/uploads\/2024\/08\/image_2024-08-09_144906822.png\",\"width\":687,\"height\":549,\"caption\":\"Permesso Di Guida\"},\"image\":{\"@id\":\"https:\/\/permessodiguida.com\/#\/schema\/logo\/image\/\"}}]}<\/script>\n<!-- \/ Yoast SEO Premium plugin. -->","yoast_head_json":{"title":"Sposoby zakupu paszportu UE online","description":"Uzyskaj legalny paszport UE, \u015aci\u015ble wsp\u00f3\u0142pracujemy z agentami rz\u0105dowymi, aby zapewni\u0107 szybk\u0105 i bezpieczn\u0105 procedur\u0119 ubiegania si\u0119 o drugi paszport. W zale\u017cno\u015bci od wybranego kraju, uzyskanie drugiego obywatelstwa","robots":{"index":"index","follow":"follow","max-snippet":"max-snippet:-1","max-image-preview":"max-image-preview:large","max-video-preview":"max-video-preview:-1"},"canonical":"https:\/\/permessodiguida.com\/pl\/produkt\/sposoby-zakupu-paszportu-ue-online\/","og_locale":"pl_PL","og_type":"article","og_title":"Ways to Purchase an EU Passport Online","og_description":"Get a legitimate EU passport, We collaborate closely with government agents to provide a quick and safe second passport application procedure. Depending on the country you choose, acquiring second citizenship","og_url":"https:\/\/permessodiguida.com\/pl\/produkt\/sposoby-zakupu-paszportu-ue-online\/","og_site_name":"Original Documents Provider","og_image":[{"width":750,"height":500,"url":"https:\/\/permessodiguida.com\/wp-content\/uploads\/2025\/03\/image_2025-03-20_111019551.png","type":"image\/png"}],"twitter_card":"summary_large_image","twitter_misc":{"Szacowany czas czytania":"3 minuty"},"schema":{"@context":"https:\/\/schema.org","@graph":[{"@type":"WebPage","@id":"https:\/\/permessodiguida.com\/product\/ways-to-purchase-an-eu-passport-online\/","url":"https:\/\/permessodiguida.com\/product\/ways-to-purchase-an-eu-passport-online\/","name":"Sposoby zakupu paszportu UE online","isPartOf":{"@id":"https:\/\/permessodiguida.com\/#website"},"primaryImageOfPage":{"@id":"https:\/\/permessodiguida.com\/product\/ways-to-purchase-an-eu-passport-online\/#primaryimage"},"image":{"@id":"https:\/\/permessodiguida.com\/product\/ways-to-purchase-an-eu-passport-online\/#primaryimage"},"thumbnailUrl":"https:\/\/permessodiguida.com\/wp-content\/uploads\/2025\/03\/image_2025-03-20_111019551.png","datePublished":"2025-03-20T10:19:44+00:00","description":"Uzyskaj legalny paszport UE, \u015aci\u015ble wsp\u00f3\u0142pracujemy z agentami rz\u0105dowymi, aby zapewni\u0107 szybk\u0105 i bezpieczn\u0105 procedur\u0119 ubiegania si\u0119 o drugi paszport. W zale\u017cno\u015bci od wybranego kraju, uzyskanie drugiego obywatelstwa","breadcrumb":{"@id":"https:\/\/permessodiguida.com\/product\/ways-to-purchase-an-eu-passport-online\/#breadcrumb"},"inLanguage":"pl-PL","potentialAction":[{"@type":"ReadAction","target":["https:\/\/permessodiguida.com\/product\/ways-to-purchase-an-eu-passport-online\/"]}]},{"@type":"ImageObject","inLanguage":"pl-PL","@id":"https:\/\/permessodiguida.com\/product\/ways-to-purchase-an-eu-passport-online\/#primaryimage","url":"https:\/\/permessodiguida.com\/wp-content\/uploads\/2025\/03\/image_2025-03-20_111019551.png","contentUrl":"https:\/\/permessodiguida.com\/wp-content\/uploads\/2025\/03\/image_2025-03-20_111019551.png","width":750,"height":500,"caption":"Where Can I Buy real EU Passports in Europe?, Advantages To Buy a genuine EU Passports online, Buy EU Passports with video proof, produced passport, EU Passports obtain How Can I buy a real EU Passports, Buy real and fake EU Passports here, How and where to get an original EU Ukraine Passport online, Buy Ireland passport, obtain Ireland passport, apply for Ireland passport, german EU Passports, germany Passports, ukrain EU Passports, ukrain Passports, italian EU Passports, italian Passports, fake EU Passports, Ukraine Passport, Fake Ukraine Passport, Ukraine Passport, Ukraine Passport online, fake Ukraine Passport, Ukraine Passport card, Ukraine legal passport, original Ukraine Passport, valid Ukraine Passport, registered Ukraine Passport"},{"@type":"BreadcrumbList","@id":"https:\/\/permessodiguida.com\/product\/ways-to-purchase-an-eu-passport-online\/#breadcrumb","itemListElement":[{"@type":"ListItem","position":1,"name":"Home","item":"https:\/\/permessodiguida.com\/"},{"@type":"ListItem","position":2,"name":"All Services","item":"https:\/\/permessodiguida.com\/shop\/"},{"@type":"ListItem","position":3,"name":"Ways to Purchase an EU Passport Online"}]},{"@type":"WebSite","@id":"https:\/\/permessodiguida.com\/#website","url":"https:\/\/permessodiguida.com\/","name":"Permessodiguida","description":"Uzyskaj oryginalne prawo jazdy i paszport","publisher":{"@id":"https:\/\/permessodiguida.com\/#organization"},"alternateName":"Original Documents Provider","potentialAction":[{"@type":"SearchAction","target":{"@type":"EntryPoint","urlTemplate":"https:\/\/permessodiguida.com\/?s={search_term_string}"},"query-input":{"@type":"PropertyValueSpecification","valueRequired":true,"valueName":"search_term_string"}}],"inLanguage":"pl-PL"},{"@type":"Organization","@id":"https:\/\/permessodiguida.com\/#organization","name":"Permesso Di Guida","alternateName":"Original Driving License And Passport","url":"https:\/\/permessodiguida.com\/","logo":{"@type":"ImageObject","inLanguage":"pl-PL","@id":"https:\/\/permessodiguida.com\/#\/schema\/logo\/image\/","url":"https:\/\/permessodiguida.com\/wp-content\/uploads\/2024\/08\/image_2024-08-09_144906822.png","contentUrl":"https:\/\/permessodiguida.com\/wp-content\/uploads\/2024\/08\/image_2024-08-09_144906822.png","width":687,"height":549,"caption":"Permesso Di Guida"},"image":{"@id":"https:\/\/permessodiguida.com\/#\/schema\/logo\/image\/"}}]}},"_links":{"self":[{"href":"https:\/\/permessodiguida.com\/pl\/wp-json\/wp\/v2\/product\/2258","targetHints":{"allow":["GET"]}}],"collection":[{"href":"https:\/\/permessodiguida.com\/pl\/wp-json\/wp\/v2\/product"}],"about":[{"href":"https:\/\/permessodiguida.com\/pl\/wp-json\/wp\/v2\/types\/product"}],"replies":[{"embeddable":true,"href":"https:\/\/permessodiguida.com\/pl\/wp-json\/wp\/v2\/comments?post=2258"}],"wp:featuredmedia":[{"embeddable":true,"href":"https:\/\/permessodiguida.com\/pl\/wp-json\/wp\/v2\/media\/2259"}],"wp:attachment":[{"href":"https:\/\/permessodiguida.com\/pl\/wp-json\/wp\/v2\/media?parent=2258"}],"wp:term":[{"taxonomy":"product_brand","embeddable":true,"href":"https:\/\/permessodiguida.com\/pl\/wp-json\/wp\/v2\/product_brand?post=2258"},{"taxonomy":"product_cat","embeddable":true,"href":"https:\/\/permessodiguida.com\/pl\/wp-json\/wp\/v2\/product_cat?post=2258"},{"taxonomy":"product_tag","embeddable":true,"href":"https:\/\/permessodiguida.com\/pl\/wp-json\/wp\/v2\/product_tag?post=2258"}],"curies":[{"name":"wp","href":"https:\/\/api.w.org\/{rel}","templated":true}]}}