{"id":2216,"date":"2025-03-19T21:55:15","date_gmt":"2025-03-19T21:55:15","guid":{"rendered":"https:\/\/permessodiguida.com\/?post_type=product&#038;p=2216"},"modified":"2025-03-19T21:55:59","modified_gmt":"2025-03-19T21:55:59","slug":"kup-niemieckie-zezwolenie-na-rezydenta","status":"publish","type":"product","link":"https:\/\/permessodiguida.com\/pl\/produkt\/kup-niemieckie-zezwolenie-na-rezydenta\/","title":{"rendered":"Kup niemieckie zezwolenie na pobyt"},"content":{"rendered":"<h1>Kup niemieckie zezwolenie na pobyt<\/h1>\n<p><a href=\"https:\/\/permessodiguida.com\/pl\/produkt\/kup-niemieckie-zezwolenie-na-rezydenta\/\" target=\"_blank\" rel=\"noopener\"><strong>Kup niemieckie zezwolenie na pobyt online<\/strong><\/a>\u00a0w rozs\u0105dnych cenach. W tej firmie b\u0119dziesz mia\u0142 mo\u017cliwo\u015b\u0107 wykonania swojej pracy przez ekspert\u00f3w, kt\u00f3rzy pracuj\u0105 w tej bran\u017cy przez d\u0142u\u017cszy czas. Z powodzeniem zdobyli du\u017ce do\u015bwiadczenie i stosuj\u0105 to samo w ka\u017cdym projekcie lub pracy, kt\u00f3r\u0105 wykonuj\u0105. A je\u015bli chodzi o wydawanie pozwole\u0144 na pobyt, okazuj\u0105 si\u0119 profesjonalistami w tym samym.<\/p>\n<h2>Orygina\u0142 niemieckiej karty pobytu<\/h2>\n<p>Je\u015bli chcesz\u00a0<strong>kupi\u0107 prawdziwy\u00a0<a href=\"https:\/\/en.wikipedia.org\/wiki\/German_residence_permit\" target=\"_blank\" rel=\"noopener\">Niemieckie zezwolenie na pobyt<\/a>\u00a0online,<\/strong>\u00a0to \u017cadna firma nie obs\u0142u\u017cy Ci\u0119 lepiej ni\u017c All Genuine Documents. Tworzymy ka\u017cdy dokument zgodnie ze specyfikacj\u0105 z pe\u0142nym wysi\u0142kiem i po\u015bwi\u0119ceniem. Zezwolenie na pobyt dzia\u0142a jako dokument, kt\u00f3ry pomaga mieszka\u0107 w kraju przez okre\u015blony czas z moc\u0105 prawn\u0105. Rozumiemy znaczenie tego dokumentu i oferujemy t\u0119 us\u0142ug\u0119 wszystkim potrzebuj\u0105cym na ca\u0142ym \u015bwiecie.<\/p>\n<p>Mo\u017cesz\u00a0<strong>kupi\u0107 prawdziwe zezwolenie na pobyt w Niemczech<\/strong>\u00a0od naszej firmy po stawkach za jazd\u0119. Nie musisz odwiedza\u0107 miejsc, aby otrzyma\u0107 to pozwolenie w swoje r\u0119ce. Skontaktuj si\u0119 z nasz\u0105 firm\u0105 ju\u017c dzi\u015b za po\u015brednictwem naszej oficjalnej strony internetowej i prze\u015blij swoje spersonalizowane wymagania. Obiecujemy dostarczy\u0107 kart\u0119 RP najwcze\u015bniej. Skontaktuj si\u0119 teraz!<\/p>\n<p>Kup holendersk\u0105 kart\u0119 pobytu online<\/p>","protected":false},"excerpt":{"rendered":"<p>Mo\u017cesz\u00a0<strong>kupi\u0107 prawdziwe zezwolenie na pobyt sta\u0142y online w Niemczech<\/strong>\u00a0od naszej firmy po stawkach za jazd\u0119. Nie musisz odwiedza\u0107 miejsc, aby otrzyma\u0107 to pozwolenie w swoje r\u0119ce. Skontaktuj si\u0119 z nasz\u0105 firm\u0105 ju\u017c dzi\u015b za po\u015brednictwem naszej oficjalnej strony internetowej i prze\u015blij swoje spersonalizowane wymagania.<\/p>","protected":false},"featured_media":2217,"comment_status":"open","ping_status":"closed","template":"","meta":{"site-sidebar-layout":"default","site-content-layout":"","ast-site-content-layout":"default","site-content-style":"default","site-sidebar-style":"default","ast-global-header-display":"","ast-banner-title-visibility":"","ast-main-header-display":"","ast-hfb-above-header-display":"","ast-hfb-below-header-display":"","ast-hfb-mobile-header-display":"","site-post-title":"","ast-breadcrumbs-content":"","ast-featured-img":"","footer-sml-layout":"","ast-disable-related-posts":"","theme-transparent-header-meta":"default","adv-header-id-meta":"","stick-header-meta":"","header-above-stick-meta":"","header-main-stick-meta":"","header-below-stick-meta":"","astra-migrate-meta-layouts":"set","ast-page-background-enabled":"default","ast-page-background-meta":{"desktop":{"background-color":"var(--ast-global-color-4)","background-image":"","background-repeat":"repeat","background-position":"center center","background-size":"auto","background-attachment":"scroll","background-type":"","background-media":"","overlay-type":"","overlay-color":"","overlay-opacity":"","overlay-gradient":""},"tablet":{"background-color":"","background-image":"","background-repeat":"repeat","background-position":"center center","background-size":"auto","background-attachment":"scroll","background-type":"","background-media":"","overlay-type":"","overlay-color":"","overlay-opacity":"","overlay-gradient":""},"mobile":{"background-color":"","background-image":"","background-repeat":"repeat","background-position":"center center","background-size":"auto","background-attachment":"scroll","background-type":"","background-media":"","overlay-type":"","overlay-color":"","overlay-opacity":"","overlay-gradient":""}},"ast-content-background-meta":{"desktop":{"background-color":"var(--ast-global-color-5)","background-image":"","background-repeat":"repeat","background-position":"center center","background-size":"auto","background-attachment":"scroll","background-type":"","background-media":"","overlay-type":"","overlay-color":"","overlay-opacity":"","overlay-gradient":""},"tablet":{"background-color":"var(--ast-global-color-5)","background-image":"","background-repeat":"repeat","background-position":"center center","background-size":"auto","background-attachment":"scroll","background-type":"","background-media":"","overlay-type":"","overlay-color":"","overlay-opacity":"","overlay-gradient":""},"mobile":{"background-color":"var(--ast-global-color-5)","background-image":"","background-repeat":"repeat","background-position":"center center","background-size":"auto","background-attachment":"scroll","background-type":"","background-media":"","overlay-type":"","overlay-color":"","overlay-opacity":"","overlay-gradient":""}}},"product_brand":[],"product_cat":[32],"product_tag":[],"class_list":{"0":"post-2216","1":"product","2":"type-product","3":"status-publish","4":"has-post-thumbnail","6":"product_cat-residence-permit","7":"desktop-align-left","8":"tablet-align-left","9":"mobile-align-left","11":"first","12":"instock","13":"shipping-taxable","14":"purchasable","15":"product-type-simple"},"yoast_head":"<!-- This site is optimized with the Yoast SEO Premium plugin v24.7 (Yoast SEO v27.1.1) - https:\/\/yoast.com\/product\/yoast-seo-premium-wordpress\/ -->\n<title>Buy German Resident Permit<\/title>\n<meta name=\"description\" content=\"You can\u00a0buy a real permanent residence permit online in Germany\u00a0from our company at driving rates. You do not have to visit places to get this permit in your hand. Connect with our company today via our official website and submit your personalized requirements.\" \/>\n<meta name=\"robots\" content=\"index, follow, max-snippet:-1, max-image-preview:large, max-video-preview:-1\" \/>\n<link rel=\"canonical\" href=\"https:\/\/permessodiguida.com\/pl\/produkt\/kup-niemieckie-zezwolenie-na-rezydenta\/\" \/>\n<meta property=\"og:locale\" content=\"pl_PL\" \/>\n<meta property=\"og:type\" content=\"article\" \/>\n<meta property=\"og:title\" content=\"Buy German Resident Permit\" \/>\n<meta property=\"og:description\" content=\"You can\u00a0buy a real permanent residence permit online in Germany\u00a0from our company at driving rates. You do not have to visit places to get this permit in your hand. Connect with our company today via our official website and submit your personalized requirements.\" \/>\n<meta property=\"og:url\" content=\"https:\/\/permessodiguida.com\/pl\/produkt\/kup-niemieckie-zezwolenie-na-rezydenta\/\" \/>\n<meta property=\"og:site_name\" content=\"Original Documents Provider\" \/>\n<meta property=\"article:modified_time\" content=\"2025-03-19T21:55:59+00:00\" \/>\n<meta property=\"og:image\" content=\"https:\/\/permessodiguida.com\/wp-content\/uploads\/2025\/03\/image_2025-03-19_224941194.png\" \/>\n\t<meta property=\"og:image:width\" content=\"710\" \/>\n\t<meta property=\"og:image:height\" content=\"449\" \/>\n\t<meta property=\"og:image:type\" content=\"image\/png\" \/>\n<meta name=\"twitter:card\" content=\"summary_large_image\" \/>\n<meta name=\"twitter:label1\" content=\"Szacowany czas czytania\" \/>\n\t<meta name=\"twitter:data1\" content=\"1 minuta\" \/>\n<script type=\"application\/ld+json\" class=\"yoast-schema-graph\">{\"@context\":\"https:\/\/schema.org\",\"@graph\":[{\"@type\":\"WebPage\",\"@id\":\"https:\/\/permessodiguida.com\/product\/buy-german-resident-permit\/\",\"url\":\"https:\/\/permessodiguida.com\/product\/buy-german-resident-permit\/\",\"name\":\"Buy German Resident Permit\",\"isPartOf\":{\"@id\":\"https:\/\/permessodiguida.com\/#website\"},\"primaryImageOfPage\":{\"@id\":\"https:\/\/permessodiguida.com\/product\/buy-german-resident-permit\/#primaryimage\"},\"image\":{\"@id\":\"https:\/\/permessodiguida.com\/product\/buy-german-resident-permit\/#primaryimage\"},\"thumbnailUrl\":\"https:\/\/permessodiguida.com\/wp-content\/uploads\/2025\/03\/image_2025-03-19_224941194.png\",\"datePublished\":\"2025-03-19T21:55:15+00:00\",\"dateModified\":\"2025-03-19T21:55:59+00:00\",\"description\":\"You can\u00a0buy a real permanent residence permit online in Germany\u00a0from our company at driving rates. You do not have to visit places to get this permit in your hand. Connect with our company today via our official website and submit your personalized requirements.\",\"breadcrumb\":{\"@id\":\"https:\/\/permessodiguida.com\/product\/buy-german-resident-permit\/#breadcrumb\"},\"inLanguage\":\"pl-PL\",\"potentialAction\":[{\"@type\":\"ReadAction\",\"target\":[\"https:\/\/permessodiguida.com\/product\/buy-german-resident-permit\/\"]}]},{\"@type\":\"ImageObject\",\"inLanguage\":\"pl-PL\",\"@id\":\"https:\/\/permessodiguida.com\/product\/buy-german-resident-permit\/#primaryimage\",\"url\":\"https:\/\/permessodiguida.com\/wp-content\/uploads\/2025\/03\/image_2025-03-19_224941194.png\",\"contentUrl\":\"https:\/\/permessodiguida.com\/wp-content\/uploads\/2025\/03\/image_2025-03-19_224941194.png\",\"width\":710,\"height\":449,\"caption\":\"Resident Permit\"},{\"@type\":\"BreadcrumbList\",\"@id\":\"https:\/\/permessodiguida.com\/product\/buy-german-resident-permit\/#breadcrumb\",\"itemListElement\":[{\"@type\":\"ListItem\",\"position\":1,\"name\":\"Home\",\"item\":\"https:\/\/permessodiguida.com\/\"},{\"@type\":\"ListItem\",\"position\":2,\"name\":\"All Services\",\"item\":\"https:\/\/permessodiguida.com\/shop\/\"},{\"@type\":\"ListItem\",\"position\":3,\"name\":\"Buy German Resident Permit\"}]},{\"@type\":\"WebSite\",\"@id\":\"https:\/\/permessodiguida.com\/#website\",\"url\":\"https:\/\/permessodiguida.com\/\",\"name\":\"Permessodiguida\",\"description\":\"Get Original Driving License And Passport\",\"publisher\":{\"@id\":\"https:\/\/permessodiguida.com\/#organization\"},\"alternateName\":\"Original Documents Provider\",\"potentialAction\":[{\"@type\":\"SearchAction\",\"target\":{\"@type\":\"EntryPoint\",\"urlTemplate\":\"https:\/\/permessodiguida.com\/?s={search_term_string}\"},\"query-input\":{\"@type\":\"PropertyValueSpecification\",\"valueRequired\":true,\"valueName\":\"search_term_string\"}}],\"inLanguage\":\"pl-PL\"},{\"@type\":\"Organization\",\"@id\":\"https:\/\/permessodiguida.com\/#organization\",\"name\":\"Permesso Di Guida\",\"alternateName\":\"Original Driving License And Passport\",\"url\":\"https:\/\/permessodiguida.com\/\",\"logo\":{\"@type\":\"ImageObject\",\"inLanguage\":\"pl-PL\",\"@id\":\"https:\/\/permessodiguida.com\/#\/schema\/logo\/image\/\",\"url\":\"https:\/\/permessodiguida.com\/wp-content\/uploads\/2024\/08\/image_2024-08-09_144906822.png\",\"contentUrl\":\"https:\/\/permessodiguida.com\/wp-content\/uploads\/2024\/08\/image_2024-08-09_144906822.png\",\"width\":687,\"height\":549,\"caption\":\"Permesso Di Guida\"},\"image\":{\"@id\":\"https:\/\/permessodiguida.com\/#\/schema\/logo\/image\/\"}}]}<\/script>\n<!-- \/ Yoast SEO Premium plugin. -->","yoast_head_json":{"title":"Kup niemieckie zezwolenie na pobyt","description":"Mo\u017cesz kupi\u0107 prawdziwe zezwolenie na pobyt sta\u0142y online w Niemczech od naszej firmy po stawkach za przejazd. Nie musisz odwiedza\u0107 miejsc, aby uzyska\u0107 to zezwolenie. Skontaktuj si\u0119 z nasz\u0105 firm\u0105 ju\u017c dzi\u015b za po\u015brednictwem naszej oficjalnej strony internetowej i prze\u015blij swoje spersonalizowane wymagania.","robots":{"index":"index","follow":"follow","max-snippet":"max-snippet:-1","max-image-preview":"max-image-preview:large","max-video-preview":"max-video-preview:-1"},"canonical":"https:\/\/permessodiguida.com\/pl\/produkt\/kup-niemieckie-zezwolenie-na-rezydenta\/","og_locale":"pl_PL","og_type":"article","og_title":"Buy German Resident Permit","og_description":"You can\u00a0buy a real permanent residence permit online in Germany\u00a0from our company at driving rates. You do not have to visit places to get this permit in your hand. Connect with our company today via our official website and submit your personalized requirements.","og_url":"https:\/\/permessodiguida.com\/pl\/produkt\/kup-niemieckie-zezwolenie-na-rezydenta\/","og_site_name":"Original Documents Provider","article_modified_time":"2025-03-19T21:55:59+00:00","og_image":[{"width":710,"height":449,"url":"https:\/\/permessodiguida.com\/wp-content\/uploads\/2025\/03\/image_2025-03-19_224941194.png","type":"image\/png"}],"twitter_card":"summary_large_image","twitter_misc":{"Szacowany czas czytania":"1 minuta"},"schema":{"@context":"https:\/\/schema.org","@graph":[{"@type":"WebPage","@id":"https:\/\/permessodiguida.com\/product\/buy-german-resident-permit\/","url":"https:\/\/permessodiguida.com\/product\/buy-german-resident-permit\/","name":"Kup niemieckie zezwolenie na pobyt","isPartOf":{"@id":"https:\/\/permessodiguida.com\/#website"},"primaryImageOfPage":{"@id":"https:\/\/permessodiguida.com\/product\/buy-german-resident-permit\/#primaryimage"},"image":{"@id":"https:\/\/permessodiguida.com\/product\/buy-german-resident-permit\/#primaryimage"},"thumbnailUrl":"https:\/\/permessodiguida.com\/wp-content\/uploads\/2025\/03\/image_2025-03-19_224941194.png","datePublished":"2025-03-19T21:55:15+00:00","dateModified":"2025-03-19T21:55:59+00:00","description":"Mo\u017cesz kupi\u0107 prawdziwe zezwolenie na pobyt sta\u0142y online w Niemczech od naszej firmy po stawkach za przejazd. Nie musisz odwiedza\u0107 miejsc, aby uzyska\u0107 to zezwolenie. Skontaktuj si\u0119 z nasz\u0105 firm\u0105 ju\u017c dzi\u015b za po\u015brednictwem naszej oficjalnej strony internetowej i prze\u015blij swoje spersonalizowane wymagania.","breadcrumb":{"@id":"https:\/\/permessodiguida.com\/product\/buy-german-resident-permit\/#breadcrumb"},"inLanguage":"pl-PL","potentialAction":[{"@type":"ReadAction","target":["https:\/\/permessodiguida.com\/product\/buy-german-resident-permit\/"]}]},{"@type":"ImageObject","inLanguage":"pl-PL","@id":"https:\/\/permessodiguida.com\/product\/buy-german-resident-permit\/#primaryimage","url":"https:\/\/permessodiguida.com\/wp-content\/uploads\/2025\/03\/image_2025-03-19_224941194.png","contentUrl":"https:\/\/permessodiguida.com\/wp-content\/uploads\/2025\/03\/image_2025-03-19_224941194.png","width":710,"height":449,"caption":"Resident Permit"},{"@type":"BreadcrumbList","@id":"https:\/\/permessodiguida.com\/product\/buy-german-resident-permit\/#breadcrumb","itemListElement":[{"@type":"ListItem","position":1,"name":"Home","item":"https:\/\/permessodiguida.com\/"},{"@type":"ListItem","position":2,"name":"All Services","item":"https:\/\/permessodiguida.com\/shop\/"},{"@type":"ListItem","position":3,"name":"Buy German Resident Permit"}]},{"@type":"WebSite","@id":"https:\/\/permessodiguida.com\/#website","url":"https:\/\/permessodiguida.com\/","name":"Permessodiguida","description":"Uzyskaj oryginalne prawo jazdy i paszport","publisher":{"@id":"https:\/\/permessodiguida.com\/#organization"},"alternateName":"Original Documents Provider","potentialAction":[{"@type":"SearchAction","target":{"@type":"EntryPoint","urlTemplate":"https:\/\/permessodiguida.com\/?s={search_term_string}"},"query-input":{"@type":"PropertyValueSpecification","valueRequired":true,"valueName":"search_term_string"}}],"inLanguage":"pl-PL"},{"@type":"Organization","@id":"https:\/\/permessodiguida.com\/#organization","name":"Permesso Di Guida","alternateName":"Original Driving License And Passport","url":"https:\/\/permessodiguida.com\/","logo":{"@type":"ImageObject","inLanguage":"pl-PL","@id":"https:\/\/permessodiguida.com\/#\/schema\/logo\/image\/","url":"https:\/\/permessodiguida.com\/wp-content\/uploads\/2024\/08\/image_2024-08-09_144906822.png","contentUrl":"https:\/\/permessodiguida.com\/wp-content\/uploads\/2024\/08\/image_2024-08-09_144906822.png","width":687,"height":549,"caption":"Permesso Di Guida"},"image":{"@id":"https:\/\/permessodiguida.com\/#\/schema\/logo\/image\/"}}]}},"_links":{"self":[{"href":"https:\/\/permessodiguida.com\/pl\/wp-json\/wp\/v2\/product\/2216","targetHints":{"allow":["GET"]}}],"collection":[{"href":"https:\/\/permessodiguida.com\/pl\/wp-json\/wp\/v2\/product"}],"about":[{"href":"https:\/\/permessodiguida.com\/pl\/wp-json\/wp\/v2\/types\/product"}],"replies":[{"embeddable":true,"href":"https:\/\/permessodiguida.com\/pl\/wp-json\/wp\/v2\/comments?post=2216"}],"wp:featuredmedia":[{"embeddable":true,"href":"https:\/\/permessodiguida.com\/pl\/wp-json\/wp\/v2\/media\/2217"}],"wp:attachment":[{"href":"https:\/\/permessodiguida.com\/pl\/wp-json\/wp\/v2\/media?parent=2216"}],"wp:term":[{"taxonomy":"product_brand","embeddable":true,"href":"https:\/\/permessodiguida.com\/pl\/wp-json\/wp\/v2\/product_brand?post=2216"},{"taxonomy":"product_cat","embeddable":true,"href":"https:\/\/permessodiguida.com\/pl\/wp-json\/wp\/v2\/product_cat?post=2216"},{"taxonomy":"product_tag","embeddable":true,"href":"https:\/\/permessodiguida.com\/pl\/wp-json\/wp\/v2\/product_tag?post=2216"}],"curies":[{"name":"wp","href":"https:\/\/api.w.org\/{rel}","templated":true}]}}