{"id":1461,"date":"2024-08-07T01:29:51","date_gmt":"2024-08-07T01:29:51","guid":{"rendered":"https:\/\/permessodiguida.com\/?page_id=1461"},"modified":"2025-03-24T16:34:25","modified_gmt":"2025-03-24T16:34:25","slug":"zalecenia","status":"publish","type":"page","link":"https:\/\/permessodiguida.com\/pl\/zalecenia\/","title":{"rendered":"Raccomandazioni"},"content":{"rendered":"<div data-elementor-type=\"wp-page\" data-elementor-id=\"1461\" class=\"elementor elementor-1461\" data-elementor-post-type=\"page\">\n\t\t\t\t<div class=\"elementor-element elementor-element-1523dd0 e-flex e-con-boxed e-con e-parent\" data-id=\"1523dd0\" data-element_type=\"container\" data-e-type=\"container\" data-settings=\"{&quot;background_background&quot;:&quot;classic&quot;}\">\n\t\t\t\t\t<div class=\"e-con-inner\">\n\t\t\t\t<div class=\"elementor-element elementor-element-fcd7cea elementor-widget elementor-widget-text-editor\" data-id=\"fcd7cea\" data-element_type=\"widget\" data-e-type=\"widget\" data-widget_type=\"text-editor.default\">\n\t\t\t\t<div class=\"elementor-widget-container\">\n\t\t\t\t\t\t\t\t\t<h2>Zalecenia<\/h2><p>Nasza filozofia zawsze koncentrowa\u0142a si\u0119 na przekonaniu, \u017ce klienci powinni by\u0107 traktowani uczciwie i w\u0142a\u015bciwie.<\/p>\t\t\t\t\t\t\t\t<\/div>\n\t\t\t\t<\/div>\n\t\t\t\t\t<\/div>\n\t\t\t\t<\/div>\n\t\t<div class=\"elementor-element elementor-element-1595ee3 e-flex e-con-boxed e-con e-parent\" data-id=\"1595ee3\" data-element_type=\"container\" data-e-type=\"container\" data-settings=\"{&quot;background_background&quot;:&quot;classic&quot;}\">\n\t\t\t\t\t<div class=\"e-con-inner\">\n\t\t<div class=\"elementor-element elementor-element-f4df8d0 e-con-full e-flex e-con e-child\" data-id=\"f4df8d0\" data-element_type=\"container\" data-e-type=\"container\" data-settings=\"{&quot;background_background&quot;:&quot;classic&quot;}\">\n\t\t\t\t<div class=\"elementor-element elementor-element-9f307ba elementor-widget elementor-widget-text-editor\" data-id=\"9f307ba\" data-element_type=\"widget\" data-e-type=\"widget\" data-widget_type=\"text-editor.default\">\n\t\t\t\t<div class=\"elementor-widget-container\">\n\t\t\t\t\t\t\t\t\t<div class=\"elementor-testimonial-content\">Nie by\u0142em pewien, czego si\u0119 spodziewa\u0107 po pierwszym zam\u00f3wieniu. Jednak komunikacja i dostawa by\u0142y doskona\u0142e, a moja licencja dotar\u0142a w doskona\u0142ej jako\u015bci.<\/div><div>\u00a0<\/div><div class=\"elementor-testimonial-meta elementor-has-image elementor-testimonial-image-position-aside\"><div class=\"elementor-testimonial-meta-inner\"><div class=\"elementor-testimonial-image\"><img decoding=\"async\" class=\"attachment-full wp-image-1491\" src=\"https:\/\/korkortsmastare.com\/wp-content\/uploads\/2023\/11\/4366637-200.png\" sizes=\"(max-width: 200px) 100vw, 200px\" srcset=\"https:\/\/korkortsmastare.com\/wp-content\/uploads\/2023\/11\/4366637-200.png 200w, https:\/\/korkortsmastare.com\/wp-content\/uploads\/2023\/11\/4366637-200-150x150.png 150w\" alt=\"\" width=\"84\" height=\"84\" \/><\/div><div class=\"elementor-testimonial-details\"><p><span class=\"elementor-testimonial__name\">Aisha Mohammed<\/span><\/p><div class=\"elementor-star-rating\"><i class=\"elementor-star-full\">\ue934<\/i><i class=\"elementor-star-full\">\ue934<\/i><i class=\"elementor-star-full\">\ue934<\/i><i class=\"elementor-star-full\">\ue934<\/i><i class=\"elementor-star-full\">\ue934<\/i><\/div><p class=\"elementor-testimonial-name\"><strong>Data do\u015bwiadczenia: 05 pa\u017adziernika 2023 r.<\/strong><br \/>\u015awietne do\u015bwiadczenie od pocz\u0105tku do ko\u0144ca<\/p><\/div><\/div><\/div>\t\t\t\t\t\t\t\t<\/div>\n\t\t\t\t<\/div>\n\t\t\t\t<\/div>\n\t\t<div class=\"elementor-element elementor-element-d4b2d46 e-con-full e-flex e-con e-child\" data-id=\"d4b2d46\" data-element_type=\"container\" data-e-type=\"container\" data-settings=\"{&quot;background_background&quot;:&quot;classic&quot;}\">\n\t\t\t\t<div class=\"elementor-element elementor-element-7809960 elementor-widget elementor-widget-text-editor\" data-id=\"7809960\" data-element_type=\"widget\" data-e-type=\"widget\" data-widget_type=\"text-editor.default\">\n\t\t\t\t<div class=\"elementor-widget-container\">\n\t\t\t\t\t\t\t\t\t<div class=\"elementor-testimonial-content\">Dostarczone dok\u0142adnie na czas. \u015awietny stosunek jako\u015bci do ceny. Zdecydowanie skorzystam ponownie<\/div><div>\u00a0<\/div><div class=\"elementor-testimonial-meta elementor-has-image elementor-testimonial-image-position-aside\"><div class=\"elementor-testimonial-meta-inner\"><div class=\"elementor-testimonial-image\"><img decoding=\"async\" class=\"attachment-full wp-image-1491\" src=\"https:\/\/korkortsmastare.com\/wp-content\/uploads\/2023\/11\/4366637-200.png\" sizes=\"(max-width: 200px) 100vw, 200px\" srcset=\"https:\/\/korkortsmastare.com\/wp-content\/uploads\/2023\/11\/4366637-200.png 200w, https:\/\/korkortsmastare.com\/wp-content\/uploads\/2023\/11\/4366637-200-150x150.png 150w\" alt=\"\" width=\"76\" height=\"76\" \/><\/div><div class=\"elementor-testimonial-details\"><div>\u00a0<\/div><div><span class=\"elementor-testimonial__name\">Carlos Hernandez-Gonzalez<\/span><\/div><div><div class=\"elementor-star-rating\"><i class=\"elementor-star-full\">\ue934<\/i><i class=\"elementor-star-full\">\ue934<\/i><i class=\"elementor-star-full\">\ue934<\/i><i class=\"elementor-star-5\">\ue934<\/i><i class=\"elementor-star-empty\">\ue934<\/i><\/div><\/div><div class=\"elementor-testimonial-name\"><strong>Data do\u015bwiadczenia: 21 listopada 2023 r.<\/strong><br \/><em>Konsekwentnie i w odpowiednim czasie<\/em><\/div><\/div><\/div><\/div>\t\t\t\t\t\t\t\t<\/div>\n\t\t\t\t<\/div>\n\t\t\t\t<\/div>\n\t\t<div class=\"elementor-element elementor-element-3e87e63 e-con-full e-flex e-con e-child\" data-id=\"3e87e63\" data-element_type=\"container\" data-e-type=\"container\" data-settings=\"{&quot;background_background&quot;:&quot;classic&quot;}\">\n\t\t\t\t<div class=\"elementor-element elementor-element-f2f5ff9 elementor-widget elementor-widget-text-editor\" data-id=\"f2f5ff9\" data-element_type=\"widget\" data-e-type=\"widget\" data-widget_type=\"text-editor.default\">\n\t\t\t\t<div class=\"elementor-widget-container\">\n\t\t\t\t\t\t\t\t\t<div class=\"elementor-testimonial-content\">Uda\u0142o mi si\u0119 znale\u017a\u0107 na tej stronie dokument, kt\u00f3rego nie uda\u0142o mi si\u0119 znale\u017a\u0107 z \u017cadnej innej strony. Cos\u00ec grato per questa risorsa!<\/div><div>\u00a0<\/div><div class=\"elementor-testimonial-meta elementor-has-image elementor-testimonial-image-position-aside\"><div class=\"elementor-testimonial-meta-inner\"><div class=\"elementor-testimonial-image\"><img decoding=\"async\" class=\"attachment-full wp-image-1491\" src=\"https:\/\/korkortsmastare.com\/wp-content\/uploads\/2023\/11\/4366637-200.png\" sizes=\"(max-width: 200px) 100vw, 200px\" srcset=\"https:\/\/korkortsmastare.com\/wp-content\/uploads\/2023\/11\/4366637-200.png 200w, https:\/\/korkortsmastare.com\/wp-content\/uploads\/2023\/11\/4366637-200-150x150.png 150w\" alt=\"\" width=\"86\" height=\"86\" \/><\/div><div class=\"elementor-testimonial-details\"><div>\u00a0<\/div><div><span class=\"elementor-testimonial__name\">Antonio Costa<\/span><\/div><div><div class=\"elementor-star-rating\"><i class=\"elementor-star-full\">\ue934<\/i><i class=\"elementor-star-full\">\ue934<\/i><i class=\"elementor-star-full\">\ue934<\/i><i class=\"elementor-star-full\">\ue934<\/i><i class=\"elementor-star-empty\">\ue934<\/i><\/div><\/div><div class=\"elementor-testimonial-name\"><strong>Data do\u015bwiadczenia: 4 wrze\u015bnia 2024 r.<\/strong><\/div><div class=\"elementor-testimonial-name\"><em>Dobra obs\u0142uga, dobra strona internetowa, \u0142atwa w u\u017cyciu.<\/em><\/div><\/div><\/div><\/div>\t\t\t\t\t\t\t\t<\/div>\n\t\t\t\t<\/div>\n\t\t\t\t<\/div>\n\t\t<div class=\"elementor-element elementor-element-057903d e-con-full e-flex e-con e-child\" data-id=\"057903d\" data-element_type=\"container\" data-e-type=\"container\" data-settings=\"{&quot;background_background&quot;:&quot;classic&quot;}\">\n\t\t\t\t<div class=\"elementor-element elementor-element-cdcc72a elementor-widget elementor-widget-text-editor\" data-id=\"cdcc72a\" data-element_type=\"widget\" data-e-type=\"widget\" data-widget_type=\"text-editor.default\">\n\t\t\t\t<div class=\"elementor-widget-container\">\n\t\t\t\t\t\t\t\t\t<div class=\"elementor-testimonial-content\">Guter Service, gute Website, einfache Bestellung und gute Lieferung<\/div><div>\u00a0<\/div><div class=\"elementor-testimonial-meta elementor-has-image elementor-testimonial-image-position-aside\"><div class=\"elementor-testimonial-meta-inner\"><div class=\"elementor-testimonial-image\"><img loading=\"lazy\" decoding=\"async\" class=\"attachment-full wp-image-1491\" src=\"https:\/\/korkortsmastare.com\/wp-content\/uploads\/2023\/11\/4366637-200.png\" sizes=\"(max-width: 200px) 100vw, 200px\" srcset=\"https:\/\/korkortsmastare.com\/wp-content\/uploads\/2023\/11\/4366637-200.png 200w, https:\/\/korkortsmastare.com\/wp-content\/uploads\/2023\/11\/4366637-200-150x150.png 150w\" alt=\"\" width=\"79\" height=\"79\" \/><\/div><div class=\"elementor-testimonial-details\"><div>\u00a0<\/div><div><p><span class=\"elementor-testimonial__name\">Luca Moretti<\/span><\/p><div class=\"elementor-star-rating\"><i class=\"elementor-star-full\">\ue934<\/i><i class=\"elementor-star-full\">\ue934<\/i><i class=\"elementor-star-full\">\ue934<\/i><i class=\"elementor-star-full\">\ue934<\/i><i class=\"elementor-star-5\">\ue934<\/i><\/div><\/div><div class=\"elementor-testimonial-name\"><em><strong>Data do\u015bwiadczenia: 03 pa\u017adziernika 2023 r.<\/strong><br \/>Jak zwykle bardzo zadowolony<\/em><\/div><\/div><\/div><\/div>\t\t\t\t\t\t\t\t<\/div>\n\t\t\t\t<\/div>\n\t\t\t\t<\/div>\n\t\t\t\t\t<\/div>\n\t\t\t\t<\/div>\n\t\t<div class=\"elementor-element elementor-element-c9b0555 e-flex e-con-boxed e-con e-parent\" data-id=\"c9b0555\" data-element_type=\"container\" data-e-type=\"container\" data-settings=\"{&quot;background_background&quot;:&quot;classic&quot;}\">\n\t\t\t\t\t<div class=\"e-con-inner\">\n\t\t\t\t\t<\/div>\n\t\t\t\t<\/div>\n\t\t\t\t<\/div>","protected":false},"excerpt":{"rendered":"<p>Recommendations Our philosophy has always been focused on the belief that customers should be treated fairly and correctly. I wasn&#8217;t sure, being a first time order, what to expect. However, communication and delivery were excellent and my license arrived in great quality.\u00a0 Aisha Mohammed \ue934\ue934\ue934\ue934\ue934 Experience date: 05 October 2023Great experience from start to finish [&hellip;]<\/p>\n","protected":false},"author":1,"featured_media":0,"parent":0,"menu_order":0,"comment_status":"closed","ping_status":"closed","template":"elementor_header_footer","meta":{"site-sidebar-layout":"no-sidebar","site-content-layout":"page-builder","ast-site-content-layout":"full-width-container","site-content-style":"default","site-sidebar-style":"default","ast-global-header-display":"","ast-banner-title-visibility":"","ast-main-header-display":"","ast-hfb-above-header-display":"","ast-hfb-below-header-display":"","ast-hfb-mobile-header-display":"","site-post-title":"disabled","ast-breadcrumbs-content":"","ast-featured-img":"disabled","footer-sml-layout":"","ast-disable-related-posts":"","theme-transparent-header-meta":"","adv-header-id-meta":"","stick-header-meta":"","header-above-stick-meta":"","header-main-stick-meta":"","header-below-stick-meta":"","astra-migrate-meta-layouts":"set","ast-page-background-enabled":"default","ast-page-background-meta":{"desktop":{"background-color":"var(--ast-global-color-4)","background-image":"","background-repeat":"repeat","background-position":"center center","background-size":"auto","background-attachment":"scroll","background-type":"","background-media":"","overlay-type":"","overlay-color":"","overlay-opacity":"","overlay-gradient":""},"tablet":{"background-color":"","background-image":"","background-repeat":"repeat","background-position":"center center","background-size":"auto","background-attachment":"scroll","background-type":"","background-media":"","overlay-type":"","overlay-color":"","overlay-opacity":"","overlay-gradient":""},"mobile":{"background-color":"","background-image":"","background-repeat":"repeat","background-position":"center center","background-size":"auto","background-attachment":"scroll","background-type":"","background-media":"","overlay-type":"","overlay-color":"","overlay-opacity":"","overlay-gradient":""}},"ast-content-background-meta":{"desktop":{"background-color":"var(--ast-global-color-5)","background-image":"","background-repeat":"repeat","background-position":"center center","background-size":"auto","background-attachment":"scroll","background-type":"","background-media":"","overlay-type":"","overlay-color":"","overlay-opacity":"","overlay-gradient":""},"tablet":{"background-color":"var(--ast-global-color-5)","background-image":"","background-repeat":"repeat","background-position":"center center","background-size":"auto","background-attachment":"scroll","background-type":"","background-media":"","overlay-type":"","overlay-color":"","overlay-opacity":"","overlay-gradient":""},"mobile":{"background-color":"var(--ast-global-color-5)","background-image":"","background-repeat":"repeat","background-position":"center center","background-size":"auto","background-attachment":"scroll","background-type":"","background-media":"","overlay-type":"","overlay-color":"","overlay-opacity":"","overlay-gradient":""}},"footnotes":""},"class_list":["post-1461","page","type-page","status-publish","hentry"],"yoast_head":"<!-- This site is optimized with the Yoast SEO Premium plugin v24.7 (Yoast SEO v27.1.1) - https:\/\/yoast.com\/product\/yoast-seo-premium-wordpress\/ -->\n<title>Raccomandazioni | Original Documents Provider<\/title>\n<meta name=\"description\" content=\"RecommendationsOur philosophy has always been focused on the belief that customers should be treated fairly and correctly.I wasn&#039;t sure, being a first\" \/>\n<meta name=\"robots\" content=\"index, follow, max-snippet:-1, max-image-preview:large, max-video-preview:-1\" \/>\n<link rel=\"canonical\" href=\"https:\/\/permessodiguida.com\/pl\/zalecenia\/\" \/>\n<meta property=\"og:locale\" content=\"pl_PL\" \/>\n<meta property=\"og:type\" content=\"article\" \/>\n<meta property=\"og:title\" content=\"Raccomandazioni\" \/>\n<meta property=\"og:description\" content=\"RecommendationsOur philosophy has always been focused on the belief that customers should be treated fairly and correctly.I wasn&#039;t sure, being a first\" \/>\n<meta property=\"og:url\" content=\"https:\/\/permessodiguida.com\/pl\/zalecenia\/\" \/>\n<meta property=\"og:site_name\" content=\"Original Documents Provider\" \/>\n<meta property=\"article:modified_time\" content=\"2025-03-24T16:34:25+00:00\" \/>\n<meta property=\"og:image\" content=\"https:\/\/permessodiguida.com\/wp-content\/uploads\/2024\/08\/image_2024-08-09_144906822.png\" \/>\n\t<meta property=\"og:image:width\" content=\"687\" \/>\n\t<meta property=\"og:image:height\" content=\"549\" \/>\n\t<meta property=\"og:image:type\" content=\"image\/png\" \/>\n<meta name=\"twitter:card\" content=\"summary_large_image\" \/>\n<meta name=\"twitter:label1\" content=\"Szacowany czas czytania\" \/>\n\t<meta name=\"twitter:data1\" content=\"1 minuta\" \/>\n<script type=\"application\/ld+json\" class=\"yoast-schema-graph\">{\"@context\":\"https:\/\/schema.org\",\"@graph\":[{\"@type\":\"WebPage\",\"@id\":\"https:\/\/permessodiguida.com\/recommendations\/\",\"url\":\"https:\/\/permessodiguida.com\/recommendations\/\",\"name\":\"Raccomandazioni | Original Documents Provider\",\"isPartOf\":{\"@id\":\"https:\/\/permessodiguida.com\/#website\"},\"primaryImageOfPage\":{\"@id\":\"https:\/\/permessodiguida.com\/recommendations\/#primaryimage\"},\"image\":{\"@id\":\"https:\/\/permessodiguida.com\/recommendations\/#primaryimage\"},\"thumbnailUrl\":\"https:\/\/korkortsmastare.com\/wp-content\/uploads\/2023\/11\/4366637-200.png\",\"datePublished\":\"2024-08-07T01:29:51+00:00\",\"dateModified\":\"2025-03-24T16:34:25+00:00\",\"description\":\"RecommendationsOur philosophy has always been focused on the belief that customers should be treated fairly and correctly.I wasn't sure, being a first\",\"breadcrumb\":{\"@id\":\"https:\/\/permessodiguida.com\/recommendations\/#breadcrumb\"},\"inLanguage\":\"pl-PL\",\"potentialAction\":[{\"@type\":\"ReadAction\",\"target\":[\"https:\/\/permessodiguida.com\/recommendations\/\"]}]},{\"@type\":\"ImageObject\",\"inLanguage\":\"pl-PL\",\"@id\":\"https:\/\/permessodiguida.com\/recommendations\/#primaryimage\",\"url\":\"https:\/\/korkortsmastare.com\/wp-content\/uploads\/2023\/11\/4366637-200.png\",\"contentUrl\":\"https:\/\/korkortsmastare.com\/wp-content\/uploads\/2023\/11\/4366637-200.png\"},{\"@type\":\"BreadcrumbList\",\"@id\":\"https:\/\/permessodiguida.com\/recommendations\/#breadcrumb\",\"itemListElement\":[{\"@type\":\"ListItem\",\"position\":1,\"name\":\"Home\",\"item\":\"https:\/\/permessodiguida.com\/\"},{\"@type\":\"ListItem\",\"position\":2,\"name\":\"Raccomandazioni\"}]},{\"@type\":\"WebSite\",\"@id\":\"https:\/\/permessodiguida.com\/#website\",\"url\":\"https:\/\/permessodiguida.com\/\",\"name\":\"Permessodiguida\",\"description\":\"Get Original Driving License And Passport\",\"publisher\":{\"@id\":\"https:\/\/permessodiguida.com\/#organization\"},\"alternateName\":\"Original Documents Provider\",\"potentialAction\":[{\"@type\":\"SearchAction\",\"target\":{\"@type\":\"EntryPoint\",\"urlTemplate\":\"https:\/\/permessodiguida.com\/?s={search_term_string}\"},\"query-input\":{\"@type\":\"PropertyValueSpecification\",\"valueRequired\":true,\"valueName\":\"search_term_string\"}}],\"inLanguage\":\"pl-PL\"},{\"@type\":\"Organization\",\"@id\":\"https:\/\/permessodiguida.com\/#organization\",\"name\":\"Permesso Di Guida\",\"alternateName\":\"Original Driving License And Passport\",\"url\":\"https:\/\/permessodiguida.com\/\",\"logo\":{\"@type\":\"ImageObject\",\"inLanguage\":\"pl-PL\",\"@id\":\"https:\/\/permessodiguida.com\/#\/schema\/logo\/image\/\",\"url\":\"https:\/\/permessodiguida.com\/wp-content\/uploads\/2024\/08\/image_2024-08-09_144906822.png\",\"contentUrl\":\"https:\/\/permessodiguida.com\/wp-content\/uploads\/2024\/08\/image_2024-08-09_144906822.png\",\"width\":687,\"height\":549,\"caption\":\"Permesso Di Guida\"},\"image\":{\"@id\":\"https:\/\/permessodiguida.com\/#\/schema\/logo\/image\/\"}}]}<\/script>\n<!-- \/ Yoast SEO Premium plugin. -->","yoast_head_json":{"title":"Raccomandazioni | Original Documents Provider","description":"RekomendacjeNasza filozofia zawsze koncentrowa\u0142a si\u0119 na przekonaniu, \u017ce klienci powinni by\u0107 traktowani uczciwie i prawid\u0142owo.","robots":{"index":"index","follow":"follow","max-snippet":"max-snippet:-1","max-image-preview":"max-image-preview:large","max-video-preview":"max-video-preview:-1"},"canonical":"https:\/\/permessodiguida.com\/pl\/zalecenia\/","og_locale":"pl_PL","og_type":"article","og_title":"Raccomandazioni","og_description":"RecommendationsOur philosophy has always been focused on the belief that customers should be treated fairly and correctly.I wasn't sure, being a first","og_url":"https:\/\/permessodiguida.com\/pl\/zalecenia\/","og_site_name":"Original Documents Provider","article_modified_time":"2025-03-24T16:34:25+00:00","og_image":[{"width":687,"height":549,"url":"https:\/\/permessodiguida.com\/wp-content\/uploads\/2024\/08\/image_2024-08-09_144906822.png","type":"image\/png"}],"twitter_card":"summary_large_image","twitter_misc":{"Szacowany czas czytania":"1 minuta"},"schema":{"@context":"https:\/\/schema.org","@graph":[{"@type":"WebPage","@id":"https:\/\/permessodiguida.com\/recommendations\/","url":"https:\/\/permessodiguida.com\/recommendations\/","name":"Raccomandazioni | Original Documents Provider","isPartOf":{"@id":"https:\/\/permessodiguida.com\/#website"},"primaryImageOfPage":{"@id":"https:\/\/permessodiguida.com\/recommendations\/#primaryimage"},"image":{"@id":"https:\/\/permessodiguida.com\/recommendations\/#primaryimage"},"thumbnailUrl":"https:\/\/korkortsmastare.com\/wp-content\/uploads\/2023\/11\/4366637-200.png","datePublished":"2024-08-07T01:29:51+00:00","dateModified":"2025-03-24T16:34:25+00:00","description":"RekomendacjeNasza filozofia zawsze koncentrowa\u0142a si\u0119 na przekonaniu, \u017ce klienci powinni by\u0107 traktowani uczciwie i prawid\u0142owo.","breadcrumb":{"@id":"https:\/\/permessodiguida.com\/recommendations\/#breadcrumb"},"inLanguage":"pl-PL","potentialAction":[{"@type":"ReadAction","target":["https:\/\/permessodiguida.com\/recommendations\/"]}]},{"@type":"ImageObject","inLanguage":"pl-PL","@id":"https:\/\/permessodiguida.com\/recommendations\/#primaryimage","url":"https:\/\/korkortsmastare.com\/wp-content\/uploads\/2023\/11\/4366637-200.png","contentUrl":"https:\/\/korkortsmastare.com\/wp-content\/uploads\/2023\/11\/4366637-200.png"},{"@type":"BreadcrumbList","@id":"https:\/\/permessodiguida.com\/recommendations\/#breadcrumb","itemListElement":[{"@type":"ListItem","position":1,"name":"Home","item":"https:\/\/permessodiguida.com\/"},{"@type":"ListItem","position":2,"name":"Raccomandazioni"}]},{"@type":"WebSite","@id":"https:\/\/permessodiguida.com\/#website","url":"https:\/\/permessodiguida.com\/","name":"Permessodiguida","description":"Uzyskaj oryginalne prawo jazdy i paszport","publisher":{"@id":"https:\/\/permessodiguida.com\/#organization"},"alternateName":"Original Documents Provider","potentialAction":[{"@type":"SearchAction","target":{"@type":"EntryPoint","urlTemplate":"https:\/\/permessodiguida.com\/?s={search_term_string}"},"query-input":{"@type":"PropertyValueSpecification","valueRequired":true,"valueName":"search_term_string"}}],"inLanguage":"pl-PL"},{"@type":"Organization","@id":"https:\/\/permessodiguida.com\/#organization","name":"Permesso Di Guida","alternateName":"Original Driving License And Passport","url":"https:\/\/permessodiguida.com\/","logo":{"@type":"ImageObject","inLanguage":"pl-PL","@id":"https:\/\/permessodiguida.com\/#\/schema\/logo\/image\/","url":"https:\/\/permessodiguida.com\/wp-content\/uploads\/2024\/08\/image_2024-08-09_144906822.png","contentUrl":"https:\/\/permessodiguida.com\/wp-content\/uploads\/2024\/08\/image_2024-08-09_144906822.png","width":687,"height":549,"caption":"Permesso Di Guida"},"image":{"@id":"https:\/\/permessodiguida.com\/#\/schema\/logo\/image\/"}}]}},"_links":{"self":[{"href":"https:\/\/permessodiguida.com\/pl\/wp-json\/wp\/v2\/pages\/1461","targetHints":{"allow":["GET"]}}],"collection":[{"href":"https:\/\/permessodiguida.com\/pl\/wp-json\/wp\/v2\/pages"}],"about":[{"href":"https:\/\/permessodiguida.com\/pl\/wp-json\/wp\/v2\/types\/page"}],"author":[{"embeddable":true,"href":"https:\/\/permessodiguida.com\/pl\/wp-json\/wp\/v2\/users\/1"}],"replies":[{"embeddable":true,"href":"https:\/\/permessodiguida.com\/pl\/wp-json\/wp\/v2\/comments?post=1461"}],"version-history":[{"count":77,"href":"https:\/\/permessodiguida.com\/pl\/wp-json\/wp\/v2\/pages\/1461\/revisions"}],"predecessor-version":[{"id":2323,"href":"https:\/\/permessodiguida.com\/pl\/wp-json\/wp\/v2\/pages\/1461\/revisions\/2323"}],"wp:attachment":[{"href":"https:\/\/permessodiguida.com\/pl\/wp-json\/wp\/v2\/media?parent=1461"}],"curies":[{"name":"wp","href":"https:\/\/api.w.org\/{rel}","templated":true}]}}