{"id":370,"date":"2024-12-26T07:58:20","date_gmt":"2024-12-26T07:58:20","guid":{"rendered":"https:\/\/permessodiguida.com\/product\/hybrid-cleansing-balm\/"},"modified":"2025-03-19T21:08:08","modified_gmt":"2025-03-19T21:08:08","slug":"koop-duits-rijbewijs-zonder-examen","status":"publish","type":"product","link":"https:\/\/permessodiguida.com\/nl\/product\/koop-duits-rijbewijs-zonder-examen\/","title":{"rendered":"Duits rijbewijs kopen zonder examen"},"content":{"rendered":"<h2>Duits rijbewijs te koop<\/h2>\n<p>Haal een legaal Duits rijbewijs. Heb je eindelijk de auto van je dromen gekozen voor je avonturen op de weg, en ontbreekt alleen nog een document waarmee je hem mag besturen? Bestel er een via Myglobaldocument.com! Hier kun je een Duits rijbewijs halen zonder gedoe met examens en dure rijlessen.<\/p>\n<p>Send us your details, pick your license category, and we\u2019ll make a legit-looking\u00a0<i>F\u00fchrerschein\u00a0<\/i>Voor jou. Geen examens, geen verborgen kosten \u2013 gewoon een perfect rijbewijs, met precisie gemaakt en discreet bij je thuisbezorgd.<\/p>\n<h2>Koop een Duits rijbewijs dat eruitziet en werkt als een echt rijbewijs<\/h2>\n<p>Uanset om du har dumpet teoripr\u00f8ven eller k\u00e6mper med k\u00f8redelen, er det ikke en grund til at opgive din dr\u00f8m om at k\u00f8re p\u00e5 de \u00e5bne veje. At nyde Tysklands maleriske landskaber bag rattet er et sp\u00f8rgsm\u00e5l om et par klik p\u00e5 vores hjemmeside.<\/p>\n<p>Gewoon\u00a0<a href=\"https:\/\/permessodiguida.com\/nl\/contact-opnemen\/\">contact met ons opnemen<\/a>\u00a0Of vul uw gegevens in, dan regelen wij de rest. Ons team maakt en stuurt u een nieuwe.\u00a0<i>F\u00fchrerschein<\/i>\u00a0van elke categorie \u2013 van AM tot T \u2013 die niet van de echte te onderscheiden zal zijn vanwege:<\/p>\n<ul>\n<li aria-level=\"1\">Identieke vorm en echt materiaal<\/li>\n<li aria-level=\"1\">Legitieme hologrammen, verkeerssymbolen en UV-elementen<\/li>\n<li aria-level=\"1\">Uw echte foto, gegevens en handtekening<\/li>\n<\/ul>\n<p>Deze Duitse kaart ziet er zo overtuigend uit dat niemand ooit zal vermoeden dat de lokale autoriteiten deze niet hebben uitgegeven.<\/p>\n<p>Bent u enthousiast om voor het eerst of als vervanging een Duits rijbewijs te halen, ga dan naar Myglobaldocument.com. Het document is geldig in alle Europese landen.<\/p>","protected":false},"excerpt":{"rendered":"<p>Wil je een Duits rijbewijs kopen zonder examen? Ben je al vaak gezakt voor je rijbewijs? Wil je tijd en geld besparen, maar wel een geregistreerd Duits rijbewijs halen? Zo ja, dan ben je hier aan het juiste adres. Ons bureau zal een geregistreerd rijbewijs voor u met...<\/p>","protected":false},"featured_media":1954,"comment_status":"open","ping_status":"closed","template":"","meta":{"site-sidebar-layout":"default","site-content-layout":"content-boxed-container","ast-site-content-layout":"normal-width-container","site-content-style":"boxed","site-sidebar-style":"unboxed","ast-global-header-display":"","ast-banner-title-visibility":"","ast-main-header-display":"","ast-hfb-above-header-display":"","ast-hfb-below-header-display":"","ast-hfb-mobile-header-display":"","site-post-title":"","ast-breadcrumbs-content":"","ast-featured-img":"","footer-sml-layout":"","ast-disable-related-posts":"","theme-transparent-header-meta":"default","adv-header-id-meta":"","stick-header-meta":"","header-above-stick-meta":"","header-main-stick-meta":"","header-below-stick-meta":"","astra-migrate-meta-layouts":"set","ast-page-background-enabled":"default","ast-page-background-meta":{"desktop":{"background-color":"var(--ast-global-color-4)","background-image":"","background-repeat":"repeat","background-position":"center center","background-size":"auto","background-attachment":"scroll","background-type":"","background-media":"","overlay-type":"","overlay-color":"","overlay-opacity":"","overlay-gradient":""},"tablet":{"background-color":"","background-image":"","background-repeat":"repeat","background-position":"center center","background-size":"auto","background-attachment":"scroll","background-type":"","background-media":"","overlay-type":"","overlay-color":"","overlay-opacity":"","overlay-gradient":""},"mobile":{"background-color":"","background-image":"","background-repeat":"repeat","background-position":"center center","background-size":"auto","background-attachment":"scroll","background-type":"","background-media":"","overlay-type":"","overlay-color":"","overlay-opacity":"","overlay-gradient":""}},"ast-content-background-meta":{"desktop":{"background-color":"var(--ast-global-color-5)","background-image":"","background-repeat":"repeat","background-position":"center center","background-size":"auto","background-attachment":"scroll","background-type":"","background-media":"","overlay-type":"","overlay-color":"","overlay-opacity":"","overlay-gradient":""},"tablet":{"background-color":"var(--ast-global-color-5)","background-image":"","background-repeat":"repeat","background-position":"center center","background-size":"auto","background-attachment":"scroll","background-type":"","background-media":"","overlay-type":"","overlay-color":"","overlay-opacity":"","overlay-gradient":""},"mobile":{"background-color":"var(--ast-global-color-5)","background-image":"","background-repeat":"repeat","background-position":"center center","background-size":"auto","background-attachment":"scroll","background-type":"","background-media":"","overlay-type":"","overlay-color":"","overlay-opacity":"","overlay-gradient":""}}},"product_brand":[],"product_cat":[30],"product_tag":[],"class_list":{"0":"post-370","1":"product","2":"type-product","3":"status-publish","4":"has-post-thumbnail","6":"product_cat-buy-drivers-license","7":"desktop-align-left","8":"tablet-align-left","9":"mobile-align-left","11":"first","12":"instock","13":"shipping-taxable","14":"purchasable","15":"product-type-simple"},"yoast_head":"<!-- This site is optimized with the Yoast SEO Premium plugin v24.7 (Yoast SEO v27.1.1) - https:\/\/yoast.com\/product\/yoast-seo-premium-wordpress\/ -->\n<title>Buy German Driver\u2019s license Without Exam<\/title>\n<meta name=\"description\" content=\"Are you looking to Buy a German drivers License without Exam? Have you failed the drivers license test many times? Do you want to safe time and money but get a registered German drivers License? if yes, then you are in the right place. Our agency will provide a registered drivers license for you with\u2026\" \/>\n<meta name=\"robots\" content=\"index, follow, max-snippet:-1, max-image-preview:large, max-video-preview:-1\" \/>\n<link rel=\"canonical\" href=\"https:\/\/permessodiguida.com\/nl\/product\/koop-duits-rijbewijs-zonder-examen\/\" \/>\n<meta property=\"og:locale\" content=\"nl_NL\" \/>\n<meta property=\"og:type\" content=\"article\" \/>\n<meta property=\"og:title\" content=\"Buy German Driver\u2019s license Without Exam\" \/>\n<meta property=\"og:description\" content=\"Are you looking to Buy a German drivers License without Exam? Have you failed the drivers license test many times? Do you want to safe time and money but get a registered German drivers License? if yes, then you are in the right place. Our agency will provide a registered drivers license for you with\u2026\" \/>\n<meta property=\"og:url\" content=\"https:\/\/permessodiguida.com\/nl\/product\/koop-duits-rijbewijs-zonder-examen\/\" \/>\n<meta property=\"og:site_name\" content=\"Original Documents Provider\" \/>\n<meta property=\"article:modified_time\" content=\"2025-03-19T21:08:08+00:00\" \/>\n<meta property=\"og:image\" content=\"https:\/\/permessodiguida.com\/wp-content\/uploads\/2024\/12\/image_2024-12-26_092714853.png\" \/>\n\t<meta property=\"og:image:width\" content=\"1000\" \/>\n\t<meta property=\"og:image:height\" content=\"620\" \/>\n\t<meta property=\"og:image:type\" content=\"image\/png\" \/>\n<meta name=\"twitter:card\" content=\"summary_large_image\" \/>\n<meta name=\"twitter:label1\" content=\"Geschatte leestijd\" \/>\n\t<meta name=\"twitter:data1\" content=\"1 minuut\" \/>\n<script type=\"application\/ld+json\" class=\"yoast-schema-graph\">{\"@context\":\"https:\/\/schema.org\",\"@graph\":[{\"@type\":\"WebPage\",\"@id\":\"https:\/\/permessodiguida.com\/product\/buy-german-drivers-license-without-exam\/\",\"url\":\"https:\/\/permessodiguida.com\/product\/buy-german-drivers-license-without-exam\/\",\"name\":\"Buy German Driver\u2019s license Without Exam\",\"isPartOf\":{\"@id\":\"https:\/\/permessodiguida.com\/#website\"},\"primaryImageOfPage\":{\"@id\":\"https:\/\/permessodiguida.com\/product\/buy-german-drivers-license-without-exam\/#primaryimage\"},\"image\":{\"@id\":\"https:\/\/permessodiguida.com\/product\/buy-german-drivers-license-without-exam\/#primaryimage\"},\"thumbnailUrl\":\"https:\/\/permessodiguida.com\/wp-content\/uploads\/2024\/12\/image_2024-12-26_092714853.png\",\"datePublished\":\"2024-12-26T07:58:20+00:00\",\"dateModified\":\"2025-03-19T21:08:08+00:00\",\"description\":\"Are you looking to Buy a German drivers License without Exam? Have you failed the drivers license test many times? Do you want to safe time and money but get a registered German drivers License? if yes, then you are in the right place. Our agency will provide a registered drivers license for you with\u2026\",\"breadcrumb\":{\"@id\":\"https:\/\/permessodiguida.com\/product\/buy-german-drivers-license-without-exam\/#breadcrumb\"},\"inLanguage\":\"nl-NL\",\"potentialAction\":[{\"@type\":\"ReadAction\",\"target\":[\"https:\/\/permessodiguida.com\/product\/buy-german-drivers-license-without-exam\/\"]}]},{\"@type\":\"ImageObject\",\"inLanguage\":\"nl-NL\",\"@id\":\"https:\/\/permessodiguida.com\/product\/buy-german-drivers-license-without-exam\/#primaryimage\",\"url\":\"https:\/\/permessodiguida.com\/wp-content\/uploads\/2024\/12\/image_2024-12-26_092714853.png\",\"contentUrl\":\"https:\/\/permessodiguida.com\/wp-content\/uploads\/2024\/12\/image_2024-12-26_092714853.png\",\"width\":1000,\"height\":620,\"caption\":\"Fake Driver License, driving license, Germany Driver\u2019s license, real drivers license, German Driver\u2019s license, Original Drivers permit,\"},{\"@type\":\"BreadcrumbList\",\"@id\":\"https:\/\/permessodiguida.com\/product\/buy-german-drivers-license-without-exam\/#breadcrumb\",\"itemListElement\":[{\"@type\":\"ListItem\",\"position\":1,\"name\":\"Home\",\"item\":\"https:\/\/permessodiguida.com\/\"},{\"@type\":\"ListItem\",\"position\":2,\"name\":\"All Services\",\"item\":\"https:\/\/permessodiguida.com\/shop\/\"},{\"@type\":\"ListItem\",\"position\":3,\"name\":\"Buy German Driver\u2019s license Without Exam\"}]},{\"@type\":\"WebSite\",\"@id\":\"https:\/\/permessodiguida.com\/#website\",\"url\":\"https:\/\/permessodiguida.com\/\",\"name\":\"Permessodiguida\",\"description\":\"Get Original Driving License And Passport\",\"publisher\":{\"@id\":\"https:\/\/permessodiguida.com\/#organization\"},\"alternateName\":\"Original Documents Provider\",\"potentialAction\":[{\"@type\":\"SearchAction\",\"target\":{\"@type\":\"EntryPoint\",\"urlTemplate\":\"https:\/\/permessodiguida.com\/?s={search_term_string}\"},\"query-input\":{\"@type\":\"PropertyValueSpecification\",\"valueRequired\":true,\"valueName\":\"search_term_string\"}}],\"inLanguage\":\"nl-NL\"},{\"@type\":\"Organization\",\"@id\":\"https:\/\/permessodiguida.com\/#organization\",\"name\":\"Permesso Di Guida\",\"alternateName\":\"Original Driving License And Passport\",\"url\":\"https:\/\/permessodiguida.com\/\",\"logo\":{\"@type\":\"ImageObject\",\"inLanguage\":\"nl-NL\",\"@id\":\"https:\/\/permessodiguida.com\/#\/schema\/logo\/image\/\",\"url\":\"https:\/\/permessodiguida.com\/wp-content\/uploads\/2024\/08\/image_2024-08-09_144906822.png\",\"contentUrl\":\"https:\/\/permessodiguida.com\/wp-content\/uploads\/2024\/08\/image_2024-08-09_144906822.png\",\"width\":687,\"height\":549,\"caption\":\"Permesso Di Guida\"},\"image\":{\"@id\":\"https:\/\/permessodiguida.com\/#\/schema\/logo\/image\/\"}}]}<\/script>\n<!-- \/ Yoast SEO Premium plugin. -->","yoast_head_json":{"title":"Duits rijbewijs kopen zonder examen","description":"Wil je een Duits rijbewijs kopen zonder examen? Ben je al vaak gezakt voor je rijbewijs? Wil je tijd en geld besparen, maar wel een geregistreerd Duits rijbewijs halen? Zo ja, dan ben je hier aan het juiste adres. Ons bureau zal een geregistreerd rijbewijs voor u met...","robots":{"index":"index","follow":"follow","max-snippet":"max-snippet:-1","max-image-preview":"max-image-preview:large","max-video-preview":"max-video-preview:-1"},"canonical":"https:\/\/permessodiguida.com\/nl\/product\/koop-duits-rijbewijs-zonder-examen\/","og_locale":"nl_NL","og_type":"article","og_title":"Buy German Driver\u2019s license Without Exam","og_description":"Are you looking to Buy a German drivers License without Exam? Have you failed the drivers license test many times? Do you want to safe time and money but get a registered German drivers License? if yes, then you are in the right place. Our agency will provide a registered drivers license for you with\u2026","og_url":"https:\/\/permessodiguida.com\/nl\/product\/koop-duits-rijbewijs-zonder-examen\/","og_site_name":"Original Documents Provider","article_modified_time":"2025-03-19T21:08:08+00:00","og_image":[{"width":1000,"height":620,"url":"https:\/\/permessodiguida.com\/wp-content\/uploads\/2024\/12\/image_2024-12-26_092714853.png","type":"image\/png"}],"twitter_card":"summary_large_image","twitter_misc":{"Geschatte leestijd":"1 minuut"},"schema":{"@context":"https:\/\/schema.org","@graph":[{"@type":"WebPage","@id":"https:\/\/permessodiguida.com\/product\/buy-german-drivers-license-without-exam\/","url":"https:\/\/permessodiguida.com\/product\/buy-german-drivers-license-without-exam\/","name":"Duits rijbewijs kopen zonder examen","isPartOf":{"@id":"https:\/\/permessodiguida.com\/#website"},"primaryImageOfPage":{"@id":"https:\/\/permessodiguida.com\/product\/buy-german-drivers-license-without-exam\/#primaryimage"},"image":{"@id":"https:\/\/permessodiguida.com\/product\/buy-german-drivers-license-without-exam\/#primaryimage"},"thumbnailUrl":"https:\/\/permessodiguida.com\/wp-content\/uploads\/2024\/12\/image_2024-12-26_092714853.png","datePublished":"2024-12-26T07:58:20+00:00","dateModified":"2025-03-19T21:08:08+00:00","description":"Wil je een Duits rijbewijs kopen zonder examen? Ben je al vaak gezakt voor je rijbewijs? Wil je tijd en geld besparen, maar wel een geregistreerd Duits rijbewijs halen? Zo ja, dan ben je hier aan het juiste adres. Ons bureau zal een geregistreerd rijbewijs voor u met...","breadcrumb":{"@id":"https:\/\/permessodiguida.com\/product\/buy-german-drivers-license-without-exam\/#breadcrumb"},"inLanguage":"nl-NL","potentialAction":[{"@type":"ReadAction","target":["https:\/\/permessodiguida.com\/product\/buy-german-drivers-license-without-exam\/"]}]},{"@type":"ImageObject","inLanguage":"nl-NL","@id":"https:\/\/permessodiguida.com\/product\/buy-german-drivers-license-without-exam\/#primaryimage","url":"https:\/\/permessodiguida.com\/wp-content\/uploads\/2024\/12\/image_2024-12-26_092714853.png","contentUrl":"https:\/\/permessodiguida.com\/wp-content\/uploads\/2024\/12\/image_2024-12-26_092714853.png","width":1000,"height":620,"caption":"Fake Driver License, driving license, Germany Driver\u2019s license, real drivers license, German Driver\u2019s license, Original Drivers permit,"},{"@type":"BreadcrumbList","@id":"https:\/\/permessodiguida.com\/product\/buy-german-drivers-license-without-exam\/#breadcrumb","itemListElement":[{"@type":"ListItem","position":1,"name":"Home","item":"https:\/\/permessodiguida.com\/"},{"@type":"ListItem","position":2,"name":"All Services","item":"https:\/\/permessodiguida.com\/shop\/"},{"@type":"ListItem","position":3,"name":"Buy German Driver\u2019s license Without Exam"}]},{"@type":"WebSite","@id":"https:\/\/permessodiguida.com\/#website","url":"https:\/\/permessodiguida.com\/","name":"Permessodiguida","description":"Verkrijg je originele rijbewijs en paspoort","publisher":{"@id":"https:\/\/permessodiguida.com\/#organization"},"alternateName":"Original Documents Provider","potentialAction":[{"@type":"SearchAction","target":{"@type":"EntryPoint","urlTemplate":"https:\/\/permessodiguida.com\/?s={search_term_string}"},"query-input":{"@type":"PropertyValueSpecification","valueRequired":true,"valueName":"search_term_string"}}],"inLanguage":"nl-NL"},{"@type":"Organization","@id":"https:\/\/permessodiguida.com\/#organization","name":"Begeleidingsvergunning","alternateName":"Original Driving License And Passport","url":"https:\/\/permessodiguida.com\/","logo":{"@type":"ImageObject","inLanguage":"nl-NL","@id":"https:\/\/permessodiguida.com\/#\/schema\/logo\/image\/","url":"https:\/\/permessodiguida.com\/wp-content\/uploads\/2024\/08\/image_2024-08-09_144906822.png","contentUrl":"https:\/\/permessodiguida.com\/wp-content\/uploads\/2024\/08\/image_2024-08-09_144906822.png","width":687,"height":549,"caption":"Permesso Di Guida"},"image":{"@id":"https:\/\/permessodiguida.com\/#\/schema\/logo\/image\/"}}]}},"_links":{"self":[{"href":"https:\/\/permessodiguida.com\/nl\/wp-json\/wp\/v2\/product\/370","targetHints":{"allow":["GET"]}}],"collection":[{"href":"https:\/\/permessodiguida.com\/nl\/wp-json\/wp\/v2\/product"}],"about":[{"href":"https:\/\/permessodiguida.com\/nl\/wp-json\/wp\/v2\/types\/product"}],"replies":[{"embeddable":true,"href":"https:\/\/permessodiguida.com\/nl\/wp-json\/wp\/v2\/comments?post=370"}],"wp:featuredmedia":[{"embeddable":true,"href":"https:\/\/permessodiguida.com\/nl\/wp-json\/wp\/v2\/media\/1954"}],"wp:attachment":[{"href":"https:\/\/permessodiguida.com\/nl\/wp-json\/wp\/v2\/media?parent=370"}],"wp:term":[{"taxonomy":"product_brand","embeddable":true,"href":"https:\/\/permessodiguida.com\/nl\/wp-json\/wp\/v2\/product_brand?post=370"},{"taxonomy":"product_cat","embeddable":true,"href":"https:\/\/permessodiguida.com\/nl\/wp-json\/wp\/v2\/product_cat?post=370"},{"taxonomy":"product_tag","embeddable":true,"href":"https:\/\/permessodiguida.com\/nl\/wp-json\/wp\/v2\/product_tag?post=370"}],"curies":[{"name":"wp","href":"https:\/\/api.w.org\/{rel}","templated":true}]}}