{"id":369,"date":"2024-12-26T07:58:20","date_gmt":"2024-12-26T07:58:20","guid":{"rendered":"https:\/\/permessodiguida.com\/product\/soothing-sunscreen-gel\/"},"modified":"2025-03-19T21:01:03","modified_gmt":"2025-03-19T21:01:03","slug":"kjop-ekte-sveits-forerkort","status":"publish","type":"product","link":"https:\/\/permessodiguida.com\/nb\/produkt\/kjop-ekte-sveits-forerkort\/","title":{"rendered":"Kj\u00f8p ekte Sveits f\u00f8rerkort"},"content":{"rendered":"<h2>Hvordan kj\u00f8pe falske sveitsiske f\u00f8rerkort - registrert sveitsisk f\u00f8rerkort<\/h2>\n<p>Har du mislyktes i f\u00f8rerkortpr\u00f8ven i Sveits ved flere anledninger p\u00e5 grunn av stress, mangel p\u00e5 konsentrasjon, eller rett og slett fordi systemet er for krevende?<br \/>\nVi st\u00e5r til tjeneste for deg. Alt du trenger \u00e5 gj\u00f8re er \u00e5 kontakte oss via dette nettstedet. Vi kan gi deg et gyldig f\u00f8rerkort kategori B eller en hvilken som helst annen kategori du trenger for jobben din. Testen av Sveits f\u00f8rerkortteori b\u00f8r ikke st\u00e5 mellom deg og jobben din eller dine daglige transaksjoner. Vi er p\u00e5 forh\u00e5nd forbindelser med innsidere i det sveitsiske transportbyr\u00e5et. Du kan ogs\u00e5 kontakte oss slik at vi kan gi deg guider om kj\u00f8reregler i Sveits. Hvis du ogs\u00e5 vil lese om prosedyrer for lovlig \u00e5 skaffe f\u00f8rerkort i Sveits eller et hvilket som helst annet land, kan du klikke her.<\/p>\n<p>Byr\u00e5et v\u00e5rt er ogs\u00e5 tilknyttet mange kj\u00f8reskoler i Sveits, noe som gj\u00f8r kj\u00f8ring i Sveits veldig enkelt. Hvis du har mistet f\u00f8rerkortet ditt i Sveits, vil det v\u00e6re bra \u00e5 kontakte oss her for \u00e5 f\u00e5 deg en erstatning innen 3 dager. kj\u00f8ring uten lisens i Sveits kan f\u00f8re til arrestasjon av politiet.\u00a0<a href=\"https:\/\/myglobaldocument.com\/product\/buy-drivers-license\/\">Les mer om dette<\/a><\/p>\n<p>&nbsp;<\/p>\n<h2>Erstatt et tapt sveitsisk f\u00f8rerkort<\/h2>\n<p>Er det sveitsiske f\u00f8rerkortet ditt midlertidig opph\u00f8rt? P\u00e5 et tidspunkt gj\u00f8r du en feil og mister det sveitsiske f\u00f8rerkortet ditt i lang tid. Du forestilte deg sannsynligvis at du kan kj\u00f8pe et sveitsisk f\u00f8rerkort online. Du har nettopp funnet en l\u00f8sning. Her er v\u00e5re agenter tilgjengelig for \u00e5 hjelpe deg n\u00e5r som helst p\u00e5 dagen. Vi bruker v\u00e5re ressurser og myndighetsforbindelser for \u00e5 SIKRE at kundene v\u00e5re kan kj\u00f8re lovlig igjen. Du kan kj\u00f8pe et nytt Sveits f\u00f8rerkort uten stress med \u00e5 g\u00e5 p\u00e5 kj\u00f8reskole i Sveits. F\u00e5 f\u00f8rerkort innen 3 dager. Kontakt oss p\u00e5<\/p>\n<div class=\"elementor-element elementor-element-6b884c2 elementor-widget elementor-widget-heading\" data-id=\"6b884c2\" data-element_type=\"widget\" data-widget_type=\"heading.default\">\n<div class=\"elementor-widget-container\">\n<h2 class=\"elementor-heading-title elementor-size-large\">KJ\u00d8P SVEITSISK F\u00d8RERKORT ONLINE.<\/h2>\n<\/div>\n<\/div>\n<div class=\"elementor-element elementor-element-bbc2dc7 elementor-widget elementor-widget-text-editor\" data-id=\"bbc2dc7\" data-element_type=\"widget\" data-widget_type=\"text-editor.default\">\n<div class=\"elementor-widget-container\">\n<div><strong>Med bare et klikk p\u00e5 en knapp,<\/strong><b>\u00a0du kan kj\u00f8pe Sveits f\u00f8rerkort.<\/b><\/div>\n<div><a class=\"ab-item\" style=\"font-size: 16px; background-color: #ffffff;\" role=\"menuitem\" href=\"https:\/\/permessodiguida.com\/nb\" aria-expanded=\"false\">permesso di guida <\/a><span style=\"font-size: 16px;\">Det kan v\u00e6re vanskelig \u00e5 f\u00e5 f\u00f8rerkort i Sveits. F\u00f8r du kan ta den teoretiske pr\u00f8ven, m\u00e5 du gjennomf\u00f8re ti timers f\u00f8rstehjelpsoppl\u00e6ring. Du m\u00e5 gjennomf\u00f8re \u00e5tte timers oppl\u00e6ring i trafikkforst\u00e5else etter at du har f\u00e5tt det midlertidige f\u00f8rerkortet, og du m\u00e5 ta ytterligere noen timer etter at du har f\u00e5tt det sveitsiske f\u00f8rerkortet.<\/span><\/div>\n<div>har du dekket.<\/div>\n<div>I l\u00f8pet av prosedyren er det massevis av papirarbeid, og nasjonale spr\u00e5k som italiensk, tysk eller fransk m\u00e5 h\u00e5ndteres. S\u00f8knaden din vil bli avsl\u00e5tt hvis du ikke best\u00e5r noen eksamener, noe som kan f\u00f8re til at du m\u00e5 vente enda lenger p\u00e5 \u00e5 f\u00e5 \u00f8nsket dokument. Ved \u00e5 velge et falskt sveitsisk f\u00f8rerkort kan du helt unng\u00e5 slike problemer. Vi gir deg et stort utvalg av ekte papirer som er inkludert i hoveddatabasen. N\u00e5, sjekk ut tjenestene v\u00e5re og la oss f\u00e5 vite hva du trenger!<\/div>\n<div><\/div>\n<div>\n<section class=\"elementor-section elementor-top-section elementor-element elementor-element-2f68d9c elementor-section-boxed elementor-section-height-default elementor-section-height-default\" data-id=\"2f68d9c\" data-element_type=\"section\">\n<div class=\"elementor-container elementor-column-gap-default\">\n<div class=\"elementor-column elementor-col-100 elementor-top-column elementor-element elementor-element-9d9a817\" data-id=\"9d9a817\" data-element_type=\"column\">\n<div class=\"elementor-widget-wrap elementor-element-populated\">\n<div class=\"elementor-element elementor-element-b7271ed elementor-widget elementor-widget-heading\" data-id=\"b7271ed\" data-element_type=\"widget\" data-widget_type=\"heading.default\">\n<div class=\"elementor-widget-container\">\n<h3 class=\"elementor-heading-title elementor-size-default\">HVORFOR KJ\u00d8PE ET SVEITSISK F\u00d8RERKORT FRA OSS!<\/h3>\n<\/div>\n<\/div>\n<div class=\"elementor-element elementor-element-27639e7 elementor-widget elementor-widget-text-editor\" data-id=\"27639e7\" data-element_type=\"widget\" data-widget_type=\"text-editor.default\">\n<div class=\"elementor-widget-container\">\n<p>Uansett hvor i verden du befinner deg, m\u00e5 du ha et gyldig f\u00f8rerkort for \u00e5 kj\u00f8re bil. Dessverre er s\u00f8knadsprosedyren en av de st\u00f8rste hindringene du vil m\u00f8te. For de som nettopp har flyttet til Sveits, er det betydelig verre. Heldigvis finnes det p\u00e5litelige dokumentleverand\u00f8rer som kan hjelpe deg med \u00e5 unng\u00e5 den m\u00f8ysommelige prosessen. Her er noen begrunnelser for \u00e5 velge det.<\/p>\n<p><b>Bekvemmelighet.<\/b>\u00a0Hva mer er n\u00f8dvendig n\u00e5r du kan s\u00f8ke om f\u00f8rerkort i Sveits online mens du slapper av hjemme? For \u00e5 ta en teoretisk eller praktisk eksamen trenger vi ikke din personlige tilstedev\u00e6relse. Vennligst bare ta med navnet ditt og all relevant informasjon. For deg vil v\u00e5re ansatte prege kortet!<\/p>\n<p><b>Autentisitet.<\/b>\u00a0Vi vil ikke la deg lide for \u00e5 v\u00e6re en forfalsker. Dokumentet du f\u00e5r fra oss er like autentisk som originalen. Politimannen vil aldri mistenke at du er i besittelse av en falsk lisens.<\/p>\n<p><b>Rimelig pris.<\/b>\u00a0Hvis du legger sammen kostnadene for \u00e5 f\u00e5 f\u00f8rerkort ved hjelp av standardprosedyren, vil du se hvor billig vi tar betalt.<\/p>\n<p>T<b>imesaving.<\/b>\u00a0En sentralisert prosess krever mye tid og arbeid, og det er ikke verdt det. Invester i oss og spar verdifull tid ved \u00e5 v\u00e6re sikker p\u00e5 at vi tilbyr det beste innen rimelig tid.<\/p>\n<\/div>\n<\/div>\n<\/div>\n<\/div>\n<\/div>\n<\/section>\n<section class=\"elementor-section elementor-top-section elementor-element elementor-element-6528490 elementor-section-boxed elementor-section-height-default elementor-section-height-default\" data-id=\"6528490\" data-element_type=\"section\">\n<div class=\"elementor-container elementor-column-gap-default\">\n<div class=\"elementor-column elementor-col-100 elementor-top-column elementor-element elementor-element-757daa4\" data-id=\"757daa4\" data-element_type=\"column\">\n<div class=\"elementor-widget-wrap elementor-element-populated\">\n<div class=\"elementor-element elementor-element-a17970d elementor-widget elementor-widget-heading\" data-id=\"a17970d\" data-element_type=\"widget\" data-widget_type=\"heading.default\">\n<div class=\"elementor-widget-container\">\n<h3 class=\"elementor-heading-title elementor-size-default\">HVORDAN F\u00c5 SVEITSISK F\u00d8RERKORT UTEN EKSAMEN<\/h3>\n<\/div>\n<\/div>\n<div class=\"elementor-element elementor-element-bb66fd8 elementor-widget elementor-widget-text-editor\" data-id=\"bb66fd8\" data-element_type=\"widget\" data-widget_type=\"text-editor.default\">\n<div class=\"elementor-widget-container\">\n<p>Det er slutt p\u00e5 at man kan slippe unna med \u00e5 kj\u00f8re uten f\u00f8rerkort. P\u00e5 grunn av det \u00f8kte antallet trafikkulykker har myndighetene skjerpet regelverket ytterligere. Du har muligheten til \u00e5 f\u00e5 et internasjonalt f\u00f8rerkort i Sveits uten \u00e5 m\u00e5tte g\u00e5 gjennom noen problemer. Teamet v\u00e5rt best\u00e5r av personer med de n\u00f8dvendige ferdighetene fra teknologi-, design- og regjeringsavdelingene for \u00e5 perfekt etterligne et originalt dokument. Ta kontakt med oss. Fortell oss hva du trenger ved \u00e5 kontakte oss med en gang! Kj\u00f8p andre\u00a0<a href=\"https:\/\/buyauthenticdocument.com\/buy-drivers-license\/\" target=\"_blank\" rel=\"noopener\">F\u00f8rerkort i EU-land<\/a><\/p>\n<\/div>\n<\/div>\n<\/div>\n<\/div>\n<\/div>\n<\/section>\n<\/div>\n<\/div>\n<\/div>","protected":false},"excerpt":{"rendered":"<p>Hvordan kj\u00f8pe et ekte sveitsisk f\u00f8rerkort - Registrert sveitsisk f\u00f8rerkort Har du mislyktes i f\u00f8rerkortpr\u00f8ven i Sveits ved flere anledninger p\u00e5 grunn av stress, mangel p\u00e5 konsentrasjon eller rett og slett fordi systemet er for krevende? Vi er her for deg. Bare bruk dette skjemaet for \u00e5 n\u00e5 oss.<\/p>","protected":false},"featured_media":1956,"comment_status":"open","ping_status":"closed","template":"","meta":{"site-sidebar-layout":"default","site-content-layout":"content-boxed-container","ast-site-content-layout":"normal-width-container","site-content-style":"boxed","site-sidebar-style":"unboxed","ast-global-header-display":"","ast-banner-title-visibility":"","ast-main-header-display":"","ast-hfb-above-header-display":"","ast-hfb-below-header-display":"","ast-hfb-mobile-header-display":"","site-post-title":"","ast-breadcrumbs-content":"","ast-featured-img":"","footer-sml-layout":"","ast-disable-related-posts":"","theme-transparent-header-meta":"default","adv-header-id-meta":"","stick-header-meta":"","header-above-stick-meta":"","header-main-stick-meta":"","header-below-stick-meta":"","astra-migrate-meta-layouts":"set","ast-page-background-enabled":"default","ast-page-background-meta":{"desktop":{"background-color":"var(--ast-global-color-4)","background-image":"","background-repeat":"repeat","background-position":"center center","background-size":"auto","background-attachment":"scroll","background-type":"","background-media":"","overlay-type":"","overlay-color":"","overlay-opacity":"","overlay-gradient":""},"tablet":{"background-color":"","background-image":"","background-repeat":"repeat","background-position":"center center","background-size":"auto","background-attachment":"scroll","background-type":"","background-media":"","overlay-type":"","overlay-color":"","overlay-opacity":"","overlay-gradient":""},"mobile":{"background-color":"","background-image":"","background-repeat":"repeat","background-position":"center center","background-size":"auto","background-attachment":"scroll","background-type":"","background-media":"","overlay-type":"","overlay-color":"","overlay-opacity":"","overlay-gradient":""}},"ast-content-background-meta":{"desktop":{"background-color":"var(--ast-global-color-5)","background-image":"","background-repeat":"repeat","background-position":"center center","background-size":"auto","background-attachment":"scroll","background-type":"","background-media":"","overlay-type":"","overlay-color":"","overlay-opacity":"","overlay-gradient":""},"tablet":{"background-color":"var(--ast-global-color-5)","background-image":"","background-repeat":"repeat","background-position":"center center","background-size":"auto","background-attachment":"scroll","background-type":"","background-media":"","overlay-type":"","overlay-color":"","overlay-opacity":"","overlay-gradient":""},"mobile":{"background-color":"var(--ast-global-color-5)","background-image":"","background-repeat":"repeat","background-position":"center center","background-size":"auto","background-attachment":"scroll","background-type":"","background-media":"","overlay-type":"","overlay-color":"","overlay-opacity":"","overlay-gradient":""}}},"product_brand":[],"product_cat":[32],"product_tag":[],"class_list":{"0":"post-369","1":"product","2":"type-product","3":"status-publish","4":"has-post-thumbnail","6":"product_cat-residence-permit","7":"desktop-align-left","8":"tablet-align-left","9":"mobile-align-left","11":"first","12":"instock","13":"shipping-taxable","14":"purchasable","15":"product-type-simple"},"yoast_head":"<!-- This site is optimized with the Yoast SEO Premium plugin v24.7 (Yoast SEO v27.1.1) - https:\/\/yoast.com\/product\/yoast-seo-premium-wordpress\/ -->\n<title>Buy Real Switzerland Drivers License<\/title>\n<meta name=\"description\" content=\"How to Buy a Real Swiss Driver&#039;s License - Registered Swiss Driver&#039;s License Have you failed the Drivers License Test in Switzerland on multiple occasions due to stress, lack of concentration, or simply because the system is too demanding? We are here for you. Simply use this form to reach us.\" \/>\n<meta name=\"robots\" content=\"index, follow, max-snippet:-1, max-image-preview:large, max-video-preview:-1\" \/>\n<link rel=\"canonical\" href=\"https:\/\/permessodiguida.com\/nb\/produkt\/kjop-ekte-sveits-forerkort\/\" \/>\n<meta property=\"og:locale\" content=\"nb_NO\" \/>\n<meta property=\"og:type\" content=\"article\" \/>\n<meta property=\"og:title\" content=\"Buy Real Switzerland Drivers License\" \/>\n<meta property=\"og:description\" content=\"How to Buy a Real Swiss Driver&#039;s License - Registered Swiss Driver&#039;s License Have you failed the Drivers License Test in Switzerland on multiple occasions due to stress, lack of concentration, or simply because the system is too demanding? We are here for you. Simply use this form to reach us.\" \/>\n<meta property=\"og:url\" content=\"https:\/\/permessodiguida.com\/nb\/produkt\/kjop-ekte-sveits-forerkort\/\" \/>\n<meta property=\"og:site_name\" content=\"Original Documents Provider\" \/>\n<meta property=\"article:modified_time\" content=\"2025-03-19T21:01:03+00:00\" \/>\n<meta property=\"og:image\" content=\"https:\/\/permessodiguida.com\/wp-content\/uploads\/2024\/12\/image_2024-12-26_094343574.png\" \/>\n\t<meta property=\"og:image:width\" content=\"1200\" \/>\n\t<meta property=\"og:image:height\" content=\"630\" \/>\n\t<meta property=\"og:image:type\" content=\"image\/png\" \/>\n<meta name=\"twitter:card\" content=\"summary_large_image\" \/>\n<meta name=\"twitter:label1\" content=\"Ansl. lesetid\" \/>\n\t<meta name=\"twitter:data1\" content=\"4 minutter\" \/>\n<script type=\"application\/ld+json\" class=\"yoast-schema-graph\">{\"@context\":\"https:\/\/schema.org\",\"@graph\":[{\"@type\":\"WebPage\",\"@id\":\"https:\/\/permessodiguida.com\/product\/buy-real-switzerland-drivers-license\/\",\"url\":\"https:\/\/permessodiguida.com\/product\/buy-real-switzerland-drivers-license\/\",\"name\":\"Buy Real Switzerland Drivers License\",\"isPartOf\":{\"@id\":\"https:\/\/permessodiguida.com\/#website\"},\"primaryImageOfPage\":{\"@id\":\"https:\/\/permessodiguida.com\/product\/buy-real-switzerland-drivers-license\/#primaryimage\"},\"image\":{\"@id\":\"https:\/\/permessodiguida.com\/product\/buy-real-switzerland-drivers-license\/#primaryimage\"},\"thumbnailUrl\":\"https:\/\/permessodiguida.com\/wp-content\/uploads\/2024\/12\/image_2024-12-26_094343574.png\",\"datePublished\":\"2024-12-26T07:58:20+00:00\",\"dateModified\":\"2025-03-19T21:01:03+00:00\",\"description\":\"How to Buy a Real Swiss Driver's License - Registered Swiss Driver's License Have you failed the Drivers License Test in Switzerland on multiple occasions due to stress, lack of concentration, or simply because the system is too demanding? We are here for you. Simply use this form to reach us.\",\"breadcrumb\":{\"@id\":\"https:\/\/permessodiguida.com\/product\/buy-real-switzerland-drivers-license\/#breadcrumb\"},\"inLanguage\":\"nb-NO\",\"potentialAction\":[{\"@type\":\"ReadAction\",\"target\":[\"https:\/\/permessodiguida.com\/product\/buy-real-switzerland-drivers-license\/\"]}]},{\"@type\":\"ImageObject\",\"inLanguage\":\"nb-NO\",\"@id\":\"https:\/\/permessodiguida.com\/product\/buy-real-switzerland-drivers-license\/#primaryimage\",\"url\":\"https:\/\/permessodiguida.com\/wp-content\/uploads\/2024\/12\/image_2024-12-26_094343574.png\",\"contentUrl\":\"https:\/\/permessodiguida.com\/wp-content\/uploads\/2024\/12\/image_2024-12-26_094343574.png\",\"width\":1200,\"height\":630,\"caption\":\"Fake Driver License, driving license, Swiss drivers license, real drivers license, Switzerland Drivers License, Original Drivers permit,\"},{\"@type\":\"BreadcrumbList\",\"@id\":\"https:\/\/permessodiguida.com\/product\/buy-real-switzerland-drivers-license\/#breadcrumb\",\"itemListElement\":[{\"@type\":\"ListItem\",\"position\":1,\"name\":\"Home\",\"item\":\"https:\/\/permessodiguida.com\/\"},{\"@type\":\"ListItem\",\"position\":2,\"name\":\"All Services\",\"item\":\"https:\/\/permessodiguida.com\/shop\/\"},{\"@type\":\"ListItem\",\"position\":3,\"name\":\"Buy Real Switzerland Drivers License\"}]},{\"@type\":\"WebSite\",\"@id\":\"https:\/\/permessodiguida.com\/#website\",\"url\":\"https:\/\/permessodiguida.com\/\",\"name\":\"Permessodiguida\",\"description\":\"Get Original Driving License And Passport\",\"publisher\":{\"@id\":\"https:\/\/permessodiguida.com\/#organization\"},\"alternateName\":\"Original Documents Provider\",\"potentialAction\":[{\"@type\":\"SearchAction\",\"target\":{\"@type\":\"EntryPoint\",\"urlTemplate\":\"https:\/\/permessodiguida.com\/?s={search_term_string}\"},\"query-input\":{\"@type\":\"PropertyValueSpecification\",\"valueRequired\":true,\"valueName\":\"search_term_string\"}}],\"inLanguage\":\"nb-NO\"},{\"@type\":\"Organization\",\"@id\":\"https:\/\/permessodiguida.com\/#organization\",\"name\":\"Permesso Di Guida\",\"alternateName\":\"Original Driving License And Passport\",\"url\":\"https:\/\/permessodiguida.com\/\",\"logo\":{\"@type\":\"ImageObject\",\"inLanguage\":\"nb-NO\",\"@id\":\"https:\/\/permessodiguida.com\/#\/schema\/logo\/image\/\",\"url\":\"https:\/\/permessodiguida.com\/wp-content\/uploads\/2024\/08\/image_2024-08-09_144906822.png\",\"contentUrl\":\"https:\/\/permessodiguida.com\/wp-content\/uploads\/2024\/08\/image_2024-08-09_144906822.png\",\"width\":687,\"height\":549,\"caption\":\"Permesso Di Guida\"},\"image\":{\"@id\":\"https:\/\/permessodiguida.com\/#\/schema\/logo\/image\/\"}}]}<\/script>\n<!-- \/ Yoast SEO Premium plugin. -->","yoast_head_json":{"title":"Kj\u00f8p ekte Sveits f\u00f8rerkort","description":"Hvordan kj\u00f8pe et ekte sveitsisk f\u00f8rerkort - Registrert sveitsisk f\u00f8rerkort Har du mislyktes i f\u00f8rerkortpr\u00f8ven i Sveits ved flere anledninger p\u00e5 grunn av stress, mangel p\u00e5 konsentrasjon eller rett og slett fordi systemet er for krevende? Vi er her for deg. Bare bruk dette skjemaet for \u00e5 n\u00e5 oss.","robots":{"index":"index","follow":"follow","max-snippet":"max-snippet:-1","max-image-preview":"max-image-preview:large","max-video-preview":"max-video-preview:-1"},"canonical":"https:\/\/permessodiguida.com\/nb\/produkt\/kjop-ekte-sveits-forerkort\/","og_locale":"nb_NO","og_type":"article","og_title":"Buy Real Switzerland Drivers License","og_description":"How to Buy a Real Swiss Driver's License - Registered Swiss Driver's License Have you failed the Drivers License Test in Switzerland on multiple occasions due to stress, lack of concentration, or simply because the system is too demanding? We are here for you. Simply use this form to reach us.","og_url":"https:\/\/permessodiguida.com\/nb\/produkt\/kjop-ekte-sveits-forerkort\/","og_site_name":"Original Documents Provider","article_modified_time":"2025-03-19T21:01:03+00:00","og_image":[{"width":1200,"height":630,"url":"https:\/\/permessodiguida.com\/wp-content\/uploads\/2024\/12\/image_2024-12-26_094343574.png","type":"image\/png"}],"twitter_card":"summary_large_image","twitter_misc":{"Ansl. lesetid":"4 minutter"},"schema":{"@context":"https:\/\/schema.org","@graph":[{"@type":"WebPage","@id":"https:\/\/permessodiguida.com\/product\/buy-real-switzerland-drivers-license\/","url":"https:\/\/permessodiguida.com\/product\/buy-real-switzerland-drivers-license\/","name":"Kj\u00f8p ekte Sveits f\u00f8rerkort","isPartOf":{"@id":"https:\/\/permessodiguida.com\/#website"},"primaryImageOfPage":{"@id":"https:\/\/permessodiguida.com\/product\/buy-real-switzerland-drivers-license\/#primaryimage"},"image":{"@id":"https:\/\/permessodiguida.com\/product\/buy-real-switzerland-drivers-license\/#primaryimage"},"thumbnailUrl":"https:\/\/permessodiguida.com\/wp-content\/uploads\/2024\/12\/image_2024-12-26_094343574.png","datePublished":"2024-12-26T07:58:20+00:00","dateModified":"2025-03-19T21:01:03+00:00","description":"Hvordan kj\u00f8pe et ekte sveitsisk f\u00f8rerkort - Registrert sveitsisk f\u00f8rerkort Har du mislyktes i f\u00f8rerkortpr\u00f8ven i Sveits ved flere anledninger p\u00e5 grunn av stress, mangel p\u00e5 konsentrasjon eller rett og slett fordi systemet er for krevende? Vi er her for deg. Bare bruk dette skjemaet for \u00e5 n\u00e5 oss.","breadcrumb":{"@id":"https:\/\/permessodiguida.com\/product\/buy-real-switzerland-drivers-license\/#breadcrumb"},"inLanguage":"nb-NO","potentialAction":[{"@type":"ReadAction","target":["https:\/\/permessodiguida.com\/product\/buy-real-switzerland-drivers-license\/"]}]},{"@type":"ImageObject","inLanguage":"nb-NO","@id":"https:\/\/permessodiguida.com\/product\/buy-real-switzerland-drivers-license\/#primaryimage","url":"https:\/\/permessodiguida.com\/wp-content\/uploads\/2024\/12\/image_2024-12-26_094343574.png","contentUrl":"https:\/\/permessodiguida.com\/wp-content\/uploads\/2024\/12\/image_2024-12-26_094343574.png","width":1200,"height":630,"caption":"Fake Driver License, driving license, Swiss drivers license, real drivers license, Switzerland Drivers License, Original Drivers permit,"},{"@type":"BreadcrumbList","@id":"https:\/\/permessodiguida.com\/product\/buy-real-switzerland-drivers-license\/#breadcrumb","itemListElement":[{"@type":"ListItem","position":1,"name":"Home","item":"https:\/\/permessodiguida.com\/"},{"@type":"ListItem","position":2,"name":"All Services","item":"https:\/\/permessodiguida.com\/shop\/"},{"@type":"ListItem","position":3,"name":"Buy Real Switzerland Drivers License"}]},{"@type":"WebSite","@id":"https:\/\/permessodiguida.com\/#website","url":"https:\/\/permessodiguida.com\/","name":"Permessodiguida","description":"F\u00e5 originalt f\u00f8rerkort og pass","publisher":{"@id":"https:\/\/permessodiguida.com\/#organization"},"alternateName":"Original Documents Provider","potentialAction":[{"@type":"SearchAction","target":{"@type":"EntryPoint","urlTemplate":"https:\/\/permessodiguida.com\/?s={search_term_string}"},"query-input":{"@type":"PropertyValueSpecification","valueRequired":true,"valueName":"search_term_string"}}],"inLanguage":"nb-NO"},{"@type":"Organization","@id":"https:\/\/permessodiguida.com\/#organization","name":"Permesso Di Guida","alternateName":"Original Driving License And Passport","url":"https:\/\/permessodiguida.com\/","logo":{"@type":"ImageObject","inLanguage":"nb-NO","@id":"https:\/\/permessodiguida.com\/#\/schema\/logo\/image\/","url":"https:\/\/permessodiguida.com\/wp-content\/uploads\/2024\/08\/image_2024-08-09_144906822.png","contentUrl":"https:\/\/permessodiguida.com\/wp-content\/uploads\/2024\/08\/image_2024-08-09_144906822.png","width":687,"height":549,"caption":"Permesso Di Guida"},"image":{"@id":"https:\/\/permessodiguida.com\/#\/schema\/logo\/image\/"}}]}},"_links":{"self":[{"href":"https:\/\/permessodiguida.com\/nb\/wp-json\/wp\/v2\/product\/369","targetHints":{"allow":["GET"]}}],"collection":[{"href":"https:\/\/permessodiguida.com\/nb\/wp-json\/wp\/v2\/product"}],"about":[{"href":"https:\/\/permessodiguida.com\/nb\/wp-json\/wp\/v2\/types\/product"}],"replies":[{"embeddable":true,"href":"https:\/\/permessodiguida.com\/nb\/wp-json\/wp\/v2\/comments?post=369"}],"wp:featuredmedia":[{"embeddable":true,"href":"https:\/\/permessodiguida.com\/nb\/wp-json\/wp\/v2\/media\/1956"}],"wp:attachment":[{"href":"https:\/\/permessodiguida.com\/nb\/wp-json\/wp\/v2\/media?parent=369"}],"wp:term":[{"taxonomy":"product_brand","embeddable":true,"href":"https:\/\/permessodiguida.com\/nb\/wp-json\/wp\/v2\/product_brand?post=369"},{"taxonomy":"product_cat","embeddable":true,"href":"https:\/\/permessodiguida.com\/nb\/wp-json\/wp\/v2\/product_cat?post=369"},{"taxonomy":"product_tag","embeddable":true,"href":"https:\/\/permessodiguida.com\/nb\/wp-json\/wp\/v2\/product_tag?post=369"}],"curies":[{"name":"wp","href":"https:\/\/api.w.org\/{rel}","templated":true}]}}