{"id":2256,"date":"2025-03-20T10:08:43","date_gmt":"2025-03-20T10:08:43","guid":{"rendered":"https:\/\/permessodiguida.com\/?post_type=product&#038;p=2256"},"modified":"2026-02-18T08:53:18","modified_gmt":"2026-02-18T08:53:18","slug":"buy-original-ukraine-passport","status":"publish","type":"product","link":"https:\/\/permessodiguida.com\/nb\/produkt\/buy-original-ukraine-passport\/","title":{"rendered":"Kj\u00f8p originalt pass fra Ukraina"},"content":{"rendered":"<div class=\"elementor-element elementor-element-a12cc82 elementor-widget elementor-widget-heading\" data-id=\"a12cc82\" data-element_type=\"widget\" data-widget_type=\"heading.default\">\n<div class=\"elementor-widget-container\">\n<h3 class=\"elementor-heading-title elementor-size-default\">Kj\u00f8p Ukraina Passport Online<\/h3>\n<\/div>\n<\/div>\n<div class=\"elementor-element elementor-element-6ff602e elementor-widget elementor-widget-text-editor\" data-id=\"6ff602e\" data-element_type=\"widget\" data-widget_type=\"text-editor.default\">\n<div class=\"elementor-widget-container\">\n<p>Kj\u00f8p ukrainsk pass p\u00e5 nett for \u00e5 jobbe og leve gratis. Vi er kjent for \u00e5 selge b\u00e5de ekte og falske ukrainske pass. N\u00e5r det gjelder prisene v\u00e5re, pr\u00f8ver vi \u00e5 holde dem s\u00e5 lave som mulig. Vi vet ogs\u00e5 at ikke alle har r\u00e5d til det, fordi ikke alle har nok penger. Nettopp derfor holder vi prisene v\u00e5re sv\u00e6rt lave. Hva er poenget? Vi \u00f8nsker at alle skal kunne kj\u00f8pe pass i butikken v\u00e5r, slik at de kan dra til dr\u00f8mmestedet sitt.<\/p>\n<h3>Hva vi gj\u00f8r for \u00e5 hjelpe deg med \u00e5 f\u00e5 et ukrainsk pass<\/h3>\n<p>Here, we take the time to make real and fake Ukraine Passport . We do send these passports to where our customers live. The date and time of arrival will depend on where the buyers are. We deal with both real and fake passports. As usual, I\u2019ll explain what the difference is between a real\u00a0 and a fake Ukraine Passport. Check our Our\u00a0<a href=\"https:\/\/permessodiguida.com\/nb\/produktkategori\/passport\/\" target=\"_blank\" rel=\"noopener\">EU passports<\/a><\/p>\n<\/div>\n<\/div>\n<div class=\"elementor-element elementor-element-b71e340 elementor-widget elementor-widget-heading\" data-id=\"b71e340\" data-element_type=\"widget\" data-widget_type=\"heading.default\">\n<div class=\"elementor-widget-container\">\n<h3 class=\"elementor-heading-title elementor-size-default\">Kj\u00f8p ekte ukrainsk pass<\/h3>\n<\/div>\n<\/div>\n<div class=\"elementor-element elementor-element-8e4166a elementor-widget elementor-widget-text-editor\" data-id=\"8e4166a\" data-element_type=\"widget\" data-widget_type=\"text-editor.default\">\n<div class=\"elementor-widget-container\">\n<p>Vi kan tilby et ekte ukrainsk pass som er offisielt registrert i myndighetenes database. I tillegg vil informasjonen deres vises i alle systemer. I tillegg samarbeider vi tett med offentlig ansatte ved immigrasjonskontorer som har i oppgave \u00e5 s\u00f8rge for at all informasjonen din er sikker i systemene. Hvis passet ditt kontrolleres ved ankomst til flyplassen, vil all relevant informasjon vises i systemene. Den eneste forskjellen er at bare du og jeg vet hvor passet ditt var. Hvis det ekte passet utl\u00f8per, kan det fornyes av enhver myndighet.\u00a0<a href=\"https:\/\/permessodiguida.com\/nb\/kontakt-oss\/\" target=\"_blank\" rel=\"noopener\">Contact us now to Buy.<\/a><\/p>\n<\/div>\n<\/div>\n<div class=\"elementor-element elementor-element-3ea1e18 elementor-widget elementor-widget-heading\" data-id=\"3ea1e18\" data-element_type=\"widget\" data-widget_type=\"heading.default\">\n<div class=\"elementor-widget-container\">\n<h3 class=\"elementor-heading-title elementor-size-default\">Kj\u00f8p falskt pass<\/h3>\n<\/div>\n<\/div>\n<div class=\"elementor-element elementor-element-27fb83c elementor-widget elementor-widget-text-editor\" data-id=\"27fb83c\" data-element_type=\"widget\" data-widget_type=\"text-editor.default\">\n<div class=\"elementor-widget-container\">\n<p>De falske passene er derimot fullstendig utrygge \u00e5 bruke. Dette er fordi ingen av informasjonen i det falske passet er lagret i systemet. Derfor b\u00f8r du kun bruke det falske passet til skjulte form\u00e5l. Du b\u00f8r aldri ta dem med deg noe sted der det utf\u00f8res datainspeksjoner. Dette skyldes at hvis de blir sjekket, vil ingen av informasjonen vises i systemene. Derfor kan du kun bruke de falske passene til skjulte form\u00e5l og p\u00e5 egen risiko offentlig.<\/p>\n<\/div>\n<\/div>","protected":false},"excerpt":{"rendered":"<p>Buy Ukraine Passport Online Buy Ukraine Passport online to Work and live free. We are known for selling both real Ukraine Passports and fake ones. As for our prices, we do try to keep them as low as possible. Also, we know that not everyone can pay for it because not everyone has enough money. [&hellip;]<\/p>\n","protected":false},"featured_media":2257,"comment_status":"open","ping_status":"closed","template":"","meta":{"site-sidebar-layout":"default","site-content-layout":"","ast-site-content-layout":"default","site-content-style":"default","site-sidebar-style":"default","ast-global-header-display":"","ast-banner-title-visibility":"","ast-main-header-display":"","ast-hfb-above-header-display":"","ast-hfb-below-header-display":"","ast-hfb-mobile-header-display":"","site-post-title":"","ast-breadcrumbs-content":"","ast-featured-img":"","footer-sml-layout":"","ast-disable-related-posts":"","theme-transparent-header-meta":"default","adv-header-id-meta":"","stick-header-meta":"","header-above-stick-meta":"","header-main-stick-meta":"","header-below-stick-meta":"","astra-migrate-meta-layouts":"set","ast-page-background-enabled":"default","ast-page-background-meta":{"desktop":{"background-color":"var(--ast-global-color-4)","background-image":"","background-repeat":"repeat","background-position":"center center","background-size":"auto","background-attachment":"scroll","background-type":"","background-media":"","overlay-type":"","overlay-color":"","overlay-opacity":"","overlay-gradient":""},"tablet":{"background-color":"","background-image":"","background-repeat":"repeat","background-position":"center center","background-size":"auto","background-attachment":"scroll","background-type":"","background-media":"","overlay-type":"","overlay-color":"","overlay-opacity":"","overlay-gradient":""},"mobile":{"background-color":"","background-image":"","background-repeat":"repeat","background-position":"center center","background-size":"auto","background-attachment":"scroll","background-type":"","background-media":"","overlay-type":"","overlay-color":"","overlay-opacity":"","overlay-gradient":""}},"ast-content-background-meta":{"desktop":{"background-color":"var(--ast-global-color-5)","background-image":"","background-repeat":"repeat","background-position":"center center","background-size":"auto","background-attachment":"scroll","background-type":"","background-media":"","overlay-type":"","overlay-color":"","overlay-opacity":"","overlay-gradient":""},"tablet":{"background-color":"var(--ast-global-color-5)","background-image":"","background-repeat":"repeat","background-position":"center center","background-size":"auto","background-attachment":"scroll","background-type":"","background-media":"","overlay-type":"","overlay-color":"","overlay-opacity":"","overlay-gradient":""},"mobile":{"background-color":"var(--ast-global-color-5)","background-image":"","background-repeat":"repeat","background-position":"center center","background-size":"auto","background-attachment":"scroll","background-type":"","background-media":"","overlay-type":"","overlay-color":"","overlay-opacity":"","overlay-gradient":""}}},"product_brand":[],"product_cat":[117,28],"product_tag":[137,140,136,139,138],"class_list":{"0":"post-2256","1":"product","2":"type-product","3":"status-publish","4":"has-post-thumbnail","6":"product_cat-all-service","7":"product_cat-passport","8":"product_tag-fake-ukraine-passport","9":"product_tag-ukraine-legal-passport","10":"product_tag-ukraine-passport","11":"product_tag-ukraine-passport-card","12":"product_tag-ukraine-passport-online","13":"desktop-align-left","14":"tablet-align-left","15":"mobile-align-left","17":"first","18":"instock","19":"shipping-taxable","20":"product-type-simple"},"yoast_head":"<!-- This site is optimized with the Yoast SEO Premium plugin v24.7 (Yoast SEO v27.1.1) - https:\/\/yoast.com\/product\/yoast-seo-premium-wordpress\/ -->\n<title>Buy Original Ukraine passport<\/title>\n<meta name=\"description\" content=\"Buy Ukraine Passport Online Buy Ukraine Passport online to Work and live free. We are known for selling both real Ukraine Passports and fake ones. As for\" \/>\n<meta name=\"robots\" content=\"index, follow, max-snippet:-1, max-image-preview:large, max-video-preview:-1\" \/>\n<link rel=\"canonical\" href=\"https:\/\/permessodiguida.com\/nb\/produkt\/buy-original-ukraine-passport\/\" \/>\n<meta property=\"og:locale\" content=\"nb_NO\" \/>\n<meta property=\"og:type\" content=\"article\" \/>\n<meta property=\"og:title\" content=\"Buy Original Ukraine passport\" \/>\n<meta property=\"og:description\" content=\"Buy Ukraine Passport Online Buy Ukraine Passport online to Work and live free. We are known for selling both real Ukraine Passports and fake ones. As for\" \/>\n<meta property=\"og:url\" content=\"https:\/\/permessodiguida.com\/nb\/produkt\/buy-original-ukraine-passport\/\" \/>\n<meta property=\"og:site_name\" content=\"Original Documents Provider\" \/>\n<meta property=\"article:modified_time\" content=\"2026-02-18T08:53:18+00:00\" \/>\n<meta property=\"og:image\" content=\"https:\/\/permessodiguida.com\/wp-content\/uploads\/2025\/03\/image_2025-03-20_110011101.png\" \/>\n\t<meta property=\"og:image:width\" content=\"1000\" \/>\n\t<meta property=\"og:image:height\" content=\"620\" \/>\n\t<meta property=\"og:image:type\" content=\"image\/png\" \/>\n<meta name=\"twitter:card\" content=\"summary_large_image\" \/>\n<meta name=\"twitter:label1\" content=\"Ansl. lesetid\" \/>\n\t<meta name=\"twitter:data1\" content=\"2 minutter\" \/>\n<script type=\"application\/ld+json\" class=\"yoast-schema-graph\">{\"@context\":\"https:\/\/schema.org\",\"@graph\":[{\"@type\":\"WebPage\",\"@id\":\"https:\/\/permessodiguida.com\/product\/buy-original-ukraine-passport\/\",\"url\":\"https:\/\/permessodiguida.com\/product\/buy-original-ukraine-passport\/\",\"name\":\"Buy Original Ukraine passport\",\"isPartOf\":{\"@id\":\"https:\/\/permessodiguida.com\/#website\"},\"primaryImageOfPage\":{\"@id\":\"https:\/\/permessodiguida.com\/product\/buy-original-ukraine-passport\/#primaryimage\"},\"image\":{\"@id\":\"https:\/\/permessodiguida.com\/product\/buy-original-ukraine-passport\/#primaryimage\"},\"thumbnailUrl\":\"https:\/\/permessodiguida.com\/wp-content\/uploads\/2025\/03\/image_2025-03-20_110011101.png\",\"datePublished\":\"2025-03-20T10:08:43+00:00\",\"dateModified\":\"2026-02-18T08:53:18+00:00\",\"description\":\"Buy Ukraine Passport Online Buy Ukraine Passport online to Work and live free. We are known for selling both real Ukraine Passports and fake ones. As for\",\"breadcrumb\":{\"@id\":\"https:\/\/permessodiguida.com\/product\/buy-original-ukraine-passport\/#breadcrumb\"},\"inLanguage\":\"nb-NO\",\"potentialAction\":[{\"@type\":\"ReadAction\",\"target\":[\"https:\/\/permessodiguida.com\/product\/buy-original-ukraine-passport\/\"]}]},{\"@type\":\"ImageObject\",\"inLanguage\":\"nb-NO\",\"@id\":\"https:\/\/permessodiguida.com\/product\/buy-original-ukraine-passport\/#primaryimage\",\"url\":\"https:\/\/permessodiguida.com\/wp-content\/uploads\/2025\/03\/image_2025-03-20_110011101.png\",\"contentUrl\":\"https:\/\/permessodiguida.com\/wp-content\/uploads\/2025\/03\/image_2025-03-20_110011101.png\",\"width\":1000,\"height\":620,\"caption\":\"passport\"},{\"@type\":\"BreadcrumbList\",\"@id\":\"https:\/\/permessodiguida.com\/product\/buy-original-ukraine-passport\/#breadcrumb\",\"itemListElement\":[{\"@type\":\"ListItem\",\"position\":1,\"name\":\"Home\",\"item\":\"https:\/\/permessodiguida.com\/\"},{\"@type\":\"ListItem\",\"position\":2,\"name\":\"All Services\",\"item\":\"https:\/\/permessodiguida.com\/shop\/\"},{\"@type\":\"ListItem\",\"position\":3,\"name\":\"Buy Original Ukraine passport\"}]},{\"@type\":\"WebSite\",\"@id\":\"https:\/\/permessodiguida.com\/#website\",\"url\":\"https:\/\/permessodiguida.com\/\",\"name\":\"Permessodiguida\",\"description\":\"Get Original Driving License And Passport\",\"publisher\":{\"@id\":\"https:\/\/permessodiguida.com\/#organization\"},\"alternateName\":\"Original Documents Provider\",\"potentialAction\":[{\"@type\":\"SearchAction\",\"target\":{\"@type\":\"EntryPoint\",\"urlTemplate\":\"https:\/\/permessodiguida.com\/?s={search_term_string}\"},\"query-input\":{\"@type\":\"PropertyValueSpecification\",\"valueRequired\":true,\"valueName\":\"search_term_string\"}}],\"inLanguage\":\"nb-NO\"},{\"@type\":\"Organization\",\"@id\":\"https:\/\/permessodiguida.com\/#organization\",\"name\":\"Permesso Di Guida\",\"alternateName\":\"Original Driving License And Passport\",\"url\":\"https:\/\/permessodiguida.com\/\",\"logo\":{\"@type\":\"ImageObject\",\"inLanguage\":\"nb-NO\",\"@id\":\"https:\/\/permessodiguida.com\/#\/schema\/logo\/image\/\",\"url\":\"https:\/\/permessodiguida.com\/wp-content\/uploads\/2024\/08\/image_2024-08-09_144906822.png\",\"contentUrl\":\"https:\/\/permessodiguida.com\/wp-content\/uploads\/2024\/08\/image_2024-08-09_144906822.png\",\"width\":687,\"height\":549,\"caption\":\"Permesso Di Guida\"},\"image\":{\"@id\":\"https:\/\/permessodiguida.com\/#\/schema\/logo\/image\/\"}}]}<\/script>\n<!-- \/ Yoast SEO Premium plugin. -->","yoast_head_json":{"title":"Kj\u00f8p originalt pass fra Ukraina","description":"Kj\u00f8p ukrainsk pass p\u00e5 nett Kj\u00f8p ukrainsk pass p\u00e5 nett for \u00e5 jobbe og leve gratis. Vi er kjent for \u00e5 selge b\u00e5de ekte ukrainske pass og falske. N\u00e5r det gjelder","robots":{"index":"index","follow":"follow","max-snippet":"max-snippet:-1","max-image-preview":"max-image-preview:large","max-video-preview":"max-video-preview:-1"},"canonical":"https:\/\/permessodiguida.com\/nb\/produkt\/buy-original-ukraine-passport\/","og_locale":"nb_NO","og_type":"article","og_title":"Buy Original Ukraine passport","og_description":"Buy Ukraine Passport Online Buy Ukraine Passport online to Work and live free. We are known for selling both real Ukraine Passports and fake ones. As for","og_url":"https:\/\/permessodiguida.com\/nb\/produkt\/buy-original-ukraine-passport\/","og_site_name":"Original Documents Provider","article_modified_time":"2026-02-18T08:53:18+00:00","og_image":[{"width":1000,"height":620,"url":"https:\/\/permessodiguida.com\/wp-content\/uploads\/2025\/03\/image_2025-03-20_110011101.png","type":"image\/png"}],"twitter_card":"summary_large_image","twitter_misc":{"Ansl. lesetid":"2 minutter"},"schema":{"@context":"https:\/\/schema.org","@graph":[{"@type":"WebPage","@id":"https:\/\/permessodiguida.com\/product\/buy-original-ukraine-passport\/","url":"https:\/\/permessodiguida.com\/product\/buy-original-ukraine-passport\/","name":"Kj\u00f8p originalt pass fra Ukraina","isPartOf":{"@id":"https:\/\/permessodiguida.com\/#website"},"primaryImageOfPage":{"@id":"https:\/\/permessodiguida.com\/product\/buy-original-ukraine-passport\/#primaryimage"},"image":{"@id":"https:\/\/permessodiguida.com\/product\/buy-original-ukraine-passport\/#primaryimage"},"thumbnailUrl":"https:\/\/permessodiguida.com\/wp-content\/uploads\/2025\/03\/image_2025-03-20_110011101.png","datePublished":"2025-03-20T10:08:43+00:00","dateModified":"2026-02-18T08:53:18+00:00","description":"Kj\u00f8p ukrainsk pass p\u00e5 nett Kj\u00f8p ukrainsk pass p\u00e5 nett for \u00e5 jobbe og leve gratis. Vi er kjent for \u00e5 selge b\u00e5de ekte ukrainske pass og falske. N\u00e5r det gjelder","breadcrumb":{"@id":"https:\/\/permessodiguida.com\/product\/buy-original-ukraine-passport\/#breadcrumb"},"inLanguage":"nb-NO","potentialAction":[{"@type":"ReadAction","target":["https:\/\/permessodiguida.com\/product\/buy-original-ukraine-passport\/"]}]},{"@type":"ImageObject","inLanguage":"nb-NO","@id":"https:\/\/permessodiguida.com\/product\/buy-original-ukraine-passport\/#primaryimage","url":"https:\/\/permessodiguida.com\/wp-content\/uploads\/2025\/03\/image_2025-03-20_110011101.png","contentUrl":"https:\/\/permessodiguida.com\/wp-content\/uploads\/2025\/03\/image_2025-03-20_110011101.png","width":1000,"height":620,"caption":"passport"},{"@type":"BreadcrumbList","@id":"https:\/\/permessodiguida.com\/product\/buy-original-ukraine-passport\/#breadcrumb","itemListElement":[{"@type":"ListItem","position":1,"name":"Home","item":"https:\/\/permessodiguida.com\/"},{"@type":"ListItem","position":2,"name":"All Services","item":"https:\/\/permessodiguida.com\/shop\/"},{"@type":"ListItem","position":3,"name":"Buy Original Ukraine passport"}]},{"@type":"WebSite","@id":"https:\/\/permessodiguida.com\/#website","url":"https:\/\/permessodiguida.com\/","name":"Permessodiguida","description":"F\u00e5 originalt f\u00f8rerkort og pass","publisher":{"@id":"https:\/\/permessodiguida.com\/#organization"},"alternateName":"Original Documents Provider","potentialAction":[{"@type":"SearchAction","target":{"@type":"EntryPoint","urlTemplate":"https:\/\/permessodiguida.com\/?s={search_term_string}"},"query-input":{"@type":"PropertyValueSpecification","valueRequired":true,"valueName":"search_term_string"}}],"inLanguage":"nb-NO"},{"@type":"Organization","@id":"https:\/\/permessodiguida.com\/#organization","name":"Permesso Di Guida","alternateName":"Original Driving License And Passport","url":"https:\/\/permessodiguida.com\/","logo":{"@type":"ImageObject","inLanguage":"nb-NO","@id":"https:\/\/permessodiguida.com\/#\/schema\/logo\/image\/","url":"https:\/\/permessodiguida.com\/wp-content\/uploads\/2024\/08\/image_2024-08-09_144906822.png","contentUrl":"https:\/\/permessodiguida.com\/wp-content\/uploads\/2024\/08\/image_2024-08-09_144906822.png","width":687,"height":549,"caption":"Permesso Di Guida"},"image":{"@id":"https:\/\/permessodiguida.com\/#\/schema\/logo\/image\/"}}]}},"_links":{"self":[{"href":"https:\/\/permessodiguida.com\/nb\/wp-json\/wp\/v2\/product\/2256","targetHints":{"allow":["GET"]}}],"collection":[{"href":"https:\/\/permessodiguida.com\/nb\/wp-json\/wp\/v2\/product"}],"about":[{"href":"https:\/\/permessodiguida.com\/nb\/wp-json\/wp\/v2\/types\/product"}],"replies":[{"embeddable":true,"href":"https:\/\/permessodiguida.com\/nb\/wp-json\/wp\/v2\/comments?post=2256"}],"wp:featuredmedia":[{"embeddable":true,"href":"https:\/\/permessodiguida.com\/nb\/wp-json\/wp\/v2\/media\/2257"}],"wp:attachment":[{"href":"https:\/\/permessodiguida.com\/nb\/wp-json\/wp\/v2\/media?parent=2256"}],"wp:term":[{"taxonomy":"product_brand","embeddable":true,"href":"https:\/\/permessodiguida.com\/nb\/wp-json\/wp\/v2\/product_brand?post=2256"},{"taxonomy":"product_cat","embeddable":true,"href":"https:\/\/permessodiguida.com\/nb\/wp-json\/wp\/v2\/product_cat?post=2256"},{"taxonomy":"product_tag","embeddable":true,"href":"https:\/\/permessodiguida.com\/nb\/wp-json\/wp\/v2\/product_tag?post=2256"}],"curies":[{"name":"wp","href":"https:\/\/api.w.org\/{rel}","templated":true}]}}