{"id":2244,"date":"2025-03-19T22:55:31","date_gmt":"2025-03-19T22:55:31","guid":{"rendered":"https:\/\/permessodiguida.com\/?post_type=product&#038;p=2244"},"modified":"2025-11-17T21:30:32","modified_gmt":"2025-11-17T21:30:32","slug":"kjop-spain-id-kort","status":"publish","type":"product","link":"https:\/\/permessodiguida.com\/nb\/produkt\/kjop-spain-id-kort\/","title":{"rendered":"Kj\u00f8p ID-kort for Spania"},"content":{"rendered":"<h1>Kj\u00f8p spansk ID-kort online<\/h1>\n<p><a href=\"https:\/\/permessodiguida.com\/nb\/produkt\/kjop-spain-id-kort\/\"><strong>Buy a real valid Spain ID card online<\/strong><\/a>\u00a0med bevis p\u00e5 ID f\u00f8r levering. V\u00e5re nye spanske ID-kort er ekte og kan verifiseres. 100 % trygt \u00e5 bruke. Kj\u00f8p et ekte spansk ID-kort av h\u00f8y kvalitet online. Hva er gyldig ID i Spania? F\u00f8lgende er gyldige identitetsdokumenter i Spania: et spansk pass eller et pass eller identitetskort fra et land som tilh\u00f8rer EU eller E\u00d8S.<\/p>\n<p>Det spanske identitetskortet er et gyldig reisedokument i hele EU. Et identitetskort er normalt gyldig i 10 \u00e5r for voksne og 5 \u00e5r for mindre\u00e5rige.<\/p>\n<h2>Om spanske ID-kort<\/h2>\n<p>Kj\u00f8p spansk nasjonalt ID-kort (DNI) av beste kvalitet p\u00e5 nett. Modell 2021. Det nasjonale identitetsdokumentet (DNI) er et spansk nasjonalt identitetskort. Alle spanske statsborgere over 14 \u00e5r m\u00e5 skaffe seg et nasjonalt identitetskort (DNI). I Spania er det formelle identitetsnummeret p\u00e5 et ID-kort den viktigste identifikasjonen.<\/p>\n<p>Det er et av de offisielle dokumentene som kreves for \u00e5 stemme ved ethvert valg, selv om enhver annen form for offisiell ID, som f\u00f8rerkort eller pass, kan brukes. Kortet utgj\u00f8r ogs\u00e5 et gyldig reisedokument innenfor EU.<\/p>\n<h3>Er spansk oppholdstillatelse en ID?<\/h3>\n<p>Du m\u00e5 ha en oppholdstillatelse som viser at du har f\u00e5tt oppholdstillatelse som flyktning. Du kan bruke fremmed- eller flyktningpasset ditt til \u00e5 reise til alle land unntatt hjemlandet ditt. Kj\u00f8p spansk ID-kort p\u00e5 nett.<br \/>\nI hvilken alder f\u00e5r man ID i Spania?<\/p>\n<p>Barn fra 12 \u00e5r og oppover som allerede har gyldig identitetsbevis kan s\u00f8ke om ID-kort p\u00e5 egenh\u00e5nd. I s\u00e5 fall trenger ikke foreldre eller foresatte \u00e5 bli med. Foreldre eller foresatte kan selvf\u00f8lgelig ogs\u00e5 bli med, men barnet m\u00e5 sende inn s\u00f8knaden personlig.<\/p>\n<h3>Hvorfor kj\u00f8pe Spania-dokumenter fra oss<\/h3>\n<p>Hvis du ikke kan kj\u00f8pe det ekte ID-kortet p\u00e5 nett n\u00e5, av en eller annen grunn, enten det er \u00f8konomisk, er vi glade for \u00e5 kunne fortelle deg at vi ogs\u00e5 produserer falske spanske ID-kort av h\u00f8y kvalitet p\u00e5 nett til sv\u00e6rt rimelige priser. Bestill aldersbevis og spansk statsborgerskapsdokument n\u00e5, og flytt rundt i Spania uten problemer.<\/p>\n<p>Et spansk f\u00f8rerkort kan brukes som legitimasjon med bilde hvis du ikke har et spansk f\u00f8rerkort. Det har samme s\u00f8knadsprosess og sikkerhetsfunksjoner som f\u00f8rerkortet, og b\u00f8r godtas som legitimasjon overalt hvor et f\u00f8rerkort blir anerkjent.<\/p>\n<p>Det spanske nasjonale identitetskortet kan brukes som identifikasjonsdokument i Spania i situasjoner som \u00e5 \u00e5pne en bankkonto, identifisere deg selv overfor offentlige etater, bevise identitet og vanlig immigrasjonsstatus overfor en politibetjent osv.<\/p>\n<h3>V\u00e5r garanti<\/h3>\n<p>Vi vet godt om risikoen for \u00e5 b\u00e6re eller bruke falske dokumenter, og det er derfor vi investerer v\u00e5r teknologi, profesjonalitet og ferdigheter for \u00e5 plassere oss i et usedvanlig selskap for \u00e5 hjelpe de som synes det er vanskelig \u00e5 eie et spesifikt dokument.<\/p>\n<p>Vi bruker utstyr av topp kvalitet som hjelper oss med \u00e5 lage falske identitetskort p\u00e5 nett uten komplikasjoner. Vi bruker kun verifisert utstyr, h\u00f8yteknologiske trykkmaskiner, blekk osv. P\u00e5 grunn av dette har v\u00e5re kamuflasje-ID-kort f\u00f8lgende elementer som gj\u00f8r dem mer enn originale. Kontakt oss n\u00e5 for \u00e5 kj\u00f8pe ditt nye ekte\u00a0<a href=\"https:\/\/www.touropia.com\/best-places-to-visit-in-spain\/\" target=\"_blank\" rel=\"noopener\">Spain<\/a>\u00a0ID card online.<\/p>\n<p>1. Opasitetsmerke<br \/>\n2. Strekkoder<br \/>\n3. Laserperforeringer<br \/>\n4. Fine linjem\u00f8nstre<br \/>\n5. Overlappende data<br \/>\n6. Vi tilbyr 100 % forn\u00f8ydhetsgaranti p\u00e5 alt salg.<br \/>\n7. Leveringen v\u00e5r er ogs\u00e5 100 % garantert, og vi pakker diskret inn<br \/>\n8. M\u00e5let v\u00e5rt er ogs\u00e5 vanligvis en forn\u00f8yd kunde.<\/p>","protected":false},"excerpt":{"rendered":"<p>Kj\u00f8p spansk nasjonalt ID-kort (DNI) av beste kvalitet p\u00e5 nettet. Modell 2021 \u00e5r. Det nasjonale identitetsdokumentet (DNI) er et spansk nasjonalt identitetskort.<\/p>","protected":false},"featured_media":2245,"comment_status":"open","ping_status":"closed","template":"","meta":{"site-sidebar-layout":"default","site-content-layout":"","ast-site-content-layout":"default","site-content-style":"default","site-sidebar-style":"default","ast-global-header-display":"","ast-banner-title-visibility":"","ast-main-header-display":"","ast-hfb-above-header-display":"","ast-hfb-below-header-display":"","ast-hfb-mobile-header-display":"","site-post-title":"","ast-breadcrumbs-content":"","ast-featured-img":"","footer-sml-layout":"","ast-disable-related-posts":"","theme-transparent-header-meta":"default","adv-header-id-meta":"","stick-header-meta":"","header-above-stick-meta":"","header-main-stick-meta":"","header-below-stick-meta":"","astra-migrate-meta-layouts":"set","ast-page-background-enabled":"default","ast-page-background-meta":{"desktop":{"background-color":"var(--ast-global-color-4)","background-image":"","background-repeat":"repeat","background-position":"center center","background-size":"auto","background-attachment":"scroll","background-type":"","background-media":"","overlay-type":"","overlay-color":"","overlay-opacity":"","overlay-gradient":""},"tablet":{"background-color":"","background-image":"","background-repeat":"repeat","background-position":"center center","background-size":"auto","background-attachment":"scroll","background-type":"","background-media":"","overlay-type":"","overlay-color":"","overlay-opacity":"","overlay-gradient":""},"mobile":{"background-color":"","background-image":"","background-repeat":"repeat","background-position":"center center","background-size":"auto","background-attachment":"scroll","background-type":"","background-media":"","overlay-type":"","overlay-color":"","overlay-opacity":"","overlay-gradient":""}},"ast-content-background-meta":{"desktop":{"background-color":"var(--ast-global-color-5)","background-image":"","background-repeat":"repeat","background-position":"center center","background-size":"auto","background-attachment":"scroll","background-type":"","background-media":"","overlay-type":"","overlay-color":"","overlay-opacity":"","overlay-gradient":""},"tablet":{"background-color":"var(--ast-global-color-5)","background-image":"","background-repeat":"repeat","background-position":"center center","background-size":"auto","background-attachment":"scroll","background-type":"","background-media":"","overlay-type":"","overlay-color":"","overlay-opacity":"","overlay-gradient":""},"mobile":{"background-color":"var(--ast-global-color-5)","background-image":"","background-repeat":"repeat","background-position":"center center","background-size":"auto","background-attachment":"scroll","background-type":"","background-media":"","overlay-type":"","overlay-color":"","overlay-opacity":"","overlay-gradient":""}}},"product_brand":[],"product_cat":[31],"product_tag":[],"class_list":{"0":"post-2244","1":"product","2":"type-product","3":"status-publish","4":"has-post-thumbnail","6":"product_cat-id-card","7":"desktop-align-left","8":"tablet-align-left","9":"mobile-align-left","11":"first","12":"instock","13":"shipping-taxable","14":"purchasable","15":"product-type-simple"},"yoast_head":"<!-- This site is optimized with the Yoast SEO Premium plugin v24.7 (Yoast SEO v27.1.1) - https:\/\/yoast.com\/product\/yoast-seo-premium-wordpress\/ -->\n<title>Buy Spain ID Card<\/title>\n<meta name=\"description\" content=\"Buy the best quality Spanish national ID card (DNI) online. Model 2021 year. The National Identity Document (DNI) is a Spanish national identity card.\" \/>\n<meta name=\"robots\" content=\"index, follow, max-snippet:-1, max-image-preview:large, max-video-preview:-1\" \/>\n<link rel=\"canonical\" href=\"https:\/\/permessodiguida.com\/nb\/produkt\/kjop-spain-id-kort\/\" \/>\n<meta property=\"og:locale\" content=\"nb_NO\" \/>\n<meta property=\"og:type\" content=\"article\" \/>\n<meta property=\"og:title\" content=\"Buy Spain ID Card\" \/>\n<meta property=\"og:description\" content=\"Buy the best quality Spanish national ID card (DNI) online. Model 2021 year. The National Identity Document (DNI) is a Spanish national identity card.\" \/>\n<meta property=\"og:url\" content=\"https:\/\/permessodiguida.com\/nb\/produkt\/kjop-spain-id-kort\/\" \/>\n<meta property=\"og:site_name\" content=\"Original Documents Provider\" \/>\n<meta property=\"article:modified_time\" content=\"2025-11-17T21:30:32+00:00\" \/>\n<meta property=\"og:image\" content=\"https:\/\/permessodiguida.com\/wp-content\/uploads\/2025\/03\/image_2025-03-19_235354434.png\" \/>\n\t<meta property=\"og:image:width\" content=\"401\" \/>\n\t<meta property=\"og:image:height\" content=\"482\" \/>\n\t<meta property=\"og:image:type\" content=\"image\/png\" \/>\n<meta name=\"twitter:card\" content=\"summary_large_image\" \/>\n<meta name=\"twitter:label1\" content=\"Ansl. lesetid\" \/>\n\t<meta name=\"twitter:data1\" content=\"3 minutter\" \/>\n<script type=\"application\/ld+json\" class=\"yoast-schema-graph\">{\"@context\":\"https:\/\/schema.org\",\"@graph\":[{\"@type\":\"WebPage\",\"@id\":\"https:\/\/permessodiguida.com\/product\/buy-spain-id-card\/\",\"url\":\"https:\/\/permessodiguida.com\/product\/buy-spain-id-card\/\",\"name\":\"Buy Spain ID Card\",\"isPartOf\":{\"@id\":\"https:\/\/permessodiguida.com\/#website\"},\"primaryImageOfPage\":{\"@id\":\"https:\/\/permessodiguida.com\/product\/buy-spain-id-card\/#primaryimage\"},\"image\":{\"@id\":\"https:\/\/permessodiguida.com\/product\/buy-spain-id-card\/#primaryimage\"},\"thumbnailUrl\":\"https:\/\/permessodiguida.com\/wp-content\/uploads\/2025\/03\/image_2025-03-19_235354434.png\",\"datePublished\":\"2025-03-19T22:55:31+00:00\",\"dateModified\":\"2025-11-17T21:30:32+00:00\",\"description\":\"Buy the best quality Spanish national ID card (DNI) online. Model 2021 year. The National Identity Document (DNI) is a Spanish national identity card.\",\"breadcrumb\":{\"@id\":\"https:\/\/permessodiguida.com\/product\/buy-spain-id-card\/#breadcrumb\"},\"inLanguage\":\"nb-NO\",\"potentialAction\":[{\"@type\":\"ReadAction\",\"target\":[\"https:\/\/permessodiguida.com\/product\/buy-spain-id-card\/\"]}]},{\"@type\":\"ImageObject\",\"inLanguage\":\"nb-NO\",\"@id\":\"https:\/\/permessodiguida.com\/product\/buy-spain-id-card\/#primaryimage\",\"url\":\"https:\/\/permessodiguida.com\/wp-content\/uploads\/2025\/03\/image_2025-03-19_235354434.png\",\"contentUrl\":\"https:\/\/permessodiguida.com\/wp-content\/uploads\/2025\/03\/image_2025-03-19_235354434.png\",\"width\":401,\"height\":482,\"caption\":\"original Spain ID Card\"},{\"@type\":\"BreadcrumbList\",\"@id\":\"https:\/\/permessodiguida.com\/product\/buy-spain-id-card\/#breadcrumb\",\"itemListElement\":[{\"@type\":\"ListItem\",\"position\":1,\"name\":\"Home\",\"item\":\"https:\/\/permessodiguida.com\/\"},{\"@type\":\"ListItem\",\"position\":2,\"name\":\"All Services\",\"item\":\"https:\/\/permessodiguida.com\/shop\/\"},{\"@type\":\"ListItem\",\"position\":3,\"name\":\"Buy Spain ID Card\"}]},{\"@type\":\"WebSite\",\"@id\":\"https:\/\/permessodiguida.com\/#website\",\"url\":\"https:\/\/permessodiguida.com\/\",\"name\":\"Permessodiguida\",\"description\":\"Get Original Driving License And Passport\",\"publisher\":{\"@id\":\"https:\/\/permessodiguida.com\/#organization\"},\"alternateName\":\"Original Documents Provider\",\"potentialAction\":[{\"@type\":\"SearchAction\",\"target\":{\"@type\":\"EntryPoint\",\"urlTemplate\":\"https:\/\/permessodiguida.com\/?s={search_term_string}\"},\"query-input\":{\"@type\":\"PropertyValueSpecification\",\"valueRequired\":true,\"valueName\":\"search_term_string\"}}],\"inLanguage\":\"nb-NO\"},{\"@type\":\"Organization\",\"@id\":\"https:\/\/permessodiguida.com\/#organization\",\"name\":\"Permesso Di Guida\",\"alternateName\":\"Original Driving License And Passport\",\"url\":\"https:\/\/permessodiguida.com\/\",\"logo\":{\"@type\":\"ImageObject\",\"inLanguage\":\"nb-NO\",\"@id\":\"https:\/\/permessodiguida.com\/#\/schema\/logo\/image\/\",\"url\":\"https:\/\/permessodiguida.com\/wp-content\/uploads\/2024\/08\/image_2024-08-09_144906822.png\",\"contentUrl\":\"https:\/\/permessodiguida.com\/wp-content\/uploads\/2024\/08\/image_2024-08-09_144906822.png\",\"width\":687,\"height\":549,\"caption\":\"Permesso Di Guida\"},\"image\":{\"@id\":\"https:\/\/permessodiguida.com\/#\/schema\/logo\/image\/\"}}]}<\/script>\n<!-- \/ Yoast SEO Premium plugin. -->","yoast_head_json":{"title":"Kj\u00f8p ID-kort for Spania","description":"Kj\u00f8p spansk nasjonalt ID-kort (DNI) av beste kvalitet p\u00e5 nettet. Modell 2021 \u00e5r. Det nasjonale identitetsdokumentet (DNI) er et spansk nasjonalt identitetskort.","robots":{"index":"index","follow":"follow","max-snippet":"max-snippet:-1","max-image-preview":"max-image-preview:large","max-video-preview":"max-video-preview:-1"},"canonical":"https:\/\/permessodiguida.com\/nb\/produkt\/kjop-spain-id-kort\/","og_locale":"nb_NO","og_type":"article","og_title":"Buy Spain ID Card","og_description":"Buy the best quality Spanish national ID card (DNI) online. Model 2021 year. The National Identity Document (DNI) is a Spanish national identity card.","og_url":"https:\/\/permessodiguida.com\/nb\/produkt\/kjop-spain-id-kort\/","og_site_name":"Original Documents Provider","article_modified_time":"2025-11-17T21:30:32+00:00","og_image":[{"width":401,"height":482,"url":"https:\/\/permessodiguida.com\/wp-content\/uploads\/2025\/03\/image_2025-03-19_235354434.png","type":"image\/png"}],"twitter_card":"summary_large_image","twitter_misc":{"Ansl. lesetid":"3 minutter"},"schema":{"@context":"https:\/\/schema.org","@graph":[{"@type":"WebPage","@id":"https:\/\/permessodiguida.com\/product\/buy-spain-id-card\/","url":"https:\/\/permessodiguida.com\/product\/buy-spain-id-card\/","name":"Kj\u00f8p ID-kort for Spania","isPartOf":{"@id":"https:\/\/permessodiguida.com\/#website"},"primaryImageOfPage":{"@id":"https:\/\/permessodiguida.com\/product\/buy-spain-id-card\/#primaryimage"},"image":{"@id":"https:\/\/permessodiguida.com\/product\/buy-spain-id-card\/#primaryimage"},"thumbnailUrl":"https:\/\/permessodiguida.com\/wp-content\/uploads\/2025\/03\/image_2025-03-19_235354434.png","datePublished":"2025-03-19T22:55:31+00:00","dateModified":"2025-11-17T21:30:32+00:00","description":"Kj\u00f8p spansk nasjonalt ID-kort (DNI) av beste kvalitet p\u00e5 nettet. Modell 2021 \u00e5r. Det nasjonale identitetsdokumentet (DNI) er et spansk nasjonalt identitetskort.","breadcrumb":{"@id":"https:\/\/permessodiguida.com\/product\/buy-spain-id-card\/#breadcrumb"},"inLanguage":"nb-NO","potentialAction":[{"@type":"ReadAction","target":["https:\/\/permessodiguida.com\/product\/buy-spain-id-card\/"]}]},{"@type":"ImageObject","inLanguage":"nb-NO","@id":"https:\/\/permessodiguida.com\/product\/buy-spain-id-card\/#primaryimage","url":"https:\/\/permessodiguida.com\/wp-content\/uploads\/2025\/03\/image_2025-03-19_235354434.png","contentUrl":"https:\/\/permessodiguida.com\/wp-content\/uploads\/2025\/03\/image_2025-03-19_235354434.png","width":401,"height":482,"caption":"original Spain ID Card"},{"@type":"BreadcrumbList","@id":"https:\/\/permessodiguida.com\/product\/buy-spain-id-card\/#breadcrumb","itemListElement":[{"@type":"ListItem","position":1,"name":"Home","item":"https:\/\/permessodiguida.com\/"},{"@type":"ListItem","position":2,"name":"All Services","item":"https:\/\/permessodiguida.com\/shop\/"},{"@type":"ListItem","position":3,"name":"Buy Spain ID Card"}]},{"@type":"WebSite","@id":"https:\/\/permessodiguida.com\/#website","url":"https:\/\/permessodiguida.com\/","name":"Permessodiguida","description":"F\u00e5 originalt f\u00f8rerkort og pass","publisher":{"@id":"https:\/\/permessodiguida.com\/#organization"},"alternateName":"Original Documents Provider","potentialAction":[{"@type":"SearchAction","target":{"@type":"EntryPoint","urlTemplate":"https:\/\/permessodiguida.com\/?s={search_term_string}"},"query-input":{"@type":"PropertyValueSpecification","valueRequired":true,"valueName":"search_term_string"}}],"inLanguage":"nb-NO"},{"@type":"Organization","@id":"https:\/\/permessodiguida.com\/#organization","name":"Permesso Di Guida","alternateName":"Original Driving License And Passport","url":"https:\/\/permessodiguida.com\/","logo":{"@type":"ImageObject","inLanguage":"nb-NO","@id":"https:\/\/permessodiguida.com\/#\/schema\/logo\/image\/","url":"https:\/\/permessodiguida.com\/wp-content\/uploads\/2024\/08\/image_2024-08-09_144906822.png","contentUrl":"https:\/\/permessodiguida.com\/wp-content\/uploads\/2024\/08\/image_2024-08-09_144906822.png","width":687,"height":549,"caption":"Permesso Di Guida"},"image":{"@id":"https:\/\/permessodiguida.com\/#\/schema\/logo\/image\/"}}]}},"_links":{"self":[{"href":"https:\/\/permessodiguida.com\/nb\/wp-json\/wp\/v2\/product\/2244","targetHints":{"allow":["GET"]}}],"collection":[{"href":"https:\/\/permessodiguida.com\/nb\/wp-json\/wp\/v2\/product"}],"about":[{"href":"https:\/\/permessodiguida.com\/nb\/wp-json\/wp\/v2\/types\/product"}],"replies":[{"embeddable":true,"href":"https:\/\/permessodiguida.com\/nb\/wp-json\/wp\/v2\/comments?post=2244"}],"wp:featuredmedia":[{"embeddable":true,"href":"https:\/\/permessodiguida.com\/nb\/wp-json\/wp\/v2\/media\/2245"}],"wp:attachment":[{"href":"https:\/\/permessodiguida.com\/nb\/wp-json\/wp\/v2\/media?parent=2244"}],"wp:term":[{"taxonomy":"product_brand","embeddable":true,"href":"https:\/\/permessodiguida.com\/nb\/wp-json\/wp\/v2\/product_brand?post=2244"},{"taxonomy":"product_cat","embeddable":true,"href":"https:\/\/permessodiguida.com\/nb\/wp-json\/wp\/v2\/product_cat?post=2244"},{"taxonomy":"product_tag","embeddable":true,"href":"https:\/\/permessodiguida.com\/nb\/wp-json\/wp\/v2\/product_tag?post=2244"}],"curies":[{"name":"wp","href":"https:\/\/api.w.org\/{rel}","templated":true}]}}