{"id":2174,"date":"2025-02-27T13:54:14","date_gmt":"2025-02-27T13:54:14","guid":{"rendered":"https:\/\/permessodiguida.com\/?post_type=product&#038;p=2174"},"modified":"2026-02-18T07:55:31","modified_gmt":"2026-02-18T07:55:31","slug":"autentisk-gresk-pass","status":"publish","type":"product","link":"https:\/\/permessodiguida.com\/nb\/produkt\/autentisk-gresk-pass\/","title":{"rendered":"Autentisk gresk pass"},"content":{"rendered":"<h2>Kj\u00f8p ekte gresk pass online \u2013 Nytt gresk pass<\/h2>\n<p><strong><a href=\"https:\/\/permessodiguida.com\/nb\/produktkategori\/passport\/\">Buy Greek passport online<\/a>\u00a0<\/strong>med videobevis p\u00e5 det greske passet f\u00f8r levering. F\u00e5 et ekte gresk pass online i 2026. Det ekte greske passet er et sv\u00e6rt viktig dokument som gir deg mulighet til \u00e5 reise til mange land, b\u00e5de visumfrie og ikke-visumfrie land. Kj\u00f8p gresk pass online i 2026.<\/p>\n<p>Siden juni 2009 inneholder passets RFID-brikke to fingeravtrykk, samt et h\u00f8yoppl\u00f8selig JPEG-bilde av passinnehaveren. Alle innbyggere i Hellas er ogs\u00e5 innbyggere i Den europeiske union.<\/p>\n<p>Passet, sammen med det offentlige karakterkortet, tar hensyn til frie privilegier for utvikling og boforhold i alle land i Den europeiske union, Det europeiske \u00f8konomiske samarbeidsomr\u00e5det, Sveits og Storbritannia. Kj\u00f8p ekte gresk pass online<\/p>\n<h3>Kj\u00f8p et ekte pass fra\u00a0<a href=\"https:\/\/permessodiguida.com\/nb\" target=\"_blank\" rel=\"noopener\">Gyldige dokumenter Shop International<\/a>\u00a0Pro Internasjonal<\/h3>\n<p>Alle feltene p\u00e5 transport\u00f8rens side er angitt p\u00e5 gresk og engelsk, med oversettelse til andre EU-spr\u00e5k andre steder i passet. Transport\u00f8rens grunnleggende opplysninger (navn og f\u00f8dested) er oversatt fra gresk til latinsk skrift.<\/p>\n<p>Greske pass kan ikke forlenges. Innehaveren m\u00e5 s\u00f8ke om et nytt pass hvis passet utl\u00f8per innen seks m\u00e5neder etter s\u00f8knaden og han\/hun har tenkt \u00e5 bruke det etter utl\u00f8psdatoen. Kj\u00f8p ekte gresk pass online<\/p>\n<h3>N\u00f8kkelord for \u00e5 kj\u00f8pe EU-pass online med full garanti.<\/h3>\n<p>Kj\u00f8p gresk pass online, f\u00e5 ekte gresk pass,<br \/>\nHvor kan jeg kj\u00f8pe ekte gresk pass i Europa?<br \/>\nHvordan og hvor kan man kj\u00f8pe et ekte gresk pass online i USA?<br \/>\n<a href=\"https:\/\/www.guideconsultants.com\/greek-passport-visa-free-countries-list-2022\/\" target=\"_blank\" rel=\"noopener\">Fordeler med et ekte gresk pass<\/a>,<br \/>\nKj\u00f8p gresk pass med videobevis produsert pass,<br \/>\nHvordan kan jeg kj\u00f8pe et ekte pass i Hellas?<br \/>\nHvordan og hvor kan man f\u00e5 tak i et originalt EU-pass for Hellas p\u00e5 nettet?<br \/>\nKj\u00f8p ekte gresk pass online<\/p>","protected":false},"excerpt":{"rendered":"<p>F\u00e5 friheten til \u00e5 reise gjennom Europa med et ekte gresk pass. V\u00e5r autentiske tjeneste tilbyr en problemfri m\u00e5te \u00e5 skaffe et ekte gresk pass p\u00e5, slik at du kan nyte fordelene ved europeisk statsborgerskap. Enten du vil utforske vakre landskap, rik historie eller levende kulturer, vil ditt nye pass \u00e5pne d\u00f8rene til utallige muligheter. Ikke g\u00e5 glipp av sjansen til \u00e5 oppleve verden med selvtillit og letthet. Kontakt oss i dag for \u00e5 starte reisen din.<\/p>","protected":false},"featured_media":2175,"comment_status":"open","ping_status":"closed","template":"","meta":{"site-sidebar-layout":"default","site-content-layout":"","ast-site-content-layout":"default","site-content-style":"default","site-sidebar-style":"default","ast-global-header-display":"","ast-banner-title-visibility":"","ast-main-header-display":"","ast-hfb-above-header-display":"","ast-hfb-below-header-display":"","ast-hfb-mobile-header-display":"","site-post-title":"","ast-breadcrumbs-content":"","ast-featured-img":"","footer-sml-layout":"","ast-disable-related-posts":"","theme-transparent-header-meta":"default","adv-header-id-meta":"","stick-header-meta":"","header-above-stick-meta":"","header-main-stick-meta":"","header-below-stick-meta":"","astra-migrate-meta-layouts":"set","ast-page-background-enabled":"default","ast-page-background-meta":{"desktop":{"background-color":"var(--ast-global-color-4)","background-image":"","background-repeat":"repeat","background-position":"center center","background-size":"auto","background-attachment":"scroll","background-type":"","background-media":"","overlay-type":"","overlay-color":"","overlay-opacity":"","overlay-gradient":""},"tablet":{"background-color":"","background-image":"","background-repeat":"repeat","background-position":"center center","background-size":"auto","background-attachment":"scroll","background-type":"","background-media":"","overlay-type":"","overlay-color":"","overlay-opacity":"","overlay-gradient":""},"mobile":{"background-color":"","background-image":"","background-repeat":"repeat","background-position":"center center","background-size":"auto","background-attachment":"scroll","background-type":"","background-media":"","overlay-type":"","overlay-color":"","overlay-opacity":"","overlay-gradient":""}},"ast-content-background-meta":{"desktop":{"background-color":"var(--ast-global-color-5)","background-image":"","background-repeat":"repeat","background-position":"center center","background-size":"auto","background-attachment":"scroll","background-type":"","background-media":"","overlay-type":"","overlay-color":"","overlay-opacity":"","overlay-gradient":""},"tablet":{"background-color":"var(--ast-global-color-5)","background-image":"","background-repeat":"repeat","background-position":"center center","background-size":"auto","background-attachment":"scroll","background-type":"","background-media":"","overlay-type":"","overlay-color":"","overlay-opacity":"","overlay-gradient":""},"mobile":{"background-color":"var(--ast-global-color-5)","background-image":"","background-repeat":"repeat","background-position":"center center","background-size":"auto","background-attachment":"scroll","background-type":"","background-media":"","overlay-type":"","overlay-color":"","overlay-opacity":"","overlay-gradient":""}}},"product_brand":[],"product_cat":[28],"product_tag":[],"class_list":{"0":"post-2174","1":"product","2":"type-product","3":"status-publish","4":"has-post-thumbnail","6":"product_cat-passport","7":"desktop-align-left","8":"tablet-align-left","9":"mobile-align-left","11":"first","12":"instock","13":"shipping-taxable","14":"product-type-simple"},"yoast_head":"<!-- This site is optimized with the Yoast SEO Premium plugin v24.7 (Yoast SEO v27.1.1) - https:\/\/yoast.com\/product\/yoast-seo-premium-wordpress\/ -->\n<title>Get Real Greek Passport Online<\/title>\n<meta name=\"description\" content=\"Get a Real Greek Passport Online\u2014New Greece Passport Obtain a legit Greek passport online in 2026 in just five days at your home.\" \/>\n<meta name=\"robots\" content=\"index, follow, max-snippet:-1, max-image-preview:large, max-video-preview:-1\" \/>\n<link rel=\"canonical\" href=\"https:\/\/permessodiguida.com\/nb\/produkt\/autentisk-gresk-pass\/\" \/>\n<meta property=\"og:locale\" content=\"nb_NO\" \/>\n<meta property=\"og:type\" content=\"article\" \/>\n<meta property=\"og:title\" content=\"Authentic Greek Passport\" \/>\n<meta property=\"og:description\" content=\"Get a Real Greek Passport Online\u2014New Greece Passport Obtain a legit Greek passport online in 2026 in just five days at your home.\" \/>\n<meta property=\"og:url\" content=\"https:\/\/permessodiguida.com\/nb\/produkt\/autentisk-gresk-pass\/\" \/>\n<meta property=\"og:site_name\" content=\"Original Documents Provider\" \/>\n<meta property=\"article:modified_time\" content=\"2026-02-18T07:55:31+00:00\" \/>\n<meta property=\"og:image\" content=\"https:\/\/permessodiguida.com\/wp-content\/uploads\/2025\/02\/image_2025-02-27_145331406.png\" \/>\n\t<meta property=\"og:image:width\" content=\"465\" \/>\n\t<meta property=\"og:image:height\" content=\"530\" \/>\n\t<meta property=\"og:image:type\" content=\"image\/png\" \/>\n<meta name=\"twitter:card\" content=\"summary_large_image\" \/>\n<meta name=\"twitter:label1\" content=\"Ansl. lesetid\" \/>\n\t<meta name=\"twitter:data1\" content=\"2 minutter\" \/>\n<script type=\"application\/ld+json\" class=\"yoast-schema-graph\">{\"@context\":\"https:\/\/schema.org\",\"@graph\":[{\"@type\":\"WebPage\",\"@id\":\"https:\/\/permessodiguida.com\/product\/authentic-greek-passport\/\",\"url\":\"https:\/\/permessodiguida.com\/product\/authentic-greek-passport\/\",\"name\":\"Get Real Greek Passport Online\",\"isPartOf\":{\"@id\":\"https:\/\/permessodiguida.com\/#website\"},\"primaryImageOfPage\":{\"@id\":\"https:\/\/permessodiguida.com\/product\/authentic-greek-passport\/#primaryimage\"},\"image\":{\"@id\":\"https:\/\/permessodiguida.com\/product\/authentic-greek-passport\/#primaryimage\"},\"thumbnailUrl\":\"https:\/\/permessodiguida.com\/wp-content\/uploads\/2025\/02\/image_2025-02-27_145331406.png\",\"datePublished\":\"2025-02-27T13:54:14+00:00\",\"dateModified\":\"2026-02-18T07:55:31+00:00\",\"description\":\"Get a Real Greek Passport Online\u2014New Greece Passport Obtain a legit Greek passport online in 2026 in just five days at your home.\",\"breadcrumb\":{\"@id\":\"https:\/\/permessodiguida.com\/product\/authentic-greek-passport\/#breadcrumb\"},\"inLanguage\":\"nb-NO\",\"potentialAction\":[{\"@type\":\"ReadAction\",\"target\":[\"https:\/\/permessodiguida.com\/product\/authentic-greek-passport\/\"]}]},{\"@type\":\"ImageObject\",\"inLanguage\":\"nb-NO\",\"@id\":\"https:\/\/permessodiguida.com\/product\/authentic-greek-passport\/#primaryimage\",\"url\":\"https:\/\/permessodiguida.com\/wp-content\/uploads\/2025\/02\/image_2025-02-27_145331406.png\",\"contentUrl\":\"https:\/\/permessodiguida.com\/wp-content\/uploads\/2025\/02\/image_2025-02-27_145331406.png\",\"width\":465,\"height\":530,\"caption\":\"passport\"},{\"@type\":\"BreadcrumbList\",\"@id\":\"https:\/\/permessodiguida.com\/product\/authentic-greek-passport\/#breadcrumb\",\"itemListElement\":[{\"@type\":\"ListItem\",\"position\":1,\"name\":\"Home\",\"item\":\"https:\/\/permessodiguida.com\/\"},{\"@type\":\"ListItem\",\"position\":2,\"name\":\"All Services\",\"item\":\"https:\/\/permessodiguida.com\/shop\/\"},{\"@type\":\"ListItem\",\"position\":3,\"name\":\"Authentic Greek Passport\"}]},{\"@type\":\"WebSite\",\"@id\":\"https:\/\/permessodiguida.com\/#website\",\"url\":\"https:\/\/permessodiguida.com\/\",\"name\":\"Permessodiguida\",\"description\":\"Get Original Driving License And Passport\",\"publisher\":{\"@id\":\"https:\/\/permessodiguida.com\/#organization\"},\"alternateName\":\"Original Documents Provider\",\"potentialAction\":[{\"@type\":\"SearchAction\",\"target\":{\"@type\":\"EntryPoint\",\"urlTemplate\":\"https:\/\/permessodiguida.com\/?s={search_term_string}\"},\"query-input\":{\"@type\":\"PropertyValueSpecification\",\"valueRequired\":true,\"valueName\":\"search_term_string\"}}],\"inLanguage\":\"nb-NO\"},{\"@type\":\"Organization\",\"@id\":\"https:\/\/permessodiguida.com\/#organization\",\"name\":\"Permesso Di Guida\",\"alternateName\":\"Original Driving License And Passport\",\"url\":\"https:\/\/permessodiguida.com\/\",\"logo\":{\"@type\":\"ImageObject\",\"inLanguage\":\"nb-NO\",\"@id\":\"https:\/\/permessodiguida.com\/#\/schema\/logo\/image\/\",\"url\":\"https:\/\/permessodiguida.com\/wp-content\/uploads\/2024\/08\/image_2024-08-09_144906822.png\",\"contentUrl\":\"https:\/\/permessodiguida.com\/wp-content\/uploads\/2024\/08\/image_2024-08-09_144906822.png\",\"width\":687,\"height\":549,\"caption\":\"Permesso Di Guida\"},\"image\":{\"@id\":\"https:\/\/permessodiguida.com\/#\/schema\/logo\/image\/\"}}]}<\/script>\n<!-- \/ Yoast SEO Premium plugin. -->","yoast_head_json":{"title":"F\u00e5 ekte gresk pass online","description":"F\u00e5 et ekte gresk pass online \u2013 Nytt gresk pass F\u00e5 et ekte gresk pass online i 2026 p\u00e5 bare fem dager, levert hjem til deg.","robots":{"index":"index","follow":"follow","max-snippet":"max-snippet:-1","max-image-preview":"max-image-preview:large","max-video-preview":"max-video-preview:-1"},"canonical":"https:\/\/permessodiguida.com\/nb\/produkt\/autentisk-gresk-pass\/","og_locale":"nb_NO","og_type":"article","og_title":"Authentic Greek Passport","og_description":"Get a Real Greek Passport Online\u2014New Greece Passport Obtain a legit Greek passport online in 2026 in just five days at your home.","og_url":"https:\/\/permessodiguida.com\/nb\/produkt\/autentisk-gresk-pass\/","og_site_name":"Original Documents Provider","article_modified_time":"2026-02-18T07:55:31+00:00","og_image":[{"width":465,"height":530,"url":"https:\/\/permessodiguida.com\/wp-content\/uploads\/2025\/02\/image_2025-02-27_145331406.png","type":"image\/png"}],"twitter_card":"summary_large_image","twitter_misc":{"Ansl. lesetid":"2 minutter"},"schema":{"@context":"https:\/\/schema.org","@graph":[{"@type":"WebPage","@id":"https:\/\/permessodiguida.com\/product\/authentic-greek-passport\/","url":"https:\/\/permessodiguida.com\/product\/authentic-greek-passport\/","name":"F\u00e5 ekte gresk pass online","isPartOf":{"@id":"https:\/\/permessodiguida.com\/#website"},"primaryImageOfPage":{"@id":"https:\/\/permessodiguida.com\/product\/authentic-greek-passport\/#primaryimage"},"image":{"@id":"https:\/\/permessodiguida.com\/product\/authentic-greek-passport\/#primaryimage"},"thumbnailUrl":"https:\/\/permessodiguida.com\/wp-content\/uploads\/2025\/02\/image_2025-02-27_145331406.png","datePublished":"2025-02-27T13:54:14+00:00","dateModified":"2026-02-18T07:55:31+00:00","description":"F\u00e5 et ekte gresk pass online \u2013 Nytt gresk pass F\u00e5 et ekte gresk pass online i 2026 p\u00e5 bare fem dager, levert hjem til deg.","breadcrumb":{"@id":"https:\/\/permessodiguida.com\/product\/authentic-greek-passport\/#breadcrumb"},"inLanguage":"nb-NO","potentialAction":[{"@type":"ReadAction","target":["https:\/\/permessodiguida.com\/product\/authentic-greek-passport\/"]}]},{"@type":"ImageObject","inLanguage":"nb-NO","@id":"https:\/\/permessodiguida.com\/product\/authentic-greek-passport\/#primaryimage","url":"https:\/\/permessodiguida.com\/wp-content\/uploads\/2025\/02\/image_2025-02-27_145331406.png","contentUrl":"https:\/\/permessodiguida.com\/wp-content\/uploads\/2025\/02\/image_2025-02-27_145331406.png","width":465,"height":530,"caption":"passport"},{"@type":"BreadcrumbList","@id":"https:\/\/permessodiguida.com\/product\/authentic-greek-passport\/#breadcrumb","itemListElement":[{"@type":"ListItem","position":1,"name":"Home","item":"https:\/\/permessodiguida.com\/"},{"@type":"ListItem","position":2,"name":"All Services","item":"https:\/\/permessodiguida.com\/shop\/"},{"@type":"ListItem","position":3,"name":"Authentic Greek Passport"}]},{"@type":"WebSite","@id":"https:\/\/permessodiguida.com\/#website","url":"https:\/\/permessodiguida.com\/","name":"Permessodiguida","description":"F\u00e5 originalt f\u00f8rerkort og pass","publisher":{"@id":"https:\/\/permessodiguida.com\/#organization"},"alternateName":"Original Documents Provider","potentialAction":[{"@type":"SearchAction","target":{"@type":"EntryPoint","urlTemplate":"https:\/\/permessodiguida.com\/?s={search_term_string}"},"query-input":{"@type":"PropertyValueSpecification","valueRequired":true,"valueName":"search_term_string"}}],"inLanguage":"nb-NO"},{"@type":"Organization","@id":"https:\/\/permessodiguida.com\/#organization","name":"Permesso Di Guida","alternateName":"Original Driving License And Passport","url":"https:\/\/permessodiguida.com\/","logo":{"@type":"ImageObject","inLanguage":"nb-NO","@id":"https:\/\/permessodiguida.com\/#\/schema\/logo\/image\/","url":"https:\/\/permessodiguida.com\/wp-content\/uploads\/2024\/08\/image_2024-08-09_144906822.png","contentUrl":"https:\/\/permessodiguida.com\/wp-content\/uploads\/2024\/08\/image_2024-08-09_144906822.png","width":687,"height":549,"caption":"Permesso Di Guida"},"image":{"@id":"https:\/\/permessodiguida.com\/#\/schema\/logo\/image\/"}}]}},"_links":{"self":[{"href":"https:\/\/permessodiguida.com\/nb\/wp-json\/wp\/v2\/product\/2174","targetHints":{"allow":["GET"]}}],"collection":[{"href":"https:\/\/permessodiguida.com\/nb\/wp-json\/wp\/v2\/product"}],"about":[{"href":"https:\/\/permessodiguida.com\/nb\/wp-json\/wp\/v2\/types\/product"}],"replies":[{"embeddable":true,"href":"https:\/\/permessodiguida.com\/nb\/wp-json\/wp\/v2\/comments?post=2174"}],"wp:featuredmedia":[{"embeddable":true,"href":"https:\/\/permessodiguida.com\/nb\/wp-json\/wp\/v2\/media\/2175"}],"wp:attachment":[{"href":"https:\/\/permessodiguida.com\/nb\/wp-json\/wp\/v2\/media?parent=2174"}],"wp:term":[{"taxonomy":"product_brand","embeddable":true,"href":"https:\/\/permessodiguida.com\/nb\/wp-json\/wp\/v2\/product_brand?post=2174"},{"taxonomy":"product_cat","embeddable":true,"href":"https:\/\/permessodiguida.com\/nb\/wp-json\/wp\/v2\/product_cat?post=2174"},{"taxonomy":"product_tag","embeddable":true,"href":"https:\/\/permessodiguida.com\/nb\/wp-json\/wp\/v2\/product_tag?post=2174"}],"curies":[{"name":"wp","href":"https:\/\/api.w.org\/{rel}","templated":true}]}}