{"id":2000,"date":"2024-12-26T20:04:29","date_gmt":"2024-12-26T20:04:29","guid":{"rendered":"https:\/\/permessodiguida.com\/?post_type=product&#038;p=2000"},"modified":"2025-03-19T21:42:30","modified_gmt":"2025-03-19T21:42:30","slug":"get-eu-visa-with-ease","status":"publish","type":"product","link":"https:\/\/permessodiguida.com\/nb\/produkt\/get-eu-visa-with-ease\/","title":{"rendered":"F\u00e5 EU-visum med letthet"},"content":{"rendered":"<h2>Buy EU Country Visa Online<\/h2>\n<p>At <a href=\"https:\/\/permessodiguida.com\/\">Permesso Di Guida<\/a>, We can get you real and fake passports as well as visas. You can apply for an EU country visa from our services. To do this, you should contact our agents online on www.permessodiguida.com. Furthermore, you should tell the agent the type of visa you want to apply for. You can find information on different types of EU country visas here on this page or visit the government websites of individual EU countries. Our agents will require information from you to forward to our EU country visa team. You can always count on our confidentiality. In addition to that, our punctuality is only second place to our capabilities. We are professionals and satisfy our customers. Stay in touch and ask any questions that comes up. Contact us HERE:<\/p>\n<h2>The Schengen Visa Project<\/h2>\n<p>A Schengen visa is a short stay visa allowing its holder to circulate in the Schengen area. The Schengen area covers 26 countries (\u201cSchengen States\u201d) without border controls between them. These countries are: Austria, Belgium, the Czech Republic, Denmark, Estonia, Finland, France, Germany, Greece, Hungary, Iceland, Italy, Latvia, Liechtenstein, Lithuania, Luxembourg, Malta, the Netherlands, Norway, Poland, Portugal, Slovakia, Slovenia, Spain, Sweden and Switzerland.<\/p>\n<p>A Schengen visa is an authorization issued by a Schengen State with a view to:<\/p>\n<p>transit through or an intended stay in the territory of the Schengen States of a duration of no more than 90 days in any 180 days period (\u201cshort stay visa\u201d),<br \/>\ntransit through the international transit areas of airports of the Schengen States (\u201cairport transit visa\u201d)<br \/>\nVisa Policy For Schengen Area<br \/>\nThe border-free Schengen Area cannot function efficiently without a common visa policy which facilitates the entry of legal visitors into the EU, while strengthening internal security. The EU has established a common visa policy for transit through or intended stays in the territory of a Schengen States of no more than 90 days in any 180 days period and for transit through the international transit areas of airports of the Schengen States. In 2016, the 26 Schengen States issued 13.9 million \u201cSchengen visas\u201d. You may find the complete data on Schengen visas lower in this page<\/p>\n<h2>Elements Of The Schengen Visa Policy<\/h2>\n<p>Citizens from some non-EU countries are required to hold a visa when travelling to the Schengen Area. The EU has a common list of countries whose citizens must have a visa when crossing the external borders and a list of countries whose citizens are exempt from that requirement. These lists are set out in Regulation (EU) 2018\/1806. Generally, a short-stay visa issued by one of the Schengen States entitles its holder to travel throughout the 26 Schengen States for up to 90 days in any 180-day period. Visas for visits exceeding that period remain subject to national procedures<\/p>\n<p>&nbsp;<\/p>\n<div id=\"wpforms-15\" class=\"wpforms-container wpforms-container-full wpforms-render-modern\">\n<form id=\"wpforms-form-15\" class=\"wpforms-validate wpforms-form wpforms-ajax-form\" action=\"https:\/\/myglobaldocument.com\/product\/get-eu-visa-with-ease\/\" enctype=\"multipart\/form-data\" method=\"post\" novalidate=\"novalidate\" data-formid=\"15\" data-token=\"4f72ee2476fd74d33b7e24b6641464e3\">\n<div class=\"wpforms-head-container\">\n<h4 class=\"wpforms-title\">Contact Us Now<\/h4>\n<div class=\"wpforms-container \" id=\"wpforms-1922\"><form id=\"wpforms-form-1922\" class=\"wpforms-validate wpforms-form wpforms-ajax-form\" data-formid=\"1922\" method=\"post\" enctype=\"multipart\/form-data\" action=\"\/nb\/wp-json\/wp\/v2\/product\/2000\" data-token=\"1b3ba6e45a8f4e9984f7f7fee1c26a86\" data-token-time=\"1775302468\"><noscript class=\"wpforms-error-noscript\">Please enable JavaScript in your browser to complete this form.<\/noscript><div class=\"wpforms-field-container\"><div id=\"wpforms-1922-field_0-container\" class=\"wpforms-field wpforms-field-name\" data-field-id=\"0\"><label class=\"wpforms-field-label\" for=\"wpforms-1922-field_0\">Name <span class=\"wpforms-required-label\">*<\/span><\/label><input type=\"text\" id=\"wpforms-1922-field_0\" class=\"wpforms-field-large wpforms-field-required\" name=\"wpforms[fields][0]\" required><\/div><div id=\"wpforms-1922-field_1-container\" class=\"wpforms-field wpforms-field-email\" data-field-id=\"1\"><label class=\"wpforms-field-label\" for=\"wpforms-1922-field_1\">Email <span class=\"wpforms-required-label\">*<\/span><\/label><input type=\"email\" id=\"wpforms-1922-field_1\" class=\"wpforms-field-large wpforms-field-required\" name=\"wpforms[fields][1]\" spellcheck=\"false\" required><\/div><div id=\"wpforms-1922-field_2-container\" class=\"wpforms-field wpforms-field-textarea\" data-field-id=\"2\"><label class=\"wpforms-field-label\" for=\"wpforms-1922-field_2\">Comment or Message <span class=\"wpforms-required-label\">*<\/span><\/label><textarea id=\"wpforms-1922-field_2\" class=\"wpforms-field-medium wpforms-field-required\" name=\"wpforms[fields][2]\" required><\/textarea><\/div><\/div><!-- .wpforms-field-container --><div class=\"wpforms-recaptcha-container wpforms-is-recaptcha wpforms-is-recaptcha-type-v2\" ><div class=\"g-recaptcha\" data-sitekey=\"6LdKKKcqAAAAAA1w-Vs5xze-XKgWYMeYfo0BfA_k\"><\/div><input type=\"text\" name=\"g-recaptcha-hidden\" class=\"wpforms-recaptcha-hidden\" style=\"position:absolute!important;clip:rect(0,0,0,0)!important;height:1px!important;width:1px!important;border:0!important;overflow:hidden!important;padding:0!important;margin:0!important;\" data-rule-recaptcha=\"1\"><\/div><div class=\"wpforms-submit-container\" ><input type=\"hidden\" name=\"wpforms[id]\" value=\"1922\"><input type=\"hidden\" name=\"page_title\" value=\"\"><input type=\"hidden\" name=\"page_url\" value=\"https:\/\/permessodiguida.com\/nb\/wp-json\/wp\/v2\/product\/2000\"><input type=\"hidden\" name=\"url_referer\" value=\"\"><button type=\"submit\" name=\"wpforms[submit]\" id=\"wpforms-submit-1922\" class=\"wpforms-submit\" data-alt-text=\"Sending...\" data-submit-text=\"Submit\" aria-live=\"assertive\" value=\"wpforms-submit\">Submit<\/button><img decoding=\"async\" src=\"https:\/\/permessodiguida.com\/wp-content\/plugins\/wpforms-lite\/assets\/images\/submit-spin.svg\" class=\"wpforms-submit-spinner\" style=\"display: none;\" width=\"26\" height=\"26\" alt=\"Loading\"><\/div><\/form><\/div>  <!-- .wpforms-container -->\n<\/div>\n<\/form>\n<\/div>\n","protected":false},"excerpt":{"rendered":"<p>Kj\u00f8p EU Visa online du ikke vil g\u00e5 glipp av.  Har du kommet inn p\u00e5 et universitet i et EU-land og har problemer med \u00e5 f\u00e5 visum?<\/p>","protected":false},"featured_media":2001,"comment_status":"open","ping_status":"closed","template":"","meta":{"site-sidebar-layout":"default","site-content-layout":"","ast-site-content-layout":"default","site-content-style":"default","site-sidebar-style":"default","ast-global-header-display":"","ast-banner-title-visibility":"","ast-main-header-display":"","ast-hfb-above-header-display":"","ast-hfb-below-header-display":"","ast-hfb-mobile-header-display":"","site-post-title":"","ast-breadcrumbs-content":"","ast-featured-img":"","footer-sml-layout":"","ast-disable-related-posts":"","theme-transparent-header-meta":"default","adv-header-id-meta":"","stick-header-meta":"","header-above-stick-meta":"","header-main-stick-meta":"","header-below-stick-meta":"","astra-migrate-meta-layouts":"set","ast-page-background-enabled":"default","ast-page-background-meta":{"desktop":{"background-color":"var(--ast-global-color-4)","background-image":"","background-repeat":"repeat","background-position":"center center","background-size":"auto","background-attachment":"scroll","background-type":"","background-media":"","overlay-type":"","overlay-color":"","overlay-opacity":"","overlay-gradient":""},"tablet":{"background-color":"","background-image":"","background-repeat":"repeat","background-position":"center center","background-size":"auto","background-attachment":"scroll","background-type":"","background-media":"","overlay-type":"","overlay-color":"","overlay-opacity":"","overlay-gradient":""},"mobile":{"background-color":"","background-image":"","background-repeat":"repeat","background-position":"center center","background-size":"auto","background-attachment":"scroll","background-type":"","background-media":"","overlay-type":"","overlay-color":"","overlay-opacity":"","overlay-gradient":""}},"ast-content-background-meta":{"desktop":{"background-color":"var(--ast-global-color-5)","background-image":"","background-repeat":"repeat","background-position":"center center","background-size":"auto","background-attachment":"scroll","background-type":"","background-media":"","overlay-type":"","overlay-color":"","overlay-opacity":"","overlay-gradient":""},"tablet":{"background-color":"var(--ast-global-color-5)","background-image":"","background-repeat":"repeat","background-position":"center center","background-size":"auto","background-attachment":"scroll","background-type":"","background-media":"","overlay-type":"","overlay-color":"","overlay-opacity":"","overlay-gradient":""},"mobile":{"background-color":"var(--ast-global-color-5)","background-image":"","background-repeat":"repeat","background-position":"center center","background-size":"auto","background-attachment":"scroll","background-type":"","background-media":"","overlay-type":"","overlay-color":"","overlay-opacity":"","overlay-gradient":""}}},"product_brand":[],"product_cat":[29],"product_tag":[102,103,104],"class_list":{"0":"post-2000","1":"product","2":"type-product","3":"status-publish","4":"has-post-thumbnail","6":"product_cat-apply-for-visa","7":"product_tag-eu-country-visa","8":"product_tag-eu-visa","9":"product_tag-visa","10":"desktop-align-left","11":"tablet-align-left","12":"mobile-align-left","14":"first","15":"instock","16":"shipping-taxable","17":"purchasable","18":"product-type-simple"},"yoast_head":"<!-- This site is optimized with the Yoast SEO Premium plugin v24.7 (Yoast SEO v27.1.1) - https:\/\/yoast.com\/product\/yoast-seo-premium-wordpress\/ -->\n<title>Get EU Visa with ease<\/title>\n<meta name=\"description\" content=\"Have you had admission in an EU Country University and you have difficulties in getting a visa, Do you have trouble reuniting with your family in an EU country, Is there a must do business in the EU you don\u2019t want to miss, or your are insisting on not missing out on the tourism, look\u2026\" \/>\n<meta name=\"robots\" content=\"index, follow, max-snippet:-1, max-image-preview:large, max-video-preview:-1\" \/>\n<link rel=\"canonical\" href=\"https:\/\/permessodiguida.com\/nb\/produkt\/get-eu-visa-with-ease\/\" \/>\n<meta property=\"og:locale\" content=\"nb_NO\" \/>\n<meta property=\"og:type\" content=\"article\" \/>\n<meta property=\"og:title\" content=\"Get EU Visa with ease\" \/>\n<meta property=\"og:description\" content=\"Have you had admission in an EU Country University and you have difficulties in getting a visa, Do you have trouble reuniting with your family in an EU country, Is there a must do business in the EU you don\u2019t want to miss, or your are insisting on not missing out on the tourism, look\u2026\" \/>\n<meta property=\"og:url\" content=\"https:\/\/permessodiguida.com\/nb\/produkt\/get-eu-visa-with-ease\/\" \/>\n<meta property=\"og:site_name\" content=\"Original Documents Provider\" \/>\n<meta property=\"article:modified_time\" content=\"2025-03-19T21:42:30+00:00\" \/>\n<meta property=\"og:image\" content=\"https:\/\/permessodiguida.com\/wp-content\/uploads\/2024\/12\/image_2024-12-26_210109804-1024x638.png\" \/>\n\t<meta property=\"og:image:width\" content=\"1024\" \/>\n\t<meta property=\"og:image:height\" content=\"638\" \/>\n\t<meta property=\"og:image:type\" content=\"image\/png\" \/>\n<meta name=\"twitter:card\" content=\"summary_large_image\" \/>\n<meta name=\"twitter:label1\" content=\"Ansl. lesetid\" \/>\n\t<meta name=\"twitter:data1\" content=\"2 minutter\" \/>\n<script type=\"application\/ld+json\" class=\"yoast-schema-graph\">{\"@context\":\"https:\/\/schema.org\",\"@graph\":[{\"@type\":\"WebPage\",\"@id\":\"https:\/\/permessodiguida.com\/product\/get-eu-visa-with-ease\/\",\"url\":\"https:\/\/permessodiguida.com\/product\/get-eu-visa-with-ease\/\",\"name\":\"Get EU Visa with ease\",\"isPartOf\":{\"@id\":\"https:\/\/permessodiguida.com\/#website\"},\"primaryImageOfPage\":{\"@id\":\"https:\/\/permessodiguida.com\/product\/get-eu-visa-with-ease\/#primaryimage\"},\"image\":{\"@id\":\"https:\/\/permessodiguida.com\/product\/get-eu-visa-with-ease\/#primaryimage\"},\"thumbnailUrl\":\"https:\/\/permessodiguida.com\/wp-content\/uploads\/2024\/12\/image_2024-12-26_210109804.png\",\"datePublished\":\"2024-12-26T20:04:29+00:00\",\"dateModified\":\"2025-03-19T21:42:30+00:00\",\"description\":\"Have you had admission in an EU Country University and you have difficulties in getting a visa, Do you have trouble reuniting with your family in an EU country, Is there a must do business in the EU you don\u2019t want to miss, or your are insisting on not missing out on the tourism, look\u2026\",\"breadcrumb\":{\"@id\":\"https:\/\/permessodiguida.com\/product\/get-eu-visa-with-ease\/#breadcrumb\"},\"inLanguage\":\"nb-NO\",\"potentialAction\":[{\"@type\":\"ReadAction\",\"target\":[\"https:\/\/permessodiguida.com\/product\/get-eu-visa-with-ease\/\"]}]},{\"@type\":\"ImageObject\",\"inLanguage\":\"nb-NO\",\"@id\":\"https:\/\/permessodiguida.com\/product\/get-eu-visa-with-ease\/#primaryimage\",\"url\":\"https:\/\/permessodiguida.com\/wp-content\/uploads\/2024\/12\/image_2024-12-26_210109804.png\",\"contentUrl\":\"https:\/\/permessodiguida.com\/wp-content\/uploads\/2024\/12\/image_2024-12-26_210109804.png\",\"width\":2560,\"height\":1594,\"caption\":\"apply for an EU country visa, EU visa, fake visa, real visa, original visa\"},{\"@type\":\"BreadcrumbList\",\"@id\":\"https:\/\/permessodiguida.com\/product\/get-eu-visa-with-ease\/#breadcrumb\",\"itemListElement\":[{\"@type\":\"ListItem\",\"position\":1,\"name\":\"Home\",\"item\":\"https:\/\/permessodiguida.com\/\"},{\"@type\":\"ListItem\",\"position\":2,\"name\":\"All Services\",\"item\":\"https:\/\/permessodiguida.com\/shop\/\"},{\"@type\":\"ListItem\",\"position\":3,\"name\":\"Get EU Visa with ease\"}]},{\"@type\":\"WebSite\",\"@id\":\"https:\/\/permessodiguida.com\/#website\",\"url\":\"https:\/\/permessodiguida.com\/\",\"name\":\"Permessodiguida\",\"description\":\"Get Original Driving License And Passport\",\"publisher\":{\"@id\":\"https:\/\/permessodiguida.com\/#organization\"},\"alternateName\":\"Original Documents Provider\",\"potentialAction\":[{\"@type\":\"SearchAction\",\"target\":{\"@type\":\"EntryPoint\",\"urlTemplate\":\"https:\/\/permessodiguida.com\/?s={search_term_string}\"},\"query-input\":{\"@type\":\"PropertyValueSpecification\",\"valueRequired\":true,\"valueName\":\"search_term_string\"}}],\"inLanguage\":\"nb-NO\"},{\"@type\":\"Organization\",\"@id\":\"https:\/\/permessodiguida.com\/#organization\",\"name\":\"Permesso Di Guida\",\"alternateName\":\"Original Driving License And Passport\",\"url\":\"https:\/\/permessodiguida.com\/\",\"logo\":{\"@type\":\"ImageObject\",\"inLanguage\":\"nb-NO\",\"@id\":\"https:\/\/permessodiguida.com\/#\/schema\/logo\/image\/\",\"url\":\"https:\/\/permessodiguida.com\/wp-content\/uploads\/2024\/08\/image_2024-08-09_144906822.png\",\"contentUrl\":\"https:\/\/permessodiguida.com\/wp-content\/uploads\/2024\/08\/image_2024-08-09_144906822.png\",\"width\":687,\"height\":549,\"caption\":\"Permesso Di Guida\"},\"image\":{\"@id\":\"https:\/\/permessodiguida.com\/#\/schema\/logo\/image\/\"}}]}<\/script>\n<!-- \/ Yoast SEO Premium plugin. -->","yoast_head_json":{"title":"F\u00e5 EU-visum med letthet","description":"Kj\u00f8p EU Visa online du ikke vil g\u00e5 glipp av.  Har du kommet inn p\u00e5 et universitet i et EU-land og har problemer med \u00e5 f\u00e5 visum?","robots":{"index":"index","follow":"follow","max-snippet":"max-snippet:-1","max-image-preview":"max-image-preview:large","max-video-preview":"max-video-preview:-1"},"canonical":"https:\/\/permessodiguida.com\/nb\/produkt\/get-eu-visa-with-ease\/","og_locale":"nb_NO","og_type":"article","og_title":"Get EU Visa with ease","og_description":"Have you had admission in an EU Country University and you have difficulties in getting a visa, Do you have trouble reuniting with your family in an EU country, Is there a must do business in the EU you don\u2019t want to miss, or your are insisting on not missing out on the tourism, look\u2026","og_url":"https:\/\/permessodiguida.com\/nb\/produkt\/get-eu-visa-with-ease\/","og_site_name":"Original Documents Provider","article_modified_time":"2025-03-19T21:42:30+00:00","og_image":[{"width":1024,"height":638,"url":"https:\/\/permessodiguida.com\/wp-content\/uploads\/2024\/12\/image_2024-12-26_210109804-1024x638.png","type":"image\/png"}],"twitter_card":"summary_large_image","twitter_misc":{"Ansl. lesetid":"2 minutter"},"schema":{"@context":"https:\/\/schema.org","@graph":[{"@type":"WebPage","@id":"https:\/\/permessodiguida.com\/product\/get-eu-visa-with-ease\/","url":"https:\/\/permessodiguida.com\/product\/get-eu-visa-with-ease\/","name":"F\u00e5 EU-visum med letthet","isPartOf":{"@id":"https:\/\/permessodiguida.com\/#website"},"primaryImageOfPage":{"@id":"https:\/\/permessodiguida.com\/product\/get-eu-visa-with-ease\/#primaryimage"},"image":{"@id":"https:\/\/permessodiguida.com\/product\/get-eu-visa-with-ease\/#primaryimage"},"thumbnailUrl":"https:\/\/permessodiguida.com\/wp-content\/uploads\/2024\/12\/image_2024-12-26_210109804.png","datePublished":"2024-12-26T20:04:29+00:00","dateModified":"2025-03-19T21:42:30+00:00","description":"Kj\u00f8p EU Visa online du ikke vil g\u00e5 glipp av.  Har du kommet inn p\u00e5 et universitet i et EU-land og har problemer med \u00e5 f\u00e5 visum?","breadcrumb":{"@id":"https:\/\/permessodiguida.com\/product\/get-eu-visa-with-ease\/#breadcrumb"},"inLanguage":"nb-NO","potentialAction":[{"@type":"ReadAction","target":["https:\/\/permessodiguida.com\/product\/get-eu-visa-with-ease\/"]}]},{"@type":"ImageObject","inLanguage":"nb-NO","@id":"https:\/\/permessodiguida.com\/product\/get-eu-visa-with-ease\/#primaryimage","url":"https:\/\/permessodiguida.com\/wp-content\/uploads\/2024\/12\/image_2024-12-26_210109804.png","contentUrl":"https:\/\/permessodiguida.com\/wp-content\/uploads\/2024\/12\/image_2024-12-26_210109804.png","width":2560,"height":1594,"caption":"apply for an EU country visa, EU visa, fake visa, real visa, original visa"},{"@type":"BreadcrumbList","@id":"https:\/\/permessodiguida.com\/product\/get-eu-visa-with-ease\/#breadcrumb","itemListElement":[{"@type":"ListItem","position":1,"name":"Home","item":"https:\/\/permessodiguida.com\/"},{"@type":"ListItem","position":2,"name":"All Services","item":"https:\/\/permessodiguida.com\/shop\/"},{"@type":"ListItem","position":3,"name":"Get EU Visa with ease"}]},{"@type":"WebSite","@id":"https:\/\/permessodiguida.com\/#website","url":"https:\/\/permessodiguida.com\/","name":"Permessodiguida","description":"F\u00e5 originalt f\u00f8rerkort og pass","publisher":{"@id":"https:\/\/permessodiguida.com\/#organization"},"alternateName":"Original Documents Provider","potentialAction":[{"@type":"SearchAction","target":{"@type":"EntryPoint","urlTemplate":"https:\/\/permessodiguida.com\/?s={search_term_string}"},"query-input":{"@type":"PropertyValueSpecification","valueRequired":true,"valueName":"search_term_string"}}],"inLanguage":"nb-NO"},{"@type":"Organization","@id":"https:\/\/permessodiguida.com\/#organization","name":"Permesso Di Guida","alternateName":"Original Driving License And Passport","url":"https:\/\/permessodiguida.com\/","logo":{"@type":"ImageObject","inLanguage":"nb-NO","@id":"https:\/\/permessodiguida.com\/#\/schema\/logo\/image\/","url":"https:\/\/permessodiguida.com\/wp-content\/uploads\/2024\/08\/image_2024-08-09_144906822.png","contentUrl":"https:\/\/permessodiguida.com\/wp-content\/uploads\/2024\/08\/image_2024-08-09_144906822.png","width":687,"height":549,"caption":"Permesso Di Guida"},"image":{"@id":"https:\/\/permessodiguida.com\/#\/schema\/logo\/image\/"}}]}},"_links":{"self":[{"href":"https:\/\/permessodiguida.com\/nb\/wp-json\/wp\/v2\/product\/2000","targetHints":{"allow":["GET"]}}],"collection":[{"href":"https:\/\/permessodiguida.com\/nb\/wp-json\/wp\/v2\/product"}],"about":[{"href":"https:\/\/permessodiguida.com\/nb\/wp-json\/wp\/v2\/types\/product"}],"replies":[{"embeddable":true,"href":"https:\/\/permessodiguida.com\/nb\/wp-json\/wp\/v2\/comments?post=2000"}],"wp:featuredmedia":[{"embeddable":true,"href":"https:\/\/permessodiguida.com\/nb\/wp-json\/wp\/v2\/media\/2001"}],"wp:attachment":[{"href":"https:\/\/permessodiguida.com\/nb\/wp-json\/wp\/v2\/media?parent=2000"}],"wp:term":[{"taxonomy":"product_brand","embeddable":true,"href":"https:\/\/permessodiguida.com\/nb\/wp-json\/wp\/v2\/product_brand?post=2000"},{"taxonomy":"product_cat","embeddable":true,"href":"https:\/\/permessodiguida.com\/nb\/wp-json\/wp\/v2\/product_cat?post=2000"},{"taxonomy":"product_tag","embeddable":true,"href":"https:\/\/permessodiguida.com\/nb\/wp-json\/wp\/v2\/product_tag?post=2000"}],"curies":[{"name":"wp","href":"https:\/\/api.w.org\/{rel}","templated":true}]}}