{"id":381,"date":"2024-12-26T07:58:20","date_gmt":"2024-12-26T07:58:20","guid":{"rendered":"https:\/\/permessodiguida.com\/about\/"},"modified":"2024-12-26T22:55:18","modified_gmt":"2024-12-26T22:55:18","slug":"om-oss","status":"publish","type":"page","link":"https:\/\/permessodiguida.com\/nb\/om-oss\/","title":{"rendered":"Om oss"},"content":{"rendered":"<div data-elementor-type=\"wp-page\" data-elementor-id=\"381\" class=\"elementor elementor-381\" data-elementor-post-type=\"page\">\n\t\t\t\t<div class=\"elementor-element elementor-element-0d9dcf9 e-flex e-con-boxed e-con e-parent\" data-id=\"0d9dcf9\" data-element_type=\"container\" data-e-type=\"container\" data-settings=\"{&quot;background_background&quot;:&quot;classic&quot;}\">\n\t\t\t\t\t<div class=\"e-con-inner\">\n\t\t<div class=\"elementor-element elementor-element-e3d0853 e-con-full e-flex e-con e-child\" data-id=\"e3d0853\" data-element_type=\"container\" data-e-type=\"container\">\n\t\t\t\t<div class=\"elementor-element elementor-element-eb6d120 elementor-widget elementor-widget-heading\" data-id=\"eb6d120\" data-element_type=\"widget\" data-e-type=\"widget\" data-widget_type=\"heading.default\">\n\t\t\t\t<div class=\"elementor-widget-container\">\n\t\t\t\t\t<h1 class=\"elementor-heading-title elementor-size-default\">Om oss<\/h1>\t\t\t\t<\/div>\n\t\t\t\t<\/div>\n\t\t\t\t<\/div>\n\t\t\t\t\t<\/div>\n\t\t\t\t<\/div>\n\t\t<div class=\"elementor-element elementor-element-5b363ec e-flex e-con-boxed e-con e-parent\" data-id=\"5b363ec\" data-element_type=\"container\" data-e-type=\"container\">\n\t\t\t\t\t<div class=\"e-con-inner\">\n\t\t\t\t<div class=\"elementor-element elementor-element-eb23c5f elementor-widget elementor-widget-text-editor\" data-id=\"eb23c5f\" data-element_type=\"widget\" data-e-type=\"widget\" data-widget_type=\"text-editor.default\">\n\t\t\t\t<div class=\"elementor-widget-container\">\n\t\t\t\t\t\t\t\t\t<div class=\"elementor-element elementor-element-de802ac e-flex e-con-boxed e-con e-parent e-lazyloaded\" data-id=\"de802ac\" data-element_type=\"container\"><div class=\"e-con-inner\"><div class=\"elementor-element elementor-element-2330bad elementor-widget elementor-widget-heading\" data-id=\"2330bad\" data-element_type=\"widget\" data-widget_type=\"heading.default\"><div class=\"elementor-widget-container\"><h2 class=\"elementor-heading-title elementor-size-default\">Permesso Di Guida<\/h2><\/div><\/div><div class=\"elementor-element elementor-element-58f3aa0 elementor-widget elementor-widget-text-editor\" data-id=\"58f3aa0\" data-element_type=\"widget\" data-widget_type=\"text-editor.default\"><div class=\"elementor-widget-container\"><p>Vi er en sammenslutning av multinasjonale eksperter. vi spesialiserer oss p\u00e5 utskrift, registrering og distribusjon av dokumenter som er vanskelige \u00e5 f\u00e5 tak i. Vi gj\u00f8r anskaffelse av dokumenter som f\u00f8rerkort, pass, ID-kort, oppholdstillatelser, ekteskapsattester, universitetsdiplomer, internasjonale jobbtilbud og visum. Vi leverer til deg i alle land med et velpr\u00f8vd posttjenestesystem. Alt du trenger \u00e5 gj\u00f8re er \u00e5 kontakte oss via dette nettstedet. V\u00e5re agenter skal snakke med deg og veilede deg om hvordan du s\u00f8ker om ditt spesifikke dokument.<\/p><\/div><\/div><div class=\"elementor-element elementor-element-19cfa84 elementor-widget elementor-widget-heading\" data-id=\"19cfa84\" data-element_type=\"widget\" data-widget_type=\"heading.default\"><div class=\"elementor-widget-container\"><h2 class=\"elementor-heading-title elementor-size-default\">Hvem kan bli med i teamet v\u00e5rt?<\/h2><\/div><\/div><div class=\"elementor-element elementor-element-de1cf5b elementor-widget elementor-widget-text-editor\" data-id=\"de1cf5b\" data-element_type=\"widget\" data-widget_type=\"text-editor.default\"><div class=\"elementor-widget-container\"><p>Alle som kan vise til dokumenterte leveranser av tilfredsstillende dokumenter. Og betale medlemsavgiften p\u00e5 5000 USD for det aktuelle \u00e5ret. Medlemskapet varer i ett \u00e5r og kan fornyes. Medlemmer som ikke presterer godt i l\u00f8pet av \u00e5ret, f\u00e5r ikke fornyet medlemskapet. P\u00e5 denne m\u00e5ten opprettholder organisasjonen sitt omd\u00f8mme.<\/p><h2>Fordeler med medlemskap:<\/h2><p>Som medlem kan du dra nytte av v\u00e5r enorme kundeliste, som vi fordeler jevnt mellom medlemmene. I tillegg til v\u00e5r kontinuerlige str\u00f8m av kunder, kan du dra nytte av \u00e5 s\u00f8ke hjelp fra andre registrerte byr\u00e5er n\u00e5r du har problemer p\u00e5 et hvilket som helst stadium i arbeidet ditt. V\u00e5r virksomhet har vist seg \u00e5 v\u00e6re sv\u00e6rt fordelaktig, og medlemstallet v\u00e5rt vokser stadig. Vi kommuniserer med hverandre gjennom v\u00e5rt private medlemsforum og respekterer hverandres personvern. Vi respekterer ogs\u00e5 kundenes konfidensialitet.<\/p><\/div><\/div><\/div><\/div>\t\t\t\t\t\t\t\t<\/div>\n\t\t\t\t<\/div>\n\t\t\t\t\t<\/div>\n\t\t\t\t<\/div>\n\t\t\t\t<\/div>","protected":false},"excerpt":{"rendered":"<p>About Us Permesso Di Guida We are an association of multinational experts. we specialize in the printing, registration and distribution of difficult to get documents. We make the acquisition of documents such as drivers license, passports, ID cards, Residence permits, marriage certificates, University diplomas, International Job offers and visas. We deliver to you in every [&hellip;]<\/p>\n","protected":false},"author":1,"featured_media":0,"parent":0,"menu_order":0,"comment_status":"closed","ping_status":"closed","template":"","meta":{"site-sidebar-layout":"no-sidebar","site-content-layout":"page-builder","ast-site-content-layout":"default","site-content-style":"default","site-sidebar-style":"default","ast-global-header-display":"","ast-banner-title-visibility":"","ast-main-header-display":"","ast-hfb-above-header-display":"","ast-hfb-below-header-display":"","ast-hfb-mobile-header-display":"","site-post-title":"disabled","ast-breadcrumbs-content":"disabled","ast-featured-img":"disabled","footer-sml-layout":"","ast-disable-related-posts":"","theme-transparent-header-meta":"enabled","adv-header-id-meta":"","stick-header-meta":"","header-above-stick-meta":"","header-main-stick-meta":"","header-below-stick-meta":"","astra-migrate-meta-layouts":"default","ast-page-background-enabled":"default","ast-page-background-meta":{"desktop":{"background-color":"var(--ast-global-color-4)","background-image":"","background-repeat":"repeat","background-position":"center center","background-size":"auto","background-attachment":"scroll","background-type":"","background-media":"","overlay-type":"","overlay-color":"","overlay-opacity":"","overlay-gradient":""},"tablet":{"background-color":"","background-image":"","background-repeat":"repeat","background-position":"center center","background-size":"auto","background-attachment":"scroll","background-type":"","background-media":"","overlay-type":"","overlay-color":"","overlay-opacity":"","overlay-gradient":""},"mobile":{"background-color":"","background-image":"","background-repeat":"repeat","background-position":"center center","background-size":"auto","background-attachment":"scroll","background-type":"","background-media":"","overlay-type":"","overlay-color":"","overlay-opacity":"","overlay-gradient":""}},"ast-content-background-meta":{"desktop":{"background-color":"var(--ast-global-color-5)","background-image":"","background-repeat":"repeat","background-position":"center center","background-size":"auto","background-attachment":"scroll","background-type":"","background-media":"","overlay-type":"","overlay-color":"","overlay-opacity":"","overlay-gradient":""},"tablet":{"background-color":"var(--ast-global-color-5)","background-image":"","background-repeat":"repeat","background-position":"center center","background-size":"auto","background-attachment":"scroll","background-type":"","background-media":"","overlay-type":"","overlay-color":"","overlay-opacity":"","overlay-gradient":""},"mobile":{"background-color":"var(--ast-global-color-5)","background-image":"","background-repeat":"repeat","background-position":"center center","background-size":"auto","background-attachment":"scroll","background-type":"","background-media":"","overlay-type":"","overlay-color":"","overlay-opacity":"","overlay-gradient":""}},"footnotes":""},"class_list":["post-381","page","type-page","status-publish","hentry"],"yoast_head":"<!-- This site is optimized with the Yoast SEO Premium plugin v24.7 (Yoast SEO v27.1.1) - https:\/\/yoast.com\/product\/yoast-seo-premium-wordpress\/ -->\n<title>About Us | Original Documents Provider<\/title>\n<meta name=\"description\" content=\"About Us Permesso Di GuidaWe are an association of multinational experts. we specialize in the printing, registration and distribution of difficult to get\" \/>\n<meta name=\"robots\" content=\"index, follow, max-snippet:-1, max-image-preview:large, max-video-preview:-1\" \/>\n<link rel=\"canonical\" href=\"https:\/\/permessodiguida.com\/nb\/om-oss\/\" \/>\n<meta property=\"og:locale\" content=\"nb_NO\" \/>\n<meta property=\"og:type\" content=\"article\" \/>\n<meta property=\"og:title\" content=\"About Us\" \/>\n<meta property=\"og:description\" content=\"About Us Permesso Di GuidaWe are an association of multinational experts. we specialize in the printing, registration and distribution of difficult to get\" \/>\n<meta property=\"og:url\" content=\"https:\/\/permessodiguida.com\/nb\/om-oss\/\" \/>\n<meta property=\"og:site_name\" content=\"Original Documents Provider\" \/>\n<meta property=\"article:modified_time\" content=\"2024-12-26T22:55:18+00:00\" \/>\n<meta property=\"og:image\" content=\"https:\/\/permessodiguida.com\/wp-content\/uploads\/2024\/08\/image_2024-08-09_144906822.png\" \/>\n\t<meta property=\"og:image:width\" content=\"687\" \/>\n\t<meta property=\"og:image:height\" content=\"549\" \/>\n\t<meta property=\"og:image:type\" content=\"image\/png\" \/>\n<meta name=\"twitter:card\" content=\"summary_large_image\" \/>\n<meta name=\"twitter:label1\" content=\"Ansl. lesetid\" \/>\n\t<meta name=\"twitter:data1\" content=\"3 minutter\" \/>\n<script type=\"application\/ld+json\" class=\"yoast-schema-graph\">{\"@context\":\"https:\/\/schema.org\",\"@graph\":[{\"@type\":\"WebPage\",\"@id\":\"https:\/\/permessodiguida.com\/about-us\/\",\"url\":\"https:\/\/permessodiguida.com\/about-us\/\",\"name\":\"About Us | Original Documents Provider\",\"isPartOf\":{\"@id\":\"https:\/\/permessodiguida.com\/#website\"},\"datePublished\":\"2024-12-26T07:58:20+00:00\",\"dateModified\":\"2024-12-26T22:55:18+00:00\",\"description\":\"About Us Permesso Di GuidaWe are an association of multinational experts. we specialize in the printing, registration and distribution of difficult to get\",\"breadcrumb\":{\"@id\":\"https:\/\/permessodiguida.com\/about-us\/#breadcrumb\"},\"inLanguage\":\"nb-NO\",\"potentialAction\":[{\"@type\":\"ReadAction\",\"target\":[\"https:\/\/permessodiguida.com\/about-us\/\"]}]},{\"@type\":\"BreadcrumbList\",\"@id\":\"https:\/\/permessodiguida.com\/about-us\/#breadcrumb\",\"itemListElement\":[{\"@type\":\"ListItem\",\"position\":1,\"name\":\"Home\",\"item\":\"https:\/\/permessodiguida.com\/\"},{\"@type\":\"ListItem\",\"position\":2,\"name\":\"About Us\"}]},{\"@type\":\"WebSite\",\"@id\":\"https:\/\/permessodiguida.com\/#website\",\"url\":\"https:\/\/permessodiguida.com\/\",\"name\":\"Permessodiguida\",\"description\":\"Get Original Driving License And Passport\",\"publisher\":{\"@id\":\"https:\/\/permessodiguida.com\/#organization\"},\"alternateName\":\"Original Documents Provider\",\"potentialAction\":[{\"@type\":\"SearchAction\",\"target\":{\"@type\":\"EntryPoint\",\"urlTemplate\":\"https:\/\/permessodiguida.com\/?s={search_term_string}\"},\"query-input\":{\"@type\":\"PropertyValueSpecification\",\"valueRequired\":true,\"valueName\":\"search_term_string\"}}],\"inLanguage\":\"nb-NO\"},{\"@type\":\"Organization\",\"@id\":\"https:\/\/permessodiguida.com\/#organization\",\"name\":\"Permesso Di Guida\",\"alternateName\":\"Original Driving License And Passport\",\"url\":\"https:\/\/permessodiguida.com\/\",\"logo\":{\"@type\":\"ImageObject\",\"inLanguage\":\"nb-NO\",\"@id\":\"https:\/\/permessodiguida.com\/#\/schema\/logo\/image\/\",\"url\":\"https:\/\/permessodiguida.com\/wp-content\/uploads\/2024\/08\/image_2024-08-09_144906822.png\",\"contentUrl\":\"https:\/\/permessodiguida.com\/wp-content\/uploads\/2024\/08\/image_2024-08-09_144906822.png\",\"width\":687,\"height\":549,\"caption\":\"Permesso Di Guida\"},\"image\":{\"@id\":\"https:\/\/permessodiguida.com\/#\/schema\/logo\/image\/\"}}]}<\/script>\n<!-- \/ Yoast SEO Premium plugin. -->","yoast_head_json":{"title":"About Us | Original Documents Provider","description":"Om oss Permesso Di GuidaVi er en sammenslutning av multinasjonale eksperter. vi spesialiserer oss p\u00e5 trykking, registrering og distribusjon av vanskelig tilgjengelige","robots":{"index":"index","follow":"follow","max-snippet":"max-snippet:-1","max-image-preview":"max-image-preview:large","max-video-preview":"max-video-preview:-1"},"canonical":"https:\/\/permessodiguida.com\/nb\/om-oss\/","og_locale":"nb_NO","og_type":"article","og_title":"About Us","og_description":"About Us Permesso Di GuidaWe are an association of multinational experts. we specialize in the printing, registration and distribution of difficult to get","og_url":"https:\/\/permessodiguida.com\/nb\/om-oss\/","og_site_name":"Original Documents Provider","article_modified_time":"2024-12-26T22:55:18+00:00","og_image":[{"width":687,"height":549,"url":"https:\/\/permessodiguida.com\/wp-content\/uploads\/2024\/08\/image_2024-08-09_144906822.png","type":"image\/png"}],"twitter_card":"summary_large_image","twitter_misc":{"Ansl. lesetid":"3 minutter"},"schema":{"@context":"https:\/\/schema.org","@graph":[{"@type":"WebPage","@id":"https:\/\/permessodiguida.com\/about-us\/","url":"https:\/\/permessodiguida.com\/about-us\/","name":"About Us | Original Documents Provider","isPartOf":{"@id":"https:\/\/permessodiguida.com\/#website"},"datePublished":"2024-12-26T07:58:20+00:00","dateModified":"2024-12-26T22:55:18+00:00","description":"Om oss Permesso Di GuidaVi er en sammenslutning av multinasjonale eksperter. vi spesialiserer oss p\u00e5 trykking, registrering og distribusjon av vanskelig tilgjengelige","breadcrumb":{"@id":"https:\/\/permessodiguida.com\/about-us\/#breadcrumb"},"inLanguage":"nb-NO","potentialAction":[{"@type":"ReadAction","target":["https:\/\/permessodiguida.com\/about-us\/"]}]},{"@type":"BreadcrumbList","@id":"https:\/\/permessodiguida.com\/about-us\/#breadcrumb","itemListElement":[{"@type":"ListItem","position":1,"name":"Home","item":"https:\/\/permessodiguida.com\/"},{"@type":"ListItem","position":2,"name":"About Us"}]},{"@type":"WebSite","@id":"https:\/\/permessodiguida.com\/#website","url":"https:\/\/permessodiguida.com\/","name":"Permessodiguida","description":"F\u00e5 originalt f\u00f8rerkort og pass","publisher":{"@id":"https:\/\/permessodiguida.com\/#organization"},"alternateName":"Original Documents Provider","potentialAction":[{"@type":"SearchAction","target":{"@type":"EntryPoint","urlTemplate":"https:\/\/permessodiguida.com\/?s={search_term_string}"},"query-input":{"@type":"PropertyValueSpecification","valueRequired":true,"valueName":"search_term_string"}}],"inLanguage":"nb-NO"},{"@type":"Organization","@id":"https:\/\/permessodiguida.com\/#organization","name":"Permesso Di Guida","alternateName":"Original Driving License And Passport","url":"https:\/\/permessodiguida.com\/","logo":{"@type":"ImageObject","inLanguage":"nb-NO","@id":"https:\/\/permessodiguida.com\/#\/schema\/logo\/image\/","url":"https:\/\/permessodiguida.com\/wp-content\/uploads\/2024\/08\/image_2024-08-09_144906822.png","contentUrl":"https:\/\/permessodiguida.com\/wp-content\/uploads\/2024\/08\/image_2024-08-09_144906822.png","width":687,"height":549,"caption":"Permesso Di Guida"},"image":{"@id":"https:\/\/permessodiguida.com\/#\/schema\/logo\/image\/"}}]}},"_links":{"self":[{"href":"https:\/\/permessodiguida.com\/nb\/wp-json\/wp\/v2\/pages\/381","targetHints":{"allow":["GET"]}}],"collection":[{"href":"https:\/\/permessodiguida.com\/nb\/wp-json\/wp\/v2\/pages"}],"about":[{"href":"https:\/\/permessodiguida.com\/nb\/wp-json\/wp\/v2\/types\/page"}],"author":[{"embeddable":true,"href":"https:\/\/permessodiguida.com\/nb\/wp-json\/wp\/v2\/users\/1"}],"replies":[{"embeddable":true,"href":"https:\/\/permessodiguida.com\/nb\/wp-json\/wp\/v2\/comments?post=381"}],"version-history":[{"count":4,"href":"https:\/\/permessodiguida.com\/nb\/wp-json\/wp\/v2\/pages\/381\/revisions"}],"predecessor-version":[{"id":2072,"href":"https:\/\/permessodiguida.com\/nb\/wp-json\/wp\/v2\/pages\/381\/revisions\/2072"}],"wp:attachment":[{"href":"https:\/\/permessodiguida.com\/nb\/wp-json\/wp\/v2\/media?parent=381"}],"curies":[{"name":"wp","href":"https:\/\/api.w.org\/{rel}","templated":true}]}}