{"id":339,"date":"2024-12-26T07:58:20","date_gmt":"2024-12-26T07:58:20","guid":{"rendered":"https:\/\/permessodiguida.com\/product\/almond-milk-lotion\/"},"modified":"2025-06-30T07:11:28","modified_gmt":"2025-06-30T07:11:28","slug":"richiedere-la-patente-di-guida-bulgara-registrata","status":"publish","type":"product","link":"https:\/\/permessodiguida.com\/it\/product\/richiedere-la-patente-di-guida-bulgara-registrata\/","title":{"rendered":"Richiesta della patente bulgara registrata"},"content":{"rendered":"<h2>Acquista la patente di guida bulgara online<\/h2>\n<p>Ottieni una patente di guida bulgara. Possiamo fornirti la patente di guida bulgara di categoria B e tutte le altre categorie di patente di cui hai bisogno. Probabilmente stai pensando alla possibilit\u00e0 di registrare la patente di guida nel sistema. Bene, ci sono buone notizie per te. Global Documents \u00e8 un'associazione di ingegneri informatici specializzati composta da hacker esperti che hackerano qualsiasi database governativo in tutto il mondo. Inoltre, abbiamo contatti di back-up con addetti ai lavori dell'ufficio trasporti bulgaro. Questi addetti ci fanno il favore di registrare la tua patente di guida nel sistema per assicurarti di guidare con una patente di guida legale al 100%.<\/p>\n<h3>Come sostituire la patente di guida in Bulgaria.<\/h3>\n<p>La patente di guida pu\u00f2 essere convertita in Bulgaria solo se la persona \u00e8 legalmente residente nel Paese. Ma con Global Documents, collaboriamo con enti governativi e li paghiamo per permettervi di bypassare questo processo. Siamo la porta di servizio per tutte le scuole guida bulgare e... Clicca qui per richiedere la tua patente di guida bulgara.<\/p>\n<p>Le patenti di guida vengono sostituite presso gli uffici locali della Polizia Stradale bulgara. \u00c8 necessario portare con s\u00e9 la patente di guida originale e il permesso di soggiorno. Se questa procedura risulta troppo complessa e dispendiosa in termini di tempo, o se non si possiede la patente di guida, non esitate a contattarci per acquistare la patente di guida bulgara registrata.<\/p>\n<p>Quando una patente di guida straniera viene sostituita con una bulgara, ne viene verificata la validit\u00e0 e la patente straniera viene restituita al paese di origine con una spiegazione del motivo dello scambio.\u00a0<a href=\"https:\/\/permessodiguida.com\/it\/shop\/\">Read more about Drivers license<\/a><\/p>\n<h2>Rinnovare la patente<\/h2>\n<p>Se ti trasferisci in un altro paese dell'UE e la tua patente di guida UE scade, dovrai rinnovarla nel paese in questione contattandoci per una procedura di patente di guida sicura e garantita.<\/p>\n<h2>Sostituisci la patente di guida bulgara smarrita<\/h2>\n<p>Hai perso la patente di guida bulgara? La tua patente \u00e8 stata ritirata dalla polizia per eccesso di velocit\u00e0, guida in stato di ebbrezza, guida sotto l'effetto di droghe o altri motivi? La tua patente \u00e8 stata distrutta o smarrita? Non devi preoccuparti di nulla. Non lasciare che la patente di guida si frapponga tra te e il tuo lavoro. Global Documents \u00e8 in grado di sostituire la tua patente di guida entro 24 ore dal suo smarrimento. Inoltre, ti offrir\u00e0 la possibilit\u00e0 di ottenere la patente di guida bulgara entro 3 giorni se \u00e8 stata ritirata dalla polizia. Se hai un divieto di circolazione nel sistema, tutti i tuoi precedenti penali saranno cancellati e ti verr\u00e0 offerta una nuova patente di guida senza dover sostenere alcun esame. Inoltre, non dovrai recarti presso alcun ufficio governativo per le lunghe procedure.<\/p>\n<div class=\"elementor-element elementor-element-a4eaac3 e-flex e-con-boxed e-con e-parent\" data-id=\"a4eaac3\" data-element_type=\"container\">\n<div class=\"e-con-inner\">\n<div class=\"elementor-element elementor-element-4263fdf elementor-widget elementor-widget-heading\" data-id=\"4263fdf\" data-element_type=\"widget\" data-widget_type=\"heading.default\">\n<div class=\"elementor-widget-container\"><\/div>\n<\/div>\n<\/div>\n<\/div>\n<div class=\"elementor-element elementor-element-d460398 e-flex e-con-boxed e-con e-parent\" data-id=\"d460398\" data-element_type=\"container\">\n<div class=\"e-con-inner\">\n<div class=\"elementor-element elementor-element-a8913e3 elementor-widget elementor-widget-text-editor\" data-id=\"a8913e3\" data-element_type=\"widget\" data-widget_type=\"text-editor.default\">\n<div class=\"elementor-widget-container\">\n<p>&nbsp;<\/p>\n<\/div>\n<\/div>\n<\/div>\n<\/div>\n<div class=\"elementor-element elementor-element-7ce19aa e-flex e-con-boxed e-con e-parent\" data-id=\"7ce19aa\" data-element_type=\"container\">\n<div class=\"e-con-inner\">\n<div class=\"elementor-element elementor-element-31e163e elementor-widget elementor-widget-text-editor\" data-id=\"31e163e\" data-element_type=\"widget\" data-widget_type=\"text-editor.default\">\n<div class=\"elementor-widget-container\">\n<h3>Mettetevi in contatto con noi<\/h3>\n<p>Saremo lieti di sentirvi! Compilate il modulo sottostante per mettervi in contatto con noi. Per una comunicazione pi\u00f9 rapida, vi consigliamo di inserire il vostro numero di WhatsApp o Telegram.<a href=\"http:\/\/originalfuhrerschein.com\/\" target=\"_blank\" rel=\"noopener\">.\u00a0<\/a>Potete anche cliccare sull'icona WhatsApp per chattare direttamente con uno dei nostri consulenti.<\/p>\n<\/div>\n<\/div>\n<\/div>\n<\/div>","protected":false},"excerpt":{"rendered":"<p>Stai cercando di acquistare online una patente bulgara registrata senza sostenere l'esame di guida? Se s\u00ec, allora hai appena risparmiato tempo e denaro trovandoci.<\/p>","protected":false},"featured_media":1951,"comment_status":"open","ping_status":"closed","template":"","meta":{"site-sidebar-layout":"default","site-content-layout":"content-boxed-container","ast-site-content-layout":"normal-width-container","site-content-style":"boxed","site-sidebar-style":"unboxed","ast-global-header-display":"","ast-banner-title-visibility":"","ast-main-header-display":"","ast-hfb-above-header-display":"","ast-hfb-below-header-display":"","ast-hfb-mobile-header-display":"","site-post-title":"","ast-breadcrumbs-content":"","ast-featured-img":"","footer-sml-layout":"","ast-disable-related-posts":"","theme-transparent-header-meta":"default","adv-header-id-meta":"","stick-header-meta":"","header-above-stick-meta":"","header-main-stick-meta":"","header-below-stick-meta":"","astra-migrate-meta-layouts":"set","ast-page-background-enabled":"default","ast-page-background-meta":{"desktop":{"background-color":"var(--ast-global-color-4)","background-image":"","background-repeat":"repeat","background-position":"center center","background-size":"auto","background-attachment":"scroll","background-type":"","background-media":"","overlay-type":"","overlay-color":"","overlay-opacity":"","overlay-gradient":""},"tablet":{"background-color":"","background-image":"","background-repeat":"repeat","background-position":"center center","background-size":"auto","background-attachment":"scroll","background-type":"","background-media":"","overlay-type":"","overlay-color":"","overlay-opacity":"","overlay-gradient":""},"mobile":{"background-color":"","background-image":"","background-repeat":"repeat","background-position":"center center","background-size":"auto","background-attachment":"scroll","background-type":"","background-media":"","overlay-type":"","overlay-color":"","overlay-opacity":"","overlay-gradient":""}},"ast-content-background-meta":{"desktop":{"background-color":"var(--ast-global-color-5)","background-image":"","background-repeat":"repeat","background-position":"center center","background-size":"auto","background-attachment":"scroll","background-type":"","background-media":"","overlay-type":"","overlay-color":"","overlay-opacity":"","overlay-gradient":""},"tablet":{"background-color":"var(--ast-global-color-5)","background-image":"","background-repeat":"repeat","background-position":"center center","background-size":"auto","background-attachment":"scroll","background-type":"","background-media":"","overlay-type":"","overlay-color":"","overlay-opacity":"","overlay-gradient":""},"mobile":{"background-color":"var(--ast-global-color-5)","background-image":"","background-repeat":"repeat","background-position":"center center","background-size":"auto","background-attachment":"scroll","background-type":"","background-media":"","overlay-type":"","overlay-color":"","overlay-opacity":"","overlay-gradient":""}}},"product_brand":[],"product_cat":[30],"product_tag":[73,72,80,75,69,77,76,65,70,74,79,78,71],"class_list":{"0":"post-339","1":"product","2":"type-product","3":"status-publish","4":"has-post-thumbnail","6":"product_cat-buy-drivers-license","7":"product_tag-how-can-i-bulgarian-drivers-license-in-2025","8":"product_tag-advantages-to-bulgarian-drivers-license","9":"product_tag-bulgarian-drivers-license","10":"product_tag-bulgarian-drivers-license-online","11":"product_tag-buy-bulgarian-drivers-license","12":"product_tag-fake-bulgarian-drivers-license","13":"product_tag-fake-bulgarian-drivers-license-in-usa","14":"product_tag-fake-french-drivers-license-online","15":"product_tag-getting-original-bulgarian-drivers-license-online","16":"product_tag-how-and-where-to-get-an-original-bulgarian-drivers-license","17":"product_tag-real-bulgarian-drivers-license","18":"product_tag-real-original-bulgarian-drivers-license","19":"product_tag-where-can-i-buy-bulgarian-drivers-license","20":"desktop-align-left","21":"tablet-align-left","22":"mobile-align-left","24":"first","25":"instock","26":"shipping-taxable","27":"purchasable","28":"product-type-simple"},"yoast_head":"<!-- This site is optimized with the Yoast SEO Premium plugin v24.7 (Yoast SEO v27.1.1) - https:\/\/yoast.com\/product\/yoast-seo-premium-wordpress\/ -->\n<title>Apply for Registered Bulgarian drivers License<\/title>\n<meta name=\"description\" content=\"Are you looking to Buy a registered Bulgarian drivers License online without taking the drivers License exam? If yes, then you just saved your time and money by finding us.\" \/>\n<meta name=\"robots\" content=\"index, follow, max-snippet:-1, max-image-preview:large, max-video-preview:-1\" \/>\n<link rel=\"canonical\" href=\"https:\/\/permessodiguida.com\/it\/product\/richiedere-la-patente-di-guida-bulgara-registrata\/\" \/>\n<meta property=\"og:locale\" content=\"it_IT\" \/>\n<meta property=\"og:type\" content=\"article\" \/>\n<meta property=\"og:title\" content=\"Apply for Registered Bulgarian drivers License\" \/>\n<meta property=\"og:description\" content=\"Are you looking to Buy a registered Bulgarian drivers License online without taking the drivers License exam? If yes, then you just saved your time and money by finding us.\" \/>\n<meta property=\"og:url\" content=\"https:\/\/permessodiguida.com\/it\/product\/richiedere-la-patente-di-guida-bulgara-registrata\/\" \/>\n<meta property=\"og:site_name\" content=\"Original Documents Provider\" \/>\n<meta property=\"article:modified_time\" content=\"2025-06-30T07:11:28+00:00\" \/>\n<meta property=\"og:image\" content=\"https:\/\/permessodiguida.com\/wp-content\/uploads\/2024\/12\/image_2024-12-26_090919935.png\" \/>\n\t<meta property=\"og:image:width\" content=\"800\" \/>\n\t<meta property=\"og:image:height\" content=\"450\" \/>\n\t<meta property=\"og:image:type\" content=\"image\/png\" \/>\n<meta name=\"twitter:card\" content=\"summary_large_image\" \/>\n<meta name=\"twitter:label1\" content=\"Tempo di lettura stimato\" \/>\n\t<meta name=\"twitter:data1\" content=\"3 minuti\" \/>\n<script type=\"application\/ld+json\" class=\"yoast-schema-graph\">{\"@context\":\"https:\/\/schema.org\",\"@graph\":[{\"@type\":\"WebPage\",\"@id\":\"https:\/\/permessodiguida.com\/product\/apply-for-registered-bulgarian-drivers-license\/\",\"url\":\"https:\/\/permessodiguida.com\/product\/apply-for-registered-bulgarian-drivers-license\/\",\"name\":\"Apply for Registered Bulgarian drivers License\",\"isPartOf\":{\"@id\":\"https:\/\/permessodiguida.com\/#website\"},\"primaryImageOfPage\":{\"@id\":\"https:\/\/permessodiguida.com\/product\/apply-for-registered-bulgarian-drivers-license\/#primaryimage\"},\"image\":{\"@id\":\"https:\/\/permessodiguida.com\/product\/apply-for-registered-bulgarian-drivers-license\/#primaryimage\"},\"thumbnailUrl\":\"https:\/\/permessodiguida.com\/wp-content\/uploads\/2024\/12\/image_2024-12-26_090919935.png\",\"datePublished\":\"2024-12-26T07:58:20+00:00\",\"dateModified\":\"2025-06-30T07:11:28+00:00\",\"description\":\"Are you looking to Buy a registered Bulgarian drivers License online without taking the drivers License exam? If yes, then you just saved your time and money by finding us.\",\"breadcrumb\":{\"@id\":\"https:\/\/permessodiguida.com\/product\/apply-for-registered-bulgarian-drivers-license\/#breadcrumb\"},\"inLanguage\":\"it-IT\",\"potentialAction\":[{\"@type\":\"ReadAction\",\"target\":[\"https:\/\/permessodiguida.com\/product\/apply-for-registered-bulgarian-drivers-license\/\"]}]},{\"@type\":\"ImageObject\",\"inLanguage\":\"it-IT\",\"@id\":\"https:\/\/permessodiguida.com\/product\/apply-for-registered-bulgarian-drivers-license\/#primaryimage\",\"url\":\"https:\/\/permessodiguida.com\/wp-content\/uploads\/2024\/12\/image_2024-12-26_090919935.png\",\"contentUrl\":\"https:\/\/permessodiguida.com\/wp-content\/uploads\/2024\/12\/image_2024-12-26_090919935.png\",\"width\":800,\"height\":450,\"caption\":\"driving license\"},{\"@type\":\"BreadcrumbList\",\"@id\":\"https:\/\/permessodiguida.com\/product\/apply-for-registered-bulgarian-drivers-license\/#breadcrumb\",\"itemListElement\":[{\"@type\":\"ListItem\",\"position\":1,\"name\":\"Home\",\"item\":\"https:\/\/permessodiguida.com\/\"},{\"@type\":\"ListItem\",\"position\":2,\"name\":\"All Services\",\"item\":\"https:\/\/permessodiguida.com\/shop\/\"},{\"@type\":\"ListItem\",\"position\":3,\"name\":\"Apply for Registered Bulgarian drivers License\"}]},{\"@type\":\"WebSite\",\"@id\":\"https:\/\/permessodiguida.com\/#website\",\"url\":\"https:\/\/permessodiguida.com\/\",\"name\":\"Permessodiguida\",\"description\":\"Get Original Driving License And Passport\",\"publisher\":{\"@id\":\"https:\/\/permessodiguida.com\/#organization\"},\"alternateName\":\"Original Documents Provider\",\"potentialAction\":[{\"@type\":\"SearchAction\",\"target\":{\"@type\":\"EntryPoint\",\"urlTemplate\":\"https:\/\/permessodiguida.com\/?s={search_term_string}\"},\"query-input\":{\"@type\":\"PropertyValueSpecification\",\"valueRequired\":true,\"valueName\":\"search_term_string\"}}],\"inLanguage\":\"it-IT\"},{\"@type\":\"Organization\",\"@id\":\"https:\/\/permessodiguida.com\/#organization\",\"name\":\"Permesso Di Guida\",\"alternateName\":\"Original Driving License And Passport\",\"url\":\"https:\/\/permessodiguida.com\/\",\"logo\":{\"@type\":\"ImageObject\",\"inLanguage\":\"it-IT\",\"@id\":\"https:\/\/permessodiguida.com\/#\/schema\/logo\/image\/\",\"url\":\"https:\/\/permessodiguida.com\/wp-content\/uploads\/2024\/08\/image_2024-08-09_144906822.png\",\"contentUrl\":\"https:\/\/permessodiguida.com\/wp-content\/uploads\/2024\/08\/image_2024-08-09_144906822.png\",\"width\":687,\"height\":549,\"caption\":\"Permesso Di Guida\"},\"image\":{\"@id\":\"https:\/\/permessodiguida.com\/#\/schema\/logo\/image\/\"}}]}<\/script>\n<!-- \/ Yoast SEO Premium plugin. -->","yoast_head_json":{"title":"Richiesta della patente bulgara registrata","description":"Stai cercando di acquistare online una patente bulgara registrata senza sostenere l'esame di guida? Se s\u00ec, allora hai appena risparmiato tempo e denaro trovandoci.","robots":{"index":"index","follow":"follow","max-snippet":"max-snippet:-1","max-image-preview":"max-image-preview:large","max-video-preview":"max-video-preview:-1"},"canonical":"https:\/\/permessodiguida.com\/it\/product\/richiedere-la-patente-di-guida-bulgara-registrata\/","og_locale":"it_IT","og_type":"article","og_title":"Apply for Registered Bulgarian drivers License","og_description":"Are you looking to Buy a registered Bulgarian drivers License online without taking the drivers License exam? If yes, then you just saved your time and money by finding us.","og_url":"https:\/\/permessodiguida.com\/it\/product\/richiedere-la-patente-di-guida-bulgara-registrata\/","og_site_name":"Original Documents Provider","article_modified_time":"2025-06-30T07:11:28+00:00","og_image":[{"width":800,"height":450,"url":"https:\/\/permessodiguida.com\/wp-content\/uploads\/2024\/12\/image_2024-12-26_090919935.png","type":"image\/png"}],"twitter_card":"summary_large_image","twitter_misc":{"Tempo di lettura stimato":"3 minuti"},"schema":{"@context":"https:\/\/schema.org","@graph":[{"@type":"WebPage","@id":"https:\/\/permessodiguida.com\/product\/apply-for-registered-bulgarian-drivers-license\/","url":"https:\/\/permessodiguida.com\/product\/apply-for-registered-bulgarian-drivers-license\/","name":"Richiesta della patente bulgara registrata","isPartOf":{"@id":"https:\/\/permessodiguida.com\/#website"},"primaryImageOfPage":{"@id":"https:\/\/permessodiguida.com\/product\/apply-for-registered-bulgarian-drivers-license\/#primaryimage"},"image":{"@id":"https:\/\/permessodiguida.com\/product\/apply-for-registered-bulgarian-drivers-license\/#primaryimage"},"thumbnailUrl":"https:\/\/permessodiguida.com\/wp-content\/uploads\/2024\/12\/image_2024-12-26_090919935.png","datePublished":"2024-12-26T07:58:20+00:00","dateModified":"2025-06-30T07:11:28+00:00","description":"Stai cercando di acquistare online una patente bulgara registrata senza sostenere l'esame di guida? Se s\u00ec, allora hai appena risparmiato tempo e denaro trovandoci.","breadcrumb":{"@id":"https:\/\/permessodiguida.com\/product\/apply-for-registered-bulgarian-drivers-license\/#breadcrumb"},"inLanguage":"it-IT","potentialAction":[{"@type":"ReadAction","target":["https:\/\/permessodiguida.com\/product\/apply-for-registered-bulgarian-drivers-license\/"]}]},{"@type":"ImageObject","inLanguage":"it-IT","@id":"https:\/\/permessodiguida.com\/product\/apply-for-registered-bulgarian-drivers-license\/#primaryimage","url":"https:\/\/permessodiguida.com\/wp-content\/uploads\/2024\/12\/image_2024-12-26_090919935.png","contentUrl":"https:\/\/permessodiguida.com\/wp-content\/uploads\/2024\/12\/image_2024-12-26_090919935.png","width":800,"height":450,"caption":"driving license"},{"@type":"BreadcrumbList","@id":"https:\/\/permessodiguida.com\/product\/apply-for-registered-bulgarian-drivers-license\/#breadcrumb","itemListElement":[{"@type":"ListItem","position":1,"name":"Home","item":"https:\/\/permessodiguida.com\/"},{"@type":"ListItem","position":2,"name":"All Services","item":"https:\/\/permessodiguida.com\/shop\/"},{"@type":"ListItem","position":3,"name":"Apply for Registered Bulgarian drivers License"}]},{"@type":"WebSite","@id":"https:\/\/permessodiguida.com\/#website","url":"https:\/\/permessodiguida.com\/","name":"Permessodiguida","description":"Ottenere patente di guida e passaporto originali","publisher":{"@id":"https:\/\/permessodiguida.com\/#organization"},"alternateName":"Original Documents Provider","potentialAction":[{"@type":"SearchAction","target":{"@type":"EntryPoint","urlTemplate":"https:\/\/permessodiguida.com\/?s={search_term_string}"},"query-input":{"@type":"PropertyValueSpecification","valueRequired":true,"valueName":"search_term_string"}}],"inLanguage":"it-IT"},{"@type":"Organization","@id":"https:\/\/permessodiguida.com\/#organization","name":"Permesso di Guida","alternateName":"Original Driving License And Passport","url":"https:\/\/permessodiguida.com\/","logo":{"@type":"ImageObject","inLanguage":"it-IT","@id":"https:\/\/permessodiguida.com\/#\/schema\/logo\/image\/","url":"https:\/\/permessodiguida.com\/wp-content\/uploads\/2024\/08\/image_2024-08-09_144906822.png","contentUrl":"https:\/\/permessodiguida.com\/wp-content\/uploads\/2024\/08\/image_2024-08-09_144906822.png","width":687,"height":549,"caption":"Permesso Di Guida"},"image":{"@id":"https:\/\/permessodiguida.com\/#\/schema\/logo\/image\/"}}]}},"_links":{"self":[{"href":"https:\/\/permessodiguida.com\/it\/wp-json\/wp\/v2\/product\/339","targetHints":{"allow":["GET"]}}],"collection":[{"href":"https:\/\/permessodiguida.com\/it\/wp-json\/wp\/v2\/product"}],"about":[{"href":"https:\/\/permessodiguida.com\/it\/wp-json\/wp\/v2\/types\/product"}],"replies":[{"embeddable":true,"href":"https:\/\/permessodiguida.com\/it\/wp-json\/wp\/v2\/comments?post=339"}],"wp:featuredmedia":[{"embeddable":true,"href":"https:\/\/permessodiguida.com\/it\/wp-json\/wp\/v2\/media\/1951"}],"wp:attachment":[{"href":"https:\/\/permessodiguida.com\/it\/wp-json\/wp\/v2\/media?parent=339"}],"wp:term":[{"taxonomy":"product_brand","embeddable":true,"href":"https:\/\/permessodiguida.com\/it\/wp-json\/wp\/v2\/product_brand?post=339"},{"taxonomy":"product_cat","embeddable":true,"href":"https:\/\/permessodiguida.com\/it\/wp-json\/wp\/v2\/product_cat?post=339"},{"taxonomy":"product_tag","embeddable":true,"href":"https:\/\/permessodiguida.com\/it\/wp-json\/wp\/v2\/product_tag?post=339"}],"curies":[{"name":"wp","href":"https:\/\/api.w.org\/{rel}","templated":true}]}}