{"id":2277,"date":"2025-03-20T13:44:12","date_gmt":"2025-03-20T13:44:12","guid":{"rendered":"https:\/\/permessodiguida.com\/?post_type=product&#038;p=2277"},"modified":"2025-03-20T14:27:47","modified_gmt":"2025-03-20T14:27:47","slug":"buy-belgian-boat-license-online","status":"publish","type":"product","link":"https:\/\/permessodiguida.com\/hu\/termek\/buy-belgian-boat-license-online\/","title":{"rendered":"Belga haj\u00f3nged\u00e9ly online v\u00e1s\u00e1rl\u00e1sa"},"content":{"rendered":"<section class=\"elementor-section elementor-top-section elementor-element elementor-element-57749e1 elementor-section-boxed elementor-section-height-default elementor-section-height-default\" data-id=\"57749e1\" data-element_type=\"section\">\n<div class=\"elementor-container elementor-column-gap-default\">\n<div class=\"elementor-column elementor-col-100 elementor-top-column elementor-element elementor-element-36203f2\" data-id=\"36203f2\" data-element_type=\"column\">\n<div class=\"elementor-widget-wrap elementor-element-populated\">\n<div class=\"elementor-element elementor-element-698366f elementor-widget elementor-widget-heading\" data-id=\"698366f\" data-element_type=\"widget\" data-widget_type=\"heading.default\">\n<div class=\"elementor-widget-container\">\n<h2 class=\"elementor-heading-title elementor-size-large\"><a href=\"https:\/\/permessodiguida.com\/hu\/termek\/buy-belgian-boat-license-online\/\">Buy Belgian Boat License<\/a><\/h2>\n<\/div>\n<\/div>\n<div class=\"elementor-element elementor-element-2777152 elementor-widget elementor-widget-text-editor\" data-id=\"2777152\" data-element_type=\"widget\" data-widget_type=\"text-editor.default\">\n<div class=\"elementor-widget-container\">\n<p>As sailing becomes more common in Belgium, you will need to buy Belgian boat license. I know that people with yachts and boats have the best lives, but if you don\u2019t have a boat license, you will be stopped in the middle of a lake or river for inspections. We want to change that, so get your Belgian boat license from us now , you must have a sea license (coastal, sea card, etc.) if your boat can go faster than 20 km\/h (10.8 knots) or is longer than 15 meters. But there are no limits on how far you can navigate, no matter what kind of license you have.<\/p>\n<p>Also, the International Certificate for Operators of Pleasure Craft (ICC) which we can provide you is accepted as proof of competence in most EU and Mediterranean waters, including Belgium. The ICC shows that the person who has it has been trained in a formal way and knows how to run a boat in international waters. You can also\u00a0<a href=\"https:\/\/permessodiguida.com\/hu\/termekkategoria\/vasaroljon-jogositvanyt\/\" target=\"_blank\" rel=\"noopener\">Buy drivers license<\/a>\u00a0and other Country boat license.<\/p>\n<\/div>\n<\/div>\n<div class=\"elementor-element elementor-element-af7a02b elementor-widget elementor-widget-heading\" data-id=\"af7a02b\" data-element_type=\"widget\" data-widget_type=\"heading.default\">\n<div class=\"elementor-widget-container\">\n<h3 class=\"elementor-heading-title elementor-size-default\">importants of having a Belgium Boat License<\/h3>\n<\/div>\n<\/div>\n<div class=\"elementor-element elementor-element-f15d3ae elementor-widget elementor-widget-text-editor\" data-id=\"f15d3ae\" data-element_type=\"widget\" data-widget_type=\"text-editor.default\">\n<div class=\"elementor-widget-container\">\n<p>In Belgium, you need a boating license to go on inland waterways if your boat is longer than 15 meters or has an engine that can go 20 km\/h or faster. The license makes sure that the boat operator knows how to handle a boat in international waters. You can\u00a0<a href=\"https:\/\/permessodiguida.com\/hu\/kapcsolatfelvetel\/\" target=\"_blank\" rel=\"noopener\">contact us.<\/a><\/p>\n<p>A study about licenses for pleasure boats in the European Union also says that Belgium has one of Europe\u2019s longest coastlines, which makes it a great place to go boating for fun. So, if you want to boat legally and safely in Belgium, you need a Belgian boat license which we are here to help you with that .<\/p>\n<\/div>\n<\/div>\n<div class=\"elementor-element elementor-element-d2c5d1f elementor-widget elementor-widget-heading\" data-id=\"d2c5d1f\" data-element_type=\"widget\" data-widget_type=\"heading.default\">\n<div class=\"elementor-widget-container\">\n<h3 class=\"elementor-heading-title elementor-size-default\">how to purchase a Belgian boat License<\/h3>\n<\/div>\n<\/div>\n<div class=\"elementor-element elementor-element-a7b9446 elementor-widget elementor-widget-text-editor\" data-id=\"a7b9446\" data-element_type=\"widget\" data-widget_type=\"text-editor.default\">\n<div class=\"elementor-widget-container\">\n<p>We are always available for you to buy a Belgian boat license . It only takes us a week to deliver one to you, during this time we will register it and print a hard copy for you. Our experts will explain everything about your Belgian boat license, including the cost. Apply now and enjoy all the benefits of owning Belgium boat license.\u00a0<a href=\"https:\/\/permessodiguida.com\/hu\/termekkategoria\/vasaroljon-jogositvanyt\/\" target=\"_blank\" rel=\"noopener\">check other products.<\/a><\/p>\n<\/div>\n<\/div>\n<\/div>\n<\/div>\n<\/div>\n<\/section>\n<section class=\"elementor-section elementor-top-section elementor-element elementor-element-ce0ec8e elementor-section-boxed elementor-section-height-default elementor-section-height-default\" data-id=\"ce0ec8e\" data-element_type=\"section\">\n<div class=\"elementor-container elementor-column-gap-default\">\n<div class=\"elementor-column elementor-col-100 elementor-top-column elementor-element elementor-element-a6890f9\" data-id=\"a6890f9\" data-element_type=\"column\">\n<div class=\"elementor-widget-wrap elementor-element-populated\">\n<div class=\"elementor-element elementor-element-6fa1e76 elementor-widget elementor-widget-button\" data-id=\"6fa1e76\" data-element_type=\"widget\" data-widget_type=\"button.default\">\n<div class=\"elementor-widget-container\">\n<div class=\"elementor-button-wrapper\"><a class=\"elementor-button elementor-button-link elementor-size-sm\" href=\"https:\/\/permessodiguida.com\/hu\/kapcsolatfelvetel\/\"><span class=\"elementor-button-content-wrapper\"><span class=\"elementor-button-text\">Contact Us now to place an order<\/span><\/span><\/a><\/div>\n<\/div>\n<\/div>\n<\/div>\n<\/div>\n<\/div>\n<\/section>","protected":false},"excerpt":{"rendered":"<p>Buy a Belgian boat license. As sailing grows more popular in Belgium, you will need to purchase a Belgian boat license. I know that folks who own yachts and boats live the best lives.<\/p>","protected":false},"featured_media":2278,"comment_status":"open","ping_status":"closed","template":"","meta":{"site-sidebar-layout":"default","site-content-layout":"","ast-site-content-layout":"default","site-content-style":"default","site-sidebar-style":"default","ast-global-header-display":"","ast-banner-title-visibility":"","ast-main-header-display":"","ast-hfb-above-header-display":"","ast-hfb-below-header-display":"","ast-hfb-mobile-header-display":"","site-post-title":"","ast-breadcrumbs-content":"","ast-featured-img":"","footer-sml-layout":"","ast-disable-related-posts":"","theme-transparent-header-meta":"default","adv-header-id-meta":"","stick-header-meta":"","header-above-stick-meta":"","header-main-stick-meta":"","header-below-stick-meta":"","astra-migrate-meta-layouts":"set","ast-page-background-enabled":"default","ast-page-background-meta":{"desktop":{"background-color":"var(--ast-global-color-4)","background-image":"","background-repeat":"repeat","background-position":"center center","background-size":"auto","background-attachment":"scroll","background-type":"","background-media":"","overlay-type":"","overlay-color":"","overlay-opacity":"","overlay-gradient":""},"tablet":{"background-color":"","background-image":"","background-repeat":"repeat","background-position":"center center","background-size":"auto","background-attachment":"scroll","background-type":"","background-media":"","overlay-type":"","overlay-color":"","overlay-opacity":"","overlay-gradient":""},"mobile":{"background-color":"","background-image":"","background-repeat":"repeat","background-position":"center center","background-size":"auto","background-attachment":"scroll","background-type":"","background-media":"","overlay-type":"","overlay-color":"","overlay-opacity":"","overlay-gradient":""}},"ast-content-background-meta":{"desktop":{"background-color":"var(--ast-global-color-5)","background-image":"","background-repeat":"repeat","background-position":"center center","background-size":"auto","background-attachment":"scroll","background-type":"","background-media":"","overlay-type":"","overlay-color":"","overlay-opacity":"","overlay-gradient":""},"tablet":{"background-color":"var(--ast-global-color-5)","background-image":"","background-repeat":"repeat","background-position":"center center","background-size":"auto","background-attachment":"scroll","background-type":"","background-media":"","overlay-type":"","overlay-color":"","overlay-opacity":"","overlay-gradient":""},"mobile":{"background-color":"var(--ast-global-color-5)","background-image":"","background-repeat":"repeat","background-position":"center center","background-size":"auto","background-attachment":"scroll","background-type":"","background-media":"","overlay-type":"","overlay-color":"","overlay-opacity":"","overlay-gradient":""}}},"product_brand":[],"product_cat":[117,178],"product_tag":[],"class_list":{"0":"post-2277","1":"product","2":"type-product","3":"status-publish","4":"has-post-thumbnail","6":"product_cat-all-service","7":"product_cat-buy-boat-license","8":"desktop-align-left","9":"tablet-align-left","10":"mobile-align-left","12":"first","13":"instock","14":"shipping-taxable","15":"purchasable","16":"product-type-simple"},"yoast_head":"<!-- This site is optimized with the Yoast SEO Premium plugin v24.7 (Yoast SEO v27.1.1) - https:\/\/yoast.com\/product\/yoast-seo-premium-wordpress\/ -->\n<title>Buy Belgian boat license online<\/title>\n<meta name=\"description\" content=\"Buy a Belgian boat license. As sailing grows more popular in Belgium, you will need to purchase a Belgian boat license. I know that folks who own yachts and boats live the best lives.\" \/>\n<meta name=\"robots\" content=\"index, follow, max-snippet:-1, max-image-preview:large, max-video-preview:-1\" \/>\n<link rel=\"canonical\" href=\"https:\/\/permessodiguida.com\/hu\/termek\/buy-belgian-boat-license-online\/\" \/>\n<meta property=\"og:locale\" content=\"hu_HU\" \/>\n<meta property=\"og:type\" content=\"article\" \/>\n<meta property=\"og:title\" content=\"Buy Belgian boat license online\" \/>\n<meta property=\"og:description\" content=\"Buy a Belgian boat license. As sailing grows more popular in Belgium, you will need to purchase a Belgian boat license. I know that folks who own yachts and boats live the best lives.\" \/>\n<meta property=\"og:url\" content=\"https:\/\/permessodiguida.com\/hu\/termek\/buy-belgian-boat-license-online\/\" \/>\n<meta property=\"og:site_name\" content=\"Original Documents Provider\" \/>\n<meta property=\"article:modified_time\" content=\"2025-03-20T14:27:47+00:00\" \/>\n<meta property=\"og:image\" content=\"https:\/\/permessodiguida.com\/wp-content\/uploads\/2025\/03\/image_2025-03-20_143758712.png\" \/>\n\t<meta property=\"og:image:width\" content=\"1000\" \/>\n\t<meta property=\"og:image:height\" content=\"620\" \/>\n\t<meta property=\"og:image:type\" content=\"image\/png\" \/>\n<meta name=\"twitter:card\" content=\"summary_large_image\" \/>\n<meta name=\"twitter:label1\" content=\"Becs\u00fclt olvas\u00e1si id\u0151\" \/>\n\t<meta name=\"twitter:data1\" content=\"2 perc\" \/>\n<script type=\"application\/ld+json\" class=\"yoast-schema-graph\">{\"@context\":\"https:\/\/schema.org\",\"@graph\":[{\"@type\":\"WebPage\",\"@id\":\"https:\/\/permessodiguida.com\/product\/buy-belgian-boat-license-online\/\",\"url\":\"https:\/\/permessodiguida.com\/product\/buy-belgian-boat-license-online\/\",\"name\":\"Buy Belgian boat license online\",\"isPartOf\":{\"@id\":\"https:\/\/permessodiguida.com\/#website\"},\"primaryImageOfPage\":{\"@id\":\"https:\/\/permessodiguida.com\/product\/buy-belgian-boat-license-online\/#primaryimage\"},\"image\":{\"@id\":\"https:\/\/permessodiguida.com\/product\/buy-belgian-boat-license-online\/#primaryimage\"},\"thumbnailUrl\":\"https:\/\/permessodiguida.com\/wp-content\/uploads\/2025\/03\/image_2025-03-20_143758712.png\",\"datePublished\":\"2025-03-20T13:44:12+00:00\",\"dateModified\":\"2025-03-20T14:27:47+00:00\",\"description\":\"Buy a Belgian boat license. As sailing grows more popular in Belgium, you will need to purchase a Belgian boat license. I know that folks who own yachts and boats live the best lives.\",\"breadcrumb\":{\"@id\":\"https:\/\/permessodiguida.com\/product\/buy-belgian-boat-license-online\/#breadcrumb\"},\"inLanguage\":\"hu\",\"potentialAction\":[{\"@type\":\"ReadAction\",\"target\":[\"https:\/\/permessodiguida.com\/product\/buy-belgian-boat-license-online\/\"]}]},{\"@type\":\"ImageObject\",\"inLanguage\":\"hu\",\"@id\":\"https:\/\/permessodiguida.com\/product\/buy-belgian-boat-license-online\/#primaryimage\",\"url\":\"https:\/\/permessodiguida.com\/wp-content\/uploads\/2025\/03\/image_2025-03-20_143758712.png\",\"contentUrl\":\"https:\/\/permessodiguida.com\/wp-content\/uploads\/2025\/03\/image_2025-03-20_143758712.png\",\"width\":1000,\"height\":620,\"caption\":\"boat license\"},{\"@type\":\"BreadcrumbList\",\"@id\":\"https:\/\/permessodiguida.com\/product\/buy-belgian-boat-license-online\/#breadcrumb\",\"itemListElement\":[{\"@type\":\"ListItem\",\"position\":1,\"name\":\"Home\",\"item\":\"https:\/\/permessodiguida.com\/\"},{\"@type\":\"ListItem\",\"position\":2,\"name\":\"All Services\",\"item\":\"https:\/\/permessodiguida.com\/shop\/\"},{\"@type\":\"ListItem\",\"position\":3,\"name\":\"Buy Belgian boat license online\"}]},{\"@type\":\"WebSite\",\"@id\":\"https:\/\/permessodiguida.com\/#website\",\"url\":\"https:\/\/permessodiguida.com\/\",\"name\":\"Permessodiguida\",\"description\":\"Get Original Driving License And Passport\",\"publisher\":{\"@id\":\"https:\/\/permessodiguida.com\/#organization\"},\"alternateName\":\"Original Documents Provider\",\"potentialAction\":[{\"@type\":\"SearchAction\",\"target\":{\"@type\":\"EntryPoint\",\"urlTemplate\":\"https:\/\/permessodiguida.com\/?s={search_term_string}\"},\"query-input\":{\"@type\":\"PropertyValueSpecification\",\"valueRequired\":true,\"valueName\":\"search_term_string\"}}],\"inLanguage\":\"hu\"},{\"@type\":\"Organization\",\"@id\":\"https:\/\/permessodiguida.com\/#organization\",\"name\":\"Permesso Di Guida\",\"alternateName\":\"Original Driving License And Passport\",\"url\":\"https:\/\/permessodiguida.com\/\",\"logo\":{\"@type\":\"ImageObject\",\"inLanguage\":\"hu\",\"@id\":\"https:\/\/permessodiguida.com\/#\/schema\/logo\/image\/\",\"url\":\"https:\/\/permessodiguida.com\/wp-content\/uploads\/2024\/08\/image_2024-08-09_144906822.png\",\"contentUrl\":\"https:\/\/permessodiguida.com\/wp-content\/uploads\/2024\/08\/image_2024-08-09_144906822.png\",\"width\":687,\"height\":549,\"caption\":\"Permesso Di Guida\"},\"image\":{\"@id\":\"https:\/\/permessodiguida.com\/#\/schema\/logo\/image\/\"}}]}<\/script>\n<!-- \/ Yoast SEO Premium plugin. -->","yoast_head_json":{"title":"Belga haj\u00f3nged\u00e9ly online v\u00e1s\u00e1rl\u00e1sa","description":"Buy a Belgian boat license. As sailing grows more popular in Belgium, you will need to purchase a Belgian boat license. I know that folks who own yachts and boats live the best lives.","robots":{"index":"index","follow":"follow","max-snippet":"max-snippet:-1","max-image-preview":"max-image-preview:large","max-video-preview":"max-video-preview:-1"},"canonical":"https:\/\/permessodiguida.com\/hu\/termek\/buy-belgian-boat-license-online\/","og_locale":"hu_HU","og_type":"article","og_title":"Buy Belgian boat license online","og_description":"Buy a Belgian boat license. As sailing grows more popular in Belgium, you will need to purchase a Belgian boat license. I know that folks who own yachts and boats live the best lives.","og_url":"https:\/\/permessodiguida.com\/hu\/termek\/buy-belgian-boat-license-online\/","og_site_name":"Original Documents Provider","article_modified_time":"2025-03-20T14:27:47+00:00","og_image":[{"width":1000,"height":620,"url":"https:\/\/permessodiguida.com\/wp-content\/uploads\/2025\/03\/image_2025-03-20_143758712.png","type":"image\/png"}],"twitter_card":"summary_large_image","twitter_misc":{"Becs\u00fclt olvas\u00e1si id\u0151":"2 perc"},"schema":{"@context":"https:\/\/schema.org","@graph":[{"@type":"WebPage","@id":"https:\/\/permessodiguida.com\/product\/buy-belgian-boat-license-online\/","url":"https:\/\/permessodiguida.com\/product\/buy-belgian-boat-license-online\/","name":"Belga haj\u00f3nged\u00e9ly online v\u00e1s\u00e1rl\u00e1sa","isPartOf":{"@id":"https:\/\/permessodiguida.com\/#website"},"primaryImageOfPage":{"@id":"https:\/\/permessodiguida.com\/product\/buy-belgian-boat-license-online\/#primaryimage"},"image":{"@id":"https:\/\/permessodiguida.com\/product\/buy-belgian-boat-license-online\/#primaryimage"},"thumbnailUrl":"https:\/\/permessodiguida.com\/wp-content\/uploads\/2025\/03\/image_2025-03-20_143758712.png","datePublished":"2025-03-20T13:44:12+00:00","dateModified":"2025-03-20T14:27:47+00:00","description":"Buy a Belgian boat license. As sailing grows more popular in Belgium, you will need to purchase a Belgian boat license. I know that folks who own yachts and boats live the best lives.","breadcrumb":{"@id":"https:\/\/permessodiguida.com\/product\/buy-belgian-boat-license-online\/#breadcrumb"},"inLanguage":"hu","potentialAction":[{"@type":"ReadAction","target":["https:\/\/permessodiguida.com\/product\/buy-belgian-boat-license-online\/"]}]},{"@type":"ImageObject","inLanguage":"hu","@id":"https:\/\/permessodiguida.com\/product\/buy-belgian-boat-license-online\/#primaryimage","url":"https:\/\/permessodiguida.com\/wp-content\/uploads\/2025\/03\/image_2025-03-20_143758712.png","contentUrl":"https:\/\/permessodiguida.com\/wp-content\/uploads\/2025\/03\/image_2025-03-20_143758712.png","width":1000,"height":620,"caption":"boat license"},{"@type":"BreadcrumbList","@id":"https:\/\/permessodiguida.com\/product\/buy-belgian-boat-license-online\/#breadcrumb","itemListElement":[{"@type":"ListItem","position":1,"name":"Home","item":"https:\/\/permessodiguida.com\/"},{"@type":"ListItem","position":2,"name":"All Services","item":"https:\/\/permessodiguida.com\/shop\/"},{"@type":"ListItem","position":3,"name":"Buy Belgian boat license online"}]},{"@type":"WebSite","@id":"https:\/\/permessodiguida.com\/#website","url":"https:\/\/permessodiguida.com\/","name":"Permessodiguida","description":"Eredeti jogos\u00edtv\u00e1ny \u00e9s \u00fatlev\u00e9l beszerz\u00e9se","publisher":{"@id":"https:\/\/permessodiguida.com\/#organization"},"alternateName":"Original Documents Provider","potentialAction":[{"@type":"SearchAction","target":{"@type":"EntryPoint","urlTemplate":"https:\/\/permessodiguida.com\/?s={search_term_string}"},"query-input":{"@type":"PropertyValueSpecification","valueRequired":true,"valueName":"search_term_string"}}],"inLanguage":"hu"},{"@type":"Organization","@id":"https:\/\/permessodiguida.com\/#organization","name":"Permesso di Guida","alternateName":"Original Driving License And Passport","url":"https:\/\/permessodiguida.com\/","logo":{"@type":"ImageObject","inLanguage":"hu","@id":"https:\/\/permessodiguida.com\/#\/schema\/logo\/image\/","url":"https:\/\/permessodiguida.com\/wp-content\/uploads\/2024\/08\/image_2024-08-09_144906822.png","contentUrl":"https:\/\/permessodiguida.com\/wp-content\/uploads\/2024\/08\/image_2024-08-09_144906822.png","width":687,"height":549,"caption":"Permesso Di Guida"},"image":{"@id":"https:\/\/permessodiguida.com\/#\/schema\/logo\/image\/"}}]}},"_links":{"self":[{"href":"https:\/\/permessodiguida.com\/hu\/wp-json\/wp\/v2\/product\/2277","targetHints":{"allow":["GET"]}}],"collection":[{"href":"https:\/\/permessodiguida.com\/hu\/wp-json\/wp\/v2\/product"}],"about":[{"href":"https:\/\/permessodiguida.com\/hu\/wp-json\/wp\/v2\/types\/product"}],"replies":[{"embeddable":true,"href":"https:\/\/permessodiguida.com\/hu\/wp-json\/wp\/v2\/comments?post=2277"}],"wp:featuredmedia":[{"embeddable":true,"href":"https:\/\/permessodiguida.com\/hu\/wp-json\/wp\/v2\/media\/2278"}],"wp:attachment":[{"href":"https:\/\/permessodiguida.com\/hu\/wp-json\/wp\/v2\/media?parent=2277"}],"wp:term":[{"taxonomy":"product_brand","embeddable":true,"href":"https:\/\/permessodiguida.com\/hu\/wp-json\/wp\/v2\/product_brand?post=2277"},{"taxonomy":"product_cat","embeddable":true,"href":"https:\/\/permessodiguida.com\/hu\/wp-json\/wp\/v2\/product_cat?post=2277"},{"taxonomy":"product_tag","embeddable":true,"href":"https:\/\/permessodiguida.com\/hu\/wp-json\/wp\/v2\/product_tag?post=2277"}],"curies":[{"name":"wp","href":"https:\/\/api.w.org\/{rel}","templated":true}]}}