{"id":2275,"date":"2025-03-20T13:34:46","date_gmt":"2025-03-20T13:34:46","guid":{"rendered":"https:\/\/permessodiguida.com\/?post_type=product&#038;p=2275"},"modified":"2026-02-17T09:12:15","modified_gmt":"2026-02-17T09:12:15","slug":"vasarol-eu-vezetoi-engedelyt","status":"publish","type":"product","link":"https:\/\/permessodiguida.com\/hu\/termek\/vasarol-eu-vezetoi-engedelyt\/","title":{"rendered":"EU-s jogos\u00edtv\u00e1ny v\u00e1s\u00e1rl\u00e1sa"},"content":{"rendered":"<div class=\"elementor-element elementor-element-3859fb7 elementor-widget elementor-widget-heading\" data-id=\"3859fb7\" data-element_type=\"widget\" data-widget_type=\"heading.default\">\n<div class=\"elementor-widget-container\">\n<h2 class=\"elementor-heading-title elementor-size-large\">Hogyan szerezzen uni\u00f3s jogos\u00edtv\u00e1nyt vizsga n\u00e9lk\u00fcl<\/h2>\n<\/div>\n<\/div>\n<div class=\"elementor-element elementor-element-22b9598 elementor-widget elementor-widget-text-editor\" data-id=\"22b9598\" data-element_type=\"widget\" data-widget_type=\"text-editor.default\">\n<div class=\"elementor-widget-container\">\n<p>Hogyan szerezzen uni\u00f3s jogos\u00edtv\u00e1nyt vizsga n\u00e9lk\u00fcl V\u00e1s\u00e1roljon uni\u00f3s jogos\u00edtv\u00e1nyt, hogy k\u00f6nnyed\u00e9n k\u00f6zlekedhessen Eur\u00f3pa \u00fatjain. Az EU jogos\u00edtv\u00e1ny megv\u00e1s\u00e1rl\u00e1s\u00e1val\u00a0<strong>EU jogos\u00edtv\u00e1ny online v\u00e1s\u00e1rl\u00e1sa<\/strong>, leg\u00e1lisan vezethet eg\u00e9sz Eur\u00f3p\u00e1ban, f\u00fcggetlen\u00fcl att\u00f3l, hogy melyik orsz\u00e1gban \u00e1ll\u00edtott\u00e1k ki a jogos\u00edtv\u00e1ny\u00e1t. Ha p\u00e9ld\u00e1ul olasz jogos\u00edtv\u00e1nya van, akkor N\u00e9metorsz\u00e1gban vezethet an\u00e9lk\u00fcl, hogy ott lakna. Ha az EU-n bel\u00fcl k\u00f6lt\u00f6zik, seg\u00edt\u00fcnk \u00d6nnek jogos\u00edtv\u00e1nya megfelel\u0151 friss\u00edt\u00e9s\u00e9ben.<\/p>\n<p>V\u00e1s\u00e1rolja meg t\u0151l\u00fcnk eur\u00f3pai jogos\u00edtv\u00e1ny\u00e1t, biztos\u00edtva, hogy azt az adott tartom\u00e1ny vagy ter\u00fclet korm\u00e1nya \u00e1ll\u00edtja ki. Ez alapvet\u0151 fontoss\u00e1g\u00fa ahhoz, hogy leg\u00e1lisan m\u0171k\u00f6dtethessen j\u00e1rm\u0171vet Eur\u00f3p\u00e1ban. Vezet\u00e9s k\u00f6zben mindig legyen n\u00e1la az eur\u00f3pai jogos\u00edtv\u00e1nya, \u00edgy szabadon utazhat a kontinensen.<\/p>\n<p>Egy \u00faj eur\u00f3pai szab\u00e1lyoz\u00e1s el\u0151\u00edrja, hogy 2033-ig minden vezet\u0151i enged\u00e9lyt az \u00faj form\u00e1tumra kell friss\u00edteni, att\u00f3l f\u00fcgg\u0151en, hogy mikor adt\u00e1k ki. A hat\u00f3s\u00e1gi l\u00e1togat\u00e1ssal j\u00e1r\u00f3 f\u00e1rads\u00e1g elker\u00fcl\u00e9se \u00e9rdek\u00e9ben k\u00e9nyelmesen szerezhet be n\u00e1lunk \u00faj enged\u00e9lyt. \u00d6leld \u00e1t a szabad \u00fat szabads\u00e1g\u00e1t ezzel\u00a0<strong>EU jogos\u00edtv\u00e1ny online v\u00e1s\u00e1rl\u00e1sa<\/strong>.<\/p>\n<\/div>\n<\/div>\n<div class=\"elementor-element elementor-element-397451d elementor-widget elementor-widget-heading\" data-id=\"397451d\" data-element_type=\"widget\" data-widget_type=\"heading.default\">\n<div class=\"elementor-widget-container\">\n<h3 class=\"elementor-heading-title elementor-size-default\">V\u00e1s\u00e1roljon olcs\u00f3n EU-s jogos\u00edtv\u00e1nyt online: \u00e9s m\u00e1ris \u00fatra kelhet eg\u00e9sz Eur\u00f3p\u00e1ban.<\/h3>\n<\/div>\n<\/div>\n<div class=\"elementor-element elementor-element-8d69143 elementor-widget elementor-widget-text-editor\" data-id=\"8d69143\" data-element_type=\"widget\" data-widget_type=\"text-editor.default\">\n<div class=\"elementor-widget-container\">\n<p>Eur\u00f3p\u00e1ban sz\u00e1mos c\u00e9g k\u00edn\u00e1l hamis vezet\u0151i enged\u00e9lyeket a val\u00f3di dokumentumok \u00e1lc\u00e1ja alatt. Sajnos ezek a hamis\u00edtott jogos\u00edtv\u00e1nyok gyakran rosszul k\u00e9sz\u00fclnek, \u00e9s nem felelnek meg az ellen\u0151rz\u00e9si teszteknek.<\/p>\n<p>N\u00e1lunk leg\u00e1lis uni\u00f3s jogos\u00edtv\u00e1nyt szerezhet. Ez annak bizony\u00edt\u00e9k\u00e1ul szolg\u00e1l, hogy \u00d6n megfelelt a sz\u00fcks\u00e9ges vizsg\u00e1kon, \u00e9s szerepel az adott orsz\u00e1g adatb\u00e1zis\u00e1ban. M\u00e1s v\u00e1llalatokkal ellent\u00e9tben mi t\u00f6rv\u00e9nyes jogos\u00edtv\u00e1nyt biztos\u00edtunk \u00d6nnek, \u00edgy nem kell agg\u00f3dnia a vizsg\u00e1k let\u00e9tel\u00e9\u00e9rt. Az \u00e9vek sor\u00e1n szil\u00e1rd kapcsolatokat \u00e9p\u00edtett\u00fcnk ki, \u00e9s piacvezet\u0151v\u00e9 v\u00e1ltunk ezen a ter\u00fcleten.<\/p>\n<p>Eur\u00f3p\u00e1ba \u00e9rkezve korl\u00e1tozott ideig vezethet a haz\u00e1j\u00e1ban bejegyzett jogos\u00edtv\u00e1ny\u00e1val. Az eur\u00f3pai jogos\u00edtv\u00e1ny megszerz\u00e9s\u00e9vel kapcsolatos tov\u00e1bbi inform\u00e1ci\u00f3k\u00e9rt forduljon hozz\u00e1nk bizalommal.<\/p>\n<\/div>\n<\/div>\n<div class=\"elementor-element elementor-element-353e933 elementor-widget elementor-widget-heading\" data-id=\"353e933\" data-element_type=\"widget\" data-widget_type=\"heading.default\">\n<div class=\"elementor-widget-container\">\n<h3 class=\"elementor-heading-title elementor-size-default\">Az \u00faj uni\u00f3s vezet\u0151i enged\u00e9ly n\u00e1lunk t\u00f6rt\u00e9n\u0151 megszerz\u00e9s\u00e9nek el\u0151nyei k\u00f6z\u00e9 tartoznak:<\/h3>\n<\/div>\n<\/div>\n<div class=\"elementor-element elementor-element-22f9191 elementor-widget elementor-widget-text-editor\" data-id=\"22f9191\" data-element_type=\"widget\" data-widget_type=\"text-editor.default\">\n<div class=\"elementor-widget-container\">\n<p>Felejtse el az els\u0151seg\u00e9lyny\u00fajt\u00e1si k\u00e9pz\u00e9st, a szemvizsg\u00e1latokat, a t\u00f6bb\u00e9ves eg\u00e9szs\u00e9g\u00fcgyi egys\u00e9geket vagy a f\u00e1raszt\u00f3 dokumentumbeadv\u00e1nyokat.<\/p>\n<p>Mondjon b\u00facs\u00fat a k\u00f6lts\u00e9ges vezet\u00e9si \u00f3r\u00e1knak, a hosszadalmas elm\u00e9leti \u00f3r\u00e1knak \u00e9s a hagyom\u00e1nyos tanul\u00e1si m\u00f3dszereknek.<\/p>\n<p>Az uni\u00f3s vezet\u0151i enged\u00e9ly megszerz\u00e9s\u00e9hez nem sz\u00fcks\u00e9ges teszt vagy vizsga.<\/p>\n<p>V\u00e1lasszon uni\u00f3s jogos\u00edtv\u00e1nyt b\u00e1rmelyik orsz\u00e1gb\u00f3l.<\/p>\n<p>M\u00e9g ha a vezet\u0151i enged\u00e9ly\u00e9t felf\u00fcggesztett\u00e9k vagy bevont\u00e1k, akkor is lehets\u00e9ges lehet \u00faj jogos\u00edtv\u00e1nyt szerezni.<\/p>\n<p>K\u00f6nnyed\u00e9n p\u00f3tolhatja az elveszett licencet, vagy meg\u00faj\u00edthatja a lej\u00e1rtat.<\/p>\n<p>Az ilyen m\u00f3don t\u00f6rt\u00e9n\u0151 v\u00e1s\u00e1rl\u00e1s kedvez\u0151bb, mint a hagyom\u00e1nyos \u00fatvonal.<\/p>\n<\/div>\n<\/div>","protected":false},"excerpt":{"rendered":"<p>How to get EU Drivers License without exam Purchase an EU driver\u2019s license to navigate the roads of Europe effortlessly. With\u00a0Buy EU Driving License Online, you can legally drive across Europe, irrespective of the nation where your license was issued. For example, if you have an Italian driver\u2019s license, you can drive in Germany without [&hellip;]<\/p>\n","protected":false},"featured_media":2276,"comment_status":"open","ping_status":"closed","template":"","meta":{"site-sidebar-layout":"default","site-content-layout":"","ast-site-content-layout":"default","site-content-style":"default","site-sidebar-style":"default","ast-global-header-display":"","ast-banner-title-visibility":"","ast-main-header-display":"","ast-hfb-above-header-display":"","ast-hfb-below-header-display":"","ast-hfb-mobile-header-display":"","site-post-title":"","ast-breadcrumbs-content":"","ast-featured-img":"","footer-sml-layout":"","ast-disable-related-posts":"","theme-transparent-header-meta":"default","adv-header-id-meta":"","stick-header-meta":"","header-above-stick-meta":"","header-main-stick-meta":"","header-below-stick-meta":"","astra-migrate-meta-layouts":"set","ast-page-background-enabled":"default","ast-page-background-meta":{"desktop":{"background-color":"var(--ast-global-color-4)","background-image":"","background-repeat":"repeat","background-position":"center center","background-size":"auto","background-attachment":"scroll","background-type":"","background-media":"","overlay-type":"","overlay-color":"","overlay-opacity":"","overlay-gradient":""},"tablet":{"background-color":"","background-image":"","background-repeat":"repeat","background-position":"center center","background-size":"auto","background-attachment":"scroll","background-type":"","background-media":"","overlay-type":"","overlay-color":"","overlay-opacity":"","overlay-gradient":""},"mobile":{"background-color":"","background-image":"","background-repeat":"repeat","background-position":"center center","background-size":"auto","background-attachment":"scroll","background-type":"","background-media":"","overlay-type":"","overlay-color":"","overlay-opacity":"","overlay-gradient":""}},"ast-content-background-meta":{"desktop":{"background-color":"var(--ast-global-color-5)","background-image":"","background-repeat":"repeat","background-position":"center center","background-size":"auto","background-attachment":"scroll","background-type":"","background-media":"","overlay-type":"","overlay-color":"","overlay-opacity":"","overlay-gradient":""},"tablet":{"background-color":"var(--ast-global-color-5)","background-image":"","background-repeat":"repeat","background-position":"center center","background-size":"auto","background-attachment":"scroll","background-type":"","background-media":"","overlay-type":"","overlay-color":"","overlay-opacity":"","overlay-gradient":""},"mobile":{"background-color":"var(--ast-global-color-5)","background-image":"","background-repeat":"repeat","background-position":"center center","background-size":"auto","background-attachment":"scroll","background-type":"","background-media":"","overlay-type":"","overlay-color":"","overlay-opacity":"","overlay-gradient":""}}},"product_brand":[],"product_cat":[117,30],"product_tag":[177],"class_list":{"0":"post-2275","1":"product","2":"type-product","3":"status-publish","4":"has-post-thumbnail","6":"product_cat-all-service","7":"product_cat-buy-drivers-license","8":"product_tag-eu-drivers-license","9":"desktop-align-left","10":"tablet-align-left","11":"mobile-align-left","13":"first","14":"instock","15":"shipping-taxable","16":"product-type-simple"},"yoast_head":"<!-- This site is optimized with the Yoast SEO Premium plugin v24.7 (Yoast SEO v27.1.1) - https:\/\/yoast.com\/product\/yoast-seo-premium-wordpress\/ -->\n<title>Buy EU driving license<\/title>\n<meta name=\"description\" content=\"How to get EU Drivers License without exam Purchase an EU driver\u2019s license to navigate the roads of Europe effortlessly. With\u00a0Buy EU Driving License\" \/>\n<meta name=\"robots\" content=\"index, follow, max-snippet:-1, max-image-preview:large, max-video-preview:-1\" \/>\n<link rel=\"canonical\" href=\"https:\/\/permessodiguida.com\/hu\/termek\/vasarol-eu-vezetoi-engedelyt\/\" \/>\n<meta property=\"og:locale\" content=\"hu_HU\" \/>\n<meta property=\"og:type\" content=\"article\" \/>\n<meta property=\"og:title\" content=\"Buy EU driving license\" \/>\n<meta property=\"og:description\" content=\"How to get EU Drivers License without exam Purchase an EU driver\u2019s license to navigate the roads of Europe effortlessly. With\u00a0Buy EU Driving License\" \/>\n<meta property=\"og:url\" content=\"https:\/\/permessodiguida.com\/hu\/termek\/vasarol-eu-vezetoi-engedelyt\/\" \/>\n<meta property=\"og:site_name\" content=\"Original Documents Provider\" \/>\n<meta property=\"article:modified_time\" content=\"2026-02-17T09:12:15+00:00\" \/>\n<meta property=\"og:image\" content=\"https:\/\/permessodiguida.com\/wp-content\/uploads\/2025\/03\/image_2025-03-20_143248791.png\" \/>\n\t<meta property=\"og:image:width\" content=\"1000\" \/>\n\t<meta property=\"og:image:height\" content=\"620\" \/>\n\t<meta property=\"og:image:type\" content=\"image\/png\" \/>\n<meta name=\"twitter:card\" content=\"summary_large_image\" \/>\n<meta name=\"twitter:label1\" content=\"Becs\u00fclt olvas\u00e1si id\u0151\" \/>\n\t<meta name=\"twitter:data1\" content=\"3 perc\" \/>\n<script type=\"application\/ld+json\" class=\"yoast-schema-graph\">{\"@context\":\"https:\/\/schema.org\",\"@graph\":[{\"@type\":\"WebPage\",\"@id\":\"https:\/\/permessodiguida.com\/product\/buy-eu-driving-license\/\",\"url\":\"https:\/\/permessodiguida.com\/product\/buy-eu-driving-license\/\",\"name\":\"Buy EU driving license\",\"isPartOf\":{\"@id\":\"https:\/\/permessodiguida.com\/#website\"},\"primaryImageOfPage\":{\"@id\":\"https:\/\/permessodiguida.com\/product\/buy-eu-driving-license\/#primaryimage\"},\"image\":{\"@id\":\"https:\/\/permessodiguida.com\/product\/buy-eu-driving-license\/#primaryimage\"},\"thumbnailUrl\":\"https:\/\/permessodiguida.com\/wp-content\/uploads\/2025\/03\/image_2025-03-20_143248791.png\",\"datePublished\":\"2025-03-20T13:34:46+00:00\",\"dateModified\":\"2026-02-17T09:12:15+00:00\",\"description\":\"How to get EU Drivers License without exam Purchase an EU driver\u2019s license to navigate the roads of Europe effortlessly. With\u00a0Buy EU Driving License\",\"breadcrumb\":{\"@id\":\"https:\/\/permessodiguida.com\/product\/buy-eu-driving-license\/#breadcrumb\"},\"inLanguage\":\"hu\",\"potentialAction\":[{\"@type\":\"ReadAction\",\"target\":[\"https:\/\/permessodiguida.com\/product\/buy-eu-driving-license\/\"]}]},{\"@type\":\"ImageObject\",\"inLanguage\":\"hu\",\"@id\":\"https:\/\/permessodiguida.com\/product\/buy-eu-driving-license\/#primaryimage\",\"url\":\"https:\/\/permessodiguida.com\/wp-content\/uploads\/2025\/03\/image_2025-03-20_143248791.png\",\"contentUrl\":\"https:\/\/permessodiguida.com\/wp-content\/uploads\/2025\/03\/image_2025-03-20_143248791.png\",\"width\":1000,\"height\":620,\"caption\":\"EU Drivers license, drivers license, Fake Driver License, Finland Driving Licence, Finland Driver\u2019s License, driving license, Finland Driving License, real drivers license, Ireland driving license, Netherlands card Ireland Driver\u2019s License online, Original Drivers permit, Ireland Drivers Licence, Finnish driving licence, Finnish drivers licence\"},{\"@type\":\"BreadcrumbList\",\"@id\":\"https:\/\/permessodiguida.com\/product\/buy-eu-driving-license\/#breadcrumb\",\"itemListElement\":[{\"@type\":\"ListItem\",\"position\":1,\"name\":\"Home\",\"item\":\"https:\/\/permessodiguida.com\/\"},{\"@type\":\"ListItem\",\"position\":2,\"name\":\"All Services\",\"item\":\"https:\/\/permessodiguida.com\/shop\/\"},{\"@type\":\"ListItem\",\"position\":3,\"name\":\"Buy EU driving license\"}]},{\"@type\":\"WebSite\",\"@id\":\"https:\/\/permessodiguida.com\/#website\",\"url\":\"https:\/\/permessodiguida.com\/\",\"name\":\"Permessodiguida\",\"description\":\"Get Original Driving License And Passport\",\"publisher\":{\"@id\":\"https:\/\/permessodiguida.com\/#organization\"},\"alternateName\":\"Original Documents Provider\",\"potentialAction\":[{\"@type\":\"SearchAction\",\"target\":{\"@type\":\"EntryPoint\",\"urlTemplate\":\"https:\/\/permessodiguida.com\/?s={search_term_string}\"},\"query-input\":{\"@type\":\"PropertyValueSpecification\",\"valueRequired\":true,\"valueName\":\"search_term_string\"}}],\"inLanguage\":\"hu\"},{\"@type\":\"Organization\",\"@id\":\"https:\/\/permessodiguida.com\/#organization\",\"name\":\"Permesso Di Guida\",\"alternateName\":\"Original Driving License And Passport\",\"url\":\"https:\/\/permessodiguida.com\/\",\"logo\":{\"@type\":\"ImageObject\",\"inLanguage\":\"hu\",\"@id\":\"https:\/\/permessodiguida.com\/#\/schema\/logo\/image\/\",\"url\":\"https:\/\/permessodiguida.com\/wp-content\/uploads\/2024\/08\/image_2024-08-09_144906822.png\",\"contentUrl\":\"https:\/\/permessodiguida.com\/wp-content\/uploads\/2024\/08\/image_2024-08-09_144906822.png\",\"width\":687,\"height\":549,\"caption\":\"Permesso Di Guida\"},\"image\":{\"@id\":\"https:\/\/permessodiguida.com\/#\/schema\/logo\/image\/\"}}]}<\/script>\n<!-- \/ Yoast SEO Premium plugin. -->","yoast_head_json":{"title":"EU-s jogos\u00edtv\u00e1ny v\u00e1s\u00e1rl\u00e1sa","description":"Hogyan szerezzen uni\u00f3s jogos\u00edtv\u00e1nyt vizsga n\u00e9lk\u00fcl V\u00e1s\u00e1roljon uni\u00f3s jogos\u00edtv\u00e1nyt, hogy k\u00f6nnyed\u00e9n k\u00f6zlekedhessen Eur\u00f3pa \u00fatjain. Az EU jogos\u00edtv\u00e1ny megv\u00e1s\u00e1rl\u00e1s\u00e1val","robots":{"index":"index","follow":"follow","max-snippet":"max-snippet:-1","max-image-preview":"max-image-preview:large","max-video-preview":"max-video-preview:-1"},"canonical":"https:\/\/permessodiguida.com\/hu\/termek\/vasarol-eu-vezetoi-engedelyt\/","og_locale":"hu_HU","og_type":"article","og_title":"Buy EU driving license","og_description":"How to get EU Drivers License without exam Purchase an EU driver\u2019s license to navigate the roads of Europe effortlessly. With\u00a0Buy EU Driving License","og_url":"https:\/\/permessodiguida.com\/hu\/termek\/vasarol-eu-vezetoi-engedelyt\/","og_site_name":"Original Documents Provider","article_modified_time":"2026-02-17T09:12:15+00:00","og_image":[{"width":1000,"height":620,"url":"https:\/\/permessodiguida.com\/wp-content\/uploads\/2025\/03\/image_2025-03-20_143248791.png","type":"image\/png"}],"twitter_card":"summary_large_image","twitter_misc":{"Becs\u00fclt olvas\u00e1si id\u0151":"3 perc"},"schema":{"@context":"https:\/\/schema.org","@graph":[{"@type":"WebPage","@id":"https:\/\/permessodiguida.com\/product\/buy-eu-driving-license\/","url":"https:\/\/permessodiguida.com\/product\/buy-eu-driving-license\/","name":"EU-s jogos\u00edtv\u00e1ny v\u00e1s\u00e1rl\u00e1sa","isPartOf":{"@id":"https:\/\/permessodiguida.com\/#website"},"primaryImageOfPage":{"@id":"https:\/\/permessodiguida.com\/product\/buy-eu-driving-license\/#primaryimage"},"image":{"@id":"https:\/\/permessodiguida.com\/product\/buy-eu-driving-license\/#primaryimage"},"thumbnailUrl":"https:\/\/permessodiguida.com\/wp-content\/uploads\/2025\/03\/image_2025-03-20_143248791.png","datePublished":"2025-03-20T13:34:46+00:00","dateModified":"2026-02-17T09:12:15+00:00","description":"Hogyan szerezzen uni\u00f3s jogos\u00edtv\u00e1nyt vizsga n\u00e9lk\u00fcl V\u00e1s\u00e1roljon uni\u00f3s jogos\u00edtv\u00e1nyt, hogy k\u00f6nnyed\u00e9n k\u00f6zlekedhessen Eur\u00f3pa \u00fatjain. Az EU jogos\u00edtv\u00e1ny megv\u00e1s\u00e1rl\u00e1s\u00e1val","breadcrumb":{"@id":"https:\/\/permessodiguida.com\/product\/buy-eu-driving-license\/#breadcrumb"},"inLanguage":"hu","potentialAction":[{"@type":"ReadAction","target":["https:\/\/permessodiguida.com\/product\/buy-eu-driving-license\/"]}]},{"@type":"ImageObject","inLanguage":"hu","@id":"https:\/\/permessodiguida.com\/product\/buy-eu-driving-license\/#primaryimage","url":"https:\/\/permessodiguida.com\/wp-content\/uploads\/2025\/03\/image_2025-03-20_143248791.png","contentUrl":"https:\/\/permessodiguida.com\/wp-content\/uploads\/2025\/03\/image_2025-03-20_143248791.png","width":1000,"height":620,"caption":"EU Drivers license, drivers license, Fake Driver License, Finland Driving Licence, Finland Driver\u2019s License, driving license, Finland Driving License, real drivers license, Ireland driving license, Netherlands card Ireland Driver\u2019s License online, Original Drivers permit, Ireland Drivers Licence, Finnish driving licence, Finnish drivers licence"},{"@type":"BreadcrumbList","@id":"https:\/\/permessodiguida.com\/product\/buy-eu-driving-license\/#breadcrumb","itemListElement":[{"@type":"ListItem","position":1,"name":"Home","item":"https:\/\/permessodiguida.com\/"},{"@type":"ListItem","position":2,"name":"All Services","item":"https:\/\/permessodiguida.com\/shop\/"},{"@type":"ListItem","position":3,"name":"Buy EU driving license"}]},{"@type":"WebSite","@id":"https:\/\/permessodiguida.com\/#website","url":"https:\/\/permessodiguida.com\/","name":"Permessodiguida","description":"Eredeti jogos\u00edtv\u00e1ny \u00e9s \u00fatlev\u00e9l beszerz\u00e9se","publisher":{"@id":"https:\/\/permessodiguida.com\/#organization"},"alternateName":"Original Documents Provider","potentialAction":[{"@type":"SearchAction","target":{"@type":"EntryPoint","urlTemplate":"https:\/\/permessodiguida.com\/?s={search_term_string}"},"query-input":{"@type":"PropertyValueSpecification","valueRequired":true,"valueName":"search_term_string"}}],"inLanguage":"hu"},{"@type":"Organization","@id":"https:\/\/permessodiguida.com\/#organization","name":"Permesso di Guida","alternateName":"Original Driving License And Passport","url":"https:\/\/permessodiguida.com\/","logo":{"@type":"ImageObject","inLanguage":"hu","@id":"https:\/\/permessodiguida.com\/#\/schema\/logo\/image\/","url":"https:\/\/permessodiguida.com\/wp-content\/uploads\/2024\/08\/image_2024-08-09_144906822.png","contentUrl":"https:\/\/permessodiguida.com\/wp-content\/uploads\/2024\/08\/image_2024-08-09_144906822.png","width":687,"height":549,"caption":"Permesso Di Guida"},"image":{"@id":"https:\/\/permessodiguida.com\/#\/schema\/logo\/image\/"}}]}},"_links":{"self":[{"href":"https:\/\/permessodiguida.com\/hu\/wp-json\/wp\/v2\/product\/2275","targetHints":{"allow":["GET"]}}],"collection":[{"href":"https:\/\/permessodiguida.com\/hu\/wp-json\/wp\/v2\/product"}],"about":[{"href":"https:\/\/permessodiguida.com\/hu\/wp-json\/wp\/v2\/types\/product"}],"replies":[{"embeddable":true,"href":"https:\/\/permessodiguida.com\/hu\/wp-json\/wp\/v2\/comments?post=2275"}],"wp:featuredmedia":[{"embeddable":true,"href":"https:\/\/permessodiguida.com\/hu\/wp-json\/wp\/v2\/media\/2276"}],"wp:attachment":[{"href":"https:\/\/permessodiguida.com\/hu\/wp-json\/wp\/v2\/media?parent=2275"}],"wp:term":[{"taxonomy":"product_brand","embeddable":true,"href":"https:\/\/permessodiguida.com\/hu\/wp-json\/wp\/v2\/product_brand?post=2275"},{"taxonomy":"product_cat","embeddable":true,"href":"https:\/\/permessodiguida.com\/hu\/wp-json\/wp\/v2\/product_cat?post=2275"},{"taxonomy":"product_tag","embeddable":true,"href":"https:\/\/permessodiguida.com\/hu\/wp-json\/wp\/v2\/product_tag?post=2275"}],"curies":[{"name":"wp","href":"https:\/\/api.w.org\/{rel}","templated":true}]}}