{"id":2244,"date":"2025-03-19T22:55:31","date_gmt":"2025-03-19T22:55:31","guid":{"rendered":"https:\/\/permessodiguida.com\/?post_type=product&#038;p=2244"},"modified":"2025-11-17T21:30:32","modified_gmt":"2025-11-17T21:30:32","slug":"buy-spain-id-card","status":"publish","type":"product","link":"https:\/\/permessodiguida.com\/hu\/termek\/buy-spain-id-card\/","title":{"rendered":"V\u00e1s\u00e1roljon szem\u00e9lyi igazolv\u00e1nyt Spanyolorsz\u00e1gba"},"content":{"rendered":"<h1>V\u00e1s\u00e1roljon spanyol szem\u00e9lyi igazolv\u00e1nyt online<\/h1>\n<p><a href=\"https:\/\/permessodiguida.com\/hu\/termek\/buy-spain-id-card\/\"><strong>Buy a real valid Spain ID card online<\/strong><\/a>\u00a0a sz\u00e1ll\u00edt\u00e1s el\u0151tt elv\u00e9gzett szem\u00e9lyazonoss\u00e1g-ellen\u0151rz\u00e9ssel. \u00daj spanyol szem\u00e9lyi igazolv\u00e1nyaink eredetiek \u00e9s ellen\u0151rizhet\u0151k. 100% biztons\u00e1gos haszn\u00e1lat. V\u00e1s\u00e1roljon val\u00f3di, min\u0151s\u00e9gi spanyol szem\u00e9lyi igazolv\u00e1nyt online. Mi sz\u00e1m\u00edt \u00e9rv\u00e9nyes szem\u00e9lyazonos\u00edt\u00f3 okm\u00e1nynak Spanyolorsz\u00e1gban? A k\u00f6vetkez\u0151 okm\u00e1nyok \u00e9rv\u00e9nyesek Spanyolorsz\u00e1gban: spanyol \u00fatlev\u00e9l, vagy az EU-hoz vagy az EGT-hez tartoz\u00f3 orsz\u00e1g \u00fatlevele vagy szem\u00e9lyi igazolv\u00e1nya.<\/p>\n<p>A spanyol szem\u00e9lyi igazolv\u00e1ny az Eur\u00f3pai Uni\u00f3 eg\u00e9sz ter\u00fclet\u00e9n \u00e9rv\u00e9nyes \u00fati okm\u00e1ny. A szem\u00e9lyi igazolv\u00e1ny \u00e1ltal\u00e1ban feln\u0151ttek eset\u00e9ben 10 \u00e9vig, kiskor\u00faak eset\u00e9ben 5 \u00e9vig \u00e9rv\u00e9nyes.<\/p>\n<h2>A spanyol szem\u00e9lyi igazolv\u00e1nyokr\u00f3l<\/h2>\n<p>V\u00e1s\u00e1rolja meg a legjobb min\u0151s\u00e9g\u0171 spanyol szem\u00e9lyi igazolv\u00e1nyt (DNI) online. 2021-es modell. A szem\u00e9lyi igazolv\u00e1ny (DNI) egy spanyol szem\u00e9lyi igazolv\u00e1ny. Minden 14 \u00e9v feletti spanyol \u00e1llampolg\u00e1rnak szem\u00e9lyi igazolv\u00e1nyt (DNI) kell szereznie. Spanyolorsz\u00e1gban a szem\u00e9lyi igazolv\u00e1nyon szerepl\u0151 hivatalos szem\u00e9lyazonos\u00edt\u00f3 sz\u00e1m a legfontosabb azonos\u00edt\u00f3 okm\u00e1ny.<\/p>\n<p>Ez az egyik hivatalos dokumentum, amely sz\u00fcks\u00e9ges a v\u00e1laszt\u00e1sokon val\u00f3 szavaz\u00e1shoz, b\u00e1r b\u00e1rmilyen m\u00e1s hivatalos igazolv\u00e1ny, p\u00e9ld\u00e1ul jogos\u00edtv\u00e1ny vagy \u00fatlev\u00e9l is haszn\u00e1lhat\u00f3. A k\u00e1rtya \u00e9rv\u00e9nyes utaz\u00e1si okm\u00e1nynak is min\u0151s\u00fcl az Eur\u00f3pai Uni\u00f3n bel\u00fcl.<\/p>\n<h3>A spanyol tart\u00f3zkod\u00e1si enged\u00e9ly szem\u00e9lyazonos\u00edt\u00f3 okm\u00e1nynak min\u0151s\u00fcl?<\/h3>\n<p>Tart\u00f3zkod\u00e1si enged\u00e9llyel kell rendelkeznie, amely igazolja, hogy menek\u00fcltk\u00e9nt befogadt\u00e1k. K\u00fclf\u00f6ldi vagy menek\u00fclt \u00fatlevel\u00e9vel b\u00e1rmely orsz\u00e1gba utazhat, kiv\u00e9ve a sz\u00e1rmaz\u00e1si orsz\u00e1g\u00e1t. V\u00e1s\u00e1roljon spanyol szem\u00e9lyi igazolv\u00e1nyt online.<br \/>\nH\u00e1ny \u00e9ves kort\u00f3l lehet szem\u00e9lyi igazolv\u00e1nyt szerezni Spanyolorsz\u00e1gban?<\/p>\n<p>A 12 \u00e9ves \u00e9s id\u0151sebb gyermekek, akik m\u00e1r rendelkeznek \u00e9rv\u00e9nyes szem\u00e9lyazonos\u00edt\u00f3 okm\u00e1nnyal, \u00f6n\u00e1ll\u00f3an is ig\u00e9nyelhetnek szem\u00e9lyi igazolv\u00e1nyt. Ebben az esetben a sz\u00fcleiknek vagy gy\u00e1mjaiknak nem kell vel\u00fck menni\u00fck. Term\u00e9szetesen a sz\u00fcl\u0151k vagy gy\u00e1mok is csatlakozhatnak, de a gyermeknek szem\u00e9lyesen kell beny\u00fajtania a k\u00e9relmet.<\/p>\n<h3>Mi\u00e9rt \u00e9rdemes t\u0151l\u00fcnk spanyolorsz\u00e1gi dokumentumokat v\u00e1s\u00e1rolni?<\/h3>\n<p>Ha valamilyen okb\u00f3l, legyen az anyagi ok, most nem tudja online megv\u00e1s\u00e1rolni az igazi k\u00e1rty\u00e1t, \u00f6r\u00f6mmel t\u00e1j\u00e9koztatjuk, hogy kiv\u00e1l\u00f3 min\u0151s\u00e9g\u0171, hamis spanyol szem\u00e9lyi igazolv\u00e1nyokat is k\u00e9sz\u00edt\u00fcnk online, nagyon kedvez\u0151 \u00e1ron. Rendelje meg most \u00e9letkor\u00e1t \u00e9s spanyol \u00e1llampolg\u00e1rs\u00e1g\u00e1t igazol\u00f3 okm\u00e1ny\u00e1t, \u00e9s k\u00f6nnyed\u00e9n mozoghat Spanyolorsz\u00e1gban.<\/p>\n<p>A spanyolorsz\u00e1gi korhat\u00e1r-igazol\u00e1s f\u00e9nyk\u00e9pes igazolv\u00e1nyk\u00e9nt haszn\u00e1lhat\u00f3, ha nincs spanyol jogos\u00edtv\u00e1nya. Ugyanaz a k\u00e9relmez\u00e9si folyamat \u00e9s biztons\u00e1gi funkci\u00f3k vonatkoznak r\u00e1, mint a jogos\u00edtv\u00e1nyra, \u00e9s mindenhol, ahol a jogos\u00edtv\u00e1nyt elismerik, el kell fogadni szem\u00e9lyazonos\u00edt\u00f3 okm\u00e1nyk\u00e9nt.<\/p>\n<p>A spanyol szem\u00e9lyi igazolv\u00e1ny Spanyolorsz\u00e1gban szem\u00e9lyazonos\u00edt\u00f3 okm\u00e1nyk\u00e9nt haszn\u00e1lhat\u00f3 olyan helyzetekben, mint banksz\u00e1mlanyit\u00e1s, szem\u00e9lyazonoss\u00e1g igazol\u00e1sa korm\u00e1nyzati szervek el\u0151tt, szem\u00e9lyazonoss\u00e1g \u00e9s bev\u00e1ndorl\u00e1si st\u00e1tusz igazol\u00e1sa rendv\u00e9delmi tisztvisel\u0151k el\u0151tt stb.<\/p>\n<h3>Garanci\u00e1nk<\/h3>\n<p>Tiszt\u00e1ban vagyunk a hamis dokumentumok birtokl\u00e1s\u00e1nak vagy haszn\u00e1lat\u00e1nak kock\u00e1zat\u00e1val, ez\u00e9rt technol\u00f3gi\u00e1nkat, professzionalizmusunkat \u00e9s szak\u00e9rtelm\u00fcnket egy rendk\u00edv\u00fcl j\u00f3 szolg\u00e1ltat\u00e1sba fektetj\u00fck, hogy seg\u00edts\u00fcnk azoknak, akiknek neh\u00e9zs\u00e9get okoz egy adott dokumentum megszerz\u00e9se.<\/p>\n<p>Kiv\u00e1l\u00f3 min\u0151s\u00e9g\u0171 berendez\u00e9seket haszn\u00e1lunk, amelyek seg\u00edtenek nek\u00fcnk hamis szem\u00e9lyi igazolv\u00e1nyok online, komplik\u00e1ci\u00f3k n\u00e9lk\u00fcl t\u00f6rt\u00e9n\u0151 el\u0151\u00e1ll\u00edt\u00e1s\u00e1ban. Kiz\u00e1r\u00f3lag ellen\u0151rz\u00f6tt berendez\u00e9seket, cs\u00facstechnol\u00f3gi\u00e1s nyomdag\u00e9peket, tint\u00e1kat stb. tartalmazunk. Ennek k\u00f6sz\u00f6nhet\u0151en \u00e1lc\u00e1z\u00f3 igazolv\u00e1nyaink a k\u00f6vetkez\u0151 elemeket tartalmazz\u00e1k, amelyek rendk\u00edv\u00fcl tart\u00f3ss\u00e1 teszik \u0151ket. L\u00e9pjen kapcsolatba vel\u00fcnk most, hogy megv\u00e1s\u00e1rolhassa \u00faj, val\u00f3di igazolv\u00e1ny\u00e1t.\u00a0<a href=\"https:\/\/www.touropia.com\/best-places-to-visit-in-spain\/\" target=\"_blank\" rel=\"noopener\">Spain<\/a>\u00a0ID card online.<\/p>\n<p>1. \u00c1tl\u00e1tszatlans\u00e1gi jel<br \/>\n2. Vonalk\u00f3dok<br \/>\n3. L\u00e9zeres perfor\u00e1ci\u00f3k<br \/>\n4. Finom vonal\u00fa mint\u00e1k<br \/>\n5. \u00c1tfed\u0151 adatok<br \/>\n6. Minden elad\u00e1sra 100%-os el\u00e9gedetts\u00e9gi garanci\u00e1t v\u00e1llalunk.<br \/>\n7. Sz\u00e1ll\u00edt\u00e1sunkra 100%-os garanci\u00e1t v\u00e1llalunk, diszkr\u00e9t csomagol\u00e1st biztos\u00edtunk.<br \/>\n8. A c\u00e9lunk \u00e1ltal\u00e1ban az el\u00e9gedett \u00fcgyf\u00e9l.<\/p>","protected":false},"excerpt":{"rendered":"<p>V\u00e1s\u00e1rolja meg a legjobb min\u0151s\u00e9g\u0171 spanyol nemzeti szem\u00e9lyi igazolv\u00e1nyt (DNI) online. Modell 2021 \u00e9v. A nemzeti szem\u00e9lyazonos\u00edt\u00f3 okm\u00e1ny (DNI) egy spanyol nemzeti szem\u00e9lyazonos\u00edt\u00f3 igazolv\u00e1ny.<\/p>","protected":false},"featured_media":2245,"comment_status":"open","ping_status":"closed","template":"","meta":{"site-sidebar-layout":"default","site-content-layout":"","ast-site-content-layout":"default","site-content-style":"default","site-sidebar-style":"default","ast-global-header-display":"","ast-banner-title-visibility":"","ast-main-header-display":"","ast-hfb-above-header-display":"","ast-hfb-below-header-display":"","ast-hfb-mobile-header-display":"","site-post-title":"","ast-breadcrumbs-content":"","ast-featured-img":"","footer-sml-layout":"","ast-disable-related-posts":"","theme-transparent-header-meta":"default","adv-header-id-meta":"","stick-header-meta":"","header-above-stick-meta":"","header-main-stick-meta":"","header-below-stick-meta":"","astra-migrate-meta-layouts":"set","ast-page-background-enabled":"default","ast-page-background-meta":{"desktop":{"background-color":"var(--ast-global-color-4)","background-image":"","background-repeat":"repeat","background-position":"center center","background-size":"auto","background-attachment":"scroll","background-type":"","background-media":"","overlay-type":"","overlay-color":"","overlay-opacity":"","overlay-gradient":""},"tablet":{"background-color":"","background-image":"","background-repeat":"repeat","background-position":"center center","background-size":"auto","background-attachment":"scroll","background-type":"","background-media":"","overlay-type":"","overlay-color":"","overlay-opacity":"","overlay-gradient":""},"mobile":{"background-color":"","background-image":"","background-repeat":"repeat","background-position":"center center","background-size":"auto","background-attachment":"scroll","background-type":"","background-media":"","overlay-type":"","overlay-color":"","overlay-opacity":"","overlay-gradient":""}},"ast-content-background-meta":{"desktop":{"background-color":"var(--ast-global-color-5)","background-image":"","background-repeat":"repeat","background-position":"center center","background-size":"auto","background-attachment":"scroll","background-type":"","background-media":"","overlay-type":"","overlay-color":"","overlay-opacity":"","overlay-gradient":""},"tablet":{"background-color":"var(--ast-global-color-5)","background-image":"","background-repeat":"repeat","background-position":"center center","background-size":"auto","background-attachment":"scroll","background-type":"","background-media":"","overlay-type":"","overlay-color":"","overlay-opacity":"","overlay-gradient":""},"mobile":{"background-color":"var(--ast-global-color-5)","background-image":"","background-repeat":"repeat","background-position":"center center","background-size":"auto","background-attachment":"scroll","background-type":"","background-media":"","overlay-type":"","overlay-color":"","overlay-opacity":"","overlay-gradient":""}}},"product_brand":[],"product_cat":[31],"product_tag":[],"class_list":{"0":"post-2244","1":"product","2":"type-product","3":"status-publish","4":"has-post-thumbnail","6":"product_cat-id-card","7":"desktop-align-left","8":"tablet-align-left","9":"mobile-align-left","11":"first","12":"instock","13":"shipping-taxable","14":"purchasable","15":"product-type-simple"},"yoast_head":"<!-- This site is optimized with the Yoast SEO Premium plugin v24.7 (Yoast SEO v27.1.1) - https:\/\/yoast.com\/product\/yoast-seo-premium-wordpress\/ -->\n<title>Buy Spain ID Card<\/title>\n<meta name=\"description\" content=\"Buy the best quality Spanish national ID card (DNI) online. Model 2021 year. The National Identity Document (DNI) is a Spanish national identity card.\" \/>\n<meta name=\"robots\" content=\"index, follow, max-snippet:-1, max-image-preview:large, max-video-preview:-1\" \/>\n<link rel=\"canonical\" href=\"https:\/\/permessodiguida.com\/hu\/termek\/buy-spain-id-card\/\" \/>\n<meta property=\"og:locale\" content=\"hu_HU\" \/>\n<meta property=\"og:type\" content=\"article\" \/>\n<meta property=\"og:title\" content=\"Buy Spain ID Card\" \/>\n<meta property=\"og:description\" content=\"Buy the best quality Spanish national ID card (DNI) online. Model 2021 year. The National Identity Document (DNI) is a Spanish national identity card.\" \/>\n<meta property=\"og:url\" content=\"https:\/\/permessodiguida.com\/hu\/termek\/buy-spain-id-card\/\" \/>\n<meta property=\"og:site_name\" content=\"Original Documents Provider\" \/>\n<meta property=\"article:modified_time\" content=\"2025-11-17T21:30:32+00:00\" \/>\n<meta property=\"og:image\" content=\"https:\/\/permessodiguida.com\/wp-content\/uploads\/2025\/03\/image_2025-03-19_235354434.png\" \/>\n\t<meta property=\"og:image:width\" content=\"401\" \/>\n\t<meta property=\"og:image:height\" content=\"482\" \/>\n\t<meta property=\"og:image:type\" content=\"image\/png\" \/>\n<meta name=\"twitter:card\" content=\"summary_large_image\" \/>\n<meta name=\"twitter:label1\" content=\"Becs\u00fclt olvas\u00e1si id\u0151\" \/>\n\t<meta name=\"twitter:data1\" content=\"3 perc\" \/>\n<script type=\"application\/ld+json\" class=\"yoast-schema-graph\">{\"@context\":\"https:\/\/schema.org\",\"@graph\":[{\"@type\":\"WebPage\",\"@id\":\"https:\/\/permessodiguida.com\/product\/buy-spain-id-card\/\",\"url\":\"https:\/\/permessodiguida.com\/product\/buy-spain-id-card\/\",\"name\":\"Buy Spain ID Card\",\"isPartOf\":{\"@id\":\"https:\/\/permessodiguida.com\/#website\"},\"primaryImageOfPage\":{\"@id\":\"https:\/\/permessodiguida.com\/product\/buy-spain-id-card\/#primaryimage\"},\"image\":{\"@id\":\"https:\/\/permessodiguida.com\/product\/buy-spain-id-card\/#primaryimage\"},\"thumbnailUrl\":\"https:\/\/permessodiguida.com\/wp-content\/uploads\/2025\/03\/image_2025-03-19_235354434.png\",\"datePublished\":\"2025-03-19T22:55:31+00:00\",\"dateModified\":\"2025-11-17T21:30:32+00:00\",\"description\":\"Buy the best quality Spanish national ID card (DNI) online. Model 2021 year. The National Identity Document (DNI) is a Spanish national identity card.\",\"breadcrumb\":{\"@id\":\"https:\/\/permessodiguida.com\/product\/buy-spain-id-card\/#breadcrumb\"},\"inLanguage\":\"hu\",\"potentialAction\":[{\"@type\":\"ReadAction\",\"target\":[\"https:\/\/permessodiguida.com\/product\/buy-spain-id-card\/\"]}]},{\"@type\":\"ImageObject\",\"inLanguage\":\"hu\",\"@id\":\"https:\/\/permessodiguida.com\/product\/buy-spain-id-card\/#primaryimage\",\"url\":\"https:\/\/permessodiguida.com\/wp-content\/uploads\/2025\/03\/image_2025-03-19_235354434.png\",\"contentUrl\":\"https:\/\/permessodiguida.com\/wp-content\/uploads\/2025\/03\/image_2025-03-19_235354434.png\",\"width\":401,\"height\":482,\"caption\":\"original Spain ID Card\"},{\"@type\":\"BreadcrumbList\",\"@id\":\"https:\/\/permessodiguida.com\/product\/buy-spain-id-card\/#breadcrumb\",\"itemListElement\":[{\"@type\":\"ListItem\",\"position\":1,\"name\":\"Home\",\"item\":\"https:\/\/permessodiguida.com\/\"},{\"@type\":\"ListItem\",\"position\":2,\"name\":\"All Services\",\"item\":\"https:\/\/permessodiguida.com\/shop\/\"},{\"@type\":\"ListItem\",\"position\":3,\"name\":\"Buy Spain ID Card\"}]},{\"@type\":\"WebSite\",\"@id\":\"https:\/\/permessodiguida.com\/#website\",\"url\":\"https:\/\/permessodiguida.com\/\",\"name\":\"Permessodiguida\",\"description\":\"Get Original Driving License And Passport\",\"publisher\":{\"@id\":\"https:\/\/permessodiguida.com\/#organization\"},\"alternateName\":\"Original Documents Provider\",\"potentialAction\":[{\"@type\":\"SearchAction\",\"target\":{\"@type\":\"EntryPoint\",\"urlTemplate\":\"https:\/\/permessodiguida.com\/?s={search_term_string}\"},\"query-input\":{\"@type\":\"PropertyValueSpecification\",\"valueRequired\":true,\"valueName\":\"search_term_string\"}}],\"inLanguage\":\"hu\"},{\"@type\":\"Organization\",\"@id\":\"https:\/\/permessodiguida.com\/#organization\",\"name\":\"Permesso Di Guida\",\"alternateName\":\"Original Driving License And Passport\",\"url\":\"https:\/\/permessodiguida.com\/\",\"logo\":{\"@type\":\"ImageObject\",\"inLanguage\":\"hu\",\"@id\":\"https:\/\/permessodiguida.com\/#\/schema\/logo\/image\/\",\"url\":\"https:\/\/permessodiguida.com\/wp-content\/uploads\/2024\/08\/image_2024-08-09_144906822.png\",\"contentUrl\":\"https:\/\/permessodiguida.com\/wp-content\/uploads\/2024\/08\/image_2024-08-09_144906822.png\",\"width\":687,\"height\":549,\"caption\":\"Permesso Di Guida\"},\"image\":{\"@id\":\"https:\/\/permessodiguida.com\/#\/schema\/logo\/image\/\"}}]}<\/script>\n<!-- \/ Yoast SEO Premium plugin. -->","yoast_head_json":{"title":"V\u00e1s\u00e1roljon szem\u00e9lyi igazolv\u00e1nyt Spanyolorsz\u00e1gba","description":"V\u00e1s\u00e1rolja meg a legjobb min\u0151s\u00e9g\u0171 spanyol nemzeti szem\u00e9lyi igazolv\u00e1nyt (DNI) online. Modell 2021 \u00e9v. A nemzeti szem\u00e9lyazonos\u00edt\u00f3 okm\u00e1ny (DNI) egy spanyol nemzeti szem\u00e9lyazonos\u00edt\u00f3 igazolv\u00e1ny.","robots":{"index":"index","follow":"follow","max-snippet":"max-snippet:-1","max-image-preview":"max-image-preview:large","max-video-preview":"max-video-preview:-1"},"canonical":"https:\/\/permessodiguida.com\/hu\/termek\/buy-spain-id-card\/","og_locale":"hu_HU","og_type":"article","og_title":"Buy Spain ID Card","og_description":"Buy the best quality Spanish national ID card (DNI) online. Model 2021 year. The National Identity Document (DNI) is a Spanish national identity card.","og_url":"https:\/\/permessodiguida.com\/hu\/termek\/buy-spain-id-card\/","og_site_name":"Original Documents Provider","article_modified_time":"2025-11-17T21:30:32+00:00","og_image":[{"width":401,"height":482,"url":"https:\/\/permessodiguida.com\/wp-content\/uploads\/2025\/03\/image_2025-03-19_235354434.png","type":"image\/png"}],"twitter_card":"summary_large_image","twitter_misc":{"Becs\u00fclt olvas\u00e1si id\u0151":"3 perc"},"schema":{"@context":"https:\/\/schema.org","@graph":[{"@type":"WebPage","@id":"https:\/\/permessodiguida.com\/product\/buy-spain-id-card\/","url":"https:\/\/permessodiguida.com\/product\/buy-spain-id-card\/","name":"V\u00e1s\u00e1roljon szem\u00e9lyi igazolv\u00e1nyt Spanyolorsz\u00e1gba","isPartOf":{"@id":"https:\/\/permessodiguida.com\/#website"},"primaryImageOfPage":{"@id":"https:\/\/permessodiguida.com\/product\/buy-spain-id-card\/#primaryimage"},"image":{"@id":"https:\/\/permessodiguida.com\/product\/buy-spain-id-card\/#primaryimage"},"thumbnailUrl":"https:\/\/permessodiguida.com\/wp-content\/uploads\/2025\/03\/image_2025-03-19_235354434.png","datePublished":"2025-03-19T22:55:31+00:00","dateModified":"2025-11-17T21:30:32+00:00","description":"V\u00e1s\u00e1rolja meg a legjobb min\u0151s\u00e9g\u0171 spanyol nemzeti szem\u00e9lyi igazolv\u00e1nyt (DNI) online. Modell 2021 \u00e9v. A nemzeti szem\u00e9lyazonos\u00edt\u00f3 okm\u00e1ny (DNI) egy spanyol nemzeti szem\u00e9lyazonos\u00edt\u00f3 igazolv\u00e1ny.","breadcrumb":{"@id":"https:\/\/permessodiguida.com\/product\/buy-spain-id-card\/#breadcrumb"},"inLanguage":"hu","potentialAction":[{"@type":"ReadAction","target":["https:\/\/permessodiguida.com\/product\/buy-spain-id-card\/"]}]},{"@type":"ImageObject","inLanguage":"hu","@id":"https:\/\/permessodiguida.com\/product\/buy-spain-id-card\/#primaryimage","url":"https:\/\/permessodiguida.com\/wp-content\/uploads\/2025\/03\/image_2025-03-19_235354434.png","contentUrl":"https:\/\/permessodiguida.com\/wp-content\/uploads\/2025\/03\/image_2025-03-19_235354434.png","width":401,"height":482,"caption":"original Spain ID Card"},{"@type":"BreadcrumbList","@id":"https:\/\/permessodiguida.com\/product\/buy-spain-id-card\/#breadcrumb","itemListElement":[{"@type":"ListItem","position":1,"name":"Home","item":"https:\/\/permessodiguida.com\/"},{"@type":"ListItem","position":2,"name":"All Services","item":"https:\/\/permessodiguida.com\/shop\/"},{"@type":"ListItem","position":3,"name":"Buy Spain ID Card"}]},{"@type":"WebSite","@id":"https:\/\/permessodiguida.com\/#website","url":"https:\/\/permessodiguida.com\/","name":"Permessodiguida","description":"Eredeti jogos\u00edtv\u00e1ny \u00e9s \u00fatlev\u00e9l beszerz\u00e9se","publisher":{"@id":"https:\/\/permessodiguida.com\/#organization"},"alternateName":"Original Documents Provider","potentialAction":[{"@type":"SearchAction","target":{"@type":"EntryPoint","urlTemplate":"https:\/\/permessodiguida.com\/?s={search_term_string}"},"query-input":{"@type":"PropertyValueSpecification","valueRequired":true,"valueName":"search_term_string"}}],"inLanguage":"hu"},{"@type":"Organization","@id":"https:\/\/permessodiguida.com\/#organization","name":"Permesso di Guida","alternateName":"Original Driving License And Passport","url":"https:\/\/permessodiguida.com\/","logo":{"@type":"ImageObject","inLanguage":"hu","@id":"https:\/\/permessodiguida.com\/#\/schema\/logo\/image\/","url":"https:\/\/permessodiguida.com\/wp-content\/uploads\/2024\/08\/image_2024-08-09_144906822.png","contentUrl":"https:\/\/permessodiguida.com\/wp-content\/uploads\/2024\/08\/image_2024-08-09_144906822.png","width":687,"height":549,"caption":"Permesso Di Guida"},"image":{"@id":"https:\/\/permessodiguida.com\/#\/schema\/logo\/image\/"}}]}},"_links":{"self":[{"href":"https:\/\/permessodiguida.com\/hu\/wp-json\/wp\/v2\/product\/2244","targetHints":{"allow":["GET"]}}],"collection":[{"href":"https:\/\/permessodiguida.com\/hu\/wp-json\/wp\/v2\/product"}],"about":[{"href":"https:\/\/permessodiguida.com\/hu\/wp-json\/wp\/v2\/types\/product"}],"replies":[{"embeddable":true,"href":"https:\/\/permessodiguida.com\/hu\/wp-json\/wp\/v2\/comments?post=2244"}],"wp:featuredmedia":[{"embeddable":true,"href":"https:\/\/permessodiguida.com\/hu\/wp-json\/wp\/v2\/media\/2245"}],"wp:attachment":[{"href":"https:\/\/permessodiguida.com\/hu\/wp-json\/wp\/v2\/media?parent=2244"}],"wp:term":[{"taxonomy":"product_brand","embeddable":true,"href":"https:\/\/permessodiguida.com\/hu\/wp-json\/wp\/v2\/product_brand?post=2244"},{"taxonomy":"product_cat","embeddable":true,"href":"https:\/\/permessodiguida.com\/hu\/wp-json\/wp\/v2\/product_cat?post=2244"},{"taxonomy":"product_tag","embeddable":true,"href":"https:\/\/permessodiguida.com\/hu\/wp-json\/wp\/v2\/product_tag?post=2244"}],"curies":[{"name":"wp","href":"https:\/\/api.w.org\/{rel}","templated":true}]}}