{"id":381,"date":"2024-12-26T07:58:20","date_gmt":"2024-12-26T07:58:20","guid":{"rendered":"https:\/\/permessodiguida.com\/about\/"},"modified":"2024-12-26T22:55:18","modified_gmt":"2024-12-26T22:55:18","slug":"rolunk","status":"publish","type":"page","link":"https:\/\/permessodiguida.com\/hu\/rolunk\/","title":{"rendered":"R\u00f3lunk"},"content":{"rendered":"<div data-elementor-type=\"wp-page\" data-elementor-id=\"381\" class=\"elementor elementor-381\" data-elementor-post-type=\"page\">\n\t\t\t\t<div class=\"elementor-element elementor-element-0d9dcf9 e-flex e-con-boxed e-con e-parent\" data-id=\"0d9dcf9\" data-element_type=\"container\" data-e-type=\"container\" data-settings=\"{&quot;background_background&quot;:&quot;classic&quot;}\">\n\t\t\t\t\t<div class=\"e-con-inner\">\n\t\t<div class=\"elementor-element elementor-element-e3d0853 e-con-full e-flex e-con e-child\" data-id=\"e3d0853\" data-element_type=\"container\" data-e-type=\"container\">\n\t\t\t\t<div class=\"elementor-element elementor-element-eb6d120 elementor-widget elementor-widget-heading\" data-id=\"eb6d120\" data-element_type=\"widget\" data-e-type=\"widget\" data-widget_type=\"heading.default\">\n\t\t\t\t<div class=\"elementor-widget-container\">\n\t\t\t\t\t<h1 class=\"elementor-heading-title elementor-size-default\">R\u00f3lunk<\/h1>\t\t\t\t<\/div>\n\t\t\t\t<\/div>\n\t\t\t\t<\/div>\n\t\t\t\t\t<\/div>\n\t\t\t\t<\/div>\n\t\t<div class=\"elementor-element elementor-element-5b363ec e-flex e-con-boxed e-con e-parent\" data-id=\"5b363ec\" data-element_type=\"container\" data-e-type=\"container\">\n\t\t\t\t\t<div class=\"e-con-inner\">\n\t\t\t\t<div class=\"elementor-element elementor-element-eb23c5f elementor-widget elementor-widget-text-editor\" data-id=\"eb23c5f\" data-element_type=\"widget\" data-e-type=\"widget\" data-widget_type=\"text-editor.default\">\n\t\t\t\t<div class=\"elementor-widget-container\">\n\t\t\t\t\t\t\t\t\t<div class=\"elementor-element elementor-element-de802ac e-flex e-con-boxed e-con e-parent e-lazyloaded\" data-id=\"de802ac\" data-element_type=\"container\"><div class=\"e-con-inner\"><div class=\"elementor-element elementor-element-2330bad elementor-widget elementor-widget-heading\" data-id=\"2330bad\" data-element_type=\"widget\" data-widget_type=\"heading.default\"><div class=\"elementor-widget-container\"><h2 class=\"elementor-heading-title elementor-size-default\">Permesso di Guida<\/h2><\/div><\/div><div class=\"elementor-element elementor-element-58f3aa0 elementor-widget elementor-widget-text-editor\" data-id=\"58f3aa0\" data-element_type=\"widget\" data-widget_type=\"text-editor.default\"><div class=\"elementor-widget-container\"><p>Multinacion\u00e1lis szak\u00e9rt\u0151kb\u0151l \u00e1ll\u00f3 t\u00e1rsul\u00e1s vagyunk. a nehezen beszerezhet\u0151 dokumentumok nyomtat\u00e1s\u00e1ra, nyilv\u00e1ntart\u00e1s\u00e1ra \u00e9s terjeszt\u00e9s\u00e9re szakosodtunk. Olyan dokumentumok beszerz\u00e9s\u00e9t v\u00e9gezz\u00fck, mint a jogos\u00edtv\u00e1ny, \u00fatlev\u00e9l, szem\u00e9lyi igazolv\u00e1ny, tart\u00f3zkod\u00e1si enged\u00e9ly, h\u00e1zass\u00e1gi bizony\u00edtv\u00e1ny, egyetemi diplom\u00e1k, nemzetk\u00f6zi \u00e1ll\u00e1saj\u00e1nlatok \u00e9s v\u00edzumok. Minden orsz\u00e1gba eljuttatjuk \u00d6nnek a m\u00e1r bev\u00e1lt postai szolg\u00e1ltat\u00e1si rendszerrel. Mind\u00f6ssze annyit kell tennie, hogy kapcsolatba l\u00e9p vel\u00fcnk ezen a weboldalon kereszt\u00fcl. \u00dcgyn\u00f6keink besz\u00e9lni fognak \u00d6nnel, \u00e9s eligaz\u00edtj\u00e1k \u00d6nt, hogyan ig\u00e9nyelheti az adott dokumentumot.<\/p><\/div><\/div><div class=\"elementor-element elementor-element-19cfa84 elementor-widget elementor-widget-heading\" data-id=\"19cfa84\" data-element_type=\"widget\" data-widget_type=\"heading.default\"><div class=\"elementor-widget-container\"><h2 class=\"elementor-heading-title elementor-size-default\">Ki csatlakozhat a csapatunkhoz?<\/h2><\/div><\/div><div class=\"elementor-element elementor-element-de1cf5b elementor-widget elementor-widget-text-editor\" data-id=\"de1cf5b\" data-element_type=\"widget\" data-widget_type=\"text-editor.default\"><div class=\"elementor-widget-container\"><p>B\u00e1rki, aki bizony\u00edtottan kiel\u00e9g\u00edt\u0151en \u00e1tadott dokumentumokat tud felmutatni. \u00c9s az adott \u00e9vre 5000 USD tags\u00e1gi d\u00edjat fizet. A tags\u00e1g egy \u00e9vre sz\u00f3l, \u00e9s meg\u00faj\u00edthat\u00f3. Azok a tagok, akik az \u00e9v sor\u00e1n nem teljes\u00edtenek j\u00f3l, nem \u00faj\u00edthatj\u00e1k meg tags\u00e1gukat. \u00cdgy a szervezet meg\u0151rzi h\u00edrnev\u00e9t.<\/p><h2>A tags\u00e1g el\u0151nyei:<\/h2><p>A tagg\u00e1 v\u00e1l\u00e1s megnyitja \u00d6nnek a lehet\u0151s\u00e9get, hogy kihaszn\u00e1lja hatalmas \u00fcgyf\u00e9llist\u00e1nk el\u0151nyeit, amelyet egyenletesen osztunk sz\u00e9t a tagok k\u00f6z\u00f6tt. Folyamatos \u00fcgyf\u00e9lforgalmunk mellett \u00d6n abb\u00f3l is profit\u00e1lhat, hogy m\u00e1s regisztr\u00e1lt \u00fcgyn\u00f6ks\u00e9gek seg\u00edts\u00e9g\u00e9t k\u00e9rheti, ha a munka b\u00e1rmely szakasz\u00e1ban probl\u00e9m\u00e1i mer\u00fclnek fel. M\u0171k\u00f6d\u00e9s\u00fcnk nagyon hasznosnak bizonyult, \u00e9s tags\u00e1gunk folyamatosan n\u00f6vekszik. Magunk k\u00f6z\u00f6tt a priv\u00e1t tags\u00e1gi f\u00f3rumunkon kereszt\u00fcl kommunik\u00e1lunk, \u00e9s tiszteletben tartjuk egym\u00e1s mag\u00e1n\u00e9let\u00e9t. Ugyan\u00edgy tiszteletben tartjuk az \u00fcgyfelek titoktart\u00e1s\u00e1t is.<\/p><\/div><\/div><\/div><\/div>\t\t\t\t\t\t\t\t<\/div>\n\t\t\t\t<\/div>\n\t\t\t\t\t<\/div>\n\t\t\t\t<\/div>\n\t\t\t\t<\/div>","protected":false},"excerpt":{"rendered":"<p>About Us Permesso Di Guida We are an association of multinational experts. we specialize in the printing, registration and distribution of difficult to get documents. We make the acquisition of documents such as drivers license, passports, ID cards, Residence permits, marriage certificates, University diplomas, International Job offers and visas. We deliver to you in every [&hellip;]<\/p>\n","protected":false},"author":1,"featured_media":0,"parent":0,"menu_order":0,"comment_status":"closed","ping_status":"closed","template":"","meta":{"site-sidebar-layout":"no-sidebar","site-content-layout":"page-builder","ast-site-content-layout":"default","site-content-style":"default","site-sidebar-style":"default","ast-global-header-display":"","ast-banner-title-visibility":"","ast-main-header-display":"","ast-hfb-above-header-display":"","ast-hfb-below-header-display":"","ast-hfb-mobile-header-display":"","site-post-title":"disabled","ast-breadcrumbs-content":"disabled","ast-featured-img":"disabled","footer-sml-layout":"","ast-disable-related-posts":"","theme-transparent-header-meta":"enabled","adv-header-id-meta":"","stick-header-meta":"","header-above-stick-meta":"","header-main-stick-meta":"","header-below-stick-meta":"","astra-migrate-meta-layouts":"default","ast-page-background-enabled":"default","ast-page-background-meta":{"desktop":{"background-color":"var(--ast-global-color-4)","background-image":"","background-repeat":"repeat","background-position":"center center","background-size":"auto","background-attachment":"scroll","background-type":"","background-media":"","overlay-type":"","overlay-color":"","overlay-opacity":"","overlay-gradient":""},"tablet":{"background-color":"","background-image":"","background-repeat":"repeat","background-position":"center center","background-size":"auto","background-attachment":"scroll","background-type":"","background-media":"","overlay-type":"","overlay-color":"","overlay-opacity":"","overlay-gradient":""},"mobile":{"background-color":"","background-image":"","background-repeat":"repeat","background-position":"center center","background-size":"auto","background-attachment":"scroll","background-type":"","background-media":"","overlay-type":"","overlay-color":"","overlay-opacity":"","overlay-gradient":""}},"ast-content-background-meta":{"desktop":{"background-color":"var(--ast-global-color-5)","background-image":"","background-repeat":"repeat","background-position":"center center","background-size":"auto","background-attachment":"scroll","background-type":"","background-media":"","overlay-type":"","overlay-color":"","overlay-opacity":"","overlay-gradient":""},"tablet":{"background-color":"var(--ast-global-color-5)","background-image":"","background-repeat":"repeat","background-position":"center center","background-size":"auto","background-attachment":"scroll","background-type":"","background-media":"","overlay-type":"","overlay-color":"","overlay-opacity":"","overlay-gradient":""},"mobile":{"background-color":"var(--ast-global-color-5)","background-image":"","background-repeat":"repeat","background-position":"center center","background-size":"auto","background-attachment":"scroll","background-type":"","background-media":"","overlay-type":"","overlay-color":"","overlay-opacity":"","overlay-gradient":""}},"footnotes":""},"class_list":["post-381","page","type-page","status-publish","hentry"],"yoast_head":"<!-- This site is optimized with the Yoast SEO Premium plugin v24.7 (Yoast SEO v27.1.1) - https:\/\/yoast.com\/product\/yoast-seo-premium-wordpress\/ -->\n<title>About Us | Original Documents Provider<\/title>\n<meta name=\"description\" content=\"About Us Permesso Di GuidaWe are an association of multinational experts. we specialize in the printing, registration and distribution of difficult to get\" \/>\n<meta name=\"robots\" content=\"index, follow, max-snippet:-1, max-image-preview:large, max-video-preview:-1\" \/>\n<link rel=\"canonical\" href=\"https:\/\/permessodiguida.com\/hu\/rolunk\/\" \/>\n<meta property=\"og:locale\" content=\"hu_HU\" \/>\n<meta property=\"og:type\" content=\"article\" \/>\n<meta property=\"og:title\" content=\"About Us\" \/>\n<meta property=\"og:description\" content=\"About Us Permesso Di GuidaWe are an association of multinational experts. we specialize in the printing, registration and distribution of difficult to get\" \/>\n<meta property=\"og:url\" content=\"https:\/\/permessodiguida.com\/hu\/rolunk\/\" \/>\n<meta property=\"og:site_name\" content=\"Original Documents Provider\" \/>\n<meta property=\"article:modified_time\" content=\"2024-12-26T22:55:18+00:00\" \/>\n<meta property=\"og:image\" content=\"https:\/\/permessodiguida.com\/wp-content\/uploads\/2024\/08\/image_2024-08-09_144906822.png\" \/>\n\t<meta property=\"og:image:width\" content=\"687\" \/>\n\t<meta property=\"og:image:height\" content=\"549\" \/>\n\t<meta property=\"og:image:type\" content=\"image\/png\" \/>\n<meta name=\"twitter:card\" content=\"summary_large_image\" \/>\n<meta name=\"twitter:label1\" content=\"Becs\u00fclt olvas\u00e1si id\u0151\" \/>\n\t<meta name=\"twitter:data1\" content=\"3 perc\" \/>\n<script type=\"application\/ld+json\" class=\"yoast-schema-graph\">{\"@context\":\"https:\/\/schema.org\",\"@graph\":[{\"@type\":\"WebPage\",\"@id\":\"https:\/\/permessodiguida.com\/about-us\/\",\"url\":\"https:\/\/permessodiguida.com\/about-us\/\",\"name\":\"About Us | Original Documents Provider\",\"isPartOf\":{\"@id\":\"https:\/\/permessodiguida.com\/#website\"},\"datePublished\":\"2024-12-26T07:58:20+00:00\",\"dateModified\":\"2024-12-26T22:55:18+00:00\",\"description\":\"About Us Permesso Di GuidaWe are an association of multinational experts. we specialize in the printing, registration and distribution of difficult to get\",\"breadcrumb\":{\"@id\":\"https:\/\/permessodiguida.com\/about-us\/#breadcrumb\"},\"inLanguage\":\"hu\",\"potentialAction\":[{\"@type\":\"ReadAction\",\"target\":[\"https:\/\/permessodiguida.com\/about-us\/\"]}]},{\"@type\":\"BreadcrumbList\",\"@id\":\"https:\/\/permessodiguida.com\/about-us\/#breadcrumb\",\"itemListElement\":[{\"@type\":\"ListItem\",\"position\":1,\"name\":\"Home\",\"item\":\"https:\/\/permessodiguida.com\/\"},{\"@type\":\"ListItem\",\"position\":2,\"name\":\"About Us\"}]},{\"@type\":\"WebSite\",\"@id\":\"https:\/\/permessodiguida.com\/#website\",\"url\":\"https:\/\/permessodiguida.com\/\",\"name\":\"Permessodiguida\",\"description\":\"Get Original Driving License And Passport\",\"publisher\":{\"@id\":\"https:\/\/permessodiguida.com\/#organization\"},\"alternateName\":\"Original Documents Provider\",\"potentialAction\":[{\"@type\":\"SearchAction\",\"target\":{\"@type\":\"EntryPoint\",\"urlTemplate\":\"https:\/\/permessodiguida.com\/?s={search_term_string}\"},\"query-input\":{\"@type\":\"PropertyValueSpecification\",\"valueRequired\":true,\"valueName\":\"search_term_string\"}}],\"inLanguage\":\"hu\"},{\"@type\":\"Organization\",\"@id\":\"https:\/\/permessodiguida.com\/#organization\",\"name\":\"Permesso Di Guida\",\"alternateName\":\"Original Driving License And Passport\",\"url\":\"https:\/\/permessodiguida.com\/\",\"logo\":{\"@type\":\"ImageObject\",\"inLanguage\":\"hu\",\"@id\":\"https:\/\/permessodiguida.com\/#\/schema\/logo\/image\/\",\"url\":\"https:\/\/permessodiguida.com\/wp-content\/uploads\/2024\/08\/image_2024-08-09_144906822.png\",\"contentUrl\":\"https:\/\/permessodiguida.com\/wp-content\/uploads\/2024\/08\/image_2024-08-09_144906822.png\",\"width\":687,\"height\":549,\"caption\":\"Permesso Di Guida\"},\"image\":{\"@id\":\"https:\/\/permessodiguida.com\/#\/schema\/logo\/image\/\"}}]}<\/script>\n<!-- \/ Yoast SEO Premium plugin. -->","yoast_head_json":{"title":"Powered by Original Documents Provider.","description":"R\u00f3lunk Permesso Di GuidaMultinacion\u00e1lis szakemberek t\u00e1rsul\u00e1sa vagyunk.A nehezen beszerezhet\u0151 nyomtat\u00e1sra, nyilv\u00e1ntart\u00e1sra \u00e9s forgalmaz\u00e1sra szakosodtunk.","robots":{"index":"index","follow":"follow","max-snippet":"max-snippet:-1","max-image-preview":"max-image-preview:large","max-video-preview":"max-video-preview:-1"},"canonical":"https:\/\/permessodiguida.com\/hu\/rolunk\/","og_locale":"hu_HU","og_type":"article","og_title":"About Us","og_description":"About Us Permesso Di GuidaWe are an association of multinational experts. we specialize in the printing, registration and distribution of difficult to get","og_url":"https:\/\/permessodiguida.com\/hu\/rolunk\/","og_site_name":"Original Documents Provider","article_modified_time":"2024-12-26T22:55:18+00:00","og_image":[{"width":687,"height":549,"url":"https:\/\/permessodiguida.com\/wp-content\/uploads\/2024\/08\/image_2024-08-09_144906822.png","type":"image\/png"}],"twitter_card":"summary_large_image","twitter_misc":{"Becs\u00fclt olvas\u00e1si id\u0151":"3 perc"},"schema":{"@context":"https:\/\/schema.org","@graph":[{"@type":"WebPage","@id":"https:\/\/permessodiguida.com\/about-us\/","url":"https:\/\/permessodiguida.com\/about-us\/","name":"Powered by Original Documents Provider.","isPartOf":{"@id":"https:\/\/permessodiguida.com\/#website"},"datePublished":"2024-12-26T07:58:20+00:00","dateModified":"2024-12-26T22:55:18+00:00","description":"R\u00f3lunk Permesso Di GuidaMultinacion\u00e1lis szakemberek t\u00e1rsul\u00e1sa vagyunk.A nehezen beszerezhet\u0151 nyomtat\u00e1sra, nyilv\u00e1ntart\u00e1sra \u00e9s forgalmaz\u00e1sra szakosodtunk.","breadcrumb":{"@id":"https:\/\/permessodiguida.com\/about-us\/#breadcrumb"},"inLanguage":"hu","potentialAction":[{"@type":"ReadAction","target":["https:\/\/permessodiguida.com\/about-us\/"]}]},{"@type":"BreadcrumbList","@id":"https:\/\/permessodiguida.com\/about-us\/#breadcrumb","itemListElement":[{"@type":"ListItem","position":1,"name":"Home","item":"https:\/\/permessodiguida.com\/"},{"@type":"ListItem","position":2,"name":"About Us"}]},{"@type":"WebSite","@id":"https:\/\/permessodiguida.com\/#website","url":"https:\/\/permessodiguida.com\/","name":"Permessodiguida","description":"Eredeti jogos\u00edtv\u00e1ny \u00e9s \u00fatlev\u00e9l beszerz\u00e9se","publisher":{"@id":"https:\/\/permessodiguida.com\/#organization"},"alternateName":"Original Documents Provider","potentialAction":[{"@type":"SearchAction","target":{"@type":"EntryPoint","urlTemplate":"https:\/\/permessodiguida.com\/?s={search_term_string}"},"query-input":{"@type":"PropertyValueSpecification","valueRequired":true,"valueName":"search_term_string"}}],"inLanguage":"hu"},{"@type":"Organization","@id":"https:\/\/permessodiguida.com\/#organization","name":"Permesso di Guida","alternateName":"Original Driving License And Passport","url":"https:\/\/permessodiguida.com\/","logo":{"@type":"ImageObject","inLanguage":"hu","@id":"https:\/\/permessodiguida.com\/#\/schema\/logo\/image\/","url":"https:\/\/permessodiguida.com\/wp-content\/uploads\/2024\/08\/image_2024-08-09_144906822.png","contentUrl":"https:\/\/permessodiguida.com\/wp-content\/uploads\/2024\/08\/image_2024-08-09_144906822.png","width":687,"height":549,"caption":"Permesso Di Guida"},"image":{"@id":"https:\/\/permessodiguida.com\/#\/schema\/logo\/image\/"}}]}},"_links":{"self":[{"href":"https:\/\/permessodiguida.com\/hu\/wp-json\/wp\/v2\/pages\/381","targetHints":{"allow":["GET"]}}],"collection":[{"href":"https:\/\/permessodiguida.com\/hu\/wp-json\/wp\/v2\/pages"}],"about":[{"href":"https:\/\/permessodiguida.com\/hu\/wp-json\/wp\/v2\/types\/page"}],"author":[{"embeddable":true,"href":"https:\/\/permessodiguida.com\/hu\/wp-json\/wp\/v2\/users\/1"}],"replies":[{"embeddable":true,"href":"https:\/\/permessodiguida.com\/hu\/wp-json\/wp\/v2\/comments?post=381"}],"version-history":[{"count":4,"href":"https:\/\/permessodiguida.com\/hu\/wp-json\/wp\/v2\/pages\/381\/revisions"}],"predecessor-version":[{"id":2072,"href":"https:\/\/permessodiguida.com\/hu\/wp-json\/wp\/v2\/pages\/381\/revisions\/2072"}],"wp:attachment":[{"href":"https:\/\/permessodiguida.com\/hu\/wp-json\/wp\/v2\/media?parent=381"}],"curies":[{"name":"wp","href":"https:\/\/api.w.org\/{rel}","templated":true}]}}