{"id":3,"date":"2024-08-06T12:43:29","date_gmt":"2024-08-06T12:43:29","guid":{"rendered":"https:\/\/permessodiguida.com\/?page_id=3"},"modified":"2025-03-24T16:25:30","modified_gmt":"2025-03-24T16:25:30","slug":"adatvedelmi-szabalyzat","status":"publish","type":"page","link":"https:\/\/permessodiguida.com\/hu\/adatvedelmi-szabalyzat\/","title":{"rendered":"Adatv\u00e9delmi ir\u00e1nyelvek"},"content":{"rendered":"<h2 class=\"wp-block-heading\">Adatv\u00e9delmi szab\u00e1lyzatunk:<\/h2>\n\n\n\n<p>Ebben az \u00fczlet\u00e1gban, ahol sz\u00e1mos, k\u00fcl\u00f6nb\u00f6z\u0151 orsz\u00e1gb\u00f3l sz\u00e1rmaz\u00f3 \u00fcgyf\u00e9l sz\u00e1m\u00e1ra kell dokumentumokat gy\u00e1rtanunk, sok szem\u00e9lyes adatot kell kezeln\u00fcnk. El\u0151sz\u00f6r is, tudjuk, hogy b\u00e1r sok embernek seg\u00edt\u00fcnk ezzel az \u00fczlettel, fenntarthat\u00f3v\u00e1 kell tenn\u00fcnk, \u00e9s az els\u0151 l\u00e9p\u00e9s az, hogy mind a saj\u00e1t, mind az \u00fcgyfeleink adatait bizalmasan kezelj\u00fck. Ez\u00e9rt elk\u00f6telezettek vagyunk az adatok mag\u00e1n\u00e9letben tart\u00e1sa mellett, ez\u00e9rt nem ny\u00edrjuk ki m\u00e1s \u00fcgyfelek adatait m\u00e1s \u00fcgyfelekkel. M\u00e1sodszor, korl\u00e1tozzuk, hogy csak a sz\u00fcks\u00e9ges inform\u00e1ci\u00f3kat adja meg \u00fcgyn\u00f6keinknek. Emellett k\u00f6nnyen megismerhet\u0151, hogy milyen inform\u00e1ci\u00f3k sz\u00fcks\u00e9gesek az \u00d6n dokumentumaihoz. Ha szeretn\u00e9 tudni, hogy milyen dokumentumokra van sz\u00fcks\u00e9ge, akkor l\u00e1togasson el a \"hogyan kell megrendelni\" oldalra. Ezut\u00e1n menjen az adott dokumentumra, amelyet meg szeretne rendelni, \u00e9s n\u00e9zze meg az ig\u00e9nyl\u0151lapot.<\/p>\n\n\n\n<h3 class=\"wp-block-heading\">Mennyi ideig \u0151rizz\u00fck meg az \u00d6n adatait:<\/h3>\n\n\n\n<p>Mindenekel\u0151tt felh\u00edvjuk az \u00fcgyfelek figyelm\u00e9t, hogy adataikat kiz\u00e1r\u00f3lag a weboldalon tal\u00e1lhat\u00f3 WhatsApp sz\u00e1mon kereszt\u00fcl adhatj\u00e1k meg nek\u00fcnk, de haszn\u00e1lhatj\u00e1k a weboldal b\u00e1rmelyik oldal\u00e1n tal\u00e1lhat\u00f3 kapcsolatfelv\u00e9teli \u0171rlapot vagy jelentkez\u00e9si \u0171rlapot is. Tov\u00e1bb\u00e1, a Kapcsolatfelv\u00e9teli oldalon \u00fcgyfeleink az ezen az oldalon megadott e-mail c\u00edmen vagy Telegram seg\u00edts\u00e9g\u00e9vel adhatj\u00e1k meg nek\u00fcnk adataikat. Miut\u00e1n ezeket az adatokat megadtuk, nem adjuk tov\u00e1bb harmadik f\u00e9lnek, kiv\u00e9ve a regisztr\u00e1ci\u00f3s \u00fcgyn\u00f6k\u00f6ket, akik az \u00d6n adatait a regisztr\u00e1lt dokumentumok adatb\u00e1zis-rendszer\u00e9be helyezik. K\u00e9t h\u00e9ten bel\u00fcl az \u00d6n adatait biztons\u00e1gi ment\u00e9s n\u00e9lk\u00fcl t\u00f6r\u00f6lj\u00fck a rendszerb\u0151l, \u00edgy nem kock\u00e1ztatjuk meg, hogy nyilv\u00e1noss\u00e1gra hozzuk azokat.&nbsp;<\/p>\n\n\n\n<h3 class=\"wp-block-heading\">Extra v\u00e9delem az adatlop\u00e1s ellen<\/h3>\n\n\n\n<p>Az adatok kezel\u00e9s\u00e9re haszn\u00e1lt sz\u00e1m\u00edt\u00f3g\u00e9peket agressz\u00edv t\u0171zfal v\u00e9di, amelyet egy biztons\u00e1gi csapat folyamatosan friss\u00edt. Emellett az \u00fcgyn\u00f6keink munk\u00e1jukhoz haszn\u00e1lt telefonjait nem haszn\u00e1lj\u00e1k szem\u00e9lyes dolgokra, csak az extra \u00f3vatoss\u00e1g kedv\u00e9\u00e9rt. Hangs\u00falyozand\u00f3, hogy mi sem vessz\u00fck f\u00e9lv\u00e1llr\u00f3l azokat az \u00e1ll\u00edt\u00e1sokat, amelyek szerint \u00fcgyn\u00f6keink b\u00e1rmilyen okb\u00f3l kifoly\u00f3lag m\u00e1s \u00fcgyfelek adatait k\u00fcldik ki m\u00e1s \u00fcgyfeleknek. Ez\u00e9rt magabiztosan biztos\u00edthatjuk \u00d6nt arr\u00f3l, hogy adatai n\u00e1lunk teljes biztons\u00e1gban vannak.<\/p>","protected":false},"excerpt":{"rendered":"<p>Our Privacy Policy: In this line of business, having to manufacture documents for many clients from different countries, we happen to be dealing with so much personal data. In the first place, we know that while we help a lot of people with this business, we need to make it sustainable&nbsp; and the first step [&hellip;]<\/p>\n","protected":false},"author":1,"featured_media":0,"parent":0,"menu_order":0,"comment_status":"closed","ping_status":"open","template":"","meta":{"site-sidebar-layout":"default","site-content-layout":"","ast-site-content-layout":"default","site-content-style":"default","site-sidebar-style":"default","ast-global-header-display":"","ast-banner-title-visibility":"","ast-main-header-display":"","ast-hfb-above-header-display":"","ast-hfb-below-header-display":"","ast-hfb-mobile-header-display":"","site-post-title":"disabled","ast-breadcrumbs-content":"","ast-featured-img":"","footer-sml-layout":"","ast-disable-related-posts":"","theme-transparent-header-meta":"","adv-header-id-meta":"","stick-header-meta":"","header-above-stick-meta":"","header-main-stick-meta":"","header-below-stick-meta":"","astra-migrate-meta-layouts":"set","ast-page-background-enabled":"default","ast-page-background-meta":{"desktop":{"background-color":"var(--ast-global-color-4)","background-image":"","background-repeat":"repeat","background-position":"center center","background-size":"auto","background-attachment":"scroll","background-type":"","background-media":"","overlay-type":"","overlay-color":"","overlay-opacity":"","overlay-gradient":""},"tablet":{"background-color":"","background-image":"","background-repeat":"repeat","background-position":"center center","background-size":"auto","background-attachment":"scroll","background-type":"","background-media":"","overlay-type":"","overlay-color":"","overlay-opacity":"","overlay-gradient":""},"mobile":{"background-color":"","background-image":"","background-repeat":"repeat","background-position":"center center","background-size":"auto","background-attachment":"scroll","background-type":"","background-media":"","overlay-type":"","overlay-color":"","overlay-opacity":"","overlay-gradient":""}},"ast-content-background-meta":{"desktop":{"background-color":"var(--ast-global-color-5)","background-image":"","background-repeat":"repeat","background-position":"center center","background-size":"auto","background-attachment":"scroll","background-type":"","background-media":"","overlay-type":"","overlay-color":"","overlay-opacity":"","overlay-gradient":""},"tablet":{"background-color":"var(--ast-global-color-5)","background-image":"","background-repeat":"repeat","background-position":"center center","background-size":"auto","background-attachment":"scroll","background-type":"","background-media":"","overlay-type":"","overlay-color":"","overlay-opacity":"","overlay-gradient":""},"mobile":{"background-color":"var(--ast-global-color-5)","background-image":"","background-repeat":"repeat","background-position":"center center","background-size":"auto","background-attachment":"scroll","background-type":"","background-media":"","overlay-type":"","overlay-color":"","overlay-opacity":"","overlay-gradient":""}},"footnotes":""},"class_list":["post-3","page","type-page","status-publish","hentry"],"yoast_head":"<!-- This site is optimized with the Yoast SEO Premium plugin v24.7 (Yoast SEO v27.1.1) - https:\/\/yoast.com\/product\/yoast-seo-premium-wordpress\/ -->\n<title>Privacy Policy | Original Documents Provider<\/title>\n<meta name=\"description\" content=\"Our Privacy Policy: In this line of business, having to manufacture documents for many clients from different countries, we happen to be dealing with so\" \/>\n<meta name=\"robots\" content=\"index, follow, max-snippet:-1, max-image-preview:large, max-video-preview:-1\" \/>\n<link rel=\"canonical\" href=\"https:\/\/permessodiguida.com\/hu\/adatvedelmi-szabalyzat\/\" \/>\n<meta property=\"og:locale\" content=\"hu_HU\" \/>\n<meta property=\"og:type\" content=\"article\" \/>\n<meta property=\"og:title\" content=\"Privacy Policy\" \/>\n<meta property=\"og:description\" content=\"Our Privacy Policy: In this line of business, having to manufacture documents for many clients from different countries, we happen to be dealing with so\" \/>\n<meta property=\"og:url\" content=\"https:\/\/permessodiguida.com\/hu\/adatvedelmi-szabalyzat\/\" \/>\n<meta property=\"og:site_name\" content=\"Original Documents Provider\" \/>\n<meta property=\"article:modified_time\" content=\"2025-03-24T16:25:30+00:00\" \/>\n<meta property=\"og:image\" content=\"https:\/\/permessodiguida.com\/wp-content\/uploads\/2024\/08\/image_2024-08-09_144906822.png\" \/>\n\t<meta property=\"og:image:width\" content=\"687\" \/>\n\t<meta property=\"og:image:height\" content=\"549\" \/>\n\t<meta property=\"og:image:type\" content=\"image\/png\" \/>\n<meta name=\"twitter:card\" content=\"summary_large_image\" \/>\n<meta name=\"twitter:label1\" content=\"Becs\u00fclt olvas\u00e1si id\u0151\" \/>\n\t<meta name=\"twitter:data1\" content=\"2 perc\" \/>\n<script type=\"application\/ld+json\" class=\"yoast-schema-graph\">{\"@context\":\"https:\/\/schema.org\",\"@graph\":[{\"@type\":\"WebPage\",\"@id\":\"https:\/\/permessodiguida.com\/privacy-policy\/\",\"url\":\"https:\/\/permessodiguida.com\/privacy-policy\/\",\"name\":\"Privacy Policy | Original Documents Provider\",\"isPartOf\":{\"@id\":\"https:\/\/permessodiguida.com\/#website\"},\"datePublished\":\"2024-08-06T12:43:29+00:00\",\"dateModified\":\"2025-03-24T16:25:30+00:00\",\"description\":\"Our Privacy Policy: In this line of business, having to manufacture documents for many clients from different countries, we happen to be dealing with so\",\"breadcrumb\":{\"@id\":\"https:\/\/permessodiguida.com\/privacy-policy\/#breadcrumb\"},\"inLanguage\":\"hu\",\"potentialAction\":[{\"@type\":\"ReadAction\",\"target\":[\"https:\/\/permessodiguida.com\/privacy-policy\/\"]}]},{\"@type\":\"BreadcrumbList\",\"@id\":\"https:\/\/permessodiguida.com\/privacy-policy\/#breadcrumb\",\"itemListElement\":[{\"@type\":\"ListItem\",\"position\":1,\"name\":\"Home\",\"item\":\"https:\/\/permessodiguida.com\/\"},{\"@type\":\"ListItem\",\"position\":2,\"name\":\"Privacy Policy\"}]},{\"@type\":\"WebSite\",\"@id\":\"https:\/\/permessodiguida.com\/#website\",\"url\":\"https:\/\/permessodiguida.com\/\",\"name\":\"Permessodiguida\",\"description\":\"Get Original Driving License And Passport\",\"publisher\":{\"@id\":\"https:\/\/permessodiguida.com\/#organization\"},\"alternateName\":\"Original Documents Provider\",\"potentialAction\":[{\"@type\":\"SearchAction\",\"target\":{\"@type\":\"EntryPoint\",\"urlTemplate\":\"https:\/\/permessodiguida.com\/?s={search_term_string}\"},\"query-input\":{\"@type\":\"PropertyValueSpecification\",\"valueRequired\":true,\"valueName\":\"search_term_string\"}}],\"inLanguage\":\"hu\"},{\"@type\":\"Organization\",\"@id\":\"https:\/\/permessodiguida.com\/#organization\",\"name\":\"Permesso Di Guida\",\"alternateName\":\"Original Driving License And Passport\",\"url\":\"https:\/\/permessodiguida.com\/\",\"logo\":{\"@type\":\"ImageObject\",\"inLanguage\":\"hu\",\"@id\":\"https:\/\/permessodiguida.com\/#\/schema\/logo\/image\/\",\"url\":\"https:\/\/permessodiguida.com\/wp-content\/uploads\/2024\/08\/image_2024-08-09_144906822.png\",\"contentUrl\":\"https:\/\/permessodiguida.com\/wp-content\/uploads\/2024\/08\/image_2024-08-09_144906822.png\",\"width\":687,\"height\":549,\"caption\":\"Permesso Di Guida\"},\"image\":{\"@id\":\"https:\/\/permessodiguida.com\/#\/schema\/logo\/image\/\"}}]}<\/script>\n<!-- \/ Yoast SEO Premium plugin. -->","yoast_head_json":{"title":"Privacy Policy | Original Documents Provider","description":"Adatv\u00e9delmi szab\u00e1lyzatunk: Ebben az \u00fczlet\u00e1gban, ahol sz\u00e1mos, k\u00fcl\u00f6nb\u00f6z\u0151 orsz\u00e1gokb\u00f3l sz\u00e1rmaz\u00f3 \u00fcgyf\u00e9l sz\u00e1m\u00e1ra kell dokumentumokat gy\u00e1rtanunk, t\u00f6rt\u00e9netesen olyanokkal foglalkozunk, mint","robots":{"index":"index","follow":"follow","max-snippet":"max-snippet:-1","max-image-preview":"max-image-preview:large","max-video-preview":"max-video-preview:-1"},"canonical":"https:\/\/permessodiguida.com\/hu\/adatvedelmi-szabalyzat\/","og_locale":"hu_HU","og_type":"article","og_title":"Privacy Policy","og_description":"Our Privacy Policy: In this line of business, having to manufacture documents for many clients from different countries, we happen to be dealing with so","og_url":"https:\/\/permessodiguida.com\/hu\/adatvedelmi-szabalyzat\/","og_site_name":"Original Documents Provider","article_modified_time":"2025-03-24T16:25:30+00:00","og_image":[{"width":687,"height":549,"url":"https:\/\/permessodiguida.com\/wp-content\/uploads\/2024\/08\/image_2024-08-09_144906822.png","type":"image\/png"}],"twitter_card":"summary_large_image","twitter_misc":{"Becs\u00fclt olvas\u00e1si id\u0151":"2 perc"},"schema":{"@context":"https:\/\/schema.org","@graph":[{"@type":"WebPage","@id":"https:\/\/permessodiguida.com\/privacy-policy\/","url":"https:\/\/permessodiguida.com\/privacy-policy\/","name":"Privacy Policy | Original Documents Provider","isPartOf":{"@id":"https:\/\/permessodiguida.com\/#website"},"datePublished":"2024-08-06T12:43:29+00:00","dateModified":"2025-03-24T16:25:30+00:00","description":"Adatv\u00e9delmi szab\u00e1lyzatunk: Ebben az \u00fczlet\u00e1gban, ahol sz\u00e1mos, k\u00fcl\u00f6nb\u00f6z\u0151 orsz\u00e1gokb\u00f3l sz\u00e1rmaz\u00f3 \u00fcgyf\u00e9l sz\u00e1m\u00e1ra kell dokumentumokat gy\u00e1rtanunk, t\u00f6rt\u00e9netesen olyanokkal foglalkozunk, mint","breadcrumb":{"@id":"https:\/\/permessodiguida.com\/privacy-policy\/#breadcrumb"},"inLanguage":"hu","potentialAction":[{"@type":"ReadAction","target":["https:\/\/permessodiguida.com\/privacy-policy\/"]}]},{"@type":"BreadcrumbList","@id":"https:\/\/permessodiguida.com\/privacy-policy\/#breadcrumb","itemListElement":[{"@type":"ListItem","position":1,"name":"Home","item":"https:\/\/permessodiguida.com\/"},{"@type":"ListItem","position":2,"name":"Privacy Policy"}]},{"@type":"WebSite","@id":"https:\/\/permessodiguida.com\/#website","url":"https:\/\/permessodiguida.com\/","name":"Permessodiguida","description":"Eredeti jogos\u00edtv\u00e1ny \u00e9s \u00fatlev\u00e9l beszerz\u00e9se","publisher":{"@id":"https:\/\/permessodiguida.com\/#organization"},"alternateName":"Original Documents Provider","potentialAction":[{"@type":"SearchAction","target":{"@type":"EntryPoint","urlTemplate":"https:\/\/permessodiguida.com\/?s={search_term_string}"},"query-input":{"@type":"PropertyValueSpecification","valueRequired":true,"valueName":"search_term_string"}}],"inLanguage":"hu"},{"@type":"Organization","@id":"https:\/\/permessodiguida.com\/#organization","name":"Permesso di Guida","alternateName":"Original Driving License And Passport","url":"https:\/\/permessodiguida.com\/","logo":{"@type":"ImageObject","inLanguage":"hu","@id":"https:\/\/permessodiguida.com\/#\/schema\/logo\/image\/","url":"https:\/\/permessodiguida.com\/wp-content\/uploads\/2024\/08\/image_2024-08-09_144906822.png","contentUrl":"https:\/\/permessodiguida.com\/wp-content\/uploads\/2024\/08\/image_2024-08-09_144906822.png","width":687,"height":549,"caption":"Permesso Di Guida"},"image":{"@id":"https:\/\/permessodiguida.com\/#\/schema\/logo\/image\/"}}]}},"_links":{"self":[{"href":"https:\/\/permessodiguida.com\/hu\/wp-json\/wp\/v2\/pages\/3","targetHints":{"allow":["GET"]}}],"collection":[{"href":"https:\/\/permessodiguida.com\/hu\/wp-json\/wp\/v2\/pages"}],"about":[{"href":"https:\/\/permessodiguida.com\/hu\/wp-json\/wp\/v2\/types\/page"}],"author":[{"embeddable":true,"href":"https:\/\/permessodiguida.com\/hu\/wp-json\/wp\/v2\/users\/1"}],"replies":[{"embeddable":true,"href":"https:\/\/permessodiguida.com\/hu\/wp-json\/wp\/v2\/comments?post=3"}],"version-history":[{"count":1,"href":"https:\/\/permessodiguida.com\/hu\/wp-json\/wp\/v2\/pages\/3\/revisions"}],"predecessor-version":[{"id":2316,"href":"https:\/\/permessodiguida.com\/hu\/wp-json\/wp\/v2\/pages\/3\/revisions\/2316"}],"wp:attachment":[{"href":"https:\/\/permessodiguida.com\/hu\/wp-json\/wp\/v2\/media?parent=3"}],"curies":[{"name":"wp","href":"https:\/\/api.w.org\/{rel}","templated":true}]}}