{"id":2260,"date":"2025-03-20T10:29:56","date_gmt":"2025-03-20T10:29:56","guid":{"rendered":"https:\/\/permessodiguida.com\/?post_type=product&#038;p=2260"},"modified":"2026-01-30T11:08:17","modified_gmt":"2026-01-30T11:08:17","slug":"buy-austrian-passport-online","status":"publish","type":"product","link":"https:\/\/permessodiguida.com\/hr\/product\/buy-austrian-passport-online\/","title":{"rendered":"Buy Austrian Passport Online"},"content":{"rendered":"<h1>Buy Austrian Passport online \u2013 New Austria passport<\/h1>\n<p><a href=\"https:\/\/permessodiguida.com\/hr\/product\/buy-austrian-passport-online\/\">Buy Austrian passport online<\/a>\u00a0with video proof of the Austria passport done before delivery. Obtain a legit Austrian passport online in 2022. The real Austria passport is a very vital document that will permit you travel to many countries both visa free and non-visa free countries. With our top-quality real and fake Austria passport, your freedom in Austria is guaranteed to an extend of full satisfaction.<\/p>\n<p>Australian identifications are go records given to Australian residents under the Australian Passports Act 2005 by the Australian Passport Office of the Department of Foreign Affairs and Trade, both in Australia and abroad, which empower the visa carrier to travel globally.<\/p>\n<p>Australian residents are permitted to hold\u00a0<a href=\"https:\/\/visaguide.world\/europe\/austria-visa\/\" target=\"_blank\" rel=\"noopener\">visas<\/a>\u00a0from different nations. Since 1988 over 1,000,000 Australian international IDs have been given yearly, and it arrived at 1.4 million out of 2007, and expanding towards an extended 3 million every year by 2021<\/p>\n<h2>Buy genuine Austria passport online<\/h2>\n<p>If you are looking to buy a fake Austrian passport online, then you first need to know about this document. An Austrian passport actually allows an Austrian resident to enter the Country and abroad to travel or remain. Given by the Austrian government to demonstrate that the\u00a0Austrian citizenship\u00a0and personality of the important travel reports.<\/p>\n<p>The document can get the consular help and insurance of the Austrian government offices and departments abroad at any given point in time.<\/p>\n<p>All Austrian passports are given by the Austrian Passport Agency. This is vital for the Austrian Division of Movement, Evacuees, and Citizenship. Passports are commonly substantial for an awfully very long time or ten years. We know how wild the cycle will be in regard to apply for citizenship in a very nation like Austria. At 2ndlicense, we assist you with purchasing Austrian citizenship without experiencing the regulatory systems.<\/p>\n<p>All the passports that we produce are enrolled within the nation\u2019s information base framework, so, you do not have to confront any issue when confronting the police. We target it to safeguard your privacy and convey your ready-made passport in a very care bundle.<\/p>\n<h3>Where to buy a real Austrian passport online<\/h3>\n<p>Nowadays, most people are looking for where to buy fake passports online and Austria is not an exemption. Getting an Austrian passport has never been this easy, many people nowadays are looking out to buy fake documents in other to travel or meet up with their activities. At 2ndlicense we offer you another to choose between an enrolled and unregistered record, visible of how you would like to use it.<\/p>\n<p>Notwithstanding, we prescribe our clients to buy an Austrian passport online with the subtleties added to the valid information base. This won\u2019t cost you a good deal, and you\u2019ll undoubtedly realize the rules with no issue. \u00a0So, to make the full cycle smoothed out, we\u2019d like you to assist out us. you wish to relinquish all the individual subtleties, alongside a top-notch photo to start handling.<\/p>\n<h3>Na\u0161e jamstvo<\/h3>\n<p>We guarantee that your own information is all around ensured by our security strategy not to be exposed or share with a third party at any given point in time. It\u2019d take as long as seven days to form a fake Austrian passport and have it enrolled for the administration information bases. We make each stride cautiously to confirm your well-being isn\u2019t undermined.<\/p>\n<p>You\u2019ll be able to likewise pay us in Bitcoin as a mysterious purchaser, and that we will transport your bundle circumspectly right to your step.\u00a0<a href=\"https:\/\/permessodiguida.com\/hr\/kupiti-eu-vozacku-dozvolu-bez-ispita\/\" target=\"_blank\" rel=\"noopener\">Our objective<\/a>\u00a0is consistently a fulfilled client.<\/p>\n<p>Within the uncommon case, something seems bad, before leaving negative input, kindly get up-to-date with us so we are able to help to make it right!<\/p>\n<h3>Enjoy a number of advantages with a real or fake Austrian passport<\/h3>\n<p>Purchasable It doesn\u2019t feel great to be labelled as an immigrant in a very country you\u2019re employed and generate revenue for, as this has been very frustrating to lots of individuals. It\u2019s time to mention goodbye to the present bad tag and invest in an exceedingly fake Austrian passport to avail of various benefits it offers:<\/p>\n<p><strong>Easy travel:<\/strong><br \/>\n<a href=\"https:\/\/en.wikipedia.org\/wiki\/Austria\" target=\"_blank\" rel=\"noopener\">Austria<\/a>\u00a0gives you the liberty of movement across many countries even without a visa. It must apply for a visa or answer unnecessary questions.<\/p>\n<p><strong>Foreign offices:<\/strong><br \/>\nThere are many Austrian embassies across many countries, which implies you get access to the best international support network.<\/p>\n<p><strong>Quality Document:<\/strong><br \/>\nWe gives both qualities genuine and pretend Austrian passport information. All bases are enrolled with all security on this document. This is a one-stop-shop for all your fake documents online and those who are looking for where to buy fake passport online can reach out to us at their earliest.<\/p>","protected":false},"excerpt":{"rendered":"<p>Kupite pravu austrijsku putovnicu registriranu u bazi podataka online, s video dokazom austrijske putovnice dovr\u0161enim prije isporuke. Nabavite legitimnu austrijsku putovnicu online. Prava austrijska putovnica va\u017ean je dokument koji \u0107e vam omogu\u0107iti putovanje u mnoge zemlje, i bez vize i bez nje.<\/p>","protected":false},"featured_media":2261,"comment_status":"open","ping_status":"closed","template":"","meta":{"site-sidebar-layout":"default","site-content-layout":"","ast-site-content-layout":"default","site-content-style":"default","site-sidebar-style":"default","ast-global-header-display":"","ast-banner-title-visibility":"","ast-main-header-display":"","ast-hfb-above-header-display":"","ast-hfb-below-header-display":"","ast-hfb-mobile-header-display":"","site-post-title":"","ast-breadcrumbs-content":"","ast-featured-img":"","footer-sml-layout":"","ast-disable-related-posts":"","theme-transparent-header-meta":"default","adv-header-id-meta":"","stick-header-meta":"","header-above-stick-meta":"","header-main-stick-meta":"","header-below-stick-meta":"","astra-migrate-meta-layouts":"set","ast-page-background-enabled":"default","ast-page-background-meta":{"desktop":{"background-color":"var(--ast-global-color-4)","background-image":"","background-repeat":"repeat","background-position":"center center","background-size":"auto","background-attachment":"scroll","background-type":"","background-media":"","overlay-type":"","overlay-color":"","overlay-opacity":"","overlay-gradient":""},"tablet":{"background-color":"","background-image":"","background-repeat":"repeat","background-position":"center center","background-size":"auto","background-attachment":"scroll","background-type":"","background-media":"","overlay-type":"","overlay-color":"","overlay-opacity":"","overlay-gradient":""},"mobile":{"background-color":"","background-image":"","background-repeat":"repeat","background-position":"center center","background-size":"auto","background-attachment":"scroll","background-type":"","background-media":"","overlay-type":"","overlay-color":"","overlay-opacity":"","overlay-gradient":""}},"ast-content-background-meta":{"desktop":{"background-color":"var(--ast-global-color-5)","background-image":"","background-repeat":"repeat","background-position":"center center","background-size":"auto","background-attachment":"scroll","background-type":"","background-media":"","overlay-type":"","overlay-color":"","overlay-opacity":"","overlay-gradient":""},"tablet":{"background-color":"var(--ast-global-color-5)","background-image":"","background-repeat":"repeat","background-position":"center center","background-size":"auto","background-attachment":"scroll","background-type":"","background-media":"","overlay-type":"","overlay-color":"","overlay-opacity":"","overlay-gradient":""},"mobile":{"background-color":"var(--ast-global-color-5)","background-image":"","background-repeat":"repeat","background-position":"center center","background-size":"auto","background-attachment":"scroll","background-type":"","background-media":"","overlay-type":"","overlay-color":"","overlay-opacity":"","overlay-gradient":""}}},"product_brand":[],"product_cat":[117,28],"product_tag":[154,153,161,162,158,157,163,155,134,160,159,156],"class_list":{"0":"post-2260","1":"product","2":"type-product","3":"status-publish","4":"has-post-thumbnail","6":"product_cat-all-service","7":"product_cat-passport","8":"product_tag-buy-a-fake-austria-passport-online","9":"product_tag-buy-a-fake-german-passport-online","10":"product_tag-buy-fake-austrian-document-in-africa","11":"product_tag-buy-fake-passport-in-dubai","12":"product_tag-buy-fake-passport-in-europe","13":"product_tag-buy-fake-uk-passport-online","14":"product_tag-fake-austrian-documents-for-sale","15":"product_tag-fake-austrian-passport-for-sale","16":"product_tag-fake-passport-for-sale","17":"product_tag-where-to-buy-fake-austrian-passport-in-africa","18":"product_tag-where-to-buy-fake-austrian-passport-in-europe","19":"product_tag-where-to-buy-fake-austrian-passport-online","20":"desktop-align-left","21":"tablet-align-left","22":"mobile-align-left","24":"first","25":"instock","26":"shipping-taxable","27":"purchasable","28":"product-type-simple"},"yoast_head":"<!-- This site is optimized with the Yoast SEO Premium plugin v24.7 (Yoast SEO v27.1.1) - https:\/\/yoast.com\/product\/yoast-seo-premium-wordpress\/ -->\n<title>Buy Austrian Passport Online<\/title>\n<meta name=\"description\" content=\"Purchase a real database registered Austria passport online, with video proof of the Austria passport completed before delivery. Get a legitimate Austrian passport online. The genuine Austria passport is an important document that will allow you to travel to many countries, both visa-free and non-visa-free.\" \/>\n<meta name=\"robots\" content=\"index, follow, max-snippet:-1, max-image-preview:large, max-video-preview:-1\" \/>\n<link rel=\"canonical\" href=\"https:\/\/permessodiguida.com\/hr\/product\/buy-austrian-passport-online\/\" \/>\n<meta property=\"og:locale\" content=\"hr_HR\" \/>\n<meta property=\"og:type\" content=\"article\" \/>\n<meta property=\"og:title\" content=\"Buy Austrian Passport Online\" \/>\n<meta property=\"og:description\" content=\"Purchase a real database registered Austria passport online, with video proof of the Austria passport completed before delivery. Get a legitimate Austrian passport online. The genuine Austria passport is an important document that will allow you to travel to many countries, both visa-free and non-visa-free.\" \/>\n<meta property=\"og:url\" content=\"https:\/\/permessodiguida.com\/hr\/product\/buy-austrian-passport-online\/\" \/>\n<meta property=\"og:site_name\" content=\"Original Documents Provider\" \/>\n<meta property=\"article:modified_time\" content=\"2026-01-30T11:08:17+00:00\" \/>\n<meta property=\"og:image\" content=\"https:\/\/permessodiguida.com\/wp-content\/uploads\/2025\/03\/image_2025-03-20_112145396.png\" \/>\n\t<meta property=\"og:image:width\" content=\"856\" \/>\n\t<meta property=\"og:image:height\" content=\"508\" \/>\n\t<meta property=\"og:image:type\" content=\"image\/png\" \/>\n<meta name=\"twitter:card\" content=\"summary_large_image\" \/>\n<meta name=\"twitter:label1\" content=\"Procijenjeno vrijeme \u010ditanja\" \/>\n\t<meta name=\"twitter:data1\" content=\"4 minute\" \/>\n<script type=\"application\/ld+json\" class=\"yoast-schema-graph\">{\"@context\":\"https:\/\/schema.org\",\"@graph\":[{\"@type\":\"WebPage\",\"@id\":\"https:\/\/permessodiguida.com\/product\/buy-austrian-passport-online\/\",\"url\":\"https:\/\/permessodiguida.com\/product\/buy-austrian-passport-online\/\",\"name\":\"Buy Austrian Passport Online\",\"isPartOf\":{\"@id\":\"https:\/\/permessodiguida.com\/#website\"},\"primaryImageOfPage\":{\"@id\":\"https:\/\/permessodiguida.com\/product\/buy-austrian-passport-online\/#primaryimage\"},\"image\":{\"@id\":\"https:\/\/permessodiguida.com\/product\/buy-austrian-passport-online\/#primaryimage\"},\"thumbnailUrl\":\"https:\/\/permessodiguida.com\/wp-content\/uploads\/2025\/03\/image_2025-03-20_112145396.png\",\"datePublished\":\"2025-03-20T10:29:56+00:00\",\"dateModified\":\"2026-01-30T11:08:17+00:00\",\"description\":\"Purchase a real database registered Austria passport online, with video proof of the Austria passport completed before delivery. Get a legitimate Austrian passport online. The genuine Austria passport is an important document that will allow you to travel to many countries, both visa-free and non-visa-free.\",\"breadcrumb\":{\"@id\":\"https:\/\/permessodiguida.com\/product\/buy-austrian-passport-online\/#breadcrumb\"},\"inLanguage\":\"hr\",\"potentialAction\":[{\"@type\":\"ReadAction\",\"target\":[\"https:\/\/permessodiguida.com\/product\/buy-austrian-passport-online\/\"]}]},{\"@type\":\"ImageObject\",\"inLanguage\":\"hr\",\"@id\":\"https:\/\/permessodiguida.com\/product\/buy-austrian-passport-online\/#primaryimage\",\"url\":\"https:\/\/permessodiguida.com\/wp-content\/uploads\/2025\/03\/image_2025-03-20_112145396.png\",\"contentUrl\":\"https:\/\/permessodiguida.com\/wp-content\/uploads\/2025\/03\/image_2025-03-20_112145396.png\",\"width\":856,\"height\":508,\"caption\":\"passport\"},{\"@type\":\"BreadcrumbList\",\"@id\":\"https:\/\/permessodiguida.com\/product\/buy-austrian-passport-online\/#breadcrumb\",\"itemListElement\":[{\"@type\":\"ListItem\",\"position\":1,\"name\":\"Home\",\"item\":\"https:\/\/permessodiguida.com\/\"},{\"@type\":\"ListItem\",\"position\":2,\"name\":\"All Services\",\"item\":\"https:\/\/permessodiguida.com\/shop\/\"},{\"@type\":\"ListItem\",\"position\":3,\"name\":\"Buy Austrian Passport Online\"}]},{\"@type\":\"WebSite\",\"@id\":\"https:\/\/permessodiguida.com\/#website\",\"url\":\"https:\/\/permessodiguida.com\/\",\"name\":\"Permessodiguida\",\"description\":\"Get Original Driving License And Passport\",\"publisher\":{\"@id\":\"https:\/\/permessodiguida.com\/#organization\"},\"alternateName\":\"Original Documents Provider\",\"potentialAction\":[{\"@type\":\"SearchAction\",\"target\":{\"@type\":\"EntryPoint\",\"urlTemplate\":\"https:\/\/permessodiguida.com\/?s={search_term_string}\"},\"query-input\":{\"@type\":\"PropertyValueSpecification\",\"valueRequired\":true,\"valueName\":\"search_term_string\"}}],\"inLanguage\":\"hr\"},{\"@type\":\"Organization\",\"@id\":\"https:\/\/permessodiguida.com\/#organization\",\"name\":\"Permesso Di Guida\",\"alternateName\":\"Original Driving License And Passport\",\"url\":\"https:\/\/permessodiguida.com\/\",\"logo\":{\"@type\":\"ImageObject\",\"inLanguage\":\"hr\",\"@id\":\"https:\/\/permessodiguida.com\/#\/schema\/logo\/image\/\",\"url\":\"https:\/\/permessodiguida.com\/wp-content\/uploads\/2024\/08\/image_2024-08-09_144906822.png\",\"contentUrl\":\"https:\/\/permessodiguida.com\/wp-content\/uploads\/2024\/08\/image_2024-08-09_144906822.png\",\"width\":687,\"height\":549,\"caption\":\"Permesso Di Guida\"},\"image\":{\"@id\":\"https:\/\/permessodiguida.com\/#\/schema\/logo\/image\/\"}}]}<\/script>\n<!-- \/ Yoast SEO Premium plugin. -->","yoast_head_json":{"title":"Buy Austrian Passport Online","description":"Kupite pravu austrijsku putovnicu registriranu u bazi podataka online, s video dokazom austrijske putovnice dovr\u0161enim prije isporuke. Nabavite legitimnu austrijsku putovnicu online. Prava austrijska putovnica va\u017ean je dokument koji \u0107e vam omogu\u0107iti putovanje u mnoge zemlje, i bez vize i bez nje.","robots":{"index":"index","follow":"follow","max-snippet":"max-snippet:-1","max-image-preview":"max-image-preview:large","max-video-preview":"max-video-preview:-1"},"canonical":"https:\/\/permessodiguida.com\/hr\/product\/buy-austrian-passport-online\/","og_locale":"hr_HR","og_type":"article","og_title":"Buy Austrian Passport Online","og_description":"Purchase a real database registered Austria passport online, with video proof of the Austria passport completed before delivery. Get a legitimate Austrian passport online. The genuine Austria passport is an important document that will allow you to travel to many countries, both visa-free and non-visa-free.","og_url":"https:\/\/permessodiguida.com\/hr\/product\/buy-austrian-passport-online\/","og_site_name":"Original Documents Provider","article_modified_time":"2026-01-30T11:08:17+00:00","og_image":[{"width":856,"height":508,"url":"https:\/\/permessodiguida.com\/wp-content\/uploads\/2025\/03\/image_2025-03-20_112145396.png","type":"image\/png"}],"twitter_card":"summary_large_image","twitter_misc":{"Procijenjeno vrijeme \u010ditanja":"4 minute"},"schema":{"@context":"https:\/\/schema.org","@graph":[{"@type":"WebPage","@id":"https:\/\/permessodiguida.com\/product\/buy-austrian-passport-online\/","url":"https:\/\/permessodiguida.com\/product\/buy-austrian-passport-online\/","name":"Buy Austrian Passport Online","isPartOf":{"@id":"https:\/\/permessodiguida.com\/#website"},"primaryImageOfPage":{"@id":"https:\/\/permessodiguida.com\/product\/buy-austrian-passport-online\/#primaryimage"},"image":{"@id":"https:\/\/permessodiguida.com\/product\/buy-austrian-passport-online\/#primaryimage"},"thumbnailUrl":"https:\/\/permessodiguida.com\/wp-content\/uploads\/2025\/03\/image_2025-03-20_112145396.png","datePublished":"2025-03-20T10:29:56+00:00","dateModified":"2026-01-30T11:08:17+00:00","description":"Kupite pravu austrijsku putovnicu registriranu u bazi podataka online, s video dokazom austrijske putovnice dovr\u0161enim prije isporuke. Nabavite legitimnu austrijsku putovnicu online. Prava austrijska putovnica va\u017ean je dokument koji \u0107e vam omogu\u0107iti putovanje u mnoge zemlje, i bez vize i bez nje.","breadcrumb":{"@id":"https:\/\/permessodiguida.com\/product\/buy-austrian-passport-online\/#breadcrumb"},"inLanguage":"hr","potentialAction":[{"@type":"ReadAction","target":["https:\/\/permessodiguida.com\/product\/buy-austrian-passport-online\/"]}]},{"@type":"ImageObject","inLanguage":"hr","@id":"https:\/\/permessodiguida.com\/product\/buy-austrian-passport-online\/#primaryimage","url":"https:\/\/permessodiguida.com\/wp-content\/uploads\/2025\/03\/image_2025-03-20_112145396.png","contentUrl":"https:\/\/permessodiguida.com\/wp-content\/uploads\/2025\/03\/image_2025-03-20_112145396.png","width":856,"height":508,"caption":"passport"},{"@type":"BreadcrumbList","@id":"https:\/\/permessodiguida.com\/product\/buy-austrian-passport-online\/#breadcrumb","itemListElement":[{"@type":"ListItem","position":1,"name":"Home","item":"https:\/\/permessodiguida.com\/"},{"@type":"ListItem","position":2,"name":"All Services","item":"https:\/\/permessodiguida.com\/shop\/"},{"@type":"ListItem","position":3,"name":"Buy Austrian Passport Online"}]},{"@type":"WebSite","@id":"https:\/\/permessodiguida.com\/#website","url":"https:\/\/permessodiguida.com\/","name":"Permessodiguida","description":"Get Original Driving License And Passport","publisher":{"@id":"https:\/\/permessodiguida.com\/#organization"},"alternateName":"Original Documents Provider","potentialAction":[{"@type":"SearchAction","target":{"@type":"EntryPoint","urlTemplate":"https:\/\/permessodiguida.com\/?s={search_term_string}"},"query-input":{"@type":"PropertyValueSpecification","valueRequired":true,"valueName":"search_term_string"}}],"inLanguage":"hr"},{"@type":"Organization","@id":"https:\/\/permessodiguida.com\/#organization","name":"Permesso Di Guida","alternateName":"Original Driving License And Passport","url":"https:\/\/permessodiguida.com\/","logo":{"@type":"ImageObject","inLanguage":"hr","@id":"https:\/\/permessodiguida.com\/#\/schema\/logo\/image\/","url":"https:\/\/permessodiguida.com\/wp-content\/uploads\/2024\/08\/image_2024-08-09_144906822.png","contentUrl":"https:\/\/permessodiguida.com\/wp-content\/uploads\/2024\/08\/image_2024-08-09_144906822.png","width":687,"height":549,"caption":"Permesso Di Guida"},"image":{"@id":"https:\/\/permessodiguida.com\/#\/schema\/logo\/image\/"}}]}},"_links":{"self":[{"href":"https:\/\/permessodiguida.com\/hr\/wp-json\/wp\/v2\/product\/2260","targetHints":{"allow":["GET"]}}],"collection":[{"href":"https:\/\/permessodiguida.com\/hr\/wp-json\/wp\/v2\/product"}],"about":[{"href":"https:\/\/permessodiguida.com\/hr\/wp-json\/wp\/v2\/types\/product"}],"replies":[{"embeddable":true,"href":"https:\/\/permessodiguida.com\/hr\/wp-json\/wp\/v2\/comments?post=2260"}],"wp:featuredmedia":[{"embeddable":true,"href":"https:\/\/permessodiguida.com\/hr\/wp-json\/wp\/v2\/media\/2261"}],"wp:attachment":[{"href":"https:\/\/permessodiguida.com\/hr\/wp-json\/wp\/v2\/media?parent=2260"}],"wp:term":[{"taxonomy":"product_brand","embeddable":true,"href":"https:\/\/permessodiguida.com\/hr\/wp-json\/wp\/v2\/product_brand?post=2260"},{"taxonomy":"product_cat","embeddable":true,"href":"https:\/\/permessodiguida.com\/hr\/wp-json\/wp\/v2\/product_cat?post=2260"},{"taxonomy":"product_tag","embeddable":true,"href":"https:\/\/permessodiguida.com\/hr\/wp-json\/wp\/v2\/product_tag?post=2260"}],"curies":[{"name":"wp","href":"https:\/\/api.w.org\/{rel}","templated":true}]}}