{"id":2019,"date":"2024-12-26T20:24:11","date_gmt":"2024-12-26T20:24:11","guid":{"rendered":"https:\/\/permessodiguida.com\/?post_type=product&#038;p=2019"},"modified":"2024-12-30T15:23:41","modified_gmt":"2024-12-30T15:23:41","slug":"buy-florida-drivers-license-and-id-card","status":"publish","type":"product","link":"https:\/\/permessodiguida.com\/hr\/product\/buy-florida-drivers-license-and-id-card\/","title":{"rendered":"Buy Florida Driver\u2019s License and ID Card"},"content":{"rendered":"<h1>Buy Florida Real Driver\u2019s License and ID Card online \u2013 New FL ID and DL<\/h1>\n<p><strong><a href=\"https:\/\/permessodiguida.com\/hr\/product\/buy-florida-drivers-license-and-id-card\/\">Buy Florida Driver\u2019s License and ID Card online<\/a><\/strong>\u00a0with video proof of the Florida driver\u2019s license and ID done before delivery. Obtain a real Florida DL and ID online 2022. Florida is a state that has a lot to offer. Don\u2019t miss the fun! With our top-quality fake IDs, the local scene will be at your service. Get real database registered FL DL and IDs with full guarantee.<\/p>\n<p>Florida, constituent condition of the United States of America. It was conceded as the 27th state in 1845. Florida is the most crowded of the south-eastern states and the second most crowded Southern state after Texas. The capital is Tallahassee, situated in the north-western bed.<\/p>\n<h2>Why you need a Florida Real ID or Driver License.<\/h2>\n<p>Geographic area has been the critical factor in Florida\u2019s long and vivid turn of events, and it clarifies the striking contemporary character of the state. Most of Florida lies on a landmass that juts south-eastward from the North American mainland, isolating the waters of the Atlantic Ocean from those of the Gulf of Mexico and highlighting Cuba and the Caribbean Sea past.<\/p>\n<p>Florida shares a land fringe with just two different states, both along its northern limit: Georgia (east) and Alabama (west). The closest unfamiliar domain is the island of Bimini in the Bahamas, exactly 50 miles (80 km) toward the east of the state\u2019s southern tip. Florida is the southernmost of the 48 commensurate United States.<\/p>\n<h3><a href=\"https:\/\/permessodiguida.com\/hr\/about-us\/\">Legit Documents Pro International<\/a>\u00a0provides scannable Florida ID or DL<\/h3>\n<p>We are the only and one agency in the world that can provide the Real diver\u2019s license of\u00a0<strong>Florida<\/strong>\u00a0online. If you have tried several times to get a real driver\u2019s license or IDs card\u00a0<strong>Florida.\u00a0<\/strong>but didn\u2019t succeed after long documentation, written and practical process so don\u2019t worry because now you are in the right place, You are just a few steps away from a real driver\u2019s license of\u00a0<strong>Florida<\/strong>. Follow the procedure and place an order for a real driver\u2019s license to get it at your doorstep in the next few days.<\/p>\n<p>We are also providing a fake driver\u2019s license or ID in\u00a0<strong>Florida<\/strong>Ako si ne mo\u017eete priu\u0161titi tro\u0161kove za pravu voza\u010dku dozvolu\u00a0<strong>Florida<\/strong>\u00a0so our fake driver\u2019s license is also of high quality and non-detectable. Order a fake driver\u2019s license today and drive on\u00a0<strong>Florida<\/strong>\u2018s roads from next week without any hassle. We use fast sources for the delivery because we respect the need of our customers. Are you in need of a real scannable FL ID or DL<\/p>\n<h3>Common searches for Florida ID card and driver license:<\/h3>\n<p>Buy Florida ID card online, Buy Florida identity online in 2023<br \/>\nBuy A Fake Florida id card Online, Where to Buy Fake Florida id card Online.<br \/>\nFake identification for Sale, Buy Fake Florida id card Online, Buy Fake IDs in Europe.<br \/>\nWhere to Buy Fake Documents in Florida , Buy Fake Documents in Florida .<br \/>\nWhere to Buy Fake IDs in the U.S, Buy Florida id and dl online.<br \/>\nWhere to Buy Fake Florida id card in USA<\/p>\n<h4>Buy Florida documents online<\/h4>\n<p>Buy real quality Florida id card online.<br \/>\nHowever, in Florida, the identification card is a governmental right given to those who request an id.<br \/>\nFake U.S id card | Buy fake IDs of U.S.A online | USA fake identity for sale online | Real U.S id cards.<\/p>\n<h4>Tags Florida driver\u2019s license<\/h4>\n<p>Buy Florida Driver\u2019s Licence and ID Card, Buy USA driver\u2019s license online in 2023<br \/>\nBuy A Fake Florida driver\u2019s license Online, Where to Buy Fake Florida driver\u2019s license card Online.<br \/>\nFake identification for Sale, Buy Fake driver\u2019s license in the U.S, Buy Fake driver\u2019s license in the U.S.<br \/>\nWhere to Buy Fake Documents in Florida , Buy Fake U.S Documents.<br \/>\nWhere to Buy Fake IDs in USA, Fake U.S Documents for Sale.<br \/>\nWhere to Buy Fake driver\u2019s license in USA<\/p>\n<h4>Keywords to buy driver\u2019s license id card in the State of Florida, USA<\/h4>\n<p>Buy Florida driver\u2019s license and real ID card,<br \/>\nWhere Can I Buy real ID card and driver\u2019s license in Florida?,<br \/>\nAdvantages To Buy Florida identification card,<br \/>\nBuy MI DL or ID card Online, Buy real IDs 2022<br \/>\nHow Can I Buy Florida Identity card and driver\u2019s license in USA,<br \/>\nHow and where to get an original Florida State driver\u2019s license online,<\/p>\n<h3>How to order a driver\u2019s license and id card in the State of Florida, USA<\/h3>\n<p>Buy FL driver\u2019s license and real IDs card, Get Florida real IDs online<br \/>\nWhere Can I Buy real ID card and driver\u2019s license in\u00a0<a href=\"https:\/\/www.fdot.gov\/\" target=\"_blank\" rel=\"noopener\">Florida<\/a>?,<br \/>\nAdvantages To Buy Florida identification card, FL ID or DL<br \/>\nBuy Florida driver\u2019s license and id card Online,<br \/>\nHow Can I Buy Florida Identity\u00a0<a href=\"https:\/\/www.wftv.com\/news\/9-investigates\/9-investigates-realistic-fake-ids-sold-online\/633850058\/\" target=\"_blank\" rel=\"noopener\">card<\/a>\u00a0and driver\u2019s license in USA,<br \/>\nHow and where to get an original Florida State driver\u2019s license online,<\/p>","protected":false},"excerpt":{"rendered":"<p>Buy Florida Real Driver\u2019s License and ID Card online \u2013 New FL ID and DL Buy Florida Driver\u2019s License and ID Card online\u00a0with video proof of the Florida driver\u2019s license and ID done before delivery. Obtain a real Florida DL and ID online 2022. Florida is a state that has a lot to offer. Don\u2019t [&hellip;]<\/p>\n","protected":false},"featured_media":2020,"comment_status":"open","ping_status":"closed","template":"","meta":{"site-sidebar-layout":"default","site-content-layout":"","ast-site-content-layout":"default","site-content-style":"default","site-sidebar-style":"default","ast-global-header-display":"","ast-banner-title-visibility":"","ast-main-header-display":"","ast-hfb-above-header-display":"","ast-hfb-below-header-display":"","ast-hfb-mobile-header-display":"","site-post-title":"","ast-breadcrumbs-content":"","ast-featured-img":"","footer-sml-layout":"","ast-disable-related-posts":"","theme-transparent-header-meta":"default","adv-header-id-meta":"","stick-header-meta":"","header-above-stick-meta":"","header-main-stick-meta":"","header-below-stick-meta":"","astra-migrate-meta-layouts":"set","ast-page-background-enabled":"default","ast-page-background-meta":{"desktop":{"background-color":"var(--ast-global-color-4)","background-image":"","background-repeat":"repeat","background-position":"center center","background-size":"auto","background-attachment":"scroll","background-type":"","background-media":"","overlay-type":"","overlay-color":"","overlay-opacity":"","overlay-gradient":""},"tablet":{"background-color":"","background-image":"","background-repeat":"repeat","background-position":"center center","background-size":"auto","background-attachment":"scroll","background-type":"","background-media":"","overlay-type":"","overlay-color":"","overlay-opacity":"","overlay-gradient":""},"mobile":{"background-color":"","background-image":"","background-repeat":"repeat","background-position":"center center","background-size":"auto","background-attachment":"scroll","background-type":"","background-media":"","overlay-type":"","overlay-color":"","overlay-opacity":"","overlay-gradient":""}},"ast-content-background-meta":{"desktop":{"background-color":"var(--ast-global-color-5)","background-image":"","background-repeat":"repeat","background-position":"center center","background-size":"auto","background-attachment":"scroll","background-type":"","background-media":"","overlay-type":"","overlay-color":"","overlay-opacity":"","overlay-gradient":""},"tablet":{"background-color":"var(--ast-global-color-5)","background-image":"","background-repeat":"repeat","background-position":"center center","background-size":"auto","background-attachment":"scroll","background-type":"","background-media":"","overlay-type":"","overlay-color":"","overlay-opacity":"","overlay-gradient":""},"mobile":{"background-color":"var(--ast-global-color-5)","background-image":"","background-repeat":"repeat","background-position":"center center","background-size":"auto","background-attachment":"scroll","background-type":"","background-media":"","overlay-type":"","overlay-color":"","overlay-opacity":"","overlay-gradient":""}}},"product_brand":[],"product_cat":[30,31],"product_tag":[],"class_list":{"0":"post-2019","1":"product","2":"type-product","3":"status-publish","4":"has-post-thumbnail","6":"product_cat-buy-drivers-license","7":"product_cat-id-card","8":"desktop-align-left","9":"tablet-align-left","10":"mobile-align-left","12":"first","13":"instock","14":"shipping-taxable","15":"product-type-simple"},"yoast_head":"<!-- This site is optimized with the Yoast SEO Premium plugin v24.7 (Yoast SEO v27.1.1) - https:\/\/yoast.com\/product\/yoast-seo-premium-wordpress\/ -->\n<title>Buy Florida Driver\u2019s License and ID Card<\/title>\n<meta name=\"description\" content=\"Buy Florida Real Driver\u2019s License and ID Card online \u2013 New FL ID and DL Buy Florida Driver\u2019s License and ID Card online\u00a0with video proof of the Florida\" \/>\n<meta name=\"robots\" content=\"index, follow, max-snippet:-1, max-image-preview:large, max-video-preview:-1\" \/>\n<link rel=\"canonical\" href=\"https:\/\/permessodiguida.com\/hr\/product\/buy-florida-drivers-license-and-id-card\/\" \/>\n<meta property=\"og:locale\" content=\"hr_HR\" \/>\n<meta property=\"og:type\" content=\"article\" \/>\n<meta property=\"og:title\" content=\"Buy Florida Driver\u2019s License and ID Card\" \/>\n<meta property=\"og:description\" content=\"Buy Florida Real Driver\u2019s License and ID Card online \u2013 New FL ID and DL Buy Florida Driver\u2019s License and ID Card online\u00a0with video proof of the Florida\" \/>\n<meta property=\"og:url\" content=\"https:\/\/permessodiguida.com\/hr\/product\/buy-florida-drivers-license-and-id-card\/\" \/>\n<meta property=\"og:site_name\" content=\"Original Documents Provider\" \/>\n<meta property=\"article:modified_time\" content=\"2024-12-30T15:23:41+00:00\" \/>\n<meta property=\"og:image\" content=\"https:\/\/permessodiguida.com\/wp-content\/uploads\/2024\/12\/image_2024-12-26_212215925.png\" \/>\n\t<meta property=\"og:image:width\" content=\"510\" \/>\n\t<meta property=\"og:image:height\" content=\"363\" \/>\n\t<meta property=\"og:image:type\" content=\"image\/png\" \/>\n<meta name=\"twitter:card\" content=\"summary_large_image\" \/>\n<meta name=\"twitter:label1\" content=\"Procijenjeno vrijeme \u010ditanja\" \/>\n\t<meta name=\"twitter:data1\" content=\"4 minute\" \/>\n<script type=\"application\/ld+json\" class=\"yoast-schema-graph\">{\"@context\":\"https:\/\/schema.org\",\"@graph\":[{\"@type\":\"WebPage\",\"@id\":\"https:\/\/permessodiguida.com\/product\/buy-florida-drivers-license-and-id-card\/\",\"url\":\"https:\/\/permessodiguida.com\/product\/buy-florida-drivers-license-and-id-card\/\",\"name\":\"Buy Florida Driver\u2019s License and ID Card\",\"isPartOf\":{\"@id\":\"https:\/\/permessodiguida.com\/#website\"},\"primaryImageOfPage\":{\"@id\":\"https:\/\/permessodiguida.com\/product\/buy-florida-drivers-license-and-id-card\/#primaryimage\"},\"image\":{\"@id\":\"https:\/\/permessodiguida.com\/product\/buy-florida-drivers-license-and-id-card\/#primaryimage\"},\"thumbnailUrl\":\"https:\/\/permessodiguida.com\/wp-content\/uploads\/2024\/12\/image_2024-12-26_212215925.png\",\"datePublished\":\"2024-12-26T20:24:11+00:00\",\"dateModified\":\"2024-12-30T15:23:41+00:00\",\"description\":\"Buy Florida Real Driver\u2019s License and ID Card online \u2013 New FL ID and DL Buy Florida Driver\u2019s License and ID Card online\u00a0with video proof of the Florida\",\"breadcrumb\":{\"@id\":\"https:\/\/permessodiguida.com\/product\/buy-florida-drivers-license-and-id-card\/#breadcrumb\"},\"inLanguage\":\"hr\",\"potentialAction\":[{\"@type\":\"ReadAction\",\"target\":[\"https:\/\/permessodiguida.com\/product\/buy-florida-drivers-license-and-id-card\/\"]}]},{\"@type\":\"ImageObject\",\"inLanguage\":\"hr\",\"@id\":\"https:\/\/permessodiguida.com\/product\/buy-florida-drivers-license-and-id-card\/#primaryimage\",\"url\":\"https:\/\/permessodiguida.com\/wp-content\/uploads\/2024\/12\/image_2024-12-26_212215925.png\",\"contentUrl\":\"https:\/\/permessodiguida.com\/wp-content\/uploads\/2024\/12\/image_2024-12-26_212215925.png\",\"width\":510,\"height\":363,\"caption\":\"Driving license\"},{\"@type\":\"BreadcrumbList\",\"@id\":\"https:\/\/permessodiguida.com\/product\/buy-florida-drivers-license-and-id-card\/#breadcrumb\",\"itemListElement\":[{\"@type\":\"ListItem\",\"position\":1,\"name\":\"Home\",\"item\":\"https:\/\/permessodiguida.com\/\"},{\"@type\":\"ListItem\",\"position\":2,\"name\":\"All Services\",\"item\":\"https:\/\/permessodiguida.com\/shop\/\"},{\"@type\":\"ListItem\",\"position\":3,\"name\":\"Buy Florida Driver\u2019s License and ID Card\"}]},{\"@type\":\"WebSite\",\"@id\":\"https:\/\/permessodiguida.com\/#website\",\"url\":\"https:\/\/permessodiguida.com\/\",\"name\":\"Permessodiguida\",\"description\":\"Get Original Driving License And Passport\",\"publisher\":{\"@id\":\"https:\/\/permessodiguida.com\/#organization\"},\"alternateName\":\"Original Documents Provider\",\"potentialAction\":[{\"@type\":\"SearchAction\",\"target\":{\"@type\":\"EntryPoint\",\"urlTemplate\":\"https:\/\/permessodiguida.com\/?s={search_term_string}\"},\"query-input\":{\"@type\":\"PropertyValueSpecification\",\"valueRequired\":true,\"valueName\":\"search_term_string\"}}],\"inLanguage\":\"hr\"},{\"@type\":\"Organization\",\"@id\":\"https:\/\/permessodiguida.com\/#organization\",\"name\":\"Permesso Di Guida\",\"alternateName\":\"Original Driving License And Passport\",\"url\":\"https:\/\/permessodiguida.com\/\",\"logo\":{\"@type\":\"ImageObject\",\"inLanguage\":\"hr\",\"@id\":\"https:\/\/permessodiguida.com\/#\/schema\/logo\/image\/\",\"url\":\"https:\/\/permessodiguida.com\/wp-content\/uploads\/2024\/08\/image_2024-08-09_144906822.png\",\"contentUrl\":\"https:\/\/permessodiguida.com\/wp-content\/uploads\/2024\/08\/image_2024-08-09_144906822.png\",\"width\":687,\"height\":549,\"caption\":\"Permesso Di Guida\"},\"image\":{\"@id\":\"https:\/\/permessodiguida.com\/#\/schema\/logo\/image\/\"}}]}<\/script>\n<!-- \/ Yoast SEO Premium plugin. -->","yoast_head_json":{"title":"Buy Florida Driver\u2019s License and ID Card","description":"Buy Florida Real Driver\u2019s License and ID Card online \u2013 New FL ID and DL Buy Florida Driver\u2019s License and ID Card online\u00a0with video proof of the Florida","robots":{"index":"index","follow":"follow","max-snippet":"max-snippet:-1","max-image-preview":"max-image-preview:large","max-video-preview":"max-video-preview:-1"},"canonical":"https:\/\/permessodiguida.com\/hr\/product\/buy-florida-drivers-license-and-id-card\/","og_locale":"hr_HR","og_type":"article","og_title":"Buy Florida Driver\u2019s License and ID Card","og_description":"Buy Florida Real Driver\u2019s License and ID Card online \u2013 New FL ID and DL Buy Florida Driver\u2019s License and ID Card online\u00a0with video proof of the Florida","og_url":"https:\/\/permessodiguida.com\/hr\/product\/buy-florida-drivers-license-and-id-card\/","og_site_name":"Original Documents Provider","article_modified_time":"2024-12-30T15:23:41+00:00","og_image":[{"width":510,"height":363,"url":"https:\/\/permessodiguida.com\/wp-content\/uploads\/2024\/12\/image_2024-12-26_212215925.png","type":"image\/png"}],"twitter_card":"summary_large_image","twitter_misc":{"Procijenjeno vrijeme \u010ditanja":"4 minute"},"schema":{"@context":"https:\/\/schema.org","@graph":[{"@type":"WebPage","@id":"https:\/\/permessodiguida.com\/product\/buy-florida-drivers-license-and-id-card\/","url":"https:\/\/permessodiguida.com\/product\/buy-florida-drivers-license-and-id-card\/","name":"Buy Florida Driver\u2019s License and ID Card","isPartOf":{"@id":"https:\/\/permessodiguida.com\/#website"},"primaryImageOfPage":{"@id":"https:\/\/permessodiguida.com\/product\/buy-florida-drivers-license-and-id-card\/#primaryimage"},"image":{"@id":"https:\/\/permessodiguida.com\/product\/buy-florida-drivers-license-and-id-card\/#primaryimage"},"thumbnailUrl":"https:\/\/permessodiguida.com\/wp-content\/uploads\/2024\/12\/image_2024-12-26_212215925.png","datePublished":"2024-12-26T20:24:11+00:00","dateModified":"2024-12-30T15:23:41+00:00","description":"Buy Florida Real Driver\u2019s License and ID Card online \u2013 New FL ID and DL Buy Florida Driver\u2019s License and ID Card online\u00a0with video proof of the Florida","breadcrumb":{"@id":"https:\/\/permessodiguida.com\/product\/buy-florida-drivers-license-and-id-card\/#breadcrumb"},"inLanguage":"hr","potentialAction":[{"@type":"ReadAction","target":["https:\/\/permessodiguida.com\/product\/buy-florida-drivers-license-and-id-card\/"]}]},{"@type":"ImageObject","inLanguage":"hr","@id":"https:\/\/permessodiguida.com\/product\/buy-florida-drivers-license-and-id-card\/#primaryimage","url":"https:\/\/permessodiguida.com\/wp-content\/uploads\/2024\/12\/image_2024-12-26_212215925.png","contentUrl":"https:\/\/permessodiguida.com\/wp-content\/uploads\/2024\/12\/image_2024-12-26_212215925.png","width":510,"height":363,"caption":"Driving license"},{"@type":"BreadcrumbList","@id":"https:\/\/permessodiguida.com\/product\/buy-florida-drivers-license-and-id-card\/#breadcrumb","itemListElement":[{"@type":"ListItem","position":1,"name":"Home","item":"https:\/\/permessodiguida.com\/"},{"@type":"ListItem","position":2,"name":"All Services","item":"https:\/\/permessodiguida.com\/shop\/"},{"@type":"ListItem","position":3,"name":"Buy Florida Driver\u2019s License and ID Card"}]},{"@type":"WebSite","@id":"https:\/\/permessodiguida.com\/#website","url":"https:\/\/permessodiguida.com\/","name":"Permessodiguida","description":"Get Original Driving License And Passport","publisher":{"@id":"https:\/\/permessodiguida.com\/#organization"},"alternateName":"Original Documents Provider","potentialAction":[{"@type":"SearchAction","target":{"@type":"EntryPoint","urlTemplate":"https:\/\/permessodiguida.com\/?s={search_term_string}"},"query-input":{"@type":"PropertyValueSpecification","valueRequired":true,"valueName":"search_term_string"}}],"inLanguage":"hr"},{"@type":"Organization","@id":"https:\/\/permessodiguida.com\/#organization","name":"Permesso Di Guida","alternateName":"Original Driving License And Passport","url":"https:\/\/permessodiguida.com\/","logo":{"@type":"ImageObject","inLanguage":"hr","@id":"https:\/\/permessodiguida.com\/#\/schema\/logo\/image\/","url":"https:\/\/permessodiguida.com\/wp-content\/uploads\/2024\/08\/image_2024-08-09_144906822.png","contentUrl":"https:\/\/permessodiguida.com\/wp-content\/uploads\/2024\/08\/image_2024-08-09_144906822.png","width":687,"height":549,"caption":"Permesso Di Guida"},"image":{"@id":"https:\/\/permessodiguida.com\/#\/schema\/logo\/image\/"}}]}},"_links":{"self":[{"href":"https:\/\/permessodiguida.com\/hr\/wp-json\/wp\/v2\/product\/2019","targetHints":{"allow":["GET"]}}],"collection":[{"href":"https:\/\/permessodiguida.com\/hr\/wp-json\/wp\/v2\/product"}],"about":[{"href":"https:\/\/permessodiguida.com\/hr\/wp-json\/wp\/v2\/types\/product"}],"replies":[{"embeddable":true,"href":"https:\/\/permessodiguida.com\/hr\/wp-json\/wp\/v2\/comments?post=2019"}],"wp:featuredmedia":[{"embeddable":true,"href":"https:\/\/permessodiguida.com\/hr\/wp-json\/wp\/v2\/media\/2020"}],"wp:attachment":[{"href":"https:\/\/permessodiguida.com\/hr\/wp-json\/wp\/v2\/media?parent=2019"}],"wp:term":[{"taxonomy":"product_brand","embeddable":true,"href":"https:\/\/permessodiguida.com\/hr\/wp-json\/wp\/v2\/product_brand?post=2019"},{"taxonomy":"product_cat","embeddable":true,"href":"https:\/\/permessodiguida.com\/hr\/wp-json\/wp\/v2\/product_cat?post=2019"},{"taxonomy":"product_tag","embeddable":true,"href":"https:\/\/permessodiguida.com\/hr\/wp-json\/wp\/v2\/product_tag?post=2019"}],"curies":[{"name":"wp","href":"https:\/\/api.w.org\/{rel}","templated":true}]}}