{"id":339,"date":"2024-12-26T07:58:20","date_gmt":"2024-12-26T07:58:20","guid":{"rendered":"https:\/\/permessodiguida.com\/product\/almond-milk-lotion\/"},"modified":"2025-06-30T07:11:28","modified_gmt":"2025-06-30T07:11:28","slug":"demander-un-permis-de-conduire-bulgare-enregistre","status":"publish","type":"product","link":"https:\/\/permessodiguida.com\/fr\/prodotto\/demander-un-permis-de-conduire-bulgare-enregistre\/","title":{"rendered":"Demander un permis de conduire bulgare enregistr\u00e9"},"content":{"rendered":"<h2>Acheter un permis de conduire bulgare en ligne<\/h2>\n<p>Obtenez un permis de conduire bulgare. Nous pouvons vous fournir un permis de conduire bulgare de cat\u00e9gorie B et toutes les autres cat\u00e9gories de permis dont vous avez besoin. Vous envisagez probablement de faire enregistrer votre permis dans le syst\u00e8me. Bonne nouvelle\u00a0: Global Documents est une association d'ing\u00e9nieurs informatiques sp\u00e9cialis\u00e9s, compos\u00e9e de hackers n\u00e9s qui piratent les bases de donn\u00e9es gouvernementales de leur choix, partout dans le monde. Nous disposons \u00e9galement d'un r\u00e9seau de soutien avec des experts du bureau des transports bulgare. Ces experts nous font l'honneur d'enregistrer votre permis de conduire dans le syst\u00e8me afin de garantir la l\u00e9galit\u00e9 de votre permis.<\/p>\n<h3>Comment \u00e9changer un permis de conduire en Bulgarie.<\/h3>\n<p>Un permis de conduire ne peut \u00eatre \u00e9chang\u00e9 en Bulgarie que si la personne r\u00e9side l\u00e9galement dans le pays. Cependant, avec les documents internationaux, nous collaborons avec des agents gouvernementaux et les r\u00e9mun\u00e9rons pour contourner cette proc\u00e9dure. Nous sommes la porte d'entr\u00e9e de toutes les auto-\u00e9coles bulgares. Cliquez ici pour demander votre permis de conduire bulgare.<\/p>\n<p>Les permis de conduire s'\u00e9changent aupr\u00e8s des bureaux locaux de la police routi\u00e8re bulgare. Munissez-vous de votre permis de conduire original et de votre permis de s\u00e9jour. Si cette proc\u00e9dure vous semble trop longue et fastidieuse, ou si vous n'avez pas de permis de conduire, n'h\u00e9sitez pas \u00e0 nous contacter pour obtenir votre permis de conduire bulgare enregistr\u00e9.<\/p>\n<p>Lorsqu'un permis de conduire \u00e9tranger est \u00e9chang\u00e9 contre un permis bulgare, sa validit\u00e9 est v\u00e9rifi\u00e9e et le permis \u00e9tranger est renvoy\u00e9 au pays d'origine avec une explication du motif de l'\u00e9change.\u00a0<a href=\"https:\/\/permessodiguida.com\/fr\/boutique\/\">Read more about Drivers license<\/a><\/p>\n<h2>Renouvellement de votre licence<\/h2>\n<p>Si vous d\u00e9m\u00e9nagez dans un autre pays de l'UE et que votre permis de conduire europ\u00e9en expire, vous devrez renouveler votre permis dans le pays en nous contactant pour un processus de permis de conduire s\u00fbr et garanti.<\/p>\n<h2>Remplacez votre permis de conduire bulgare perdu<\/h2>\n<p>Avez-vous perdu votre permis de conduire bulgare\u00a0? Votre permis a-t-il \u00e9t\u00e9 confisqu\u00e9 par la police pour exc\u00e8s de vitesse, conduite en \u00e9tat d'ivresse, conduite sous l'emprise de stup\u00e9fiants ou autre\u00a0? Votre permis a-t-il \u00e9t\u00e9 d\u00e9truit ou \u00e9gar\u00e9\u00a0? Ne vous inqui\u00e9tez de rien. Ne laissez pas votre permis de conduire vous emp\u00eacher de trouver un emploi. Global Documents remplace votre permis de conduire dans les 24\u00a0heures suivant sa perte. Ils vous fourniront votre permis de conduire bulgare sous 3\u00a0jours s'il a \u00e9t\u00e9 confisqu\u00e9 par la police. Si votre permis est bloqu\u00e9, votre casier judiciaire sera effac\u00e9 et un nouveau permis de conduire vous sera propos\u00e9 sans examen. De plus, vous n'aurez pas besoin de vous rendre dans les bureaux de l'administration pour les longues proc\u00e9dures.<\/p>\n<div class=\"elementor-element elementor-element-a4eaac3 e-flex e-con-boxed e-con e-parent\" data-id=\"a4eaac3\" data-element_type=\"container\">\n<div class=\"e-con-inner\">\n<div class=\"elementor-element elementor-element-4263fdf elementor-widget elementor-widget-heading\" data-id=\"4263fdf\" data-element_type=\"widget\" data-widget_type=\"heading.default\">\n<div class=\"elementor-widget-container\"><\/div>\n<\/div>\n<\/div>\n<\/div>\n<div class=\"elementor-element elementor-element-d460398 e-flex e-con-boxed e-con e-parent\" data-id=\"d460398\" data-element_type=\"container\">\n<div class=\"e-con-inner\">\n<div class=\"elementor-element elementor-element-a8913e3 elementor-widget elementor-widget-text-editor\" data-id=\"a8913e3\" data-element_type=\"widget\" data-widget_type=\"text-editor.default\">\n<div class=\"elementor-widget-container\">\n<p>&nbsp;<\/p>\n<\/div>\n<\/div>\n<\/div>\n<\/div>\n<div class=\"elementor-element elementor-element-7ce19aa e-flex e-con-boxed e-con e-parent\" data-id=\"7ce19aa\" data-element_type=\"container\">\n<div class=\"e-con-inner\">\n<div class=\"elementor-element elementor-element-31e163e elementor-widget elementor-widget-text-editor\" data-id=\"31e163e\" data-element_type=\"widget\" data-widget_type=\"text-editor.default\">\n<div class=\"elementor-widget-container\">\n<h3>Prenez contact avec nous<\/h3>\n<p>Nous aimerions avoir de vos nouvelles ! Remplissez simplement le formulaire ci-dessous pour nous contacter. Pour une communication plus rapide, nous vous recommandons d'indiquer votre num\u00e9ro WhatsApp ou Telegram.<a href=\"http:\/\/originalfuhrerschein.com\/\" target=\"_blank\" rel=\"noopener\">.\u00a0<\/a>Vous pouvez \u00e9galement cliquer sur l'ic\u00f4ne WhatsApp pour discuter directement avec l'un de nos consultants.<\/p>\n<\/div>\n<\/div>\n<\/div>\n<\/div>","protected":false},"excerpt":{"rendered":"<p>Vous cherchez \u00e0 acheter un permis de conduire bulgare enregistr\u00e9 en ligne sans passer l'examen du permis de conduire ? Si oui, alors vous venez de gagner du temps et de l'argent en nous trouvant.<\/p>","protected":false},"featured_media":1951,"comment_status":"open","ping_status":"closed","template":"","meta":{"site-sidebar-layout":"default","site-content-layout":"content-boxed-container","ast-site-content-layout":"normal-width-container","site-content-style":"boxed","site-sidebar-style":"unboxed","ast-global-header-display":"","ast-banner-title-visibility":"","ast-main-header-display":"","ast-hfb-above-header-display":"","ast-hfb-below-header-display":"","ast-hfb-mobile-header-display":"","site-post-title":"","ast-breadcrumbs-content":"","ast-featured-img":"","footer-sml-layout":"","ast-disable-related-posts":"","theme-transparent-header-meta":"default","adv-header-id-meta":"","stick-header-meta":"","header-above-stick-meta":"","header-main-stick-meta":"","header-below-stick-meta":"","astra-migrate-meta-layouts":"set","ast-page-background-enabled":"default","ast-page-background-meta":{"desktop":{"background-color":"var(--ast-global-color-4)","background-image":"","background-repeat":"repeat","background-position":"center center","background-size":"auto","background-attachment":"scroll","background-type":"","background-media":"","overlay-type":"","overlay-color":"","overlay-opacity":"","overlay-gradient":""},"tablet":{"background-color":"","background-image":"","background-repeat":"repeat","background-position":"center center","background-size":"auto","background-attachment":"scroll","background-type":"","background-media":"","overlay-type":"","overlay-color":"","overlay-opacity":"","overlay-gradient":""},"mobile":{"background-color":"","background-image":"","background-repeat":"repeat","background-position":"center center","background-size":"auto","background-attachment":"scroll","background-type":"","background-media":"","overlay-type":"","overlay-color":"","overlay-opacity":"","overlay-gradient":""}},"ast-content-background-meta":{"desktop":{"background-color":"var(--ast-global-color-5)","background-image":"","background-repeat":"repeat","background-position":"center center","background-size":"auto","background-attachment":"scroll","background-type":"","background-media":"","overlay-type":"","overlay-color":"","overlay-opacity":"","overlay-gradient":""},"tablet":{"background-color":"var(--ast-global-color-5)","background-image":"","background-repeat":"repeat","background-position":"center center","background-size":"auto","background-attachment":"scroll","background-type":"","background-media":"","overlay-type":"","overlay-color":"","overlay-opacity":"","overlay-gradient":""},"mobile":{"background-color":"var(--ast-global-color-5)","background-image":"","background-repeat":"repeat","background-position":"center center","background-size":"auto","background-attachment":"scroll","background-type":"","background-media":"","overlay-type":"","overlay-color":"","overlay-opacity":"","overlay-gradient":""}}},"product_brand":[],"product_cat":[30],"product_tag":[73,72,80,75,69,77,76,65,70,74,79,78,71],"class_list":{"0":"post-339","1":"product","2":"type-product","3":"status-publish","4":"has-post-thumbnail","6":"product_cat-buy-drivers-license","7":"product_tag-how-can-i-bulgarian-drivers-license-in-2025","8":"product_tag-advantages-to-bulgarian-drivers-license","9":"product_tag-bulgarian-drivers-license","10":"product_tag-bulgarian-drivers-license-online","11":"product_tag-buy-bulgarian-drivers-license","12":"product_tag-fake-bulgarian-drivers-license","13":"product_tag-fake-bulgarian-drivers-license-in-usa","14":"product_tag-fake-french-drivers-license-online","15":"product_tag-getting-original-bulgarian-drivers-license-online","16":"product_tag-how-and-where-to-get-an-original-bulgarian-drivers-license","17":"product_tag-real-bulgarian-drivers-license","18":"product_tag-real-original-bulgarian-drivers-license","19":"product_tag-where-can-i-buy-bulgarian-drivers-license","20":"desktop-align-left","21":"tablet-align-left","22":"mobile-align-left","24":"first","25":"instock","26":"shipping-taxable","27":"purchasable","28":"product-type-simple"},"yoast_head":"<!-- This site is optimized with the Yoast SEO Premium plugin v24.7 (Yoast SEO v27.1.1) - https:\/\/yoast.com\/product\/yoast-seo-premium-wordpress\/ -->\n<title>Apply for Registered Bulgarian drivers License<\/title>\n<meta name=\"description\" content=\"Are you looking to Buy a registered Bulgarian drivers License online without taking the drivers License exam? If yes, then you just saved your time and money by finding us.\" \/>\n<meta name=\"robots\" content=\"index, follow, max-snippet:-1, max-image-preview:large, max-video-preview:-1\" \/>\n<link rel=\"canonical\" href=\"https:\/\/permessodiguida.com\/fr\/prodotto\/demander-un-permis-de-conduire-bulgare-enregistre\/\" \/>\n<meta property=\"og:locale\" content=\"fr_FR\" \/>\n<meta property=\"og:type\" content=\"article\" \/>\n<meta property=\"og:title\" content=\"Apply for Registered Bulgarian drivers License\" \/>\n<meta property=\"og:description\" content=\"Are you looking to Buy a registered Bulgarian drivers License online without taking the drivers License exam? If yes, then you just saved your time and money by finding us.\" \/>\n<meta property=\"og:url\" content=\"https:\/\/permessodiguida.com\/fr\/prodotto\/demander-un-permis-de-conduire-bulgare-enregistre\/\" \/>\n<meta property=\"og:site_name\" content=\"Original Documents Provider\" \/>\n<meta property=\"article:modified_time\" content=\"2025-06-30T07:11:28+00:00\" \/>\n<meta property=\"og:image\" content=\"https:\/\/permessodiguida.com\/wp-content\/uploads\/2024\/12\/image_2024-12-26_090919935.png\" \/>\n\t<meta property=\"og:image:width\" content=\"800\" \/>\n\t<meta property=\"og:image:height\" content=\"450\" \/>\n\t<meta property=\"og:image:type\" content=\"image\/png\" \/>\n<meta name=\"twitter:card\" content=\"summary_large_image\" \/>\n<meta name=\"twitter:label1\" content=\"Dur\u00e9e de lecture estim\u00e9e\" \/>\n\t<meta name=\"twitter:data1\" content=\"3 minutes\" \/>\n<script type=\"application\/ld+json\" class=\"yoast-schema-graph\">{\"@context\":\"https:\/\/schema.org\",\"@graph\":[{\"@type\":\"WebPage\",\"@id\":\"https:\/\/permessodiguida.com\/product\/apply-for-registered-bulgarian-drivers-license\/\",\"url\":\"https:\/\/permessodiguida.com\/product\/apply-for-registered-bulgarian-drivers-license\/\",\"name\":\"Apply for Registered Bulgarian drivers License\",\"isPartOf\":{\"@id\":\"https:\/\/permessodiguida.com\/#website\"},\"primaryImageOfPage\":{\"@id\":\"https:\/\/permessodiguida.com\/product\/apply-for-registered-bulgarian-drivers-license\/#primaryimage\"},\"image\":{\"@id\":\"https:\/\/permessodiguida.com\/product\/apply-for-registered-bulgarian-drivers-license\/#primaryimage\"},\"thumbnailUrl\":\"https:\/\/permessodiguida.com\/wp-content\/uploads\/2024\/12\/image_2024-12-26_090919935.png\",\"datePublished\":\"2024-12-26T07:58:20+00:00\",\"dateModified\":\"2025-06-30T07:11:28+00:00\",\"description\":\"Are you looking to Buy a registered Bulgarian drivers License online without taking the drivers License exam? If yes, then you just saved your time and money by finding us.\",\"breadcrumb\":{\"@id\":\"https:\/\/permessodiguida.com\/product\/apply-for-registered-bulgarian-drivers-license\/#breadcrumb\"},\"inLanguage\":\"fr-FR\",\"potentialAction\":[{\"@type\":\"ReadAction\",\"target\":[\"https:\/\/permessodiguida.com\/product\/apply-for-registered-bulgarian-drivers-license\/\"]}]},{\"@type\":\"ImageObject\",\"inLanguage\":\"fr-FR\",\"@id\":\"https:\/\/permessodiguida.com\/product\/apply-for-registered-bulgarian-drivers-license\/#primaryimage\",\"url\":\"https:\/\/permessodiguida.com\/wp-content\/uploads\/2024\/12\/image_2024-12-26_090919935.png\",\"contentUrl\":\"https:\/\/permessodiguida.com\/wp-content\/uploads\/2024\/12\/image_2024-12-26_090919935.png\",\"width\":800,\"height\":450,\"caption\":\"driving license\"},{\"@type\":\"BreadcrumbList\",\"@id\":\"https:\/\/permessodiguida.com\/product\/apply-for-registered-bulgarian-drivers-license\/#breadcrumb\",\"itemListElement\":[{\"@type\":\"ListItem\",\"position\":1,\"name\":\"Home\",\"item\":\"https:\/\/permessodiguida.com\/\"},{\"@type\":\"ListItem\",\"position\":2,\"name\":\"All Services\",\"item\":\"https:\/\/permessodiguida.com\/shop\/\"},{\"@type\":\"ListItem\",\"position\":3,\"name\":\"Apply for Registered Bulgarian drivers License\"}]},{\"@type\":\"WebSite\",\"@id\":\"https:\/\/permessodiguida.com\/#website\",\"url\":\"https:\/\/permessodiguida.com\/\",\"name\":\"Permessodiguida\",\"description\":\"Get Original Driving License And Passport\",\"publisher\":{\"@id\":\"https:\/\/permessodiguida.com\/#organization\"},\"alternateName\":\"Original Documents Provider\",\"potentialAction\":[{\"@type\":\"SearchAction\",\"target\":{\"@type\":\"EntryPoint\",\"urlTemplate\":\"https:\/\/permessodiguida.com\/?s={search_term_string}\"},\"query-input\":{\"@type\":\"PropertyValueSpecification\",\"valueRequired\":true,\"valueName\":\"search_term_string\"}}],\"inLanguage\":\"fr-FR\"},{\"@type\":\"Organization\",\"@id\":\"https:\/\/permessodiguida.com\/#organization\",\"name\":\"Permesso Di Guida\",\"alternateName\":\"Original Driving License And Passport\",\"url\":\"https:\/\/permessodiguida.com\/\",\"logo\":{\"@type\":\"ImageObject\",\"inLanguage\":\"fr-FR\",\"@id\":\"https:\/\/permessodiguida.com\/#\/schema\/logo\/image\/\",\"url\":\"https:\/\/permessodiguida.com\/wp-content\/uploads\/2024\/08\/image_2024-08-09_144906822.png\",\"contentUrl\":\"https:\/\/permessodiguida.com\/wp-content\/uploads\/2024\/08\/image_2024-08-09_144906822.png\",\"width\":687,\"height\":549,\"caption\":\"Permesso Di Guida\"},\"image\":{\"@id\":\"https:\/\/permessodiguida.com\/#\/schema\/logo\/image\/\"}}]}<\/script>\n<!-- \/ Yoast SEO Premium plugin. -->","yoast_head_json":{"title":"Demander un permis de conduire bulgare enregistr\u00e9","description":"Vous cherchez \u00e0 acheter un permis de conduire bulgare enregistr\u00e9 en ligne sans passer l'examen du permis de conduire ? Si oui, alors vous venez de gagner du temps et de l'argent en nous trouvant.","robots":{"index":"index","follow":"follow","max-snippet":"max-snippet:-1","max-image-preview":"max-image-preview:large","max-video-preview":"max-video-preview:-1"},"canonical":"https:\/\/permessodiguida.com\/fr\/prodotto\/demander-un-permis-de-conduire-bulgare-enregistre\/","og_locale":"fr_FR","og_type":"article","og_title":"Apply for Registered Bulgarian drivers License","og_description":"Are you looking to Buy a registered Bulgarian drivers License online without taking the drivers License exam? If yes, then you just saved your time and money by finding us.","og_url":"https:\/\/permessodiguida.com\/fr\/prodotto\/demander-un-permis-de-conduire-bulgare-enregistre\/","og_site_name":"Original Documents Provider","article_modified_time":"2025-06-30T07:11:28+00:00","og_image":[{"width":800,"height":450,"url":"https:\/\/permessodiguida.com\/wp-content\/uploads\/2024\/12\/image_2024-12-26_090919935.png","type":"image\/png"}],"twitter_card":"summary_large_image","twitter_misc":{"Dur\u00e9e de lecture estim\u00e9e":"3 minutes"},"schema":{"@context":"https:\/\/schema.org","@graph":[{"@type":"WebPage","@id":"https:\/\/permessodiguida.com\/product\/apply-for-registered-bulgarian-drivers-license\/","url":"https:\/\/permessodiguida.com\/product\/apply-for-registered-bulgarian-drivers-license\/","name":"Demander un permis de conduire bulgare enregistr\u00e9","isPartOf":{"@id":"https:\/\/permessodiguida.com\/#website"},"primaryImageOfPage":{"@id":"https:\/\/permessodiguida.com\/product\/apply-for-registered-bulgarian-drivers-license\/#primaryimage"},"image":{"@id":"https:\/\/permessodiguida.com\/product\/apply-for-registered-bulgarian-drivers-license\/#primaryimage"},"thumbnailUrl":"https:\/\/permessodiguida.com\/wp-content\/uploads\/2024\/12\/image_2024-12-26_090919935.png","datePublished":"2024-12-26T07:58:20+00:00","dateModified":"2025-06-30T07:11:28+00:00","description":"Vous cherchez \u00e0 acheter un permis de conduire bulgare enregistr\u00e9 en ligne sans passer l'examen du permis de conduire ? Si oui, alors vous venez de gagner du temps et de l'argent en nous trouvant.","breadcrumb":{"@id":"https:\/\/permessodiguida.com\/product\/apply-for-registered-bulgarian-drivers-license\/#breadcrumb"},"inLanguage":"fr-FR","potentialAction":[{"@type":"ReadAction","target":["https:\/\/permessodiguida.com\/product\/apply-for-registered-bulgarian-drivers-license\/"]}]},{"@type":"ImageObject","inLanguage":"fr-FR","@id":"https:\/\/permessodiguida.com\/product\/apply-for-registered-bulgarian-drivers-license\/#primaryimage","url":"https:\/\/permessodiguida.com\/wp-content\/uploads\/2024\/12\/image_2024-12-26_090919935.png","contentUrl":"https:\/\/permessodiguida.com\/wp-content\/uploads\/2024\/12\/image_2024-12-26_090919935.png","width":800,"height":450,"caption":"driving license"},{"@type":"BreadcrumbList","@id":"https:\/\/permessodiguida.com\/product\/apply-for-registered-bulgarian-drivers-license\/#breadcrumb","itemListElement":[{"@type":"ListItem","position":1,"name":"Home","item":"https:\/\/permessodiguida.com\/"},{"@type":"ListItem","position":2,"name":"All Services","item":"https:\/\/permessodiguida.com\/shop\/"},{"@type":"ListItem","position":3,"name":"Apply for Registered Bulgarian drivers License"}]},{"@type":"WebSite","@id":"https:\/\/permessodiguida.com\/#website","url":"https:\/\/permessodiguida.com\/","name":"Permessodiguida","description":"Obtenir l'original du permis de conduire et du passeport","publisher":{"@id":"https:\/\/permessodiguida.com\/#organization"},"alternateName":"Original Documents Provider","potentialAction":[{"@type":"SearchAction","target":{"@type":"EntryPoint","urlTemplate":"https:\/\/permessodiguida.com\/?s={search_term_string}"},"query-input":{"@type":"PropertyValueSpecification","valueRequired":true,"valueName":"search_term_string"}}],"inLanguage":"fr-FR"},{"@type":"Organization","@id":"https:\/\/permessodiguida.com\/#organization","name":"Permis de conduire","alternateName":"Original Driving License And Passport","url":"https:\/\/permessodiguida.com\/","logo":{"@type":"ImageObject","inLanguage":"fr-FR","@id":"https:\/\/permessodiguida.com\/#\/schema\/logo\/image\/","url":"https:\/\/permessodiguida.com\/wp-content\/uploads\/2024\/08\/image_2024-08-09_144906822.png","contentUrl":"https:\/\/permessodiguida.com\/wp-content\/uploads\/2024\/08\/image_2024-08-09_144906822.png","width":687,"height":549,"caption":"Permesso Di Guida"},"image":{"@id":"https:\/\/permessodiguida.com\/#\/schema\/logo\/image\/"}}]}},"_links":{"self":[{"href":"https:\/\/permessodiguida.com\/fr\/wp-json\/wp\/v2\/product\/339","targetHints":{"allow":["GET"]}}],"collection":[{"href":"https:\/\/permessodiguida.com\/fr\/wp-json\/wp\/v2\/product"}],"about":[{"href":"https:\/\/permessodiguida.com\/fr\/wp-json\/wp\/v2\/types\/product"}],"replies":[{"embeddable":true,"href":"https:\/\/permessodiguida.com\/fr\/wp-json\/wp\/v2\/comments?post=339"}],"wp:featuredmedia":[{"embeddable":true,"href":"https:\/\/permessodiguida.com\/fr\/wp-json\/wp\/v2\/media\/1951"}],"wp:attachment":[{"href":"https:\/\/permessodiguida.com\/fr\/wp-json\/wp\/v2\/media?parent=339"}],"wp:term":[{"taxonomy":"product_brand","embeddable":true,"href":"https:\/\/permessodiguida.com\/fr\/wp-json\/wp\/v2\/product_brand?post=339"},{"taxonomy":"product_cat","embeddable":true,"href":"https:\/\/permessodiguida.com\/fr\/wp-json\/wp\/v2\/product_cat?post=339"},{"taxonomy":"product_tag","embeddable":true,"href":"https:\/\/permessodiguida.com\/fr\/wp-json\/wp\/v2\/product_tag?post=339"}],"curies":[{"name":"wp","href":"https:\/\/api.w.org\/{rel}","templated":true}]}}