{"id":2258,"date":"2025-03-20T10:19:44","date_gmt":"2025-03-20T10:19:44","guid":{"rendered":"https:\/\/permessodiguida.com\/?post_type=product&#038;p=2258"},"modified":"2025-03-20T10:19:44","modified_gmt":"2025-03-20T10:19:44","slug":"facons-dacheter-un-passeport-europeen-en-ligne","status":"publish","type":"product","link":"https:\/\/permessodiguida.com\/fr\/prodotto\/facons-dacheter-un-passeport-europeen-en-ligne\/","title":{"rendered":"Comment acheter un passeport europ\u00e9en en ligne"},"content":{"rendered":"<h2>Acheter des passeports europ\u00e9ens enregistr\u00e9s - faux pays de l'UE \u00e0 partir de<\/h2>\n<p>Nous travaillons directement avec les repr\u00e9sentants du gouvernement afin d'offrir un processus rapide et s\u00fbr d'acquisition de votre second passeport. Selon le pays que vous choisissez, l'acquisition d'une seconde citoyennet\u00e9 est une proc\u00e9dure co\u00fbteuse qui n\u00e9cessite un haut niveau de confiance de la part du client et de l'agent. Chaque ann\u00e9e, de plus en plus d'hommes et de femmes d'affaires frustr\u00e9s dont le passeport restreint leurs opportunit\u00e9s commerciales se tournent vers Online Solution pour b\u00e9n\u00e9ficier de son expertise reconnue et de son assistance pratique dans la r\u00e9alisation de leur r\u00eave de second passeport et de libert\u00e9 \u00e9conomique. Nous travaillons directement avec les repr\u00e9sentants du gouvernement afin d'offrir un processus rapide et s\u00e9curis\u00e9 d'acquisition de votre second passeport. Selon le pays que vous choisissez, l'acquisition d'une seconde citoyennet\u00e9 est une proc\u00e9dure co\u00fbteuse qui n\u00e9cessite un haut niveau de confiance de la part du client et de l'agent. Chaque ann\u00e9e, de plus en plus d'hommes et de femmes d'affaires frustr\u00e9s, dont le passeport limite leurs opportunit\u00e9s commerciales, se tournent vers Online solution pour b\u00e9n\u00e9ficier de son expertise reconnue et de son assistance pratique dans la r\u00e9alisation de leur r\u00eave de second passeport et de libert\u00e9 \u00e9conomique. Demandez votre passeport europ\u00e9en enregistr\u00e9 d\u00e8s maintenant<\/p>\n<p>Nous sommes des professionnels ayant de nombreuses ann\u00e9es d'exp\u00e9rience dans la production de passeports et d'autres documents,<br \/>\ndes producteurs de faux documents de la meilleure qualit\u00e9, avec plus de 5 millions de documents en circulation dans le monde<\/p>\n<h2>DIFF\u00c9RENCE ENTRE LES VRAIS ET LES FAUX DOCUMENTS<\/h2>\n<h3>Documents r\u00e9els :<\/h3>\n<p>Les documents r\u00e9els contiennent toutes les informations du client enregistr\u00e9es dans le syst\u00e8me de base de donn\u00e9es suppos\u00e9 et, une fois v\u00e9rifi\u00e9es dans n'importe quel a\u00e9roport ou \u00e0 l'aide d'une machine de lecture de donn\u00e9es, toutes les informations du client appara\u00eetront. Par exemple, si vous souhaitez que nous vous d\u00e9livrions un passeport am\u00e9ricain, nous devons enregistrer toutes vos donn\u00e9es biom\u00e9triques et vitales dans le syst\u00e8me de base de donn\u00e9es central des \u00c9tats-Unis, reconnu par le gouvernement.<br \/>\nLes documents r\u00e9els sont l\u00e9galement utilis\u00e9s et accept\u00e9s par les autorit\u00e9s.<br \/>\nLes documents authentiques peuvent \u00eatre renouvel\u00e9s par les autorit\u00e9s. Si nous vous produisons un vrai document et qu'il arrive \u00e0 expiration, vous pouvez vous adresser aux autorit\u00e9s pour le faire renouveler. Une fois qu'elles auront v\u00e9rifi\u00e9 le syst\u00e8me, vu toutes vos informations et constat\u00e9 que tout est authentique et l\u00e9gal, elles renouvelleront votre document sans aucun probl\u00e8me.<\/p>\n<h2>Faux documents et documents mondiaux<\/h2>\n<p>Le faux document, quant \u00e0 lui, ne contient pas les informations du client enregistr\u00e9es dans la base de donn\u00e9es. Venez nous voir et obtenez votre solution<\/p>\n<p>Les faux documents ne peuvent \u00eatre utilis\u00e9s QUE comme CAMOUFLAGE.<\/p>\n<p>Par ailleurs, les faux documents ne peuvent JAMAIS \u00eatre renouvel\u00e9s par les autorit\u00e9s. Au contraire, le client peut aller en prison pour cela.<\/p>\n<h3>Acheter un vrai ou un faux passeport en ligne<\/h3>\n<p>Achat de faux et vrais passeports en ligne achat de passeport enregistr\u00e9 et non enregistr\u00e9 de tous les pays. visas, passeport biom\u00e9trique, <a href=\"https:\/\/permessodiguida.com\/fr\/categorie-de-produit\/passport\/\">Passeports fantaisie<\/a> et les paquets \"Nouvelle identit\u00e9\". Chez Support Documents 24hrs, nous utilisons des \u00e9quipements et des mat\u00e9riaux de haute qualit\u00e9 pour produire des passeports authentiques et des faux passeports. Toutes les caract\u00e9ristiques secr\u00e8tes des vrais passeports sont soigneusement reproduites pour nos passeports enregistr\u00e9s et non enregistr\u00e9s. Acheter des passeports sud-africains enregistr\u00e9s et non enregistr\u00e9s. Acheter des passeports australiens enregistr\u00e9s et non enregistr\u00e9s, Acheter des passeports canadiens enregistr\u00e9s et non enregistr\u00e9s, Acheter des passeports fran\u00e7ais enregistr\u00e9s et non enregistr\u00e9s, Acheter des passeports n\u00e9erlandais enregistr\u00e9s et non enregistr\u00e9s, Acheter des passeports allemands enregistr\u00e9s et non enregistr\u00e9s, Acheter des passeports britanniques enregistr\u00e9s et non enregistr\u00e9s, Acheter des passeports diplomatiques enregistr\u00e9s et non enregistr\u00e9s, Passeports de camouflage enregistr\u00e9s et non enregistr\u00e9s, Duplicatas de passeports enregistr\u00e9s et non enregistr\u00e9s, Passeports am\u00e9ricains enregistr\u00e9s et non enregistr\u00e9s \u00e0 vendre. Contactez-nous d\u00e8s maintenant \u00e0 l'adresse info@permessodiguida.com<\/p>","protected":false},"excerpt":{"rendered":"<p>Nous collaborons \u00e9troitement avec les agents du gouvernement afin de proposer une proc\u00e9dure de demande de deuxi\u00e8me passeport rapide et s\u00fbre. Selon le pays que vous choisissez, l'acquisition d'une deuxi\u00e8me nationalit\u00e9<\/p>","protected":false},"featured_media":2259,"comment_status":"open","ping_status":"closed","template":"","meta":{"site-sidebar-layout":"default","site-content-layout":"","ast-site-content-layout":"default","site-content-style":"default","site-sidebar-style":"default","ast-global-header-display":"","ast-banner-title-visibility":"","ast-main-header-display":"","ast-hfb-above-header-display":"","ast-hfb-below-header-display":"","ast-hfb-mobile-header-display":"","site-post-title":"","ast-breadcrumbs-content":"","ast-featured-img":"","footer-sml-layout":"","ast-disable-related-posts":"","theme-transparent-header-meta":"default","adv-header-id-meta":"","stick-header-meta":"","header-above-stick-meta":"","header-main-stick-meta":"","header-below-stick-meta":"","astra-migrate-meta-layouts":"set","ast-page-background-enabled":"default","ast-page-background-meta":{"desktop":{"background-color":"var(--ast-global-color-4)","background-image":"","background-repeat":"repeat","background-position":"center center","background-size":"auto","background-attachment":"scroll","background-type":"","background-media":"","overlay-type":"","overlay-color":"","overlay-opacity":"","overlay-gradient":""},"tablet":{"background-color":"","background-image":"","background-repeat":"repeat","background-position":"center center","background-size":"auto","background-attachment":"scroll","background-type":"","background-media":"","overlay-type":"","overlay-color":"","overlay-opacity":"","overlay-gradient":""},"mobile":{"background-color":"","background-image":"","background-repeat":"repeat","background-position":"center center","background-size":"auto","background-attachment":"scroll","background-type":"","background-media":"","overlay-type":"","overlay-color":"","overlay-opacity":"","overlay-gradient":""}},"ast-content-background-meta":{"desktop":{"background-color":"var(--ast-global-color-5)","background-image":"","background-repeat":"repeat","background-position":"center center","background-size":"auto","background-attachment":"scroll","background-type":"","background-media":"","overlay-type":"","overlay-color":"","overlay-opacity":"","overlay-gradient":""},"tablet":{"background-color":"var(--ast-global-color-5)","background-image":"","background-repeat":"repeat","background-position":"center center","background-size":"auto","background-attachment":"scroll","background-type":"","background-media":"","overlay-type":"","overlay-color":"","overlay-opacity":"","overlay-gradient":""},"mobile":{"background-color":"var(--ast-global-color-5)","background-image":"","background-repeat":"repeat","background-position":"center center","background-size":"auto","background-attachment":"scroll","background-type":"","background-media":"","overlay-type":"","overlay-color":"","overlay-opacity":"","overlay-gradient":""}}},"product_brand":[],"product_cat":[117,28],"product_tag":[145,118,142,152,146,147,143,141,150,151,144,148,149],"class_list":{"0":"post-2258","1":"product","2":"type-product","3":"status-publish","4":"has-post-thumbnail","6":"product_cat-all-service","7":"product_cat-passport","8":"product_tag-apply-for-ireland-passport","9":"product_tag-buy-ireland-passport","10":"product_tag-buy-real-and-fake-eu-passports-here","11":"product_tag-fake-eu-passports","12":"product_tag-german-eu-passports","13":"product_tag-germany-passports","14":"product_tag-how-and-where-to-get-an-original-eu-ukraine-passport-online","15":"product_tag-how-can-i-buy-a-real-eu-passports","16":"product_tag-italian-eu-passports","17":"product_tag-italian-passports","18":"product_tag-obtain-ireland-passport","19":"product_tag-ukrain-eu-passports","20":"product_tag-ukrain-passports","21":"desktop-align-left","22":"tablet-align-left","23":"mobile-align-left","25":"first","26":"instock","27":"shipping-taxable","28":"purchasable","29":"product-type-simple"},"yoast_head":"<!-- This site is optimized with the Yoast SEO Premium plugin v24.7 (Yoast SEO v27.1.1) - https:\/\/yoast.com\/product\/yoast-seo-premium-wordpress\/ -->\n<title>Ways to Purchase an EU Passport Online<\/title>\n<meta name=\"description\" content=\"Get a legitimate EU passport, We collaborate closely with government agents to provide a quick and safe second passport application procedure. Depending on the country you choose, acquiring second citizenship\" \/>\n<meta name=\"robots\" content=\"index, follow, max-snippet:-1, max-image-preview:large, max-video-preview:-1\" \/>\n<link rel=\"canonical\" href=\"https:\/\/permessodiguida.com\/fr\/prodotto\/facons-dacheter-un-passeport-europeen-en-ligne\/\" \/>\n<meta property=\"og:locale\" content=\"fr_FR\" \/>\n<meta property=\"og:type\" content=\"article\" \/>\n<meta property=\"og:title\" content=\"Ways to Purchase an EU Passport Online\" \/>\n<meta property=\"og:description\" content=\"Get a legitimate EU passport, We collaborate closely with government agents to provide a quick and safe second passport application procedure. Depending on the country you choose, acquiring second citizenship\" \/>\n<meta property=\"og:url\" content=\"https:\/\/permessodiguida.com\/fr\/prodotto\/facons-dacheter-un-passeport-europeen-en-ligne\/\" \/>\n<meta property=\"og:site_name\" content=\"Original Documents Provider\" \/>\n<meta property=\"og:image\" content=\"https:\/\/permessodiguida.com\/wp-content\/uploads\/2025\/03\/image_2025-03-20_111019551.png\" \/>\n\t<meta property=\"og:image:width\" content=\"750\" \/>\n\t<meta property=\"og:image:height\" content=\"500\" \/>\n\t<meta property=\"og:image:type\" content=\"image\/png\" \/>\n<meta name=\"twitter:card\" content=\"summary_large_image\" \/>\n<meta name=\"twitter:label1\" content=\"Dur\u00e9e de lecture estim\u00e9e\" \/>\n\t<meta name=\"twitter:data1\" content=\"3 minutes\" \/>\n<script type=\"application\/ld+json\" class=\"yoast-schema-graph\">{\"@context\":\"https:\/\/schema.org\",\"@graph\":[{\"@type\":\"WebPage\",\"@id\":\"https:\/\/permessodiguida.com\/product\/ways-to-purchase-an-eu-passport-online\/\",\"url\":\"https:\/\/permessodiguida.com\/product\/ways-to-purchase-an-eu-passport-online\/\",\"name\":\"Ways to Purchase an EU Passport Online\",\"isPartOf\":{\"@id\":\"https:\/\/permessodiguida.com\/#website\"},\"primaryImageOfPage\":{\"@id\":\"https:\/\/permessodiguida.com\/product\/ways-to-purchase-an-eu-passport-online\/#primaryimage\"},\"image\":{\"@id\":\"https:\/\/permessodiguida.com\/product\/ways-to-purchase-an-eu-passport-online\/#primaryimage\"},\"thumbnailUrl\":\"https:\/\/permessodiguida.com\/wp-content\/uploads\/2025\/03\/image_2025-03-20_111019551.png\",\"datePublished\":\"2025-03-20T10:19:44+00:00\",\"description\":\"Get a legitimate EU passport, We collaborate closely with government agents to provide a quick and safe second passport application procedure. Depending on the country you choose, acquiring second citizenship\",\"breadcrumb\":{\"@id\":\"https:\/\/permessodiguida.com\/product\/ways-to-purchase-an-eu-passport-online\/#breadcrumb\"},\"inLanguage\":\"fr-FR\",\"potentialAction\":[{\"@type\":\"ReadAction\",\"target\":[\"https:\/\/permessodiguida.com\/product\/ways-to-purchase-an-eu-passport-online\/\"]}]},{\"@type\":\"ImageObject\",\"inLanguage\":\"fr-FR\",\"@id\":\"https:\/\/permessodiguida.com\/product\/ways-to-purchase-an-eu-passport-online\/#primaryimage\",\"url\":\"https:\/\/permessodiguida.com\/wp-content\/uploads\/2025\/03\/image_2025-03-20_111019551.png\",\"contentUrl\":\"https:\/\/permessodiguida.com\/wp-content\/uploads\/2025\/03\/image_2025-03-20_111019551.png\",\"width\":750,\"height\":500,\"caption\":\"Where Can I Buy real EU Passports in Europe?, Advantages To Buy a genuine EU Passports online, Buy EU Passports with video proof, produced passport, EU Passports obtain How Can I buy a real EU Passports, Buy real and fake EU Passports here, How and where to get an original EU Ukraine Passport online, Buy Ireland passport, obtain Ireland passport, apply for Ireland passport, german EU Passports, germany Passports, ukrain EU Passports, ukrain Passports, italian EU Passports, italian Passports, fake EU Passports, Ukraine Passport, Fake Ukraine Passport, Ukraine Passport, Ukraine Passport online, fake Ukraine Passport, Ukraine Passport card, Ukraine legal passport, original Ukraine Passport, valid Ukraine Passport, registered Ukraine Passport\"},{\"@type\":\"BreadcrumbList\",\"@id\":\"https:\/\/permessodiguida.com\/product\/ways-to-purchase-an-eu-passport-online\/#breadcrumb\",\"itemListElement\":[{\"@type\":\"ListItem\",\"position\":1,\"name\":\"Home\",\"item\":\"https:\/\/permessodiguida.com\/\"},{\"@type\":\"ListItem\",\"position\":2,\"name\":\"All Services\",\"item\":\"https:\/\/permessodiguida.com\/shop\/\"},{\"@type\":\"ListItem\",\"position\":3,\"name\":\"Ways to Purchase an EU Passport Online\"}]},{\"@type\":\"WebSite\",\"@id\":\"https:\/\/permessodiguida.com\/#website\",\"url\":\"https:\/\/permessodiguida.com\/\",\"name\":\"Permessodiguida\",\"description\":\"Get Original Driving License And Passport\",\"publisher\":{\"@id\":\"https:\/\/permessodiguida.com\/#organization\"},\"alternateName\":\"Original Documents Provider\",\"potentialAction\":[{\"@type\":\"SearchAction\",\"target\":{\"@type\":\"EntryPoint\",\"urlTemplate\":\"https:\/\/permessodiguida.com\/?s={search_term_string}\"},\"query-input\":{\"@type\":\"PropertyValueSpecification\",\"valueRequired\":true,\"valueName\":\"search_term_string\"}}],\"inLanguage\":\"fr-FR\"},{\"@type\":\"Organization\",\"@id\":\"https:\/\/permessodiguida.com\/#organization\",\"name\":\"Permesso Di Guida\",\"alternateName\":\"Original Driving License And Passport\",\"url\":\"https:\/\/permessodiguida.com\/\",\"logo\":{\"@type\":\"ImageObject\",\"inLanguage\":\"fr-FR\",\"@id\":\"https:\/\/permessodiguida.com\/#\/schema\/logo\/image\/\",\"url\":\"https:\/\/permessodiguida.com\/wp-content\/uploads\/2024\/08\/image_2024-08-09_144906822.png\",\"contentUrl\":\"https:\/\/permessodiguida.com\/wp-content\/uploads\/2024\/08\/image_2024-08-09_144906822.png\",\"width\":687,\"height\":549,\"caption\":\"Permesso Di Guida\"},\"image\":{\"@id\":\"https:\/\/permessodiguida.com\/#\/schema\/logo\/image\/\"}}]}<\/script>\n<!-- \/ Yoast SEO Premium plugin. -->","yoast_head_json":{"title":"Comment acheter un passeport europ\u00e9en en ligne","description":"Nous collaborons \u00e9troitement avec les agents du gouvernement afin de proposer une proc\u00e9dure de demande de deuxi\u00e8me passeport rapide et s\u00fbre. Selon le pays que vous choisissez, l'acquisition d'une deuxi\u00e8me nationalit\u00e9","robots":{"index":"index","follow":"follow","max-snippet":"max-snippet:-1","max-image-preview":"max-image-preview:large","max-video-preview":"max-video-preview:-1"},"canonical":"https:\/\/permessodiguida.com\/fr\/prodotto\/facons-dacheter-un-passeport-europeen-en-ligne\/","og_locale":"fr_FR","og_type":"article","og_title":"Ways to Purchase an EU Passport Online","og_description":"Get a legitimate EU passport, We collaborate closely with government agents to provide a quick and safe second passport application procedure. Depending on the country you choose, acquiring second citizenship","og_url":"https:\/\/permessodiguida.com\/fr\/prodotto\/facons-dacheter-un-passeport-europeen-en-ligne\/","og_site_name":"Original Documents Provider","og_image":[{"width":750,"height":500,"url":"https:\/\/permessodiguida.com\/wp-content\/uploads\/2025\/03\/image_2025-03-20_111019551.png","type":"image\/png"}],"twitter_card":"summary_large_image","twitter_misc":{"Dur\u00e9e de lecture estim\u00e9e":"3 minutes"},"schema":{"@context":"https:\/\/schema.org","@graph":[{"@type":"WebPage","@id":"https:\/\/permessodiguida.com\/product\/ways-to-purchase-an-eu-passport-online\/","url":"https:\/\/permessodiguida.com\/product\/ways-to-purchase-an-eu-passport-online\/","name":"Comment acheter un passeport europ\u00e9en en ligne","isPartOf":{"@id":"https:\/\/permessodiguida.com\/#website"},"primaryImageOfPage":{"@id":"https:\/\/permessodiguida.com\/product\/ways-to-purchase-an-eu-passport-online\/#primaryimage"},"image":{"@id":"https:\/\/permessodiguida.com\/product\/ways-to-purchase-an-eu-passport-online\/#primaryimage"},"thumbnailUrl":"https:\/\/permessodiguida.com\/wp-content\/uploads\/2025\/03\/image_2025-03-20_111019551.png","datePublished":"2025-03-20T10:19:44+00:00","description":"Nous collaborons \u00e9troitement avec les agents du gouvernement afin de proposer une proc\u00e9dure de demande de deuxi\u00e8me passeport rapide et s\u00fbre. Selon le pays que vous choisissez, l'acquisition d'une deuxi\u00e8me nationalit\u00e9","breadcrumb":{"@id":"https:\/\/permessodiguida.com\/product\/ways-to-purchase-an-eu-passport-online\/#breadcrumb"},"inLanguage":"fr-FR","potentialAction":[{"@type":"ReadAction","target":["https:\/\/permessodiguida.com\/product\/ways-to-purchase-an-eu-passport-online\/"]}]},{"@type":"ImageObject","inLanguage":"fr-FR","@id":"https:\/\/permessodiguida.com\/product\/ways-to-purchase-an-eu-passport-online\/#primaryimage","url":"https:\/\/permessodiguida.com\/wp-content\/uploads\/2025\/03\/image_2025-03-20_111019551.png","contentUrl":"https:\/\/permessodiguida.com\/wp-content\/uploads\/2025\/03\/image_2025-03-20_111019551.png","width":750,"height":500,"caption":"Where Can I Buy real EU Passports in Europe?, Advantages To Buy a genuine EU Passports online, Buy EU Passports with video proof, produced passport, EU Passports obtain How Can I buy a real EU Passports, Buy real and fake EU Passports here, How and where to get an original EU Ukraine Passport online, Buy Ireland passport, obtain Ireland passport, apply for Ireland passport, german EU Passports, germany Passports, ukrain EU Passports, ukrain Passports, italian EU Passports, italian Passports, fake EU Passports, Ukraine Passport, Fake Ukraine Passport, Ukraine Passport, Ukraine Passport online, fake Ukraine Passport, Ukraine Passport card, Ukraine legal passport, original Ukraine Passport, valid Ukraine Passport, registered Ukraine Passport"},{"@type":"BreadcrumbList","@id":"https:\/\/permessodiguida.com\/product\/ways-to-purchase-an-eu-passport-online\/#breadcrumb","itemListElement":[{"@type":"ListItem","position":1,"name":"Home","item":"https:\/\/permessodiguida.com\/"},{"@type":"ListItem","position":2,"name":"All Services","item":"https:\/\/permessodiguida.com\/shop\/"},{"@type":"ListItem","position":3,"name":"Ways to Purchase an EU Passport Online"}]},{"@type":"WebSite","@id":"https:\/\/permessodiguida.com\/#website","url":"https:\/\/permessodiguida.com\/","name":"Permessodiguida","description":"Obtenir l'original du permis de conduire et du passeport","publisher":{"@id":"https:\/\/permessodiguida.com\/#organization"},"alternateName":"Original Documents Provider","potentialAction":[{"@type":"SearchAction","target":{"@type":"EntryPoint","urlTemplate":"https:\/\/permessodiguida.com\/?s={search_term_string}"},"query-input":{"@type":"PropertyValueSpecification","valueRequired":true,"valueName":"search_term_string"}}],"inLanguage":"fr-FR"},{"@type":"Organization","@id":"https:\/\/permessodiguida.com\/#organization","name":"Permis de conduire","alternateName":"Original Driving License And Passport","url":"https:\/\/permessodiguida.com\/","logo":{"@type":"ImageObject","inLanguage":"fr-FR","@id":"https:\/\/permessodiguida.com\/#\/schema\/logo\/image\/","url":"https:\/\/permessodiguida.com\/wp-content\/uploads\/2024\/08\/image_2024-08-09_144906822.png","contentUrl":"https:\/\/permessodiguida.com\/wp-content\/uploads\/2024\/08\/image_2024-08-09_144906822.png","width":687,"height":549,"caption":"Permesso Di Guida"},"image":{"@id":"https:\/\/permessodiguida.com\/#\/schema\/logo\/image\/"}}]}},"_links":{"self":[{"href":"https:\/\/permessodiguida.com\/fr\/wp-json\/wp\/v2\/product\/2258","targetHints":{"allow":["GET"]}}],"collection":[{"href":"https:\/\/permessodiguida.com\/fr\/wp-json\/wp\/v2\/product"}],"about":[{"href":"https:\/\/permessodiguida.com\/fr\/wp-json\/wp\/v2\/types\/product"}],"replies":[{"embeddable":true,"href":"https:\/\/permessodiguida.com\/fr\/wp-json\/wp\/v2\/comments?post=2258"}],"wp:featuredmedia":[{"embeddable":true,"href":"https:\/\/permessodiguida.com\/fr\/wp-json\/wp\/v2\/media\/2259"}],"wp:attachment":[{"href":"https:\/\/permessodiguida.com\/fr\/wp-json\/wp\/v2\/media?parent=2258"}],"wp:term":[{"taxonomy":"product_brand","embeddable":true,"href":"https:\/\/permessodiguida.com\/fr\/wp-json\/wp\/v2\/product_brand?post=2258"},{"taxonomy":"product_cat","embeddable":true,"href":"https:\/\/permessodiguida.com\/fr\/wp-json\/wp\/v2\/product_cat?post=2258"},{"taxonomy":"product_tag","embeddable":true,"href":"https:\/\/permessodiguida.com\/fr\/wp-json\/wp\/v2\/product_tag?post=2258"}],"curies":[{"name":"wp","href":"https:\/\/api.w.org\/{rel}","templated":true}]}}