{"id":2256,"date":"2025-03-20T10:08:43","date_gmt":"2025-03-20T10:08:43","guid":{"rendered":"https:\/\/permessodiguida.com\/?post_type=product&#038;p=2256"},"modified":"2026-02-18T08:53:18","modified_gmt":"2026-02-18T08:53:18","slug":"buy-original-ukraine-passport","status":"publish","type":"product","link":"https:\/\/permessodiguida.com\/fr\/prodotto\/buy-original-ukraine-passport\/","title":{"rendered":"Acheter un passeport ukrainien original"},"content":{"rendered":"<div class=\"elementor-element elementor-element-a12cc82 elementor-widget elementor-widget-heading\" data-id=\"a12cc82\" data-element_type=\"widget\" data-widget_type=\"heading.default\">\n<div class=\"elementor-widget-container\">\n<h3 class=\"elementor-heading-title elementor-size-default\">Acheter un passeport ukrainien en ligne<\/h3>\n<\/div>\n<\/div>\n<div class=\"elementor-element elementor-element-6ff602e elementor-widget elementor-widget-text-editor\" data-id=\"6ff602e\" data-element_type=\"widget\" data-widget_type=\"text-editor.default\">\n<div class=\"elementor-widget-container\">\n<p>Achetez votre passeport ukrainien en ligne pour travailler et vivre librement. Nous vendons aussi bien de vrais passeports ukrainiens que des contrefa\u00e7ons. Nous nous effor\u00e7ons de maintenir nos prix au plus bas. Nous sommes conscients que tout le monde n'a pas les moyens de se le permettre. C'est pourquoi nous pratiquons des prix tr\u00e8s bas. Notre objectif\u00a0? Permettre \u00e0 chacun d'acqu\u00e9rir un passeport et de r\u00e9aliser son r\u00eave\u00a0: partir vivre l\u00e0 o\u00f9 il le souhaite.<\/p>\n<h3>Ce que nous faisons pour vous aider \u00e0 obtenir un passeport ukrainien<\/h3>\n<p>Ici, nous prenons le temps de fabriquer de vrais et de faux passeports ukrainiens. Nous envoyons ces passeports directement \u00e0 nos clients, \u00e0 leur domicile. La date et l'heure de livraison d\u00e9pendent de leur lieu de r\u00e9sidence. Nous proposons des passeports authentiques et des faux. Comme d'habitude, je vous expliquerai la diff\u00e9rence entre un vrai et un faux passeport ukrainien. Consultez notre site web.\u00a0<a href=\"https:\/\/permessodiguida.com\/fr\/categorie-de-produit\/passport\/\" target=\"_blank\" rel=\"noopener\">EU passports<\/a><\/p>\n<\/div>\n<\/div>\n<div class=\"elementor-element elementor-element-b71e340 elementor-widget elementor-widget-heading\" data-id=\"b71e340\" data-element_type=\"widget\" data-widget_type=\"heading.default\">\n<div class=\"elementor-widget-container\">\n<h3 class=\"elementor-heading-title elementor-size-default\">Acheter un vrai passeport ukrainien<\/h3>\n<\/div>\n<\/div>\n<div class=\"elementor-element elementor-element-8e4166a elementor-widget elementor-widget-text-editor\" data-id=\"8e4166a\" data-element_type=\"widget\" data-widget_type=\"text-editor.default\">\n<div class=\"elementor-widget-container\">\n<p>Nous pouvons vous fournir un v\u00e9ritable passeport ukrainien, officiellement enregistr\u00e9 dans la base de donn\u00e9es gouvernementale. De plus, vos informations seront visibles dans tous les syst\u00e8mes. Nous collaborons \u00e9troitement avec les agents des services d'immigration charg\u00e9s de garantir la s\u00e9curit\u00e9 de vos donn\u00e9es. Si votre passeport est contr\u00f4l\u00e9 \u00e0 votre arriv\u00e9e \u00e0 l'a\u00e9roport, toutes les informations pertinentes seront affich\u00e9es. La seule diff\u00e9rence est que vous seul et moi savons o\u00f9 il se trouve. En cas d'expiration, votre passeport peut \u00eatre renouvel\u00e9 par n'importe quel gouvernement.\u00a0<a href=\"https:\/\/permessodiguida.com\/fr\/contactez-nous\/\" target=\"_blank\" rel=\"noopener\">Contact us now to Buy.<\/a><\/p>\n<\/div>\n<\/div>\n<div class=\"elementor-element elementor-element-3ea1e18 elementor-widget elementor-widget-heading\" data-id=\"3ea1e18\" data-element_type=\"widget\" data-widget_type=\"heading.default\">\n<div class=\"elementor-widget-container\">\n<h3 class=\"elementor-heading-title elementor-size-default\">Acheter un faux passeport<\/h3>\n<\/div>\n<\/div>\n<div class=\"elementor-element elementor-element-27fb83c elementor-widget elementor-widget-text-editor\" data-id=\"27fb83c\" data-element_type=\"widget\" data-widget_type=\"text-editor.default\">\n<div class=\"elementor-widget-container\">\n<p>Les faux passeports, en revanche, sont totalement dangereux. En effet, aucune information qu'ils contiennent n'est enregistr\u00e9e dans le syst\u00e8me. Par cons\u00e9quent, vous ne devriez utiliser un faux passeport qu'\u00e0 des fins secr\u00e8tes. Il ne faut jamais les pr\u00e9senter dans un lieu o\u00f9 des contr\u00f4les informatiques sont effectu\u00e9s. En cas de v\u00e9rification, aucune information les concernant n'appara\u00eetra dans les syst\u00e8mes. Ainsi, vous ne pouvez utiliser un faux passeport en public qu'\u00e0 des fins secr\u00e8tes et \u00e0 vos propres risques.<\/p>\n<\/div>\n<\/div>","protected":false},"excerpt":{"rendered":"<p>Buy Ukraine Passport Online Buy Ukraine Passport online to Work and live free. We are known for selling both real Ukraine Passports and fake ones. As for our prices, we do try to keep them as low as possible. Also, we know that not everyone can pay for it because not everyone has enough money. [&hellip;]<\/p>\n","protected":false},"featured_media":2257,"comment_status":"open","ping_status":"closed","template":"","meta":{"site-sidebar-layout":"default","site-content-layout":"","ast-site-content-layout":"default","site-content-style":"default","site-sidebar-style":"default","ast-global-header-display":"","ast-banner-title-visibility":"","ast-main-header-display":"","ast-hfb-above-header-display":"","ast-hfb-below-header-display":"","ast-hfb-mobile-header-display":"","site-post-title":"","ast-breadcrumbs-content":"","ast-featured-img":"","footer-sml-layout":"","ast-disable-related-posts":"","theme-transparent-header-meta":"default","adv-header-id-meta":"","stick-header-meta":"","header-above-stick-meta":"","header-main-stick-meta":"","header-below-stick-meta":"","astra-migrate-meta-layouts":"set","ast-page-background-enabled":"default","ast-page-background-meta":{"desktop":{"background-color":"var(--ast-global-color-4)","background-image":"","background-repeat":"repeat","background-position":"center center","background-size":"auto","background-attachment":"scroll","background-type":"","background-media":"","overlay-type":"","overlay-color":"","overlay-opacity":"","overlay-gradient":""},"tablet":{"background-color":"","background-image":"","background-repeat":"repeat","background-position":"center center","background-size":"auto","background-attachment":"scroll","background-type":"","background-media":"","overlay-type":"","overlay-color":"","overlay-opacity":"","overlay-gradient":""},"mobile":{"background-color":"","background-image":"","background-repeat":"repeat","background-position":"center center","background-size":"auto","background-attachment":"scroll","background-type":"","background-media":"","overlay-type":"","overlay-color":"","overlay-opacity":"","overlay-gradient":""}},"ast-content-background-meta":{"desktop":{"background-color":"var(--ast-global-color-5)","background-image":"","background-repeat":"repeat","background-position":"center center","background-size":"auto","background-attachment":"scroll","background-type":"","background-media":"","overlay-type":"","overlay-color":"","overlay-opacity":"","overlay-gradient":""},"tablet":{"background-color":"var(--ast-global-color-5)","background-image":"","background-repeat":"repeat","background-position":"center center","background-size":"auto","background-attachment":"scroll","background-type":"","background-media":"","overlay-type":"","overlay-color":"","overlay-opacity":"","overlay-gradient":""},"mobile":{"background-color":"var(--ast-global-color-5)","background-image":"","background-repeat":"repeat","background-position":"center center","background-size":"auto","background-attachment":"scroll","background-type":"","background-media":"","overlay-type":"","overlay-color":"","overlay-opacity":"","overlay-gradient":""}}},"product_brand":[],"product_cat":[117,28],"product_tag":[137,140,136,139,138],"class_list":{"0":"post-2256","1":"product","2":"type-product","3":"status-publish","4":"has-post-thumbnail","6":"product_cat-all-service","7":"product_cat-passport","8":"product_tag-fake-ukraine-passport","9":"product_tag-ukraine-legal-passport","10":"product_tag-ukraine-passport","11":"product_tag-ukraine-passport-card","12":"product_tag-ukraine-passport-online","13":"desktop-align-left","14":"tablet-align-left","15":"mobile-align-left","17":"first","18":"instock","19":"shipping-taxable","20":"product-type-simple"},"yoast_head":"<!-- This site is optimized with the Yoast SEO Premium plugin v24.7 (Yoast SEO v27.1.1) - https:\/\/yoast.com\/product\/yoast-seo-premium-wordpress\/ -->\n<title>Buy Original Ukraine passport<\/title>\n<meta name=\"description\" content=\"Buy Ukraine Passport Online Buy Ukraine Passport online to Work and live free. We are known for selling both real Ukraine Passports and fake ones. As for\" \/>\n<meta name=\"robots\" content=\"index, follow, max-snippet:-1, max-image-preview:large, max-video-preview:-1\" \/>\n<link rel=\"canonical\" href=\"https:\/\/permessodiguida.com\/fr\/prodotto\/buy-original-ukraine-passport\/\" \/>\n<meta property=\"og:locale\" content=\"fr_FR\" \/>\n<meta property=\"og:type\" content=\"article\" \/>\n<meta property=\"og:title\" content=\"Buy Original Ukraine passport\" \/>\n<meta property=\"og:description\" content=\"Buy Ukraine Passport Online Buy Ukraine Passport online to Work and live free. We are known for selling both real Ukraine Passports and fake ones. As for\" \/>\n<meta property=\"og:url\" content=\"https:\/\/permessodiguida.com\/fr\/prodotto\/buy-original-ukraine-passport\/\" \/>\n<meta property=\"og:site_name\" content=\"Original Documents Provider\" \/>\n<meta property=\"article:modified_time\" content=\"2026-02-18T08:53:18+00:00\" \/>\n<meta property=\"og:image\" content=\"https:\/\/permessodiguida.com\/wp-content\/uploads\/2025\/03\/image_2025-03-20_110011101.png\" \/>\n\t<meta property=\"og:image:width\" content=\"1000\" \/>\n\t<meta property=\"og:image:height\" content=\"620\" \/>\n\t<meta property=\"og:image:type\" content=\"image\/png\" \/>\n<meta name=\"twitter:card\" content=\"summary_large_image\" \/>\n<meta name=\"twitter:label1\" content=\"Dur\u00e9e de lecture estim\u00e9e\" \/>\n\t<meta name=\"twitter:data1\" content=\"2 minutes\" \/>\n<script type=\"application\/ld+json\" class=\"yoast-schema-graph\">{\"@context\":\"https:\/\/schema.org\",\"@graph\":[{\"@type\":\"WebPage\",\"@id\":\"https:\/\/permessodiguida.com\/product\/buy-original-ukraine-passport\/\",\"url\":\"https:\/\/permessodiguida.com\/product\/buy-original-ukraine-passport\/\",\"name\":\"Buy Original Ukraine passport\",\"isPartOf\":{\"@id\":\"https:\/\/permessodiguida.com\/#website\"},\"primaryImageOfPage\":{\"@id\":\"https:\/\/permessodiguida.com\/product\/buy-original-ukraine-passport\/#primaryimage\"},\"image\":{\"@id\":\"https:\/\/permessodiguida.com\/product\/buy-original-ukraine-passport\/#primaryimage\"},\"thumbnailUrl\":\"https:\/\/permessodiguida.com\/wp-content\/uploads\/2025\/03\/image_2025-03-20_110011101.png\",\"datePublished\":\"2025-03-20T10:08:43+00:00\",\"dateModified\":\"2026-02-18T08:53:18+00:00\",\"description\":\"Buy Ukraine Passport Online Buy Ukraine Passport online to Work and live free. We are known for selling both real Ukraine Passports and fake ones. As for\",\"breadcrumb\":{\"@id\":\"https:\/\/permessodiguida.com\/product\/buy-original-ukraine-passport\/#breadcrumb\"},\"inLanguage\":\"fr-FR\",\"potentialAction\":[{\"@type\":\"ReadAction\",\"target\":[\"https:\/\/permessodiguida.com\/product\/buy-original-ukraine-passport\/\"]}]},{\"@type\":\"ImageObject\",\"inLanguage\":\"fr-FR\",\"@id\":\"https:\/\/permessodiguida.com\/product\/buy-original-ukraine-passport\/#primaryimage\",\"url\":\"https:\/\/permessodiguida.com\/wp-content\/uploads\/2025\/03\/image_2025-03-20_110011101.png\",\"contentUrl\":\"https:\/\/permessodiguida.com\/wp-content\/uploads\/2025\/03\/image_2025-03-20_110011101.png\",\"width\":1000,\"height\":620,\"caption\":\"passport\"},{\"@type\":\"BreadcrumbList\",\"@id\":\"https:\/\/permessodiguida.com\/product\/buy-original-ukraine-passport\/#breadcrumb\",\"itemListElement\":[{\"@type\":\"ListItem\",\"position\":1,\"name\":\"Home\",\"item\":\"https:\/\/permessodiguida.com\/\"},{\"@type\":\"ListItem\",\"position\":2,\"name\":\"All Services\",\"item\":\"https:\/\/permessodiguida.com\/shop\/\"},{\"@type\":\"ListItem\",\"position\":3,\"name\":\"Buy Original Ukraine passport\"}]},{\"@type\":\"WebSite\",\"@id\":\"https:\/\/permessodiguida.com\/#website\",\"url\":\"https:\/\/permessodiguida.com\/\",\"name\":\"Permessodiguida\",\"description\":\"Get Original Driving License And Passport\",\"publisher\":{\"@id\":\"https:\/\/permessodiguida.com\/#organization\"},\"alternateName\":\"Original Documents Provider\",\"potentialAction\":[{\"@type\":\"SearchAction\",\"target\":{\"@type\":\"EntryPoint\",\"urlTemplate\":\"https:\/\/permessodiguida.com\/?s={search_term_string}\"},\"query-input\":{\"@type\":\"PropertyValueSpecification\",\"valueRequired\":true,\"valueName\":\"search_term_string\"}}],\"inLanguage\":\"fr-FR\"},{\"@type\":\"Organization\",\"@id\":\"https:\/\/permessodiguida.com\/#organization\",\"name\":\"Permesso Di Guida\",\"alternateName\":\"Original Driving License And Passport\",\"url\":\"https:\/\/permessodiguida.com\/\",\"logo\":{\"@type\":\"ImageObject\",\"inLanguage\":\"fr-FR\",\"@id\":\"https:\/\/permessodiguida.com\/#\/schema\/logo\/image\/\",\"url\":\"https:\/\/permessodiguida.com\/wp-content\/uploads\/2024\/08\/image_2024-08-09_144906822.png\",\"contentUrl\":\"https:\/\/permessodiguida.com\/wp-content\/uploads\/2024\/08\/image_2024-08-09_144906822.png\",\"width\":687,\"height\":549,\"caption\":\"Permesso Di Guida\"},\"image\":{\"@id\":\"https:\/\/permessodiguida.com\/#\/schema\/logo\/image\/\"}}]}<\/script>\n<!-- \/ Yoast SEO Premium plugin. -->","yoast_head_json":{"title":"Acheter un passeport ukrainien original","description":"Achetez un passeport ukrainien en ligne pour travailler et vivre librement. Nous sommes connus pour vendre \u00e0 la fois de vrais et de faux passeports ukrainiens.","robots":{"index":"index","follow":"follow","max-snippet":"max-snippet:-1","max-image-preview":"max-image-preview:large","max-video-preview":"max-video-preview:-1"},"canonical":"https:\/\/permessodiguida.com\/fr\/prodotto\/buy-original-ukraine-passport\/","og_locale":"fr_FR","og_type":"article","og_title":"Buy Original Ukraine passport","og_description":"Buy Ukraine Passport Online Buy Ukraine Passport online to Work and live free. We are known for selling both real Ukraine Passports and fake ones. As for","og_url":"https:\/\/permessodiguida.com\/fr\/prodotto\/buy-original-ukraine-passport\/","og_site_name":"Original Documents Provider","article_modified_time":"2026-02-18T08:53:18+00:00","og_image":[{"width":1000,"height":620,"url":"https:\/\/permessodiguida.com\/wp-content\/uploads\/2025\/03\/image_2025-03-20_110011101.png","type":"image\/png"}],"twitter_card":"summary_large_image","twitter_misc":{"Dur\u00e9e de lecture estim\u00e9e":"2 minutes"},"schema":{"@context":"https:\/\/schema.org","@graph":[{"@type":"WebPage","@id":"https:\/\/permessodiguida.com\/product\/buy-original-ukraine-passport\/","url":"https:\/\/permessodiguida.com\/product\/buy-original-ukraine-passport\/","name":"Acheter un passeport ukrainien original","isPartOf":{"@id":"https:\/\/permessodiguida.com\/#website"},"primaryImageOfPage":{"@id":"https:\/\/permessodiguida.com\/product\/buy-original-ukraine-passport\/#primaryimage"},"image":{"@id":"https:\/\/permessodiguida.com\/product\/buy-original-ukraine-passport\/#primaryimage"},"thumbnailUrl":"https:\/\/permessodiguida.com\/wp-content\/uploads\/2025\/03\/image_2025-03-20_110011101.png","datePublished":"2025-03-20T10:08:43+00:00","dateModified":"2026-02-18T08:53:18+00:00","description":"Achetez un passeport ukrainien en ligne pour travailler et vivre librement. Nous sommes connus pour vendre \u00e0 la fois de vrais et de faux passeports ukrainiens.","breadcrumb":{"@id":"https:\/\/permessodiguida.com\/product\/buy-original-ukraine-passport\/#breadcrumb"},"inLanguage":"fr-FR","potentialAction":[{"@type":"ReadAction","target":["https:\/\/permessodiguida.com\/product\/buy-original-ukraine-passport\/"]}]},{"@type":"ImageObject","inLanguage":"fr-FR","@id":"https:\/\/permessodiguida.com\/product\/buy-original-ukraine-passport\/#primaryimage","url":"https:\/\/permessodiguida.com\/wp-content\/uploads\/2025\/03\/image_2025-03-20_110011101.png","contentUrl":"https:\/\/permessodiguida.com\/wp-content\/uploads\/2025\/03\/image_2025-03-20_110011101.png","width":1000,"height":620,"caption":"passport"},{"@type":"BreadcrumbList","@id":"https:\/\/permessodiguida.com\/product\/buy-original-ukraine-passport\/#breadcrumb","itemListElement":[{"@type":"ListItem","position":1,"name":"Home","item":"https:\/\/permessodiguida.com\/"},{"@type":"ListItem","position":2,"name":"All Services","item":"https:\/\/permessodiguida.com\/shop\/"},{"@type":"ListItem","position":3,"name":"Buy Original Ukraine passport"}]},{"@type":"WebSite","@id":"https:\/\/permessodiguida.com\/#website","url":"https:\/\/permessodiguida.com\/","name":"Permessodiguida","description":"Obtenir l'original du permis de conduire et du passeport","publisher":{"@id":"https:\/\/permessodiguida.com\/#organization"},"alternateName":"Original Documents Provider","potentialAction":[{"@type":"SearchAction","target":{"@type":"EntryPoint","urlTemplate":"https:\/\/permessodiguida.com\/?s={search_term_string}"},"query-input":{"@type":"PropertyValueSpecification","valueRequired":true,"valueName":"search_term_string"}}],"inLanguage":"fr-FR"},{"@type":"Organization","@id":"https:\/\/permessodiguida.com\/#organization","name":"Permis de conduire","alternateName":"Original Driving License And Passport","url":"https:\/\/permessodiguida.com\/","logo":{"@type":"ImageObject","inLanguage":"fr-FR","@id":"https:\/\/permessodiguida.com\/#\/schema\/logo\/image\/","url":"https:\/\/permessodiguida.com\/wp-content\/uploads\/2024\/08\/image_2024-08-09_144906822.png","contentUrl":"https:\/\/permessodiguida.com\/wp-content\/uploads\/2024\/08\/image_2024-08-09_144906822.png","width":687,"height":549,"caption":"Permesso Di Guida"},"image":{"@id":"https:\/\/permessodiguida.com\/#\/schema\/logo\/image\/"}}]}},"_links":{"self":[{"href":"https:\/\/permessodiguida.com\/fr\/wp-json\/wp\/v2\/product\/2256","targetHints":{"allow":["GET"]}}],"collection":[{"href":"https:\/\/permessodiguida.com\/fr\/wp-json\/wp\/v2\/product"}],"about":[{"href":"https:\/\/permessodiguida.com\/fr\/wp-json\/wp\/v2\/types\/product"}],"replies":[{"embeddable":true,"href":"https:\/\/permessodiguida.com\/fr\/wp-json\/wp\/v2\/comments?post=2256"}],"wp:featuredmedia":[{"embeddable":true,"href":"https:\/\/permessodiguida.com\/fr\/wp-json\/wp\/v2\/media\/2257"}],"wp:attachment":[{"href":"https:\/\/permessodiguida.com\/fr\/wp-json\/wp\/v2\/media?parent=2256"}],"wp:term":[{"taxonomy":"product_brand","embeddable":true,"href":"https:\/\/permessodiguida.com\/fr\/wp-json\/wp\/v2\/product_brand?post=2256"},{"taxonomy":"product_cat","embeddable":true,"href":"https:\/\/permessodiguida.com\/fr\/wp-json\/wp\/v2\/product_cat?post=2256"},{"taxonomy":"product_tag","embeddable":true,"href":"https:\/\/permessodiguida.com\/fr\/wp-json\/wp\/v2\/product_tag?post=2256"}],"curies":[{"name":"wp","href":"https:\/\/api.w.org\/{rel}","templated":true}]}}