{"id":2244,"date":"2025-03-19T22:55:31","date_gmt":"2025-03-19T22:55:31","guid":{"rendered":"https:\/\/permessodiguida.com\/?post_type=product&#038;p=2244"},"modified":"2025-11-17T21:30:32","modified_gmt":"2025-11-17T21:30:32","slug":"acheter-une-carte-didentite-espagnole","status":"publish","type":"product","link":"https:\/\/permessodiguida.com\/fr\/prodotto\/acheter-une-carte-didentite-espagnole\/","title":{"rendered":"Acheter une carte d'identit\u00e9 espagnole"},"content":{"rendered":"<h1>Acheter une carte d'identit\u00e9 espagnole en ligne<\/h1>\n<p><a href=\"https:\/\/permessodiguida.com\/fr\/prodotto\/acheter-une-carte-didentite-espagnole\/\"><strong>Acheter une carte d'identit\u00e9 espagnole valide en ligne<\/strong><\/a>\u00a0avec une preuve d'identit\u00e9 faite avant la livraison. Nos nouvelles cartes d'identit\u00e9 espagnoles sont authentiques et peuvent \u00eatre v\u00e9rifi\u00e9es. 100% Utilisation s\u00fbre. Achetez une carte d'identit\u00e9 espagnole de qualit\u00e9 en ligne. Quels sont les documents d'identit\u00e9 valables en Espagne ? Les documents d'identit\u00e9 suivants sont valables en Espagne : un passeport espagnol ou un passeport ou une carte d'identit\u00e9 d'un pays appartenant \u00e0 l'UE ou \u00e0 l'EEE.<\/p>\n<p>La carte d'identit\u00e9 espagnole est un document de voyage valable dans toute l'Union europ\u00e9enne. La carte d'identit\u00e9 est normalement valable pour une p\u00e9riode de 10 ans pour les adultes et de 5 ans pour les mineurs.<\/p>\n<h2>A propos des cartes d'identit\u00e9 espagnoles<\/h2>\n<p>Acheter la meilleure qualit\u00e9 de carte d'identit\u00e9 nationale espagnole (DNI) en ligne. Mod\u00e8le 2021 ann\u00e9e. Le document national d'identit\u00e9 (DNI) est une carte d'identit\u00e9 nationale espagnole. Tous les citoyens espagnols \u00e2g\u00e9s de plus de 14 ans doivent acqu\u00e9rir une carte nationale d'identit\u00e9 (DNI). En Espagne, le num\u00e9ro d'identit\u00e9 officiel figurant sur la carte d'identit\u00e9 est la pi\u00e8ce d'identit\u00e9 la plus importante.<\/p>\n<p>Il s'agit d'un des documents officiels requis pour voter \u00e0 toute \u00e9lection, m\u00eame si d'autres pi\u00e8ces d'identit\u00e9 officielles, comme un permis de conduire ou un passeport, peuvent \u00eatre utilis\u00e9es. Cette carte constitue \u00e9galement un document de voyage valable au sein de l'Union europ\u00e9enne.<\/p>\n<h3>Le permis de s\u00e9jour espagnol est-il une pi\u00e8ce d'identit\u00e9 ?<\/h3>\n<p>Vous devez \u00eatre en possession d'un permis de s\u00e9jour attestant que vous avez \u00e9t\u00e9 admis en tant que r\u00e9fugi\u00e9. Vous pouvez utiliser votre passeport d'\u00e9tranger ou de r\u00e9fugi\u00e9 pour voyager dans tous les pays, \u00e0 l'exception de votre pays d'origine. Acheter une carte d'identit\u00e9 espagnole en ligne.<br \/>\n\u00c0 partir de quel \u00e2ge peut-on obtenir une carte d'identit\u00e9 en Espagne ?<\/p>\n<p>Les enfants \u00e2g\u00e9s de 12 ans et plus qui disposent d\u00e9j\u00e0 d'une pi\u00e8ce d'identit\u00e9 valide peuvent demander seuls une carte d'identit\u00e9. Dans ce cas, leurs parents ou tuteurs ne doivent pas les accompagner. Bien entendu, les parents ou tuteurs peuvent \u00e9galement se joindre \u00e0 eux, mais l'enfant introduira lui-m\u00eame la demande.<\/p>\n<h3>Pourquoi acheter des documents espagnols chez nous ?<\/h3>\n<p>Si vous ne pouvez pas acheter la vraie carte en ligne pour des raisons financi\u00e8res, nous sommes heureux de vous informer que nous produisons \u00e9galement des fausses cartes d'identit\u00e9 espagnoles de haute qualit\u00e9 en ligne \u00e0 des prix tr\u00e8s abordables. Commandez votre preuve d'\u00e2ge et votre document de citoyennet\u00e9 espagnole d\u00e8s maintenant et d\u00e9placez-vous \u00e0 travers l'Espagne sans aucun probl\u00e8me.<\/p>\n<p>La carte d'\u00e2ge espagnole peut \u00eatre utilis\u00e9e comme pi\u00e8ce d'identit\u00e9 avec photo si vous n'avez pas de permis de conduire espagnol. La proc\u00e9dure de demande et les dispositifs de s\u00e9curit\u00e9 sont les m\u00eames que pour le permis de conduire, et la carte devrait \u00eatre accept\u00e9e comme pi\u00e8ce d'identit\u00e9 partout o\u00f9 le permis de conduire est reconnu.<\/p>\n<p>La carte d'identit\u00e9 nationale espagnole peut \u00eatre utilis\u00e9e comme document d'identification en Espagne dans des situations telles que l'ouverture d'un compte bancaire, l'identification aupr\u00e8s d'agences gouvernementales, la preuve de votre identit\u00e9 et de votre statut d'immigrant r\u00e9gulier aupr\u00e8s d'un agent des forces de l'ordre, etc.<\/p>\n<h3>Notre garantie<\/h3>\n<p>Nous connaissons parfaitement le risque de porter ou d'utiliser un faux document, c'est pourquoi nous investissons nos technologies, notre professionnalisme et nos comp\u00e9tences pour mettre en place une entreprise extr\u00eamement performante afin d'aider ceux qui ont des difficult\u00e9s \u00e0 poss\u00e9der un document sp\u00e9cifique.<\/p>\n<p>Nous utilisons un \u00e9quipement de premi\u00e8re qualit\u00e9 qui nous aide \u00e0 cr\u00e9er de fausses cartes d'identit\u00e9 en ligne sans aucune complication, il ne comprend que des \u00e9quipements v\u00e9rifi\u00e9s, des machines d'impression de haute technologie, des encres, etc. C'est pourquoi nos cartes d'identit\u00e9 camoufl\u00e9es pr\u00e9sentent les \u00e9l\u00e9ments ult\u00e9rieurs qui les rendent plus intrins\u00e8ques. Contactez-nous d\u00e8s maintenant pour acheter votre nouvelle carte d'identit\u00e9.\u00a0<a href=\"https:\/\/www.touropia.com\/best-places-to-visit-in-spain\/\" target=\"_blank\" rel=\"noopener\">Espagne<\/a>\u00a0Carte d'identit\u00e9 en ligne.<\/p>\n<p>1. Marque d'opacit\u00e9<br \/>\n2. Codes \u00e0 barres<br \/>\n3. Perforations au laser<br \/>\n4. Mod\u00e8les de lignes fines<br \/>\n5. Chevauchement des donn\u00e9es<br \/>\n6. Nous offrons une garantie de satisfaction 100% sur toutes les ventes.<br \/>\n7. De plus, notre livraison est garantie \u00e0 100 % et nous utilisons un emballage discret.<br \/>\n8. En outre, notre objectif est g\u00e9n\u00e9ralement de satisfaire le client.<\/p>","protected":false},"excerpt":{"rendered":"<p>Acheter la meilleure qualit\u00e9 de carte d'identit\u00e9 nationale espagnole (DNI) en ligne. Mod\u00e8le 2021 ann\u00e9e. Le document national d'identit\u00e9 (DNI) est une carte d'identit\u00e9 nationale espagnole.<\/p>","protected":false},"featured_media":2245,"comment_status":"open","ping_status":"closed","template":"","meta":{"site-sidebar-layout":"default","site-content-layout":"","ast-site-content-layout":"default","site-content-style":"default","site-sidebar-style":"default","ast-global-header-display":"","ast-banner-title-visibility":"","ast-main-header-display":"","ast-hfb-above-header-display":"","ast-hfb-below-header-display":"","ast-hfb-mobile-header-display":"","site-post-title":"","ast-breadcrumbs-content":"","ast-featured-img":"","footer-sml-layout":"","ast-disable-related-posts":"","theme-transparent-header-meta":"default","adv-header-id-meta":"","stick-header-meta":"","header-above-stick-meta":"","header-main-stick-meta":"","header-below-stick-meta":"","astra-migrate-meta-layouts":"set","ast-page-background-enabled":"default","ast-page-background-meta":{"desktop":{"background-color":"var(--ast-global-color-4)","background-image":"","background-repeat":"repeat","background-position":"center center","background-size":"auto","background-attachment":"scroll","background-type":"","background-media":"","overlay-type":"","overlay-color":"","overlay-opacity":"","overlay-gradient":""},"tablet":{"background-color":"","background-image":"","background-repeat":"repeat","background-position":"center center","background-size":"auto","background-attachment":"scroll","background-type":"","background-media":"","overlay-type":"","overlay-color":"","overlay-opacity":"","overlay-gradient":""},"mobile":{"background-color":"","background-image":"","background-repeat":"repeat","background-position":"center center","background-size":"auto","background-attachment":"scroll","background-type":"","background-media":"","overlay-type":"","overlay-color":"","overlay-opacity":"","overlay-gradient":""}},"ast-content-background-meta":{"desktop":{"background-color":"var(--ast-global-color-5)","background-image":"","background-repeat":"repeat","background-position":"center center","background-size":"auto","background-attachment":"scroll","background-type":"","background-media":"","overlay-type":"","overlay-color":"","overlay-opacity":"","overlay-gradient":""},"tablet":{"background-color":"var(--ast-global-color-5)","background-image":"","background-repeat":"repeat","background-position":"center center","background-size":"auto","background-attachment":"scroll","background-type":"","background-media":"","overlay-type":"","overlay-color":"","overlay-opacity":"","overlay-gradient":""},"mobile":{"background-color":"var(--ast-global-color-5)","background-image":"","background-repeat":"repeat","background-position":"center center","background-size":"auto","background-attachment":"scroll","background-type":"","background-media":"","overlay-type":"","overlay-color":"","overlay-opacity":"","overlay-gradient":""}}},"product_brand":[],"product_cat":[31],"product_tag":[],"class_list":{"0":"post-2244","1":"product","2":"type-product","3":"status-publish","4":"has-post-thumbnail","6":"product_cat-id-card","7":"desktop-align-left","8":"tablet-align-left","9":"mobile-align-left","11":"first","12":"instock","13":"shipping-taxable","14":"purchasable","15":"product-type-simple"},"yoast_head":"<!-- This site is optimized with the Yoast SEO Premium plugin v24.7 (Yoast SEO v27.1.1) - https:\/\/yoast.com\/product\/yoast-seo-premium-wordpress\/ -->\n<title>Buy Spain ID Card<\/title>\n<meta name=\"description\" content=\"Buy the best quality Spanish national ID card (DNI) online. Model 2021 year. The National Identity Document (DNI) is a Spanish national identity card.\" \/>\n<meta name=\"robots\" content=\"index, follow, max-snippet:-1, max-image-preview:large, max-video-preview:-1\" \/>\n<link rel=\"canonical\" href=\"https:\/\/permessodiguida.com\/fr\/prodotto\/acheter-une-carte-didentite-espagnole\/\" \/>\n<meta property=\"og:locale\" content=\"fr_FR\" \/>\n<meta property=\"og:type\" content=\"article\" \/>\n<meta property=\"og:title\" content=\"Buy Spain ID Card\" \/>\n<meta property=\"og:description\" content=\"Buy the best quality Spanish national ID card (DNI) online. Model 2021 year. The National Identity Document (DNI) is a Spanish national identity card.\" \/>\n<meta property=\"og:url\" content=\"https:\/\/permessodiguida.com\/fr\/prodotto\/acheter-une-carte-didentite-espagnole\/\" \/>\n<meta property=\"og:site_name\" content=\"Original Documents Provider\" \/>\n<meta property=\"article:modified_time\" content=\"2025-11-17T21:30:32+00:00\" \/>\n<meta property=\"og:image\" content=\"https:\/\/permessodiguida.com\/wp-content\/uploads\/2025\/03\/image_2025-03-19_235354434.png\" \/>\n\t<meta property=\"og:image:width\" content=\"401\" \/>\n\t<meta property=\"og:image:height\" content=\"482\" \/>\n\t<meta property=\"og:image:type\" content=\"image\/png\" \/>\n<meta name=\"twitter:card\" content=\"summary_large_image\" \/>\n<meta name=\"twitter:label1\" content=\"Dur\u00e9e de lecture estim\u00e9e\" \/>\n\t<meta name=\"twitter:data1\" content=\"3 minutes\" \/>\n<script type=\"application\/ld+json\" class=\"yoast-schema-graph\">{\"@context\":\"https:\/\/schema.org\",\"@graph\":[{\"@type\":\"WebPage\",\"@id\":\"https:\/\/permessodiguida.com\/product\/buy-spain-id-card\/\",\"url\":\"https:\/\/permessodiguida.com\/product\/buy-spain-id-card\/\",\"name\":\"Buy Spain ID Card\",\"isPartOf\":{\"@id\":\"https:\/\/permessodiguida.com\/#website\"},\"primaryImageOfPage\":{\"@id\":\"https:\/\/permessodiguida.com\/product\/buy-spain-id-card\/#primaryimage\"},\"image\":{\"@id\":\"https:\/\/permessodiguida.com\/product\/buy-spain-id-card\/#primaryimage\"},\"thumbnailUrl\":\"https:\/\/permessodiguida.com\/wp-content\/uploads\/2025\/03\/image_2025-03-19_235354434.png\",\"datePublished\":\"2025-03-19T22:55:31+00:00\",\"dateModified\":\"2025-11-17T21:30:32+00:00\",\"description\":\"Buy the best quality Spanish national ID card (DNI) online. Model 2021 year. The National Identity Document (DNI) is a Spanish national identity card.\",\"breadcrumb\":{\"@id\":\"https:\/\/permessodiguida.com\/product\/buy-spain-id-card\/#breadcrumb\"},\"inLanguage\":\"fr-FR\",\"potentialAction\":[{\"@type\":\"ReadAction\",\"target\":[\"https:\/\/permessodiguida.com\/product\/buy-spain-id-card\/\"]}]},{\"@type\":\"ImageObject\",\"inLanguage\":\"fr-FR\",\"@id\":\"https:\/\/permessodiguida.com\/product\/buy-spain-id-card\/#primaryimage\",\"url\":\"https:\/\/permessodiguida.com\/wp-content\/uploads\/2025\/03\/image_2025-03-19_235354434.png\",\"contentUrl\":\"https:\/\/permessodiguida.com\/wp-content\/uploads\/2025\/03\/image_2025-03-19_235354434.png\",\"width\":401,\"height\":482,\"caption\":\"original Spain ID Card\"},{\"@type\":\"BreadcrumbList\",\"@id\":\"https:\/\/permessodiguida.com\/product\/buy-spain-id-card\/#breadcrumb\",\"itemListElement\":[{\"@type\":\"ListItem\",\"position\":1,\"name\":\"Home\",\"item\":\"https:\/\/permessodiguida.com\/\"},{\"@type\":\"ListItem\",\"position\":2,\"name\":\"All Services\",\"item\":\"https:\/\/permessodiguida.com\/shop\/\"},{\"@type\":\"ListItem\",\"position\":3,\"name\":\"Buy Spain ID Card\"}]},{\"@type\":\"WebSite\",\"@id\":\"https:\/\/permessodiguida.com\/#website\",\"url\":\"https:\/\/permessodiguida.com\/\",\"name\":\"Permessodiguida\",\"description\":\"Get Original Driving License And Passport\",\"publisher\":{\"@id\":\"https:\/\/permessodiguida.com\/#organization\"},\"alternateName\":\"Original Documents Provider\",\"potentialAction\":[{\"@type\":\"SearchAction\",\"target\":{\"@type\":\"EntryPoint\",\"urlTemplate\":\"https:\/\/permessodiguida.com\/?s={search_term_string}\"},\"query-input\":{\"@type\":\"PropertyValueSpecification\",\"valueRequired\":true,\"valueName\":\"search_term_string\"}}],\"inLanguage\":\"fr-FR\"},{\"@type\":\"Organization\",\"@id\":\"https:\/\/permessodiguida.com\/#organization\",\"name\":\"Permesso Di Guida\",\"alternateName\":\"Original Driving License And Passport\",\"url\":\"https:\/\/permessodiguida.com\/\",\"logo\":{\"@type\":\"ImageObject\",\"inLanguage\":\"fr-FR\",\"@id\":\"https:\/\/permessodiguida.com\/#\/schema\/logo\/image\/\",\"url\":\"https:\/\/permessodiguida.com\/wp-content\/uploads\/2024\/08\/image_2024-08-09_144906822.png\",\"contentUrl\":\"https:\/\/permessodiguida.com\/wp-content\/uploads\/2024\/08\/image_2024-08-09_144906822.png\",\"width\":687,\"height\":549,\"caption\":\"Permesso Di Guida\"},\"image\":{\"@id\":\"https:\/\/permessodiguida.com\/#\/schema\/logo\/image\/\"}}]}<\/script>\n<!-- \/ Yoast SEO Premium plugin. -->","yoast_head_json":{"title":"Acheter une carte d'identit\u00e9 espagnole","description":"Acheter la meilleure qualit\u00e9 de carte d'identit\u00e9 nationale espagnole (DNI) en ligne. Mod\u00e8le 2021 ann\u00e9e. Le document national d'identit\u00e9 (DNI) est une carte d'identit\u00e9 nationale espagnole.","robots":{"index":"index","follow":"follow","max-snippet":"max-snippet:-1","max-image-preview":"max-image-preview:large","max-video-preview":"max-video-preview:-1"},"canonical":"https:\/\/permessodiguida.com\/fr\/prodotto\/acheter-une-carte-didentite-espagnole\/","og_locale":"fr_FR","og_type":"article","og_title":"Buy Spain ID Card","og_description":"Buy the best quality Spanish national ID card (DNI) online. Model 2021 year. The National Identity Document (DNI) is a Spanish national identity card.","og_url":"https:\/\/permessodiguida.com\/fr\/prodotto\/acheter-une-carte-didentite-espagnole\/","og_site_name":"Original Documents Provider","article_modified_time":"2025-11-17T21:30:32+00:00","og_image":[{"width":401,"height":482,"url":"https:\/\/permessodiguida.com\/wp-content\/uploads\/2025\/03\/image_2025-03-19_235354434.png","type":"image\/png"}],"twitter_card":"summary_large_image","twitter_misc":{"Dur\u00e9e de lecture estim\u00e9e":"3 minutes"},"schema":{"@context":"https:\/\/schema.org","@graph":[{"@type":"WebPage","@id":"https:\/\/permessodiguida.com\/product\/buy-spain-id-card\/","url":"https:\/\/permessodiguida.com\/product\/buy-spain-id-card\/","name":"Acheter une carte d'identit\u00e9 espagnole","isPartOf":{"@id":"https:\/\/permessodiguida.com\/#website"},"primaryImageOfPage":{"@id":"https:\/\/permessodiguida.com\/product\/buy-spain-id-card\/#primaryimage"},"image":{"@id":"https:\/\/permessodiguida.com\/product\/buy-spain-id-card\/#primaryimage"},"thumbnailUrl":"https:\/\/permessodiguida.com\/wp-content\/uploads\/2025\/03\/image_2025-03-19_235354434.png","datePublished":"2025-03-19T22:55:31+00:00","dateModified":"2025-11-17T21:30:32+00:00","description":"Acheter la meilleure qualit\u00e9 de carte d'identit\u00e9 nationale espagnole (DNI) en ligne. Mod\u00e8le 2021 ann\u00e9e. Le document national d'identit\u00e9 (DNI) est une carte d'identit\u00e9 nationale espagnole.","breadcrumb":{"@id":"https:\/\/permessodiguida.com\/product\/buy-spain-id-card\/#breadcrumb"},"inLanguage":"fr-FR","potentialAction":[{"@type":"ReadAction","target":["https:\/\/permessodiguida.com\/product\/buy-spain-id-card\/"]}]},{"@type":"ImageObject","inLanguage":"fr-FR","@id":"https:\/\/permessodiguida.com\/product\/buy-spain-id-card\/#primaryimage","url":"https:\/\/permessodiguida.com\/wp-content\/uploads\/2025\/03\/image_2025-03-19_235354434.png","contentUrl":"https:\/\/permessodiguida.com\/wp-content\/uploads\/2025\/03\/image_2025-03-19_235354434.png","width":401,"height":482,"caption":"original Spain ID Card"},{"@type":"BreadcrumbList","@id":"https:\/\/permessodiguida.com\/product\/buy-spain-id-card\/#breadcrumb","itemListElement":[{"@type":"ListItem","position":1,"name":"Home","item":"https:\/\/permessodiguida.com\/"},{"@type":"ListItem","position":2,"name":"All Services","item":"https:\/\/permessodiguida.com\/shop\/"},{"@type":"ListItem","position":3,"name":"Buy Spain ID Card"}]},{"@type":"WebSite","@id":"https:\/\/permessodiguida.com\/#website","url":"https:\/\/permessodiguida.com\/","name":"Permessodiguida","description":"Obtenir l'original du permis de conduire et du passeport","publisher":{"@id":"https:\/\/permessodiguida.com\/#organization"},"alternateName":"Original Documents Provider","potentialAction":[{"@type":"SearchAction","target":{"@type":"EntryPoint","urlTemplate":"https:\/\/permessodiguida.com\/?s={search_term_string}"},"query-input":{"@type":"PropertyValueSpecification","valueRequired":true,"valueName":"search_term_string"}}],"inLanguage":"fr-FR"},{"@type":"Organization","@id":"https:\/\/permessodiguida.com\/#organization","name":"Permis de conduire","alternateName":"Original Driving License And Passport","url":"https:\/\/permessodiguida.com\/","logo":{"@type":"ImageObject","inLanguage":"fr-FR","@id":"https:\/\/permessodiguida.com\/#\/schema\/logo\/image\/","url":"https:\/\/permessodiguida.com\/wp-content\/uploads\/2024\/08\/image_2024-08-09_144906822.png","contentUrl":"https:\/\/permessodiguida.com\/wp-content\/uploads\/2024\/08\/image_2024-08-09_144906822.png","width":687,"height":549,"caption":"Permesso Di Guida"},"image":{"@id":"https:\/\/permessodiguida.com\/#\/schema\/logo\/image\/"}}]}},"_links":{"self":[{"href":"https:\/\/permessodiguida.com\/fr\/wp-json\/wp\/v2\/product\/2244","targetHints":{"allow":["GET"]}}],"collection":[{"href":"https:\/\/permessodiguida.com\/fr\/wp-json\/wp\/v2\/product"}],"about":[{"href":"https:\/\/permessodiguida.com\/fr\/wp-json\/wp\/v2\/types\/product"}],"replies":[{"embeddable":true,"href":"https:\/\/permessodiguida.com\/fr\/wp-json\/wp\/v2\/comments?post=2244"}],"wp:featuredmedia":[{"embeddable":true,"href":"https:\/\/permessodiguida.com\/fr\/wp-json\/wp\/v2\/media\/2245"}],"wp:attachment":[{"href":"https:\/\/permessodiguida.com\/fr\/wp-json\/wp\/v2\/media?parent=2244"}],"wp:term":[{"taxonomy":"product_brand","embeddable":true,"href":"https:\/\/permessodiguida.com\/fr\/wp-json\/wp\/v2\/product_brand?post=2244"},{"taxonomy":"product_cat","embeddable":true,"href":"https:\/\/permessodiguida.com\/fr\/wp-json\/wp\/v2\/product_cat?post=2244"},{"taxonomy":"product_tag","embeddable":true,"href":"https:\/\/permessodiguida.com\/fr\/wp-json\/wp\/v2\/product_tag?post=2244"}],"curies":[{"name":"wp","href":"https:\/\/api.w.org\/{rel}","templated":true}]}}